{"id":2528,"date":"2025-04-15T08:39:00","date_gmt":"2025-04-15T08:39:00","guid":{"rendered":"https:\/\/xenonkungen.com\/product\/lamphallare-vw-golf-6\/"},"modified":"2026-05-08T13:26:06","modified_gmt":"2026-05-08T12:26:06","slug":"portalamparas-vw-golf-6","status":"publish","type":"product","link":"https:\/\/xenonkungen.com\/es\/producto\/portalamparas-vw-golf-6\/","title":{"rendered":"Portal\u00e1mparas VW Golf 6"},"content":{"rendered":"<p>Sustituye al portal\u00e1mparas original en la conversi\u00f3n a luces de xen\u00f3n en VW <strong>Golf 6 luz de cruce<\/strong>.<\/p>\n<p>Nota. Los portal\u00e1mparas no son compatibles con las l\u00e1mparas de xen\u00f3n Focus Eye, ya que \u00e9stas son m\u00e1s anchas en la base.<\/p>\n<p>Entrega por par.<\/p>","protected":false},"excerpt":{"rendered":"<p>Reemplaza el portal\u00e1mparas original al cambiar a luces de xen\u00f3n en el VW Golf 6. \u00a1Atenci\u00f3n! Los portal\u00e1mparas no son compatibles con las luces de xen\u00f3n Focus Eye, ya que su base es m\u00e1s ancha. Se entrega por par.<\/p>","protected":false},"featured_media":2529,"comment_status":"closed","ping_status":"open","template":"","meta":{"_acf_changed":false,"_smort_price_nok":"101","_smort_price_dkk":"64","_smort_price_eur":"8.64","_smort_sale_price_nok":"","_smort_sale_price_dkk":"","_smort_sale_price_eur":"","smort_restorder":"","shipmondo_restorder":"","_kad_blocks_custom_css":"","_kad_blocks_head_custom_js":"","_kad_blocks_body_custom_js":"","_kad_blocks_footer_custom_js":"","smort_custom_pricelist_1":"60.8","smort_custom_pricelist_2":"53.2","smort_custom_pricelist_3":"50.54","smort_custom_pricelist_4":"76","smort_custom_pricelist_5":"53.2"},"anvandningsomrade":[],"bilmarken":[],"product_brand":[],"product_cat":[2494,2485],"product_tag":[],"class_list":{"0":"post-2528","1":"product","2":"type-product","3":"status-publish","4":"has-post-thumbnail","6":"product_cat-lamphallare-xenonkonventering","7":"product_cat-xenonkonventering","9":"first","10":"instock","11":"taxable","12":"shipping-taxable","13":"purchasable","14":"product-type-simple"},"bundled_by":[],"bundle_stock_status":"instock","bundle_stock_quantity":10,"bundle_virtual":false,"bundle_layout":"","bundle_add_to_cart_form_location":"","bundle_editable_in_cart":false,"bundle_sold_individually_context":"","bundle_item_grouping":"","bundle_min_size":"","bundle_max_size":"","bundle_price":[],"bundled_items":[],"bundle_sell_ids":[],"acf":[],"yoast_head":"<!-- This site is optimized with the Yoast SEO plugin v27.0 - https:\/\/yoast.com\/product\/yoast-seo-wordpress\/ -->\n<title>Lamph\u00e5llare VW Golf 6 - Xenonkungen<\/title>\n<meta name=\"robots\" content=\"index, follow, max-snippet:-1, max-image-preview:large, max-video-preview:-1\" \/>\n<link rel=\"canonical\" href=\"https:\/\/xenonkungen.com\/es\/producto\/portalamparas-vw-golf-6\/\" \/>\n<meta property=\"og:locale\" content=\"es_ES\" \/>\n<meta property=\"og:type\" content=\"article\" \/>\n<meta property=\"og:title\" content=\"Lamph\u00e5llare VW Golf 6 - Xenonkungen\" \/>\n<meta property=\"og:description\" content=\"Ers\u00e4tter original lamph\u00e5llare vid konvertering till xenonljus i VW Golf 6 halvljus. Obs! Lamph\u00e5llare \u00e4r ej kompatibla med Focus Eye xenonlampor d\u00e5 dessa \u00e4r bredare vid basen. Leverans per par.\" \/>\n<meta property=\"og:url\" content=\"https:\/\/xenonkungen.com\/es\/producto\/portalamparas-vw-golf-6\/\" \/>\n<meta property=\"og:site_name\" content=\"Xenonkungen\" \/>\n<meta property=\"article:modified_time\" content=\"2026-05-08T12:26:06+00:00\" \/>\n<meta property=\"og:image\" content=\"https:\/\/xenonkungen.com\/wp-content\/uploads\/2025\/04\/6173771-origpic-0cb99e.jpg\" \/>\n\t<meta property=\"og:image:width\" content=\"500\" \/>\n\t<meta property=\"og:image:height\" content=\"500\" \/>\n\t<meta property=\"og:image:type\" content=\"image\/jpeg\" \/>\n<meta name=\"twitter:card\" content=\"summary_large_image\" \/>\n<script type=\"application\/ld+json\" class=\"yoast-schema-graph\">{\"@context\":\"https:\/\/schema.org\",\"@graph\":[{\"@type\":\"WebPage\",\"@id\":\"https:\/\/xenonkungen.com\/es\/producto\/portalamparas-vw-golf-6\/\",\"url\":\"https:\/\/xenonkungen.com\/es\/producto\/portalamparas-vw-golf-6\/\",\"name\":\"Lamph\u00e5llare VW Golf 6 - Xenonkungen\",\"isPartOf\":{\"@id\":\"https:\/\/xenonkungen.com\/#website\"},\"primaryImageOfPage\":{\"@id\":\"https:\/\/xenonkungen.com\/es\/producto\/portalamparas-vw-golf-6\/#primaryimage\"},\"image\":{\"@id\":\"https:\/\/xenonkungen.com\/es\/producto\/portalamparas-vw-golf-6\/#primaryimage\"},\"thumbnailUrl\":\"https:\/\/xenonkungen.com\/wp-content\/uploads\/2025\/04\/6173771-origpic-0cb99e.jpg\",\"datePublished\":\"2025-04-15T08:39:00+00:00\",\"dateModified\":\"2026-05-08T12:26:06+00:00\",\"breadcrumb\":{\"@id\":\"https:\/\/xenonkungen.com\/es\/producto\/portalamparas-vw-golf-6\/#breadcrumb\"},\"inLanguage\":\"es\",\"potentialAction\":[{\"@type\":\"ReadAction\",\"target\":[\"https:\/\/xenonkungen.com\/es\/producto\/portalamparas-vw-golf-6\/\"]}]},{\"@type\":\"ImageObject\",\"inLanguage\":\"es\",\"@id\":\"https:\/\/xenonkungen.com\/es\/producto\/portalamparas-vw-golf-6\/#primaryimage\",\"url\":\"https:\/\/xenonkungen.com\/wp-content\/uploads\/2025\/04\/6173771-origpic-0cb99e.jpg\",\"contentUrl\":\"https:\/\/xenonkungen.com\/wp-content\/uploads\/2025\/04\/6173771-origpic-0cb99e.jpg\",\"width\":500,\"height\":500},{\"@type\":\"BreadcrumbList\",\"@id\":\"https:\/\/xenonkungen.com\/es\/producto\/portalamparas-vw-golf-6\/#breadcrumb\",\"itemListElement\":[{\"@type\":\"ListItem\",\"position\":1,\"name\":\"Hem\",\"item\":\"https:\/\/xenonkungen.com\/\"},{\"@type\":\"ListItem\",\"position\":2,\"name\":\"Shop\",\"item\":\"https:\/\/xenonkungen.com\/shop\/\"},{\"@type\":\"ListItem\",\"position\":3,\"name\":\"Lamph\u00e5llare VW Golf 6\"}]},{\"@type\":\"WebSite\",\"@id\":\"https:\/\/xenonkungen.com\/#website\",\"url\":\"https:\/\/xenonkungen.com\/\",\"name\":\"Xenonkungen\",\"description\":\"\",\"potentialAction\":[{\"@type\":\"SearchAction\",\"target\":{\"@type\":\"EntryPoint\",\"urlTemplate\":\"https:\/\/xenonkungen.com\/?s={search_term_string}\"},\"query-input\":{\"@type\":\"PropertyValueSpecification\",\"valueRequired\":true,\"valueName\":\"search_term_string\"}}],\"inLanguage\":\"es\"}]}<\/script>\n<!-- \/ Yoast SEO plugin. -->","yoast_head_json":{"title":"Portal\u00e1mparas VW Golf 6 - Xenonkungen","robots":{"index":"index","follow":"follow","max-snippet":"max-snippet:-1","max-image-preview":"max-image-preview:large","max-video-preview":"max-video-preview:-1"},"canonical":"https:\/\/xenonkungen.com\/es\/producto\/portalamparas-vw-golf-6\/","og_locale":"es_ES","og_type":"article","og_title":"Lamph\u00e5llare VW Golf 6 - Xenonkungen","og_description":"Ers\u00e4tter original lamph\u00e5llare vid konvertering till xenonljus i VW Golf 6 halvljus. Obs! Lamph\u00e5llare \u00e4r ej kompatibla med Focus Eye xenonlampor d\u00e5 dessa \u00e4r bredare vid basen. Leverans per par.","og_url":"https:\/\/xenonkungen.com\/es\/producto\/portalamparas-vw-golf-6\/","og_site_name":"Xenonkungen","article_modified_time":"2026-05-08T12:26:06+00:00","og_image":[{"width":500,"height":500,"url":"https:\/\/xenonkungen.com\/wp-content\/uploads\/2025\/04\/6173771-origpic-0cb99e.jpg","type":"image\/jpeg"}],"twitter_card":"summary_large_image","schema":{"@context":"https:\/\/schema.org","@graph":[{"@type":"WebPage","@id":"https:\/\/xenonkungen.com\/es\/producto\/portalamparas-vw-golf-6\/","url":"https:\/\/xenonkungen.com\/es\/producto\/portalamparas-vw-golf-6\/","name":"Portal\u00e1mparas VW Golf 6 - Xenonkungen","isPartOf":{"@id":"https:\/\/xenonkungen.com\/#website"},"primaryImageOfPage":{"@id":"https:\/\/xenonkungen.com\/es\/producto\/portalamparas-vw-golf-6\/#primaryimage"},"image":{"@id":"https:\/\/xenonkungen.com\/es\/producto\/portalamparas-vw-golf-6\/#primaryimage"},"thumbnailUrl":"https:\/\/xenonkungen.com\/wp-content\/uploads\/2025\/04\/6173771-origpic-0cb99e.jpg","datePublished":"2025-04-15T08:39:00+00:00","dateModified":"2026-05-08T12:26:06+00:00","breadcrumb":{"@id":"https:\/\/xenonkungen.com\/es\/producto\/portalamparas-vw-golf-6\/#breadcrumb"},"inLanguage":"es","potentialAction":[{"@type":"ReadAction","target":["https:\/\/xenonkungen.com\/es\/producto\/portalamparas-vw-golf-6\/"]}]},{"@type":"ImageObject","inLanguage":"es","@id":"https:\/\/xenonkungen.com\/es\/producto\/portalamparas-vw-golf-6\/#primaryimage","url":"https:\/\/xenonkungen.com\/wp-content\/uploads\/2025\/04\/6173771-origpic-0cb99e.jpg","contentUrl":"https:\/\/xenonkungen.com\/wp-content\/uploads\/2025\/04\/6173771-origpic-0cb99e.jpg","width":500,"height":500},{"@type":"BreadcrumbList","@id":"https:\/\/xenonkungen.com\/es\/producto\/portalamparas-vw-golf-6\/#breadcrumb","itemListElement":[{"@type":"ListItem","position":1,"name":"Hem","item":"https:\/\/xenonkungen.com\/"},{"@type":"ListItem","position":2,"name":"Shop","item":"https:\/\/xenonkungen.com\/shop\/"},{"@type":"ListItem","position":3,"name":"Lamph\u00e5llare VW Golf 6"}]},{"@type":"WebSite","@id":"https:\/\/xenonkungen.com\/#website","url":"https:\/\/xenonkungen.com\/","name":"Xenonkungen","description":"","potentialAction":[{"@type":"SearchAction","target":{"@type":"EntryPoint","urlTemplate":"https:\/\/xenonkungen.com\/?s={search_term_string}"},"query-input":{"@type":"PropertyValueSpecification","valueRequired":true,"valueName":"search_term_string"}}],"inLanguage":"es"}]}},"taxonomy_info":{"product_cat":[{"value":2494,"label":"Lamph\u00e5llare"},{"value":2485,"label":"Xenonkonvertering"}]},"featured_image_src_large":["https:\/\/xenonkungen.com\/wp-content\/uploads\/2025\/04\/6173771-origpic-0cb99e.jpg",500,500,false],"author_info":[],"comment_info":0,"_links":{"self":[{"href":"https:\/\/xenonkungen.com\/es\/wp-json\/wp\/v2\/product\/2528","targetHints":{"allow":["GET"]}}],"collection":[{"href":"https:\/\/xenonkungen.com\/es\/wp-json\/wp\/v2\/product"}],"about":[{"href":"https:\/\/xenonkungen.com\/es\/wp-json\/wp\/v2\/types\/product"}],"replies":[{"embeddable":true,"href":"https:\/\/xenonkungen.com\/es\/wp-json\/wp\/v2\/comments?post=2528"}],"wp:featuredmedia":[{"embeddable":true,"href":"https:\/\/xenonkungen.com\/es\/wp-json\/wp\/v2\/media\/2529"}],"wp:attachment":[{"href":"https:\/\/xenonkungen.com\/es\/wp-json\/wp\/v2\/media?parent=2528"}],"wp:term":[{"taxonomy":"anvandningsomrade","embeddable":true,"href":"https:\/\/xenonkungen.com\/es\/wp-json\/wp\/v2\/anvandningsomrade?post=2528"},{"taxonomy":"bilmarken","embeddable":true,"href":"https:\/\/xenonkungen.com\/es\/wp-json\/wp\/v2\/bilmarken?post=2528"},{"taxonomy":"product_brand","embeddable":true,"href":"https:\/\/xenonkungen.com\/es\/wp-json\/wp\/v2\/product_brand?post=2528"},{"taxonomy":"product_cat","embeddable":true,"href":"https:\/\/xenonkungen.com\/es\/wp-json\/wp\/v2\/product_cat?post=2528"},{"taxonomy":"product_tag","embeddable":true,"href":"https:\/\/xenonkungen.com\/es\/wp-json\/wp\/v2\/product_tag?post=2528"}],"curies":[{"name":"wp","href":"https:\/\/api.w.org\/{rel}","templated":true}]}}