{"id":25310,"date":"2026-01-27T15:35:15","date_gmt":"2026-01-27T14:35:15","guid":{"rendered":"https:\/\/xenonkungen.com\/?post_type=product&#038;p=25310"},"modified":"2026-04-24T17:34:22","modified_gmt":"2026-04-24T16:34:22","slug":"osram-ultra-life-w5w","status":"publish","type":"product","link":"https:\/\/xenonkungen.com\/es\/producto\/osram-ultra-life-w5w\/","title":{"rendered":"Osram | ULTRA LIFE W5W"},"content":{"rendered":"<h3 data-start=\"118\" data-end=\"177\"><strong data-start=\"118\" data-end=\"177\">L\u00e1mpara de se\u00f1alizaci\u00f3n duradera con una vida \u00fatil extra larga \u2013 ULTRA LIFE<\/strong><\/h3>\n<p data-start=\"179\" data-end=\"479\">Med <strong data-start=\"183\" data-end=\"197\">ULTRA VIDA<\/strong> Obtendr\u00e1 una l\u00e1mpara de se\u00f1alizaci\u00f3n duradera, dise\u00f1ada para conductores que conducen con frecuencia y desean evitar reemplazos frecuentes. La l\u00e1mpara tiene una <strong data-start=\"311\" data-end=\"352\">hasta cuatro veces m\u00e1s vida \u00fatil<\/strong> en comparaci\u00f3n con las l\u00e1mparas est\u00e1ndar y puede durar <strong data-start=\"394\" data-end=\"417\">hasta 100.000 km<\/strong>, lo que lo convierte en una opci\u00f3n confiable y rentable.<\/p>\n<h3 data-start=\"481\" data-end=\"494\">Ventajas:<\/h3>\n<ul data-start=\"495\" data-end=\"755\">\n<li data-start=\"495\" data-end=\"549\">\n<p data-start=\"497\" data-end=\"549\">Arriba a <strong data-start=\"506\" data-end=\"529\">4 veces m\u00e1s vida \u00fatil<\/strong> que las l\u00e1mparas normales<\/p>\n<\/li>\n<li data-start=\"550\" data-end=\"610\">\n<p data-start=\"552\" data-end=\"610\">Desarrollado para una alta confiabilidad operativa y uso a largo plazo.<\/p>\n<\/li>\n<li data-start=\"611\" data-end=\"660\">\n<p data-start=\"613\" data-end=\"660\">Perfecto para conducci\u00f3n frecuente y uso diario.<\/p>\n<\/li>\n<li data-start=\"661\" data-end=\"706\">\n<p data-start=\"663\" data-end=\"706\">Reduce la necesidad de reemplazos frecuentes de l\u00e1mparas.<\/p>\n<\/li>\n<li data-start=\"707\" data-end=\"755\">\n<p data-start=\"709\" data-end=\"755\">Luz uniforme y estable durante toda su vida \u00fatil.<\/p>\n<\/li>\n<\/ul>\n<h3 data-start=\"757\" data-end=\"786\">Especificaciones t\u00e9cnicas:<\/h3>\n<ul data-start=\"787\" data-end=\"855\">\n<li data-start=\"787\" data-end=\"809\">\n<p data-start=\"789\" data-end=\"809\"><strong data-start=\"789\" data-end=\"802\">Tensi\u00f3n:<\/strong> 12V<\/p>\n<\/li>\n<li data-start=\"810\" data-end=\"829\">\n<p data-start=\"812\" data-end=\"829\"><strong data-start=\"812\" data-end=\"823\">Efecto:<\/strong> 5 W<\/p>\n<\/li>\n<li data-start=\"830\" data-end=\"855\">\n<p data-start=\"832\" data-end=\"855\"><strong data-start=\"832\" data-end=\"843\">Base:<\/strong> Ancho 2,1 \u00d7 9,5 d<\/p>\n<\/li>\n<\/ul>\n<p data-start=\"857\" data-end=\"945\" data-is-last-node=\"\" data-is-only-node=\"\"><strong data-start=\"857\" data-end=\"945\" data-is-last-node=\"\">Una elecci\u00f3n inteligente para quienes priorizan la durabilidad, la seguridad y la conducci\u00f3n sin preocupaciones.<\/strong><\/p>","protected":false},"excerpt":{"rendered":"<p>T\u00e5lig signallampa med extra l\u00e5ng livsl\u00e4ngd \u2013 ULTRA LIFE Med ULTRA LIFE f\u00e5r du en slitstark signallampa utvecklad f\u00f6r f\u00f6rare som k\u00f6r ofta och vill slippa frekventa byten. Lampan har en upp till fyra g\u00e5nger l\u00e4ngre livsl\u00e4ngd j\u00e4mf\u00f6rt med standardlampor och kan h\u00e5lla upp till 100 000 km, vilket g\u00f6r den till ett p\u00e5litligt och [&hellip;]<\/p>","protected":false},"featured_media":25311,"comment_status":"open","ping_status":"closed","template":"","meta":{"_acf_changed":false,"_smort_price_nok":"52","_smort_price_dkk":"","_smort_price_eur":"","_smort_sale_price_nok":"","_smort_sale_price_dkk":"","_smort_sale_price_eur":"","smort_restorder":"","shipmondo_restorder":"","_kad_blocks_custom_css":"","_kad_blocks_head_custom_js":"","_kad_blocks_body_custom_js":"","_kad_blocks_footer_custom_js":"","smort_custom_pricelist_1":"31.36","smort_custom_pricelist_2":"27.44","smort_custom_pricelist_3":"25.48","smort_custom_pricelist_4":"39.2","smort_custom_pricelist_5":"27.44"},"anvandningsomrade":[],"bilmarken":[],"product_brand":[108],"product_cat":[2533,338],"product_tag":[],"class_list":{"0":"post-25310","1":"product","2":"type-product","3":"status-publish","4":"has-post-thumbnail","6":"product_brand-osram","7":"product_cat-t10-diodlampor","8":"product_cat-diodlampor","9":"pa_faktisk-effekts-forbrukning-540","10":"pa_lampsockel-kontakt-t10","11":"pa_lampsockel-kontakt-w2-1x9-5d","12":"pa_lampsockel-kontakt-w5w","13":"pa_volt-v-159","15":"first","16":"instock","17":"taxable","18":"shipping-taxable","19":"purchasable","20":"product-type-simple"},"bundled_by":[],"bundle_stock_status":"instock","bundle_stock_quantity":32,"bundle_virtual":false,"bundle_layout":"","bundle_add_to_cart_form_location":"","bundle_editable_in_cart":false,"bundle_sold_individually_context":"","bundle_item_grouping":"","bundle_min_size":"","bundle_max_size":"","bundle_price":[],"bundled_items":[],"bundle_sell_ids":[],"acf":[],"yoast_head":"<!-- This site is optimized with the Yoast SEO plugin v27.0 - https:\/\/yoast.com\/product\/yoast-seo-wordpress\/ -->\n<title>Osram | ULTRA LIFE W5W - Xenonkungen<\/title>\n<meta name=\"robots\" content=\"index, follow, max-snippet:-1, max-image-preview:large, max-video-preview:-1\" \/>\n<link rel=\"canonical\" href=\"https:\/\/xenonkungen.com\/es\/producto\/osram-ultra-life-w5w\/\" \/>\n<meta property=\"og:locale\" content=\"es_ES\" \/>\n<meta property=\"og:type\" content=\"article\" \/>\n<meta property=\"og:title\" content=\"Osram | ULTRA LIFE W5W - Xenonkungen\" \/>\n<meta property=\"og:description\" content=\"T\u00e5lig signallampa med extra l\u00e5ng livsl\u00e4ngd \u2013 ULTRA LIFE Med ULTRA LIFE f\u00e5r du en slitstark signallampa utvecklad f\u00f6r f\u00f6rare som k\u00f6r ofta och vill slippa frekventa byten. Lampan har en upp till fyra g\u00e5nger l\u00e4ngre livsl\u00e4ngd j\u00e4mf\u00f6rt med standardlampor och kan h\u00e5lla upp till 100 000 km, vilket g\u00f6r den till ett p\u00e5litligt och [&hellip;]\" \/>\n<meta property=\"og:url\" content=\"https:\/\/xenonkungen.com\/es\/producto\/osram-ultra-life-w5w\/\" \/>\n<meta property=\"og:site_name\" content=\"Xenonkungen\" \/>\n<meta property=\"article:modified_time\" content=\"2026-04-24T16:34:22+00:00\" \/>\n<meta property=\"og:image\" content=\"https:\/\/xenonkungen.com\/wp-content\/uploads\/2026\/01\/Small-for-web-and-ppt-724765_ULTRA-LIFE-W5W-2825ULT.jpg\" \/>\n\t<meta property=\"og:image:width\" content=\"1024\" \/>\n\t<meta property=\"og:image:height\" content=\"1024\" \/>\n\t<meta property=\"og:image:type\" content=\"image\/jpeg\" \/>\n<meta name=\"twitter:card\" content=\"summary_large_image\" \/>\n<meta name=\"twitter:label1\" content=\"Tiempo de lectura\" \/>\n\t<meta name=\"twitter:data1\" content=\"1 minuto\" \/>\n<script type=\"application\/ld+json\" class=\"yoast-schema-graph\">{\"@context\":\"https:\/\/schema.org\",\"@graph\":[{\"@type\":\"WebPage\",\"@id\":\"https:\/\/xenonkungen.com\/produkt\/osram-ultra-life-w5w\/\",\"url\":\"https:\/\/xenonkungen.com\/produkt\/osram-ultra-life-w5w\/\",\"name\":\"Osram | ULTRA LIFE W5W - Xenonkungen\",\"isPartOf\":{\"@id\":\"https:\/\/xenonkungen.com\/#website\"},\"primaryImageOfPage\":{\"@id\":\"https:\/\/xenonkungen.com\/produkt\/osram-ultra-life-w5w\/#primaryimage\"},\"image\":{\"@id\":\"https:\/\/xenonkungen.com\/produkt\/osram-ultra-life-w5w\/#primaryimage\"},\"thumbnailUrl\":\"https:\/\/xenonkungen.com\/wp-content\/uploads\/2026\/01\/Small-for-web-and-ppt-724765_ULTRA-LIFE-W5W-2825ULT.jpg\",\"datePublished\":\"2026-01-27T14:35:15+00:00\",\"dateModified\":\"2026-04-24T16:34:22+00:00\",\"breadcrumb\":{\"@id\":\"https:\/\/xenonkungen.com\/produkt\/osram-ultra-life-w5w\/#breadcrumb\"},\"inLanguage\":\"es\",\"potentialAction\":[{\"@type\":\"ReadAction\",\"target\":[\"https:\/\/xenonkungen.com\/produkt\/osram-ultra-life-w5w\/\"]}]},{\"@type\":\"ImageObject\",\"inLanguage\":\"es\",\"@id\":\"https:\/\/xenonkungen.com\/produkt\/osram-ultra-life-w5w\/#primaryimage\",\"url\":\"https:\/\/xenonkungen.com\/wp-content\/uploads\/2026\/01\/Small-for-web-and-ppt-724765_ULTRA-LIFE-W5W-2825ULT.jpg\",\"contentUrl\":\"https:\/\/xenonkungen.com\/wp-content\/uploads\/2026\/01\/Small-for-web-and-ppt-724765_ULTRA-LIFE-W5W-2825ULT.jpg\",\"width\":1024,\"height\":1024},{\"@type\":\"BreadcrumbList\",\"@id\":\"https:\/\/xenonkungen.com\/produkt\/osram-ultra-life-w5w\/#breadcrumb\",\"itemListElement\":[{\"@type\":\"ListItem\",\"position\":1,\"name\":\"Hem\",\"item\":\"https:\/\/xenonkungen.com\/\"},{\"@type\":\"ListItem\",\"position\":2,\"name\":\"Shop\",\"item\":\"https:\/\/xenonkungen.com\/shop\/\"},{\"@type\":\"ListItem\",\"position\":3,\"name\":\"Osram | ULTRA LIFE W5W\"}]},{\"@type\":\"WebSite\",\"@id\":\"https:\/\/xenonkungen.com\/#website\",\"url\":\"https:\/\/xenonkungen.com\/\",\"name\":\"Xenonkungen\",\"description\":\"\",\"potentialAction\":[{\"@type\":\"SearchAction\",\"target\":{\"@type\":\"EntryPoint\",\"urlTemplate\":\"https:\/\/xenonkungen.com\/?s={search_term_string}\"},\"query-input\":{\"@type\":\"PropertyValueSpecification\",\"valueRequired\":true,\"valueName\":\"search_term_string\"}}],\"inLanguage\":\"es\"}]}<\/script>\n<!-- \/ Yoast SEO plugin. -->","yoast_head_json":{"title":"Osram | ULTRA LIFE W5W - El rey del xen\u00f3n","robots":{"index":"index","follow":"follow","max-snippet":"max-snippet:-1","max-image-preview":"max-image-preview:large","max-video-preview":"max-video-preview:-1"},"canonical":"https:\/\/xenonkungen.com\/es\/producto\/osram-ultra-life-w5w\/","og_locale":"es_ES","og_type":"article","og_title":"Osram | ULTRA LIFE W5W - Xenonkungen","og_description":"T\u00e5lig signallampa med extra l\u00e5ng livsl\u00e4ngd \u2013 ULTRA LIFE Med ULTRA LIFE f\u00e5r du en slitstark signallampa utvecklad f\u00f6r f\u00f6rare som k\u00f6r ofta och vill slippa frekventa byten. Lampan har en upp till fyra g\u00e5nger l\u00e4ngre livsl\u00e4ngd j\u00e4mf\u00f6rt med standardlampor och kan h\u00e5lla upp till 100 000 km, vilket g\u00f6r den till ett p\u00e5litligt och [&hellip;]","og_url":"https:\/\/xenonkungen.com\/es\/producto\/osram-ultra-life-w5w\/","og_site_name":"Xenonkungen","article_modified_time":"2026-04-24T16:34:22+00:00","og_image":[{"width":1024,"height":1024,"url":"https:\/\/xenonkungen.com\/wp-content\/uploads\/2026\/01\/Small-for-web-and-ppt-724765_ULTRA-LIFE-W5W-2825ULT.jpg","type":"image\/jpeg"}],"twitter_card":"summary_large_image","twitter_misc":{"Tiempo de lectura":"1 minuto"},"schema":{"@context":"https:\/\/schema.org","@graph":[{"@type":"WebPage","@id":"https:\/\/xenonkungen.com\/produkt\/osram-ultra-life-w5w\/","url":"https:\/\/xenonkungen.com\/produkt\/osram-ultra-life-w5w\/","name":"Osram | ULTRA LIFE W5W - El rey del xen\u00f3n","isPartOf":{"@id":"https:\/\/xenonkungen.com\/#website"},"primaryImageOfPage":{"@id":"https:\/\/xenonkungen.com\/produkt\/osram-ultra-life-w5w\/#primaryimage"},"image":{"@id":"https:\/\/xenonkungen.com\/produkt\/osram-ultra-life-w5w\/#primaryimage"},"thumbnailUrl":"https:\/\/xenonkungen.com\/wp-content\/uploads\/2026\/01\/Small-for-web-and-ppt-724765_ULTRA-LIFE-W5W-2825ULT.jpg","datePublished":"2026-01-27T14:35:15+00:00","dateModified":"2026-04-24T16:34:22+00:00","breadcrumb":{"@id":"https:\/\/xenonkungen.com\/produkt\/osram-ultra-life-w5w\/#breadcrumb"},"inLanguage":"es","potentialAction":[{"@type":"ReadAction","target":["https:\/\/xenonkungen.com\/produkt\/osram-ultra-life-w5w\/"]}]},{"@type":"ImageObject","inLanguage":"es","@id":"https:\/\/xenonkungen.com\/produkt\/osram-ultra-life-w5w\/#primaryimage","url":"https:\/\/xenonkungen.com\/wp-content\/uploads\/2026\/01\/Small-for-web-and-ppt-724765_ULTRA-LIFE-W5W-2825ULT.jpg","contentUrl":"https:\/\/xenonkungen.com\/wp-content\/uploads\/2026\/01\/Small-for-web-and-ppt-724765_ULTRA-LIFE-W5W-2825ULT.jpg","width":1024,"height":1024},{"@type":"BreadcrumbList","@id":"https:\/\/xenonkungen.com\/produkt\/osram-ultra-life-w5w\/#breadcrumb","itemListElement":[{"@type":"ListItem","position":1,"name":"Hem","item":"https:\/\/xenonkungen.com\/"},{"@type":"ListItem","position":2,"name":"Shop","item":"https:\/\/xenonkungen.com\/shop\/"},{"@type":"ListItem","position":3,"name":"Osram | ULTRA LIFE W5W"}]},{"@type":"WebSite","@id":"https:\/\/xenonkungen.com\/#website","url":"https:\/\/xenonkungen.com\/","name":"Xenonkungen","description":"","potentialAction":[{"@type":"SearchAction","target":{"@type":"EntryPoint","urlTemplate":"https:\/\/xenonkungen.com\/?s={search_term_string}"},"query-input":{"@type":"PropertyValueSpecification","valueRequired":true,"valueName":"search_term_string"}}],"inLanguage":"es"}]}},"taxonomy_info":{"product_brand":[{"value":108,"label":"OSRAM"}],"product_cat":[{"value":2533,"label":"T10"},{"value":338,"label":"Diodlampor"}],"pa_faktisk-effekts-forbrukning":[{"value":540,"label":"5"}],"pa_lampsockel-kontakt":[{"value":2749,"label":"T10"},{"value":2751,"label":"W2.1x9.5d"},{"value":2750,"label":"W5W"}],"pa_volt-v":[{"value":159,"label":"12"}]},"featured_image_src_large":["https:\/\/xenonkungen.com\/wp-content\/uploads\/2026\/01\/Small-for-web-and-ppt-724765_ULTRA-LIFE-W5W-2825ULT.jpg",1024,1024,false],"author_info":[],"comment_info":0,"_links":{"self":[{"href":"https:\/\/xenonkungen.com\/es\/wp-json\/wp\/v2\/product\/25310","targetHints":{"allow":["GET"]}}],"collection":[{"href":"https:\/\/xenonkungen.com\/es\/wp-json\/wp\/v2\/product"}],"about":[{"href":"https:\/\/xenonkungen.com\/es\/wp-json\/wp\/v2\/types\/product"}],"replies":[{"embeddable":true,"href":"https:\/\/xenonkungen.com\/es\/wp-json\/wp\/v2\/comments?post=25310"}],"wp:featuredmedia":[{"embeddable":true,"href":"https:\/\/xenonkungen.com\/es\/wp-json\/wp\/v2\/media\/25311"}],"wp:attachment":[{"href":"https:\/\/xenonkungen.com\/es\/wp-json\/wp\/v2\/media?parent=25310"}],"wp:term":[{"taxonomy":"anvandningsomrade","embeddable":true,"href":"https:\/\/xenonkungen.com\/es\/wp-json\/wp\/v2\/anvandningsomrade?post=25310"},{"taxonomy":"bilmarken","embeddable":true,"href":"https:\/\/xenonkungen.com\/es\/wp-json\/wp\/v2\/bilmarken?post=25310"},{"taxonomy":"product_brand","embeddable":true,"href":"https:\/\/xenonkungen.com\/es\/wp-json\/wp\/v2\/product_brand?post=25310"},{"taxonomy":"product_cat","embeddable":true,"href":"https:\/\/xenonkungen.com\/es\/wp-json\/wp\/v2\/product_cat?post=25310"},{"taxonomy":"product_tag","embeddable":true,"href":"https:\/\/xenonkungen.com\/es\/wp-json\/wp\/v2\/product_tag?post=25310"}],"curies":[{"name":"wp","href":"https:\/\/api.w.org\/{rel}","templated":true}]}}