{"id":25598,"date":"2026-01-30T13:26:56","date_gmt":"2026-01-30T12:26:56","guid":{"rendered":"https:\/\/xenonkungen.com\/?post_type=product&#038;p=25598"},"modified":"2026-04-17T10:08:09","modified_gmt":"2026-04-17T09:08:09","slug":"night-breaker-led-vintage-h4-homologado-para-circular-en-la-calle","status":"publish","type":"product","link":"https:\/\/xenonkungen.com\/es\/producto\/night-breaker-led-vintage-h4-homologado-para-circular-en-la-calle\/","title":{"rendered":"NIGHT BREAKER LED VINTAGE H4 | Homologado para circular"},"content":{"rendered":"<h3 data-start=\"166\" data-end=\"211\">Tecnolog\u00eda LED moderna para cl\u00e1sicos atemporales<\/h3>\n<p data-start=\"213\" data-end=\"464\"><strong data-start=\"213\" data-end=\"283\"><span class=\"hover:entity-accent entity-underline inline cursor-pointer align-baseline\"><span class=\"whitespace-normal\">OSRAM<\/span><\/span> INTERRUPTOR NOCTURNO LED VINTAGE H4<\/strong> es una actualizaci\u00f3n LED ic\u00f3nica creada para <strong data-start=\"326\" data-end=\"356\">coches cl\u00e1sicos y antiguos<\/strong> \u2013 y para aquellos que quieren conservar el car\u00e1cter original del coche sin comprometer la seguridad y el rendimiento.<\/p>\n<p data-start=\"466\" data-end=\"699\">Nos vemos aqu\u00ed <strong data-start=\"475\" data-end=\"514\">Tecnolog\u00eda LED moderna y dise\u00f1o atemporal<\/strong> en perfecta armon\u00eda. El <strong data-start=\"538\" data-end=\"565\">luz LED legal para circular por la calle\u00b9<\/strong> No solo proporciona una mejor visibilidad, sino que tambi\u00e9n permite que su autom\u00f3vil brille con un <strong data-start=\"636\" data-end=\"661\">genuino resplandor nost\u00e1lgico<\/strong> que recuerdan a las bombillas cl\u00e1sicas.<\/p>\n<hr data-start=\"701\" data-end=\"704\" \/>\n<h3 data-start=\"706\" data-end=\"752\">\u00bfPor qu\u00e9 elegir NIGHT BREAKER LED VINTAGE H4?<\/h3>\n<ul data-start=\"754\" data-end=\"1280\">\n<li data-start=\"754\" data-end=\"813\">\n<p data-start=\"756\" data-end=\"813\"><strong data-start=\"756\" data-end=\"790\">Reequipamiento LED legal para circular en la calle\u00b9<\/strong> para veh\u00edculos cl\u00e1sicos<\/p>\n<\/li>\n<li data-start=\"814\" data-end=\"882\">\n<p data-start=\"816\" data-end=\"882\"><strong data-start=\"816\" data-end=\"852\">Luz blanca c\u00e1lida hasta 3000 K<\/strong> \u2013 aut\u00e9ntico y fiel a los tiempos<\/p>\n<\/li>\n<li data-start=\"883\" data-end=\"943\">\n<p data-start=\"885\" data-end=\"943\"><strong data-start=\"885\" data-end=\"921\">Hasta 330 % mayor brillo\u00b2<\/strong> en comparaci\u00f3n con el hal\u00f3geno<\/p>\n<\/li>\n<li data-start=\"944\" data-end=\"1004\">\n<p data-start=\"946\" data-end=\"1004\"><strong data-start=\"946\" data-end=\"979\">Hasta 50 % menor deslumbramiento<\/strong> que los valores m\u00e1ximos permitidos\u00b2<\/p>\n<\/li>\n<li data-start=\"1005\" data-end=\"1062\">\n<p data-start=\"1007\" data-end=\"1062\"><strong data-start=\"1007\" data-end=\"1027\">Adaptador R2 adicional<\/strong> \u2013 Se adapta tanto a casquillos H4 como R2<\/p>\n<\/li>\n<li data-start=\"1063\" data-end=\"1141\">\n<p data-start=\"1065\" data-end=\"1141\"><strong data-start=\"1065\" data-end=\"1095\">Tecnolog\u00eda de brillo constante<\/strong> Para una luz uniforme incluso con un voltaje de bater\u00eda bajo<\/p>\n<\/li>\n<li data-start=\"1142\" data-end=\"1216\">\n<p data-start=\"1144\" data-end=\"1216\"><strong data-start=\"1144\" data-end=\"1182\">Vida \u00fatil hasta 6 veces m\u00e1s larga<\/strong> que las l\u00e1mparas hal\u00f3genas convencionales<\/p>\n<\/li>\n<li data-start=\"1217\" data-end=\"1280\">\n<p data-start=\"1219\" data-end=\"1280\"><strong data-start=\"1219\" data-end=\"1241\">Sin radiaci\u00f3n UV<\/strong> \u2013 protege el reflector y el cristal original<\/p>\n<\/li>\n<\/ul>\n<hr data-start=\"1282\" data-end=\"1285\" \/>\n<p data-start=\"1287\" data-end=\"1589\">El color de luz blanco c\u00e1lido crea una <strong data-start=\"1322\" data-end=\"1347\">brillo suave y cl\u00e1sico<\/strong> que se integra perfectamente en la est\u00e9tica de los veh\u00edculos antiguos, al tiempo que mejora enormemente <strong data-start=\"1437\" data-end=\"1469\">vista, visibilidad y seguridad<\/strong>Gracias al dise\u00f1o LED avanzado de OSRAM, obtienes una <strong data-start=\"1527\" data-end=\"1557\">luz estable y confiable<\/strong> \u2013 incluso con voltaje variable.<\/p>\n<p data-start=\"1591\" data-end=\"1753\">NIGHT BREAKER LED VINTAGE H4 es m\u00e1s que una l\u00e1mpara: es una <strong data-start=\"1657\" data-end=\"1697\">Declaraci\u00f3n de conservaci\u00f3n de la sensaci\u00f3n original<\/strong>, donde la historia y el futuro se encuentran en una misma luz.<\/p>\n<p data-start=\"1755\" data-end=\"1872\">Como medida adicional de seguridad, OSRAM tambi\u00e9n ofrece un <strong data-start=\"1801\" data-end=\"1822\">garant\u00eda especial\u2074<\/strong> en todas las luces LED de actualizaci\u00f3n NIGHT BREAKER\u2122.<\/p>\n<p data-start=\"1874\" data-end=\"1938\" data-is-last-node=\"\" data-is-only-node=\"\"><strong data-start=\"1877\" data-end=\"1938\" data-is-last-node=\"\">Perfecto para quienes quieren conducir un veh\u00edculo cl\u00e1sico, pero con un aspecto moderno.<\/strong><\/p>\n<h2><a href=\"https:\/\/look.ams-osram.com\/m\/279bdebe1f871386\/original\/led-night-breaker-h7-vehicle-list-en.pdf\" target=\"_blank\" rel=\"noopener\">Ver modelos de coche compatibles aqu\u00ed<\/a><\/h2>","protected":false},"excerpt":{"rendered":"<p>Modern LED-teknik f\u00f6r tidl\u00f6sa klassiker OSRAM NIGHT BREAKER LED VINTAGE H4 \u00e4r en ikonisk LED-uppgradering skapad f\u00f6r klassiska och vintagebilar \u2013 och f\u00f6r dig som vill bevara bilens ursprungliga karakt\u00e4r utan att kompromissa med s\u00e4kerhet och prestanda. H\u00e4r m\u00f6ts modern LED-teknik och tidl\u00f6s design i perfekt harmoni. Den gatulagliga\u00b9 LED-lampan levererar inte bara b\u00e4ttre sikt, [&hellip;]<\/p>","protected":false},"featured_media":25599,"comment_status":"open","ping_status":"closed","template":"","meta":{"_acf_changed":false,"_smort_price_nok":"2131","_smort_price_dkk":"","_smort_price_eur":"","_smort_sale_price_nok":"","_smort_sale_price_dkk":"","_smort_sale_price_eur":"","smort_restorder":"","shipmondo_restorder":"","_kad_blocks_custom_css":"","_kad_blocks_head_custom_js":"","_kad_blocks_body_custom_js":"","_kad_blocks_footer_custom_js":"","smort_custom_pricelist_1":"1276.8","smort_custom_pricelist_2":"1117.2","smort_custom_pricelist_3":"1037.4","smort_custom_pricelist_4":"1596","smort_custom_pricelist_5":"1117.2"},"anvandningsomrade":[],"bilmarken":[],"product_brand":[108],"product_cat":[2451,2633,733],"product_tag":[],"class_list":{"0":"post-25598","1":"product","2":"type-product","3":"status-publish","4":"has-post-thumbnail","6":"product_brand-osram","7":"product_cat-led-konvertering","8":"product_cat-osram-ledriving-halvljus-helljus","9":"product_cat-halvljus-helljus","10":"pa_faktisk-effekts-forbrukning-210-20","11":"pa_fargtemperatur-6000k","12":"pa_volt-v-159","14":"first","15":"onbackorder","16":"taxable","17":"shipping-taxable","18":"purchasable","19":"product-type-simple"},"bundled_by":[],"bundle_stock_status":"onbackorder","bundle_stock_quantity":-1,"bundle_virtual":false,"bundle_layout":"","bundle_add_to_cart_form_location":"","bundle_editable_in_cart":false,"bundle_sold_individually_context":"","bundle_item_grouping":"","bundle_min_size":"","bundle_max_size":"","bundle_price":[],"bundled_items":[],"bundle_sell_ids":[],"acf":[],"yoast_head":"<!-- This site is optimized with the Yoast SEO plugin v27.0 - https:\/\/yoast.com\/product\/yoast-seo-wordpress\/ -->\n<title>NIGHT BREAKER LED VINTAGE H4 | Street Legal - Xenonkungen<\/title>\n<meta name=\"robots\" content=\"index, follow, max-snippet:-1, max-image-preview:large, max-video-preview:-1\" \/>\n<link rel=\"canonical\" href=\"https:\/\/xenonkungen.com\/es\/producto\/night-breaker-led-vintage-h4-homologado-para-circular-en-la-calle\/\" \/>\n<meta property=\"og:locale\" content=\"es_ES\" \/>\n<meta property=\"og:type\" content=\"article\" \/>\n<meta property=\"og:title\" content=\"NIGHT BREAKER LED VINTAGE H4 | Street Legal - Xenonkungen\" \/>\n<meta property=\"og:description\" content=\"Modern LED-teknik f\u00f6r tidl\u00f6sa klassiker OSRAM NIGHT BREAKER LED VINTAGE H4 \u00e4r en ikonisk LED-uppgradering skapad f\u00f6r klassiska och vintagebilar \u2013 och f\u00f6r dig som vill bevara bilens ursprungliga karakt\u00e4r utan att kompromissa med s\u00e4kerhet och prestanda. H\u00e4r m\u00f6ts modern LED-teknik och tidl\u00f6s design i perfekt harmoni. Den gatulagliga\u00b9 LED-lampan levererar inte bara b\u00e4ttre sikt, [&hellip;]\" \/>\n<meta property=\"og:url\" content=\"https:\/\/xenonkungen.com\/es\/producto\/night-breaker-led-vintage-h4-homologado-para-circular-en-la-calle\/\" \/>\n<meta property=\"og:site_name\" content=\"Xenonkungen\" \/>\n<meta property=\"article:modified_time\" content=\"2026-04-17T09:08:09+00:00\" \/>\n<meta property=\"og:image\" content=\"https:\/\/xenonkungen.com\/wp-content\/uploads\/2026\/01\/Small-for-web-and-ppt-G15140972_NightBraker-LED-Vintage_Upright-Composing.jpg\" \/>\n\t<meta property=\"og:image:width\" content=\"1024\" \/>\n\t<meta property=\"og:image:height\" content=\"1031\" \/>\n\t<meta property=\"og:image:type\" content=\"image\/jpeg\" \/>\n<meta name=\"twitter:card\" content=\"summary_large_image\" \/>\n<meta name=\"twitter:label1\" content=\"Tiempo de lectura\" \/>\n\t<meta name=\"twitter:data1\" content=\"2 minutos\" \/>\n<script type=\"application\/ld+json\" class=\"yoast-schema-graph\">{\"@context\":\"https:\/\/schema.org\",\"@graph\":[{\"@type\":\"WebPage\",\"@id\":\"https:\/\/xenonkungen.com\/produkt\/night-breaker-led-vintage-h4-street-legal\/\",\"url\":\"https:\/\/xenonkungen.com\/produkt\/night-breaker-led-vintage-h4-street-legal\/\",\"name\":\"NIGHT BREAKER LED VINTAGE H4 | Street Legal - Xenonkungen\",\"isPartOf\":{\"@id\":\"https:\/\/xenonkungen.com\/#website\"},\"primaryImageOfPage\":{\"@id\":\"https:\/\/xenonkungen.com\/produkt\/night-breaker-led-vintage-h4-street-legal\/#primaryimage\"},\"image\":{\"@id\":\"https:\/\/xenonkungen.com\/produkt\/night-breaker-led-vintage-h4-street-legal\/#primaryimage\"},\"thumbnailUrl\":\"https:\/\/xenonkungen.com\/wp-content\/uploads\/2026\/01\/Small-for-web-and-ppt-G15140972_NightBraker-LED-Vintage_Upright-Composing.jpg\",\"datePublished\":\"2026-01-30T12:26:56+00:00\",\"dateModified\":\"2026-04-17T09:08:09+00:00\",\"breadcrumb\":{\"@id\":\"https:\/\/xenonkungen.com\/produkt\/night-breaker-led-vintage-h4-street-legal\/#breadcrumb\"},\"inLanguage\":\"es\",\"potentialAction\":[{\"@type\":\"ReadAction\",\"target\":[\"https:\/\/xenonkungen.com\/produkt\/night-breaker-led-vintage-h4-street-legal\/\"]}]},{\"@type\":\"ImageObject\",\"inLanguage\":\"es\",\"@id\":\"https:\/\/xenonkungen.com\/produkt\/night-breaker-led-vintage-h4-street-legal\/#primaryimage\",\"url\":\"https:\/\/xenonkungen.com\/wp-content\/uploads\/2026\/01\/Small-for-web-and-ppt-G15140972_NightBraker-LED-Vintage_Upright-Composing.jpg\",\"contentUrl\":\"https:\/\/xenonkungen.com\/wp-content\/uploads\/2026\/01\/Small-for-web-and-ppt-G15140972_NightBraker-LED-Vintage_Upright-Composing.jpg\",\"width\":1024,\"height\":1031},{\"@type\":\"BreadcrumbList\",\"@id\":\"https:\/\/xenonkungen.com\/produkt\/night-breaker-led-vintage-h4-street-legal\/#breadcrumb\",\"itemListElement\":[{\"@type\":\"ListItem\",\"position\":1,\"name\":\"Hem\",\"item\":\"https:\/\/xenonkungen.com\/\"},{\"@type\":\"ListItem\",\"position\":2,\"name\":\"Shop\",\"item\":\"https:\/\/xenonkungen.com\/shop\/\"},{\"@type\":\"ListItem\",\"position\":3,\"name\":\"NIGHT BREAKER LED VINTAGE H4 | Street Legal\"}]},{\"@type\":\"WebSite\",\"@id\":\"https:\/\/xenonkungen.com\/#website\",\"url\":\"https:\/\/xenonkungen.com\/\",\"name\":\"Xenonkungen\",\"description\":\"\",\"potentialAction\":[{\"@type\":\"SearchAction\",\"target\":{\"@type\":\"EntryPoint\",\"urlTemplate\":\"https:\/\/xenonkungen.com\/?s={search_term_string}\"},\"query-input\":{\"@type\":\"PropertyValueSpecification\",\"valueRequired\":true,\"valueName\":\"search_term_string\"}}],\"inLanguage\":\"es\"}]}<\/script>\n<!-- \/ Yoast SEO plugin. -->","yoast_head_json":{"title":"NIGHT BREAKER LED VINTAGE H4 | Homologado para circular - El rey del xen\u00f3n","robots":{"index":"index","follow":"follow","max-snippet":"max-snippet:-1","max-image-preview":"max-image-preview:large","max-video-preview":"max-video-preview:-1"},"canonical":"https:\/\/xenonkungen.com\/es\/producto\/night-breaker-led-vintage-h4-homologado-para-circular-en-la-calle\/","og_locale":"es_ES","og_type":"article","og_title":"NIGHT BREAKER LED VINTAGE H4 | Street Legal - Xenonkungen","og_description":"Modern LED-teknik f\u00f6r tidl\u00f6sa klassiker OSRAM NIGHT BREAKER LED VINTAGE H4 \u00e4r en ikonisk LED-uppgradering skapad f\u00f6r klassiska och vintagebilar \u2013 och f\u00f6r dig som vill bevara bilens ursprungliga karakt\u00e4r utan att kompromissa med s\u00e4kerhet och prestanda. H\u00e4r m\u00f6ts modern LED-teknik och tidl\u00f6s design i perfekt harmoni. Den gatulagliga\u00b9 LED-lampan levererar inte bara b\u00e4ttre sikt, [&hellip;]","og_url":"https:\/\/xenonkungen.com\/es\/producto\/night-breaker-led-vintage-h4-homologado-para-circular-en-la-calle\/","og_site_name":"Xenonkungen","article_modified_time":"2026-04-17T09:08:09+00:00","og_image":[{"width":1024,"height":1031,"url":"https:\/\/xenonkungen.com\/wp-content\/uploads\/2026\/01\/Small-for-web-and-ppt-G15140972_NightBraker-LED-Vintage_Upright-Composing.jpg","type":"image\/jpeg"}],"twitter_card":"summary_large_image","twitter_misc":{"Tiempo de lectura":"2 minutos"},"schema":{"@context":"https:\/\/schema.org","@graph":[{"@type":"WebPage","@id":"https:\/\/xenonkungen.com\/produkt\/night-breaker-led-vintage-h4-street-legal\/","url":"https:\/\/xenonkungen.com\/produkt\/night-breaker-led-vintage-h4-street-legal\/","name":"NIGHT BREAKER LED VINTAGE H4 | Homologado para circular - El rey del xen\u00f3n","isPartOf":{"@id":"https:\/\/xenonkungen.com\/#website"},"primaryImageOfPage":{"@id":"https:\/\/xenonkungen.com\/produkt\/night-breaker-led-vintage-h4-street-legal\/#primaryimage"},"image":{"@id":"https:\/\/xenonkungen.com\/produkt\/night-breaker-led-vintage-h4-street-legal\/#primaryimage"},"thumbnailUrl":"https:\/\/xenonkungen.com\/wp-content\/uploads\/2026\/01\/Small-for-web-and-ppt-G15140972_NightBraker-LED-Vintage_Upright-Composing.jpg","datePublished":"2026-01-30T12:26:56+00:00","dateModified":"2026-04-17T09:08:09+00:00","breadcrumb":{"@id":"https:\/\/xenonkungen.com\/produkt\/night-breaker-led-vintage-h4-street-legal\/#breadcrumb"},"inLanguage":"es","potentialAction":[{"@type":"ReadAction","target":["https:\/\/xenonkungen.com\/produkt\/night-breaker-led-vintage-h4-street-legal\/"]}]},{"@type":"ImageObject","inLanguage":"es","@id":"https:\/\/xenonkungen.com\/produkt\/night-breaker-led-vintage-h4-street-legal\/#primaryimage","url":"https:\/\/xenonkungen.com\/wp-content\/uploads\/2026\/01\/Small-for-web-and-ppt-G15140972_NightBraker-LED-Vintage_Upright-Composing.jpg","contentUrl":"https:\/\/xenonkungen.com\/wp-content\/uploads\/2026\/01\/Small-for-web-and-ppt-G15140972_NightBraker-LED-Vintage_Upright-Composing.jpg","width":1024,"height":1031},{"@type":"BreadcrumbList","@id":"https:\/\/xenonkungen.com\/produkt\/night-breaker-led-vintage-h4-street-legal\/#breadcrumb","itemListElement":[{"@type":"ListItem","position":1,"name":"Hem","item":"https:\/\/xenonkungen.com\/"},{"@type":"ListItem","position":2,"name":"Shop","item":"https:\/\/xenonkungen.com\/shop\/"},{"@type":"ListItem","position":3,"name":"NIGHT BREAKER LED VINTAGE H4 | Street Legal"}]},{"@type":"WebSite","@id":"https:\/\/xenonkungen.com\/#website","url":"https:\/\/xenonkungen.com\/","name":"Xenonkungen","description":"","potentialAction":[{"@type":"SearchAction","target":{"@type":"EntryPoint","urlTemplate":"https:\/\/xenonkungen.com\/?s={search_term_string}"},"query-input":{"@type":"PropertyValueSpecification","valueRequired":true,"valueName":"search_term_string"}}],"inLanguage":"es"}]}},"taxonomy_info":{"product_brand":[{"value":108,"label":"OSRAM"}],"product_cat":[{"value":2451,"label":"Led-konvertering"},{"value":2633,"label":"OSRAM Ledriving"},{"value":733,"label":"Halvljus \/ Helljus"}],"pa_faktisk-effekts-forbrukning":[{"value":300,"label":"21,0 \/ 20"}],"pa_fargtemperatur":[{"value":188,"label":"6000K"}],"pa_volt-v":[{"value":159,"label":"12"}]},"featured_image_src_large":["https:\/\/xenonkungen.com\/wp-content\/uploads\/2026\/01\/Small-for-web-and-ppt-G15140972_NightBraker-LED-Vintage_Upright-Composing-1017x1024.jpg",1017,1024,true],"author_info":[],"comment_info":0,"_links":{"self":[{"href":"https:\/\/xenonkungen.com\/es\/wp-json\/wp\/v2\/product\/25598","targetHints":{"allow":["GET"]}}],"collection":[{"href":"https:\/\/xenonkungen.com\/es\/wp-json\/wp\/v2\/product"}],"about":[{"href":"https:\/\/xenonkungen.com\/es\/wp-json\/wp\/v2\/types\/product"}],"replies":[{"embeddable":true,"href":"https:\/\/xenonkungen.com\/es\/wp-json\/wp\/v2\/comments?post=25598"}],"wp:featuredmedia":[{"embeddable":true,"href":"https:\/\/xenonkungen.com\/es\/wp-json\/wp\/v2\/media\/25599"}],"wp:attachment":[{"href":"https:\/\/xenonkungen.com\/es\/wp-json\/wp\/v2\/media?parent=25598"}],"wp:term":[{"taxonomy":"anvandningsomrade","embeddable":true,"href":"https:\/\/xenonkungen.com\/es\/wp-json\/wp\/v2\/anvandningsomrade?post=25598"},{"taxonomy":"bilmarken","embeddable":true,"href":"https:\/\/xenonkungen.com\/es\/wp-json\/wp\/v2\/bilmarken?post=25598"},{"taxonomy":"product_brand","embeddable":true,"href":"https:\/\/xenonkungen.com\/es\/wp-json\/wp\/v2\/product_brand?post=25598"},{"taxonomy":"product_cat","embeddable":true,"href":"https:\/\/xenonkungen.com\/es\/wp-json\/wp\/v2\/product_cat?post=25598"},{"taxonomy":"product_tag","embeddable":true,"href":"https:\/\/xenonkungen.com\/es\/wp-json\/wp\/v2\/product_tag?post=25598"}],"curies":[{"name":"wp","href":"https:\/\/api.w.org\/{rel}","templated":true}]}}