{"id":2572,"date":"2025-04-15T08:39:19","date_gmt":"2025-04-15T08:39:19","guid":{"rendered":"https:\/\/xenonkungen.com\/product\/canm8-styrstromssignal-extraljus-backljussignal-12v\/"},"modified":"2026-04-25T22:35:54","modified_gmt":"2026-04-25T21:35:54","slug":"senal-de-corriente-de-control-canm8-luz-auxiliar-luz-de-marcha-atras-senal-de-12-v","status":"publish","type":"product","link":"https:\/\/xenonkungen.com\/es\/producto\/senal-de-corriente-de-control-canm8-luz-auxiliar-luz-de-marcha-atras-senal-de-12-v\/","title":{"rendered":"CANM8 - Se\u00f1al de corriente de control luz extra y se\u00f1al de luz de marcha atr\u00e1s 12V"},"content":{"rendered":"<h1>CANM8 - Se\u00f1al de corriente de control luz extra y se\u00f1al de luz de marcha atr\u00e1s 12V<\/h1>\n<p>Para coches en los que no se dispone de se\u00f1al de luz de carretera para controlar las luces auxiliares o la barra de luces mediante cableado de rel\u00e9 o XBB.<\/p>\n<p>Interfaz de bus CAN que proporciona una salida de 12 V en las luces de carretera, se\u00f1al de marcha atr\u00e1s y +15 de encendido.<\/p>\n<p>Ideal para su uso con luces auxiliares, luces de trabajo traseras y acceso a la alimentaci\u00f3n del encendido.<\/p>\n<p>Este tipo de m\u00f3dulo t\u00e9cnico es especialmente necesario en los coches m\u00e1s nuevos con iluminaci\u00f3n totalmente de LED, en los que tanto las luces de cruce como las de carretera son de LED.<\/p>\n<p>CANM8 en algunas excepciones tambi\u00e9n puede ser necesario en otros casos en que la se\u00f1al no se encuentra o es de dif\u00edcil acceso para el cableado de rel\u00e9 ordinario o XBB Lightswitch.<\/p>\n<p>*NO para V40 con faros LED, M8-HIGHBEAM VOLVO V40*.<\/p>","protected":false},"excerpt":{"rendered":"<p>CANM8 &#8211; Styrstr\u00f6mssignal Extraljus &amp; Backljussignal 12V F\u00f6r bilar d\u00e4r ingen helljussignal finns tillg\u00e4nglig f\u00f6r styrning av extraljus eller ljusramp via rel\u00e4kablage eller XBB. CAN bus interface som ger 12V ut vid helljus, backsignal, +15 t\u00e4ndning. Perfekt att anv\u00e4nda tillsammans med extraljus, arbetsbelysning bak och tillg\u00e5ng till t\u00e4ndnings str\u00f6m. Denna typ av teknisk modul kr\u00e4vs [&hellip;]<\/p>","protected":false},"featured_media":2573,"comment_status":"closed","ping_status":"open","template":"","meta":{"_acf_changed":false,"_smort_price_nok":"1917","_smort_price_dkk":"1218","_smort_price_eur":"163.17","_smort_sale_price_nok":"","_smort_sale_price_dkk":"","_smort_sale_price_eur":"","smort_restorder":"","shipmondo_restorder":"","_kad_blocks_custom_css":"","_kad_blocks_head_custom_js":"","_kad_blocks_body_custom_js":"","_kad_blocks_footer_custom_js":"","smort_custom_pricelist_1":"1148.8","smort_custom_pricelist_2":"1005.2","smort_custom_pricelist_3":"933.4","smort_custom_pricelist_4":"1436","smort_custom_pricelist_5":"1005.2"},"anvandningsomrade":[],"bilmarken":[],"product_brand":[],"product_cat":[2487,477,390],"product_tag":[],"class_list":{"0":"post-2572","1":"product","2":"type-product","3":"status-publish","4":"has-post-thumbnail","6":"product_cat-canbus-installation","7":"product_cat-canbus-emc","8":"product_cat-installation","10":"first","11":"onbackorder","12":"taxable","13":"shipping-taxable","14":"purchasable","15":"product-type-simple"},"bundled_by":[],"bundle_stock_status":"onbackorder","bundle_stock_quantity":0,"bundle_virtual":false,"bundle_layout":"","bundle_add_to_cart_form_location":"","bundle_editable_in_cart":false,"bundle_sold_individually_context":"","bundle_item_grouping":"","bundle_min_size":"","bundle_max_size":"","bundle_price":[],"bundled_items":[],"bundle_sell_ids":[],"acf":[],"yoast_head":"<!-- This site is optimized with the Yoast SEO plugin v27.0 - https:\/\/yoast.com\/product\/yoast-seo-wordpress\/ -->\n<title>CANM8 - Styrstr\u00f6mssignal Extraljus &amp; Backljussignal 12V - Xenonkungen<\/title>\n<meta name=\"robots\" content=\"index, follow, max-snippet:-1, max-image-preview:large, max-video-preview:-1\" \/>\n<link rel=\"canonical\" href=\"https:\/\/xenonkungen.com\/es\/producto\/senal-de-corriente-de-control-canm8-luz-auxiliar-luz-de-marcha-atras-senal-de-12-v\/\" \/>\n<meta property=\"og:locale\" content=\"es_ES\" \/>\n<meta property=\"og:type\" content=\"article\" \/>\n<meta property=\"og:title\" content=\"CANM8 - Styrstr\u00f6mssignal Extraljus &amp; Backljussignal 12V - Xenonkungen\" \/>\n<meta property=\"og:description\" content=\"CANM8 &#8211; Styrstr\u00f6mssignal Extraljus &amp; Backljussignal 12V F\u00f6r bilar d\u00e4r ingen helljussignal finns tillg\u00e4nglig f\u00f6r styrning av extraljus eller ljusramp via rel\u00e4kablage eller XBB. CAN bus interface som ger 12V ut vid helljus, backsignal, +15 t\u00e4ndning. Perfekt att anv\u00e4nda tillsammans med extraljus, arbetsbelysning bak och tillg\u00e5ng till t\u00e4ndnings str\u00f6m. Denna typ av teknisk modul kr\u00e4vs [&hellip;]\" \/>\n<meta property=\"og:url\" content=\"https:\/\/xenonkungen.com\/es\/producto\/senal-de-corriente-de-control-canm8-luz-auxiliar-luz-de-marcha-atras-senal-de-12-v\/\" \/>\n<meta property=\"og:site_name\" content=\"Xenonkungen\" \/>\n<meta property=\"article:modified_time\" content=\"2026-04-25T21:35:54+00:00\" \/>\n<meta property=\"og:image\" content=\"https:\/\/xenonkungen.com\/wp-content\/uploads\/2025\/04\/172128839-origpic-59e4c8.jpg\" \/>\n\t<meta property=\"og:image:width\" content=\"1000\" \/>\n\t<meta property=\"og:image:height\" content=\"1000\" \/>\n\t<meta property=\"og:image:type\" content=\"image\/jpeg\" \/>\n<meta name=\"twitter:card\" content=\"summary_large_image\" \/>\n<meta name=\"twitter:label1\" content=\"Tiempo de lectura\" \/>\n\t<meta name=\"twitter:data1\" content=\"1 minuto\" \/>\n<script type=\"application\/ld+json\" class=\"yoast-schema-graph\">{\"@context\":\"https:\/\/schema.org\",\"@graph\":[{\"@type\":\"WebPage\",\"@id\":\"https:\/\/xenonkungen.com\/produkt\/canm8-styrstromssignal-extraljus-backljussignal-12v\/\",\"url\":\"https:\/\/xenonkungen.com\/produkt\/canm8-styrstromssignal-extraljus-backljussignal-12v\/\",\"name\":\"CANM8 - Styrstr\u00f6mssignal Extraljus & Backljussignal 12V - Xenonkungen\",\"isPartOf\":{\"@id\":\"https:\/\/xenonkungen.com\/#website\"},\"primaryImageOfPage\":{\"@id\":\"https:\/\/xenonkungen.com\/produkt\/canm8-styrstromssignal-extraljus-backljussignal-12v\/#primaryimage\"},\"image\":{\"@id\":\"https:\/\/xenonkungen.com\/produkt\/canm8-styrstromssignal-extraljus-backljussignal-12v\/#primaryimage\"},\"thumbnailUrl\":\"https:\/\/xenonkungen.com\/wp-content\/uploads\/2025\/04\/172128839-origpic-59e4c8.jpg\",\"datePublished\":\"2025-04-15T08:39:19+00:00\",\"dateModified\":\"2026-04-25T21:35:54+00:00\",\"breadcrumb\":{\"@id\":\"https:\/\/xenonkungen.com\/produkt\/canm8-styrstromssignal-extraljus-backljussignal-12v\/#breadcrumb\"},\"inLanguage\":\"es\",\"potentialAction\":[{\"@type\":\"ReadAction\",\"target\":[\"https:\/\/xenonkungen.com\/produkt\/canm8-styrstromssignal-extraljus-backljussignal-12v\/\"]}]},{\"@type\":\"ImageObject\",\"inLanguage\":\"es\",\"@id\":\"https:\/\/xenonkungen.com\/produkt\/canm8-styrstromssignal-extraljus-backljussignal-12v\/#primaryimage\",\"url\":\"https:\/\/xenonkungen.com\/wp-content\/uploads\/2025\/04\/172128839-origpic-59e4c8.jpg\",\"contentUrl\":\"https:\/\/xenonkungen.com\/wp-content\/uploads\/2025\/04\/172128839-origpic-59e4c8.jpg\",\"width\":1000,\"height\":1000},{\"@type\":\"BreadcrumbList\",\"@id\":\"https:\/\/xenonkungen.com\/produkt\/canm8-styrstromssignal-extraljus-backljussignal-12v\/#breadcrumb\",\"itemListElement\":[{\"@type\":\"ListItem\",\"position\":1,\"name\":\"Hem\",\"item\":\"https:\/\/xenonkungen.com\/\"},{\"@type\":\"ListItem\",\"position\":2,\"name\":\"Shop\",\"item\":\"https:\/\/xenonkungen.com\/shop\/\"},{\"@type\":\"ListItem\",\"position\":3,\"name\":\"CANM8 &#8211; Styrstr\u00f6mssignal Extraljus &#038; Backljussignal 12V\"}]},{\"@type\":\"WebSite\",\"@id\":\"https:\/\/xenonkungen.com\/#website\",\"url\":\"https:\/\/xenonkungen.com\/\",\"name\":\"Xenonkungen\",\"description\":\"\",\"potentialAction\":[{\"@type\":\"SearchAction\",\"target\":{\"@type\":\"EntryPoint\",\"urlTemplate\":\"https:\/\/xenonkungen.com\/?s={search_term_string}\"},\"query-input\":{\"@type\":\"PropertyValueSpecification\",\"valueRequired\":true,\"valueName\":\"search_term_string\"}}],\"inLanguage\":\"es\"}]}<\/script>\n<!-- \/ Yoast SEO plugin. -->","yoast_head_json":{"title":"CANM8 - Se\u00f1al de corriente de control Luz auxiliar y se\u00f1al de luz de marcha atr\u00e1s 12 V - Xen\u00f3n","robots":{"index":"index","follow":"follow","max-snippet":"max-snippet:-1","max-image-preview":"max-image-preview:large","max-video-preview":"max-video-preview:-1"},"canonical":"https:\/\/xenonkungen.com\/es\/producto\/senal-de-corriente-de-control-canm8-luz-auxiliar-luz-de-marcha-atras-senal-de-12-v\/","og_locale":"es_ES","og_type":"article","og_title":"CANM8 - Styrstr\u00f6mssignal Extraljus & Backljussignal 12V - Xenonkungen","og_description":"CANM8 &#8211; Styrstr\u00f6mssignal Extraljus &amp; Backljussignal 12V F\u00f6r bilar d\u00e4r ingen helljussignal finns tillg\u00e4nglig f\u00f6r styrning av extraljus eller ljusramp via rel\u00e4kablage eller XBB. CAN bus interface som ger 12V ut vid helljus, backsignal, +15 t\u00e4ndning. Perfekt att anv\u00e4nda tillsammans med extraljus, arbetsbelysning bak och tillg\u00e5ng till t\u00e4ndnings str\u00f6m. Denna typ av teknisk modul kr\u00e4vs [&hellip;]","og_url":"https:\/\/xenonkungen.com\/es\/producto\/senal-de-corriente-de-control-canm8-luz-auxiliar-luz-de-marcha-atras-senal-de-12-v\/","og_site_name":"Xenonkungen","article_modified_time":"2026-04-25T21:35:54+00:00","og_image":[{"width":1000,"height":1000,"url":"https:\/\/xenonkungen.com\/wp-content\/uploads\/2025\/04\/172128839-origpic-59e4c8.jpg","type":"image\/jpeg"}],"twitter_card":"summary_large_image","twitter_misc":{"Tiempo de lectura":"1 minuto"},"schema":{"@context":"https:\/\/schema.org","@graph":[{"@type":"WebPage","@id":"https:\/\/xenonkungen.com\/produkt\/canm8-styrstromssignal-extraljus-backljussignal-12v\/","url":"https:\/\/xenonkungen.com\/produkt\/canm8-styrstromssignal-extraljus-backljussignal-12v\/","name":"CANM8 - Se\u00f1al de corriente de control Luz auxiliar y se\u00f1al de luz de marcha atr\u00e1s 12 V - Xen\u00f3n","isPartOf":{"@id":"https:\/\/xenonkungen.com\/#website"},"primaryImageOfPage":{"@id":"https:\/\/xenonkungen.com\/produkt\/canm8-styrstromssignal-extraljus-backljussignal-12v\/#primaryimage"},"image":{"@id":"https:\/\/xenonkungen.com\/produkt\/canm8-styrstromssignal-extraljus-backljussignal-12v\/#primaryimage"},"thumbnailUrl":"https:\/\/xenonkungen.com\/wp-content\/uploads\/2025\/04\/172128839-origpic-59e4c8.jpg","datePublished":"2025-04-15T08:39:19+00:00","dateModified":"2026-04-25T21:35:54+00:00","breadcrumb":{"@id":"https:\/\/xenonkungen.com\/produkt\/canm8-styrstromssignal-extraljus-backljussignal-12v\/#breadcrumb"},"inLanguage":"es","potentialAction":[{"@type":"ReadAction","target":["https:\/\/xenonkungen.com\/produkt\/canm8-styrstromssignal-extraljus-backljussignal-12v\/"]}]},{"@type":"ImageObject","inLanguage":"es","@id":"https:\/\/xenonkungen.com\/produkt\/canm8-styrstromssignal-extraljus-backljussignal-12v\/#primaryimage","url":"https:\/\/xenonkungen.com\/wp-content\/uploads\/2025\/04\/172128839-origpic-59e4c8.jpg","contentUrl":"https:\/\/xenonkungen.com\/wp-content\/uploads\/2025\/04\/172128839-origpic-59e4c8.jpg","width":1000,"height":1000},{"@type":"BreadcrumbList","@id":"https:\/\/xenonkungen.com\/produkt\/canm8-styrstromssignal-extraljus-backljussignal-12v\/#breadcrumb","itemListElement":[{"@type":"ListItem","position":1,"name":"Hem","item":"https:\/\/xenonkungen.com\/"},{"@type":"ListItem","position":2,"name":"Shop","item":"https:\/\/xenonkungen.com\/shop\/"},{"@type":"ListItem","position":3,"name":"CANM8 &#8211; Styrstr\u00f6mssignal Extraljus &#038; Backljussignal 12V"}]},{"@type":"WebSite","@id":"https:\/\/xenonkungen.com\/#website","url":"https:\/\/xenonkungen.com\/","name":"Xenonkungen","description":"","potentialAction":[{"@type":"SearchAction","target":{"@type":"EntryPoint","urlTemplate":"https:\/\/xenonkungen.com\/?s={search_term_string}"},"query-input":{"@type":"PropertyValueSpecification","valueRequired":true,"valueName":"search_term_string"}}],"inLanguage":"es"}]}},"taxonomy_info":{"product_cat":[{"value":2487,"label":"Canbus"},{"value":477,"label":"Canbus | EMC"},{"value":390,"label":"Installation"}]},"featured_image_src_large":["https:\/\/xenonkungen.com\/wp-content\/uploads\/2025\/04\/172128839-origpic-59e4c8.jpg",1000,1000,false],"author_info":[],"comment_info":0,"_links":{"self":[{"href":"https:\/\/xenonkungen.com\/es\/wp-json\/wp\/v2\/product\/2572","targetHints":{"allow":["GET"]}}],"collection":[{"href":"https:\/\/xenonkungen.com\/es\/wp-json\/wp\/v2\/product"}],"about":[{"href":"https:\/\/xenonkungen.com\/es\/wp-json\/wp\/v2\/types\/product"}],"replies":[{"embeddable":true,"href":"https:\/\/xenonkungen.com\/es\/wp-json\/wp\/v2\/comments?post=2572"}],"wp:featuredmedia":[{"embeddable":true,"href":"https:\/\/xenonkungen.com\/es\/wp-json\/wp\/v2\/media\/2573"}],"wp:attachment":[{"href":"https:\/\/xenonkungen.com\/es\/wp-json\/wp\/v2\/media?parent=2572"}],"wp:term":[{"taxonomy":"anvandningsomrade","embeddable":true,"href":"https:\/\/xenonkungen.com\/es\/wp-json\/wp\/v2\/anvandningsomrade?post=2572"},{"taxonomy":"bilmarken","embeddable":true,"href":"https:\/\/xenonkungen.com\/es\/wp-json\/wp\/v2\/bilmarken?post=2572"},{"taxonomy":"product_brand","embeddable":true,"href":"https:\/\/xenonkungen.com\/es\/wp-json\/wp\/v2\/product_brand?post=2572"},{"taxonomy":"product_cat","embeddable":true,"href":"https:\/\/xenonkungen.com\/es\/wp-json\/wp\/v2\/product_cat?post=2572"},{"taxonomy":"product_tag","embeddable":true,"href":"https:\/\/xenonkungen.com\/es\/wp-json\/wp\/v2\/product_tag?post=2572"}],"curies":[{"name":"wp","href":"https:\/\/api.w.org\/{rel}","templated":true}]}}