{"id":2574,"date":"2025-04-15T08:39:19","date_gmt":"2025-04-15T08:39:19","guid":{"rendered":"https:\/\/xenonkungen.com\/product\/rui-programmerings-enhet-for-canm8\/"},"modified":"2026-04-25T22:35:57","modified_gmt":"2026-04-25T21:35:57","slug":"unidad-de-programacion-rui-para-canm8","status":"publish","type":"product","link":"https:\/\/xenonkungen.com\/es\/producto\/unidad-de-programacion-rui-para-canm8\/","title":{"rendered":"RUI Unidad de programaci\u00f3n para CANM8"},"content":{"rendered":"<table width=\"100%\">\n<tbody>\n<tr>\n<td>\n<h1>INTERFAZ DE INVESTIGACI\u00d3N Y ACTUALIZACI\u00d3N DE CANNECT (CANNECT Rui)<\/h1>\n<p>Esta es una herramienta importante para nuestro servicio de actualizaci\u00f3n remota. La nueva RUI cuenta con un procesador m\u00e1s r\u00e1pido y un nuevo dise\u00f1o que permite funciones de soporte mejoradas.<\/p>\n<p>CANNECT Rui es un dispositivo bidireccional que permite a nuestros socios descargar las \u00faltimas actualizaciones de software e instrucciones de instalaci\u00f3n espec\u00edficas del veh\u00edculo desde nuestro portal.<br \/>Este servicio es compatible con la mayor parte de nuestra gama y permite a nuestros socios actualizar sus productos al software m\u00e1s reciente hasta 1 a\u00f1o despu\u00e9s de la compra, de forma gratuita. <br \/>Esto significa que nuestros socios siempre tendr\u00e1n compatibilidad con los \u00faltimos veh\u00edculos lanzados, siempre que los datos necesarios est\u00e9n disponibles en el sistema de bus CAN del veh\u00edculo.<\/p>\n<p>La interfaz tambi\u00e9n funciona como lector de bus CAN y nos permite solucionar problemas t\u00e9cnicos de forma remota. <br \/>Como los fabricantes de veh\u00edculos renuevan constantemente sus plataformas y lanzan nuevos veh\u00edculos, esto puede dificultar que muchas empresas realicen un seguimiento.\u00a0<br \/>Pero al conectar la RUI a una computadora port\u00e1til y al veh\u00edculo, podemos iniciar sesi\u00f3n de forma remota a trav\u00e9s de Internet y solucionar y programar cualquier problema de compatibilidad en una hora. <br \/>Esto significa que cuando se lanzan nuevos veh\u00edculos, podemos ofrecer a nuestros socios de RUI compatibilidad inmediata.<\/p>\n<p>CANNECT Rui representa el siguiente paso en interfaces de bus CAN y brinda a nuestros socios soporte t\u00e9cnico inmediato y acceso a las \u00faltimas actualizaciones de software e instrucciones de cableado.<\/p>\n<\/td>\n<\/tr>\n<tr>\n<td>\u00a0<\/td>\n<\/tr>\n<\/tbody>\n<\/table>","protected":false},"excerpt":{"rendered":"<p>CANNECT RESEARCH &amp; UPDATE INTERFACE (CANNECT Rui) Detta \u00e4r ett viktigt verktyg f\u00f6r v\u00e5r fj\u00e4rruppdateringstj\u00e4nst. Den nya RUI har en snabbare processor och en ny design som m\u00f6jligg\u00f6r f\u00f6rb\u00e4ttrade supportfunktioner. CANNECT Rui \u00e4r en tv\u00e5v\u00e4gsanordning som g\u00f6r det m\u00f6jligt f\u00f6r v\u00e5ra samarbetspartners att ladda ner de senaste programuppdateringarna och bilspecifika installationsanvisningar fr\u00e5n v\u00e5r portal.Denna tj\u00e4nst [&hellip;]<\/p>","protected":false},"featured_media":2575,"comment_status":"closed","ping_status":"open","template":"","meta":{"_acf_changed":false,"_smort_price_nok":"2670","_smort_price_dkk":"1696","_smort_price_eur":"227.26","_smort_sale_price_nok":"","_smort_sale_price_dkk":"","_smort_sale_price_eur":"","smort_restorder":"","shipmondo_restorder":"","_kad_blocks_custom_css":"","_kad_blocks_head_custom_js":"","_kad_blocks_body_custom_js":"","_kad_blocks_footer_custom_js":"","smort_custom_pricelist_1":"1400","smort_custom_pricelist_2":"1400","smort_custom_pricelist_3":"1330","smort_custom_pricelist_4":"2000","smort_custom_pricelist_5":"1400"},"anvandningsomrade":[],"bilmarken":[],"product_brand":[2793],"product_cat":[2487,477,390],"product_tag":[],"class_list":{"0":"post-2574","1":"product","2":"type-product","3":"status-publish","4":"has-post-thumbnail","6":"product_brand-ovrigt","7":"product_cat-canbus-installation","8":"product_cat-canbus-emc","9":"product_cat-installation","11":"first","12":"onbackorder","13":"taxable","14":"shipping-taxable","15":"purchasable","16":"product-type-simple"},"bundled_by":[],"bundle_stock_status":"onbackorder","bundle_stock_quantity":0,"bundle_virtual":false,"bundle_layout":"","bundle_add_to_cart_form_location":"","bundle_editable_in_cart":false,"bundle_sold_individually_context":"","bundle_item_grouping":"","bundle_min_size":"","bundle_max_size":"","bundle_price":[],"bundled_items":[],"bundle_sell_ids":[],"acf":[],"yoast_head":"<!-- This site is optimized with the Yoast SEO plugin v27.0 - https:\/\/yoast.com\/product\/yoast-seo-wordpress\/ -->\n<title>RUI Programmerings enhet f\u00f6r CANM8 - Xenonkungen<\/title>\n<meta name=\"robots\" content=\"index, follow, max-snippet:-1, max-image-preview:large, max-video-preview:-1\" \/>\n<link rel=\"canonical\" href=\"https:\/\/xenonkungen.com\/es\/producto\/unidad-de-programacion-rui-para-canm8\/\" \/>\n<meta property=\"og:locale\" content=\"es_ES\" \/>\n<meta property=\"og:type\" content=\"article\" \/>\n<meta property=\"og:title\" content=\"RUI Programmerings enhet f\u00f6r CANM8 - Xenonkungen\" \/>\n<meta property=\"og:description\" content=\"CANNECT RESEARCH &amp; UPDATE INTERFACE (CANNECT Rui) Detta \u00e4r ett viktigt verktyg f\u00f6r v\u00e5r fj\u00e4rruppdateringstj\u00e4nst. Den nya RUI har en snabbare processor och en ny design som m\u00f6jligg\u00f6r f\u00f6rb\u00e4ttrade supportfunktioner. CANNECT Rui \u00e4r en tv\u00e5v\u00e4gsanordning som g\u00f6r det m\u00f6jligt f\u00f6r v\u00e5ra samarbetspartners att ladda ner de senaste programuppdateringarna och bilspecifika installationsanvisningar fr\u00e5n v\u00e5r portal.Denna tj\u00e4nst [&hellip;]\" \/>\n<meta property=\"og:url\" content=\"https:\/\/xenonkungen.com\/es\/producto\/unidad-de-programacion-rui-para-canm8\/\" \/>\n<meta property=\"og:site_name\" content=\"Xenonkungen\" \/>\n<meta property=\"article:modified_time\" content=\"2026-04-25T21:35:57+00:00\" \/>\n<meta property=\"og:image\" content=\"https:\/\/xenonkungen.com\/wp-content\/uploads\/2025\/04\/209720817-origpic-64bed8.webp\" \/>\n\t<meta property=\"og:image:width\" content=\"1170\" \/>\n\t<meta property=\"og:image:height\" content=\"450\" \/>\n\t<meta property=\"og:image:type\" content=\"image\/webp\" \/>\n<meta name=\"twitter:card\" content=\"summary_large_image\" \/>\n<meta name=\"twitter:label1\" content=\"Tiempo de lectura\" \/>\n\t<meta name=\"twitter:data1\" content=\"1 minuto\" \/>\n<script type=\"application\/ld+json\" class=\"yoast-schema-graph\">{\"@context\":\"https:\/\/schema.org\",\"@graph\":[{\"@type\":\"WebPage\",\"@id\":\"https:\/\/xenonkungen.com\/produkt\/rui-programmerings-enhet-for-canm8\/\",\"url\":\"https:\/\/xenonkungen.com\/produkt\/rui-programmerings-enhet-for-canm8\/\",\"name\":\"RUI Programmerings enhet f\u00f6r CANM8 - Xenonkungen\",\"isPartOf\":{\"@id\":\"https:\/\/xenonkungen.com\/#website\"},\"primaryImageOfPage\":{\"@id\":\"https:\/\/xenonkungen.com\/produkt\/rui-programmerings-enhet-for-canm8\/#primaryimage\"},\"image\":{\"@id\":\"https:\/\/xenonkungen.com\/produkt\/rui-programmerings-enhet-for-canm8\/#primaryimage\"},\"thumbnailUrl\":\"https:\/\/xenonkungen.com\/wp-content\/uploads\/2025\/04\/209720817-origpic-64bed8.webp\",\"datePublished\":\"2025-04-15T08:39:19+00:00\",\"dateModified\":\"2026-04-25T21:35:57+00:00\",\"breadcrumb\":{\"@id\":\"https:\/\/xenonkungen.com\/produkt\/rui-programmerings-enhet-for-canm8\/#breadcrumb\"},\"inLanguage\":\"es\",\"potentialAction\":[{\"@type\":\"ReadAction\",\"target\":[\"https:\/\/xenonkungen.com\/produkt\/rui-programmerings-enhet-for-canm8\/\"]}]},{\"@type\":\"ImageObject\",\"inLanguage\":\"es\",\"@id\":\"https:\/\/xenonkungen.com\/produkt\/rui-programmerings-enhet-for-canm8\/#primaryimage\",\"url\":\"https:\/\/xenonkungen.com\/wp-content\/uploads\/2025\/04\/209720817-origpic-64bed8.webp\",\"contentUrl\":\"https:\/\/xenonkungen.com\/wp-content\/uploads\/2025\/04\/209720817-origpic-64bed8.webp\",\"width\":1170,\"height\":450},{\"@type\":\"BreadcrumbList\",\"@id\":\"https:\/\/xenonkungen.com\/produkt\/rui-programmerings-enhet-for-canm8\/#breadcrumb\",\"itemListElement\":[{\"@type\":\"ListItem\",\"position\":1,\"name\":\"Hem\",\"item\":\"https:\/\/xenonkungen.com\/\"},{\"@type\":\"ListItem\",\"position\":2,\"name\":\"Shop\",\"item\":\"https:\/\/xenonkungen.com\/shop\/\"},{\"@type\":\"ListItem\",\"position\":3,\"name\":\"RUI Programmerings enhet f\u00f6r CANM8\"}]},{\"@type\":\"WebSite\",\"@id\":\"https:\/\/xenonkungen.com\/#website\",\"url\":\"https:\/\/xenonkungen.com\/\",\"name\":\"Xenonkungen\",\"description\":\"\",\"potentialAction\":[{\"@type\":\"SearchAction\",\"target\":{\"@type\":\"EntryPoint\",\"urlTemplate\":\"https:\/\/xenonkungen.com\/?s={search_term_string}\"},\"query-input\":{\"@type\":\"PropertyValueSpecification\",\"valueRequired\":true,\"valueName\":\"search_term_string\"}}],\"inLanguage\":\"es\"}]}<\/script>\n<!-- \/ Yoast SEO plugin. -->","yoast_head_json":{"title":"Unidad de programaci\u00f3n RUI para CANM8 - Xenonkungen","robots":{"index":"index","follow":"follow","max-snippet":"max-snippet:-1","max-image-preview":"max-image-preview:large","max-video-preview":"max-video-preview:-1"},"canonical":"https:\/\/xenonkungen.com\/es\/producto\/unidad-de-programacion-rui-para-canm8\/","og_locale":"es_ES","og_type":"article","og_title":"RUI Programmerings enhet f\u00f6r CANM8 - Xenonkungen","og_description":"CANNECT RESEARCH &amp; UPDATE INTERFACE (CANNECT Rui) Detta \u00e4r ett viktigt verktyg f\u00f6r v\u00e5r fj\u00e4rruppdateringstj\u00e4nst. Den nya RUI har en snabbare processor och en ny design som m\u00f6jligg\u00f6r f\u00f6rb\u00e4ttrade supportfunktioner. CANNECT Rui \u00e4r en tv\u00e5v\u00e4gsanordning som g\u00f6r det m\u00f6jligt f\u00f6r v\u00e5ra samarbetspartners att ladda ner de senaste programuppdateringarna och bilspecifika installationsanvisningar fr\u00e5n v\u00e5r portal.Denna tj\u00e4nst [&hellip;]","og_url":"https:\/\/xenonkungen.com\/es\/producto\/unidad-de-programacion-rui-para-canm8\/","og_site_name":"Xenonkungen","article_modified_time":"2026-04-25T21:35:57+00:00","og_image":[{"width":1170,"height":450,"url":"https:\/\/xenonkungen.com\/wp-content\/uploads\/2025\/04\/209720817-origpic-64bed8.webp","type":"image\/webp"}],"twitter_card":"summary_large_image","twitter_misc":{"Tiempo de lectura":"1 minuto"},"schema":{"@context":"https:\/\/schema.org","@graph":[{"@type":"WebPage","@id":"https:\/\/xenonkungen.com\/produkt\/rui-programmerings-enhet-for-canm8\/","url":"https:\/\/xenonkungen.com\/produkt\/rui-programmerings-enhet-for-canm8\/","name":"Unidad de programaci\u00f3n RUI para CANM8 - Xenonkungen","isPartOf":{"@id":"https:\/\/xenonkungen.com\/#website"},"primaryImageOfPage":{"@id":"https:\/\/xenonkungen.com\/produkt\/rui-programmerings-enhet-for-canm8\/#primaryimage"},"image":{"@id":"https:\/\/xenonkungen.com\/produkt\/rui-programmerings-enhet-for-canm8\/#primaryimage"},"thumbnailUrl":"https:\/\/xenonkungen.com\/wp-content\/uploads\/2025\/04\/209720817-origpic-64bed8.webp","datePublished":"2025-04-15T08:39:19+00:00","dateModified":"2026-04-25T21:35:57+00:00","breadcrumb":{"@id":"https:\/\/xenonkungen.com\/produkt\/rui-programmerings-enhet-for-canm8\/#breadcrumb"},"inLanguage":"es","potentialAction":[{"@type":"ReadAction","target":["https:\/\/xenonkungen.com\/produkt\/rui-programmerings-enhet-for-canm8\/"]}]},{"@type":"ImageObject","inLanguage":"es","@id":"https:\/\/xenonkungen.com\/produkt\/rui-programmerings-enhet-for-canm8\/#primaryimage","url":"https:\/\/xenonkungen.com\/wp-content\/uploads\/2025\/04\/209720817-origpic-64bed8.webp","contentUrl":"https:\/\/xenonkungen.com\/wp-content\/uploads\/2025\/04\/209720817-origpic-64bed8.webp","width":1170,"height":450},{"@type":"BreadcrumbList","@id":"https:\/\/xenonkungen.com\/produkt\/rui-programmerings-enhet-for-canm8\/#breadcrumb","itemListElement":[{"@type":"ListItem","position":1,"name":"Hem","item":"https:\/\/xenonkungen.com\/"},{"@type":"ListItem","position":2,"name":"Shop","item":"https:\/\/xenonkungen.com\/shop\/"},{"@type":"ListItem","position":3,"name":"RUI Programmerings enhet f\u00f6r CANM8"}]},{"@type":"WebSite","@id":"https:\/\/xenonkungen.com\/#website","url":"https:\/\/xenonkungen.com\/","name":"Xenonkungen","description":"","potentialAction":[{"@type":"SearchAction","target":{"@type":"EntryPoint","urlTemplate":"https:\/\/xenonkungen.com\/?s={search_term_string}"},"query-input":{"@type":"PropertyValueSpecification","valueRequired":true,"valueName":"search_term_string"}}],"inLanguage":"es"}]}},"taxonomy_info":{"product_brand":[{"value":2793,"label":"\u00d6VRIGT"}],"product_cat":[{"value":2487,"label":"Canbus"},{"value":477,"label":"Canbus | EMC"},{"value":390,"label":"Installation"}]},"featured_image_src_large":["https:\/\/xenonkungen.com\/wp-content\/uploads\/2025\/04\/209720817-origpic-64bed8-1024x394.webp",1024,394,true],"author_info":[],"comment_info":0,"_links":{"self":[{"href":"https:\/\/xenonkungen.com\/es\/wp-json\/wp\/v2\/product\/2574","targetHints":{"allow":["GET"]}}],"collection":[{"href":"https:\/\/xenonkungen.com\/es\/wp-json\/wp\/v2\/product"}],"about":[{"href":"https:\/\/xenonkungen.com\/es\/wp-json\/wp\/v2\/types\/product"}],"replies":[{"embeddable":true,"href":"https:\/\/xenonkungen.com\/es\/wp-json\/wp\/v2\/comments?post=2574"}],"wp:featuredmedia":[{"embeddable":true,"href":"https:\/\/xenonkungen.com\/es\/wp-json\/wp\/v2\/media\/2575"}],"wp:attachment":[{"href":"https:\/\/xenonkungen.com\/es\/wp-json\/wp\/v2\/media?parent=2574"}],"wp:term":[{"taxonomy":"anvandningsomrade","embeddable":true,"href":"https:\/\/xenonkungen.com\/es\/wp-json\/wp\/v2\/anvandningsomrade?post=2574"},{"taxonomy":"bilmarken","embeddable":true,"href":"https:\/\/xenonkungen.com\/es\/wp-json\/wp\/v2\/bilmarken?post=2574"},{"taxonomy":"product_brand","embeddable":true,"href":"https:\/\/xenonkungen.com\/es\/wp-json\/wp\/v2\/product_brand?post=2574"},{"taxonomy":"product_cat","embeddable":true,"href":"https:\/\/xenonkungen.com\/es\/wp-json\/wp\/v2\/product_cat?post=2574"},{"taxonomy":"product_tag","embeddable":true,"href":"https:\/\/xenonkungen.com\/es\/wp-json\/wp\/v2\/product_tag?post=2574"}],"curies":[{"name":"wp","href":"https:\/\/api.w.org\/{rel}","templated":true}]}}