{"id":25750,"date":"2026-02-02T13:38:50","date_gmt":"2026-02-02T12:38:50","guid":{"rendered":"https:\/\/xenonkungen.com\/?post_type=product&#038;p=25750"},"modified":"2026-04-24T17:43:41","modified_gmt":"2026-04-24T16:43:41","slug":"cable-de-arranque-osram-700a-en-bolsa","status":"publish","type":"product","link":"https:\/\/xenonkungen.com\/es\/producto\/cable-de-arranque-osram-700a-en-bolsa\/","title":{"rendered":"Cable de arranque OSRAM 700A (BOLSA)"},"content":{"rendered":"<h2 data-start=\"147\" data-end=\"202\">Arrancadores cl\u00e1sicos: arranque extremo de OSRAM<\/h2>\n<p data-start=\"204\" data-end=\"514\">Med <strong data-start=\"208\" data-end=\"293\"><span class=\"hover:entity-accent entity-underline inline cursor-pointer align-baseline\"><span class=\"whitespace-normal\">OSRAM<\/span><\/span> Arranque profesional de bater\u00eda Cable 700A<\/strong> \u00bfLo entiendes? <strong data-start=\"301\" data-end=\"334\">M\u00e1xima potencia y fiabilidad<\/strong> Cuando los veh\u00edculos pesados necesitan asistencia para arrancar. Estos cables puente est\u00e1n dise\u00f1ados para ambos <strong data-start=\"413\" data-end=\"447\">uso profesional y privado<\/strong> y se adapta a turismos, veh\u00edculos comerciales, furgonetas y camiones.<\/p>\n<p data-start=\"516\" data-end=\"931\">Los cables est\u00e1n hechos de <strong data-start=\"543\" data-end=\"569\">aluminio revestido de cobre<\/strong> Para una baja resistencia y una transferencia de corriente eficiente incluso con cargas elevadas. Con una longitud de <strong data-start=\"661\" data-end=\"674\">3,5 metros<\/strong> y un fuerte <strong data-start=\"690\" data-end=\"713\">secci\u00f3n transversal del cable de 25 mm\u00b2<\/strong> \u00bfSon capaces de empezar? <strong data-start=\"735\" data-end=\"783\">Motores de gasolina y di\u00e9sel de hasta 5,5 litros<\/strong>La construcci\u00f3n robusta proporciona una <strong data-start=\"819\" data-end=\"846\">corriente pico de 700 A<\/strong> y <strong data-start=\"851\" data-end=\"879\">350 A de corriente continua<\/strong>, y est\u00e1 adaptado para ambos <strong data-start=\"906\" data-end=\"923\">12 V y 24 V<\/strong>-sistema.<\/p>\n<p data-start=\"933\" data-end=\"1254\">El duradero <strong data-start=\"948\" data-end=\"967\">El aislamiento de PVC<\/strong> protege los cables en entornos hostiles, mientras que <strong data-start=\"1008\" data-end=\"1052\">Mangos aislados y abrazaderas codificadas por colores<\/strong> Aumenta la seguridad y reduce el riesgo de conexi\u00f3n incorrecta. Para facilitar su manejo y almacenamiento ordenado, los cables de arranque se suministran en un <strong data-start=\"1175\" data-end=\"1203\">pr\u00e1ctica bolsa de almacenamiento<\/strong> donde el manual de instrucciones est\u00e1 siempre a mano.<\/p>\n<h3 data-start=\"1256\" data-end=\"1278\">Caracter\u00edsticas importantes<\/h3>\n<ul data-start=\"1279\" data-end=\"1653\">\n<li data-start=\"1279\" data-end=\"1328\">\n<p data-start=\"1281\" data-end=\"1328\">Cables de arranque extra potentes para veh\u00edculos pesados<\/p>\n<\/li>\n<li data-start=\"1329\" data-end=\"1384\">\n<p data-start=\"1331\" data-end=\"1384\">Aluminio revestido de cobre para una transferencia de potencia eficiente<\/p>\n<\/li>\n<li data-start=\"1385\" data-end=\"1421\">\n<p data-start=\"1387\" data-end=\"1421\">3,5 m de longitud y 25 mm\u00b2 de superficie de cable<\/p>\n<\/li>\n<li data-start=\"1422\" data-end=\"1472\">\n<p data-start=\"1424\" data-end=\"1472\">Hasta 700 A de corriente pico (350 A continuos)<\/p>\n<\/li>\n<li data-start=\"1473\" data-end=\"1521\">\n<p data-start=\"1475\" data-end=\"1521\">Para motores de gasolina y di\u00e9sel de hasta 5,5 l<\/p>\n<\/li>\n<li data-start=\"1522\" data-end=\"1550\">\n<p data-start=\"1524\" data-end=\"1550\">Para sistemas de 12 V y 24 V<\/p>\n<\/li>\n<li data-start=\"1551\" data-end=\"1596\">\n<p data-start=\"1553\" data-end=\"1596\">Abrazaderas y mangos aislados y codificados por colores<\/p>\n<\/li>\n<li data-start=\"1597\" data-end=\"1622\">\n<p data-start=\"1599\" data-end=\"1622\">Bolsa de almacenamiento incluida<\/p>\n<\/li>\n<li data-start=\"1623\" data-end=\"1653\">\n<p data-start=\"1625\" data-end=\"1653\"><strong data-start=\"1625\" data-end=\"1653\">Garant\u00eda de 2 a\u00f1os de OSRAM<\/strong><\/p>\n<\/li>\n<\/ul>\n<p data-start=\"1655\" data-end=\"1760\"><strong data-start=\"1655\" data-end=\"1753\">Cable de arranque profesional OSRAM BATTERYstart de 700 A: cuando se requiere potencia bruta y control total.<\/strong><\/p>","protected":false},"excerpt":{"rendered":"<p>Klassiska startkablar \u2013 extrem starthj\u00e4lp fr\u00e5n OSRAM Med OSRAM BATTERYstart PROFESSIONAL STARTERcable 700A f\u00e5r du maximal kraft och p\u00e5litlighet n\u00e4r tunga fordon beh\u00f6ver starthj\u00e4lp. Dessa startkablar \u00e4r utvecklade f\u00f6r b\u00e5de professionellt och privat bruk och passar personbilar, nyttofordon, transportbilar och lastbilar. Kablarna \u00e4r tillverkade av kopparbelagd aluminium f\u00f6r l\u00e5g resistans och effektiv str\u00f6m\u00f6verf\u00f6ring \u00e4ven vid [&hellip;]<\/p>","protected":false},"featured_media":25754,"comment_status":"open","ping_status":"closed","template":"","meta":{"_acf_changed":false,"_smort_price_nok":"373","_smort_price_dkk":"","_smort_price_eur":"","_smort_sale_price_nok":"","_smort_sale_price_dkk":"","_smort_sale_price_eur":"","smort_restorder":"","shipmondo_restorder":"","_kad_blocks_custom_css":"","_kad_blocks_head_custom_js":"","_kad_blocks_body_custom_js":"","_kad_blocks_footer_custom_js":"","smort_custom_pricelist_1":"223.36","smort_custom_pricelist_2":"195.44","smort_custom_pricelist_3":"181.48","smort_custom_pricelist_4":"279.2","smort_custom_pricelist_5":"195.44"},"anvandningsomrade":[],"bilmarken":[],"product_brand":[108],"product_cat":[377],"product_tag":[],"class_list":{"0":"post-25750","1":"product","2":"type-product","3":"status-publish","4":"has-post-thumbnail","6":"product_brand-osram","7":"product_cat-biltillbehor","9":"first","10":"instock","11":"taxable","12":"shipping-taxable","13":"purchasable","14":"product-type-simple"},"bundled_by":[],"bundle_stock_status":"instock","bundle_stock_quantity":1,"bundle_virtual":false,"bundle_layout":"","bundle_add_to_cart_form_location":"","bundle_editable_in_cart":false,"bundle_sold_individually_context":"","bundle_item_grouping":"","bundle_min_size":"","bundle_max_size":"","bundle_price":[],"bundled_items":[],"bundle_sell_ids":[],"acf":[],"yoast_head":"<!-- This site is optimized with the Yoast SEO plugin v27.0 - https:\/\/yoast.com\/product\/yoast-seo-wordpress\/ -->\n<title>OSRAM STARTERcable 700A (BAG) - Xenonkungen<\/title>\n<meta name=\"robots\" content=\"index, follow, max-snippet:-1, max-image-preview:large, max-video-preview:-1\" \/>\n<link rel=\"canonical\" href=\"https:\/\/xenonkungen.com\/es\/producto\/cable-de-arranque-osram-700a-en-bolsa\/\" \/>\n<meta property=\"og:locale\" content=\"es_ES\" \/>\n<meta property=\"og:type\" content=\"article\" \/>\n<meta property=\"og:title\" content=\"OSRAM STARTERcable 700A (BAG) - Xenonkungen\" \/>\n<meta property=\"og:description\" content=\"Klassiska startkablar \u2013 extrem starthj\u00e4lp fr\u00e5n OSRAM Med OSRAM BATTERYstart PROFESSIONAL STARTERcable 700A f\u00e5r du maximal kraft och p\u00e5litlighet n\u00e4r tunga fordon beh\u00f6ver starthj\u00e4lp. Dessa startkablar \u00e4r utvecklade f\u00f6r b\u00e5de professionellt och privat bruk och passar personbilar, nyttofordon, transportbilar och lastbilar. Kablarna \u00e4r tillverkade av kopparbelagd aluminium f\u00f6r l\u00e5g resistans och effektiv str\u00f6m\u00f6verf\u00f6ring \u00e4ven vid [&hellip;]\" \/>\n<meta property=\"og:url\" content=\"https:\/\/xenonkungen.com\/es\/producto\/cable-de-arranque-osram-700a-en-bolsa\/\" \/>\n<meta property=\"og:site_name\" content=\"Xenonkungen\" \/>\n<meta property=\"article:modified_time\" content=\"2026-04-24T16:43:41+00:00\" \/>\n<meta property=\"og:image\" content=\"https:\/\/xenonkungen.com\/wp-content\/uploads\/2026\/02\/Small-for-web-and-ppt-PI_ARF-2021-01589_BATTERYstart_STARTER_CABLE_700A_OSC250A.jpg\" \/>\n\t<meta property=\"og:image:width\" content=\"1024\" \/>\n\t<meta property=\"og:image:height\" content=\"1024\" \/>\n\t<meta property=\"og:image:type\" content=\"image\/jpeg\" \/>\n<meta name=\"twitter:card\" content=\"summary_large_image\" \/>\n<meta name=\"twitter:label1\" content=\"Tiempo de lectura\" \/>\n\t<meta name=\"twitter:data1\" content=\"2 minutos\" \/>\n<script type=\"application\/ld+json\" class=\"yoast-schema-graph\">{\"@context\":\"https:\/\/schema.org\",\"@graph\":[{\"@type\":\"WebPage\",\"@id\":\"https:\/\/xenonkungen.com\/produkt\/osram-startercable-700a-bag\/\",\"url\":\"https:\/\/xenonkungen.com\/produkt\/osram-startercable-700a-bag\/\",\"name\":\"OSRAM STARTERcable 700A (BAG) - Xenonkungen\",\"isPartOf\":{\"@id\":\"https:\/\/xenonkungen.com\/#website\"},\"primaryImageOfPage\":{\"@id\":\"https:\/\/xenonkungen.com\/produkt\/osram-startercable-700a-bag\/#primaryimage\"},\"image\":{\"@id\":\"https:\/\/xenonkungen.com\/produkt\/osram-startercable-700a-bag\/#primaryimage\"},\"thumbnailUrl\":\"https:\/\/xenonkungen.com\/wp-content\/uploads\/2026\/02\/Small-for-web-and-ppt-PI_ARF-2021-01589_BATTERYstart_STARTER_CABLE_700A_OSC250A.jpg\",\"datePublished\":\"2026-02-02T12:38:50+00:00\",\"dateModified\":\"2026-04-24T16:43:41+00:00\",\"breadcrumb\":{\"@id\":\"https:\/\/xenonkungen.com\/produkt\/osram-startercable-700a-bag\/#breadcrumb\"},\"inLanguage\":\"es\",\"potentialAction\":[{\"@type\":\"ReadAction\",\"target\":[\"https:\/\/xenonkungen.com\/produkt\/osram-startercable-700a-bag\/\"]}]},{\"@type\":\"ImageObject\",\"inLanguage\":\"es\",\"@id\":\"https:\/\/xenonkungen.com\/produkt\/osram-startercable-700a-bag\/#primaryimage\",\"url\":\"https:\/\/xenonkungen.com\/wp-content\/uploads\/2026\/02\/Small-for-web-and-ppt-PI_ARF-2021-01589_BATTERYstart_STARTER_CABLE_700A_OSC250A.jpg\",\"contentUrl\":\"https:\/\/xenonkungen.com\/wp-content\/uploads\/2026\/02\/Small-for-web-and-ppt-PI_ARF-2021-01589_BATTERYstart_STARTER_CABLE_700A_OSC250A.jpg\",\"width\":1024,\"height\":1024},{\"@type\":\"BreadcrumbList\",\"@id\":\"https:\/\/xenonkungen.com\/produkt\/osram-startercable-700a-bag\/#breadcrumb\",\"itemListElement\":[{\"@type\":\"ListItem\",\"position\":1,\"name\":\"Hem\",\"item\":\"https:\/\/xenonkungen.com\/\"},{\"@type\":\"ListItem\",\"position\":2,\"name\":\"Shop\",\"item\":\"https:\/\/xenonkungen.com\/shop\/\"},{\"@type\":\"ListItem\",\"position\":3,\"name\":\"OSRAM STARTERcable 700A (BAG)\"}]},{\"@type\":\"WebSite\",\"@id\":\"https:\/\/xenonkungen.com\/#website\",\"url\":\"https:\/\/xenonkungen.com\/\",\"name\":\"Xenonkungen\",\"description\":\"\",\"potentialAction\":[{\"@type\":\"SearchAction\",\"target\":{\"@type\":\"EntryPoint\",\"urlTemplate\":\"https:\/\/xenonkungen.com\/?s={search_term_string}\"},\"query-input\":{\"@type\":\"PropertyValueSpecification\",\"valueRequired\":true,\"valueName\":\"search_term_string\"}}],\"inLanguage\":\"es\"}]}<\/script>\n<!-- \/ Yoast SEO plugin. -->","yoast_head_json":{"title":"Cable de arranque OSRAM 700A (BOLSA) - El rey del xen\u00f3n","robots":{"index":"index","follow":"follow","max-snippet":"max-snippet:-1","max-image-preview":"max-image-preview:large","max-video-preview":"max-video-preview:-1"},"canonical":"https:\/\/xenonkungen.com\/es\/producto\/cable-de-arranque-osram-700a-en-bolsa\/","og_locale":"es_ES","og_type":"article","og_title":"OSRAM STARTERcable 700A (BAG) - Xenonkungen","og_description":"Klassiska startkablar \u2013 extrem starthj\u00e4lp fr\u00e5n OSRAM Med OSRAM BATTERYstart PROFESSIONAL STARTERcable 700A f\u00e5r du maximal kraft och p\u00e5litlighet n\u00e4r tunga fordon beh\u00f6ver starthj\u00e4lp. Dessa startkablar \u00e4r utvecklade f\u00f6r b\u00e5de professionellt och privat bruk och passar personbilar, nyttofordon, transportbilar och lastbilar. Kablarna \u00e4r tillverkade av kopparbelagd aluminium f\u00f6r l\u00e5g resistans och effektiv str\u00f6m\u00f6verf\u00f6ring \u00e4ven vid [&hellip;]","og_url":"https:\/\/xenonkungen.com\/es\/producto\/cable-de-arranque-osram-700a-en-bolsa\/","og_site_name":"Xenonkungen","article_modified_time":"2026-04-24T16:43:41+00:00","og_image":[{"width":1024,"height":1024,"url":"https:\/\/xenonkungen.com\/wp-content\/uploads\/2026\/02\/Small-for-web-and-ppt-PI_ARF-2021-01589_BATTERYstart_STARTER_CABLE_700A_OSC250A.jpg","type":"image\/jpeg"}],"twitter_card":"summary_large_image","twitter_misc":{"Tiempo de lectura":"2 minutos"},"schema":{"@context":"https:\/\/schema.org","@graph":[{"@type":"WebPage","@id":"https:\/\/xenonkungen.com\/produkt\/osram-startercable-700a-bag\/","url":"https:\/\/xenonkungen.com\/produkt\/osram-startercable-700a-bag\/","name":"Cable de arranque OSRAM 700A (BOLSA) - El rey del xen\u00f3n","isPartOf":{"@id":"https:\/\/xenonkungen.com\/#website"},"primaryImageOfPage":{"@id":"https:\/\/xenonkungen.com\/produkt\/osram-startercable-700a-bag\/#primaryimage"},"image":{"@id":"https:\/\/xenonkungen.com\/produkt\/osram-startercable-700a-bag\/#primaryimage"},"thumbnailUrl":"https:\/\/xenonkungen.com\/wp-content\/uploads\/2026\/02\/Small-for-web-and-ppt-PI_ARF-2021-01589_BATTERYstart_STARTER_CABLE_700A_OSC250A.jpg","datePublished":"2026-02-02T12:38:50+00:00","dateModified":"2026-04-24T16:43:41+00:00","breadcrumb":{"@id":"https:\/\/xenonkungen.com\/produkt\/osram-startercable-700a-bag\/#breadcrumb"},"inLanguage":"es","potentialAction":[{"@type":"ReadAction","target":["https:\/\/xenonkungen.com\/produkt\/osram-startercable-700a-bag\/"]}]},{"@type":"ImageObject","inLanguage":"es","@id":"https:\/\/xenonkungen.com\/produkt\/osram-startercable-700a-bag\/#primaryimage","url":"https:\/\/xenonkungen.com\/wp-content\/uploads\/2026\/02\/Small-for-web-and-ppt-PI_ARF-2021-01589_BATTERYstart_STARTER_CABLE_700A_OSC250A.jpg","contentUrl":"https:\/\/xenonkungen.com\/wp-content\/uploads\/2026\/02\/Small-for-web-and-ppt-PI_ARF-2021-01589_BATTERYstart_STARTER_CABLE_700A_OSC250A.jpg","width":1024,"height":1024},{"@type":"BreadcrumbList","@id":"https:\/\/xenonkungen.com\/produkt\/osram-startercable-700a-bag\/#breadcrumb","itemListElement":[{"@type":"ListItem","position":1,"name":"Hem","item":"https:\/\/xenonkungen.com\/"},{"@type":"ListItem","position":2,"name":"Shop","item":"https:\/\/xenonkungen.com\/shop\/"},{"@type":"ListItem","position":3,"name":"OSRAM STARTERcable 700A (BAG)"}]},{"@type":"WebSite","@id":"https:\/\/xenonkungen.com\/#website","url":"https:\/\/xenonkungen.com\/","name":"Xenonkungen","description":"","potentialAction":[{"@type":"SearchAction","target":{"@type":"EntryPoint","urlTemplate":"https:\/\/xenonkungen.com\/?s={search_term_string}"},"query-input":{"@type":"PropertyValueSpecification","valueRequired":true,"valueName":"search_term_string"}}],"inLanguage":"es"}]}},"taxonomy_info":{"product_brand":[{"value":108,"label":"OSRAM"}],"product_cat":[{"value":377,"label":"Biltillbeh\u00f6r"}]},"featured_image_src_large":["https:\/\/xenonkungen.com\/wp-content\/uploads\/2026\/02\/Small-for-web-and-ppt-PI_ARF-2021-01589_BATTERYstart_STARTER_CABLE_700A_OSC250A.jpg",1024,1024,false],"author_info":[],"comment_info":0,"_links":{"self":[{"href":"https:\/\/xenonkungen.com\/es\/wp-json\/wp\/v2\/product\/25750","targetHints":{"allow":["GET"]}}],"collection":[{"href":"https:\/\/xenonkungen.com\/es\/wp-json\/wp\/v2\/product"}],"about":[{"href":"https:\/\/xenonkungen.com\/es\/wp-json\/wp\/v2\/types\/product"}],"replies":[{"embeddable":true,"href":"https:\/\/xenonkungen.com\/es\/wp-json\/wp\/v2\/comments?post=25750"}],"wp:featuredmedia":[{"embeddable":true,"href":"https:\/\/xenonkungen.com\/es\/wp-json\/wp\/v2\/media\/25754"}],"wp:attachment":[{"href":"https:\/\/xenonkungen.com\/es\/wp-json\/wp\/v2\/media?parent=25750"}],"wp:term":[{"taxonomy":"anvandningsomrade","embeddable":true,"href":"https:\/\/xenonkungen.com\/es\/wp-json\/wp\/v2\/anvandningsomrade?post=25750"},{"taxonomy":"bilmarken","embeddable":true,"href":"https:\/\/xenonkungen.com\/es\/wp-json\/wp\/v2\/bilmarken?post=25750"},{"taxonomy":"product_brand","embeddable":true,"href":"https:\/\/xenonkungen.com\/es\/wp-json\/wp\/v2\/product_brand?post=25750"},{"taxonomy":"product_cat","embeddable":true,"href":"https:\/\/xenonkungen.com\/es\/wp-json\/wp\/v2\/product_cat?post=25750"},{"taxonomy":"product_tag","embeddable":true,"href":"https:\/\/xenonkungen.com\/es\/wp-json\/wp\/v2\/product_tag?post=25750"}],"curies":[{"name":"wp","href":"https:\/\/api.w.org\/{rel}","templated":true}]}}