{"id":25761,"date":"2026-02-02T13:53:01","date_gmt":"2026-02-02T12:53:01","guid":{"rendered":"https:\/\/xenonkungen.com\/?post_type=product&#038;p=25761"},"modified":"2026-04-24T17:43:43","modified_gmt":"2026-04-24T16:43:43","slug":"cable-de-arranque-osram-900a-en-bolsa","status":"publish","type":"product","link":"https:\/\/xenonkungen.com\/es\/producto\/cable-de-arranque-osram-900a-en-bolsa\/","title":{"rendered":"Cable de arranque OSRAM 900A (BOLSA)"},"content":{"rendered":"<h2 data-start=\"151\" data-end=\"205\">Arrancadores cl\u00e1sicos: rendimiento extremo de OSRAM<\/h2>\n<p data-start=\"207\" data-end=\"525\">Med <strong data-start=\"211\" data-end=\"296\"><span class=\"hover:entity-accent entity-underline inline cursor-pointer align-baseline\"><span class=\"whitespace-normal\">OSRAM<\/span><\/span> Arranque profesional de bater\u00eda Cable 900A<\/strong> \u00bfLo entiendes? <strong data-start=\"304\" data-end=\"356\">M\u00e1xima asistencia de arranque para los veh\u00edculos m\u00e1s exigentes<\/strong>Estos cables puente est\u00e1n desarrollados tanto para <strong data-start=\"399\" data-end=\"433\">uso profesional y privado<\/strong> y es una opci\u00f3n obvia para turismos grandes, furgonetas, veh\u00edculos comerciales y camiones.<\/p>\n<p data-start=\"527\" data-end=\"967\">Los cables est\u00e1n hechos de <strong data-start=\"554\" data-end=\"580\">aluminio revestido de cobre<\/strong>, que proporciona baja resistencia y una transferencia de corriente estable y eficiente incluso con cargas muy elevadas. Con una generosa longitud de <strong data-start=\"706\" data-end=\"719\">4,5 metros<\/strong> y un fuerte <strong data-start=\"735\" data-end=\"758\">secci\u00f3n transversal del cable de 35 mm\u00b2<\/strong> \u00bfSon capaces de empezar? <strong data-start=\"780\" data-end=\"828\">Motores de gasolina y di\u00e9sel de hasta 7,0 litros<\/strong>El dise\u00f1o permite una <strong data-start=\"858\" data-end=\"889\">corriente pico de hasta 900 A<\/strong> y <strong data-start=\"894\" data-end=\"922\">450 A de corriente continua<\/strong>, adaptado para ambos <strong data-start=\"942\" data-end=\"959\">12 V y 24 V<\/strong>-sistema.<\/p>\n<p data-start=\"969\" data-end=\"1250\">El duradero <strong data-start=\"984\" data-end=\"1003\">El aislamiento de PVC<\/strong> protege los cables en entornos hostiles, mientras que <strong data-start=\"1044\" data-end=\"1088\">Mangos aislados y abrazaderas codificadas por colores<\/strong> Aumenta la seguridad y minimiza el riesgo de conexi\u00f3n incorrecta. Los cables de arranque se suministran en un <strong data-start=\"1172\" data-end=\"1200\">pr\u00e1ctica bolsa de almacenamiento<\/strong> donde el manual de instrucciones est\u00e1 siempre f\u00e1cilmente accesible.<\/p>\n<h3 data-start=\"1252\" data-end=\"1274\">Caracter\u00edsticas importantes<\/h3>\n<ul data-start=\"1275\" data-end=\"1651\">\n<li data-start=\"1275\" data-end=\"1326\">\n<p data-start=\"1277\" data-end=\"1326\">Arrancadores de bater\u00eda extremadamente potentes para veh\u00edculos pesados<\/p>\n<\/li>\n<li data-start=\"1327\" data-end=\"1382\">\n<p data-start=\"1329\" data-end=\"1382\">Aluminio revestido de cobre para una transferencia de potencia eficiente<\/p>\n<\/li>\n<li data-start=\"1383\" data-end=\"1419\">\n<p data-start=\"1385\" data-end=\"1419\">4,5 m de longitud y 35 mm\u00b2 de superficie de cable<\/p>\n<\/li>\n<li data-start=\"1420\" data-end=\"1470\">\n<p data-start=\"1422\" data-end=\"1470\">Hasta 900 A de corriente pico (450 A continuos)<\/p>\n<\/li>\n<li data-start=\"1471\" data-end=\"1519\">\n<p data-start=\"1473\" data-end=\"1519\">Para motores de gasolina y di\u00e9sel de hasta 7,0 l<\/p>\n<\/li>\n<li data-start=\"1520\" data-end=\"1548\">\n<p data-start=\"1522\" data-end=\"1548\">Para sistemas de 12 V y 24 V<\/p>\n<\/li>\n<li data-start=\"1549\" data-end=\"1594\">\n<p data-start=\"1551\" data-end=\"1594\">Abrazaderas y mangos aislados y codificados por colores<\/p>\n<\/li>\n<li data-start=\"1595\" data-end=\"1620\">\n<p data-start=\"1597\" data-end=\"1620\">Bolsa de almacenamiento incluida<\/p>\n<\/li>\n<li data-start=\"1621\" data-end=\"1651\">\n<p data-start=\"1623\" data-end=\"1651\"><strong data-start=\"1623\" data-end=\"1651\">Garant\u00eda de 2 a\u00f1os de OSRAM<\/strong><\/p>\n<\/li>\n<\/ul>\n<p data-start=\"1653\" data-end=\"1770\"><strong data-start=\"1653\" data-end=\"1763\">Cable de arranque profesional OSRAM BATTERYstart de 900 A: cuando la potencia absoluta, la autonom\u00eda y la seguridad son imprescindibles.<\/strong><\/p>","protected":false},"excerpt":{"rendered":"<p>Klassiska startkablar \u2013 extrem prestanda fr\u00e5n OSRAM Med OSRAM BATTERYstart PROFESSIONAL STARTERcable 900A f\u00e5r du maximal starthj\u00e4lp f\u00f6r de mest kr\u00e4vande fordonen. Dessa startkablar \u00e4r utvecklade f\u00f6r b\u00e5de professionellt och privat bruk och \u00e4r ett sj\u00e4lvklart val f\u00f6r stora personbilar, transportbilar, nyttofordon och lastbilar. Kablarna \u00e4r tillverkade av kopparbelagd aluminium, vilket ger l\u00e5g resistans och [&hellip;]<\/p>","protected":false},"featured_media":25765,"comment_status":"open","ping_status":"closed","template":"","meta":{"_acf_changed":false,"_smort_price_nok":"636","_smort_price_dkk":"","_smort_price_eur":"","_smort_sale_price_nok":"","_smort_sale_price_dkk":"","_smort_sale_price_eur":"","smort_restorder":"","shipmondo_restorder":"","_kad_blocks_custom_css":"","_kad_blocks_head_custom_js":"","_kad_blocks_body_custom_js":"","_kad_blocks_footer_custom_js":"","smort_custom_pricelist_1":"380.8","smort_custom_pricelist_2":"333.2","smort_custom_pricelist_3":"309.4","smort_custom_pricelist_4":"476","smort_custom_pricelist_5":"333.2"},"anvandningsomrade":[],"bilmarken":[],"product_brand":[108],"product_cat":[377],"product_tag":[],"class_list":{"0":"post-25761","1":"product","2":"type-product","3":"status-publish","4":"has-post-thumbnail","6":"product_brand-osram","7":"product_cat-biltillbehor","9":"first","10":"onbackorder","11":"taxable","12":"shipping-taxable","13":"purchasable","14":"product-type-simple"},"bundled_by":[],"bundle_stock_status":"onbackorder","bundle_stock_quantity":0,"bundle_virtual":false,"bundle_layout":"","bundle_add_to_cart_form_location":"","bundle_editable_in_cart":false,"bundle_sold_individually_context":"","bundle_item_grouping":"","bundle_min_size":"","bundle_max_size":"","bundle_price":[],"bundled_items":[],"bundle_sell_ids":[],"acf":[],"yoast_head":"<!-- This site is optimized with the Yoast SEO plugin v27.0 - https:\/\/yoast.com\/product\/yoast-seo-wordpress\/ -->\n<title>OSRAM STARTERcable 900A (BAG) - Xenonkungen<\/title>\n<meta name=\"robots\" content=\"index, follow, max-snippet:-1, max-image-preview:large, max-video-preview:-1\" \/>\n<link rel=\"canonical\" href=\"https:\/\/xenonkungen.com\/es\/producto\/cable-de-arranque-osram-900a-en-bolsa\/\" \/>\n<meta property=\"og:locale\" content=\"es_ES\" \/>\n<meta property=\"og:type\" content=\"article\" \/>\n<meta property=\"og:title\" content=\"OSRAM STARTERcable 900A (BAG) - Xenonkungen\" \/>\n<meta property=\"og:description\" content=\"Klassiska startkablar \u2013 extrem prestanda fr\u00e5n OSRAM Med OSRAM BATTERYstart PROFESSIONAL STARTERcable 900A f\u00e5r du maximal starthj\u00e4lp f\u00f6r de mest kr\u00e4vande fordonen. Dessa startkablar \u00e4r utvecklade f\u00f6r b\u00e5de professionellt och privat bruk och \u00e4r ett sj\u00e4lvklart val f\u00f6r stora personbilar, transportbilar, nyttofordon och lastbilar. Kablarna \u00e4r tillverkade av kopparbelagd aluminium, vilket ger l\u00e5g resistans och [&hellip;]\" \/>\n<meta property=\"og:url\" content=\"https:\/\/xenonkungen.com\/es\/producto\/cable-de-arranque-osram-900a-en-bolsa\/\" \/>\n<meta property=\"og:site_name\" content=\"Xenonkungen\" \/>\n<meta property=\"article:modified_time\" content=\"2026-04-24T16:43:43+00:00\" \/>\n<meta property=\"og:image\" content=\"https:\/\/xenonkungen.com\/wp-content\/uploads\/2026\/02\/Small-for-web-and-ppt-PI_ARF-2021-01600_BATTERYstart_STARTER_CABLE_900A_OSC350A.jpg\" \/>\n\t<meta property=\"og:image:width\" content=\"1024\" \/>\n\t<meta property=\"og:image:height\" content=\"1024\" \/>\n\t<meta property=\"og:image:type\" content=\"image\/jpeg\" \/>\n<meta name=\"twitter:card\" content=\"summary_large_image\" \/>\n<meta name=\"twitter:label1\" content=\"Tiempo de lectura\" \/>\n\t<meta name=\"twitter:data1\" content=\"2 minutos\" \/>\n<script type=\"application\/ld+json\" class=\"yoast-schema-graph\">{\"@context\":\"https:\/\/schema.org\",\"@graph\":[{\"@type\":\"WebPage\",\"@id\":\"https:\/\/xenonkungen.com\/produkt\/osram-startercable-900a-bag\/\",\"url\":\"https:\/\/xenonkungen.com\/produkt\/osram-startercable-900a-bag\/\",\"name\":\"OSRAM STARTERcable 900A (BAG) - Xenonkungen\",\"isPartOf\":{\"@id\":\"https:\/\/xenonkungen.com\/#website\"},\"primaryImageOfPage\":{\"@id\":\"https:\/\/xenonkungen.com\/produkt\/osram-startercable-900a-bag\/#primaryimage\"},\"image\":{\"@id\":\"https:\/\/xenonkungen.com\/produkt\/osram-startercable-900a-bag\/#primaryimage\"},\"thumbnailUrl\":\"https:\/\/xenonkungen.com\/wp-content\/uploads\/2026\/02\/Small-for-web-and-ppt-PI_ARF-2021-01600_BATTERYstart_STARTER_CABLE_900A_OSC350A.jpg\",\"datePublished\":\"2026-02-02T12:53:01+00:00\",\"dateModified\":\"2026-04-24T16:43:43+00:00\",\"breadcrumb\":{\"@id\":\"https:\/\/xenonkungen.com\/produkt\/osram-startercable-900a-bag\/#breadcrumb\"},\"inLanguage\":\"es\",\"potentialAction\":[{\"@type\":\"ReadAction\",\"target\":[\"https:\/\/xenonkungen.com\/produkt\/osram-startercable-900a-bag\/\"]}]},{\"@type\":\"ImageObject\",\"inLanguage\":\"es\",\"@id\":\"https:\/\/xenonkungen.com\/produkt\/osram-startercable-900a-bag\/#primaryimage\",\"url\":\"https:\/\/xenonkungen.com\/wp-content\/uploads\/2026\/02\/Small-for-web-and-ppt-PI_ARF-2021-01600_BATTERYstart_STARTER_CABLE_900A_OSC350A.jpg\",\"contentUrl\":\"https:\/\/xenonkungen.com\/wp-content\/uploads\/2026\/02\/Small-for-web-and-ppt-PI_ARF-2021-01600_BATTERYstart_STARTER_CABLE_900A_OSC350A.jpg\",\"width\":1024,\"height\":1024},{\"@type\":\"BreadcrumbList\",\"@id\":\"https:\/\/xenonkungen.com\/produkt\/osram-startercable-900a-bag\/#breadcrumb\",\"itemListElement\":[{\"@type\":\"ListItem\",\"position\":1,\"name\":\"Hem\",\"item\":\"https:\/\/xenonkungen.com\/\"},{\"@type\":\"ListItem\",\"position\":2,\"name\":\"Shop\",\"item\":\"https:\/\/xenonkungen.com\/shop\/\"},{\"@type\":\"ListItem\",\"position\":3,\"name\":\"OSRAM STARTERcable 900A (BAG)\"}]},{\"@type\":\"WebSite\",\"@id\":\"https:\/\/xenonkungen.com\/#website\",\"url\":\"https:\/\/xenonkungen.com\/\",\"name\":\"Xenonkungen\",\"description\":\"\",\"potentialAction\":[{\"@type\":\"SearchAction\",\"target\":{\"@type\":\"EntryPoint\",\"urlTemplate\":\"https:\/\/xenonkungen.com\/?s={search_term_string}\"},\"query-input\":{\"@type\":\"PropertyValueSpecification\",\"valueRequired\":true,\"valueName\":\"search_term_string\"}}],\"inLanguage\":\"es\"}]}<\/script>\n<!-- \/ Yoast SEO plugin. -->","yoast_head_json":{"title":"Cable de arranque OSRAM 900A (BOLSA) - El rey del xen\u00f3n","robots":{"index":"index","follow":"follow","max-snippet":"max-snippet:-1","max-image-preview":"max-image-preview:large","max-video-preview":"max-video-preview:-1"},"canonical":"https:\/\/xenonkungen.com\/es\/producto\/cable-de-arranque-osram-900a-en-bolsa\/","og_locale":"es_ES","og_type":"article","og_title":"OSRAM STARTERcable 900A (BAG) - Xenonkungen","og_description":"Klassiska startkablar \u2013 extrem prestanda fr\u00e5n OSRAM Med OSRAM BATTERYstart PROFESSIONAL STARTERcable 900A f\u00e5r du maximal starthj\u00e4lp f\u00f6r de mest kr\u00e4vande fordonen. Dessa startkablar \u00e4r utvecklade f\u00f6r b\u00e5de professionellt och privat bruk och \u00e4r ett sj\u00e4lvklart val f\u00f6r stora personbilar, transportbilar, nyttofordon och lastbilar. Kablarna \u00e4r tillverkade av kopparbelagd aluminium, vilket ger l\u00e5g resistans och [&hellip;]","og_url":"https:\/\/xenonkungen.com\/es\/producto\/cable-de-arranque-osram-900a-en-bolsa\/","og_site_name":"Xenonkungen","article_modified_time":"2026-04-24T16:43:43+00:00","og_image":[{"width":1024,"height":1024,"url":"https:\/\/xenonkungen.com\/wp-content\/uploads\/2026\/02\/Small-for-web-and-ppt-PI_ARF-2021-01600_BATTERYstart_STARTER_CABLE_900A_OSC350A.jpg","type":"image\/jpeg"}],"twitter_card":"summary_large_image","twitter_misc":{"Tiempo de lectura":"2 minutos"},"schema":{"@context":"https:\/\/schema.org","@graph":[{"@type":"WebPage","@id":"https:\/\/xenonkungen.com\/produkt\/osram-startercable-900a-bag\/","url":"https:\/\/xenonkungen.com\/produkt\/osram-startercable-900a-bag\/","name":"Cable de arranque OSRAM 900A (BOLSA) - El rey del xen\u00f3n","isPartOf":{"@id":"https:\/\/xenonkungen.com\/#website"},"primaryImageOfPage":{"@id":"https:\/\/xenonkungen.com\/produkt\/osram-startercable-900a-bag\/#primaryimage"},"image":{"@id":"https:\/\/xenonkungen.com\/produkt\/osram-startercable-900a-bag\/#primaryimage"},"thumbnailUrl":"https:\/\/xenonkungen.com\/wp-content\/uploads\/2026\/02\/Small-for-web-and-ppt-PI_ARF-2021-01600_BATTERYstart_STARTER_CABLE_900A_OSC350A.jpg","datePublished":"2026-02-02T12:53:01+00:00","dateModified":"2026-04-24T16:43:43+00:00","breadcrumb":{"@id":"https:\/\/xenonkungen.com\/produkt\/osram-startercable-900a-bag\/#breadcrumb"},"inLanguage":"es","potentialAction":[{"@type":"ReadAction","target":["https:\/\/xenonkungen.com\/produkt\/osram-startercable-900a-bag\/"]}]},{"@type":"ImageObject","inLanguage":"es","@id":"https:\/\/xenonkungen.com\/produkt\/osram-startercable-900a-bag\/#primaryimage","url":"https:\/\/xenonkungen.com\/wp-content\/uploads\/2026\/02\/Small-for-web-and-ppt-PI_ARF-2021-01600_BATTERYstart_STARTER_CABLE_900A_OSC350A.jpg","contentUrl":"https:\/\/xenonkungen.com\/wp-content\/uploads\/2026\/02\/Small-for-web-and-ppt-PI_ARF-2021-01600_BATTERYstart_STARTER_CABLE_900A_OSC350A.jpg","width":1024,"height":1024},{"@type":"BreadcrumbList","@id":"https:\/\/xenonkungen.com\/produkt\/osram-startercable-900a-bag\/#breadcrumb","itemListElement":[{"@type":"ListItem","position":1,"name":"Hem","item":"https:\/\/xenonkungen.com\/"},{"@type":"ListItem","position":2,"name":"Shop","item":"https:\/\/xenonkungen.com\/shop\/"},{"@type":"ListItem","position":3,"name":"OSRAM STARTERcable 900A (BAG)"}]},{"@type":"WebSite","@id":"https:\/\/xenonkungen.com\/#website","url":"https:\/\/xenonkungen.com\/","name":"Xenonkungen","description":"","potentialAction":[{"@type":"SearchAction","target":{"@type":"EntryPoint","urlTemplate":"https:\/\/xenonkungen.com\/?s={search_term_string}"},"query-input":{"@type":"PropertyValueSpecification","valueRequired":true,"valueName":"search_term_string"}}],"inLanguage":"es"}]}},"taxonomy_info":{"product_brand":[{"value":108,"label":"OSRAM"}],"product_cat":[{"value":377,"label":"Biltillbeh\u00f6r"}]},"featured_image_src_large":["https:\/\/xenonkungen.com\/wp-content\/uploads\/2026\/02\/Small-for-web-and-ppt-PI_ARF-2021-01600_BATTERYstart_STARTER_CABLE_900A_OSC350A.jpg",1024,1024,false],"author_info":[],"comment_info":0,"_links":{"self":[{"href":"https:\/\/xenonkungen.com\/es\/wp-json\/wp\/v2\/product\/25761","targetHints":{"allow":["GET"]}}],"collection":[{"href":"https:\/\/xenonkungen.com\/es\/wp-json\/wp\/v2\/product"}],"about":[{"href":"https:\/\/xenonkungen.com\/es\/wp-json\/wp\/v2\/types\/product"}],"replies":[{"embeddable":true,"href":"https:\/\/xenonkungen.com\/es\/wp-json\/wp\/v2\/comments?post=25761"}],"wp:featuredmedia":[{"embeddable":true,"href":"https:\/\/xenonkungen.com\/es\/wp-json\/wp\/v2\/media\/25765"}],"wp:attachment":[{"href":"https:\/\/xenonkungen.com\/es\/wp-json\/wp\/v2\/media?parent=25761"}],"wp:term":[{"taxonomy":"anvandningsomrade","embeddable":true,"href":"https:\/\/xenonkungen.com\/es\/wp-json\/wp\/v2\/anvandningsomrade?post=25761"},{"taxonomy":"bilmarken","embeddable":true,"href":"https:\/\/xenonkungen.com\/es\/wp-json\/wp\/v2\/bilmarken?post=25761"},{"taxonomy":"product_brand","embeddable":true,"href":"https:\/\/xenonkungen.com\/es\/wp-json\/wp\/v2\/product_brand?post=25761"},{"taxonomy":"product_cat","embeddable":true,"href":"https:\/\/xenonkungen.com\/es\/wp-json\/wp\/v2\/product_cat?post=25761"},{"taxonomy":"product_tag","embeddable":true,"href":"https:\/\/xenonkungen.com\/es\/wp-json\/wp\/v2\/product_tag?post=25761"}],"curies":[{"name":"wp","href":"https:\/\/api.w.org\/{rel}","templated":true}]}}