{"id":25776,"date":"2026-02-02T14:20:15","date_gmt":"2026-02-02T13:20:15","guid":{"rendered":"https:\/\/xenonkungen.com\/?post_type=product&#038;p=25776"},"modified":"2026-04-24T17:43:45","modified_gmt":"2026-04-24T16:43:45","slug":"cable-de-arranque-osram-1500a-en-bolsa","status":"publish","type":"product","link":"https:\/\/xenonkungen.com\/es\/producto\/cable-de-arranque-osram-1500a-en-bolsa\/","title":{"rendered":"Cable de arranque OSRAM 1500A (BOLSA)"},"content":{"rendered":"<h2 data-start=\"158\" data-end=\"209\">Arrancadores cl\u00e1sicos: m\u00e1xima potencia de OSRAM<\/h2>\n<p data-start=\"211\" data-end=\"554\">Med <strong data-start=\"215\" data-end=\"301\"><span class=\"hover:entity-accent entity-underline inline cursor-pointer align-baseline\"><span class=\"whitespace-normal\">OSRAM<\/span><\/span> Arranque profesional de bater\u00eda Cable 1200A<\/strong> \u00bfLo entiendes? <strong data-start=\"309\" data-end=\"360\">Asistencia de arranque extrema para los veh\u00edculos m\u00e1s pesados<\/strong>Estos cables puente est\u00e1n dise\u00f1ados para <strong data-start=\"398\" data-end=\"421\">uso profesional<\/strong>, pero tambi\u00e9n es adecuado para usuarios privados que exigen el m\u00e1ximo rendimiento: perfecto para camiones, maquinaria de construcci\u00f3n y veh\u00edculos comerciales m\u00e1s grandes.<\/p>\n<p data-start=\"556\" data-end=\"984\">Los cables est\u00e1n hechos de <strong data-start=\"583\" data-end=\"609\">aluminio revestido de cobre<\/strong> Para una baja resistencia y una transmisi\u00f3n de corriente segura y eficiente incluso con cargas muy elevadas. Con una generosa longitud de <strong data-start=\"723\" data-end=\"734\">5 metros<\/strong> y un fuerte <strong data-start=\"750\" data-end=\"773\">secci\u00f3n transversal del cable de 50 mm\u00b2<\/strong> \u00bfSon capaces de empezar? <strong data-start=\"795\" data-end=\"843\">Motores de gasolina y di\u00e9sel de hasta 9,5 litros<\/strong>El dise\u00f1o permite una <strong data-start=\"873\" data-end=\"906\">corriente pico de hasta 1.200 A<\/strong> y <strong data-start=\"911\" data-end=\"939\">600 A de corriente continua<\/strong>, adaptado para ambos <strong data-start=\"959\" data-end=\"976\">12 V y 24 V<\/strong>-sistema.<\/p>\n<p data-start=\"986\" data-end=\"1317\">El duradero <strong data-start=\"1001\" data-end=\"1020\">El aislamiento de PVC<\/strong> protege los cables en entornos de trabajo dif\u00edciles, mientras que <strong data-start=\"1067\" data-end=\"1119\">Mangos aislados y abrazaderas claramente codificadas por colores.<\/strong> Aumenta la seguridad y minimiza el riesgo de conexi\u00f3n incorrecta. Para facilitar su manejo y almacenamiento ordenado, los cables de arranque se suministran en un <strong data-start=\"1244\" data-end=\"1270\">bolsa de almacenamiento robusta<\/strong>, con el manual de instrucciones siempre disponible.<\/p>\n<h3 data-start=\"1319\" data-end=\"1341\">Caracter\u00edsticas importantes<\/h3>\n<ul data-start=\"1342\" data-end=\"1737\">\n<li data-start=\"1342\" data-end=\"1412\">\n<p data-start=\"1344\" data-end=\"1412\">Arrancadores de bater\u00eda extremadamente potentes para veh\u00edculos pesados y profesionales<\/p>\n<\/li>\n<li data-start=\"1413\" data-end=\"1468\">\n<p data-start=\"1415\" data-end=\"1468\">Aluminio revestido de cobre para una transferencia de potencia eficiente<\/p>\n<\/li>\n<li data-start=\"1469\" data-end=\"1503\">\n<p data-start=\"1471\" data-end=\"1503\">5 m de longitud y 50 mm\u00b2 de superficie de cable<\/p>\n<\/li>\n<li data-start=\"1504\" data-end=\"1556\">\n<p data-start=\"1506\" data-end=\"1556\">Corriente m\u00e1xima de hasta 1200 A (600 A continua)<\/p>\n<\/li>\n<li data-start=\"1557\" data-end=\"1605\">\n<p data-start=\"1559\" data-end=\"1605\">Para motores de gasolina y di\u00e9sel de hasta 9,5 l<\/p>\n<\/li>\n<li data-start=\"1606\" data-end=\"1634\">\n<p data-start=\"1608\" data-end=\"1634\">Para sistemas de 12 V y 24 V<\/p>\n<\/li>\n<li data-start=\"1635\" data-end=\"1680\">\n<p data-start=\"1637\" data-end=\"1680\">Abrazaderas y mangos aislados y codificados por colores<\/p>\n<\/li>\n<li data-start=\"1681\" data-end=\"1706\">\n<p data-start=\"1683\" data-end=\"1706\">Bolsa de almacenamiento incluida<\/p>\n<\/li>\n<li data-start=\"1707\" data-end=\"1737\">\n<p data-start=\"1709\" data-end=\"1737\"><strong data-start=\"1709\" data-end=\"1737\">Garant\u00eda de 2 a\u00f1os de OSRAM<\/strong><\/p>\n<\/li>\n<\/ul>\n<p data-start=\"1739\" data-end=\"1844\"><strong data-start=\"1739\" data-end=\"1837\">Cable de arranque profesional OSRAM BATTERYstart de 1200 A: cuando nada menos que la m\u00e1xima potencia es suficiente.<\/strong><\/p>","protected":false},"excerpt":{"rendered":"<p>Klassiska startkablar \u2013 maximal kraft fr\u00e5n OSRAM Med OSRAM BATTERYstart PROFESSIONAL STARTERcable 1200A f\u00e5r du extrem starthj\u00e4lp f\u00f6r de allra tyngsta fordonen. Dessa startkablar \u00e4r utvecklade f\u00f6r professionellt bruk, men passar \u00e4ven privata anv\u00e4ndare som kr\u00e4ver maximal prestanda \u2013 perfekt f\u00f6r lastbilar, entreprenadmaskiner och st\u00f6rre nyttofordon. Kablarna \u00e4r tillverkade av kopparbelagd aluminium f\u00f6r l\u00e5g resistans [&hellip;]<\/p>","protected":false},"featured_media":25784,"comment_status":"open","ping_status":"closed","template":"","meta":{"_acf_changed":false,"_smort_price_nok":"742","_smort_price_dkk":"","_smort_price_eur":"","_smort_sale_price_nok":"","_smort_sale_price_dkk":"","_smort_sale_price_eur":"","smort_restorder":"","shipmondo_restorder":"","_kad_blocks_custom_css":"","_kad_blocks_head_custom_js":"","_kad_blocks_body_custom_js":"","_kad_blocks_footer_custom_js":"","smort_custom_pricelist_1":"444.8","smort_custom_pricelist_2":"389.2","smort_custom_pricelist_3":"361.4","smort_custom_pricelist_4":"556","smort_custom_pricelist_5":"389.2"},"anvandningsomrade":[],"bilmarken":[],"product_brand":[108],"product_cat":[377],"product_tag":[],"class_list":{"0":"post-25776","1":"product","2":"type-product","3":"status-publish","4":"has-post-thumbnail","6":"product_brand-osram","7":"product_cat-biltillbehor","9":"first","10":"onbackorder","11":"taxable","12":"shipping-taxable","13":"purchasable","14":"product-type-simple"},"bundled_by":[],"bundle_stock_status":"onbackorder","bundle_stock_quantity":0,"bundle_virtual":false,"bundle_layout":"","bundle_add_to_cart_form_location":"","bundle_editable_in_cart":false,"bundle_sold_individually_context":"","bundle_item_grouping":"","bundle_min_size":"","bundle_max_size":"","bundle_price":[],"bundled_items":[],"bundle_sell_ids":[],"acf":[],"yoast_head":"<!-- This site is optimized with the Yoast SEO plugin v27.0 - https:\/\/yoast.com\/product\/yoast-seo-wordpress\/ -->\n<title>OSRAM STARTERcable 1500A (BAG) - Xenonkungen<\/title>\n<meta name=\"robots\" content=\"index, follow, max-snippet:-1, max-image-preview:large, max-video-preview:-1\" \/>\n<link rel=\"canonical\" href=\"https:\/\/xenonkungen.com\/es\/producto\/cable-de-arranque-osram-1500a-en-bolsa\/\" \/>\n<meta property=\"og:locale\" content=\"es_ES\" \/>\n<meta property=\"og:type\" content=\"article\" \/>\n<meta property=\"og:title\" content=\"OSRAM STARTERcable 1500A (BAG) - Xenonkungen\" \/>\n<meta property=\"og:description\" content=\"Klassiska startkablar \u2013 maximal kraft fr\u00e5n OSRAM Med OSRAM BATTERYstart PROFESSIONAL STARTERcable 1200A f\u00e5r du extrem starthj\u00e4lp f\u00f6r de allra tyngsta fordonen. Dessa startkablar \u00e4r utvecklade f\u00f6r professionellt bruk, men passar \u00e4ven privata anv\u00e4ndare som kr\u00e4ver maximal prestanda \u2013 perfekt f\u00f6r lastbilar, entreprenadmaskiner och st\u00f6rre nyttofordon. Kablarna \u00e4r tillverkade av kopparbelagd aluminium f\u00f6r l\u00e5g resistans [&hellip;]\" \/>\n<meta property=\"og:url\" content=\"https:\/\/xenonkungen.com\/es\/producto\/cable-de-arranque-osram-1500a-en-bolsa\/\" \/>\n<meta property=\"og:site_name\" content=\"Xenonkungen\" \/>\n<meta property=\"article:modified_time\" content=\"2026-04-24T16:43:45+00:00\" \/>\n<meta property=\"og:image\" content=\"https:\/\/xenonkungen.com\/wp-content\/uploads\/2026\/02\/Small-for-web-and-ppt-PI_ARF-2021-01593_BATTERYstart_STARTER_CABLE_1200A_OSC500.jpg\" \/>\n\t<meta property=\"og:image:width\" content=\"1024\" \/>\n\t<meta property=\"og:image:height\" content=\"1024\" \/>\n\t<meta property=\"og:image:type\" content=\"image\/jpeg\" \/>\n<meta name=\"twitter:card\" content=\"summary_large_image\" \/>\n<meta name=\"twitter:label1\" content=\"Tiempo de lectura\" \/>\n\t<meta name=\"twitter:data1\" content=\"2 minutos\" \/>\n<script type=\"application\/ld+json\" class=\"yoast-schema-graph\">{\"@context\":\"https:\/\/schema.org\",\"@graph\":[{\"@type\":\"WebPage\",\"@id\":\"https:\/\/xenonkungen.com\/produkt\/osram-startercable-1500a-bag\/\",\"url\":\"https:\/\/xenonkungen.com\/produkt\/osram-startercable-1500a-bag\/\",\"name\":\"OSRAM STARTERcable 1500A (BAG) - Xenonkungen\",\"isPartOf\":{\"@id\":\"https:\/\/xenonkungen.com\/#website\"},\"primaryImageOfPage\":{\"@id\":\"https:\/\/xenonkungen.com\/produkt\/osram-startercable-1500a-bag\/#primaryimage\"},\"image\":{\"@id\":\"https:\/\/xenonkungen.com\/produkt\/osram-startercable-1500a-bag\/#primaryimage\"},\"thumbnailUrl\":\"https:\/\/xenonkungen.com\/wp-content\/uploads\/2026\/02\/Small-for-web-and-ppt-PI_ARF-2021-01593_BATTERYstart_STARTER_CABLE_1200A_OSC500.jpg\",\"datePublished\":\"2026-02-02T13:20:15+00:00\",\"dateModified\":\"2026-04-24T16:43:45+00:00\",\"breadcrumb\":{\"@id\":\"https:\/\/xenonkungen.com\/produkt\/osram-startercable-1500a-bag\/#breadcrumb\"},\"inLanguage\":\"es\",\"potentialAction\":[{\"@type\":\"ReadAction\",\"target\":[\"https:\/\/xenonkungen.com\/produkt\/osram-startercable-1500a-bag\/\"]}]},{\"@type\":\"ImageObject\",\"inLanguage\":\"es\",\"@id\":\"https:\/\/xenonkungen.com\/produkt\/osram-startercable-1500a-bag\/#primaryimage\",\"url\":\"https:\/\/xenonkungen.com\/wp-content\/uploads\/2026\/02\/Small-for-web-and-ppt-PI_ARF-2021-01593_BATTERYstart_STARTER_CABLE_1200A_OSC500.jpg\",\"contentUrl\":\"https:\/\/xenonkungen.com\/wp-content\/uploads\/2026\/02\/Small-for-web-and-ppt-PI_ARF-2021-01593_BATTERYstart_STARTER_CABLE_1200A_OSC500.jpg\",\"width\":1024,\"height\":1024},{\"@type\":\"BreadcrumbList\",\"@id\":\"https:\/\/xenonkungen.com\/produkt\/osram-startercable-1500a-bag\/#breadcrumb\",\"itemListElement\":[{\"@type\":\"ListItem\",\"position\":1,\"name\":\"Hem\",\"item\":\"https:\/\/xenonkungen.com\/\"},{\"@type\":\"ListItem\",\"position\":2,\"name\":\"Shop\",\"item\":\"https:\/\/xenonkungen.com\/shop\/\"},{\"@type\":\"ListItem\",\"position\":3,\"name\":\"OSRAM STARTERcable 1500A (BAG)\"}]},{\"@type\":\"WebSite\",\"@id\":\"https:\/\/xenonkungen.com\/#website\",\"url\":\"https:\/\/xenonkungen.com\/\",\"name\":\"Xenonkungen\",\"description\":\"\",\"potentialAction\":[{\"@type\":\"SearchAction\",\"target\":{\"@type\":\"EntryPoint\",\"urlTemplate\":\"https:\/\/xenonkungen.com\/?s={search_term_string}\"},\"query-input\":{\"@type\":\"PropertyValueSpecification\",\"valueRequired\":true,\"valueName\":\"search_term_string\"}}],\"inLanguage\":\"es\"}]}<\/script>\n<!-- \/ Yoast SEO plugin. -->","yoast_head_json":{"title":"Cable de arranque OSRAM 1500A (BOLSA) - El rey del xen\u00f3n","robots":{"index":"index","follow":"follow","max-snippet":"max-snippet:-1","max-image-preview":"max-image-preview:large","max-video-preview":"max-video-preview:-1"},"canonical":"https:\/\/xenonkungen.com\/es\/producto\/cable-de-arranque-osram-1500a-en-bolsa\/","og_locale":"es_ES","og_type":"article","og_title":"OSRAM STARTERcable 1500A (BAG) - Xenonkungen","og_description":"Klassiska startkablar \u2013 maximal kraft fr\u00e5n OSRAM Med OSRAM BATTERYstart PROFESSIONAL STARTERcable 1200A f\u00e5r du extrem starthj\u00e4lp f\u00f6r de allra tyngsta fordonen. Dessa startkablar \u00e4r utvecklade f\u00f6r professionellt bruk, men passar \u00e4ven privata anv\u00e4ndare som kr\u00e4ver maximal prestanda \u2013 perfekt f\u00f6r lastbilar, entreprenadmaskiner och st\u00f6rre nyttofordon. Kablarna \u00e4r tillverkade av kopparbelagd aluminium f\u00f6r l\u00e5g resistans [&hellip;]","og_url":"https:\/\/xenonkungen.com\/es\/producto\/cable-de-arranque-osram-1500a-en-bolsa\/","og_site_name":"Xenonkungen","article_modified_time":"2026-04-24T16:43:45+00:00","og_image":[{"width":1024,"height":1024,"url":"https:\/\/xenonkungen.com\/wp-content\/uploads\/2026\/02\/Small-for-web-and-ppt-PI_ARF-2021-01593_BATTERYstart_STARTER_CABLE_1200A_OSC500.jpg","type":"image\/jpeg"}],"twitter_card":"summary_large_image","twitter_misc":{"Tiempo de lectura":"2 minutos"},"schema":{"@context":"https:\/\/schema.org","@graph":[{"@type":"WebPage","@id":"https:\/\/xenonkungen.com\/produkt\/osram-startercable-1500a-bag\/","url":"https:\/\/xenonkungen.com\/produkt\/osram-startercable-1500a-bag\/","name":"Cable de arranque OSRAM 1500A (BOLSA) - El rey del xen\u00f3n","isPartOf":{"@id":"https:\/\/xenonkungen.com\/#website"},"primaryImageOfPage":{"@id":"https:\/\/xenonkungen.com\/produkt\/osram-startercable-1500a-bag\/#primaryimage"},"image":{"@id":"https:\/\/xenonkungen.com\/produkt\/osram-startercable-1500a-bag\/#primaryimage"},"thumbnailUrl":"https:\/\/xenonkungen.com\/wp-content\/uploads\/2026\/02\/Small-for-web-and-ppt-PI_ARF-2021-01593_BATTERYstart_STARTER_CABLE_1200A_OSC500.jpg","datePublished":"2026-02-02T13:20:15+00:00","dateModified":"2026-04-24T16:43:45+00:00","breadcrumb":{"@id":"https:\/\/xenonkungen.com\/produkt\/osram-startercable-1500a-bag\/#breadcrumb"},"inLanguage":"es","potentialAction":[{"@type":"ReadAction","target":["https:\/\/xenonkungen.com\/produkt\/osram-startercable-1500a-bag\/"]}]},{"@type":"ImageObject","inLanguage":"es","@id":"https:\/\/xenonkungen.com\/produkt\/osram-startercable-1500a-bag\/#primaryimage","url":"https:\/\/xenonkungen.com\/wp-content\/uploads\/2026\/02\/Small-for-web-and-ppt-PI_ARF-2021-01593_BATTERYstart_STARTER_CABLE_1200A_OSC500.jpg","contentUrl":"https:\/\/xenonkungen.com\/wp-content\/uploads\/2026\/02\/Small-for-web-and-ppt-PI_ARF-2021-01593_BATTERYstart_STARTER_CABLE_1200A_OSC500.jpg","width":1024,"height":1024},{"@type":"BreadcrumbList","@id":"https:\/\/xenonkungen.com\/produkt\/osram-startercable-1500a-bag\/#breadcrumb","itemListElement":[{"@type":"ListItem","position":1,"name":"Hem","item":"https:\/\/xenonkungen.com\/"},{"@type":"ListItem","position":2,"name":"Shop","item":"https:\/\/xenonkungen.com\/shop\/"},{"@type":"ListItem","position":3,"name":"OSRAM STARTERcable 1500A (BAG)"}]},{"@type":"WebSite","@id":"https:\/\/xenonkungen.com\/#website","url":"https:\/\/xenonkungen.com\/","name":"Xenonkungen","description":"","potentialAction":[{"@type":"SearchAction","target":{"@type":"EntryPoint","urlTemplate":"https:\/\/xenonkungen.com\/?s={search_term_string}"},"query-input":{"@type":"PropertyValueSpecification","valueRequired":true,"valueName":"search_term_string"}}],"inLanguage":"es"}]}},"taxonomy_info":{"product_brand":[{"value":108,"label":"OSRAM"}],"product_cat":[{"value":377,"label":"Biltillbeh\u00f6r"}]},"featured_image_src_large":["https:\/\/xenonkungen.com\/wp-content\/uploads\/2026\/02\/Small-for-web-and-ppt-PI_ARF-2021-01593_BATTERYstart_STARTER_CABLE_1200A_OSC500.jpg",1024,1024,false],"author_info":[],"comment_info":0,"_links":{"self":[{"href":"https:\/\/xenonkungen.com\/es\/wp-json\/wp\/v2\/product\/25776","targetHints":{"allow":["GET"]}}],"collection":[{"href":"https:\/\/xenonkungen.com\/es\/wp-json\/wp\/v2\/product"}],"about":[{"href":"https:\/\/xenonkungen.com\/es\/wp-json\/wp\/v2\/types\/product"}],"replies":[{"embeddable":true,"href":"https:\/\/xenonkungen.com\/es\/wp-json\/wp\/v2\/comments?post=25776"}],"wp:featuredmedia":[{"embeddable":true,"href":"https:\/\/xenonkungen.com\/es\/wp-json\/wp\/v2\/media\/25784"}],"wp:attachment":[{"href":"https:\/\/xenonkungen.com\/es\/wp-json\/wp\/v2\/media?parent=25776"}],"wp:term":[{"taxonomy":"anvandningsomrade","embeddable":true,"href":"https:\/\/xenonkungen.com\/es\/wp-json\/wp\/v2\/anvandningsomrade?post=25776"},{"taxonomy":"bilmarken","embeddable":true,"href":"https:\/\/xenonkungen.com\/es\/wp-json\/wp\/v2\/bilmarken?post=25776"},{"taxonomy":"product_brand","embeddable":true,"href":"https:\/\/xenonkungen.com\/es\/wp-json\/wp\/v2\/product_brand?post=25776"},{"taxonomy":"product_cat","embeddable":true,"href":"https:\/\/xenonkungen.com\/es\/wp-json\/wp\/v2\/product_cat?post=25776"},{"taxonomy":"product_tag","embeddable":true,"href":"https:\/\/xenonkungen.com\/es\/wp-json\/wp\/v2\/product_tag?post=25776"}],"curies":[{"name":"wp","href":"https:\/\/api.w.org\/{rel}","templated":true}]}}