{"id":2579,"date":"2025-04-15T08:39:19","date_gmt":"2025-04-15T08:39:19","guid":{"rendered":"https:\/\/xenonkungen.com\/product\/xbb-obd-ii-dongel-tesla\/"},"modified":"2026-02-06T16:38:25","modified_gmt":"2026-02-06T15:38:25","slug":"adaptador-obd-ii-xbb-de-tesla","status":"publish","type":"product","link":"https:\/\/xenonkungen.com\/es\/producto\/adaptador-obd-ii-xbb-de-tesla\/","title":{"rendered":"Adaptador OBD-II XBB | Tesla Modelos X y S"},"content":{"rendered":"<h1>Adaptador OBD-II XBB | Tesla Modelos X y S<\/h1>\n<p>La unidad de alimentaci\u00f3n XBB es un producto completamente \u00fanico en el mercado. \u00a1Con ella, puedes conectar f\u00e1cilmente luces LED, luces auxiliares, luces de marcha atr\u00e1s, luces de trabajo, etc.!<\/p>\n<p><strong>Solo para TESLA Modelo X y S<\/strong><\/p>\n<p>El dongle simplemente se conecta a la toma OBD de tu coche. A continuaci\u00f3n, puede sincronizarlo con 1 o m\u00e1s rel\u00e9s inal\u00e1mbricos. XBB ha desarrollado varias recetas para diferentes coches. Es importante que compruebes si tu coche es compatible a trav\u00e9s de la lista que enlazamos aqu\u00ed en el art\u00edculo.<\/p>\n<p>Dentro de la aplicaci\u00f3n, se le indica al rel\u00e9 lo que debe hacer. \u00bfDebe encenderse junto con las luces largas? \u00bfHay alguna luz de posici\u00f3n que deba encenderse cuando se apagan las luces auxiliares\/rampa? Mm.<\/p>\n<p>Tambi\u00e9n es posible programar las luces de marcha atr\u00e1s en la mayor\u00eda de los coches, para que se enciendan al poner el coche marcha atr\u00e1s.<\/p>\n<p><strong>Contenido de la entrega<\/strong><br \/>\n1er dongle<\/p>\n<p>El producto est\u00e1 en desarrollo y XBB trabaja constantemente en nuevas recetas para m\u00e1s coches, por lo que la lista se actualizar\u00e1 regularmente.<\/p>\n<p><strong>Este dongle solo se utiliza en estos modelos de coche:<\/strong><\/p>\n<p>Tesla Modelo S 2012-2021<\/p>\n<p>Tesla Modelo X 2016-2021<\/p>\n<p>Otros modelos de Tesla utilizan el adaptador XBB est\u00e1ndar<\/p>","protected":false},"excerpt":{"rendered":"<p>\u00a1Ya est\u00e1 aqu\u00ed! \u00a1La forma futura de conectar luces adicionales y rampas LED! Este art\u00edculo es el adaptador exclusivo para TESLA.<\/p>","protected":false},"featured_media":2580,"comment_status":"closed","ping_status":"closed","template":"","meta":{"_acf_changed":false,"_smort_price_nok":"1761","_smort_price_dkk":"1119","_smort_price_eur":"149.9","_smort_sale_price_nok":"","_smort_sale_price_dkk":"","_smort_sale_price_eur":"","smort_restorder":"","shipmondo_restorder":"","_kad_blocks_custom_css":"","_kad_blocks_head_custom_js":"","_kad_blocks_body_custom_js":"","_kad_blocks_footer_custom_js":"","smort_custom_pricelist_1":"1055.36","smort_custom_pricelist_2":"923.44","smort_custom_pricelist_3":"857.48","smort_custom_pricelist_4":"1319.2","smort_custom_pricelist_5":"923.44"},"anvandningsomrade":[],"bilmarken":[],"product_brand":[115],"product_cat":[2487,2568,2841,2828,2468,390],"product_tag":[],"class_list":{"0":"post-2579","1":"product","2":"type-product","3":"status-publish","4":"has-post-thumbnail","6":"product_brand-xbb","7":"product_cat-canbus-installation","8":"product_cat-canbus-xbb-tesla","9":"product_cat-installation-extraljus","10":"product_cat-installation-led-ramper","11":"product_cat-rela","12":"product_cat-installation","14":"first","15":"instock","16":"taxable","17":"shipping-taxable","18":"purchasable","19":"product-type-simple"},"bundled_by":[],"bundle_stock_status":"instock","bundle_stock_quantity":8,"bundle_virtual":false,"bundle_layout":"","bundle_add_to_cart_form_location":"","bundle_editable_in_cart":false,"bundle_sold_individually_context":"","bundle_item_grouping":"","bundle_min_size":"","bundle_max_size":"","bundle_price":[],"bundled_items":[],"bundle_sell_ids":[],"acf":[],"yoast_head":"<!-- This site is optimized with the Yoast SEO plugin v27.0 - https:\/\/yoast.com\/product\/yoast-seo-wordpress\/ -->\n<title>XBB OBD-II Dongel | TESLA Model X &amp; S - Xenonkungen<\/title>\n<meta name=\"robots\" content=\"index, follow, max-snippet:-1, max-image-preview:large, max-video-preview:-1\" \/>\n<link rel=\"canonical\" href=\"https:\/\/xenonkungen.com\/es\/producto\/adaptador-obd-ii-xbb-de-tesla\/\" \/>\n<meta property=\"og:locale\" content=\"es_ES\" \/>\n<meta property=\"og:type\" content=\"article\" \/>\n<meta property=\"og:title\" content=\"XBB OBD-II Dongel | TESLA Model X &amp; S - Xenonkungen\" \/>\n<meta property=\"og:description\" content=\"Nu \u00e4r den h\u00e4r! Framtidens s\u00e4tt att koppla Extraljus och LEDramper! Denna vara \u00e4r Endast Dongeln f\u00f6r TESLA.\" \/>\n<meta property=\"og:url\" content=\"https:\/\/xenonkungen.com\/es\/producto\/adaptador-obd-ii-xbb-de-tesla\/\" \/>\n<meta property=\"og:site_name\" content=\"Xenonkungen\" \/>\n<meta property=\"article:modified_time\" content=\"2026-02-06T15:38:25+00:00\" \/>\n<meta property=\"og:image\" content=\"https:\/\/xenonkungen.com\/wp-content\/uploads\/2025\/04\/185046031-origpic-13c04f.png\" \/>\n\t<meta property=\"og:image:width\" content=\"1000\" \/>\n\t<meta property=\"og:image:height\" content=\"1000\" \/>\n\t<meta property=\"og:image:type\" content=\"image\/png\" \/>\n<meta name=\"twitter:card\" content=\"summary_large_image\" \/>\n<meta name=\"twitter:label1\" content=\"Tiempo de lectura\" \/>\n\t<meta name=\"twitter:data1\" content=\"2 minutos\" \/>\n<script type=\"application\/ld+json\" class=\"yoast-schema-graph\">{\"@context\":\"https:\/\/schema.org\",\"@graph\":[{\"@type\":\"WebPage\",\"@id\":\"https:\/\/xenonkungen.com\/es\/producto\/xbb-obd-ii-dongel-tesla\/\",\"url\":\"https:\/\/xenonkungen.com\/es\/producto\/xbb-obd-ii-dongel-tesla\/\",\"name\":\"XBB OBD-II Dongel | TESLA Model X & S - Xenonkungen\",\"isPartOf\":{\"@id\":\"https:\/\/xenonkungen.com\/#website\"},\"primaryImageOfPage\":{\"@id\":\"https:\/\/xenonkungen.com\/es\/producto\/xbb-obd-ii-dongel-tesla\/#primaryimage\"},\"image\":{\"@id\":\"https:\/\/xenonkungen.com\/es\/producto\/xbb-obd-ii-dongel-tesla\/#primaryimage\"},\"thumbnailUrl\":\"https:\/\/xenonkungen.com\/wp-content\/uploads\/2025\/04\/185046031-origpic-13c04f.png\",\"datePublished\":\"2025-04-15T08:39:19+00:00\",\"dateModified\":\"2026-02-06T15:38:25+00:00\",\"breadcrumb\":{\"@id\":\"https:\/\/xenonkungen.com\/es\/producto\/xbb-obd-ii-dongel-tesla\/#breadcrumb\"},\"inLanguage\":\"es\",\"potentialAction\":[{\"@type\":\"ReadAction\",\"target\":[\"https:\/\/xenonkungen.com\/es\/producto\/xbb-obd-ii-dongel-tesla\/\"]}]},{\"@type\":\"ImageObject\",\"inLanguage\":\"es\",\"@id\":\"https:\/\/xenonkungen.com\/es\/producto\/xbb-obd-ii-dongel-tesla\/#primaryimage\",\"url\":\"https:\/\/xenonkungen.com\/wp-content\/uploads\/2025\/04\/185046031-origpic-13c04f.png\",\"contentUrl\":\"https:\/\/xenonkungen.com\/wp-content\/uploads\/2025\/04\/185046031-origpic-13c04f.png\",\"width\":1000,\"height\":1000},{\"@type\":\"BreadcrumbList\",\"@id\":\"https:\/\/xenonkungen.com\/es\/producto\/xbb-obd-ii-dongel-tesla\/#breadcrumb\",\"itemListElement\":[{\"@type\":\"ListItem\",\"position\":1,\"name\":\"Hem\",\"item\":\"https:\/\/xenonkungen.com\/\"},{\"@type\":\"ListItem\",\"position\":2,\"name\":\"Shop\",\"item\":\"https:\/\/xenonkungen.com\/shop\/\"},{\"@type\":\"ListItem\",\"position\":3,\"name\":\"XBB OBD-II Dongel | TESLA Model X &#038; S\"}]},{\"@type\":\"WebSite\",\"@id\":\"https:\/\/xenonkungen.com\/#website\",\"url\":\"https:\/\/xenonkungen.com\/\",\"name\":\"Xenonkungen\",\"description\":\"\",\"potentialAction\":[{\"@type\":\"SearchAction\",\"target\":{\"@type\":\"EntryPoint\",\"urlTemplate\":\"https:\/\/xenonkungen.com\/?s={search_term_string}\"},\"query-input\":{\"@type\":\"PropertyValueSpecification\",\"valueRequired\":true,\"valueName\":\"search_term_string\"}}],\"inLanguage\":\"es\"}]}<\/script>\n<!-- \/ Yoast SEO plugin. -->","yoast_head_json":{"title":"Dongle OBD-II XBB | TESLA Modelos X y S: El rey del xen\u00f3n","robots":{"index":"index","follow":"follow","max-snippet":"max-snippet:-1","max-image-preview":"max-image-preview:large","max-video-preview":"max-video-preview:-1"},"canonical":"https:\/\/xenonkungen.com\/es\/producto\/adaptador-obd-ii-xbb-de-tesla\/","og_locale":"es_ES","og_type":"article","og_title":"XBB OBD-II Dongel | TESLA Model X & S - Xenonkungen","og_description":"Nu \u00e4r den h\u00e4r! Framtidens s\u00e4tt att koppla Extraljus och LEDramper! Denna vara \u00e4r Endast Dongeln f\u00f6r TESLA.","og_url":"https:\/\/xenonkungen.com\/es\/producto\/adaptador-obd-ii-xbb-de-tesla\/","og_site_name":"Xenonkungen","article_modified_time":"2026-02-06T15:38:25+00:00","og_image":[{"width":1000,"height":1000,"url":"https:\/\/xenonkungen.com\/wp-content\/uploads\/2025\/04\/185046031-origpic-13c04f.png","type":"image\/png"}],"twitter_card":"summary_large_image","twitter_misc":{"Tiempo de lectura":"2 minutos"},"schema":{"@context":"https:\/\/schema.org","@graph":[{"@type":"WebPage","@id":"https:\/\/xenonkungen.com\/es\/producto\/xbb-obd-ii-dongel-tesla\/","url":"https:\/\/xenonkungen.com\/es\/producto\/xbb-obd-ii-dongel-tesla\/","name":"Dongle OBD-II XBB | TESLA Modelos X y S: El rey del xen\u00f3n","isPartOf":{"@id":"https:\/\/xenonkungen.com\/#website"},"primaryImageOfPage":{"@id":"https:\/\/xenonkungen.com\/es\/producto\/xbb-obd-ii-dongel-tesla\/#primaryimage"},"image":{"@id":"https:\/\/xenonkungen.com\/es\/producto\/xbb-obd-ii-dongel-tesla\/#primaryimage"},"thumbnailUrl":"https:\/\/xenonkungen.com\/wp-content\/uploads\/2025\/04\/185046031-origpic-13c04f.png","datePublished":"2025-04-15T08:39:19+00:00","dateModified":"2026-02-06T15:38:25+00:00","breadcrumb":{"@id":"https:\/\/xenonkungen.com\/es\/producto\/xbb-obd-ii-dongel-tesla\/#breadcrumb"},"inLanguage":"es","potentialAction":[{"@type":"ReadAction","target":["https:\/\/xenonkungen.com\/es\/producto\/xbb-obd-ii-dongel-tesla\/"]}]},{"@type":"ImageObject","inLanguage":"es","@id":"https:\/\/xenonkungen.com\/es\/producto\/xbb-obd-ii-dongel-tesla\/#primaryimage","url":"https:\/\/xenonkungen.com\/wp-content\/uploads\/2025\/04\/185046031-origpic-13c04f.png","contentUrl":"https:\/\/xenonkungen.com\/wp-content\/uploads\/2025\/04\/185046031-origpic-13c04f.png","width":1000,"height":1000},{"@type":"BreadcrumbList","@id":"https:\/\/xenonkungen.com\/es\/producto\/xbb-obd-ii-dongel-tesla\/#breadcrumb","itemListElement":[{"@type":"ListItem","position":1,"name":"Hem","item":"https:\/\/xenonkungen.com\/"},{"@type":"ListItem","position":2,"name":"Shop","item":"https:\/\/xenonkungen.com\/shop\/"},{"@type":"ListItem","position":3,"name":"XBB OBD-II Dongel | TESLA Model X &#038; S"}]},{"@type":"WebSite","@id":"https:\/\/xenonkungen.com\/#website","url":"https:\/\/xenonkungen.com\/","name":"Xenonkungen","description":"","potentialAction":[{"@type":"SearchAction","target":{"@type":"EntryPoint","urlTemplate":"https:\/\/xenonkungen.com\/?s={search_term_string}"},"query-input":{"@type":"PropertyValueSpecification","valueRequired":true,"valueName":"search_term_string"}}],"inLanguage":"es"}]}},"taxonomy_info":{"product_brand":[{"value":115,"label":"XBB"}],"product_cat":[{"value":2487,"label":"Canbus"},{"value":2568,"label":"Canbus"},{"value":2841,"label":"Installation extraljus"},{"value":2828,"label":"Installation LED-ramper"},{"value":2468,"label":"Rel\u00e4"},{"value":390,"label":"Installation"}]},"featured_image_src_large":["https:\/\/xenonkungen.com\/wp-content\/uploads\/2025\/04\/185046031-origpic-13c04f.png",1000,1000,false],"author_info":[],"comment_info":0,"_links":{"self":[{"href":"https:\/\/xenonkungen.com\/es\/wp-json\/wp\/v2\/product\/2579","targetHints":{"allow":["GET"]}}],"collection":[{"href":"https:\/\/xenonkungen.com\/es\/wp-json\/wp\/v2\/product"}],"about":[{"href":"https:\/\/xenonkungen.com\/es\/wp-json\/wp\/v2\/types\/product"}],"replies":[{"embeddable":true,"href":"https:\/\/xenonkungen.com\/es\/wp-json\/wp\/v2\/comments?post=2579"}],"wp:featuredmedia":[{"embeddable":true,"href":"https:\/\/xenonkungen.com\/es\/wp-json\/wp\/v2\/media\/2580"}],"wp:attachment":[{"href":"https:\/\/xenonkungen.com\/es\/wp-json\/wp\/v2\/media?parent=2579"}],"wp:term":[{"taxonomy":"anvandningsomrade","embeddable":true,"href":"https:\/\/xenonkungen.com\/es\/wp-json\/wp\/v2\/anvandningsomrade?post=2579"},{"taxonomy":"bilmarken","embeddable":true,"href":"https:\/\/xenonkungen.com\/es\/wp-json\/wp\/v2\/bilmarken?post=2579"},{"taxonomy":"product_brand","embeddable":true,"href":"https:\/\/xenonkungen.com\/es\/wp-json\/wp\/v2\/product_brand?post=2579"},{"taxonomy":"product_cat","embeddable":true,"href":"https:\/\/xenonkungen.com\/es\/wp-json\/wp\/v2\/product_cat?post=2579"},{"taxonomy":"product_tag","embeddable":true,"href":"https:\/\/xenonkungen.com\/es\/wp-json\/wp\/v2\/product_tag?post=2579"}],"curies":[{"name":"wp","href":"https:\/\/api.w.org\/{rel}","templated":true}]}}