{"id":25806,"date":"2026-02-02T15:29:42","date_gmt":"2026-02-02T14:29:42","guid":{"rendered":"https:\/\/xenonkungen.com\/?post_type=product&#038;p=25806"},"modified":"2026-04-16T03:28:39","modified_gmt":"2026-04-16T02:28:39","slug":"con-luz-extrema-w9-rad3","status":"publish","type":"product","link":"https:\/\/xenonkungen.com\/es\/producto\/con-luz-extrema-w9-rad3\/","title":{"rendered":"Luz W-XTREME W9 RAD3"},"content":{"rendered":"<h2 data-start=\"187\" data-end=\"247\">W-Light XTREME W9 RAD3: potencia y autonom\u00eda inigualables<\/h2>\n<p data-start=\"249\" data-end=\"550\"><strong data-start=\"249\" data-end=\"305\"><span class=\"hover:entity-accent entity-underline inline cursor-pointer align-baseline\"><span class=\"whitespace-normal\">W-Light<\/span><\/span> XTREME W9 RAD3<\/strong> Dise\u00f1ado para conductores que no se conforman con &quot;suficiente&quot;. Con un brillo extremo, una \u00f3ptica avanzada y un dise\u00f1o que destaca por su rendimiento, esta luz auxiliar ofrece una visibilidad segura que supera todas las expectativas, incluso en las condiciones m\u00e1s adversas.<\/p>\n<p data-start=\"552\" data-end=\"805\">El patr\u00f3n de luz actualizado proporciona un campo luminoso amplio y c\u00f3modo que ilumina tanto la carretera como los bordes, a la vez que ampl\u00eda el alcance. El resultado es una mejor visi\u00f3n general, un tiempo de reacci\u00f3n m\u00e1s r\u00e1pido y una experiencia de conducci\u00f3n con control total en la oscuridad.<\/p>\n<h3 data-start=\"807\" data-end=\"826\">Un poder que se nota<\/h3>\n<p data-start=\"827\" data-end=\"1102\">Med <strong data-start=\"831\" data-end=\"861\">15.000 l\u00famenes por luz auxiliar<\/strong> y una impresionante gama de <strong data-start=\"893\" data-end=\"918\">m\u00e1s de 1,5 km a 1 lux<\/strong>El W9 RAD3 transforma la noche en un espacio de trabajo con una visibilidad n\u00edtida. La temperatura de color agradable a la vista de <strong data-start=\"1027\" data-end=\"1037\">5500K<\/strong> Proporciona luz natural que reduce la fatiga durante viajes largos.<\/p>\n<h3 data-start=\"1104\" data-end=\"1126\">Dise\u00f1o con actitud<\/h3>\n<p data-start=\"1127\" data-end=\"1363\">El elegante <strong data-start=\"1140\" data-end=\"1162\">El dise\u00f1o Dark Look<\/strong> Da un aspecto exclusivo y moderno que se adapta tanto a turismos como a veh\u00edculos de transporte. Con <strong data-start=\"1252\" data-end=\"1279\">luz de posici\u00f3n de dos colores<\/strong> Podr\u00e1s elegir entre blanco o naranja y darle tu toque personal al frontal del veh\u00edculo.<\/p>\n<h3 data-start=\"1365\" data-end=\"1400\">Dise\u00f1ado para condiciones n\u00f3rdicas<\/h3>\n<p data-start=\"1401\" data-end=\"1697\">El XTREME W9 RAD3 est\u00e1 dise\u00f1ado para soportar entornos hostiles. Su chasis reforzado, su acabado duradero y su ventilaci\u00f3n mejorada garantizan una larga vida \u00fatil y un rendimiento estable en condiciones de lluvia, fr\u00edo y nieve. Gracias a <strong data-start=\"1628\" data-end=\"1654\">conector DT4 integrado<\/strong> La instalaci\u00f3n es r\u00e1pida, segura y sencilla.<\/p>\n<h3 data-start=\"1699\" data-end=\"1721\">Caracter\u00edsticas importantes<\/h3>\n<ul data-start=\"1722\" data-end=\"2120\">\n<li data-start=\"1722\" data-end=\"1765\">\n<p data-start=\"1724\" data-end=\"1765\">Arriba a <strong data-start=\"1733\" data-end=\"1749\">15.000 l\u00famenes<\/strong> por luz extra<\/p>\n<\/li>\n<li data-start=\"1766\" data-end=\"1818\">\n<p data-start=\"1768\" data-end=\"1818\">Alcance: <strong data-start=\"1778\" data-end=\"1816\">1509 m a 1 lux \/ 2889 m a 0,25 lux<\/strong><\/p>\n<\/li>\n<li data-start=\"1819\" data-end=\"1876\">\n<p data-start=\"1821\" data-end=\"1876\">Patr\u00f3n de luz optimizado para una iluminaci\u00f3n amplia y c\u00f3moda.<\/p>\n<\/li>\n<li data-start=\"1877\" data-end=\"1939\">\n<p data-start=\"1879\" data-end=\"1939\">Temperatura de color <strong data-start=\"1894\" data-end=\"1904\">5500K<\/strong> \u2013 luz natural y agradable para la vista<\/p>\n<\/li>\n<li data-start=\"1940\" data-end=\"1981\">\n<p data-start=\"1942\" data-end=\"1981\">Luces de posici\u00f3n en <strong data-start=\"1958\" data-end=\"1979\">blanco o naranja<\/strong><\/p>\n<\/li>\n<li data-start=\"1982\" data-end=\"2034\">\n<p data-start=\"1984\" data-end=\"2034\">Construcci\u00f3n robusta adaptada al clima n\u00f3rdico<\/p>\n<\/li>\n<li data-start=\"2035\" data-end=\"2082\">\n<p data-start=\"2037\" data-end=\"2082\">Refrigeraci\u00f3n mejorada para una mayor vida \u00fatil del LED<\/p>\n<\/li>\n<li data-start=\"2083\" data-end=\"2120\">\n<p data-start=\"2085\" data-end=\"2120\">F\u00e1cil montaje con <strong data-start=\"2105\" data-end=\"2120\">Conector DT4<\/strong><\/p>\n<\/li>\n<\/ul>\n<p data-start=\"2122\" data-end=\"2217\"><strong data-start=\"2122\" data-end=\"2215\">W-Light XTREME W9 RAD3: para quienes quieren ver m\u00e1s lejos, conducir con mayor seguridad y destacarse con estilo.<\/strong><\/p>","protected":false},"excerpt":{"rendered":"<p><strong data-start=\"110\" data-end=\"166\"><span class=\"hover:entity-accent entity-underline inline cursor-pointer align-baseline\"><span class=\"whitespace-normal\">W-Light<\/span><\/span> XTREME W9 RAD3<\/strong> es una potente luz auxiliar LED con un alcance impresionante y un moderno dise\u00f1o Dark Look. Con hasta <strong data-start=\"266\" data-end=\"282\" data-is-only-node=\"\">15.000 l\u00famenes<\/strong>, iluminaci\u00f3n optimizada y <strong data-start=\"307\" data-end=\"348\">luz de posici\u00f3n de dos colores (blanco\/naranja)<\/strong> Le da una excelente visibilidad y un aspecto exclusivo. Construcci\u00f3n robusta, agradable a la vista. <strong data-start=\"430\" data-end=\"445\">Luz de 5500 K<\/strong> y f\u00e1cil montaje con <strong data-start=\"470\" data-end=\"485\">Conector DT4<\/strong> hace que el W9 RAD3 sea una opci\u00f3n obvia para una conducci\u00f3n exigente en todas las condiciones.<\/p>","protected":false},"featured_media":25807,"comment_status":"open","ping_status":"closed","template":"","meta":{"_acf_changed":false,"_smort_price_nok":"10414","_smort_price_dkk":"","_smort_price_eur":"","_smort_sale_price_nok":"","_smort_sale_price_dkk":"","_smort_sale_price_eur":"","smort_restorder":"","shipmondo_restorder":"","_kad_blocks_custom_css":"","_kad_blocks_head_custom_js":"","_kad_blocks_body_custom_js":"","_kad_blocks_footer_custom_js":"","smort_custom_pricelist_1":"6240","smort_custom_pricelist_2":"5460","smort_custom_pricelist_3":"5070","smort_custom_pricelist_4":"7800","smort_custom_pricelist_5":"5460"},"anvandningsomrade":[],"bilmarken":[],"product_brand":[114,115,117],"product_cat":[1859],"product_tag":[],"class_list":{"0":"post-25806","1":"product","2":"type-product","3":"status-publish","4":"has-post-thumbnail","6":"product_brand-w-light","7":"product_brand-xbb","8":"product_brand-xenonkungen","9":"product_cat-extraljuspaket","11":"first","12":"outofstock","13":"virtual","14":"taxable","15":"purchasable","16":"product-type-bundle"},"bundled_by":[],"bundle_stock_status":"outofstock","bundle_stock_quantity":0,"bundle_virtual":false,"bundle_layout":"default","bundle_add_to_cart_form_location":"default","bundle_editable_in_cart":false,"bundle_sold_individually_context":"product","bundle_item_grouping":"parent","bundle_min_size":"","bundle_max_size":"","bundle_price":{"price":{"min":{"incl_tax":"886.29","excl_tax":"709.026474"},"max":{"incl_tax":"886.29","excl_tax":"709.026474"}},"regular_price":{"min":{"incl_tax":"886.29","excl_tax":"709.026474"},"max":{"incl_tax":"886.29","excl_tax":"709.026474"}}},"bundled_items":[{"bundled_item_id":551,"product_id":2716,"menu_order":0,"quantity_min":1,"quantity_max":1,"quantity_default":1,"priced_individually":false,"shipped_individually":false,"override_title":false,"title":"Soporte de luz adicional para 3 unidades de 225 mm | 9&quot;","override_description":false,"description":"","optional":false,"hide_thumbnail":false,"discount":"","override_variations":false,"allowed_variations":[],"override_default_variation_attributes":false,"default_variation_attributes":[],"single_product_visibility":"visible","cart_visibility":"visible","order_visibility":"visible","single_product_price_visibility":"visible","cart_price_visibility":"visible","order_price_visibility":"visible","stock_status":"on_backorder"},{"bundled_item_id":552,"product_id":1538,"menu_order":1,"quantity_min":1,"quantity_max":1,"quantity_default":1,"priced_individually":false,"shipped_individually":false,"override_title":false,"title":"XBB OBD-II Dongle + PowerUnit","override_description":false,"description":"","optional":false,"hide_thumbnail":false,"discount":"","override_variations":false,"allowed_variations":[],"override_default_variation_attributes":false,"default_variation_attributes":[],"single_product_visibility":"visible","cart_visibility":"visible","order_visibility":"visible","single_product_price_visibility":"visible","cart_price_visibility":"visible","order_price_visibility":"visible","stock_status":"on_backorder"},{"bundled_item_id":553,"product_id":1063,"menu_order":2,"quantity_min":1,"quantity_max":1,"quantity_default":1,"priced_individually":false,"shipped_individually":false,"override_title":false,"title":"Luxtar Juego de cables de rel\u00e9 DT-4 X3 12V 80A Rel\u00e9","override_description":false,"description":"","optional":false,"hide_thumbnail":false,"discount":"","override_variations":false,"allowed_variations":[],"override_default_variation_attributes":false,"default_variation_attributes":[],"single_product_visibility":"visible","cart_visibility":"visible","order_visibility":"visible","single_product_price_visibility":"visible","cart_price_visibility":"visible","order_price_visibility":"visible","stock_status":"in_stock"},{"bundled_item_id":554,"product_id":2605,"menu_order":3,"quantity_min":1,"quantity_max":1,"quantity_default":1,"priced_individually":false,"shipped_individually":false,"override_title":false,"title":"Juego de cables para unidad de potencia XBB - DT","override_description":false,"description":"","optional":false,"hide_thumbnail":false,"discount":"","override_variations":false,"allowed_variations":[],"override_default_variation_attributes":false,"default_variation_attributes":[],"single_product_visibility":"visible","cart_visibility":"visible","order_visibility":"visible","single_product_price_visibility":"visible","cart_price_visibility":"visible","order_price_visibility":"visible","stock_status":"in_stock"}],"bundle_sell_ids":[],"acf":[],"yoast_head":"<!-- This site is optimized with the Yoast SEO plugin v27.0 - https:\/\/yoast.com\/product\/yoast-seo-wordpress\/ -->\n<title>W-Light XTREME W9 RAD3 - Xenonkungen<\/title>\n<meta name=\"robots\" content=\"index, follow, max-snippet:-1, max-image-preview:large, max-video-preview:-1\" \/>\n<link rel=\"canonical\" href=\"https:\/\/xenonkungen.com\/es\/producto\/con-luz-extrema-w9-rad3\/\" \/>\n<meta property=\"og:locale\" content=\"es_ES\" \/>\n<meta property=\"og:type\" content=\"article\" \/>\n<meta property=\"og:title\" content=\"W-Light XTREME W9 RAD3 - Xenonkungen\" \/>\n<meta property=\"og:description\" content=\"W-Light XTREME W9 RAD3 \u00e4r ett kraftfullt LED-extraljus med imponerande r\u00e4ckvidd och modern Dark Look-design. Med upp till 15 000 lumen, optimerad ljusbild och tv\u00e5f\u00e4rgat positionsljus (vitt\/orange) ger det utm\u00e4rkt sikt och ett exklusivt uttryck. Robust konstruktion, \u00f6gonv\u00e4nligt 5500 K-ljus och enkel montering med DT4-kontakt g\u00f6r W9 RAD3 till ett sj\u00e4lvklart val f\u00f6r kr\u00e4vande k\u00f6rning i alla f\u00f6rh\u00e5llanden.\" \/>\n<meta property=\"og:url\" content=\"https:\/\/xenonkungen.com\/es\/producto\/con-luz-extrema-w9-rad3\/\" \/>\n<meta property=\"og:site_name\" content=\"Xenonkungen\" \/>\n<meta property=\"article:modified_time\" content=\"2026-04-16T02:28:39+00:00\" \/>\n<meta property=\"og:image\" content=\"https:\/\/xenonkungen.com\/wp-content\/uploads\/2026\/02\/3stx9tum-W-Light-w9-Phoenix-Paket-PNNG-1024x867.png\" \/>\n\t<meta property=\"og:image:width\" content=\"1024\" \/>\n\t<meta property=\"og:image:height\" content=\"867\" \/>\n\t<meta property=\"og:image:type\" content=\"image\/png\" \/>\n<meta name=\"twitter:card\" content=\"summary_large_image\" \/>\n<meta name=\"twitter:label1\" content=\"Tiempo de lectura\" \/>\n\t<meta name=\"twitter:data1\" content=\"2 minutos\" \/>\n<script type=\"application\/ld+json\" class=\"yoast-schema-graph\">{\"@context\":\"https:\/\/schema.org\",\"@graph\":[{\"@type\":\"WebPage\",\"@id\":\"https:\/\/xenonkungen.com\/produkt\/w-light-xtreme-w9-rad3\/\",\"url\":\"https:\/\/xenonkungen.com\/produkt\/w-light-xtreme-w9-rad3\/\",\"name\":\"W-Light XTREME W9 RAD3 - Xenonkungen\",\"isPartOf\":{\"@id\":\"https:\/\/xenonkungen.com\/#website\"},\"primaryImageOfPage\":{\"@id\":\"https:\/\/xenonkungen.com\/produkt\/w-light-xtreme-w9-rad3\/#primaryimage\"},\"image\":{\"@id\":\"https:\/\/xenonkungen.com\/produkt\/w-light-xtreme-w9-rad3\/#primaryimage\"},\"thumbnailUrl\":\"https:\/\/xenonkungen.com\/wp-content\/uploads\/2026\/02\/3stx9tum-W-Light-w9-Phoenix-Paket-PNNG.png\",\"datePublished\":\"2026-02-02T14:29:42+00:00\",\"dateModified\":\"2026-04-16T02:28:39+00:00\",\"breadcrumb\":{\"@id\":\"https:\/\/xenonkungen.com\/produkt\/w-light-xtreme-w9-rad3\/#breadcrumb\"},\"inLanguage\":\"es\",\"potentialAction\":[{\"@type\":\"ReadAction\",\"target\":[\"https:\/\/xenonkungen.com\/produkt\/w-light-xtreme-w9-rad3\/\"]}]},{\"@type\":\"ImageObject\",\"inLanguage\":\"es\",\"@id\":\"https:\/\/xenonkungen.com\/produkt\/w-light-xtreme-w9-rad3\/#primaryimage\",\"url\":\"https:\/\/xenonkungen.com\/wp-content\/uploads\/2026\/02\/3stx9tum-W-Light-w9-Phoenix-Paket-PNNG.png\",\"contentUrl\":\"https:\/\/xenonkungen.com\/wp-content\/uploads\/2026\/02\/3stx9tum-W-Light-w9-Phoenix-Paket-PNNG.png\",\"width\":2032,\"height\":1720},{\"@type\":\"BreadcrumbList\",\"@id\":\"https:\/\/xenonkungen.com\/produkt\/w-light-xtreme-w9-rad3\/#breadcrumb\",\"itemListElement\":[{\"@type\":\"ListItem\",\"position\":1,\"name\":\"Hem\",\"item\":\"https:\/\/xenonkungen.com\/\"},{\"@type\":\"ListItem\",\"position\":2,\"name\":\"Shop\",\"item\":\"https:\/\/xenonkungen.com\/shop\/\"},{\"@type\":\"ListItem\",\"position\":3,\"name\":\"W-Light XTREME W9 RAD3\"}]},{\"@type\":\"WebSite\",\"@id\":\"https:\/\/xenonkungen.com\/#website\",\"url\":\"https:\/\/xenonkungen.com\/\",\"name\":\"Xenonkungen\",\"description\":\"\",\"potentialAction\":[{\"@type\":\"SearchAction\",\"target\":{\"@type\":\"EntryPoint\",\"urlTemplate\":\"https:\/\/xenonkungen.com\/?s={search_term_string}\"},\"query-input\":{\"@type\":\"PropertyValueSpecification\",\"valueRequired\":true,\"valueName\":\"search_term_string\"}}],\"inLanguage\":\"es\"}]}<\/script>\n<!-- \/ Yoast SEO plugin. -->","yoast_head_json":{"title":"W-Light XTREME W9 RAD3 - El rey del xen\u00f3n","robots":{"index":"index","follow":"follow","max-snippet":"max-snippet:-1","max-image-preview":"max-image-preview:large","max-video-preview":"max-video-preview:-1"},"canonical":"https:\/\/xenonkungen.com\/es\/producto\/con-luz-extrema-w9-rad3\/","og_locale":"es_ES","og_type":"article","og_title":"W-Light XTREME W9 RAD3 - Xenonkungen","og_description":"W-Light XTREME W9 RAD3 \u00e4r ett kraftfullt LED-extraljus med imponerande r\u00e4ckvidd och modern Dark Look-design. Med upp till 15 000 lumen, optimerad ljusbild och tv\u00e5f\u00e4rgat positionsljus (vitt\/orange) ger det utm\u00e4rkt sikt och ett exklusivt uttryck. Robust konstruktion, \u00f6gonv\u00e4nligt 5500 K-ljus och enkel montering med DT4-kontakt g\u00f6r W9 RAD3 till ett sj\u00e4lvklart val f\u00f6r kr\u00e4vande k\u00f6rning i alla f\u00f6rh\u00e5llanden.","og_url":"https:\/\/xenonkungen.com\/es\/producto\/con-luz-extrema-w9-rad3\/","og_site_name":"Xenonkungen","article_modified_time":"2026-04-16T02:28:39+00:00","og_image":[{"width":1024,"height":867,"url":"https:\/\/xenonkungen.com\/wp-content\/uploads\/2026\/02\/3stx9tum-W-Light-w9-Phoenix-Paket-PNNG-1024x867.png","type":"image\/png"}],"twitter_card":"summary_large_image","twitter_misc":{"Tiempo de lectura":"2 minutos"},"schema":{"@context":"https:\/\/schema.org","@graph":[{"@type":"WebPage","@id":"https:\/\/xenonkungen.com\/produkt\/w-light-xtreme-w9-rad3\/","url":"https:\/\/xenonkungen.com\/produkt\/w-light-xtreme-w9-rad3\/","name":"W-Light XTREME W9 RAD3 - El rey del xen\u00f3n","isPartOf":{"@id":"https:\/\/xenonkungen.com\/#website"},"primaryImageOfPage":{"@id":"https:\/\/xenonkungen.com\/produkt\/w-light-xtreme-w9-rad3\/#primaryimage"},"image":{"@id":"https:\/\/xenonkungen.com\/produkt\/w-light-xtreme-w9-rad3\/#primaryimage"},"thumbnailUrl":"https:\/\/xenonkungen.com\/wp-content\/uploads\/2026\/02\/3stx9tum-W-Light-w9-Phoenix-Paket-PNNG.png","datePublished":"2026-02-02T14:29:42+00:00","dateModified":"2026-04-16T02:28:39+00:00","breadcrumb":{"@id":"https:\/\/xenonkungen.com\/produkt\/w-light-xtreme-w9-rad3\/#breadcrumb"},"inLanguage":"es","potentialAction":[{"@type":"ReadAction","target":["https:\/\/xenonkungen.com\/produkt\/w-light-xtreme-w9-rad3\/"]}]},{"@type":"ImageObject","inLanguage":"es","@id":"https:\/\/xenonkungen.com\/produkt\/w-light-xtreme-w9-rad3\/#primaryimage","url":"https:\/\/xenonkungen.com\/wp-content\/uploads\/2026\/02\/3stx9tum-W-Light-w9-Phoenix-Paket-PNNG.png","contentUrl":"https:\/\/xenonkungen.com\/wp-content\/uploads\/2026\/02\/3stx9tum-W-Light-w9-Phoenix-Paket-PNNG.png","width":2032,"height":1720},{"@type":"BreadcrumbList","@id":"https:\/\/xenonkungen.com\/produkt\/w-light-xtreme-w9-rad3\/#breadcrumb","itemListElement":[{"@type":"ListItem","position":1,"name":"Hem","item":"https:\/\/xenonkungen.com\/"},{"@type":"ListItem","position":2,"name":"Shop","item":"https:\/\/xenonkungen.com\/shop\/"},{"@type":"ListItem","position":3,"name":"W-Light XTREME W9 RAD3"}]},{"@type":"WebSite","@id":"https:\/\/xenonkungen.com\/#website","url":"https:\/\/xenonkungen.com\/","name":"Xenonkungen","description":"","potentialAction":[{"@type":"SearchAction","target":{"@type":"EntryPoint","urlTemplate":"https:\/\/xenonkungen.com\/?s={search_term_string}"},"query-input":{"@type":"PropertyValueSpecification","valueRequired":true,"valueName":"search_term_string"}}],"inLanguage":"es"}]}},"taxonomy_info":{"product_brand":[{"value":114,"label":"W-Light"},{"value":115,"label":"XBB"},{"value":117,"label":"Xenonkungen"}],"product_cat":[{"value":1859,"label":"Extraljuspaket"}]},"featured_image_src_large":["https:\/\/xenonkungen.com\/wp-content\/uploads\/2026\/02\/3stx9tum-W-Light-w9-Phoenix-Paket-PNNG-1024x867.png",1024,867,true],"author_info":[],"comment_info":0,"_links":{"self":[{"href":"https:\/\/xenonkungen.com\/es\/wp-json\/wp\/v2\/product\/25806","targetHints":{"allow":["GET"]}}],"collection":[{"href":"https:\/\/xenonkungen.com\/es\/wp-json\/wp\/v2\/product"}],"about":[{"href":"https:\/\/xenonkungen.com\/es\/wp-json\/wp\/v2\/types\/product"}],"replies":[{"embeddable":true,"href":"https:\/\/xenonkungen.com\/es\/wp-json\/wp\/v2\/comments?post=25806"}],"wp:featuredmedia":[{"embeddable":true,"href":"https:\/\/xenonkungen.com\/es\/wp-json\/wp\/v2\/media\/25807"}],"wp:attachment":[{"href":"https:\/\/xenonkungen.com\/es\/wp-json\/wp\/v2\/media?parent=25806"}],"wp:term":[{"taxonomy":"anvandningsomrade","embeddable":true,"href":"https:\/\/xenonkungen.com\/es\/wp-json\/wp\/v2\/anvandningsomrade?post=25806"},{"taxonomy":"bilmarken","embeddable":true,"href":"https:\/\/xenonkungen.com\/es\/wp-json\/wp\/v2\/bilmarken?post=25806"},{"taxonomy":"product_brand","embeddable":true,"href":"https:\/\/xenonkungen.com\/es\/wp-json\/wp\/v2\/product_brand?post=25806"},{"taxonomy":"product_cat","embeddable":true,"href":"https:\/\/xenonkungen.com\/es\/wp-json\/wp\/v2\/product_cat?post=25806"},{"taxonomy":"product_tag","embeddable":true,"href":"https:\/\/xenonkungen.com\/es\/wp-json\/wp\/v2\/product_tag?post=25806"}],"curies":[{"name":"wp","href":"https:\/\/api.w.org\/{rel}","templated":true}]}}