{"id":25893,"date":"2026-02-03T15:13:10","date_gmt":"2026-02-03T14:13:10","guid":{"rendered":"https:\/\/xenonkungen.com\/?post_type=product&#038;p=25893"},"modified":"2026-03-10T16:02:46","modified_gmt":"2026-03-10T15:02:46","slug":"disyuntor-sin-simbolo-12v","status":"publish","type":"product","link":"https:\/\/xenonkungen.com\/es\/producto\/disyuntor-sin-simbolo-12v\/","title":{"rendered":"Interruptor sin s\u00edmbolo 12V"},"content":{"rendered":"<h2 data-start=\"109\" data-end=\"157\">Interruptor iluminado 12 V \u2013 Encendido\/Apagado sin s\u00edmbolo<\/h2>\n<p data-start=\"159\" data-end=\"408\">Elegante y confiable <strong data-start=\"180\" data-end=\"223\">Interruptor iluminado para consumidores adicionales<\/strong>Perfecto para instalaciones interiores en veh\u00edculos, maquinaria y otras aplicaciones de 12 voltios. La discreta funci\u00f3n de encendido\/apagado sin s\u00edmbolo le da al panel una apariencia limpia y profesional.<\/p>\n<p data-start=\"410\" data-end=\"648\">El interruptor puede manejar <strong data-start=\"431\" data-end=\"471\">hasta 6 A de carga continua<\/strong> y est\u00e1 equipado con <strong data-start=\"492\" data-end=\"517\">contactos plateados<\/strong> Para una transmisi\u00f3n de potencia estable y una larga vida \u00fatil. La robusta carcasa en <strong data-start=\"585\" data-end=\"597\">nailon 66<\/strong> garantiza una alta durabilidad en el uso diario.<\/p>\n<p data-start=\"650\" data-end=\"923\"><strong data-start=\"650\" data-end=\"665\">Caracter\u00edsticas:<\/strong><br \/>\n\u2022 Funci\u00f3n de encendido\/apagado iluminada<br data-start=\"690\" data-end=\"693\" \/>\u2022 Sin s\u00edmbolo: dise\u00f1o discreto y elegante<br data-start=\"735\" data-end=\"738\" \/>\u2022 Carga continua m\u00e1xima de 6 A<br data-start=\"771\" data-end=\"774\" \/>\u2022 Contactos plateados para un funcionamiento seguro.<br data-start=\"816\" data-end=\"819\" \/>\u2022 Di\u00e1metro del agujero: <strong data-start=\"834\" data-end=\"845\" data-is-only-node=\"\">20,2 mm<\/strong><br data-start=\"845\" data-end=\"848\" \/>\u2022 Carcasa fabricada en nailon 66 duradero<br data-start=\"875\" data-end=\"878\" \/>\u2022 Vida \u00fatil de hasta <strong data-start=\"899\" data-end=\"923\">10.000 operaciones<\/strong><\/p>\n<p data-start=\"925\" data-end=\"996\"><strong data-start=\"925\" data-end=\"939\">Tenga en cuenta lo siguiente:<\/strong> Destinado para uso en interiores, no apto para instalaci\u00f3n en exteriores.<\/p>","protected":false},"excerpt":{"rendered":"<p>Belyst str\u00f6mbrytare 12 V \u2013 On\/Off utan symbol Stilren och p\u00e5litlig belyst str\u00f6mbrytare f\u00f6r extraf\u00f6rbrukare, perfekt f\u00f6r inv\u00e4ndiga installationer i fordon, maskiner och andra 12-voltsapplikationer. Den diskreta on\/off-funktionen utan symbol ger ett rent och professionellt utseende i panelen. Str\u00f6mbrytaren klarar upp till 6 A kontinuerlig belastning och \u00e4r utrustad med f\u00f6rsilvrade kontakter f\u00f6r stabil str\u00f6m\u00f6verf\u00f6ring [&hellip;]<\/p>","protected":false},"featured_media":25894,"comment_status":"open","ping_status":"closed","template":"","meta":{"_acf_changed":false,"_smort_price_nok":"159","_smort_price_dkk":"","_smort_price_eur":"","_smort_sale_price_nok":"","_smort_sale_price_dkk":"","_smort_sale_price_eur":"","smort_restorder":"","shipmondo_restorder":"","_kad_blocks_custom_css":"","_kad_blocks_head_custom_js":"","_kad_blocks_body_custom_js":"","_kad_blocks_footer_custom_js":"","smort_custom_pricelist_1":"88.96","smort_custom_pricelist_2":"77.84","smort_custom_pricelist_3":"77.84","smort_custom_pricelist_4":"111.2","smort_custom_pricelist_5":"77.84"},"anvandningsomrade":[],"bilmarken":[],"product_brand":[2790],"product_cat":[390],"product_tag":[],"class_list":{"0":"post-25893","1":"product","2":"type-product","3":"status-publish","4":"has-post-thumbnail","6":"product_brand-abkati","7":"product_cat-installation","9":"first","10":"onbackorder","11":"taxable","12":"shipping-taxable","13":"purchasable","14":"product-type-simple"},"bundled_by":[],"bundle_stock_status":"onbackorder","bundle_stock_quantity":0,"bundle_virtual":false,"bundle_layout":"","bundle_add_to_cart_form_location":"","bundle_editable_in_cart":false,"bundle_sold_individually_context":"","bundle_item_grouping":"","bundle_min_size":"","bundle_max_size":"","bundle_price":[],"bundled_items":[],"bundle_sell_ids":[],"acf":[],"yoast_head":"<!-- This site is optimized with the Yoast SEO plugin v27.0 - https:\/\/yoast.com\/product\/yoast-seo-wordpress\/ -->\n<title>Str\u00f6mbrytare utan symbol 12V - Xenonkungen<\/title>\n<meta name=\"robots\" content=\"index, follow, max-snippet:-1, max-image-preview:large, max-video-preview:-1\" \/>\n<link rel=\"canonical\" href=\"https:\/\/xenonkungen.com\/es\/producto\/disyuntor-sin-simbolo-12v\/\" \/>\n<meta property=\"og:locale\" content=\"es_ES\" \/>\n<meta property=\"og:type\" content=\"article\" \/>\n<meta property=\"og:title\" content=\"Str\u00f6mbrytare utan symbol 12V - Xenonkungen\" \/>\n<meta property=\"og:description\" content=\"Belyst str\u00f6mbrytare 12 V \u2013 On\/Off utan symbol Stilren och p\u00e5litlig belyst str\u00f6mbrytare f\u00f6r extraf\u00f6rbrukare, perfekt f\u00f6r inv\u00e4ndiga installationer i fordon, maskiner och andra 12-voltsapplikationer. Den diskreta on\/off-funktionen utan symbol ger ett rent och professionellt utseende i panelen. Str\u00f6mbrytaren klarar upp till 6 A kontinuerlig belastning och \u00e4r utrustad med f\u00f6rsilvrade kontakter f\u00f6r stabil str\u00f6m\u00f6verf\u00f6ring [&hellip;]\" \/>\n<meta property=\"og:url\" content=\"https:\/\/xenonkungen.com\/es\/producto\/disyuntor-sin-simbolo-12v\/\" \/>\n<meta property=\"og:site_name\" content=\"Xenonkungen\" \/>\n<meta property=\"article:modified_time\" content=\"2026-03-10T15:02:46+00:00\" \/>\n<meta property=\"og:image\" content=\"https:\/\/xenonkungen.com\/wp-content\/uploads\/2026\/02\/Skarmbild-2026-02-03-150912.png\" \/>\n\t<meta property=\"og:image:width\" content=\"1121\" \/>\n\t<meta property=\"og:image:height\" content=\"844\" \/>\n\t<meta property=\"og:image:type\" content=\"image\/png\" \/>\n<meta name=\"twitter:card\" content=\"summary_large_image\" \/>\n<meta name=\"twitter:label1\" content=\"Tiempo de lectura\" \/>\n\t<meta name=\"twitter:data1\" content=\"1 minuto\" \/>\n<script type=\"application\/ld+json\" class=\"yoast-schema-graph\">{\"@context\":\"https:\/\/schema.org\",\"@graph\":[{\"@type\":\"WebPage\",\"@id\":\"https:\/\/xenonkungen.com\/produkt\/strombrytare-utan-symbol-12v\/\",\"url\":\"https:\/\/xenonkungen.com\/produkt\/strombrytare-utan-symbol-12v\/\",\"name\":\"Str\u00f6mbrytare utan symbol 12V - Xenonkungen\",\"isPartOf\":{\"@id\":\"https:\/\/xenonkungen.com\/#website\"},\"primaryImageOfPage\":{\"@id\":\"https:\/\/xenonkungen.com\/produkt\/strombrytare-utan-symbol-12v\/#primaryimage\"},\"image\":{\"@id\":\"https:\/\/xenonkungen.com\/produkt\/strombrytare-utan-symbol-12v\/#primaryimage\"},\"thumbnailUrl\":\"https:\/\/xenonkungen.com\/wp-content\/uploads\/2026\/02\/Skarmbild-2026-02-03-150912.png\",\"datePublished\":\"2026-02-03T14:13:10+00:00\",\"dateModified\":\"2026-03-10T15:02:46+00:00\",\"breadcrumb\":{\"@id\":\"https:\/\/xenonkungen.com\/produkt\/strombrytare-utan-symbol-12v\/#breadcrumb\"},\"inLanguage\":\"es\",\"potentialAction\":[{\"@type\":\"ReadAction\",\"target\":[\"https:\/\/xenonkungen.com\/produkt\/strombrytare-utan-symbol-12v\/\"]}]},{\"@type\":\"ImageObject\",\"inLanguage\":\"es\",\"@id\":\"https:\/\/xenonkungen.com\/produkt\/strombrytare-utan-symbol-12v\/#primaryimage\",\"url\":\"https:\/\/xenonkungen.com\/wp-content\/uploads\/2026\/02\/Skarmbild-2026-02-03-150912.png\",\"contentUrl\":\"https:\/\/xenonkungen.com\/wp-content\/uploads\/2026\/02\/Skarmbild-2026-02-03-150912.png\",\"width\":1121,\"height\":844},{\"@type\":\"BreadcrumbList\",\"@id\":\"https:\/\/xenonkungen.com\/produkt\/strombrytare-utan-symbol-12v\/#breadcrumb\",\"itemListElement\":[{\"@type\":\"ListItem\",\"position\":1,\"name\":\"Hem\",\"item\":\"https:\/\/xenonkungen.com\/\"},{\"@type\":\"ListItem\",\"position\":2,\"name\":\"Shop\",\"item\":\"https:\/\/xenonkungen.com\/shop\/\"},{\"@type\":\"ListItem\",\"position\":3,\"name\":\"Str\u00f6mbrytare utan symbol 12V\"}]},{\"@type\":\"WebSite\",\"@id\":\"https:\/\/xenonkungen.com\/#website\",\"url\":\"https:\/\/xenonkungen.com\/\",\"name\":\"Xenonkungen\",\"description\":\"\",\"potentialAction\":[{\"@type\":\"SearchAction\",\"target\":{\"@type\":\"EntryPoint\",\"urlTemplate\":\"https:\/\/xenonkungen.com\/?s={search_term_string}\"},\"query-input\":{\"@type\":\"PropertyValueSpecification\",\"valueRequired\":true,\"valueName\":\"search_term_string\"}}],\"inLanguage\":\"es\"}]}<\/script>\n<!-- \/ Yoast SEO plugin. -->","yoast_head_json":{"title":"Interruptor sin s\u00edmbolo 12V - Xenonkungen","robots":{"index":"index","follow":"follow","max-snippet":"max-snippet:-1","max-image-preview":"max-image-preview:large","max-video-preview":"max-video-preview:-1"},"canonical":"https:\/\/xenonkungen.com\/es\/producto\/disyuntor-sin-simbolo-12v\/","og_locale":"es_ES","og_type":"article","og_title":"Str\u00f6mbrytare utan symbol 12V - Xenonkungen","og_description":"Belyst str\u00f6mbrytare 12 V \u2013 On\/Off utan symbol Stilren och p\u00e5litlig belyst str\u00f6mbrytare f\u00f6r extraf\u00f6rbrukare, perfekt f\u00f6r inv\u00e4ndiga installationer i fordon, maskiner och andra 12-voltsapplikationer. Den diskreta on\/off-funktionen utan symbol ger ett rent och professionellt utseende i panelen. Str\u00f6mbrytaren klarar upp till 6 A kontinuerlig belastning och \u00e4r utrustad med f\u00f6rsilvrade kontakter f\u00f6r stabil str\u00f6m\u00f6verf\u00f6ring [&hellip;]","og_url":"https:\/\/xenonkungen.com\/es\/producto\/disyuntor-sin-simbolo-12v\/","og_site_name":"Xenonkungen","article_modified_time":"2026-03-10T15:02:46+00:00","og_image":[{"width":1121,"height":844,"url":"https:\/\/xenonkungen.com\/wp-content\/uploads\/2026\/02\/Skarmbild-2026-02-03-150912.png","type":"image\/png"}],"twitter_card":"summary_large_image","twitter_misc":{"Tiempo de lectura":"1 minuto"},"schema":{"@context":"https:\/\/schema.org","@graph":[{"@type":"WebPage","@id":"https:\/\/xenonkungen.com\/produkt\/strombrytare-utan-symbol-12v\/","url":"https:\/\/xenonkungen.com\/produkt\/strombrytare-utan-symbol-12v\/","name":"Interruptor sin s\u00edmbolo 12V - Xenonkungen","isPartOf":{"@id":"https:\/\/xenonkungen.com\/#website"},"primaryImageOfPage":{"@id":"https:\/\/xenonkungen.com\/produkt\/strombrytare-utan-symbol-12v\/#primaryimage"},"image":{"@id":"https:\/\/xenonkungen.com\/produkt\/strombrytare-utan-symbol-12v\/#primaryimage"},"thumbnailUrl":"https:\/\/xenonkungen.com\/wp-content\/uploads\/2026\/02\/Skarmbild-2026-02-03-150912.png","datePublished":"2026-02-03T14:13:10+00:00","dateModified":"2026-03-10T15:02:46+00:00","breadcrumb":{"@id":"https:\/\/xenonkungen.com\/produkt\/strombrytare-utan-symbol-12v\/#breadcrumb"},"inLanguage":"es","potentialAction":[{"@type":"ReadAction","target":["https:\/\/xenonkungen.com\/produkt\/strombrytare-utan-symbol-12v\/"]}]},{"@type":"ImageObject","inLanguage":"es","@id":"https:\/\/xenonkungen.com\/produkt\/strombrytare-utan-symbol-12v\/#primaryimage","url":"https:\/\/xenonkungen.com\/wp-content\/uploads\/2026\/02\/Skarmbild-2026-02-03-150912.png","contentUrl":"https:\/\/xenonkungen.com\/wp-content\/uploads\/2026\/02\/Skarmbild-2026-02-03-150912.png","width":1121,"height":844},{"@type":"BreadcrumbList","@id":"https:\/\/xenonkungen.com\/produkt\/strombrytare-utan-symbol-12v\/#breadcrumb","itemListElement":[{"@type":"ListItem","position":1,"name":"Hem","item":"https:\/\/xenonkungen.com\/"},{"@type":"ListItem","position":2,"name":"Shop","item":"https:\/\/xenonkungen.com\/shop\/"},{"@type":"ListItem","position":3,"name":"Str\u00f6mbrytare utan symbol 12V"}]},{"@type":"WebSite","@id":"https:\/\/xenonkungen.com\/#website","url":"https:\/\/xenonkungen.com\/","name":"Xenonkungen","description":"","potentialAction":[{"@type":"SearchAction","target":{"@type":"EntryPoint","urlTemplate":"https:\/\/xenonkungen.com\/?s={search_term_string}"},"query-input":{"@type":"PropertyValueSpecification","valueRequired":true,"valueName":"search_term_string"}}],"inLanguage":"es"}]}},"taxonomy_info":{"product_brand":[{"value":2790,"label":"Abkati"}],"product_cat":[{"value":390,"label":"Installation"}]},"featured_image_src_large":["https:\/\/xenonkungen.com\/wp-content\/uploads\/2026\/02\/Skarmbild-2026-02-03-150912-1024x771.png",1024,771,true],"author_info":[],"comment_info":0,"_links":{"self":[{"href":"https:\/\/xenonkungen.com\/es\/wp-json\/wp\/v2\/product\/25893","targetHints":{"allow":["GET"]}}],"collection":[{"href":"https:\/\/xenonkungen.com\/es\/wp-json\/wp\/v2\/product"}],"about":[{"href":"https:\/\/xenonkungen.com\/es\/wp-json\/wp\/v2\/types\/product"}],"replies":[{"embeddable":true,"href":"https:\/\/xenonkungen.com\/es\/wp-json\/wp\/v2\/comments?post=25893"}],"wp:featuredmedia":[{"embeddable":true,"href":"https:\/\/xenonkungen.com\/es\/wp-json\/wp\/v2\/media\/25894"}],"wp:attachment":[{"href":"https:\/\/xenonkungen.com\/es\/wp-json\/wp\/v2\/media?parent=25893"}],"wp:term":[{"taxonomy":"anvandningsomrade","embeddable":true,"href":"https:\/\/xenonkungen.com\/es\/wp-json\/wp\/v2\/anvandningsomrade?post=25893"},{"taxonomy":"bilmarken","embeddable":true,"href":"https:\/\/xenonkungen.com\/es\/wp-json\/wp\/v2\/bilmarken?post=25893"},{"taxonomy":"product_brand","embeddable":true,"href":"https:\/\/xenonkungen.com\/es\/wp-json\/wp\/v2\/product_brand?post=25893"},{"taxonomy":"product_cat","embeddable":true,"href":"https:\/\/xenonkungen.com\/es\/wp-json\/wp\/v2\/product_cat?post=25893"},{"taxonomy":"product_tag","embeddable":true,"href":"https:\/\/xenonkungen.com\/es\/wp-json\/wp\/v2\/product_tag?post=25893"}],"curies":[{"name":"wp","href":"https:\/\/api.w.org\/{rel}","templated":true}]}}