{"id":2607,"date":"2025-04-15T08:39:48","date_gmt":"2025-04-15T08:39:48","guid":{"rendered":"https:\/\/xenonkungen.com\/product\/obd-ii-y-kablage\/"},"modified":"2026-03-20T17:05:20","modified_gmt":"2026-03-20T16:05:20","slug":"arnes-de-cableado-obd-ii-y","status":"publish","type":"product","link":"https:\/\/xenonkungen.com\/es\/producto\/arnes-de-cableado-obd-ii-y\/","title":{"rendered":"Cable en Y OBD-II"},"content":{"rendered":"<h2 data-start=\"456\" data-end=\"502\">Conexi\u00f3n OBD estable para m\u00faltiples dispositivos XBB.<\/h2>\n<p data-start=\"504\" data-end=\"764\">El cable en Y OBD-II permite dividir el puerto OBD de su autom\u00f3vil en dos conexiones independientes. Esto facilita la instalaci\u00f3n cuando se necesitan usar dos unidades XBB OBDII simult\u00e1neamente, por ejemplo, al instalar varias luces auxiliares o diferentes sistemas de control en el mismo veh\u00edculo.<\/p>\n<p data-start=\"766\" data-end=\"907\">El cable est\u00e1 dise\u00f1ado para una comunicaci\u00f3n estable y un suministro de energ\u00eda seguro en sistemas de 12 V y funciona directamente a trav\u00e9s de la toma OBD-II estandarizada del autom\u00f3vil.<\/p>\n<h2 data-start=\"909\" data-end=\"949\">Dise\u00f1o compacto para una f\u00e1cil instalaci\u00f3n.<\/h2>\n<p data-start=\"951\" data-end=\"1212\">Gracias a su cableado compacto y a la separaci\u00f3n de aproximadamente 20 cm entre los conectores, el cable se instala f\u00e1cilmente incluso detr\u00e1s del salpicadero, donde el espacio suele ser limitado. Su dise\u00f1o permite conectar ambas unidades sin sobrecargar el conector original ni interferir con otros diagn\u00f3sticos.<\/p>\n<p data-start=\"1214\" data-end=\"1303\">La instalaci\u00f3n es totalmente plug-and-play y no requiere ninguna modificaci\u00f3n en el sistema el\u00e9ctrico del veh\u00edculo.<\/p>\n<table>\n<thead data-start=\"1336\" data-end=\"1364\">\n<tr data-start=\"1336\" data-end=\"1364\">\n<th class=\"\" data-start=\"1336\" data-end=\"1347\" data-col-size=\"sm\">Propiedad<\/th>\n<th class=\"\" data-start=\"1347\" data-end=\"1364\" data-col-size=\"sm\">Especificaci\u00f3n<\/th>\n<\/tr>\n<\/thead>\n<\/table>\n<div>\n<table>\n<tbody>\n<tr data-start=\"1375\" data-end=\"1427\">\n<td data-start=\"1375\" data-end=\"1388\" data-col-size=\"sm\">Tipo de producto<\/td>\n<td data-col-size=\"sm\" data-start=\"1388\" data-end=\"1427\">Cable de derivaci\u00f3n\/arn\u00e9s en Y OBD-II<\/td>\n<\/tr>\n<\/tbody>\n<\/table>\n<\/div>\n<div>\n<table>\n<tbody>\n<tr data-start=\"1428\" data-end=\"1474\">\n<td data-start=\"1428\" data-end=\"1441\" data-col-size=\"sm\">Usar<\/td>\n<td data-col-size=\"sm\" data-start=\"1441\" data-end=\"1474\">Conexi\u00f3n de dos dispositivos XBB OBDII<\/td>\n<\/tr>\n<\/tbody>\n<\/table>\n<\/div>\n<div>\n<table>\n<tbody>\n<tr data-start=\"1475\" data-end=\"1493\">\n<td data-start=\"1475\" data-end=\"1486\" data-col-size=\"sm\">Voltaje<\/td>\n<td data-col-size=\"sm\" data-start=\"1486\" data-end=\"1493\">12V<\/td>\n<\/tr>\n<\/tbody>\n<\/table>\n<\/div>\n<div>\n<table>\n<tbody>\n<tr data-start=\"1494\" data-end=\"1536\">\n<td data-start=\"1494\" data-end=\"1524\" data-col-size=\"sm\">Longitud del cable entre conectores<\/td>\n<td data-col-size=\"sm\" data-start=\"1524\" data-end=\"1536\">unos 20 cm<\/td>\n<\/tr>\n<\/tbody>\n<\/table>\n<\/div>\n<div>\n<table>\n<tbody>\n<tr data-start=\"1537\" data-end=\"1585\">\n<td data-start=\"1537\" data-end=\"1550\" data-col-size=\"sm\">Conectividad<\/td>\n<td data-col-size=\"sm\" data-start=\"1550\" data-end=\"1585\">1x OBD-II macho \u2192 2x OBD-II hembra<\/td>\n<\/tr>\n<\/tbody>\n<\/table>\n<\/div>\n<div>\n<table>\n<tbody>\n<tr data-start=\"1586\" data-end=\"1618\">\n<td data-start=\"1586\" data-end=\"1601\" data-col-size=\"sm\">Instalaci\u00f3n<\/td>\n<td data-col-size=\"sm\" data-start=\"1601\" data-end=\"1618\">Conectar y jugar<\/td>\n<\/tr>\n<\/tbody>\n<\/table>\n<\/div>\n<div>\n<table>\n<tbody>\n<tr data-start=\"1619\" data-end=\"1672\">\n<td data-start=\"1619\" data-end=\"1636\" data-col-size=\"sm\">Compatibilidad<\/td>\n<td data-col-size=\"sm\" data-start=\"1636\" data-end=\"1672\">Veh\u00edculos con toma OBD-II est\u00e1ndar<\/td>\n<\/tr>\n<\/tbody>\n<\/table>\n<\/div>","protected":false},"excerpt":{"rendered":"<p>Cableado de derivaci\u00f3n OBD-II pr\u00e1ctico que permite conectar dos unidades XBB OBDII simult\u00e1neamente. Ideal para controlar varias luces o funciones adicionales a trav\u00e9s del puerto OBD del coche sin necesidad de desconectar el equipo existente.<\/p>","protected":false},"featured_media":2608,"comment_status":"closed","ping_status":"closed","template":"","meta":{"_acf_changed":false,"_smort_price_nok":"240","_smort_price_dkk":"153","_smort_price_eur":"20.45","_smort_sale_price_nok":"","_smort_sale_price_dkk":"","_smort_sale_price_eur":"","smort_restorder":"","shipmondo_restorder":"","_kad_blocks_custom_css":"","_kad_blocks_head_custom_js":"","_kad_blocks_body_custom_js":"","_kad_blocks_footer_custom_js":"","smort_custom_pricelist_1":"144","smort_custom_pricelist_2":"126","smort_custom_pricelist_3":"117","smort_custom_pricelist_4":"180","smort_custom_pricelist_5":"126"},"anvandningsomrade":[],"bilmarken":[],"product_brand":[115],"product_cat":[2487,2841,2828,2574,390],"product_tag":[],"class_list":{"0":"post-2607","1":"product","2":"type-product","3":"status-publish","4":"has-post-thumbnail","6":"product_brand-xbb","7":"product_cat-canbus-installation","8":"product_cat-installation-extraljus","9":"product_cat-installation-led-ramper","10":"product_cat-relasats-xbb-installation","11":"product_cat-installation","12":"pa_storlek-mm-839","13":"pa_volt-v-159","15":"first","16":"instock","17":"taxable","18":"shipping-taxable","19":"purchasable","20":"product-type-simple"},"bundled_by":[],"bundle_stock_status":"instock","bundle_stock_quantity":40,"bundle_virtual":false,"bundle_layout":"","bundle_add_to_cart_form_location":"","bundle_editable_in_cart":false,"bundle_sold_individually_context":"","bundle_item_grouping":"","bundle_min_size":"","bundle_max_size":"","bundle_price":[],"bundled_items":[],"bundle_sell_ids":[],"acf":[],"yoast_head":"<!-- This site is optimized with the Yoast SEO plugin v27.0 - https:\/\/yoast.com\/product\/yoast-seo-wordpress\/ -->\n<title>OBD-II Y-kablage - Xenonkungen OBD-II Y-kabel 2x OBD-port 12V 20cm, XBB - Xenonkungen<\/title>\n<meta name=\"description\" content=\"K\u00f6p OBD-II Y-kabel 2x OBD-port 12V 20cm, XBB. F\u00f6rgreningskabel f\u00f6r tv\u00e5 XBB OBDII-enheter. Snabb leverans. \u00d6ppet k\u00f6p 30 dagar. Handla enkelt p\u00e5 xenonkungen.com!\" \/>\n<meta name=\"robots\" content=\"index, follow, max-snippet:-1, max-image-preview:large, max-video-preview:-1\" \/>\n<link rel=\"canonical\" href=\"https:\/\/xenonkungen.com\/es\/producto\/arnes-de-cableado-obd-ii-y\/\" \/>\n<meta property=\"og:locale\" content=\"es_ES\" \/>\n<meta property=\"og:type\" content=\"article\" \/>\n<meta property=\"og:title\" content=\"OBD-II Y-kablage - Xenonkungen OBD-II Y-kabel 2x OBD-port 12V 20cm, XBB - Xenonkungen\" \/>\n<meta property=\"og:description\" content=\"K\u00f6p OBD-II Y-kabel 2x OBD-port 12V 20cm, XBB. F\u00f6rgreningskabel f\u00f6r tv\u00e5 XBB OBDII-enheter. Snabb leverans. \u00d6ppet k\u00f6p 30 dagar. Handla enkelt p\u00e5 xenonkungen.com!\" \/>\n<meta property=\"og:url\" content=\"https:\/\/xenonkungen.com\/es\/producto\/arnes-de-cableado-obd-ii-y\/\" \/>\n<meta property=\"og:site_name\" content=\"Xenonkungen\" \/>\n<meta property=\"article:modified_time\" content=\"2026-03-20T16:05:20+00:00\" \/>\n<meta property=\"og:image\" content=\"https:\/\/xenonkungen.com\/wp-content\/uploads\/2025\/04\/180033183-origpic-c1bf73.png\" \/>\n\t<meta property=\"og:image:width\" content=\"1000\" \/>\n\t<meta property=\"og:image:height\" content=\"1000\" \/>\n\t<meta property=\"og:image:type\" content=\"image\/png\" \/>\n<meta name=\"twitter:card\" content=\"summary_large_image\" \/>\n<meta name=\"twitter:label1\" content=\"Tiempo de lectura\" \/>\n\t<meta name=\"twitter:data1\" content=\"1 minuto\" \/>\n<script type=\"application\/ld+json\" class=\"yoast-schema-graph\">{\"@context\":\"https:\/\/schema.org\",\"@graph\":[{\"@type\":\"WebPage\",\"@id\":\"https:\/\/xenonkungen.com\/produkt\/obd-ii-y-kablage\/\",\"url\":\"https:\/\/xenonkungen.com\/produkt\/obd-ii-y-kablage\/\",\"name\":\"OBD-II Y-kablage - Xenonkungen OBD-II Y-kabel 2x OBD-port 12V 20cm, XBB - Xenonkungen\",\"isPartOf\":{\"@id\":\"https:\/\/xenonkungen.com\/#website\"},\"primaryImageOfPage\":{\"@id\":\"https:\/\/xenonkungen.com\/produkt\/obd-ii-y-kablage\/#primaryimage\"},\"image\":{\"@id\":\"https:\/\/xenonkungen.com\/produkt\/obd-ii-y-kablage\/#primaryimage\"},\"thumbnailUrl\":\"https:\/\/xenonkungen.com\/wp-content\/uploads\/2025\/04\/180033183-origpic-c1bf73.png\",\"datePublished\":\"2025-04-15T08:39:48+00:00\",\"dateModified\":\"2026-03-20T16:05:20+00:00\",\"description\":\"K\u00f6p OBD-II Y-kabel 2x OBD-port 12V 20cm, XBB. F\u00f6rgreningskabel f\u00f6r tv\u00e5 XBB OBDII-enheter. Snabb leverans. \u00d6ppet k\u00f6p 30 dagar. Handla enkelt p\u00e5 xenonkungen.com!\",\"breadcrumb\":{\"@id\":\"https:\/\/xenonkungen.com\/produkt\/obd-ii-y-kablage\/#breadcrumb\"},\"inLanguage\":\"es\",\"potentialAction\":[{\"@type\":\"ReadAction\",\"target\":[\"https:\/\/xenonkungen.com\/produkt\/obd-ii-y-kablage\/\"]}]},{\"@type\":\"ImageObject\",\"inLanguage\":\"es\",\"@id\":\"https:\/\/xenonkungen.com\/produkt\/obd-ii-y-kablage\/#primaryimage\",\"url\":\"https:\/\/xenonkungen.com\/wp-content\/uploads\/2025\/04\/180033183-origpic-c1bf73.png\",\"contentUrl\":\"https:\/\/xenonkungen.com\/wp-content\/uploads\/2025\/04\/180033183-origpic-c1bf73.png\",\"width\":1000,\"height\":1000},{\"@type\":\"BreadcrumbList\",\"@id\":\"https:\/\/xenonkungen.com\/produkt\/obd-ii-y-kablage\/#breadcrumb\",\"itemListElement\":[{\"@type\":\"ListItem\",\"position\":1,\"name\":\"Hem\",\"item\":\"https:\/\/xenonkungen.com\/\"},{\"@type\":\"ListItem\",\"position\":2,\"name\":\"Shop\",\"item\":\"https:\/\/xenonkungen.com\/shop\/\"},{\"@type\":\"ListItem\",\"position\":3,\"name\":\"OBD-II Y-kablage\"}]},{\"@type\":\"WebSite\",\"@id\":\"https:\/\/xenonkungen.com\/#website\",\"url\":\"https:\/\/xenonkungen.com\/\",\"name\":\"Xenonkungen\",\"description\":\"\",\"potentialAction\":[{\"@type\":\"SearchAction\",\"target\":{\"@type\":\"EntryPoint\",\"urlTemplate\":\"https:\/\/xenonkungen.com\/?s={search_term_string}\"},\"query-input\":{\"@type\":\"PropertyValueSpecification\",\"valueRequired\":true,\"valueName\":\"search_term_string\"}}],\"inLanguage\":\"es\"}]}<\/script>\n<!-- \/ Yoast SEO plugin. -->","yoast_head_json":{"title":"Cable en Y OBD-II - Xenonkungen Cable en Y OBD-II 2 puertos OBD 12V 20cm, XBB - Xenonkungen","description":"Cable en Y OBD-II 2x puerto OBD 12V 20cm, XBB. Cable de derivaci\u00f3n para dos unidades XBB OBDII. Entrega r\u00e1pida. Plazo de compra de 30 d\u00edas. \u00a1Compra f\u00e1cilmente en xenonkungen.com!","robots":{"index":"index","follow":"follow","max-snippet":"max-snippet:-1","max-image-preview":"max-image-preview:large","max-video-preview":"max-video-preview:-1"},"canonical":"https:\/\/xenonkungen.com\/es\/producto\/arnes-de-cableado-obd-ii-y\/","og_locale":"es_ES","og_type":"article","og_title":"OBD-II Y-kablage - Xenonkungen OBD-II Y-kabel 2x OBD-port 12V 20cm, XBB - Xenonkungen","og_description":"K\u00f6p OBD-II Y-kabel 2x OBD-port 12V 20cm, XBB. F\u00f6rgreningskabel f\u00f6r tv\u00e5 XBB OBDII-enheter. Snabb leverans. \u00d6ppet k\u00f6p 30 dagar. Handla enkelt p\u00e5 xenonkungen.com!","og_url":"https:\/\/xenonkungen.com\/es\/producto\/arnes-de-cableado-obd-ii-y\/","og_site_name":"Xenonkungen","article_modified_time":"2026-03-20T16:05:20+00:00","og_image":[{"width":1000,"height":1000,"url":"https:\/\/xenonkungen.com\/wp-content\/uploads\/2025\/04\/180033183-origpic-c1bf73.png","type":"image\/png"}],"twitter_card":"summary_large_image","twitter_misc":{"Tiempo de lectura":"1 minuto"},"schema":{"@context":"https:\/\/schema.org","@graph":[{"@type":"WebPage","@id":"https:\/\/xenonkungen.com\/produkt\/obd-ii-y-kablage\/","url":"https:\/\/xenonkungen.com\/produkt\/obd-ii-y-kablage\/","name":"Cable en Y OBD-II - Xenonkungen Cable en Y OBD-II 2 puertos OBD 12V 20cm, XBB - Xenonkungen","isPartOf":{"@id":"https:\/\/xenonkungen.com\/#website"},"primaryImageOfPage":{"@id":"https:\/\/xenonkungen.com\/produkt\/obd-ii-y-kablage\/#primaryimage"},"image":{"@id":"https:\/\/xenonkungen.com\/produkt\/obd-ii-y-kablage\/#primaryimage"},"thumbnailUrl":"https:\/\/xenonkungen.com\/wp-content\/uploads\/2025\/04\/180033183-origpic-c1bf73.png","datePublished":"2025-04-15T08:39:48+00:00","dateModified":"2026-03-20T16:05:20+00:00","description":"Cable en Y OBD-II 2x puerto OBD 12V 20cm, XBB. Cable de derivaci\u00f3n para dos unidades XBB OBDII. Entrega r\u00e1pida. Plazo de compra de 30 d\u00edas. \u00a1Compra f\u00e1cilmente en xenonkungen.com!","breadcrumb":{"@id":"https:\/\/xenonkungen.com\/produkt\/obd-ii-y-kablage\/#breadcrumb"},"inLanguage":"es","potentialAction":[{"@type":"ReadAction","target":["https:\/\/xenonkungen.com\/produkt\/obd-ii-y-kablage\/"]}]},{"@type":"ImageObject","inLanguage":"es","@id":"https:\/\/xenonkungen.com\/produkt\/obd-ii-y-kablage\/#primaryimage","url":"https:\/\/xenonkungen.com\/wp-content\/uploads\/2025\/04\/180033183-origpic-c1bf73.png","contentUrl":"https:\/\/xenonkungen.com\/wp-content\/uploads\/2025\/04\/180033183-origpic-c1bf73.png","width":1000,"height":1000},{"@type":"BreadcrumbList","@id":"https:\/\/xenonkungen.com\/produkt\/obd-ii-y-kablage\/#breadcrumb","itemListElement":[{"@type":"ListItem","position":1,"name":"Hem","item":"https:\/\/xenonkungen.com\/"},{"@type":"ListItem","position":2,"name":"Shop","item":"https:\/\/xenonkungen.com\/shop\/"},{"@type":"ListItem","position":3,"name":"OBD-II Y-kablage"}]},{"@type":"WebSite","@id":"https:\/\/xenonkungen.com\/#website","url":"https:\/\/xenonkungen.com\/","name":"Xenonkungen","description":"","potentialAction":[{"@type":"SearchAction","target":{"@type":"EntryPoint","urlTemplate":"https:\/\/xenonkungen.com\/?s={search_term_string}"},"query-input":{"@type":"PropertyValueSpecification","valueRequired":true,"valueName":"search_term_string"}}],"inLanguage":"es"}]}},"taxonomy_info":{"product_brand":[{"value":115,"label":"XBB"}],"product_cat":[{"value":2487,"label":"Canbus"},{"value":2841,"label":"Installation extraljus"},{"value":2828,"label":"Installation LED-ramper"},{"value":2574,"label":"Rel\u00e4sats"},{"value":390,"label":"Installation"}],"pa_storlek-mm":[{"value":839,"label":"200"}],"pa_volt-v":[{"value":159,"label":"12"}]},"featured_image_src_large":["https:\/\/xenonkungen.com\/wp-content\/uploads\/2025\/04\/180033183-origpic-c1bf73.png",1000,1000,false],"author_info":[],"comment_info":0,"_links":{"self":[{"href":"https:\/\/xenonkungen.com\/es\/wp-json\/wp\/v2\/product\/2607","targetHints":{"allow":["GET"]}}],"collection":[{"href":"https:\/\/xenonkungen.com\/es\/wp-json\/wp\/v2\/product"}],"about":[{"href":"https:\/\/xenonkungen.com\/es\/wp-json\/wp\/v2\/types\/product"}],"replies":[{"embeddable":true,"href":"https:\/\/xenonkungen.com\/es\/wp-json\/wp\/v2\/comments?post=2607"}],"wp:featuredmedia":[{"embeddable":true,"href":"https:\/\/xenonkungen.com\/es\/wp-json\/wp\/v2\/media\/2608"}],"wp:attachment":[{"href":"https:\/\/xenonkungen.com\/es\/wp-json\/wp\/v2\/media?parent=2607"}],"wp:term":[{"taxonomy":"anvandningsomrade","embeddable":true,"href":"https:\/\/xenonkungen.com\/es\/wp-json\/wp\/v2\/anvandningsomrade?post=2607"},{"taxonomy":"bilmarken","embeddable":true,"href":"https:\/\/xenonkungen.com\/es\/wp-json\/wp\/v2\/bilmarken?post=2607"},{"taxonomy":"product_brand","embeddable":true,"href":"https:\/\/xenonkungen.com\/es\/wp-json\/wp\/v2\/product_brand?post=2607"},{"taxonomy":"product_cat","embeddable":true,"href":"https:\/\/xenonkungen.com\/es\/wp-json\/wp\/v2\/product_cat?post=2607"},{"taxonomy":"product_tag","embeddable":true,"href":"https:\/\/xenonkungen.com\/es\/wp-json\/wp\/v2\/product_tag?post=2607"}],"curies":[{"name":"wp","href":"https:\/\/api.w.org\/{rel}","templated":true}]}}