{"id":2609,"date":"2025-04-15T08:39:48","date_gmt":"2025-04-15T08:39:48","guid":{"rendered":"https:\/\/xenonkungen.com\/product\/luxtar-bb-serie-underfaste\/"},"modified":"2026-05-08T13:27:31","modified_gmt":"2026-05-08T12:27:31","slug":"cierre-inferior-de-la-serie-bb-de-luxtar","status":"publish","type":"product","link":"https:\/\/xenonkungen.com\/es\/producto\/cierre-inferior-de-la-serie-bb-de-luxtar\/","title":{"rendered":"Soportes inferiores LUXTAR\u00ae serie BB"},"content":{"rendered":"<h1>Soportes inferiores para rampas articuladas de la serie X<\/h1>\n<p>Soporte inferior para montar la barra de luces Luxtar en su parte inferior.<\/p>\n<p>Perfecto para quienes necesitan soportes adicionales para su rampa LED o simplemente han perdido los anteriores y necesitan unos nuevos.<\/p>\n<p>Apto para todos <strong>Serie X<\/strong> rampas.<br \/>Acero inoxidable.<\/p>","protected":false},"excerpt":{"rendered":"<p>Soportes inferiores para rampas LED de la serie X. Soporte inferior para montar la rampa de iluminaci\u00f3n Luxtar en su parte inferior. Ideal para quienes necesitan soportes adicionales para su rampa LED o simplemente han perdido los soportes anteriores y necesitan unos nuevos. Compatible con todas las rampas de la serie X. Acero inoxidable.<\/p>","protected":false},"featured_media":2610,"comment_status":"closed","ping_status":"open","template":"","meta":{"_acf_changed":false,"_smort_price_nok":"37","_smort_price_dkk":"24","_smort_price_eur":"3.18","_smort_sale_price_nok":"","_smort_sale_price_dkk":"","_smort_sale_price_eur":"","smort_restorder":"","shipmondo_restorder":"","_kad_blocks_custom_css":"","_kad_blocks_head_custom_js":"","_kad_blocks_body_custom_js":"","_kad_blocks_footer_custom_js":"","smort_custom_pricelist_1":"22.4","smort_custom_pricelist_2":"16.8","smort_custom_pricelist_3":"15.96","smort_custom_pricelist_4":"28","smort_custom_pricelist_5":"16.8"},"anvandningsomrade":[],"bilmarken":[],"product_brand":[103],"product_cat":[2971,2841,2826,390],"product_tag":[],"class_list":{"0":"post-2609","1":"product","2":"type-product","3":"status-publish","4":"has-post-thumbnail","6":"product_brand-luxtar","7":"product_cat-ledramp-fasten","8":"product_cat-installation-extraljus","9":"product_cat-luxtar","10":"product_cat-installation","12":"first","13":"instock","14":"taxable","15":"shipping-taxable","16":"purchasable","17":"product-type-simple"},"bundled_by":["9566"],"bundle_stock_status":"instock","bundle_stock_quantity":28,"bundle_virtual":false,"bundle_layout":"","bundle_add_to_cart_form_location":"","bundle_editable_in_cart":false,"bundle_sold_individually_context":"","bundle_item_grouping":"","bundle_min_size":"","bundle_max_size":"","bundle_price":[],"bundled_items":[],"bundle_sell_ids":[],"acf":[],"yoast_head":"<!-- This site is optimized with the Yoast SEO plugin v27.0 - https:\/\/yoast.com\/product\/yoast-seo-wordpress\/ -->\n<title>LUXTAR\u00ae BB-Serie Underf\u00e4ste - Xenonkungen<\/title>\n<meta name=\"robots\" content=\"index, follow, max-snippet:-1, max-image-preview:large, max-video-preview:-1\" \/>\n<link rel=\"canonical\" href=\"https:\/\/xenonkungen.com\/es\/producto\/cierre-inferior-de-la-serie-bb-de-luxtar\/\" \/>\n<meta property=\"og:locale\" content=\"es_ES\" \/>\n<meta property=\"og:type\" content=\"article\" \/>\n<meta property=\"og:title\" content=\"LUXTAR\u00ae BB-Serie Underf\u00e4ste - Xenonkungen\" \/>\n<meta property=\"og:description\" content=\"Underf\u00e4sten f\u00f6r X-serie ledramper Underf\u00e4ste f\u00f6r montage av din Luxtar ljusramp p\u00e5 dess Undersida. Perfekt f\u00f6r dig som beh\u00f6ver extraf\u00e4sten till din ledramp eller helt enkelt tappat bort dina tidigare f\u00e4sten och beh\u00f6ver nya. Passar alla X-Series ramper.Rostfritt st\u00e5l.\" \/>\n<meta property=\"og:url\" content=\"https:\/\/xenonkungen.com\/es\/producto\/cierre-inferior-de-la-serie-bb-de-luxtar\/\" \/>\n<meta property=\"og:site_name\" content=\"Xenonkungen\" \/>\n<meta property=\"article:modified_time\" content=\"2026-05-08T12:27:31+00:00\" \/>\n<meta property=\"og:image\" content=\"https:\/\/xenonkungen.com\/wp-content\/uploads\/2025\/04\/211165749-origpic-7c9cc6-scaled.jpg\" \/>\n\t<meta property=\"og:image:width\" content=\"2560\" \/>\n\t<meta property=\"og:image:height\" content=\"2560\" \/>\n\t<meta property=\"og:image:type\" content=\"image\/jpeg\" \/>\n<meta name=\"twitter:card\" content=\"summary_large_image\" \/>\n<script type=\"application\/ld+json\" class=\"yoast-schema-graph\">{\"@context\":\"https:\/\/schema.org\",\"@graph\":[{\"@type\":\"WebPage\",\"@id\":\"https:\/\/xenonkungen.com\/produkt\/luxtar-bb-serie-underfaste\/\",\"url\":\"https:\/\/xenonkungen.com\/produkt\/luxtar-bb-serie-underfaste\/\",\"name\":\"LUXTAR\u00ae BB-Serie Underf\u00e4ste - Xenonkungen\",\"isPartOf\":{\"@id\":\"https:\/\/xenonkungen.com\/#website\"},\"primaryImageOfPage\":{\"@id\":\"https:\/\/xenonkungen.com\/produkt\/luxtar-bb-serie-underfaste\/#primaryimage\"},\"image\":{\"@id\":\"https:\/\/xenonkungen.com\/produkt\/luxtar-bb-serie-underfaste\/#primaryimage\"},\"thumbnailUrl\":\"https:\/\/xenonkungen.com\/wp-content\/uploads\/2025\/04\/211165749-origpic-7c9cc6-scaled.jpg\",\"datePublished\":\"2025-04-15T08:39:48+00:00\",\"dateModified\":\"2026-05-08T12:27:31+00:00\",\"breadcrumb\":{\"@id\":\"https:\/\/xenonkungen.com\/produkt\/luxtar-bb-serie-underfaste\/#breadcrumb\"},\"inLanguage\":\"es\",\"potentialAction\":[{\"@type\":\"ReadAction\",\"target\":[\"https:\/\/xenonkungen.com\/produkt\/luxtar-bb-serie-underfaste\/\"]}]},{\"@type\":\"ImageObject\",\"inLanguage\":\"es\",\"@id\":\"https:\/\/xenonkungen.com\/produkt\/luxtar-bb-serie-underfaste\/#primaryimage\",\"url\":\"https:\/\/xenonkungen.com\/wp-content\/uploads\/2025\/04\/211165749-origpic-7c9cc6-scaled.jpg\",\"contentUrl\":\"https:\/\/xenonkungen.com\/wp-content\/uploads\/2025\/04\/211165749-origpic-7c9cc6-scaled.jpg\",\"width\":2560,\"height\":2560},{\"@type\":\"BreadcrumbList\",\"@id\":\"https:\/\/xenonkungen.com\/produkt\/luxtar-bb-serie-underfaste\/#breadcrumb\",\"itemListElement\":[{\"@type\":\"ListItem\",\"position\":1,\"name\":\"Hem\",\"item\":\"https:\/\/xenonkungen.com\/\"},{\"@type\":\"ListItem\",\"position\":2,\"name\":\"Shop\",\"item\":\"https:\/\/xenonkungen.com\/shop\/\"},{\"@type\":\"ListItem\",\"position\":3,\"name\":\"LUXTAR\u00ae BB-Serie Underf\u00e4ste\"}]},{\"@type\":\"WebSite\",\"@id\":\"https:\/\/xenonkungen.com\/#website\",\"url\":\"https:\/\/xenonkungen.com\/\",\"name\":\"Xenonkungen\",\"description\":\"\",\"potentialAction\":[{\"@type\":\"SearchAction\",\"target\":{\"@type\":\"EntryPoint\",\"urlTemplate\":\"https:\/\/xenonkungen.com\/?s={search_term_string}\"},\"query-input\":{\"@type\":\"PropertyValueSpecification\",\"valueRequired\":true,\"valueName\":\"search_term_string\"}}],\"inLanguage\":\"es\"}]}<\/script>\n<!-- \/ Yoast SEO plugin. -->","yoast_head_json":{"title":"Submontaje LUXTAR\u00ae Serie BB: el rey del xen\u00f3n","robots":{"index":"index","follow":"follow","max-snippet":"max-snippet:-1","max-image-preview":"max-image-preview:large","max-video-preview":"max-video-preview:-1"},"canonical":"https:\/\/xenonkungen.com\/es\/producto\/cierre-inferior-de-la-serie-bb-de-luxtar\/","og_locale":"es_ES","og_type":"article","og_title":"LUXTAR\u00ae BB-Serie Underf\u00e4ste - Xenonkungen","og_description":"Underf\u00e4sten f\u00f6r X-serie ledramper Underf\u00e4ste f\u00f6r montage av din Luxtar ljusramp p\u00e5 dess Undersida. Perfekt f\u00f6r dig som beh\u00f6ver extraf\u00e4sten till din ledramp eller helt enkelt tappat bort dina tidigare f\u00e4sten och beh\u00f6ver nya. Passar alla X-Series ramper.Rostfritt st\u00e5l.","og_url":"https:\/\/xenonkungen.com\/es\/producto\/cierre-inferior-de-la-serie-bb-de-luxtar\/","og_site_name":"Xenonkungen","article_modified_time":"2026-05-08T12:27:31+00:00","og_image":[{"width":2560,"height":2560,"url":"https:\/\/xenonkungen.com\/wp-content\/uploads\/2025\/04\/211165749-origpic-7c9cc6-scaled.jpg","type":"image\/jpeg"}],"twitter_card":"summary_large_image","schema":{"@context":"https:\/\/schema.org","@graph":[{"@type":"WebPage","@id":"https:\/\/xenonkungen.com\/produkt\/luxtar-bb-serie-underfaste\/","url":"https:\/\/xenonkungen.com\/produkt\/luxtar-bb-serie-underfaste\/","name":"Submontaje LUXTAR\u00ae Serie BB: el rey del xen\u00f3n","isPartOf":{"@id":"https:\/\/xenonkungen.com\/#website"},"primaryImageOfPage":{"@id":"https:\/\/xenonkungen.com\/produkt\/luxtar-bb-serie-underfaste\/#primaryimage"},"image":{"@id":"https:\/\/xenonkungen.com\/produkt\/luxtar-bb-serie-underfaste\/#primaryimage"},"thumbnailUrl":"https:\/\/xenonkungen.com\/wp-content\/uploads\/2025\/04\/211165749-origpic-7c9cc6-scaled.jpg","datePublished":"2025-04-15T08:39:48+00:00","dateModified":"2026-05-08T12:27:31+00:00","breadcrumb":{"@id":"https:\/\/xenonkungen.com\/produkt\/luxtar-bb-serie-underfaste\/#breadcrumb"},"inLanguage":"es","potentialAction":[{"@type":"ReadAction","target":["https:\/\/xenonkungen.com\/produkt\/luxtar-bb-serie-underfaste\/"]}]},{"@type":"ImageObject","inLanguage":"es","@id":"https:\/\/xenonkungen.com\/produkt\/luxtar-bb-serie-underfaste\/#primaryimage","url":"https:\/\/xenonkungen.com\/wp-content\/uploads\/2025\/04\/211165749-origpic-7c9cc6-scaled.jpg","contentUrl":"https:\/\/xenonkungen.com\/wp-content\/uploads\/2025\/04\/211165749-origpic-7c9cc6-scaled.jpg","width":2560,"height":2560},{"@type":"BreadcrumbList","@id":"https:\/\/xenonkungen.com\/produkt\/luxtar-bb-serie-underfaste\/#breadcrumb","itemListElement":[{"@type":"ListItem","position":1,"name":"Hem","item":"https:\/\/xenonkungen.com\/"},{"@type":"ListItem","position":2,"name":"Shop","item":"https:\/\/xenonkungen.com\/shop\/"},{"@type":"ListItem","position":3,"name":"LUXTAR\u00ae BB-Serie Underf\u00e4ste"}]},{"@type":"WebSite","@id":"https:\/\/xenonkungen.com\/#website","url":"https:\/\/xenonkungen.com\/","name":"Xenonkungen","description":"","potentialAction":[{"@type":"SearchAction","target":{"@type":"EntryPoint","urlTemplate":"https:\/\/xenonkungen.com\/?s={search_term_string}"},"query-input":{"@type":"PropertyValueSpecification","valueRequired":true,"valueName":"search_term_string"}}],"inLanguage":"es"}]}},"taxonomy_info":{"product_brand":[{"value":103,"label":"LUXTAR"}],"product_cat":[{"value":2971,"label":"F\u00e4ste till ledramp"},{"value":2841,"label":"Installation extraljus"},{"value":2826,"label":"LUXTAR"},{"value":390,"label":"Installation"}]},"featured_image_src_large":["https:\/\/xenonkungen.com\/wp-content\/uploads\/2025\/04\/211165749-origpic-7c9cc6-1024x1024.jpg",1024,1024,true],"author_info":[],"comment_info":0,"_links":{"self":[{"href":"https:\/\/xenonkungen.com\/es\/wp-json\/wp\/v2\/product\/2609","targetHints":{"allow":["GET"]}}],"collection":[{"href":"https:\/\/xenonkungen.com\/es\/wp-json\/wp\/v2\/product"}],"about":[{"href":"https:\/\/xenonkungen.com\/es\/wp-json\/wp\/v2\/types\/product"}],"replies":[{"embeddable":true,"href":"https:\/\/xenonkungen.com\/es\/wp-json\/wp\/v2\/comments?post=2609"}],"wp:featuredmedia":[{"embeddable":true,"href":"https:\/\/xenonkungen.com\/es\/wp-json\/wp\/v2\/media\/2610"}],"wp:attachment":[{"href":"https:\/\/xenonkungen.com\/es\/wp-json\/wp\/v2\/media?parent=2609"}],"wp:term":[{"taxonomy":"anvandningsomrade","embeddable":true,"href":"https:\/\/xenonkungen.com\/es\/wp-json\/wp\/v2\/anvandningsomrade?post=2609"},{"taxonomy":"bilmarken","embeddable":true,"href":"https:\/\/xenonkungen.com\/es\/wp-json\/wp\/v2\/bilmarken?post=2609"},{"taxonomy":"product_brand","embeddable":true,"href":"https:\/\/xenonkungen.com\/es\/wp-json\/wp\/v2\/product_brand?post=2609"},{"taxonomy":"product_cat","embeddable":true,"href":"https:\/\/xenonkungen.com\/es\/wp-json\/wp\/v2\/product_cat?post=2609"},{"taxonomy":"product_tag","embeddable":true,"href":"https:\/\/xenonkungen.com\/es\/wp-json\/wp\/v2\/product_tag?post=2609"}],"curies":[{"name":"wp","href":"https:\/\/api.w.org\/{rel}","templated":true}]}}