{"id":2612,"date":"2025-04-15T08:39:48","date_gmt":"2025-04-15T08:39:48","guid":{"rendered":"https:\/\/xenonkungen.com\/product\/extraljussats-60w-xenon-speedstart-12-24v\/"},"modified":"2026-04-24T21:15:24","modified_gmt":"2026-04-24T20:15:24","slug":"kit-de-luces-adicionales-xenon-60w-speedstart-12-24v","status":"publish","type":"product","link":"https:\/\/xenonkungen.com\/es\/producto\/kit-de-luces-adicionales-xenon-60w-speedstart-12-24v\/","title":{"rendered":"Kit luz extra 60W Xenon SpeedStart | 12\/24V"},"content":{"rendered":"<h1>Kit de luz auxiliar premium de 60 W<\/h1>\n<p>El balasto HNS-6 incluido tiene una potencia de 60 W (efectivos ~60 W) y la l\u00e1mpara tiene un rango de potencia y caracter\u00edsticas coincidentes.<\/p>\n<p>Proporciona hasta aprox. <strong>450% m\u00e1s luz<\/strong> en comparaci\u00f3n con las hal\u00f3genas de 55 W. Normalmente, tambi\u00e9n se obtiene un patr\u00f3n de luz mucho m\u00e1s amplio y largo en funci\u00f3n de las caracter\u00edsticas de la l\u00e1mpara.<\/p>\n<p>Una caracter\u00edstica exclusiva del HNS-6 es que puede hacer funcionar todas las l\u00e1mparas de xen\u00f3n, incluidas las sin plomo (D1\/D2\/D3\/D4). Sin embargo, para ello se necesitan cables especializados, tarea que se realiza aqu\u00ed para demostrar la avanzada tecnolog\u00eda del HNS-6.<\/p>\n<p><strong>Especificaciones<\/strong><br \/>Lastre: HNS-6 Arranque superr\u00e1pido<br \/>Potencia: 60 W (~60 W), 42 V\/85 V CA<br \/>Voltios: 9-32 V CC<br \/>Entorno operativo: -40 a +85<br \/><span>Consumo: 5,2 A\/12 V<\/span><\/p>\n<p><strong>Para luz extra con base de l\u00e1mpara:<\/strong><br \/>D2H\/D2Y (NBB 225 etc.)<br \/>H1<br \/>H3<br \/>H7<\/p>\n<p><strong>Cualquier temperatura de color (K = Kelvin):<\/strong><br \/>4300K = 5600\u00b1100 lm, blanco est\u00e1ndar<br \/>5000K = 5200\u00b1100 lm, blanco brillante<br \/>6000K = 4700\u00b1100 lm, blanco diamante<br \/><em>valores reales<\/em> seg\u00fan el espectroan\u00e1lisis.<br \/>- Recomendamos 4300K.<\/p>\n<p><em>Si tiene una luz adicional con cristal azul, le recomendamos 4300K, el cristal azul da entonces un color de luz de unos 4800K.<\/em><\/p>\n<p><strong>\u00a1Atenci\u00f3n!<\/strong> Los cables de rel\u00e9 para luces auxiliares hal\u00f3genas est\u00e1ndar no son adecuados para el funcionamiento de las luces de xen\u00f3n. La mayor\u00eda de las preguntas de soporte se refieren a esto. Por lo tanto, compre uno de nuestros <em>personalizado<\/em> Cableado para rel\u00e9s. Disponible para 1, 2 o 3 luces adicionales.<br \/>Si utiliza su propio cableado, utilice un cable de 2,5 mm\u00b2 y un fusible de 15 A. <em>por<\/em> lastre.<\/p>\n<p><strong>Contenido\/Set:<\/strong><br \/>Balastro HNS-6 de arranque s\u00faper r\u00e1pido 9-32 V \/ Multivoltaje<br \/>L\u00e1mpara de xen\u00f3n de 1\u00aa potencia (luz extra especial)<br \/>1er Cable de alimentaci\u00f3n<\/p>\n<p>Garant\u00eda 3 a\u00f1os Balasto | 1 a\u00f1o L\u00e1mpara<\/p>\n<p>\u00a1Transforma tu NBB 225 con este kit! <br \/><iframe loading=\"lazy\" frameborder=\"0\" height=\"315\" allow=\"accelerometer; autoplay; clipboard-write; encrypted-media; gyroscope; picture-in-picture\" src=\"https:\/\/www.youtube.com\/embed\/16ww_o6qDYg\" title=\"Reproductor de v\u00eddeo YouTube\" width=\"560\" allowfullscreen=\"allowfullscreen\"><\/iframe><\/p>","protected":false},"excerpt":{"rendered":"<p>Kit de xen\u00f3n premium exclusivo de Xenonkungen. Tanto el balastro como las l\u00e1mparas son de arranque s\u00faper r\u00e1pido y alta luminosidad: arranque r\u00e1pido y mayor brillo.<\/p>","protected":false},"featured_media":2613,"comment_status":"closed","ping_status":"closed","template":"","meta":{"_acf_changed":false,"_smort_price_nok":"561","_smort_price_dkk":"356","_smort_price_eur":"47.73","_smort_sale_price_nok":"","_smort_sale_price_dkk":"","_smort_sale_price_eur":"","smort_restorder":"","shipmondo_restorder":"","_kad_blocks_custom_css":"","_kad_blocks_head_custom_js":"","_kad_blocks_body_custom_js":"","_kad_blocks_footer_custom_js":"","smort_custom_pricelist_1":"336","smort_custom_pricelist_2":"294","smort_custom_pricelist_3":"279.3","smort_custom_pricelist_4":"420","smort_custom_pricelist_5":"294"},"anvandningsomrade":[],"bilmarken":[],"product_brand":[],"product_cat":[2485],"product_tag":[],"class_list":{"0":"post-2612","1":"product","2":"type-product","3":"status-publish","4":"has-post-thumbnail","6":"product_cat-xenonkonventering","7":"pa_fargtemperatur-5000k","8":"pa_fargtemperatur-6000k","9":"pa_fargtemperatur-4300k","10":"pa_fuktskydd-varde-ipxx-ip67","11":"pa_lampsockel-kontakt-h7","12":"pa_lampsockel-kontakt-d2h","13":"pa_lampsockel-kontakt-h1","14":"pa_lampsockel-kontakt-h3","15":"pa_volt-v-12-24-multivolt","17":"first","18":"onbackorder","19":"taxable","20":"shipping-taxable","21":"purchasable","22":"product-type-variable"},"bundled_by":[],"bundle_stock_status":"onbackorder","bundle_stock_quantity":-126,"bundle_virtual":false,"bundle_layout":"","bundle_add_to_cart_form_location":"","bundle_editable_in_cart":false,"bundle_sold_individually_context":"","bundle_item_grouping":"","bundle_min_size":"","bundle_max_size":"","bundle_price":[],"bundled_items":[],"bundle_sell_ids":[],"acf":[],"yoast_head":"<!-- This site is optimized with the Yoast SEO plugin v27.0 - https:\/\/yoast.com\/product\/yoast-seo-wordpress\/ -->\n<title>Extraljussats 60W Xenon SpeedStart | 12\/24V - Xenonkungen<\/title>\n<meta name=\"robots\" content=\"index, follow, max-snippet:-1, max-image-preview:large, max-video-preview:-1\" \/>\n<link rel=\"canonical\" href=\"https:\/\/xenonkungen.com\/es\/producto\/kit-de-luces-adicionales-xenon-60w-speedstart-12-24v\/\" \/>\n<meta property=\"og:locale\" content=\"es_ES\" \/>\n<meta property=\"og:type\" content=\"article\" \/>\n<meta property=\"og:title\" content=\"Extraljussats 60W Xenon SpeedStart | 12\/24V - Xenonkungen\" \/>\n<meta property=\"og:description\" content=\"Premium xenonkit exklusivt hos Xenonkungen. B\u00e5de ballast och lampor \u00e4r av typ Super fast start och High brightness: snabbstartande och med h\u00f6gre ljusstyrka.\" \/>\n<meta property=\"og:url\" content=\"https:\/\/xenonkungen.com\/es\/producto\/kit-de-luces-adicionales-xenon-60w-speedstart-12-24v\/\" \/>\n<meta property=\"og:site_name\" content=\"Xenonkungen\" \/>\n<meta property=\"article:modified_time\" content=\"2026-04-24T20:15:24+00:00\" \/>\n<meta property=\"og:image\" content=\"https:\/\/xenonkungen.com\/wp-content\/uploads\/2025\/04\/77276113-origpic-6c59c8.jpg\" \/>\n\t<meta property=\"og:image:width\" content=\"600\" \/>\n\t<meta property=\"og:image:height\" content=\"600\" \/>\n\t<meta property=\"og:image:type\" content=\"image\/jpeg\" \/>\n<meta name=\"twitter:card\" content=\"summary_large_image\" \/>\n<meta name=\"twitter:label1\" content=\"Tiempo de lectura\" \/>\n\t<meta name=\"twitter:data1\" content=\"2 minutos\" \/>\n<script type=\"application\/ld+json\" class=\"yoast-schema-graph\">{\"@context\":\"https:\/\/schema.org\",\"@graph\":[{\"@type\":\"WebPage\",\"@id\":\"https:\/\/xenonkungen.com\/dk\/vare\/extraljussats-60w-xenon-speedstart-12-24v\/\",\"url\":\"https:\/\/xenonkungen.com\/dk\/vare\/extraljussats-60w-xenon-speedstart-12-24v\/\",\"name\":\"Extraljussats 60W Xenon SpeedStart | 12\/24V - Xenonkungen\",\"isPartOf\":{\"@id\":\"https:\/\/xenonkungen.com\/#website\"},\"primaryImageOfPage\":{\"@id\":\"https:\/\/xenonkungen.com\/dk\/vare\/extraljussats-60w-xenon-speedstart-12-24v\/#primaryimage\"},\"image\":{\"@id\":\"https:\/\/xenonkungen.com\/dk\/vare\/extraljussats-60w-xenon-speedstart-12-24v\/#primaryimage\"},\"thumbnailUrl\":\"https:\/\/xenonkungen.com\/wp-content\/uploads\/2025\/04\/77276113-origpic-6c59c8.jpg\",\"datePublished\":\"2025-04-15T08:39:48+00:00\",\"dateModified\":\"2026-04-24T20:15:24+00:00\",\"breadcrumb\":{\"@id\":\"https:\/\/xenonkungen.com\/dk\/vare\/extraljussats-60w-xenon-speedstart-12-24v\/#breadcrumb\"},\"inLanguage\":\"es\",\"potentialAction\":[{\"@type\":\"ReadAction\",\"target\":[\"https:\/\/xenonkungen.com\/dk\/vare\/extraljussats-60w-xenon-speedstart-12-24v\/\"]}]},{\"@type\":\"ImageObject\",\"inLanguage\":\"es\",\"@id\":\"https:\/\/xenonkungen.com\/dk\/vare\/extraljussats-60w-xenon-speedstart-12-24v\/#primaryimage\",\"url\":\"https:\/\/xenonkungen.com\/wp-content\/uploads\/2025\/04\/77276113-origpic-6c59c8.jpg\",\"contentUrl\":\"https:\/\/xenonkungen.com\/wp-content\/uploads\/2025\/04\/77276113-origpic-6c59c8.jpg\",\"width\":600,\"height\":600},{\"@type\":\"BreadcrumbList\",\"@id\":\"https:\/\/xenonkungen.com\/dk\/vare\/extraljussats-60w-xenon-speedstart-12-24v\/#breadcrumb\",\"itemListElement\":[{\"@type\":\"ListItem\",\"position\":1,\"name\":\"Hem\",\"item\":\"https:\/\/xenonkungen.com\/\"},{\"@type\":\"ListItem\",\"position\":2,\"name\":\"Shop\",\"item\":\"https:\/\/xenonkungen.com\/shop\/\"},{\"@type\":\"ListItem\",\"position\":3,\"name\":\"Extraljussats 60W Xenon SpeedStart | 12\/24V\"}]},{\"@type\":\"WebSite\",\"@id\":\"https:\/\/xenonkungen.com\/#website\",\"url\":\"https:\/\/xenonkungen.com\/\",\"name\":\"Xenonkungen\",\"description\":\"\",\"potentialAction\":[{\"@type\":\"SearchAction\",\"target\":{\"@type\":\"EntryPoint\",\"urlTemplate\":\"https:\/\/xenonkungen.com\/?s={search_term_string}\"},\"query-input\":{\"@type\":\"PropertyValueSpecification\",\"valueRequired\":true,\"valueName\":\"search_term_string\"}}],\"inLanguage\":\"es\"}]}<\/script>\n<!-- \/ Yoast SEO plugin. -->","yoast_head_json":{"title":"Kit de luces adicionales Xenon SpeedStart de 60 W | 12\/24 V - El Rey del Xen\u00f3n","robots":{"index":"index","follow":"follow","max-snippet":"max-snippet:-1","max-image-preview":"max-image-preview:large","max-video-preview":"max-video-preview:-1"},"canonical":"https:\/\/xenonkungen.com\/es\/producto\/kit-de-luces-adicionales-xenon-60w-speedstart-12-24v\/","og_locale":"es_ES","og_type":"article","og_title":"Extraljussats 60W Xenon SpeedStart | 12\/24V - Xenonkungen","og_description":"Premium xenonkit exklusivt hos Xenonkungen. B\u00e5de ballast och lampor \u00e4r av typ Super fast start och High brightness: snabbstartande och med h\u00f6gre ljusstyrka.","og_url":"https:\/\/xenonkungen.com\/es\/producto\/kit-de-luces-adicionales-xenon-60w-speedstart-12-24v\/","og_site_name":"Xenonkungen","article_modified_time":"2026-04-24T20:15:24+00:00","og_image":[{"width":600,"height":600,"url":"https:\/\/xenonkungen.com\/wp-content\/uploads\/2025\/04\/77276113-origpic-6c59c8.jpg","type":"image\/jpeg"}],"twitter_card":"summary_large_image","twitter_misc":{"Tiempo de lectura":"2 minutos"},"schema":{"@context":"https:\/\/schema.org","@graph":[{"@type":"WebPage","@id":"https:\/\/xenonkungen.com\/dk\/vare\/extraljussats-60w-xenon-speedstart-12-24v\/","url":"https:\/\/xenonkungen.com\/dk\/vare\/extraljussats-60w-xenon-speedstart-12-24v\/","name":"Kit de luces adicionales Xenon SpeedStart de 60 W | 12\/24 V - El Rey del Xen\u00f3n","isPartOf":{"@id":"https:\/\/xenonkungen.com\/#website"},"primaryImageOfPage":{"@id":"https:\/\/xenonkungen.com\/dk\/vare\/extraljussats-60w-xenon-speedstart-12-24v\/#primaryimage"},"image":{"@id":"https:\/\/xenonkungen.com\/dk\/vare\/extraljussats-60w-xenon-speedstart-12-24v\/#primaryimage"},"thumbnailUrl":"https:\/\/xenonkungen.com\/wp-content\/uploads\/2025\/04\/77276113-origpic-6c59c8.jpg","datePublished":"2025-04-15T08:39:48+00:00","dateModified":"2026-04-24T20:15:24+00:00","breadcrumb":{"@id":"https:\/\/xenonkungen.com\/dk\/vare\/extraljussats-60w-xenon-speedstart-12-24v\/#breadcrumb"},"inLanguage":"es","potentialAction":[{"@type":"ReadAction","target":["https:\/\/xenonkungen.com\/dk\/vare\/extraljussats-60w-xenon-speedstart-12-24v\/"]}]},{"@type":"ImageObject","inLanguage":"es","@id":"https:\/\/xenonkungen.com\/dk\/vare\/extraljussats-60w-xenon-speedstart-12-24v\/#primaryimage","url":"https:\/\/xenonkungen.com\/wp-content\/uploads\/2025\/04\/77276113-origpic-6c59c8.jpg","contentUrl":"https:\/\/xenonkungen.com\/wp-content\/uploads\/2025\/04\/77276113-origpic-6c59c8.jpg","width":600,"height":600},{"@type":"BreadcrumbList","@id":"https:\/\/xenonkungen.com\/dk\/vare\/extraljussats-60w-xenon-speedstart-12-24v\/#breadcrumb","itemListElement":[{"@type":"ListItem","position":1,"name":"Hem","item":"https:\/\/xenonkungen.com\/"},{"@type":"ListItem","position":2,"name":"Shop","item":"https:\/\/xenonkungen.com\/shop\/"},{"@type":"ListItem","position":3,"name":"Extraljussats 60W Xenon SpeedStart | 12\/24V"}]},{"@type":"WebSite","@id":"https:\/\/xenonkungen.com\/#website","url":"https:\/\/xenonkungen.com\/","name":"Xenonkungen","description":"","potentialAction":[{"@type":"SearchAction","target":{"@type":"EntryPoint","urlTemplate":"https:\/\/xenonkungen.com\/?s={search_term_string}"},"query-input":{"@type":"PropertyValueSpecification","valueRequired":true,"valueName":"search_term_string"}}],"inLanguage":"es"}]}},"taxonomy_info":{"product_cat":[{"value":2485,"label":"XENONKONVENTERING"}],"pa_fargtemperatur":[{"value":154,"label":"5000K"},{"value":188,"label":"6000K"},{"value":755,"label":"4300K"}],"pa_fuktskydd-varde-ipxx":[{"value":333,"label":"IP67"}],"pa_lampsockel-kontakt":[{"value":206,"label":"H7"},{"value":1216,"label":"D2H"},{"value":336,"label":"H1"},{"value":339,"label":"H3"}],"pa_volt-v":[{"value":367,"label":"12, 24, Multivolt"}]},"featured_image_src_large":["https:\/\/xenonkungen.com\/wp-content\/uploads\/2025\/04\/77276113-origpic-6c59c8.jpg",600,600,false],"author_info":[],"comment_info":2,"_links":{"self":[{"href":"https:\/\/xenonkungen.com\/es\/wp-json\/wp\/v2\/product\/2612","targetHints":{"allow":["GET"]}}],"collection":[{"href":"https:\/\/xenonkungen.com\/es\/wp-json\/wp\/v2\/product"}],"about":[{"href":"https:\/\/xenonkungen.com\/es\/wp-json\/wp\/v2\/types\/product"}],"replies":[{"embeddable":true,"href":"https:\/\/xenonkungen.com\/es\/wp-json\/wp\/v2\/comments?post=2612"}],"wp:featuredmedia":[{"embeddable":true,"href":"https:\/\/xenonkungen.com\/es\/wp-json\/wp\/v2\/media\/2613"}],"wp:attachment":[{"href":"https:\/\/xenonkungen.com\/es\/wp-json\/wp\/v2\/media?parent=2612"}],"wp:term":[{"taxonomy":"anvandningsomrade","embeddable":true,"href":"https:\/\/xenonkungen.com\/es\/wp-json\/wp\/v2\/anvandningsomrade?post=2612"},{"taxonomy":"bilmarken","embeddable":true,"href":"https:\/\/xenonkungen.com\/es\/wp-json\/wp\/v2\/bilmarken?post=2612"},{"taxonomy":"product_brand","embeddable":true,"href":"https:\/\/xenonkungen.com\/es\/wp-json\/wp\/v2\/product_brand?post=2612"},{"taxonomy":"product_cat","embeddable":true,"href":"https:\/\/xenonkungen.com\/es\/wp-json\/wp\/v2\/product_cat?post=2612"},{"taxonomy":"product_tag","embeddable":true,"href":"https:\/\/xenonkungen.com\/es\/wp-json\/wp\/v2\/product_tag?post=2612"}],"curies":[{"name":"wp","href":"https:\/\/api.w.org\/{rel}","templated":true}]}}