{"id":26237,"date":"2026-02-16T11:38:19","date_gmt":"2026-02-16T10:38:19","guid":{"rendered":"https:\/\/xenonkungen.com\/?post_type=product&#038;p=26237"},"modified":"2026-04-11T00:14:03","modified_gmt":"2026-04-10T23:14:03","slug":"panel-de-interruptores-luxtar-de-6-canales-12-24-v-cc","status":"publish","type":"product","link":"https:\/\/xenonkungen.com\/es\/producto\/panel-de-interruptores-luxtar-de-6-canales-12-24-v-cc\/","title":{"rendered":"Panel de interruptores Luxtar | 6 canales | 12-24 V CC"},"content":{"rendered":"<p>\u00bfEst\u00e1 buscando una soluci\u00f3n conveniente para controlar luces auxiliares, rampas LED u otra iluminaci\u00f3n del veh\u00edculo sin complicados conjuntos de cables de rel\u00e9?<\/p>\n<p><strong>Panel de interruptores Luxtar de 6 canales<\/strong> es un centro de rel\u00e9s completo y una caja de distribuci\u00f3n de energ\u00eda con rel\u00e9s y fusibles incorporados, lo que significa que no necesita cables de rel\u00e9 externos en absoluto.<\/p>\n<p>Esto da como resultado:<\/p>\n<ul>\n<li>Menos componentes<\/li>\n<li>Instalaci\u00f3n m\u00e1s limpia<\/li>\n<li>Montaje m\u00e1s r\u00e1pido<\/li>\n<li>Mayor confiabilidad operativa<\/li>\n<\/ul>\n<p><strong>\u00a0Sistema de control de 6 canales \u2013 hasta 60 A<\/strong><\/p>\n<p>El sistema maneja un total de 60A y se divide seg\u00fan:<\/p>\n<ul>\n<li>2x 10A<\/li>\n<li>2x 15A<\/li>\n<li>2x 20A<\/li>\n<\/ul>\n<p>Potencia m\u00e1xima:<\/p>\n<ul>\n<li>1080 W a 12 V<\/li>\n<li>2160 W a 24 V<\/li>\n<\/ul>\n<p>Perfecto para barras LED m\u00e1s grandes, luces de trabajo y m\u00faltiples accesorios en el mismo veh\u00edculo.<\/p>\n<p><strong>\u00a0Modo alternar y estrobosc\u00f3pico<\/strong><\/p>\n<p>Cada canal se puede utilizar en:<\/p>\n<p><strong>Modo alternar<\/strong> \u2013 funci\u00f3n cl\u00e1sica de encendido y apagado<br \/>\n<strong>Modo pulsado (estrobosc\u00f3pico)<\/strong> \u2013 tres velocidades de parpadeo diferentes<\/p>\n<p>Ideal para:<\/p>\n<ul>\n<li>Luz de advertencia<\/li>\n<li>luz estrobosc\u00f3pica<\/li>\n<li>veh\u00edculos de rescate<\/li>\n<li>Fuera de la carretera<\/li>\n<\/ul>\n<p>La funci\u00f3n de memoria guarda su configuraci\u00f3n autom\u00e1ticamente.<\/p>\n<p><strong>\u00a0Panel de conmutaci\u00f3n inal\u00e1mbrica<\/strong><\/p>\n<ul>\n<li>AM 315 MHz \/ 433 MHz<\/li>\n<li>Bater\u00eda AAA o alimentaci\u00f3n USB<\/li>\n<li>Soporte de montaje ajustable<\/li>\n<li>Luz de fondo: \u00c1mbar, blanca o mixta<\/li>\n<\/ul>\n<p>Dimensiones del panel: 12,8 x 3,5 x 2,3 cm<br \/>\nCaja de control: 15,2 x 7,9 x 2,7 cm<\/p>\n<p><strong>\u00a0M\u00e1s flexible que los cables de rel\u00e9 tradicionales<\/strong><\/p>\n<p>A diferencia de los kits de cables de rel\u00e9 tradicionales, todo est\u00e1 integrado en el sistema:<\/p>\n<p>\u2714 Rel\u00e9s incorporados<br \/>\n\u2714 Fusibles integrados<br \/>\n\u2714 Distribuci\u00f3n de fusibles completada<br \/>\n\u2714 Posibilidad de control ACC<br \/>\n\u2714 Conexi\u00f3n de bater\u00eda M6\/M8<\/p>\n<p>Esto hace que el panel de interruptores Luxtar sea una opci\u00f3n profesional tanto para instaladores como para entusiastas.<\/p>\n<p><strong>\u00c1mbitos de utilizaci\u00f3n<\/strong><\/p>\n<ul>\n<li>Control de rampa de LED<\/li>\n<li>Instalaci\u00f3n de luz adicional<\/li>\n<li>Iluminaci\u00f3n de trabajo<\/li>\n<li>luz estrobosc\u00f3pica<\/li>\n<li>4\u00d74 y todoterreno<\/li>\n<li>camiones de transporte<\/li>\n<li>veh\u00edculos de servicio<\/li>\n<\/ul>","protected":false},"excerpt":{"rendered":"<p><strong>Panel de interruptores Luxtar de 6 canales: centro de rel\u00e9s inteligente para luces adicionales y rampas LED (12-24 V, 60 A)<\/strong><\/p>","protected":false},"featured_media":26238,"comment_status":"open","ping_status":"closed","template":"","meta":{"_acf_changed":false,"_smort_price_nok":"2024","_smort_price_dkk":"","_smort_price_eur":"","_smort_sale_price_nok":"","_smort_sale_price_dkk":"","_smort_sale_price_eur":"","smort_restorder":"","shipmondo_restorder":"","_kad_blocks_custom_css":"","_kad_blocks_head_custom_js":"","_kad_blocks_body_custom_js":"","_kad_blocks_footer_custom_js":"","smort_custom_pricelist_1":"1212.8","smort_custom_pricelist_2":"1061.2","smort_custom_pricelist_3":"985.4","smort_custom_pricelist_4":"1516","smort_custom_pricelist_5":"1061.2"},"anvandningsomrade":[],"bilmarken":[],"product_brand":[103],"product_cat":[390],"product_tag":[],"class_list":{"0":"post-26237","1":"product","2":"type-product","3":"status-publish","4":"has-post-thumbnail","6":"product_brand-luxtar","7":"product_cat-installation","8":"pa_volt-v-159","9":"pa_volt-v-160","11":"first","12":"instock","13":"taxable","14":"shipping-taxable","15":"purchasable","16":"product-type-simple"},"bundled_by":[],"bundle_stock_status":"instock","bundle_stock_quantity":91,"bundle_virtual":false,"bundle_layout":"","bundle_add_to_cart_form_location":"","bundle_editable_in_cart":false,"bundle_sold_individually_context":"","bundle_item_grouping":"","bundle_min_size":"","bundle_max_size":"","bundle_price":[],"bundled_items":[],"bundle_sell_ids":[],"acf":[],"yoast_head":"<!-- This site is optimized with the Yoast SEO plugin v27.0 - https:\/\/yoast.com\/product\/yoast-seo-wordpress\/ -->\n<title>Luxtar Switch Panel | 6 Channel | 12-24V DC - Xenonkungen<\/title>\n<meta name=\"robots\" content=\"index, follow, max-snippet:-1, max-image-preview:large, max-video-preview:-1\" \/>\n<link rel=\"canonical\" href=\"https:\/\/xenonkungen.com\/es\/producto\/panel-de-interruptores-luxtar-de-6-canales-12-24-v-cc\/\" \/>\n<meta property=\"og:locale\" content=\"es_ES\" \/>\n<meta property=\"og:type\" content=\"article\" \/>\n<meta property=\"og:title\" content=\"Luxtar Switch Panel | 6 Channel | 12-24V DC - Xenonkungen\" \/>\n<meta property=\"og:description\" content=\"Luxtar Switch Panel 6 Channels \u2013 Smart Rel\u00e4central f\u00f6r Extraljus &amp; LED-ramp (12\u201324V, 60A)\" \/>\n<meta property=\"og:url\" content=\"https:\/\/xenonkungen.com\/es\/producto\/panel-de-interruptores-luxtar-de-6-canales-12-24-v-cc\/\" \/>\n<meta property=\"og:site_name\" content=\"Xenonkungen\" \/>\n<meta property=\"article:modified_time\" content=\"2026-04-10T23:14:03+00:00\" \/>\n<meta property=\"og:image\" content=\"https:\/\/xenonkungen.com\/wp-content\/uploads\/2026\/02\/LUXTA2-1024x711.png\" \/>\n\t<meta property=\"og:image:width\" content=\"1024\" \/>\n\t<meta property=\"og:image:height\" content=\"711\" \/>\n\t<meta property=\"og:image:type\" content=\"image\/png\" \/>\n<meta name=\"twitter:card\" content=\"summary_large_image\" \/>\n<meta name=\"twitter:label1\" content=\"Tiempo de lectura\" \/>\n\t<meta name=\"twitter:data1\" content=\"2 minutos\" \/>\n<script type=\"application\/ld+json\" class=\"yoast-schema-graph\">{\"@context\":\"https:\/\/schema.org\",\"@graph\":[{\"@type\":\"WebPage\",\"@id\":\"https:\/\/xenonkungen.com\/produkt\/luxtar-switch-panel-6-channel-12-24v-dc\/\",\"url\":\"https:\/\/xenonkungen.com\/produkt\/luxtar-switch-panel-6-channel-12-24v-dc\/\",\"name\":\"Luxtar Switch Panel | 6 Channel | 12-24V DC - Xenonkungen\",\"isPartOf\":{\"@id\":\"https:\/\/xenonkungen.com\/#website\"},\"primaryImageOfPage\":{\"@id\":\"https:\/\/xenonkungen.com\/produkt\/luxtar-switch-panel-6-channel-12-24v-dc\/#primaryimage\"},\"image\":{\"@id\":\"https:\/\/xenonkungen.com\/produkt\/luxtar-switch-panel-6-channel-12-24v-dc\/#primaryimage\"},\"thumbnailUrl\":\"https:\/\/xenonkungen.com\/wp-content\/uploads\/2026\/02\/LUXTA2.png\",\"datePublished\":\"2026-02-16T10:38:19+00:00\",\"dateModified\":\"2026-04-10T23:14:03+00:00\",\"breadcrumb\":{\"@id\":\"https:\/\/xenonkungen.com\/produkt\/luxtar-switch-panel-6-channel-12-24v-dc\/#breadcrumb\"},\"inLanguage\":\"es\",\"potentialAction\":[{\"@type\":\"ReadAction\",\"target\":[\"https:\/\/xenonkungen.com\/produkt\/luxtar-switch-panel-6-channel-12-24v-dc\/\"]}]},{\"@type\":\"ImageObject\",\"inLanguage\":\"es\",\"@id\":\"https:\/\/xenonkungen.com\/produkt\/luxtar-switch-panel-6-channel-12-24v-dc\/#primaryimage\",\"url\":\"https:\/\/xenonkungen.com\/wp-content\/uploads\/2026\/02\/LUXTA2.png\",\"contentUrl\":\"https:\/\/xenonkungen.com\/wp-content\/uploads\/2026\/02\/LUXTA2.png\",\"width\":2200,\"height\":1527},{\"@type\":\"BreadcrumbList\",\"@id\":\"https:\/\/xenonkungen.com\/produkt\/luxtar-switch-panel-6-channel-12-24v-dc\/#breadcrumb\",\"itemListElement\":[{\"@type\":\"ListItem\",\"position\":1,\"name\":\"Hem\",\"item\":\"https:\/\/xenonkungen.com\/\"},{\"@type\":\"ListItem\",\"position\":2,\"name\":\"Shop\",\"item\":\"https:\/\/xenonkungen.com\/shop\/\"},{\"@type\":\"ListItem\",\"position\":3,\"name\":\"Luxtar Switch Panel | 6 Channel | 12-24V DC\"}]},{\"@type\":\"WebSite\",\"@id\":\"https:\/\/xenonkungen.com\/#website\",\"url\":\"https:\/\/xenonkungen.com\/\",\"name\":\"Xenonkungen\",\"description\":\"\",\"potentialAction\":[{\"@type\":\"SearchAction\",\"target\":{\"@type\":\"EntryPoint\",\"urlTemplate\":\"https:\/\/xenonkungen.com\/?s={search_term_string}\"},\"query-input\":{\"@type\":\"PropertyValueSpecification\",\"valueRequired\":true,\"valueName\":\"search_term_string\"}}],\"inLanguage\":\"es\"}]}<\/script>\n<!-- \/ Yoast SEO plugin. -->","yoast_head_json":{"title":"Panel de interruptores Luxtar | 6 canales | 12-24 V CC - El rey del xen\u00f3n","robots":{"index":"index","follow":"follow","max-snippet":"max-snippet:-1","max-image-preview":"max-image-preview:large","max-video-preview":"max-video-preview:-1"},"canonical":"https:\/\/xenonkungen.com\/es\/producto\/panel-de-interruptores-luxtar-de-6-canales-12-24-v-cc\/","og_locale":"es_ES","og_type":"article","og_title":"Luxtar Switch Panel | 6 Channel | 12-24V DC - Xenonkungen","og_description":"Luxtar Switch Panel 6 Channels \u2013 Smart Rel\u00e4central f\u00f6r Extraljus &amp; LED-ramp (12\u201324V, 60A)","og_url":"https:\/\/xenonkungen.com\/es\/producto\/panel-de-interruptores-luxtar-de-6-canales-12-24-v-cc\/","og_site_name":"Xenonkungen","article_modified_time":"2026-04-10T23:14:03+00:00","og_image":[{"width":1024,"height":711,"url":"https:\/\/xenonkungen.com\/wp-content\/uploads\/2026\/02\/LUXTA2-1024x711.png","type":"image\/png"}],"twitter_card":"summary_large_image","twitter_misc":{"Tiempo de lectura":"2 minutos"},"schema":{"@context":"https:\/\/schema.org","@graph":[{"@type":"WebPage","@id":"https:\/\/xenonkungen.com\/produkt\/luxtar-switch-panel-6-channel-12-24v-dc\/","url":"https:\/\/xenonkungen.com\/produkt\/luxtar-switch-panel-6-channel-12-24v-dc\/","name":"Panel de interruptores Luxtar | 6 canales | 12-24 V CC - El rey del xen\u00f3n","isPartOf":{"@id":"https:\/\/xenonkungen.com\/#website"},"primaryImageOfPage":{"@id":"https:\/\/xenonkungen.com\/produkt\/luxtar-switch-panel-6-channel-12-24v-dc\/#primaryimage"},"image":{"@id":"https:\/\/xenonkungen.com\/produkt\/luxtar-switch-panel-6-channel-12-24v-dc\/#primaryimage"},"thumbnailUrl":"https:\/\/xenonkungen.com\/wp-content\/uploads\/2026\/02\/LUXTA2.png","datePublished":"2026-02-16T10:38:19+00:00","dateModified":"2026-04-10T23:14:03+00:00","breadcrumb":{"@id":"https:\/\/xenonkungen.com\/produkt\/luxtar-switch-panel-6-channel-12-24v-dc\/#breadcrumb"},"inLanguage":"es","potentialAction":[{"@type":"ReadAction","target":["https:\/\/xenonkungen.com\/produkt\/luxtar-switch-panel-6-channel-12-24v-dc\/"]}]},{"@type":"ImageObject","inLanguage":"es","@id":"https:\/\/xenonkungen.com\/produkt\/luxtar-switch-panel-6-channel-12-24v-dc\/#primaryimage","url":"https:\/\/xenonkungen.com\/wp-content\/uploads\/2026\/02\/LUXTA2.png","contentUrl":"https:\/\/xenonkungen.com\/wp-content\/uploads\/2026\/02\/LUXTA2.png","width":2200,"height":1527},{"@type":"BreadcrumbList","@id":"https:\/\/xenonkungen.com\/produkt\/luxtar-switch-panel-6-channel-12-24v-dc\/#breadcrumb","itemListElement":[{"@type":"ListItem","position":1,"name":"Hem","item":"https:\/\/xenonkungen.com\/"},{"@type":"ListItem","position":2,"name":"Shop","item":"https:\/\/xenonkungen.com\/shop\/"},{"@type":"ListItem","position":3,"name":"Luxtar Switch Panel | 6 Channel | 12-24V DC"}]},{"@type":"WebSite","@id":"https:\/\/xenonkungen.com\/#website","url":"https:\/\/xenonkungen.com\/","name":"Xenonkungen","description":"","potentialAction":[{"@type":"SearchAction","target":{"@type":"EntryPoint","urlTemplate":"https:\/\/xenonkungen.com\/?s={search_term_string}"},"query-input":{"@type":"PropertyValueSpecification","valueRequired":true,"valueName":"search_term_string"}}],"inLanguage":"es"}]}},"taxonomy_info":{"product_brand":[{"value":103,"label":"LUXTAR"}],"product_cat":[{"value":390,"label":"Installation"}],"pa_volt-v":[{"value":159,"label":"12"},{"value":160,"label":"24"}]},"featured_image_src_large":["https:\/\/xenonkungen.com\/wp-content\/uploads\/2026\/02\/LUXTA2-1024x711.png",1024,711,true],"author_info":[],"comment_info":0,"_links":{"self":[{"href":"https:\/\/xenonkungen.com\/es\/wp-json\/wp\/v2\/product\/26237","targetHints":{"allow":["GET"]}}],"collection":[{"href":"https:\/\/xenonkungen.com\/es\/wp-json\/wp\/v2\/product"}],"about":[{"href":"https:\/\/xenonkungen.com\/es\/wp-json\/wp\/v2\/types\/product"}],"replies":[{"embeddable":true,"href":"https:\/\/xenonkungen.com\/es\/wp-json\/wp\/v2\/comments?post=26237"}],"wp:featuredmedia":[{"embeddable":true,"href":"https:\/\/xenonkungen.com\/es\/wp-json\/wp\/v2\/media\/26238"}],"wp:attachment":[{"href":"https:\/\/xenonkungen.com\/es\/wp-json\/wp\/v2\/media?parent=26237"}],"wp:term":[{"taxonomy":"anvandningsomrade","embeddable":true,"href":"https:\/\/xenonkungen.com\/es\/wp-json\/wp\/v2\/anvandningsomrade?post=26237"},{"taxonomy":"bilmarken","embeddable":true,"href":"https:\/\/xenonkungen.com\/es\/wp-json\/wp\/v2\/bilmarken?post=26237"},{"taxonomy":"product_brand","embeddable":true,"href":"https:\/\/xenonkungen.com\/es\/wp-json\/wp\/v2\/product_brand?post=26237"},{"taxonomy":"product_cat","embeddable":true,"href":"https:\/\/xenonkungen.com\/es\/wp-json\/wp\/v2\/product_cat?post=26237"},{"taxonomy":"product_tag","embeddable":true,"href":"https:\/\/xenonkungen.com\/es\/wp-json\/wp\/v2\/product_tag?post=26237"}],"curies":[{"name":"wp","href":"https:\/\/api.w.org\/{rel}","templated":true}]}}