{"id":26250,"date":"2026-02-16T11:57:15","date_gmt":"2026-02-16T10:57:15","guid":{"rendered":"https:\/\/xenonkungen.com\/?post_type=product&#038;p=26250"},"modified":"2026-04-24T16:36:35","modified_gmt":"2026-04-24T15:36:35","slug":"juego-de-cables-de-rele-luxtar-maestro-esclavo-x-4-rele-de-12-v-y-80-a","status":"publish","type":"product","link":"https:\/\/xenonkungen.com\/es\/producto\/juego-de-cables-de-rele-luxtar-maestro-esclavo-x-4-rele-de-12-v-y-80-a\/","title":{"rendered":"Juego de cables de rel\u00e9 Luxtar (maestro y esclavo, 4 unidades) | Rel\u00e9 de 12 V y 80 A"},"content":{"rendered":"<p>El kit de cable de rel\u00e9 Luxtar Master &amp; Slave es un kit de cable de rel\u00e9 innovador y de alto rendimiento desarrollado para veh\u00edculos modernos con bus CAN.<\/p>\n<p>Dise\u00f1ado para quienes desean aprovechar al m\u00e1ximo su adaptador OBD-II XBB y su unidad de alimentaci\u00f3n XBB. Gracias a un sistema inteligente maestro-esclavo con rel\u00e9s duales, puede conectar potentes barras LED y luces auxiliares sin necesidad de instalar otro juego de cables de rel\u00e9s.<\/p>\n<p><strong>Por lo tanto, se necesitan amo y esclavo.<\/strong><\/p>\n<p>Cuando el rel\u00e9 XBB se utiliza por separado, la limitaci\u00f3n es que puede manejar luces auxiliares de hasta 15 A.<br \/>\nDado que muchas de las rampas y luces auxiliares LED actuales tienen una potencia significativamente mayor, esto no es suficiente para instalaciones m\u00e1s exigentes.<br \/>\nPor ello, la soluci\u00f3n Plug &amp; Play de Luxtar est\u00e1 equipada con un potente rel\u00e9 de 80 A (rel\u00e9 esclavo) y un soporte de rel\u00e9 adicional para el control a trav\u00e9s de la PowerUnit XBB.<\/p>\n<p>Permite la instalaci\u00f3n de:<\/p>\n<ul>\n<li><strong>Art\u00edculo n.\u00ba 103220<\/strong> \u2013 hasta 40 A \/ 500 W (1 salida)<\/li>\n<li><strong>Art\u00edculo n.\u00ba 103221<\/strong> \u2013 hasta 60 A \/ 750 W (4 salidas)<\/li>\n<\/ul>\n<p>El resultado es una instalaci\u00f3n estable, segura y con visi\u00f3n de futuro.<\/p>\n<p><strong>Ventajas del programa<\/strong><\/p>\n<ul>\n<li>Adaptado para veh\u00edculos controlados por bus CAN sin se\u00f1al de luz alta anal\u00f3gica<\/li>\n<li>Funciona con LED, hal\u00f3geno y xen\u00f3n.<\/li>\n<li>Dimensionado para alta potencia y suministro de energ\u00eda estable.<\/li>\n<li>Instalaci\u00f3n profesional desde el primer momento<\/li>\n<li>Ahorra tiempo y dinero, tanto si eres un instalador aficionado como si eres un profesional.<\/li>\n<\/ul>\n<p>El juego de cables de rel\u00e9 es \u00fanico en el mercado y ofrece capacidad m\u00e1s que suficiente incluso para las luces auxiliares y barras LED m\u00e1s potentes.<\/p>\n<p><strong>Funci\u00f3n del sistema<\/strong><\/p>\n<p>La unidad de potencia XBB controla el rel\u00e9 a trav\u00e9s de <strong>salida 2 (5A)<\/strong>, que a su vez activa la luz auxiliar.<br \/>\n<strong>Salida 1 (15 A)<\/strong> Es gratuito y se puede utilizar, por ejemplo, para luces de posici\u00f3n u otros productos con una carga m\u00e1xima de 15 A. El cable para la salida 1 est\u00e1 premontado e incluido en el kit.<\/p>\n<p><strong>Compatibilidad e instalaci\u00f3n<\/strong><\/p>\n<p>Para que la instalaci\u00f3n funcione, necesitas:<\/p>\n<ul>\n<li>Dongle XBB OBD-II<\/li>\n<li>Unidad de potencia XBB<\/li>\n<\/ul>\n<p>El juego de cables de rel\u00e9 se puede adquirir por separado o como paquete completo, junto con el adaptador OBD XBB y la unidad de alimentaci\u00f3n. Seleccione la opci\u00f3n deseada en la selecci\u00f3n de productos.<br \/>\nSe adapta a la mayor\u00eda de los autom\u00f3viles de pasajeros con conector OBD y soporte para la base de datos de veh\u00edculos XBB.<\/p>\n<p><strong>Esto est\u00e1 incluido<\/strong><\/p>\n<ul>\n<li>Cable de conexi\u00f3n de 4 x 2 m<\/li>\n<li>4 contactos en alem\u00e1n seleccionables: <strong>DT-3 | DT-4 | DTP-2 | DTP-4<\/strong><\/li>\n<li>1 rel\u00e9 de 80 A con soporte (12 V)<\/li>\n<li>1 soporte de rel\u00e9 adicional compatible con XBB PowerUnit<\/li>\n<li>1 fusible de 60 A con portafusibles<\/li>\n<li>Cable de alimentaci\u00f3n negro, 0,5 m<\/li>\n<li>Cable de alimentaci\u00f3n marr\u00f3n, 1 m<\/li>\n<li>Cable de alimentaci\u00f3n rojo, 1,1 m<\/li>\n<li>Cable de se\u00f1al azul, 1 m<\/li>\n<li>Materiales de montaje: 4 tubos termorretr\u00e1ctiles, bridas, terminales de anillo y manguito de empalme con n\u00facleo esta\u00f1ado y tubo termorretr\u00e1ctil autoadhesivo.<\/li>\n<\/ul>\n<p><strong>Contactos en alem\u00e1n (opcionales, incluidos)<\/strong><\/p>\n<p>4 piezas DT-3 | DT-4 | DTP-2 | DTP-4<\/p>\n<p>Todos son conectores alemanes de alta calidad e impermeables, adaptados para el entorno automotriz.<\/p>\n<ul>\n<li><strong>Serie DT<\/strong> Se utiliza para alimentaci\u00f3n est\u00e1ndar y conexiones de 2 a 4 pines.<\/li>\n<li><strong>Serie DTP<\/strong> Est\u00e1 dise\u00f1ado para corrientes m\u00e1s altas y dimensiones de cable m\u00e1s grandes.<\/li>\n<\/ul>\n<p>Esto garantiza una instalaci\u00f3n robusta y profesional.<\/p>\n<p><strong>Especificaciones<\/strong><\/p>\n<ul>\n<li>N\u00famero de art\u00edculo: 103221<\/li>\n<li>Tensi\u00f3n: 12 V<\/li>\n<li>Carga m\u00e1xima: hasta 60 A 750 W (4 x 187 W)<\/li>\n<li>Rel\u00e9: 80A (incluido)<\/li>\n<li>Fusible: 60A (incluido)<\/li>\n<li>Compatible con: Unidad de potencia XBB<\/li>\n<li>Rango de temperatura: -40\u00b0C a +60\u00b0C<\/li>\n<li>Conectores Deutsch seleccionables: 4 uds. DT-3 | DT-4 | DTP-2 | DTP-4<\/li>\n<\/ul>\n<p><strong>ATENCI\u00d3N<\/strong> XBB PowerUnit no est\u00e1 incluido y debe comprarse por separado.<\/p>\n<p>Con el kit de cable de rel\u00e9 maestro y esclavo Luxtar obtendr\u00e1 una soluci\u00f3n profesional que combina potencia, seguridad y f\u00e1cil instalaci\u00f3n.<br \/>\nEl juego de cables est\u00e1 dimensionado para alta potencia y es la elecci\u00f3n obvia para aquellos que desean instalar una iluminaci\u00f3n adicional potente en un veh\u00edculo moderno de 12 V, sin concesiones.<\/p>","protected":false},"excerpt":{"rendered":"<p><strong>KIT DE CABLES DE REL\u00c9 LUXTAR MAESTRO Y ESCLAVO | REL\u00c9 DE 12 V | 80 A<\/strong><\/p>\n<p><strong>Plug &amp; Play \u2013 Compatible con XBB<\/strong><\/p>\n<p><strong>Soluci\u00f3n potente para veh\u00edculos modernos controlados por bus CAN<\/strong><\/p>","protected":false},"featured_media":26918,"comment_status":"open","ping_status":"closed","template":"","meta":{"_acf_changed":false,"_smort_price_nok":"1063","_smort_price_dkk":"","_smort_price_eur":"","_smort_sale_price_nok":"","_smort_sale_price_dkk":"","_smort_sale_price_eur":"","smort_restorder":"","shipmondo_restorder":"","_kad_blocks_custom_css":"","_kad_blocks_head_custom_js":"","_kad_blocks_body_custom_js":"","_kad_blocks_footer_custom_js":"","smort_custom_pricelist_1":"636.8","smort_custom_pricelist_2":"557.2","smort_custom_pricelist_3":"517.4","smort_custom_pricelist_4":"796","smort_custom_pricelist_5":"557.2"},"anvandningsomrade":[],"bilmarken":[],"product_brand":[103],"product_cat":[2795,2796],"product_tag":[],"class_list":{"0":"post-26250","1":"product","2":"type-product","3":"status-publish","4":"has-post-thumbnail","6":"product_brand-luxtar","7":"product_cat-kablar-rela","8":"product_cat-relakabelsatser","9":"pa_lampsockel-kontakt-dt-4","10":"pa_lampsockel-kontakt-dt-3","11":"pa_lampsockel-kontakt-dtp-2","12":"pa_lampsockel-kontakt-dtp-4","13":"pa_volt-v-159","15":"first","16":"instock","17":"taxable","18":"shipping-taxable","19":"purchasable","20":"product-type-simple"},"bundled_by":["27189"],"bundle_stock_status":"instock","bundle_stock_quantity":188,"bundle_virtual":false,"bundle_layout":"","bundle_add_to_cart_form_location":"","bundle_editable_in_cart":false,"bundle_sold_individually_context":"","bundle_item_grouping":"","bundle_min_size":"","bundle_max_size":"","bundle_price":[],"bundled_items":[],"bundle_sell_ids":[],"acf":[],"yoast_head":"<!-- This site is optimized with the Yoast SEO plugin v27.0 - https:\/\/yoast.com\/product\/yoast-seo-wordpress\/ -->\n<title>Luxtar Rel\u00e4kabelsats Master &amp; Slave X 4 | 12V | 80A Rel\u00e4 - Xenonkungen<\/title>\n<meta name=\"robots\" content=\"index, follow, max-snippet:-1, max-image-preview:large, max-video-preview:-1\" \/>\n<link rel=\"canonical\" href=\"https:\/\/xenonkungen.com\/es\/producto\/juego-de-cables-de-rele-luxtar-maestro-esclavo-x-4-rele-de-12-v-y-80-a\/\" \/>\n<meta property=\"og:locale\" content=\"es_ES\" \/>\n<meta property=\"og:type\" content=\"article\" \/>\n<meta property=\"og:title\" content=\"Luxtar Rel\u00e4kabelsats Master &amp; Slave X 4 | 12V | 80A Rel\u00e4 - Xenonkungen\" \/>\n<meta property=\"og:description\" content=\"LUXTAR RELAY CABLE KIT MASTER &amp; SLAVE | 12V | 80A RELAY  Plug &amp; Play \u2013 F\u00f6rberedd f\u00f6r XBB  Kraftfull l\u00f6sning f\u00f6r moderna CAN-busstyrda fordon\" \/>\n<meta property=\"og:url\" content=\"https:\/\/xenonkungen.com\/es\/producto\/juego-de-cables-de-rele-luxtar-maestro-esclavo-x-4-rele-de-12-v-y-80-a\/\" \/>\n<meta property=\"og:site_name\" content=\"Xenonkungen\" \/>\n<meta property=\"article:modified_time\" content=\"2026-04-24T15:36:35+00:00\" \/>\n<meta property=\"og:image\" content=\"https:\/\/xenonkungen.com\/wp-content\/uploads\/2026\/02\/Relakabelsats-Master-And-Slave-80A-4xArtNr-103224-KZ260536-2000px-PNNG-1024x632.png\" \/>\n\t<meta property=\"og:image:width\" content=\"1024\" \/>\n\t<meta property=\"og:image:height\" content=\"632\" \/>\n\t<meta property=\"og:image:type\" content=\"image\/png\" \/>\n<meta name=\"twitter:card\" content=\"summary_large_image\" \/>\n<meta name=\"twitter:label1\" content=\"Tiempo de lectura\" \/>\n\t<meta name=\"twitter:data1\" content=\"3 minutos\" \/>\n<script type=\"application\/ld+json\" class=\"yoast-schema-graph\">{\"@context\":\"https:\/\/schema.org\",\"@graph\":[{\"@type\":\"WebPage\",\"@id\":\"https:\/\/xenonkungen.com\/produkt\/luxtar-relakabelsats-master-slave-x-4-12v-80a-rela\/\",\"url\":\"https:\/\/xenonkungen.com\/produkt\/luxtar-relakabelsats-master-slave-x-4-12v-80a-rela\/\",\"name\":\"Luxtar Rel\u00e4kabelsats Master & Slave X 4 | 12V | 80A Rel\u00e4 - Xenonkungen\",\"isPartOf\":{\"@id\":\"https:\/\/xenonkungen.com\/#website\"},\"primaryImageOfPage\":{\"@id\":\"https:\/\/xenonkungen.com\/produkt\/luxtar-relakabelsats-master-slave-x-4-12v-80a-rela\/#primaryimage\"},\"image\":{\"@id\":\"https:\/\/xenonkungen.com\/produkt\/luxtar-relakabelsats-master-slave-x-4-12v-80a-rela\/#primaryimage\"},\"thumbnailUrl\":\"https:\/\/xenonkungen.com\/wp-content\/uploads\/2026\/02\/Relakabelsats-Master-And-Slave-80A-4xArtNr-103224-KZ260536-2000px-PNNG.png\",\"datePublished\":\"2026-02-16T10:57:15+00:00\",\"dateModified\":\"2026-04-24T15:36:35+00:00\",\"breadcrumb\":{\"@id\":\"https:\/\/xenonkungen.com\/produkt\/luxtar-relakabelsats-master-slave-x-4-12v-80a-rela\/#breadcrumb\"},\"inLanguage\":\"es\",\"potentialAction\":[{\"@type\":\"ReadAction\",\"target\":[\"https:\/\/xenonkungen.com\/produkt\/luxtar-relakabelsats-master-slave-x-4-12v-80a-rela\/\"]}]},{\"@type\":\"ImageObject\",\"inLanguage\":\"es\",\"@id\":\"https:\/\/xenonkungen.com\/produkt\/luxtar-relakabelsats-master-slave-x-4-12v-80a-rela\/#primaryimage\",\"url\":\"https:\/\/xenonkungen.com\/wp-content\/uploads\/2026\/02\/Relakabelsats-Master-And-Slave-80A-4xArtNr-103224-KZ260536-2000px-PNNG.png\",\"contentUrl\":\"https:\/\/xenonkungen.com\/wp-content\/uploads\/2026\/02\/Relakabelsats-Master-And-Slave-80A-4xArtNr-103224-KZ260536-2000px-PNNG.png\",\"width\":2000,\"height\":1235},{\"@type\":\"BreadcrumbList\",\"@id\":\"https:\/\/xenonkungen.com\/produkt\/luxtar-relakabelsats-master-slave-x-4-12v-80a-rela\/#breadcrumb\",\"itemListElement\":[{\"@type\":\"ListItem\",\"position\":1,\"name\":\"Hem\",\"item\":\"https:\/\/xenonkungen.com\/\"},{\"@type\":\"ListItem\",\"position\":2,\"name\":\"Shop\",\"item\":\"https:\/\/xenonkungen.com\/shop\/\"},{\"@type\":\"ListItem\",\"position\":3,\"name\":\"Luxtar Rel\u00e4kabelsats Master &#038; Slave X 4 | 12V | 80A Rel\u00e4\"}]},{\"@type\":\"WebSite\",\"@id\":\"https:\/\/xenonkungen.com\/#website\",\"url\":\"https:\/\/xenonkungen.com\/\",\"name\":\"Xenonkungen\",\"description\":\"\",\"potentialAction\":[{\"@type\":\"SearchAction\",\"target\":{\"@type\":\"EntryPoint\",\"urlTemplate\":\"https:\/\/xenonkungen.com\/?s={search_term_string}\"},\"query-input\":{\"@type\":\"PropertyValueSpecification\",\"valueRequired\":true,\"valueName\":\"search_term_string\"}}],\"inLanguage\":\"es\"}]}<\/script>\n<!-- \/ Yoast SEO plugin. -->","yoast_head_json":{"title":"Juego de cables de rel\u00e9 Luxtar maestro y esclavo (4 unidades) | Rel\u00e9 de 12 V y 80 A - Xen\u00f3n","robots":{"index":"index","follow":"follow","max-snippet":"max-snippet:-1","max-image-preview":"max-image-preview:large","max-video-preview":"max-video-preview:-1"},"canonical":"https:\/\/xenonkungen.com\/es\/producto\/juego-de-cables-de-rele-luxtar-maestro-esclavo-x-4-rele-de-12-v-y-80-a\/","og_locale":"es_ES","og_type":"article","og_title":"Luxtar Rel\u00e4kabelsats Master & Slave X 4 | 12V | 80A Rel\u00e4 - Xenonkungen","og_description":"LUXTAR RELAY CABLE KIT MASTER &amp; SLAVE | 12V | 80A RELAY  Plug &amp; Play \u2013 F\u00f6rberedd f\u00f6r XBB  Kraftfull l\u00f6sning f\u00f6r moderna CAN-busstyrda fordon","og_url":"https:\/\/xenonkungen.com\/es\/producto\/juego-de-cables-de-rele-luxtar-maestro-esclavo-x-4-rele-de-12-v-y-80-a\/","og_site_name":"Xenonkungen","article_modified_time":"2026-04-24T15:36:35+00:00","og_image":[{"width":1024,"height":632,"url":"https:\/\/xenonkungen.com\/wp-content\/uploads\/2026\/02\/Relakabelsats-Master-And-Slave-80A-4xArtNr-103224-KZ260536-2000px-PNNG-1024x632.png","type":"image\/png"}],"twitter_card":"summary_large_image","twitter_misc":{"Tiempo de lectura":"3 minutos"},"schema":{"@context":"https:\/\/schema.org","@graph":[{"@type":"WebPage","@id":"https:\/\/xenonkungen.com\/produkt\/luxtar-relakabelsats-master-slave-x-4-12v-80a-rela\/","url":"https:\/\/xenonkungen.com\/produkt\/luxtar-relakabelsats-master-slave-x-4-12v-80a-rela\/","name":"Juego de cables de rel\u00e9 Luxtar maestro y esclavo (4 unidades) | Rel\u00e9 de 12 V y 80 A - Xen\u00f3n","isPartOf":{"@id":"https:\/\/xenonkungen.com\/#website"},"primaryImageOfPage":{"@id":"https:\/\/xenonkungen.com\/produkt\/luxtar-relakabelsats-master-slave-x-4-12v-80a-rela\/#primaryimage"},"image":{"@id":"https:\/\/xenonkungen.com\/produkt\/luxtar-relakabelsats-master-slave-x-4-12v-80a-rela\/#primaryimage"},"thumbnailUrl":"https:\/\/xenonkungen.com\/wp-content\/uploads\/2026\/02\/Relakabelsats-Master-And-Slave-80A-4xArtNr-103224-KZ260536-2000px-PNNG.png","datePublished":"2026-02-16T10:57:15+00:00","dateModified":"2026-04-24T15:36:35+00:00","breadcrumb":{"@id":"https:\/\/xenonkungen.com\/produkt\/luxtar-relakabelsats-master-slave-x-4-12v-80a-rela\/#breadcrumb"},"inLanguage":"es","potentialAction":[{"@type":"ReadAction","target":["https:\/\/xenonkungen.com\/produkt\/luxtar-relakabelsats-master-slave-x-4-12v-80a-rela\/"]}]},{"@type":"ImageObject","inLanguage":"es","@id":"https:\/\/xenonkungen.com\/produkt\/luxtar-relakabelsats-master-slave-x-4-12v-80a-rela\/#primaryimage","url":"https:\/\/xenonkungen.com\/wp-content\/uploads\/2026\/02\/Relakabelsats-Master-And-Slave-80A-4xArtNr-103224-KZ260536-2000px-PNNG.png","contentUrl":"https:\/\/xenonkungen.com\/wp-content\/uploads\/2026\/02\/Relakabelsats-Master-And-Slave-80A-4xArtNr-103224-KZ260536-2000px-PNNG.png","width":2000,"height":1235},{"@type":"BreadcrumbList","@id":"https:\/\/xenonkungen.com\/produkt\/luxtar-relakabelsats-master-slave-x-4-12v-80a-rela\/#breadcrumb","itemListElement":[{"@type":"ListItem","position":1,"name":"Hem","item":"https:\/\/xenonkungen.com\/"},{"@type":"ListItem","position":2,"name":"Shop","item":"https:\/\/xenonkungen.com\/shop\/"},{"@type":"ListItem","position":3,"name":"Luxtar Rel\u00e4kabelsats Master &#038; Slave X 4 | 12V | 80A Rel\u00e4"}]},{"@type":"WebSite","@id":"https:\/\/xenonkungen.com\/#website","url":"https:\/\/xenonkungen.com\/","name":"Xenonkungen","description":"","potentialAction":[{"@type":"SearchAction","target":{"@type":"EntryPoint","urlTemplate":"https:\/\/xenonkungen.com\/?s={search_term_string}"},"query-input":{"@type":"PropertyValueSpecification","valueRequired":true,"valueName":"search_term_string"}}],"inLanguage":"es"}]}},"taxonomy_info":{"product_brand":[{"value":103,"label":"LUXTAR"}],"product_cat":[{"value":2795,"label":"Kablar och Rel\u00e4"},{"value":2796,"label":"Rel\u00e4kabelsatser"}],"pa_lampsockel-kontakt":[{"value":181,"label":"DT-4"},{"value":2147,"label":"DT-3"},{"value":2225,"label":"DTP-2"},{"value":358,"label":"DTP-4"}],"pa_volt-v":[{"value":159,"label":"12"}]},"featured_image_src_large":["https:\/\/xenonkungen.com\/wp-content\/uploads\/2026\/02\/Relakabelsats-Master-And-Slave-80A-4xArtNr-103224-KZ260536-2000px-PNNG-1024x632.png",1024,632,true],"author_info":[],"comment_info":0,"_links":{"self":[{"href":"https:\/\/xenonkungen.com\/es\/wp-json\/wp\/v2\/product\/26250","targetHints":{"allow":["GET"]}}],"collection":[{"href":"https:\/\/xenonkungen.com\/es\/wp-json\/wp\/v2\/product"}],"about":[{"href":"https:\/\/xenonkungen.com\/es\/wp-json\/wp\/v2\/types\/product"}],"replies":[{"embeddable":true,"href":"https:\/\/xenonkungen.com\/es\/wp-json\/wp\/v2\/comments?post=26250"}],"wp:featuredmedia":[{"embeddable":true,"href":"https:\/\/xenonkungen.com\/es\/wp-json\/wp\/v2\/media\/26918"}],"wp:attachment":[{"href":"https:\/\/xenonkungen.com\/es\/wp-json\/wp\/v2\/media?parent=26250"}],"wp:term":[{"taxonomy":"anvandningsomrade","embeddable":true,"href":"https:\/\/xenonkungen.com\/es\/wp-json\/wp\/v2\/anvandningsomrade?post=26250"},{"taxonomy":"bilmarken","embeddable":true,"href":"https:\/\/xenonkungen.com\/es\/wp-json\/wp\/v2\/bilmarken?post=26250"},{"taxonomy":"product_brand","embeddable":true,"href":"https:\/\/xenonkungen.com\/es\/wp-json\/wp\/v2\/product_brand?post=26250"},{"taxonomy":"product_cat","embeddable":true,"href":"https:\/\/xenonkungen.com\/es\/wp-json\/wp\/v2\/product_cat?post=26250"},{"taxonomy":"product_tag","embeddable":true,"href":"https:\/\/xenonkungen.com\/es\/wp-json\/wp\/v2\/product_tag?post=26250"}],"curies":[{"name":"wp","href":"https:\/\/api.w.org\/{rel}","templated":true}]}}