{"id":2632,"date":"2025-04-15T08:48:03","date_gmt":"2025-04-15T08:48:03","guid":{"rendered":"https:\/\/xenonkungen.com\/product\/24v-xenonkit-35w\/"},"modified":"2025-12-10T14:43:21","modified_gmt":"2025-12-10T13:43:21","slug":"kit-de-xenon-de-24-v-y-35-w","status":"publish","type":"product","link":"https:\/\/xenonkungen.com\/es\/producto\/kit-de-xenon-de-24-v-y-35-w\/","title":{"rendered":"Kit xen\u00f3n 24V 35W"},"content":{"rendered":"<p>Convierte tu cami\u00f3n\/autob\u00fas con faros H1 o H7 a luces de xen\u00f3n y obt\u00e9n al menos el doble de luz en la calle.<\/p>\n<p>Temperatura de color de 4300K que proporciona un valor de luz m\u00e1ximo de aproximadamente 3200 l\u00famenes y es \u00f3ptima (est\u00e1ndar) para las condiciones clim\u00e1ticas n\u00f3rdicas y respetuosa con el tr\u00e1fico que viene de frente.<\/p>\n<p><strong>Contenido del kit de xen\u00f3n de 24 V y 35 W:<\/strong><br \/>2 balastos HNX-35W 24V<br \/>2 l\u00e1mparas de xen\u00f3n de 4300 K<\/p>\n<p>Nota: Si su veh\u00edculo tiene el denominado sistema de monitoreo de luces Can-bus, esto puede impedir el funcionamiento o requerir la adici\u00f3n de una resistencia u otra medida.<\/p>\n<p><strong>Elija la base de la l\u00e1mpara:<\/strong><br \/>H1<br \/>H3<br \/>H7 (Proyector de luz baja, luz alta)<br \/>H7R (luz baja con reflector)<\/p>\n<p><strong>Precio sujeto a disponibilidad. V\u00e1lido solo para compras privadas.<\/strong><\/p>\n<p>1 a\u00f1o de garant\u00eda.<\/p>","protected":false},"excerpt":{"rendered":"<p>Konvertera din lastbil\/buss med H1 eller H7 str\u00e5lkastare till xenonljus och f\u00e5 minst dubbelt mer ljus p\u00e5 gatan. F\u00e4rgtemperatur p\u00e5 4300K vilket ger h\u00f6gsta ljusv\u00e4rde p\u00e5 ca 3200 lumen och \u00e4r optimal (standard) f\u00f6r nordiska v\u00e4derf\u00f6rh\u00e5llanden samt skonsam f\u00f6r m\u00f6tande trafik. Inneh\u00e5ll 24V Xenonkit 35W:2st HNX-35W 24V Ballast2st Xenonlampor 4300K Obs! I det fall ditt [&hellip;]<\/p>","protected":false},"featured_media":2633,"comment_status":"closed","ping_status":"open","template":"","meta":{"_acf_changed":false,"_smort_price_nok":"1015","_smort_price_dkk":"645","_smort_price_eur":"86.36","_smort_sale_price_nok":"","_smort_sale_price_dkk":"","_smort_sale_price_eur":"64.77","smort_restorder":"","shipmondo_restorder":"","_kad_blocks_custom_css":"","_kad_blocks_head_custom_js":"","_kad_blocks_body_custom_js":"","_kad_blocks_footer_custom_js":"","smort_custom_pricelist_1":"608","smort_custom_pricelist_2":"532","smort_custom_pricelist_3":"505.4","smort_custom_pricelist_4":"760","smort_custom_pricelist_5":"532"},"anvandningsomrade":[166],"bilmarken":[208,240,194,241,242,195,243,209,244,245,246,247,248,210,249,196,250,251,252,253,197,211,254,212,255,256,257,258,259,213,260,261,198,262,263,264,265,266,267,199,268,269,270,271,200,272,273,274,215,275,276,277,278,201,279,202,280,281,216,282,203,283,284,285,286,204,217,218,287,288,289,290,219,205,169,291],"product_brand":[117],"product_cat":[16],"product_tag":[],"class_list":{"0":"post-2632","1":"product","2":"type-product","3":"status-publish","4":"has-post-thumbnail","6":"anvandningsomrade-lastbil","7":"bilmarken-abarth","8":"bilmarken-acura","9":"bilmarken-alfa-romeo","10":"bilmarken-alpina","11":"bilmarken-aston-martin","12":"bilmarken-audi","13":"bilmarken-bentley","14":"bilmarken-bmw","15":"bilmarken-bugatti","16":"bilmarken-buick","17":"bilmarken-cadillac","18":"bilmarken-chevrolet","19":"bilmarken-chrysler","20":"bilmarken-citroen","21":"bilmarken-cupra","22":"bilmarken-dacia","23":"bilmarken-daewoo","24":"bilmarken-daihatsu","25":"bilmarken-dodge","26":"bilmarken-ds","27":"bilmarken-ferrari","28":"bilmarken-fiat","29":"bilmarken-fisker","30":"bilmarken-ford","31":"bilmarken-geely","32":"bilmarken-genesis","33":"bilmarken-gmc","34":"bilmarken-honda","35":"bilmarken-hummer","36":"bilmarken-hyundai","37":"bilmarken-infiniti","38":"bilmarken-isuzu","39":"bilmarken-iveco","40":"bilmarken-jaguar","41":"bilmarken-jeep","42":"bilmarken-kia","43":"bilmarken-koenigsegg","44":"bilmarken-lada","45":"bilmarken-lamborghini","46":"bilmarken-lancia","47":"bilmarken-land-rover","48":"bilmarken-lexus","49":"bilmarken-lincoln","50":"bilmarken-lotus","51":"bilmarken-maserati","52":"bilmarken-maxus","53":"bilmarken-mazda","54":"bilmarken-mclaren","55":"bilmarken-mercedes-benz","56":"bilmarken-mg","57":"bilmarken-mini","58":"bilmarken-mitsubishi","59":"bilmarken-nissan","60":"bilmarken-opel","61":"bilmarken-pagani","62":"bilmarken-peugeot","63":"bilmarken-polestar","64":"bilmarken-pontiac","65":"bilmarken-porsche","66":"bilmarken-ram","67":"bilmarken-renault","68":"bilmarken-rivian","69":"bilmarken-rolls-royce","70":"bilmarken-rover","71":"bilmarken-saab","72":"bilmarken-seat","73":"bilmarken-skoda","74":"bilmarken-smart","75":"bilmarken-ssangyong","76":"bilmarken-subaru","77":"bilmarken-suzuki","78":"bilmarken-tesla","79":"bilmarken-toyota","80":"bilmarken-volkswagen","81":"bilmarken-volvo","82":"bilmarken-wiesmann","83":"product_brand-xenonkungen","84":"product_cat-uncategorized","85":"pa_godkannande-ip67","86":"pa_lampsockel-kontakt-h1-h3-h7-h7r","87":"pa_volt-v-160","89":"first","90":"onbackorder","91":"taxable","92":"shipping-taxable","93":"purchasable","94":"product-type-simple"},"bundled_by":[],"bundle_stock_status":"onbackorder","bundle_stock_quantity":0,"bundle_virtual":false,"bundle_layout":"","bundle_add_to_cart_form_location":"","bundle_editable_in_cart":false,"bundle_sold_individually_context":"","bundle_item_grouping":"","bundle_min_size":"","bundle_max_size":"","bundle_price":[],"bundled_items":[],"bundle_sell_ids":[],"acf":[],"yoast_head":"<!-- This site is optimized with the Yoast SEO plugin v27.0 - https:\/\/yoast.com\/product\/yoast-seo-wordpress\/ -->\n<title>24V Xenonkit 35W - Xenonkungen<\/title>\n<meta name=\"robots\" content=\"index, follow, max-snippet:-1, max-image-preview:large, max-video-preview:-1\" \/>\n<link rel=\"canonical\" href=\"https:\/\/xenonkungen.com\/es\/producto\/kit-de-xenon-de-24-v-y-35-w\/\" \/>\n<meta property=\"og:locale\" content=\"es_ES\" \/>\n<meta property=\"og:type\" content=\"article\" \/>\n<meta property=\"og:title\" content=\"24V Xenonkit 35W - Xenonkungen\" \/>\n<meta property=\"og:description\" content=\"Konvertera din lastbil\/buss med H1 eller H7 str\u00e5lkastare till xenonljus och f\u00e5 minst dubbelt mer ljus p\u00e5 gatan. F\u00e4rgtemperatur p\u00e5 4300K vilket ger h\u00f6gsta ljusv\u00e4rde p\u00e5 ca 3200 lumen och \u00e4r optimal (standard) f\u00f6r nordiska v\u00e4derf\u00f6rh\u00e5llanden samt skonsam f\u00f6r m\u00f6tande trafik. Inneh\u00e5ll 24V Xenonkit 35W:2st HNX-35W 24V Ballast2st Xenonlampor 4300K Obs! I det fall ditt [&hellip;]\" \/>\n<meta property=\"og:url\" content=\"https:\/\/xenonkungen.com\/es\/producto\/kit-de-xenon-de-24-v-y-35-w\/\" \/>\n<meta property=\"og:site_name\" content=\"Xenonkungen\" \/>\n<meta property=\"article:modified_time\" content=\"2025-12-10T13:43:21+00:00\" \/>\n<meta property=\"og:image\" content=\"https:\/\/xenonkungen.com\/wp-content\/uploads\/2025\/04\/16796060-origpic-8cb578.jpg\" \/>\n\t<meta property=\"og:image:width\" content=\"265\" \/>\n\t<meta property=\"og:image:height\" content=\"265\" \/>\n\t<meta property=\"og:image:type\" content=\"image\/jpeg\" \/>\n<meta name=\"twitter:card\" content=\"summary_large_image\" \/>\n<meta name=\"twitter:label1\" content=\"Tiempo de lectura\" \/>\n\t<meta name=\"twitter:data1\" content=\"1 minuto\" \/>\n<script type=\"application\/ld+json\" class=\"yoast-schema-graph\">{\"@context\":\"https:\/\/schema.org\",\"@graph\":[{\"@type\":\"WebPage\",\"@id\":\"https:\/\/xenonkungen.com\/en\/product\/24v-xenon-kit-35w\/\",\"url\":\"https:\/\/xenonkungen.com\/en\/product\/24v-xenon-kit-35w\/\",\"name\":\"24V Xenonkit 35W - Xenonkungen\",\"isPartOf\":{\"@id\":\"https:\/\/xenonkungen.com\/#website\"},\"primaryImageOfPage\":{\"@id\":\"https:\/\/xenonkungen.com\/en\/product\/24v-xenon-kit-35w\/#primaryimage\"},\"image\":{\"@id\":\"https:\/\/xenonkungen.com\/en\/product\/24v-xenon-kit-35w\/#primaryimage\"},\"thumbnailUrl\":\"https:\/\/xenonkungen.com\/wp-content\/uploads\/2025\/04\/16796060-origpic-8cb578.jpg\",\"datePublished\":\"2025-04-15T08:48:03+00:00\",\"dateModified\":\"2025-12-10T13:43:21+00:00\",\"breadcrumb\":{\"@id\":\"https:\/\/xenonkungen.com\/en\/product\/24v-xenon-kit-35w\/#breadcrumb\"},\"inLanguage\":\"es\",\"potentialAction\":[{\"@type\":\"ReadAction\",\"target\":[\"https:\/\/xenonkungen.com\/en\/product\/24v-xenon-kit-35w\/\"]}]},{\"@type\":\"ImageObject\",\"inLanguage\":\"es\",\"@id\":\"https:\/\/xenonkungen.com\/en\/product\/24v-xenon-kit-35w\/#primaryimage\",\"url\":\"https:\/\/xenonkungen.com\/wp-content\/uploads\/2025\/04\/16796060-origpic-8cb578.jpg\",\"contentUrl\":\"https:\/\/xenonkungen.com\/wp-content\/uploads\/2025\/04\/16796060-origpic-8cb578.jpg\",\"width\":265,\"height\":265},{\"@type\":\"BreadcrumbList\",\"@id\":\"https:\/\/xenonkungen.com\/en\/product\/24v-xenon-kit-35w\/#breadcrumb\",\"itemListElement\":[{\"@type\":\"ListItem\",\"position\":1,\"name\":\"Hem\",\"item\":\"https:\/\/xenonkungen.com\/\"},{\"@type\":\"ListItem\",\"position\":2,\"name\":\"Shop\",\"item\":\"https:\/\/xenonkungen.com\/shop\/\"},{\"@type\":\"ListItem\",\"position\":3,\"name\":\"24V Xenonkit 35W\"}]},{\"@type\":\"WebSite\",\"@id\":\"https:\/\/xenonkungen.com\/#website\",\"url\":\"https:\/\/xenonkungen.com\/\",\"name\":\"Xenonkungen\",\"description\":\"\",\"potentialAction\":[{\"@type\":\"SearchAction\",\"target\":{\"@type\":\"EntryPoint\",\"urlTemplate\":\"https:\/\/xenonkungen.com\/?s={search_term_string}\"},\"query-input\":{\"@type\":\"PropertyValueSpecification\",\"valueRequired\":true,\"valueName\":\"search_term_string\"}}],\"inLanguage\":\"es\"}]}<\/script>\n<!-- \/ Yoast SEO plugin. -->","yoast_head_json":{"title":"Kit Xen\u00f3n 24V 35W - El rey del Xen\u00f3n","robots":{"index":"index","follow":"follow","max-snippet":"max-snippet:-1","max-image-preview":"max-image-preview:large","max-video-preview":"max-video-preview:-1"},"canonical":"https:\/\/xenonkungen.com\/es\/producto\/kit-de-xenon-de-24-v-y-35-w\/","og_locale":"es_ES","og_type":"article","og_title":"24V Xenonkit 35W - Xenonkungen","og_description":"Konvertera din lastbil\/buss med H1 eller H7 str\u00e5lkastare till xenonljus och f\u00e5 minst dubbelt mer ljus p\u00e5 gatan. F\u00e4rgtemperatur p\u00e5 4300K vilket ger h\u00f6gsta ljusv\u00e4rde p\u00e5 ca 3200 lumen och \u00e4r optimal (standard) f\u00f6r nordiska v\u00e4derf\u00f6rh\u00e5llanden samt skonsam f\u00f6r m\u00f6tande trafik. Inneh\u00e5ll 24V Xenonkit 35W:2st HNX-35W 24V Ballast2st Xenonlampor 4300K Obs! I det fall ditt [&hellip;]","og_url":"https:\/\/xenonkungen.com\/es\/producto\/kit-de-xenon-de-24-v-y-35-w\/","og_site_name":"Xenonkungen","article_modified_time":"2025-12-10T13:43:21+00:00","og_image":[{"width":265,"height":265,"url":"https:\/\/xenonkungen.com\/wp-content\/uploads\/2025\/04\/16796060-origpic-8cb578.jpg","type":"image\/jpeg"}],"twitter_card":"summary_large_image","twitter_misc":{"Tiempo de lectura":"1 minuto"},"schema":{"@context":"https:\/\/schema.org","@graph":[{"@type":"WebPage","@id":"https:\/\/xenonkungen.com\/en\/product\/24v-xenon-kit-35w\/","url":"https:\/\/xenonkungen.com\/en\/product\/24v-xenon-kit-35w\/","name":"Kit Xen\u00f3n 24V 35W - El rey del Xen\u00f3n","isPartOf":{"@id":"https:\/\/xenonkungen.com\/#website"},"primaryImageOfPage":{"@id":"https:\/\/xenonkungen.com\/en\/product\/24v-xenon-kit-35w\/#primaryimage"},"image":{"@id":"https:\/\/xenonkungen.com\/en\/product\/24v-xenon-kit-35w\/#primaryimage"},"thumbnailUrl":"https:\/\/xenonkungen.com\/wp-content\/uploads\/2025\/04\/16796060-origpic-8cb578.jpg","datePublished":"2025-04-15T08:48:03+00:00","dateModified":"2025-12-10T13:43:21+00:00","breadcrumb":{"@id":"https:\/\/xenonkungen.com\/en\/product\/24v-xenon-kit-35w\/#breadcrumb"},"inLanguage":"es","potentialAction":[{"@type":"ReadAction","target":["https:\/\/xenonkungen.com\/en\/product\/24v-xenon-kit-35w\/"]}]},{"@type":"ImageObject","inLanguage":"es","@id":"https:\/\/xenonkungen.com\/en\/product\/24v-xenon-kit-35w\/#primaryimage","url":"https:\/\/xenonkungen.com\/wp-content\/uploads\/2025\/04\/16796060-origpic-8cb578.jpg","contentUrl":"https:\/\/xenonkungen.com\/wp-content\/uploads\/2025\/04\/16796060-origpic-8cb578.jpg","width":265,"height":265},{"@type":"BreadcrumbList","@id":"https:\/\/xenonkungen.com\/en\/product\/24v-xenon-kit-35w\/#breadcrumb","itemListElement":[{"@type":"ListItem","position":1,"name":"Hem","item":"https:\/\/xenonkungen.com\/"},{"@type":"ListItem","position":2,"name":"Shop","item":"https:\/\/xenonkungen.com\/shop\/"},{"@type":"ListItem","position":3,"name":"24V Xenonkit 35W"}]},{"@type":"WebSite","@id":"https:\/\/xenonkungen.com\/#website","url":"https:\/\/xenonkungen.com\/","name":"Xenonkungen","description":"","potentialAction":[{"@type":"SearchAction","target":{"@type":"EntryPoint","urlTemplate":"https:\/\/xenonkungen.com\/?s={search_term_string}"},"query-input":{"@type":"PropertyValueSpecification","valueRequired":true,"valueName":"search_term_string"}}],"inLanguage":"es"}]}},"taxonomy_info":{"anvandningsomrade":[{"value":166,"label":"Lastbil"}],"bilmarken":[{"value":208,"label":"Abarth"},{"value":240,"label":"Acura"},{"value":194,"label":"Alfa Romeo"},{"value":241,"label":"Alpina"},{"value":242,"label":"Aston Martin"},{"value":195,"label":"Audi"},{"value":243,"label":"Bentley"},{"value":209,"label":"BMW"},{"value":244,"label":"Bugatti"},{"value":245,"label":"Buick"},{"value":246,"label":"Cadillac"},{"value":247,"label":"Chevrolet"},{"value":248,"label":"Chrysler"},{"value":210,"label":"Citroen"},{"value":249,"label":"Cupra"},{"value":196,"label":"Dacia"},{"value":250,"label":"Daewoo"},{"value":251,"label":"Daihatsu"},{"value":252,"label":"Dodge"},{"value":253,"label":"DS"},{"value":197,"label":"Ferrari"},{"value":211,"label":"Fiat"},{"value":254,"label":"Fisker"},{"value":212,"label":"Ford"},{"value":255,"label":"Geely"},{"value":256,"label":"Genesis"},{"value":257,"label":"GMC"},{"value":258,"label":"Honda"},{"value":259,"label":"Hummer"},{"value":213,"label":"Hyundai"},{"value":260,"label":"Infiniti"},{"value":261,"label":"Isuzu"},{"value":198,"label":"Iveco"},{"value":262,"label":"Jaguar"},{"value":263,"label":"Jeep"},{"value":264,"label":"Kia"},{"value":265,"label":"Koenigsegg"},{"value":266,"label":"Lada"},{"value":267,"label":"Lamborghini"},{"value":199,"label":"Lancia"},{"value":268,"label":"Land Rover"},{"value":269,"label":"Lexus"},{"value":270,"label":"Lincoln"},{"value":271,"label":"Lotus"},{"value":200,"label":"Maserati"},{"value":272,"label":"Maxus"},{"value":273,"label":"Mazda"},{"value":274,"label":"McLaren"},{"value":215,"label":"Mercedes-Benz"},{"value":275,"label":"MG"},{"value":276,"label":"Mini"},{"value":277,"label":"Mitsubishi"},{"value":278,"label":"Nissan"},{"value":201,"label":"Opel"},{"value":279,"label":"Pagani"},{"value":202,"label":"Peugeot"},{"value":280,"label":"Polestar"},{"value":281,"label":"Pontiac"},{"value":216,"label":"Porsche"},{"value":282,"label":"RAM"},{"value":203,"label":"Renault"},{"value":283,"label":"Rivian"},{"value":284,"label":"Rolls-Royce"},{"value":285,"label":"Rover"},{"value":286,"label":"Saab"},{"value":204,"label":"Seat"},{"value":217,"label":"Skoda"},{"value":218,"label":"Smart"},{"value":287,"label":"SsangYong"},{"value":288,"label":"Subaru"},{"value":289,"label":"Suzuki"},{"value":290,"label":"Tesla"},{"value":219,"label":"Toyota"},{"value":205,"label":"Volkswagen"},{"value":169,"label":"volvo"},{"value":291,"label":"Wiesmann"}],"product_brand":[{"value":117,"label":"Xenonkungen"}],"product_cat":[{"value":16,"label":"Uncategorized"}],"pa_godkannande":[{"value":982,"label":"IP67"}],"pa_lampsockel-kontakt":[{"value":981,"label":"H1, H3, H7, H7R"}],"pa_volt-v":[{"value":160,"label":"24"}]},"featured_image_src_large":["https:\/\/xenonkungen.com\/wp-content\/uploads\/2025\/04\/16796060-origpic-8cb578.jpg",265,265,false],"author_info":[],"comment_info":0,"_links":{"self":[{"href":"https:\/\/xenonkungen.com\/es\/wp-json\/wp\/v2\/product\/2632","targetHints":{"allow":["GET"]}}],"collection":[{"href":"https:\/\/xenonkungen.com\/es\/wp-json\/wp\/v2\/product"}],"about":[{"href":"https:\/\/xenonkungen.com\/es\/wp-json\/wp\/v2\/types\/product"}],"replies":[{"embeddable":true,"href":"https:\/\/xenonkungen.com\/es\/wp-json\/wp\/v2\/comments?post=2632"}],"wp:featuredmedia":[{"embeddable":true,"href":"https:\/\/xenonkungen.com\/es\/wp-json\/wp\/v2\/media\/2633"}],"wp:attachment":[{"href":"https:\/\/xenonkungen.com\/es\/wp-json\/wp\/v2\/media?parent=2632"}],"wp:term":[{"taxonomy":"anvandningsomrade","embeddable":true,"href":"https:\/\/xenonkungen.com\/es\/wp-json\/wp\/v2\/anvandningsomrade?post=2632"},{"taxonomy":"bilmarken","embeddable":true,"href":"https:\/\/xenonkungen.com\/es\/wp-json\/wp\/v2\/bilmarken?post=2632"},{"taxonomy":"product_brand","embeddable":true,"href":"https:\/\/xenonkungen.com\/es\/wp-json\/wp\/v2\/product_brand?post=2632"},{"taxonomy":"product_cat","embeddable":true,"href":"https:\/\/xenonkungen.com\/es\/wp-json\/wp\/v2\/product_cat?post=2632"},{"taxonomy":"product_tag","embeddable":true,"href":"https:\/\/xenonkungen.com\/es\/wp-json\/wp\/v2\/product_tag?post=2632"}],"curies":[{"name":"wp","href":"https:\/\/api.w.org\/{rel}","templated":true}]}}