{"id":26467,"date":"2026-02-19T16:17:42","date_gmt":"2026-02-19T15:17:42","guid":{"rendered":"https:\/\/xenonkungen.com\/?post_type=product&#038;p=26467"},"modified":"2026-04-10T23:53:13","modified_gmt":"2026-04-10T22:53:13","slug":"conector-de-empalme-wago-221-415-con-palancas-5-conductores-100-p","status":"publish","type":"product","link":"https:\/\/xenonkungen.com\/es\/producto\/conector-de-empalme-wago-221-415-con-palancas-5-conductores-100-p\/","title":{"rendered":"Conector de empalme Wago 221-415 con palancas | 5 conductores 100-P"},"content":{"rendered":"<p>Terminal de conexi\u00f3n flexible y sin herramientas para todo tipo de conductores de hasta 4 mm\u00b2. Carcasa transparente para una f\u00e1cil inspecci\u00f3n visual y una r\u00e1pida instalaci\u00f3n en entornos profesionales e industriales.<\/p>\n<p><strong>Conexi\u00f3n r\u00e1pida y sin herramientas con CAGE CLAMP\u00ae<\/strong><\/p>\n<p>El WAGO 221 es un terminal de conexi\u00f3n compacto y potente, dise\u00f1ado para instalaciones el\u00e9ctricas sencillas. Con la funci\u00f3n de palanca inteligente, se abre el terminal, se inserta el conductor (11 mm de longitud de pelado) y se vuelve a plegar la palanca. \u00a1Listo! No requiere crimpeado ni preparaci\u00f3n de punteras.<\/p>\n<p>La abrazadera admite una tensi\u00f3n nominal de hasta 450 V y una corriente de hasta 32 A, lo que la hace adecuada incluso para instalaciones con cargas elevadas. La probada tecnolog\u00eda CAGE CLAMP\u00ae proporciona una conexi\u00f3n segura y sin mantenimiento para conductores de cobre macizos, trenzados y de trenzado fino.<\/p>\n<p><strong>Para todo tipo de conductores de 0,2 a 4 mm\u00b2<\/strong><\/p>\n<p>Wago 221 es compatible con:<\/p>\n<ul>\n<li>Conductor s\u00f3lido: 0,2\u20134 mm\u00b2 (24\u201312 AWG)<\/li>\n<li>Cable trenzado: 0,2\u20134 mm\u00b2 (24\u201312 AWG)<\/li>\n<li>Conductor de hilo fino: 0,14\u20134 mm\u00b2 (24\u201312 AWG)<\/li>\n<\/ul>\n<p>La carcasa transparente facilita la comprobaci\u00f3n visual de la correcta conexi\u00f3n. Las palancas anchas y planas tienen un dise\u00f1o ergon\u00f3mico y se pueden operar sin necesidad de herramientas.<\/p>\n<p><strong>Dise\u00f1o compacto para instalaciones profesionales.<\/strong><\/p>\n<p>Con unas medidas de 30 x 8,4 x 18,6 mm (ancho x alto x profundidad), la serie 221 es significativamente m\u00e1s compacta que las abrazaderas superiores tradicionales. Las palancas quedan planas contra la carcasa cuando est\u00e1n cerradas, lo que permite que la abrazadera encaje incluso en cajas de conexiones estrechas.<\/p>\n<p>El producto est\u00e1 clasificado para temperaturas ambiente de hasta 85 \u00b0C (T85) y est\u00e1 dise\u00f1ado para conductores de cobre. Algunas variantes est\u00e1n homologadas para aplicaciones Ex espec\u00edficas (consulte la ficha t\u00e9cnica).<\/p>\n<p><strong>Instalaci\u00f3n m\u00e1s eficiente y tiempo de montaje reducido<\/strong><\/p>\n<p>El WAGO 221 se utiliza en todo tipo de instalaciones, desde residenciales hasta industriales, incluyendo electrodom\u00e9sticos y sistemas de control. Ahorra tiempo de instalaci\u00f3n y proporciona una conexi\u00f3n segura, estable y duradera, ideal, por ejemplo, para:<\/p>\n<ul>\n<li>Conectores de rama<\/li>\n<li>Instalaciones de iluminaci\u00f3n<\/li>\n<li>Cajas de conexiones<\/li>\n<li>Armarios el\u00e9ctricos y armarios de aparatos<\/li>\n<li>Servicio y reconstrucci\u00f3n<\/li>\n<\/ul>","protected":false},"excerpt":{"rendered":"<p><strong>Bloque de terminales 221-413 3 polos 0,2\u20134 mm\u00b2, WAGO<\/strong><\/p>\n<p><strong>Paquete de 100<\/strong><\/p>","protected":false},"featured_media":26434,"comment_status":"open","ping_status":"closed","template":"","meta":{"_acf_changed":false,"_smort_price_nok":"1903","_smort_price_dkk":"","_smort_price_eur":"","_smort_sale_price_nok":"","_smort_sale_price_dkk":"","_smort_sale_price_eur":"","smort_restorder":"","shipmondo_restorder":"","_kad_blocks_custom_css":"","_kad_blocks_head_custom_js":"","_kad_blocks_body_custom_js":"","_kad_blocks_footer_custom_js":"","smort_custom_pricelist_1":"998","smort_custom_pricelist_2":"998","smort_custom_pricelist_3":"927","smort_custom_pricelist_4":"1425.6","smort_custom_pricelist_5":"998"},"anvandningsomrade":[],"bilmarken":[],"product_brand":[2883],"product_cat":[390],"product_tag":[],"class_list":{"0":"post-26467","1":"product","2":"type-product","3":"status-publish","4":"has-post-thumbnail","6":"product_brand-wago","7":"product_cat-installation","9":"first","10":"instock","11":"taxable","12":"shipping-taxable","13":"purchasable","14":"product-type-simple"},"bundled_by":[],"bundle_stock_status":"instock","bundle_stock_quantity":9,"bundle_virtual":false,"bundle_layout":"","bundle_add_to_cart_form_location":"","bundle_editable_in_cart":false,"bundle_sold_individually_context":"","bundle_item_grouping":"","bundle_min_size":"","bundle_max_size":"","bundle_price":[],"bundled_items":[],"bundle_sell_ids":[],"acf":[],"yoast_head":"<!-- This site is optimized with the Yoast SEO plugin v27.0 - https:\/\/yoast.com\/product\/yoast-seo-wordpress\/ -->\n<title>Wago 221-415 Splicing connector with levers | 5-conductor 100-P - Xenonkungen<\/title>\n<meta name=\"robots\" content=\"index, follow, max-snippet:-1, max-image-preview:large, max-video-preview:-1\" \/>\n<link rel=\"canonical\" href=\"https:\/\/xenonkungen.com\/es\/producto\/conector-de-empalme-wago-221-415-con-palancas-5-conductores-100-p\/\" \/>\n<meta property=\"og:locale\" content=\"es_ES\" \/>\n<meta property=\"og:type\" content=\"article\" \/>\n<meta property=\"og:title\" content=\"Wago 221-415 Splicing connector with levers | 5-conductor 100-P - Xenonkungen\" \/>\n<meta property=\"og:description\" content=\"Kopplingskl\u00e4mma 221-413 3-polig 0,2\u20134mm\u00b2, WAGO  100-PACK\" \/>\n<meta property=\"og:url\" content=\"https:\/\/xenonkungen.com\/es\/producto\/conector-de-empalme-wago-221-415-con-palancas-5-conductores-100-p\/\" \/>\n<meta property=\"og:site_name\" content=\"Xenonkungen\" \/>\n<meta property=\"article:modified_time\" content=\"2026-04-10T22:53:13+00:00\" \/>\n<meta property=\"og:image\" content=\"https:\/\/xenonkungen.com\/wp-content\/uploads\/2026\/02\/WAGO-5-x-AWG-24-25-221415-XK259548-Org-PNNG.png\" \/>\n\t<meta property=\"og:image:width\" content=\"2000\" \/>\n\t<meta property=\"og:image:height\" content=\"982\" \/>\n\t<meta property=\"og:image:type\" content=\"image\/png\" \/>\n<meta name=\"twitter:card\" content=\"summary_large_image\" \/>\n<meta name=\"twitter:label1\" content=\"Tiempo de lectura\" \/>\n\t<meta name=\"twitter:data1\" content=\"2 minutos\" \/>\n<script type=\"application\/ld+json\" class=\"yoast-schema-graph\">{\"@context\":\"https:\/\/schema.org\",\"@graph\":[{\"@type\":\"WebPage\",\"@id\":\"https:\/\/xenonkungen.com\/produkt\/wago-221-415-splicing-connector-with-levers-5-conductor-100-p\/\",\"url\":\"https:\/\/xenonkungen.com\/produkt\/wago-221-415-splicing-connector-with-levers-5-conductor-100-p\/\",\"name\":\"Wago 221-415 Splicing connector with levers | 5-conductor 100-P - Xenonkungen\",\"isPartOf\":{\"@id\":\"https:\/\/xenonkungen.com\/#website\"},\"primaryImageOfPage\":{\"@id\":\"https:\/\/xenonkungen.com\/produkt\/wago-221-415-splicing-connector-with-levers-5-conductor-100-p\/#primaryimage\"},\"image\":{\"@id\":\"https:\/\/xenonkungen.com\/produkt\/wago-221-415-splicing-connector-with-levers-5-conductor-100-p\/#primaryimage\"},\"thumbnailUrl\":\"https:\/\/xenonkungen.com\/wp-content\/uploads\/2026\/02\/WAGO-5-x-AWG-24-25-221415-XK259548-Org-PNNG.png\",\"datePublished\":\"2026-02-19T15:17:42+00:00\",\"dateModified\":\"2026-04-10T22:53:13+00:00\",\"breadcrumb\":{\"@id\":\"https:\/\/xenonkungen.com\/produkt\/wago-221-415-splicing-connector-with-levers-5-conductor-100-p\/#breadcrumb\"},\"inLanguage\":\"es\",\"potentialAction\":[{\"@type\":\"ReadAction\",\"target\":[\"https:\/\/xenonkungen.com\/produkt\/wago-221-415-splicing-connector-with-levers-5-conductor-100-p\/\"]}]},{\"@type\":\"ImageObject\",\"inLanguage\":\"es\",\"@id\":\"https:\/\/xenonkungen.com\/produkt\/wago-221-415-splicing-connector-with-levers-5-conductor-100-p\/#primaryimage\",\"url\":\"https:\/\/xenonkungen.com\/wp-content\/uploads\/2026\/02\/WAGO-5-x-AWG-24-25-221415-XK259548-Org-PNNG.png\",\"contentUrl\":\"https:\/\/xenonkungen.com\/wp-content\/uploads\/2026\/02\/WAGO-5-x-AWG-24-25-221415-XK259548-Org-PNNG.png\",\"width\":2000,\"height\":982},{\"@type\":\"BreadcrumbList\",\"@id\":\"https:\/\/xenonkungen.com\/produkt\/wago-221-415-splicing-connector-with-levers-5-conductor-100-p\/#breadcrumb\",\"itemListElement\":[{\"@type\":\"ListItem\",\"position\":1,\"name\":\"Hem\",\"item\":\"https:\/\/xenonkungen.com\/\"},{\"@type\":\"ListItem\",\"position\":2,\"name\":\"Shop\",\"item\":\"https:\/\/xenonkungen.com\/shop\/\"},{\"@type\":\"ListItem\",\"position\":3,\"name\":\"Wago 221-415 Splicing connector with levers | 5-conductor 100-P\"}]},{\"@type\":\"WebSite\",\"@id\":\"https:\/\/xenonkungen.com\/#website\",\"url\":\"https:\/\/xenonkungen.com\/\",\"name\":\"Xenonkungen\",\"description\":\"\",\"potentialAction\":[{\"@type\":\"SearchAction\",\"target\":{\"@type\":\"EntryPoint\",\"urlTemplate\":\"https:\/\/xenonkungen.com\/?s={search_term_string}\"},\"query-input\":{\"@type\":\"PropertyValueSpecification\",\"valueRequired\":true,\"valueName\":\"search_term_string\"}}],\"inLanguage\":\"es\"}]}<\/script>\n<!-- \/ Yoast SEO plugin. -->","yoast_head_json":{"title":"Conector de empalme Wago 221-415 con palancas | 5 conductores 100-P - El rey del xen\u00f3n","robots":{"index":"index","follow":"follow","max-snippet":"max-snippet:-1","max-image-preview":"max-image-preview:large","max-video-preview":"max-video-preview:-1"},"canonical":"https:\/\/xenonkungen.com\/es\/producto\/conector-de-empalme-wago-221-415-con-palancas-5-conductores-100-p\/","og_locale":"es_ES","og_type":"article","og_title":"Wago 221-415 Splicing connector with levers | 5-conductor 100-P - Xenonkungen","og_description":"Kopplingskl\u00e4mma 221-413 3-polig 0,2\u20134mm\u00b2, WAGO  100-PACK","og_url":"https:\/\/xenonkungen.com\/es\/producto\/conector-de-empalme-wago-221-415-con-palancas-5-conductores-100-p\/","og_site_name":"Xenonkungen","article_modified_time":"2026-04-10T22:53:13+00:00","og_image":[{"width":2000,"height":982,"url":"https:\/\/xenonkungen.com\/wp-content\/uploads\/2026\/02\/WAGO-5-x-AWG-24-25-221415-XK259548-Org-PNNG.png","type":"image\/png"}],"twitter_card":"summary_large_image","twitter_misc":{"Tiempo de lectura":"2 minutos"},"schema":{"@context":"https:\/\/schema.org","@graph":[{"@type":"WebPage","@id":"https:\/\/xenonkungen.com\/produkt\/wago-221-415-splicing-connector-with-levers-5-conductor-100-p\/","url":"https:\/\/xenonkungen.com\/produkt\/wago-221-415-splicing-connector-with-levers-5-conductor-100-p\/","name":"Conector de empalme Wago 221-415 con palancas | 5 conductores 100-P - El rey del xen\u00f3n","isPartOf":{"@id":"https:\/\/xenonkungen.com\/#website"},"primaryImageOfPage":{"@id":"https:\/\/xenonkungen.com\/produkt\/wago-221-415-splicing-connector-with-levers-5-conductor-100-p\/#primaryimage"},"image":{"@id":"https:\/\/xenonkungen.com\/produkt\/wago-221-415-splicing-connector-with-levers-5-conductor-100-p\/#primaryimage"},"thumbnailUrl":"https:\/\/xenonkungen.com\/wp-content\/uploads\/2026\/02\/WAGO-5-x-AWG-24-25-221415-XK259548-Org-PNNG.png","datePublished":"2026-02-19T15:17:42+00:00","dateModified":"2026-04-10T22:53:13+00:00","breadcrumb":{"@id":"https:\/\/xenonkungen.com\/produkt\/wago-221-415-splicing-connector-with-levers-5-conductor-100-p\/#breadcrumb"},"inLanguage":"es","potentialAction":[{"@type":"ReadAction","target":["https:\/\/xenonkungen.com\/produkt\/wago-221-415-splicing-connector-with-levers-5-conductor-100-p\/"]}]},{"@type":"ImageObject","inLanguage":"es","@id":"https:\/\/xenonkungen.com\/produkt\/wago-221-415-splicing-connector-with-levers-5-conductor-100-p\/#primaryimage","url":"https:\/\/xenonkungen.com\/wp-content\/uploads\/2026\/02\/WAGO-5-x-AWG-24-25-221415-XK259548-Org-PNNG.png","contentUrl":"https:\/\/xenonkungen.com\/wp-content\/uploads\/2026\/02\/WAGO-5-x-AWG-24-25-221415-XK259548-Org-PNNG.png","width":2000,"height":982},{"@type":"BreadcrumbList","@id":"https:\/\/xenonkungen.com\/produkt\/wago-221-415-splicing-connector-with-levers-5-conductor-100-p\/#breadcrumb","itemListElement":[{"@type":"ListItem","position":1,"name":"Hem","item":"https:\/\/xenonkungen.com\/"},{"@type":"ListItem","position":2,"name":"Shop","item":"https:\/\/xenonkungen.com\/shop\/"},{"@type":"ListItem","position":3,"name":"Wago 221-415 Splicing connector with levers | 5-conductor 100-P"}]},{"@type":"WebSite","@id":"https:\/\/xenonkungen.com\/#website","url":"https:\/\/xenonkungen.com\/","name":"Xenonkungen","description":"","potentialAction":[{"@type":"SearchAction","target":{"@type":"EntryPoint","urlTemplate":"https:\/\/xenonkungen.com\/?s={search_term_string}"},"query-input":{"@type":"PropertyValueSpecification","valueRequired":true,"valueName":"search_term_string"}}],"inLanguage":"es"}]}},"taxonomy_info":{"product_brand":[{"value":2883,"label":"Wago"}],"product_cat":[{"value":390,"label":"Installation"}]},"featured_image_src_large":["https:\/\/xenonkungen.com\/wp-content\/uploads\/2026\/02\/WAGO-5-x-AWG-24-25-221415-XK259548-Org-PNNG-1024x503.png",1024,503,true],"author_info":[],"comment_info":0,"_links":{"self":[{"href":"https:\/\/xenonkungen.com\/es\/wp-json\/wp\/v2\/product\/26467","targetHints":{"allow":["GET"]}}],"collection":[{"href":"https:\/\/xenonkungen.com\/es\/wp-json\/wp\/v2\/product"}],"about":[{"href":"https:\/\/xenonkungen.com\/es\/wp-json\/wp\/v2\/types\/product"}],"replies":[{"embeddable":true,"href":"https:\/\/xenonkungen.com\/es\/wp-json\/wp\/v2\/comments?post=26467"}],"wp:featuredmedia":[{"embeddable":true,"href":"https:\/\/xenonkungen.com\/es\/wp-json\/wp\/v2\/media\/26434"}],"wp:attachment":[{"href":"https:\/\/xenonkungen.com\/es\/wp-json\/wp\/v2\/media?parent=26467"}],"wp:term":[{"taxonomy":"anvandningsomrade","embeddable":true,"href":"https:\/\/xenonkungen.com\/es\/wp-json\/wp\/v2\/anvandningsomrade?post=26467"},{"taxonomy":"bilmarken","embeddable":true,"href":"https:\/\/xenonkungen.com\/es\/wp-json\/wp\/v2\/bilmarken?post=26467"},{"taxonomy":"product_brand","embeddable":true,"href":"https:\/\/xenonkungen.com\/es\/wp-json\/wp\/v2\/product_brand?post=26467"},{"taxonomy":"product_cat","embeddable":true,"href":"https:\/\/xenonkungen.com\/es\/wp-json\/wp\/v2\/product_cat?post=26467"},{"taxonomy":"product_tag","embeddable":true,"href":"https:\/\/xenonkungen.com\/es\/wp-json\/wp\/v2\/product_tag?post=26467"}],"curies":[{"name":"wp","href":"https:\/\/api.w.org\/{rel}","templated":true}]}}