{"id":26758,"date":"2026-02-25T13:14:50","date_gmt":"2026-02-25T12:14:50","guid":{"rendered":"https:\/\/xenonkungen.com\/?post_type=product&#038;p=26758"},"modified":"2026-04-11T00:34:47","modified_gmt":"2026-04-10T23:34:47","slug":"luz-de-posicion-lateral-led-flexible-izquierda-12-24-v-led-luces-automaticas","status":"publish","type":"product","link":"https:\/\/xenonkungen.com\/es\/producto\/luz-de-posicion-lateral-led-flexible-izquierda-12-24-v-led-luces-automaticas\/","title":{"rendered":"Luz de posici\u00f3n lateral LED flexible izquierda 12\/24 V, luces LED autom\u00e1ticas"},"content":{"rendered":"<h2 data-start=\"675\" data-end=\"743\">Marcado LED flexible y resistente a impactos para uso profesional<\/h2>\n<p data-start=\"745\" data-end=\"1057\">Esta luz de posici\u00f3n izquierda es un dise\u00f1o exclusivo de LED Autolamps y combina la moderna tecnolog\u00eda LED con una construcci\u00f3n flexible y muy duradera. Su cuerpo de goma blanda la hace especialmente resistente a golpes, vibraciones y colisiones, ideal para veh\u00edculos utilizados en entornos exigentes.<\/p>\n<p data-start=\"1059\" data-end=\"1237\">La l\u00e1mpara funciona como luz de posici\u00f3n delantera y trasera y proporciona una visibilidad clara en el tr\u00e1fico. Cuenta con la homologaci\u00f3n ECE y cumple con los requisitos actuales para su uso en carretera.<\/p>\n<h2 data-start=\"1239\" data-end=\"1280\">Completamente impermeable y adecuado para 12\/24 V.<\/h2>\n<p data-start=\"1282\" data-end=\"1533\">Con clasificaci\u00f3n IP67, la l\u00e1mpara es completamente resistente al polvo y al agua, lo que garantiza una larga vida \u00fatil incluso en condiciones clim\u00e1ticas adversas. Es multivoltaje (12\/24 V), lo que la hace compatible con turismos, remolques, camiones y otros veh\u00edculos pesados.<\/p>\n<p data-start=\"1535\" data-end=\"1670\">El consumo de energ\u00eda es bajo (solo 0,05 A tanto a 13,8 V como a 28 V), lo que proporciona un funcionamiento energ\u00e9ticamente eficiente sin sobrecargar innecesariamente el sistema el\u00e9ctrico.<\/p>\n<h2 data-start=\"1672\" data-end=\"1703\">Dise\u00f1o y aplicaci\u00f3n<\/h2>\n<p data-start=\"1705\" data-end=\"1956\">Su dise\u00f1o compacto (183 x 131 x 52 mm) facilita su instalaci\u00f3n e integraci\u00f3n en el lateral del veh\u00edculo. Su construcci\u00f3n robusta, bajo consumo de energ\u00eda y larga vida \u00fatil lo convierten en una opci\u00f3n segura tanto para uso comercial como privado.<\/p>\n<p data-start=\"1958\" data-end=\"2015\">El producto viene con una garant\u00eda de 5 a\u00f1os para mayor tranquilidad.<\/p>","protected":false},"excerpt":{"rendered":"<p>Luz de posici\u00f3n lateral flexible y totalmente impermeable para el lado izquierdo. Homologada por la ECE, multivoltaje de 12\/24 V y con estructura de goma resistente a impactos, ideal para camiones, remolques y veh\u00edculos de transporte.<\/p>","protected":false},"featured_media":26760,"comment_status":"open","ping_status":"closed","template":"","meta":{"_acf_changed":false,"_smort_price_nok":"310","_smort_price_dkk":"","_smort_price_eur":"","_smort_sale_price_nok":"","_smort_sale_price_dkk":"","_smort_sale_price_eur":"","smort_restorder":"","shipmondo_restorder":"","_kad_blocks_custom_css":"","_kad_blocks_head_custom_js":"","_kad_blocks_body_custom_js":"","_kad_blocks_footer_custom_js":"","smort_custom_pricelist_1":"185.6","smort_custom_pricelist_2":"185.6","smort_custom_pricelist_3":"185.6","smort_custom_pricelist_4":"232","smort_custom_pricelist_5":"185.6"},"anvandningsomrade":[],"bilmarken":[],"product_brand":[1252,99],"product_cat":[2815,2478],"product_tag":[],"class_list":{"0":"post-26758","1":"product","2":"type-product","3":"status-publish","4":"has-post-thumbnail","6":"product_brand-lea","7":"product_brand-led-autolamps","8":"product_cat-armlampa","9":"product_cat-positionsljus-slap","10":"pa_fuktskydd-varde-ipxx-ip67","11":"pa_godkannande-ece","12":"pa_storlek-mm-183x131x52","13":"pa_stromforbrukning-005a-138v","14":"pa_stromforbrukning-005a-28v","15":"pa_volt-v-159","16":"pa_volt-v-160","18":"first","19":"instock","20":"taxable","21":"shipping-taxable","22":"purchasable","23":"product-type-simple"},"bundled_by":[],"bundle_stock_status":"instock","bundle_stock_quantity":1,"bundle_virtual":false,"bundle_layout":"","bundle_add_to_cart_form_location":"","bundle_editable_in_cart":false,"bundle_sold_individually_context":"","bundle_item_grouping":"","bundle_min_size":"","bundle_max_size":"","bundle_price":[],"bundled_items":[],"bundle_sell_ids":[],"acf":[],"yoast_head":"<!-- This site is optimized with the Yoast SEO plugin v27.0 - https:\/\/yoast.com\/product\/yoast-seo-wordpress\/ -->\n<title>Sidomarkeringsljus LED Flexibel V\u00e4nster 12\/24V, LED Autolamps - Xenonkungen Sidomarkeringsljus LED Flexibel V\u00e4nster 12\/24V - Xenonkungen<\/title>\n<meta name=\"description\" content=\"K\u00f6p Sidomarkeringsljus LED Flexibel V\u00e4nster 12\/24V. ECE-godk\u00e4nd, IP67 och 5 \u00e5rs garanti. Snabb leverans. \u00d6ppet k\u00f6p 30 dagar. Handla enkelt p\u00e5 xenonkungen.com!\" \/>\n<meta name=\"robots\" content=\"index, follow, max-snippet:-1, max-image-preview:large, max-video-preview:-1\" \/>\n<link rel=\"canonical\" href=\"https:\/\/xenonkungen.com\/es\/producto\/luz-de-posicion-lateral-led-flexible-izquierda-12-24-v-led-luces-automaticas\/\" \/>\n<meta property=\"og:locale\" content=\"es_ES\" \/>\n<meta property=\"og:type\" content=\"article\" \/>\n<meta property=\"og:title\" content=\"Sidomarkeringsljus LED Flexibel V\u00e4nster 12\/24V, LED Autolamps - Xenonkungen Sidomarkeringsljus LED Flexibel V\u00e4nster 12\/24V - Xenonkungen\" \/>\n<meta property=\"og:description\" content=\"K\u00f6p Sidomarkeringsljus LED Flexibel V\u00e4nster 12\/24V. ECE-godk\u00e4nd, IP67 och 5 \u00e5rs garanti. Snabb leverans. \u00d6ppet k\u00f6p 30 dagar. Handla enkelt p\u00e5 xenonkungen.com!\" \/>\n<meta property=\"og:url\" content=\"https:\/\/xenonkungen.com\/es\/producto\/luz-de-posicion-lateral-led-flexible-izquierda-12-24-v-led-luces-automaticas\/\" \/>\n<meta property=\"og:site_name\" content=\"Xenonkungen\" \/>\n<meta property=\"article:modified_time\" content=\"2026-04-10T23:34:47+00:00\" \/>\n<meta property=\"og:image\" content=\"https:\/\/xenonkungen.com\/wp-content\/uploads\/2026\/02\/1006LE-800x800-1.jpg\" \/>\n\t<meta property=\"og:image:width\" content=\"800\" \/>\n\t<meta property=\"og:image:height\" content=\"800\" \/>\n\t<meta property=\"og:image:type\" content=\"image\/jpeg\" \/>\n<meta name=\"twitter:card\" content=\"summary_large_image\" \/>\n<meta name=\"twitter:label1\" content=\"Tiempo de lectura\" \/>\n\t<meta name=\"twitter:data1\" content=\"2 minutos\" \/>\n<script type=\"application\/ld+json\" class=\"yoast-schema-graph\">{\"@context\":\"https:\/\/schema.org\",\"@graph\":[{\"@type\":\"WebPage\",\"@id\":\"https:\/\/xenonkungen.com\/produkt\/sidomarkeringsljus-led-flexibel-vanster-12-24v-led-autolamps\/\",\"url\":\"https:\/\/xenonkungen.com\/produkt\/sidomarkeringsljus-led-flexibel-vanster-12-24v-led-autolamps\/\",\"name\":\"Sidomarkeringsljus LED Flexibel V\u00e4nster 12\/24V, LED Autolamps - Xenonkungen Sidomarkeringsljus LED Flexibel V\u00e4nster 12\/24V - Xenonkungen\",\"isPartOf\":{\"@id\":\"https:\/\/xenonkungen.com\/#website\"},\"primaryImageOfPage\":{\"@id\":\"https:\/\/xenonkungen.com\/produkt\/sidomarkeringsljus-led-flexibel-vanster-12-24v-led-autolamps\/#primaryimage\"},\"image\":{\"@id\":\"https:\/\/xenonkungen.com\/produkt\/sidomarkeringsljus-led-flexibel-vanster-12-24v-led-autolamps\/#primaryimage\"},\"thumbnailUrl\":\"https:\/\/xenonkungen.com\/wp-content\/uploads\/2026\/02\/1006LE-800x800-1.jpg\",\"datePublished\":\"2026-02-25T12:14:50+00:00\",\"dateModified\":\"2026-04-10T23:34:47+00:00\",\"description\":\"K\u00f6p Sidomarkeringsljus LED Flexibel V\u00e4nster 12\/24V. ECE-godk\u00e4nd, IP67 och 5 \u00e5rs garanti. Snabb leverans. \u00d6ppet k\u00f6p 30 dagar. Handla enkelt p\u00e5 xenonkungen.com!\",\"breadcrumb\":{\"@id\":\"https:\/\/xenonkungen.com\/produkt\/sidomarkeringsljus-led-flexibel-vanster-12-24v-led-autolamps\/#breadcrumb\"},\"inLanguage\":\"es\",\"potentialAction\":[{\"@type\":\"ReadAction\",\"target\":[\"https:\/\/xenonkungen.com\/produkt\/sidomarkeringsljus-led-flexibel-vanster-12-24v-led-autolamps\/\"]}]},{\"@type\":\"ImageObject\",\"inLanguage\":\"es\",\"@id\":\"https:\/\/xenonkungen.com\/produkt\/sidomarkeringsljus-led-flexibel-vanster-12-24v-led-autolamps\/#primaryimage\",\"url\":\"https:\/\/xenonkungen.com\/wp-content\/uploads\/2026\/02\/1006LE-800x800-1.jpg\",\"contentUrl\":\"https:\/\/xenonkungen.com\/wp-content\/uploads\/2026\/02\/1006LE-800x800-1.jpg\",\"width\":800,\"height\":800},{\"@type\":\"BreadcrumbList\",\"@id\":\"https:\/\/xenonkungen.com\/produkt\/sidomarkeringsljus-led-flexibel-vanster-12-24v-led-autolamps\/#breadcrumb\",\"itemListElement\":[{\"@type\":\"ListItem\",\"position\":1,\"name\":\"Hem\",\"item\":\"https:\/\/xenonkungen.com\/\"},{\"@type\":\"ListItem\",\"position\":2,\"name\":\"Shop\",\"item\":\"https:\/\/xenonkungen.com\/shop\/\"},{\"@type\":\"ListItem\",\"position\":3,\"name\":\"Sidomarkeringsljus LED Flexibel V\u00e4nster 12\/24V, LED Autolamps\"}]},{\"@type\":\"WebSite\",\"@id\":\"https:\/\/xenonkungen.com\/#website\",\"url\":\"https:\/\/xenonkungen.com\/\",\"name\":\"Xenonkungen\",\"description\":\"\",\"potentialAction\":[{\"@type\":\"SearchAction\",\"target\":{\"@type\":\"EntryPoint\",\"urlTemplate\":\"https:\/\/xenonkungen.com\/?s={search_term_string}\"},\"query-input\":{\"@type\":\"PropertyValueSpecification\",\"valueRequired\":true,\"valueName\":\"search_term_string\"}}],\"inLanguage\":\"es\"}]}<\/script>\n<!-- \/ Yoast SEO plugin. -->","yoast_head_json":{"title":"Luz de posici\u00f3n lateral LED flexible izquierda 12\/24 V, luces LED autom\u00e1ticas - Xenonkungen Luz de posici\u00f3n lateral LED flexible izquierda 12\/24 V - Xenonkungen","description":"Compra la luz de posici\u00f3n lateral LED flexible izquierda de 12\/24 V. Certificaci\u00f3n ECE, IP67 y 5 a\u00f1os de garant\u00eda. Entrega r\u00e1pida. Compra abierta durante 30 d\u00edas. \u00a1Compra f\u00e1cilmente en xenonkungen.com!","robots":{"index":"index","follow":"follow","max-snippet":"max-snippet:-1","max-image-preview":"max-image-preview:large","max-video-preview":"max-video-preview:-1"},"canonical":"https:\/\/xenonkungen.com\/es\/producto\/luz-de-posicion-lateral-led-flexible-izquierda-12-24-v-led-luces-automaticas\/","og_locale":"es_ES","og_type":"article","og_title":"Sidomarkeringsljus LED Flexibel V\u00e4nster 12\/24V, LED Autolamps - Xenonkungen Sidomarkeringsljus LED Flexibel V\u00e4nster 12\/24V - Xenonkungen","og_description":"K\u00f6p Sidomarkeringsljus LED Flexibel V\u00e4nster 12\/24V. ECE-godk\u00e4nd, IP67 och 5 \u00e5rs garanti. Snabb leverans. \u00d6ppet k\u00f6p 30 dagar. Handla enkelt p\u00e5 xenonkungen.com!","og_url":"https:\/\/xenonkungen.com\/es\/producto\/luz-de-posicion-lateral-led-flexible-izquierda-12-24-v-led-luces-automaticas\/","og_site_name":"Xenonkungen","article_modified_time":"2026-04-10T23:34:47+00:00","og_image":[{"width":800,"height":800,"url":"https:\/\/xenonkungen.com\/wp-content\/uploads\/2026\/02\/1006LE-800x800-1.jpg","type":"image\/jpeg"}],"twitter_card":"summary_large_image","twitter_misc":{"Tiempo de lectura":"2 minutos"},"schema":{"@context":"https:\/\/schema.org","@graph":[{"@type":"WebPage","@id":"https:\/\/xenonkungen.com\/produkt\/sidomarkeringsljus-led-flexibel-vanster-12-24v-led-autolamps\/","url":"https:\/\/xenonkungen.com\/produkt\/sidomarkeringsljus-led-flexibel-vanster-12-24v-led-autolamps\/","name":"Luz de posici\u00f3n lateral LED flexible izquierda 12\/24 V, luces LED autom\u00e1ticas - Xenonkungen Luz de posici\u00f3n lateral LED flexible izquierda 12\/24 V - Xenonkungen","isPartOf":{"@id":"https:\/\/xenonkungen.com\/#website"},"primaryImageOfPage":{"@id":"https:\/\/xenonkungen.com\/produkt\/sidomarkeringsljus-led-flexibel-vanster-12-24v-led-autolamps\/#primaryimage"},"image":{"@id":"https:\/\/xenonkungen.com\/produkt\/sidomarkeringsljus-led-flexibel-vanster-12-24v-led-autolamps\/#primaryimage"},"thumbnailUrl":"https:\/\/xenonkungen.com\/wp-content\/uploads\/2026\/02\/1006LE-800x800-1.jpg","datePublished":"2026-02-25T12:14:50+00:00","dateModified":"2026-04-10T23:34:47+00:00","description":"Compra la luz de posici\u00f3n lateral LED flexible izquierda de 12\/24 V. Certificaci\u00f3n ECE, IP67 y 5 a\u00f1os de garant\u00eda. Entrega r\u00e1pida. Compra abierta durante 30 d\u00edas. \u00a1Compra f\u00e1cilmente en xenonkungen.com!","breadcrumb":{"@id":"https:\/\/xenonkungen.com\/produkt\/sidomarkeringsljus-led-flexibel-vanster-12-24v-led-autolamps\/#breadcrumb"},"inLanguage":"es","potentialAction":[{"@type":"ReadAction","target":["https:\/\/xenonkungen.com\/produkt\/sidomarkeringsljus-led-flexibel-vanster-12-24v-led-autolamps\/"]}]},{"@type":"ImageObject","inLanguage":"es","@id":"https:\/\/xenonkungen.com\/produkt\/sidomarkeringsljus-led-flexibel-vanster-12-24v-led-autolamps\/#primaryimage","url":"https:\/\/xenonkungen.com\/wp-content\/uploads\/2026\/02\/1006LE-800x800-1.jpg","contentUrl":"https:\/\/xenonkungen.com\/wp-content\/uploads\/2026\/02\/1006LE-800x800-1.jpg","width":800,"height":800},{"@type":"BreadcrumbList","@id":"https:\/\/xenonkungen.com\/produkt\/sidomarkeringsljus-led-flexibel-vanster-12-24v-led-autolamps\/#breadcrumb","itemListElement":[{"@type":"ListItem","position":1,"name":"Hem","item":"https:\/\/xenonkungen.com\/"},{"@type":"ListItem","position":2,"name":"Shop","item":"https:\/\/xenonkungen.com\/shop\/"},{"@type":"ListItem","position":3,"name":"Sidomarkeringsljus LED Flexibel V\u00e4nster 12\/24V, LED Autolamps"}]},{"@type":"WebSite","@id":"https:\/\/xenonkungen.com\/#website","url":"https:\/\/xenonkungen.com\/","name":"Xenonkungen","description":"","potentialAction":[{"@type":"SearchAction","target":{"@type":"EntryPoint","urlTemplate":"https:\/\/xenonkungen.com\/?s={search_term_string}"},"query-input":{"@type":"PropertyValueSpecification","valueRequired":true,"valueName":"search_term_string"}}],"inLanguage":"es"}]}},"taxonomy_info":{"product_brand":[{"value":1252,"label":"LEA"},{"value":99,"label":"LED Autolamps"}],"product_cat":[{"value":2815,"label":"Armlampa"},{"value":2478,"label":"Positionsljus"}],"pa_fuktskydd-varde-ipxx":[{"value":333,"label":"IP67"}],"pa_godkannande":[{"value":192,"label":"ECE"}],"pa_storlek-mm":[{"value":2889,"label":"183x131x52"}],"pa_stromforbrukning":[{"value":1877,"label":"0,05A @13,8V"},{"value":1881,"label":"0,05A @28V"}],"pa_volt-v":[{"value":159,"label":"12"},{"value":160,"label":"24"}]},"featured_image_src_large":["https:\/\/xenonkungen.com\/wp-content\/uploads\/2026\/02\/1006LE-800x800-1.jpg",800,800,false],"author_info":[],"comment_info":0,"_links":{"self":[{"href":"https:\/\/xenonkungen.com\/es\/wp-json\/wp\/v2\/product\/26758","targetHints":{"allow":["GET"]}}],"collection":[{"href":"https:\/\/xenonkungen.com\/es\/wp-json\/wp\/v2\/product"}],"about":[{"href":"https:\/\/xenonkungen.com\/es\/wp-json\/wp\/v2\/types\/product"}],"replies":[{"embeddable":true,"href":"https:\/\/xenonkungen.com\/es\/wp-json\/wp\/v2\/comments?post=26758"}],"wp:featuredmedia":[{"embeddable":true,"href":"https:\/\/xenonkungen.com\/es\/wp-json\/wp\/v2\/media\/26760"}],"wp:attachment":[{"href":"https:\/\/xenonkungen.com\/es\/wp-json\/wp\/v2\/media?parent=26758"}],"wp:term":[{"taxonomy":"anvandningsomrade","embeddable":true,"href":"https:\/\/xenonkungen.com\/es\/wp-json\/wp\/v2\/anvandningsomrade?post=26758"},{"taxonomy":"bilmarken","embeddable":true,"href":"https:\/\/xenonkungen.com\/es\/wp-json\/wp\/v2\/bilmarken?post=26758"},{"taxonomy":"product_brand","embeddable":true,"href":"https:\/\/xenonkungen.com\/es\/wp-json\/wp\/v2\/product_brand?post=26758"},{"taxonomy":"product_cat","embeddable":true,"href":"https:\/\/xenonkungen.com\/es\/wp-json\/wp\/v2\/product_cat?post=26758"},{"taxonomy":"product_tag","embeddable":true,"href":"https:\/\/xenonkungen.com\/es\/wp-json\/wp\/v2\/product_tag?post=26758"}],"curies":[{"name":"wp","href":"https:\/\/api.w.org\/{rel}","templated":true}]}}