{"id":27029,"date":"2026-03-02T11:16:58","date_gmt":"2026-03-02T10:16:58","guid":{"rendered":"https:\/\/xenonkungen.com\/?post_type=product&#038;p=27029"},"modified":"2026-04-11T01:21:35","modified_gmt":"2026-04-11T00:21:35","slug":"lampara-de-senalizacion-2721mf-12v-1w-b8-5d-osram-original","status":"publish","type":"product","link":"https:\/\/xenonkungen.com\/es\/producto\/lampara-de-senalizacion-2721mf-12v-1w-b8-5d-osram-original\/","title":{"rendered":"L\u00e1mpara de se\u00f1alizaci\u00f3n 2721MF 12V 1W B8.5d, OSRAM ORIGINAL"},"content":{"rendered":"<h2 data-start=\"641\" data-end=\"693\">Calidad OEM para iluminaci\u00f3n de instrumentos y control<\/h2>\n<p data-start=\"695\" data-end=\"947\">La OSRAM ORIGINAL 2721MF es una l\u00e1mpara de se\u00f1alizaci\u00f3n fiable para montaje en placa de circuito impreso (PCB) y se utiliza principalmente para la iluminaci\u00f3n de instrumentos y controles en veh\u00edculos. Con una calidad OEM comprobada y un rendimiento estable, es una opci\u00f3n econ\u00f3mica para servicio y reparaci\u00f3n.<\/p>\n<p data-start=\"949\" data-end=\"1183\">La l\u00e1mpara ofrece un flujo luminoso de 6,4 l\u00famenes y es apta para sistemas de 12 V con una potencia nominal de 1 W. Su dise\u00f1o compacto la hace ideal para su uso en tableros y unidades de control donde un ajuste preciso es esencial.<\/p>\n<h2 data-start=\"1185\" data-end=\"1214\">Adaptado para montaje en PCB<\/h2>\n<p data-start=\"1216\" data-end=\"1417\">Con una base B8.5d y un di\u00e1metro de 5 mm, la l\u00e1mpara est\u00e1 dise\u00f1ada para su montaje en placas de circuito impreso con un grosor de PCB de 1,6 mm. La base negra garantiza un ajuste correcto y una instalaci\u00f3n segura en soportes compatibles.<\/p>\n<p data-start=\"1419\" data-end=\"1523\">La l\u00e1mpara tiene una tensi\u00f3n nominal de 12 V y una tensi\u00f3n de prueba de 13,5 V, con una tolerancia de \u00b110 % en el consumo de energ\u00eda.<\/p>\n<h2 data-start=\"1525\" data-end=\"1547\">Vida \u00fatil y funcionamiento<\/h2>\n<p data-start=\"1549\" data-end=\"1785\">OSRAM 2721MF ofrece una vida \u00fatil de hasta 2000 horas (Tc) y 500 horas (B3), lo que garantiza un funcionamiento seguro y estable en el sistema el\u00e9ctrico del veh\u00edculo. Est\u00e1 desarrollado con tecnolog\u00eda AUX y cumple con los m\u00e1s altos est\u00e1ndares de calidad y fiabilidad.<\/p>\n<p data-start=\"1787\" data-end=\"1879\">Una elecci\u00f3n obvia cuando busca piezas de repuesto originales con un funcionamiento seguro y un patr\u00f3n de luz correcto.<\/p>","protected":false},"excerpt":{"rendered":"<p>L\u00e1mpara de se\u00f1alizaci\u00f3n OEM rentable de OSRAM para iluminaci\u00f3n de instrumentos y control. 12 V, 1 W con base B8.5d y vida \u00fatil confiable para montaje en PCB.<\/p>","protected":false},"featured_media":27030,"comment_status":"open","ping_status":"closed","template":"","meta":{"_acf_changed":false,"_smort_price_nok":"12","_smort_price_dkk":"","_smort_price_eur":"","_smort_sale_price_nok":"","_smort_sale_price_dkk":"","_smort_sale_price_eur":"","smort_restorder":"","shipmondo_restorder":"","_kad_blocks_custom_css":"","_kad_blocks_head_custom_js":"","_kad_blocks_body_custom_js":"","_kad_blocks_footer_custom_js":"","smort_custom_pricelist_1":"7.04","smort_custom_pricelist_2":"6.16","smort_custom_pricelist_3":"5.72","smort_custom_pricelist_4":"8.8","smort_custom_pricelist_5":"6.16"},"anvandningsomrade":[],"bilmarken":[],"product_brand":[],"product_cat":[338],"product_tag":[],"class_list":{"0":"post-27029","1":"product","2":"type-product","3":"status-publish","4":"has-post-thumbnail","6":"product_cat-diodlampor","7":"pa_faktisk-effekts-forbrukning-1674","8":"pa_lampsockel-kontakt-b8-5d","9":"pa_volt-v-159","11":"first","12":"instock","13":"taxable","14":"shipping-taxable","15":"purchasable","16":"product-type-simple"},"bundled_by":[],"bundle_stock_status":"instock","bundle_stock_quantity":5,"bundle_virtual":false,"bundle_layout":"","bundle_add_to_cart_form_location":"","bundle_editable_in_cart":false,"bundle_sold_individually_context":"","bundle_item_grouping":"","bundle_min_size":"","bundle_max_size":"","bundle_price":[],"bundled_items":[],"bundle_sell_ids":[],"acf":[],"yoast_head":"<!-- This site is optimized with the Yoast SEO plugin v27.0 - https:\/\/yoast.com\/product\/yoast-seo-wordpress\/ -->\n<title>Signallampa 2721MF 12V 1W B8.5d, OSRAM ORIGINAL - Xenonkungen OSRAM ORIGINAL 2721MF 12V 1W B8.5d - Xenonkungen<\/title>\n<meta name=\"description\" content=\"K\u00f6p OSRAM ORIGINAL 2721MF 12V 1W med B8.5d-sockel f\u00f6r instrumentbelysning. OEM-kvalitet och p\u00e5litlig prestanda. Snabb leverans. \u00d6ppet k\u00f6p 30 dagar. Handla enkelt p\u00e5 xenonkungen.com!\" \/>\n<meta name=\"robots\" content=\"index, follow, max-snippet:-1, max-image-preview:large, max-video-preview:-1\" \/>\n<link rel=\"canonical\" href=\"https:\/\/xenonkungen.com\/es\/producto\/lampara-de-senalizacion-2721mf-12v-1w-b8-5d-osram-original\/\" \/>\n<meta property=\"og:locale\" content=\"es_ES\" \/>\n<meta property=\"og:type\" content=\"article\" \/>\n<meta property=\"og:title\" content=\"Signallampa 2721MF 12V 1W B8.5d, OSRAM ORIGINAL - Xenonkungen OSRAM ORIGINAL 2721MF 12V 1W B8.5d - Xenonkungen\" \/>\n<meta property=\"og:description\" content=\"K\u00f6p OSRAM ORIGINAL 2721MF 12V 1W med B8.5d-sockel f\u00f6r instrumentbelysning. OEM-kvalitet och p\u00e5litlig prestanda. Snabb leverans. \u00d6ppet k\u00f6p 30 dagar. Handla enkelt p\u00e5 xenonkungen.com!\" \/>\n<meta property=\"og:url\" content=\"https:\/\/xenonkungen.com\/es\/producto\/lampara-de-senalizacion-2721mf-12v-1w-b8-5d-osram-original\/\" \/>\n<meta property=\"og:site_name\" content=\"Xenonkungen\" \/>\n<meta property=\"article:modified_time\" content=\"2026-04-11T00:21:35+00:00\" \/>\n<meta property=\"og:image\" content=\"https:\/\/xenonkungen.com\/wp-content\/uploads\/2026\/03\/Small-for-web-and-ppt-344909_ORIGINAL-2721MF_90.jpg\" \/>\n\t<meta property=\"og:image:width\" content=\"1024\" \/>\n\t<meta property=\"og:image:height\" content=\"1243\" \/>\n\t<meta property=\"og:image:type\" content=\"image\/jpeg\" \/>\n<meta name=\"twitter:card\" content=\"summary_large_image\" \/>\n<meta name=\"twitter:label1\" content=\"Tiempo de lectura\" \/>\n\t<meta name=\"twitter:data1\" content=\"2 minutos\" \/>\n<script type=\"application\/ld+json\" class=\"yoast-schema-graph\">{\"@context\":\"https:\/\/schema.org\",\"@graph\":[{\"@type\":\"WebPage\",\"@id\":\"https:\/\/xenonkungen.com\/produkt\/signallampa-2721mf-12v-1w-b8-5d-osram-original\/\",\"url\":\"https:\/\/xenonkungen.com\/produkt\/signallampa-2721mf-12v-1w-b8-5d-osram-original\/\",\"name\":\"Signallampa 2721MF 12V 1W B8.5d, OSRAM ORIGINAL - Xenonkungen OSRAM ORIGINAL 2721MF 12V 1W B8.5d - Xenonkungen\",\"isPartOf\":{\"@id\":\"https:\/\/xenonkungen.com\/#website\"},\"primaryImageOfPage\":{\"@id\":\"https:\/\/xenonkungen.com\/produkt\/signallampa-2721mf-12v-1w-b8-5d-osram-original\/#primaryimage\"},\"image\":{\"@id\":\"https:\/\/xenonkungen.com\/produkt\/signallampa-2721mf-12v-1w-b8-5d-osram-original\/#primaryimage\"},\"thumbnailUrl\":\"https:\/\/xenonkungen.com\/wp-content\/uploads\/2026\/03\/Small-for-web-and-ppt-344909_ORIGINAL-2721MF_90.jpg\",\"datePublished\":\"2026-03-02T10:16:58+00:00\",\"dateModified\":\"2026-04-11T00:21:35+00:00\",\"description\":\"K\u00f6p OSRAM ORIGINAL 2721MF 12V 1W med B8.5d-sockel f\u00f6r instrumentbelysning. OEM-kvalitet och p\u00e5litlig prestanda. Snabb leverans. \u00d6ppet k\u00f6p 30 dagar. Handla enkelt p\u00e5 xenonkungen.com!\",\"breadcrumb\":{\"@id\":\"https:\/\/xenonkungen.com\/produkt\/signallampa-2721mf-12v-1w-b8-5d-osram-original\/#breadcrumb\"},\"inLanguage\":\"es\",\"potentialAction\":[{\"@type\":\"ReadAction\",\"target\":[\"https:\/\/xenonkungen.com\/produkt\/signallampa-2721mf-12v-1w-b8-5d-osram-original\/\"]}]},{\"@type\":\"ImageObject\",\"inLanguage\":\"es\",\"@id\":\"https:\/\/xenonkungen.com\/produkt\/signallampa-2721mf-12v-1w-b8-5d-osram-original\/#primaryimage\",\"url\":\"https:\/\/xenonkungen.com\/wp-content\/uploads\/2026\/03\/Small-for-web-and-ppt-344909_ORIGINAL-2721MF_90.jpg\",\"contentUrl\":\"https:\/\/xenonkungen.com\/wp-content\/uploads\/2026\/03\/Small-for-web-and-ppt-344909_ORIGINAL-2721MF_90.jpg\",\"width\":1024,\"height\":1243},{\"@type\":\"BreadcrumbList\",\"@id\":\"https:\/\/xenonkungen.com\/produkt\/signallampa-2721mf-12v-1w-b8-5d-osram-original\/#breadcrumb\",\"itemListElement\":[{\"@type\":\"ListItem\",\"position\":1,\"name\":\"Hem\",\"item\":\"https:\/\/xenonkungen.com\/\"},{\"@type\":\"ListItem\",\"position\":2,\"name\":\"Shop\",\"item\":\"https:\/\/xenonkungen.com\/shop\/\"},{\"@type\":\"ListItem\",\"position\":3,\"name\":\"Signallampa 2721MF 12V 1W B8.5d, OSRAM ORIGINAL\"}]},{\"@type\":\"WebSite\",\"@id\":\"https:\/\/xenonkungen.com\/#website\",\"url\":\"https:\/\/xenonkungen.com\/\",\"name\":\"Xenonkungen\",\"description\":\"\",\"potentialAction\":[{\"@type\":\"SearchAction\",\"target\":{\"@type\":\"EntryPoint\",\"urlTemplate\":\"https:\/\/xenonkungen.com\/?s={search_term_string}\"},\"query-input\":{\"@type\":\"PropertyValueSpecification\",\"valueRequired\":true,\"valueName\":\"search_term_string\"}}],\"inLanguage\":\"es\"}]}<\/script>\n<!-- \/ Yoast SEO plugin. -->","yoast_head_json":{"title":"L\u00e1mpara de se\u00f1alizaci\u00f3n 2721MF 12V 1W B8.5d, OSRAM ORIGINAL - El rey del xen\u00f3n OSRAM ORIGINAL 2721MF 12V 1W B8.5d - El rey del xen\u00f3n","description":"Compre OSRAM ORIGINAL 2721MF 12 V 1 W con casquillo B8.5d para iluminaci\u00f3n de instrumentos. Calidad OEM y rendimiento fiable. Entrega r\u00e1pida. Compra abierta durante 30 d\u00edas. \u00a1Compre f\u00e1cilmente en xenonkungen.com!","robots":{"index":"index","follow":"follow","max-snippet":"max-snippet:-1","max-image-preview":"max-image-preview:large","max-video-preview":"max-video-preview:-1"},"canonical":"https:\/\/xenonkungen.com\/es\/producto\/lampara-de-senalizacion-2721mf-12v-1w-b8-5d-osram-original\/","og_locale":"es_ES","og_type":"article","og_title":"Signallampa 2721MF 12V 1W B8.5d, OSRAM ORIGINAL - Xenonkungen OSRAM ORIGINAL 2721MF 12V 1W B8.5d - Xenonkungen","og_description":"K\u00f6p OSRAM ORIGINAL 2721MF 12V 1W med B8.5d-sockel f\u00f6r instrumentbelysning. OEM-kvalitet och p\u00e5litlig prestanda. Snabb leverans. \u00d6ppet k\u00f6p 30 dagar. Handla enkelt p\u00e5 xenonkungen.com!","og_url":"https:\/\/xenonkungen.com\/es\/producto\/lampara-de-senalizacion-2721mf-12v-1w-b8-5d-osram-original\/","og_site_name":"Xenonkungen","article_modified_time":"2026-04-11T00:21:35+00:00","og_image":[{"width":1024,"height":1243,"url":"https:\/\/xenonkungen.com\/wp-content\/uploads\/2026\/03\/Small-for-web-and-ppt-344909_ORIGINAL-2721MF_90.jpg","type":"image\/jpeg"}],"twitter_card":"summary_large_image","twitter_misc":{"Tiempo de lectura":"2 minutos"},"schema":{"@context":"https:\/\/schema.org","@graph":[{"@type":"WebPage","@id":"https:\/\/xenonkungen.com\/produkt\/signallampa-2721mf-12v-1w-b8-5d-osram-original\/","url":"https:\/\/xenonkungen.com\/produkt\/signallampa-2721mf-12v-1w-b8-5d-osram-original\/","name":"L\u00e1mpara de se\u00f1alizaci\u00f3n 2721MF 12V 1W B8.5d, OSRAM ORIGINAL - El rey del xen\u00f3n OSRAM ORIGINAL 2721MF 12V 1W B8.5d - El rey del xen\u00f3n","isPartOf":{"@id":"https:\/\/xenonkungen.com\/#website"},"primaryImageOfPage":{"@id":"https:\/\/xenonkungen.com\/produkt\/signallampa-2721mf-12v-1w-b8-5d-osram-original\/#primaryimage"},"image":{"@id":"https:\/\/xenonkungen.com\/produkt\/signallampa-2721mf-12v-1w-b8-5d-osram-original\/#primaryimage"},"thumbnailUrl":"https:\/\/xenonkungen.com\/wp-content\/uploads\/2026\/03\/Small-for-web-and-ppt-344909_ORIGINAL-2721MF_90.jpg","datePublished":"2026-03-02T10:16:58+00:00","dateModified":"2026-04-11T00:21:35+00:00","description":"Compre OSRAM ORIGINAL 2721MF 12 V 1 W con casquillo B8.5d para iluminaci\u00f3n de instrumentos. Calidad OEM y rendimiento fiable. Entrega r\u00e1pida. Compra abierta durante 30 d\u00edas. \u00a1Compre f\u00e1cilmente en xenonkungen.com!","breadcrumb":{"@id":"https:\/\/xenonkungen.com\/produkt\/signallampa-2721mf-12v-1w-b8-5d-osram-original\/#breadcrumb"},"inLanguage":"es","potentialAction":[{"@type":"ReadAction","target":["https:\/\/xenonkungen.com\/produkt\/signallampa-2721mf-12v-1w-b8-5d-osram-original\/"]}]},{"@type":"ImageObject","inLanguage":"es","@id":"https:\/\/xenonkungen.com\/produkt\/signallampa-2721mf-12v-1w-b8-5d-osram-original\/#primaryimage","url":"https:\/\/xenonkungen.com\/wp-content\/uploads\/2026\/03\/Small-for-web-and-ppt-344909_ORIGINAL-2721MF_90.jpg","contentUrl":"https:\/\/xenonkungen.com\/wp-content\/uploads\/2026\/03\/Small-for-web-and-ppt-344909_ORIGINAL-2721MF_90.jpg","width":1024,"height":1243},{"@type":"BreadcrumbList","@id":"https:\/\/xenonkungen.com\/produkt\/signallampa-2721mf-12v-1w-b8-5d-osram-original\/#breadcrumb","itemListElement":[{"@type":"ListItem","position":1,"name":"Hem","item":"https:\/\/xenonkungen.com\/"},{"@type":"ListItem","position":2,"name":"Shop","item":"https:\/\/xenonkungen.com\/shop\/"},{"@type":"ListItem","position":3,"name":"Signallampa 2721MF 12V 1W B8.5d, OSRAM ORIGINAL"}]},{"@type":"WebSite","@id":"https:\/\/xenonkungen.com\/#website","url":"https:\/\/xenonkungen.com\/","name":"Xenonkungen","description":"","potentialAction":[{"@type":"SearchAction","target":{"@type":"EntryPoint","urlTemplate":"https:\/\/xenonkungen.com\/?s={search_term_string}"},"query-input":{"@type":"PropertyValueSpecification","valueRequired":true,"valueName":"search_term_string"}}],"inLanguage":"es"}]}},"taxonomy_info":{"product_cat":[{"value":338,"label":"Diodlampor"}],"pa_faktisk-effekts-forbrukning":[{"value":1674,"label":"1"}],"pa_lampsockel-kontakt":[{"value":2890,"label":"B8.5d"}],"pa_volt-v":[{"value":159,"label":"12"}]},"featured_image_src_large":["https:\/\/xenonkungen.com\/wp-content\/uploads\/2026\/03\/Small-for-web-and-ppt-344909_ORIGINAL-2721MF_90-844x1024.jpg",844,1024,true],"author_info":[],"comment_info":0,"_links":{"self":[{"href":"https:\/\/xenonkungen.com\/es\/wp-json\/wp\/v2\/product\/27029","targetHints":{"allow":["GET"]}}],"collection":[{"href":"https:\/\/xenonkungen.com\/es\/wp-json\/wp\/v2\/product"}],"about":[{"href":"https:\/\/xenonkungen.com\/es\/wp-json\/wp\/v2\/types\/product"}],"replies":[{"embeddable":true,"href":"https:\/\/xenonkungen.com\/es\/wp-json\/wp\/v2\/comments?post=27029"}],"wp:featuredmedia":[{"embeddable":true,"href":"https:\/\/xenonkungen.com\/es\/wp-json\/wp\/v2\/media\/27030"}],"wp:attachment":[{"href":"https:\/\/xenonkungen.com\/es\/wp-json\/wp\/v2\/media?parent=27029"}],"wp:term":[{"taxonomy":"anvandningsomrade","embeddable":true,"href":"https:\/\/xenonkungen.com\/es\/wp-json\/wp\/v2\/anvandningsomrade?post=27029"},{"taxonomy":"bilmarken","embeddable":true,"href":"https:\/\/xenonkungen.com\/es\/wp-json\/wp\/v2\/bilmarken?post=27029"},{"taxonomy":"product_brand","embeddable":true,"href":"https:\/\/xenonkungen.com\/es\/wp-json\/wp\/v2\/product_brand?post=27029"},{"taxonomy":"product_cat","embeddable":true,"href":"https:\/\/xenonkungen.com\/es\/wp-json\/wp\/v2\/product_cat?post=27029"},{"taxonomy":"product_tag","embeddable":true,"href":"https:\/\/xenonkungen.com\/es\/wp-json\/wp\/v2\/product_tag?post=27029"}],"curies":[{"name":"wp","href":"https:\/\/api.w.org\/{rel}","templated":true}]}}