{"id":27187,"date":"2026-03-05T13:57:49","date_gmt":"2026-03-05T12:57:49","guid":{"rendered":"https:\/\/xenonkungen.com\/?post_type=product&#038;p=27187"},"modified":"2026-04-26T03:14:33","modified_gmt":"2026-04-26T02:14:33","slug":"dongle-de-unidad-de-alimentacion-luxtar-master-slave-x1-xbb","status":"publish","type":"product","link":"https:\/\/xenonkungen.com\/es\/producto\/dongle-de-unidad-de-alimentacion-luxtar-master-slave-x1-xbb\/","title":{"rendered":"Luxtar Master &amp; Slave x1 + Unidad de alimentaci\u00f3n XBB y Dongle"},"content":{"rendered":"<h2 data-start=\"586\" data-end=\"618\">Control de iluminaci\u00f3n inteligente mediante OBD-II<\/h2>\n<p data-start=\"620\" data-end=\"866\">Este paquete combina el adaptador OBD-II XBB y la unidad de alimentaci\u00f3n XBB con el avanzado kit de cables de rel\u00e9 (Maestro y Esclavo x1) de Luxtar. Esta soluci\u00f3n permite controlar luces auxiliares, luces de trabajo LED y luces de marcha atr\u00e1s de forma inal\u00e1mbrica a trav\u00e9s de la toma OBD del veh\u00edculo y la app XBB.<\/p>\n<p data-start=\"868\" data-end=\"1119\">La instalaci\u00f3n se realiza sin conexi\u00f3n a la se\u00f1al de luz de carretera del veh\u00edculo, lo que hace que el sistema sea ideal para veh\u00edculos modernos con bus CAN. El adaptador lee las se\u00f1ales del veh\u00edculo directamente a trav\u00e9s de la toma OBD y las env\u00eda inal\u00e1mbricamente al rel\u00e9 de la PowerUnit que controla la iluminaci\u00f3n.<\/p>\n<p data-start=\"1121\" data-end=\"1216\">El sistema funciona tanto con 12 V como con 24 V y puede controlar hasta cuatro PowerUnits desde el mismo dispositivo.<\/p>\n<h2 data-start=\"1218\" data-end=\"1252\">Maestro y esclavo x1 \u2013 para alta potencia<\/h2>\n<p data-start=\"1254\" data-end=\"1432\">Para luces auxiliares potentes, un rel\u00e9 est\u00e1ndar no suele ser suficiente. Por ello, el kit de cables de rel\u00e9 Luxtar (maestro y esclavo) est\u00e1 equipado con un potente rel\u00e9 esclavo de 80 A, controlado mediante la unidad de alimentaci\u00f3n XBB.<\/p>\n<p data-start=\"1434\" data-end=\"1535\">Esto permite instalar una iluminaci\u00f3n significativamente m\u00e1s fuerte que la que puede soportar un rel\u00e9 XBB est\u00e1ndar.<\/p>\n<p data-start=\"1537\" data-end=\"1583\">El sistema permite, por ejemplo, la instalaci\u00f3n de:<\/p>\n<ul data-start=\"1585\" data-end=\"1664\">\n<li data-start=\"1585\" data-end=\"1623\">\n<p data-start=\"1587\" data-end=\"1623\">arriba a <strong data-start=\"1596\" data-end=\"1621\">40A \/ 500W (1 salida)<\/strong><\/p>\n<\/li>\n<li data-start=\"1624\" data-end=\"1664\">\n<p data-start=\"1626\" data-end=\"1664\">arriba a <strong data-start=\"1635\" data-end=\"1662\">60A \/ 750W (4 salidas)<\/strong><\/p>\n<\/li>\n<\/ul>\n<p data-start=\"1666\" data-end=\"1780\">El resultado es una instalaci\u00f3n estable, segura y con garant\u00eda de futuro incluso para rampas LED y luces auxiliares muy potentes.<\/p>\n<h2 data-start=\"1782\" data-end=\"1825\">F\u00e1cil instalaci\u00f3n y control flexible<\/h2>\n<p data-start=\"1827\" data-end=\"2017\">La instalaci\u00f3n es plug and play y solo requiere conectar el adaptador a la toma OBD del coche. La unidad de potencia se empareja con la app XBB, donde puedes elegir qu\u00e9 funciones activar\u00e1n la iluminaci\u00f3n.<\/p>\n<p data-start=\"2019\" data-end=\"2054\">Por ejemplo, puedes controlar la luz a trav\u00e9s de:<\/p>\n<ul data-start=\"2056\" data-end=\"2161\">\n<li data-start=\"2056\" data-end=\"2067\">\n<p data-start=\"2058\" data-end=\"2067\">luz alta<\/p>\n<\/li>\n<li data-start=\"2068\" data-end=\"2081\">\n<p data-start=\"2070\" data-end=\"2081\">marcha atr\u00e1s<\/p>\n<\/li>\n<li data-start=\"2082\" data-end=\"2099\">\n<p data-start=\"2084\" data-end=\"2099\">luz de posici\u00f3n<\/p>\n<\/li>\n<li data-start=\"2100\" data-end=\"2107\">\n<p data-start=\"2102\" data-end=\"2107\">luces de circulaci\u00f3n diurna<\/p>\n<\/li>\n<li data-start=\"2108\" data-end=\"2161\">\n<p data-start=\"2110\" data-end=\"2161\">Activaci\u00f3n manual mediante la aplicaci\u00f3n o el bot\u00f3n inteligente XBB<\/p>\n<\/li>\n<\/ul>\n<p data-start=\"2163\" data-end=\"2311\">El juego de cables de rel\u00e9 est\u00e1 dimensionado para cargas elevadas y viene con conectores Deutsch a prueba de agua para una instalaci\u00f3n profesional y confiable.<\/p>\n<h2 data-start=\"2313\" data-end=\"2337\">Esto est\u00e1 incluido en el paquete.<\/h2>\n<ul data-start=\"2339\" data-end=\"2764\">\n<li data-start=\"2339\" data-end=\"2364\">\n<p data-start=\"2341\" data-end=\"2364\">1 \u00d7 adaptador OBD-II XBB<\/p>\n<\/li>\n<li data-start=\"2365\" data-end=\"2402\">\n<p data-start=\"2367\" data-end=\"2402\">1 \u00d7 XBB PowerUnit (rel\u00e9 inal\u00e1mbrico)<\/p>\n<\/li>\n<li data-start=\"2403\" data-end=\"2448\">\n<p data-start=\"2405\" data-end=\"2448\">1 \u00d7 Kit de cable de rel\u00e9 Luxtar Maestro y Esclavo x1<\/p>\n<\/li>\n<li data-start=\"2449\" data-end=\"2481\">\n<p data-start=\"2451\" data-end=\"2481\">1 rel\u00e9 de 80 A con soporte para rel\u00e9<\/p>\n<\/li>\n<li data-start=\"2482\" data-end=\"2538\">\n<p data-start=\"2484\" data-end=\"2538\">1 \u00d7 soporte de rel\u00e9 adicional para control a trav\u00e9s de XBB PowerUnit<\/p>\n<\/li>\n<li data-start=\"2539\" data-end=\"2578\">\n<p data-start=\"2541\" data-end=\"2578\">1 fusible de 40 A con portafusibles<\/p>\n<\/li>\n<li data-start=\"2579\" data-end=\"2603\">\n<p data-start=\"2581\" data-end=\"2603\">Cable de conexi\u00f3n de 2 m<\/p>\n<\/li>\n<li data-start=\"2604\" data-end=\"2636\">\n<p data-start=\"2606\" data-end=\"2636\">Cables de alimentaci\u00f3n y cables de se\u00f1al<\/p>\n<\/li>\n<li data-start=\"2637\" data-end=\"2708\">\n<p data-start=\"2639\" data-end=\"2708\">Materiales de montaje (tubos termorretr\u00e1ctiles, bridas para cables, terminales de anillo y manguitos de empalme)<\/p>\n<\/li>\n<li data-start=\"2709\" data-end=\"2764\">\n<p data-start=\"2711\" data-end=\"2764\">Conector alem\u00e1n seleccionable: DT-3 | DT-4 | DTP-2 | DTP-4<\/p>\n<\/li>\n<\/ul>\n<h2 data-start=\"2766\" data-end=\"2783\">Compatibilidad<\/h2>\n<p data-start=\"2785\" data-end=\"2933\">El sistema est\u00e1 desarrollado para veh\u00edculos modernos con conectores OBD y es compatible con la base de datos de veh\u00edculos de XBB. Se a\u00f1aden nuevos perfiles de veh\u00edculos continuamente mediante actualizaciones de la aplicaci\u00f3n.<\/p>","protected":false},"excerpt":{"rendered":"<p>Paquete completo de luces auxiliares con adaptador OBD-II XBB, unidad de potencia y kit de cables de rel\u00e9 Luxtar (1 maestro y 1 esclavo). Una soluci\u00f3n inteligente &quot;plug and play&quot; para veh\u00edculos controlados por bus CAN que ofrece control inal\u00e1mbrico de luces y capacidad para potentes barras LED y luces auxiliares.<\/p>","protected":false},"featured_media":27188,"comment_status":"open","ping_status":"closed","template":"","meta":{"_acf_changed":false,"_smort_price_nok":"3087","_smort_price_dkk":"","_smort_price_eur":"","_smort_sale_price_nok":"","_smort_sale_price_dkk":"","_smort_sale_price_eur":"","smort_restorder":"","shipmondo_restorder":"","_kad_blocks_custom_css":"","_kad_blocks_head_custom_js":"","_kad_blocks_body_custom_js":"","_kad_blocks_footer_custom_js":"","smort_custom_pricelist_1":"1849.6","smort_custom_pricelist_2":"1618.4","smort_custom_pricelist_3":"1502.8","smort_custom_pricelist_4":"2312","smort_custom_pricelist_5":"1618.4"},"anvandningsomrade":[],"bilmarken":[],"product_brand":[115],"product_cat":[2487,2795,2490,2497,477,390],"product_tag":[],"class_list":{"0":"post-27187","1":"product","2":"type-product","3":"status-publish","4":"has-post-thumbnail","6":"product_brand-xbb","7":"product_cat-canbus-installation","8":"product_cat-kablar-rela","9":"product_cat-relasats-2","10":"product_cat-xbb","11":"product_cat-canbus-emc","12":"product_cat-installation","14":"first","15":"onbackorder","16":"taxable","17":"shipping-taxable","18":"purchasable","19":"product-type-bundle"},"bundled_by":[],"bundle_stock_status":"instock","bundle_stock_quantity":"","bundle_virtual":false,"bundle_layout":"default","bundle_add_to_cart_form_location":"default","bundle_editable_in_cart":false,"bundle_sold_individually_context":"product","bundle_item_grouping":"parent","bundle_min_size":"","bundle_max_size":"","bundle_price":{"price":{"min":{"incl_tax":"262.7","excl_tax":"210.16271896"},"max":{"incl_tax":"262.7","excl_tax":"210.16271896"}},"regular_price":{"min":{"incl_tax":"262.7","excl_tax":"210.16271896"},"max":{"incl_tax":"262.7","excl_tax":"210.16271896"}}},"bundled_items":[{"bundled_item_id":605,"product_id":26249,"menu_order":0,"quantity_min":1,"quantity_max":1,"quantity_default":1,"priced_individually":false,"shipped_individually":false,"override_title":false,"title":"Juego de cables de rel\u00e9 Luxtar (maestro y esclavo) x 1 | Rel\u00e9 de 12 V | 80 A","override_description":false,"description":"","optional":false,"hide_thumbnail":false,"discount":"","override_variations":false,"allowed_variations":[],"override_default_variation_attributes":false,"default_variation_attributes":[],"single_product_visibility":"visible","cart_visibility":"visible","order_visibility":"visible","single_product_price_visibility":"visible","cart_price_visibility":"visible","order_price_visibility":"visible","stock_status":"in_stock"},{"bundled_item_id":606,"product_id":1538,"menu_order":1,"quantity_min":1,"quantity_max":1,"quantity_default":1,"priced_individually":false,"shipped_individually":false,"override_title":false,"title":"XBB OBD-II Dongle + PowerUnit","override_description":false,"description":"","optional":false,"hide_thumbnail":false,"discount":"","override_variations":false,"allowed_variations":[],"override_default_variation_attributes":false,"default_variation_attributes":[],"single_product_visibility":"visible","cart_visibility":"visible","order_visibility":"visible","single_product_price_visibility":"visible","cart_price_visibility":"visible","order_price_visibility":"visible","stock_status":"on_backorder"}],"bundle_sell_ids":[],"acf":[],"yoast_head":"<!-- This site is optimized with the Yoast SEO plugin v27.0 - https:\/\/yoast.com\/product\/yoast-seo-wordpress\/ -->\n<title>Luxtar Master &amp; Slave x1 + XBB PowerUnit &amp; Dongel - Xenonkungen Extraljuspaket XBB OBD-II Dongel, PowerUnit &amp; Relay Cable Kit Master &amp; Slave, Luxtar - Xenonkungen<\/title>\n<meta name=\"description\" content=\"K\u00f6p extraljuspaket med XBB OBD-II Dongel, PowerUnit och Luxtar Relay Cable Kit Master &amp; Slave. Smart CAN-busstyrning och h\u00f6g effekt f\u00f6r LED-ramper. Snabb leverans. \u00d6ppet k\u00f6p 30 dagar.\" \/>\n<meta name=\"robots\" content=\"index, follow, max-snippet:-1, max-image-preview:large, max-video-preview:-1\" \/>\n<link rel=\"canonical\" href=\"https:\/\/xenonkungen.com\/es\/producto\/dongle-de-unidad-de-alimentacion-luxtar-master-slave-x1-xbb\/\" \/>\n<meta property=\"og:locale\" content=\"es_ES\" \/>\n<meta property=\"og:type\" content=\"article\" \/>\n<meta property=\"og:title\" content=\"Luxtar Master &amp; Slave x1 + XBB PowerUnit &amp; Dongel - Xenonkungen Extraljuspaket XBB OBD-II Dongel, PowerUnit &amp; Relay Cable Kit Master &amp; Slave, Luxtar - Xenonkungen\" \/>\n<meta property=\"og:description\" content=\"K\u00f6p extraljuspaket med XBB OBD-II Dongel, PowerUnit och Luxtar Relay Cable Kit Master &amp; Slave. Smart CAN-busstyrning och h\u00f6g effekt f\u00f6r LED-ramper. Snabb leverans. \u00d6ppet k\u00f6p 30 dagar.\" \/>\n<meta property=\"og:url\" content=\"https:\/\/xenonkungen.com\/es\/producto\/dongle-de-unidad-de-alimentacion-luxtar-master-slave-x1-xbb\/\" \/>\n<meta property=\"og:site_name\" content=\"Xenonkungen\" \/>\n<meta property=\"article:modified_time\" content=\"2026-04-26T02:14:33+00:00\" \/>\n<meta property=\"og:image\" content=\"https:\/\/xenonkungen.com\/wp-content\/uploads\/2026\/03\/103220-XBB.png\" \/>\n\t<meta property=\"og:image:width\" content=\"2048\" \/>\n\t<meta property=\"og:image:height\" content=\"1293\" \/>\n\t<meta property=\"og:image:type\" content=\"image\/png\" \/>\n<meta name=\"twitter:card\" content=\"summary_large_image\" \/>\n<meta name=\"twitter:label1\" content=\"Tiempo de lectura\" \/>\n\t<meta name=\"twitter:data1\" content=\"2 minutos\" \/>\n<script type=\"application\/ld+json\" class=\"yoast-schema-graph\">{\"@context\":\"https:\/\/schema.org\",\"@graph\":[{\"@type\":\"WebPage\",\"@id\":\"https:\/\/xenonkungen.com\/produkt\/luxtar-master-slave-x1-xbb-powerunit-dongel\/\",\"url\":\"https:\/\/xenonkungen.com\/produkt\/luxtar-master-slave-x1-xbb-powerunit-dongel\/\",\"name\":\"Luxtar Master & Slave x1 + XBB PowerUnit & Dongel - Xenonkungen Extraljuspaket XBB OBD-II Dongel, PowerUnit & Relay Cable Kit Master & Slave, Luxtar - Xenonkungen\",\"isPartOf\":{\"@id\":\"https:\/\/xenonkungen.com\/#website\"},\"primaryImageOfPage\":{\"@id\":\"https:\/\/xenonkungen.com\/produkt\/luxtar-master-slave-x1-xbb-powerunit-dongel\/#primaryimage\"},\"image\":{\"@id\":\"https:\/\/xenonkungen.com\/produkt\/luxtar-master-slave-x1-xbb-powerunit-dongel\/#primaryimage\"},\"thumbnailUrl\":\"https:\/\/xenonkungen.com\/wp-content\/uploads\/2026\/03\/103220-XBB.png\",\"datePublished\":\"2026-03-05T12:57:49+00:00\",\"dateModified\":\"2026-04-26T02:14:33+00:00\",\"description\":\"K\u00f6p extraljuspaket med XBB OBD-II Dongel, PowerUnit och Luxtar Relay Cable Kit Master & Slave. Smart CAN-busstyrning och h\u00f6g effekt f\u00f6r LED-ramper. Snabb leverans. \u00d6ppet k\u00f6p 30 dagar.\",\"breadcrumb\":{\"@id\":\"https:\/\/xenonkungen.com\/produkt\/luxtar-master-slave-x1-xbb-powerunit-dongel\/#breadcrumb\"},\"inLanguage\":\"es\",\"potentialAction\":[{\"@type\":\"ReadAction\",\"target\":[\"https:\/\/xenonkungen.com\/produkt\/luxtar-master-slave-x1-xbb-powerunit-dongel\/\"]}]},{\"@type\":\"ImageObject\",\"inLanguage\":\"es\",\"@id\":\"https:\/\/xenonkungen.com\/produkt\/luxtar-master-slave-x1-xbb-powerunit-dongel\/#primaryimage\",\"url\":\"https:\/\/xenonkungen.com\/wp-content\/uploads\/2026\/03\/103220-XBB.png\",\"contentUrl\":\"https:\/\/xenonkungen.com\/wp-content\/uploads\/2026\/03\/103220-XBB.png\",\"width\":2048,\"height\":1293},{\"@type\":\"BreadcrumbList\",\"@id\":\"https:\/\/xenonkungen.com\/produkt\/luxtar-master-slave-x1-xbb-powerunit-dongel\/#breadcrumb\",\"itemListElement\":[{\"@type\":\"ListItem\",\"position\":1,\"name\":\"Hem\",\"item\":\"https:\/\/xenonkungen.com\/\"},{\"@type\":\"ListItem\",\"position\":2,\"name\":\"Shop\",\"item\":\"https:\/\/xenonkungen.com\/shop\/\"},{\"@type\":\"ListItem\",\"position\":3,\"name\":\"Luxtar Master &#038; Slave x1 + XBB PowerUnit &#038; Dongel\"}]},{\"@type\":\"WebSite\",\"@id\":\"https:\/\/xenonkungen.com\/#website\",\"url\":\"https:\/\/xenonkungen.com\/\",\"name\":\"Xenonkungen\",\"description\":\"\",\"potentialAction\":[{\"@type\":\"SearchAction\",\"target\":{\"@type\":\"EntryPoint\",\"urlTemplate\":\"https:\/\/xenonkungen.com\/?s={search_term_string}\"},\"query-input\":{\"@type\":\"PropertyValueSpecification\",\"valueRequired\":true,\"valueName\":\"search_term_string\"}}],\"inLanguage\":\"es\"}]}<\/script>\n<!-- \/ Yoast SEO plugin. -->","yoast_head_json":{"title":"Luxtar Master &amp; Slave x1 + XBB PowerUnit &amp; Dongle - The Xenon King Paquete de iluminaci\u00f3n adicional XBB OBD-II Dongle, PowerUnit &amp; Relay Cable Kit Master &amp; Slave, Luxtar - The Xenon King","description":"Compre un paquete de iluminaci\u00f3n adicional con adaptador OBD-II XBB, unidad de potencia y kit de cables de rel\u00e9 Luxtar (maestro y esclavo). Control inteligente de bus CAN y alta potencia para rampas LED. Entrega r\u00e1pida. Compra abierta por 30 d\u00edas.","robots":{"index":"index","follow":"follow","max-snippet":"max-snippet:-1","max-image-preview":"max-image-preview:large","max-video-preview":"max-video-preview:-1"},"canonical":"https:\/\/xenonkungen.com\/es\/producto\/dongle-de-unidad-de-alimentacion-luxtar-master-slave-x1-xbb\/","og_locale":"es_ES","og_type":"article","og_title":"Luxtar Master & Slave x1 + XBB PowerUnit & Dongel - Xenonkungen Extraljuspaket XBB OBD-II Dongel, PowerUnit & Relay Cable Kit Master & Slave, Luxtar - Xenonkungen","og_description":"K\u00f6p extraljuspaket med XBB OBD-II Dongel, PowerUnit och Luxtar Relay Cable Kit Master & Slave. Smart CAN-busstyrning och h\u00f6g effekt f\u00f6r LED-ramper. Snabb leverans. \u00d6ppet k\u00f6p 30 dagar.","og_url":"https:\/\/xenonkungen.com\/es\/producto\/dongle-de-unidad-de-alimentacion-luxtar-master-slave-x1-xbb\/","og_site_name":"Xenonkungen","article_modified_time":"2026-04-26T02:14:33+00:00","og_image":[{"width":2048,"height":1293,"url":"https:\/\/xenonkungen.com\/wp-content\/uploads\/2026\/03\/103220-XBB.png","type":"image\/png"}],"twitter_card":"summary_large_image","twitter_misc":{"Tiempo de lectura":"2 minutos"},"schema":{"@context":"https:\/\/schema.org","@graph":[{"@type":"WebPage","@id":"https:\/\/xenonkungen.com\/produkt\/luxtar-master-slave-x1-xbb-powerunit-dongel\/","url":"https:\/\/xenonkungen.com\/produkt\/luxtar-master-slave-x1-xbb-powerunit-dongel\/","name":"Luxtar Master &amp; Slave x1 + XBB PowerUnit &amp; Dongle - The Xenon King Paquete de iluminaci\u00f3n adicional XBB OBD-II Dongle, PowerUnit &amp; Relay Cable Kit Master &amp; Slave, Luxtar - The Xenon King","isPartOf":{"@id":"https:\/\/xenonkungen.com\/#website"},"primaryImageOfPage":{"@id":"https:\/\/xenonkungen.com\/produkt\/luxtar-master-slave-x1-xbb-powerunit-dongel\/#primaryimage"},"image":{"@id":"https:\/\/xenonkungen.com\/produkt\/luxtar-master-slave-x1-xbb-powerunit-dongel\/#primaryimage"},"thumbnailUrl":"https:\/\/xenonkungen.com\/wp-content\/uploads\/2026\/03\/103220-XBB.png","datePublished":"2026-03-05T12:57:49+00:00","dateModified":"2026-04-26T02:14:33+00:00","description":"Compre un paquete de iluminaci\u00f3n adicional con adaptador OBD-II XBB, unidad de potencia y kit de cables de rel\u00e9 Luxtar (maestro y esclavo). Control inteligente de bus CAN y alta potencia para rampas LED. Entrega r\u00e1pida. Compra abierta por 30 d\u00edas.","breadcrumb":{"@id":"https:\/\/xenonkungen.com\/produkt\/luxtar-master-slave-x1-xbb-powerunit-dongel\/#breadcrumb"},"inLanguage":"es","potentialAction":[{"@type":"ReadAction","target":["https:\/\/xenonkungen.com\/produkt\/luxtar-master-slave-x1-xbb-powerunit-dongel\/"]}]},{"@type":"ImageObject","inLanguage":"es","@id":"https:\/\/xenonkungen.com\/produkt\/luxtar-master-slave-x1-xbb-powerunit-dongel\/#primaryimage","url":"https:\/\/xenonkungen.com\/wp-content\/uploads\/2026\/03\/103220-XBB.png","contentUrl":"https:\/\/xenonkungen.com\/wp-content\/uploads\/2026\/03\/103220-XBB.png","width":2048,"height":1293},{"@type":"BreadcrumbList","@id":"https:\/\/xenonkungen.com\/produkt\/luxtar-master-slave-x1-xbb-powerunit-dongel\/#breadcrumb","itemListElement":[{"@type":"ListItem","position":1,"name":"Hem","item":"https:\/\/xenonkungen.com\/"},{"@type":"ListItem","position":2,"name":"Shop","item":"https:\/\/xenonkungen.com\/shop\/"},{"@type":"ListItem","position":3,"name":"Luxtar Master &#038; Slave x1 + XBB PowerUnit &#038; Dongel"}]},{"@type":"WebSite","@id":"https:\/\/xenonkungen.com\/#website","url":"https:\/\/xenonkungen.com\/","name":"Xenonkungen","description":"","potentialAction":[{"@type":"SearchAction","target":{"@type":"EntryPoint","urlTemplate":"https:\/\/xenonkungen.com\/?s={search_term_string}"},"query-input":{"@type":"PropertyValueSpecification","valueRequired":true,"valueName":"search_term_string"}}],"inLanguage":"es"}]}},"taxonomy_info":{"product_brand":[{"value":115,"label":"XBB"}],"product_cat":[{"value":2487,"label":"Canbus"},{"value":2795,"label":"Kablar och Rel\u00e4"},{"value":2490,"label":"Rel\u00e4satser"},{"value":2497,"label":"XBB"},{"value":477,"label":"Canbus | EMC"},{"value":390,"label":"Installation"}]},"featured_image_src_large":["https:\/\/xenonkungen.com\/wp-content\/uploads\/2026\/03\/103220-XBB-1024x647.png",1024,647,true],"author_info":[],"comment_info":0,"_links":{"self":[{"href":"https:\/\/xenonkungen.com\/es\/wp-json\/wp\/v2\/product\/27187","targetHints":{"allow":["GET"]}}],"collection":[{"href":"https:\/\/xenonkungen.com\/es\/wp-json\/wp\/v2\/product"}],"about":[{"href":"https:\/\/xenonkungen.com\/es\/wp-json\/wp\/v2\/types\/product"}],"replies":[{"embeddable":true,"href":"https:\/\/xenonkungen.com\/es\/wp-json\/wp\/v2\/comments?post=27187"}],"wp:featuredmedia":[{"embeddable":true,"href":"https:\/\/xenonkungen.com\/es\/wp-json\/wp\/v2\/media\/27188"}],"wp:attachment":[{"href":"https:\/\/xenonkungen.com\/es\/wp-json\/wp\/v2\/media?parent=27187"}],"wp:term":[{"taxonomy":"anvandningsomrade","embeddable":true,"href":"https:\/\/xenonkungen.com\/es\/wp-json\/wp\/v2\/anvandningsomrade?post=27187"},{"taxonomy":"bilmarken","embeddable":true,"href":"https:\/\/xenonkungen.com\/es\/wp-json\/wp\/v2\/bilmarken?post=27187"},{"taxonomy":"product_brand","embeddable":true,"href":"https:\/\/xenonkungen.com\/es\/wp-json\/wp\/v2\/product_brand?post=27187"},{"taxonomy":"product_cat","embeddable":true,"href":"https:\/\/xenonkungen.com\/es\/wp-json\/wp\/v2\/product_cat?post=27187"},{"taxonomy":"product_tag","embeddable":true,"href":"https:\/\/xenonkungen.com\/es\/wp-json\/wp\/v2\/product_tag?post=27187"}],"curies":[{"name":"wp","href":"https:\/\/api.w.org\/{rel}","templated":true}]}}