{"id":2771,"date":"2025-04-15T08:42:47","date_gmt":"2025-04-15T08:42:47","guid":{"rendered":"https:\/\/xenonkungen.com\/product\/briodlights-arbetslampa-bred-2200-lm-e23\/"},"modified":"2026-04-11T00:00:19","modified_gmt":"2026-04-10T23:00:19","slug":"lampara-de-trabajo-briodlights-ancha-2200-lm-e23","status":"publish","type":"product","link":"https:\/\/xenonkungen.com\/es\/producto\/lampara-de-trabajo-briodlights-ancha-2200-lm-e23\/","title":{"rendered":"BriodLights L\u00e1mpara de trabajo ancha 2200 lm E23"},"content":{"rendered":"<h1>BriodLights: Luz de trabajo LED flexible con dise\u00f1o compacto<\/h1>\n<p>BriodLights ofrece una l\u00e1mpara de trabajo LED flexible y robusta equipada con 4 diodos Osram de alta calidad. Su dise\u00f1o compacto la hace perfecta para espacios de trabajo reducidos donde se requiere una iluminaci\u00f3n eficaz.<\/p>\n<h2>Aspectos destacados del producto:<\/h2>\n<ol>\n<li><strong>Dise\u00f1o flexible:<\/strong> Esta luz de trabajo LED de BridgeLights tiene un dise\u00f1o flexible, lo que facilita dirigir la luz exactamente donde se necesita.<\/li>\n<li><strong>Formato compacto:<\/strong> A pesar de su peque\u00f1o tama\u00f1o, esta l\u00e1mpara de trabajo LED ofrece una iluminaci\u00f3n potente y eficiente gracias a sus 4 diodos Osram de alta calidad.<\/li>\n<li><strong>Sistema de control de temperatura:<\/strong> Para proteger la l\u00e1mpara de posibles da\u00f1os por sobrecalentamiento, esta l\u00e1mpara de trabajo LED est\u00e1 equipada con un sistema de control de temperatura. Este sistema reduce autom\u00e1ticamente el brillo cuando existe riesgo de sobrecalentamiento.<\/li>\n<li><strong>Luz de marcha atr\u00e1s homologada E:<\/strong> Esta luz de trabajo est\u00e1 homologada como luz de marcha atr\u00e1s, lo que significa que puede utilizarse legal y seguramente para este fin.<\/li>\n<li><strong>Completo con DT-Contact:<\/strong> Para facilitar su instalaci\u00f3n y uso, esta luz de trabajo LED viene con un cable de 50 cm y un conector DT.<\/li>\n<li><strong>Calidad certificada:<\/strong> Esta luz de trabajo LED cuenta con las certificaciones RoHS, CE, EMC, ECE E23 y ECE R10, lo que garantiza su alta calidad y seguridad.<\/li>\n<li><strong>Garant\u00eda funcional de 3 a\u00f1os:<\/strong> Ofrecemos una garant\u00eda de funcionamiento de 3 a\u00f1os en esta luz de trabajo LED, para su mayor tranquilidad. Tenga en cuenta que la garant\u00eda queda anulada si se corta el cable.<\/li>\n<\/ol>\n<p>Con la l\u00e1mpara de trabajo LED flexible de BriodLight obtendr\u00e1 una iluminaci\u00f3n eficiente y fiable que satisface sus necesidades.<\/p>","protected":false},"excerpt":{"rendered":"<p>BriodLights: Flexibel LED Arbetslampa med Kompakt Design BriodLights erbjuder en flexibel och robust LED arbetslampa utrustad med 4 h\u00f6gkvalitativa Osram-dioder. Denna LED arbetslampa har en kompakt design, vilket g\u00f6r den perfekt f\u00f6r arbetsplatser d\u00e4r utrymmet \u00e4r begr\u00e4nsat men behovet av effektiv belysning \u00e4r stort. Produktens Framst\u00e5ende Egenskaper: Flexibel Design: Denna LED arbetslampa fr\u00e5n BriodLights har [&hellip;]<\/p>","protected":false},"featured_media":2772,"comment_status":"closed","ping_status":"open","template":"","meta":{"_acf_changed":false,"_smort_price_nok":"438","_smort_price_dkk":"278","_smort_price_eur":"37.27","_smort_sale_price_nok":"","_smort_sale_price_dkk":"","_smort_sale_price_eur":"","smort_restorder":"","shipmondo_restorder":"","_kad_blocks_custom_css":"","_kad_blocks_head_custom_js":"","_kad_blocks_body_custom_js":"","_kad_blocks_footer_custom_js":"","smort_custom_pricelist_1":"272","smort_custom_pricelist_2":"272","smort_custom_pricelist_3":"272","smort_custom_pricelist_4":"340","smort_custom_pricelist_5":"272"},"anvandningsomrade":[],"bilmarken":[],"product_brand":[92],"product_cat":[2479,508],"product_tag":[2788],"class_list":{"0":"post-2771","1":"product","2":"type-product","3":"status-publish","4":"has-post-thumbnail","6":"product_brand-briodlights","7":"product_cat-backljus-backljus","8":"product_cat-arbetsbelysning","9":"product_tag-black-week-exclude","10":"pa_faktisk-effekts-forbrukning-803","11":"pa_fargtemperatur-5000k","12":"pa_fuktskydd-varde-ipxx-ip67","13":"pa_godkannande-rohs-ce-emc-ece-e23-r10","14":"pa_lampsockel-kontakt-dt","15":"pa_ljusbild-flood","16":"pa_storlek-mm-704x947x41","17":"pa_stromforbrukning-129a12v","18":"pa_stromforbrukning-247a24v","19":"pa_volt-v-multivolt-10-12-16-18-24-28-30","21":"first","22":"onbackorder","23":"taxable","24":"shipping-taxable","25":"purchasable","26":"product-type-simple"},"bundled_by":[],"bundle_stock_status":"onbackorder","bundle_stock_quantity":0,"bundle_virtual":false,"bundle_layout":"","bundle_add_to_cart_form_location":"","bundle_editable_in_cart":false,"bundle_sold_individually_context":"","bundle_item_grouping":"","bundle_min_size":"","bundle_max_size":"","bundle_price":[],"bundled_items":[],"bundle_sell_ids":[],"acf":[],"yoast_head":"<!-- This site is optimized with the Yoast SEO plugin v27.0 - https:\/\/yoast.com\/product\/yoast-seo-wordpress\/ -->\n<title>BriodLights Arbetslampa bred 2200 lm E23 - Xenonkungen<\/title>\n<meta name=\"robots\" content=\"index, follow, max-snippet:-1, max-image-preview:large, max-video-preview:-1\" \/>\n<link rel=\"canonical\" href=\"https:\/\/xenonkungen.com\/es\/producto\/lampara-de-trabajo-briodlights-ancha-2200-lm-e23\/\" \/>\n<meta property=\"og:locale\" content=\"es_ES\" \/>\n<meta property=\"og:type\" content=\"article\" \/>\n<meta property=\"og:title\" content=\"BriodLights Arbetslampa bred 2200 lm E23 - Xenonkungen\" \/>\n<meta property=\"og:description\" content=\"BriodLights: Flexibel LED Arbetslampa med Kompakt Design BriodLights erbjuder en flexibel och robust LED arbetslampa utrustad med 4 h\u00f6gkvalitativa Osram-dioder. Denna LED arbetslampa har en kompakt design, vilket g\u00f6r den perfekt f\u00f6r arbetsplatser d\u00e4r utrymmet \u00e4r begr\u00e4nsat men behovet av effektiv belysning \u00e4r stort. Produktens Framst\u00e5ende Egenskaper: Flexibel Design: Denna LED arbetslampa fr\u00e5n BriodLights har [&hellip;]\" \/>\n<meta property=\"og:url\" content=\"https:\/\/xenonkungen.com\/es\/producto\/lampara-de-trabajo-briodlights-ancha-2200-lm-e23\/\" \/>\n<meta property=\"og:site_name\" content=\"Xenonkungen\" \/>\n<meta property=\"article:modified_time\" content=\"2026-04-10T23:00:19+00:00\" \/>\n<meta property=\"og:image\" content=\"https:\/\/xenonkungen.com\/wp-content\/uploads\/2025\/04\/11111_itemimage_mainfront.jpg\" \/>\n\t<meta property=\"og:image:width\" content=\"2048\" \/>\n\t<meta property=\"og:image:height\" content=\"1536\" \/>\n\t<meta property=\"og:image:type\" content=\"image\/jpeg\" \/>\n<meta name=\"twitter:card\" content=\"summary_large_image\" \/>\n<meta name=\"twitter:label1\" content=\"Tiempo de lectura\" \/>\n\t<meta name=\"twitter:data1\" content=\"1 minuto\" \/>\n<script type=\"application\/ld+json\" class=\"yoast-schema-graph\">{\"@context\":\"https:\/\/schema.org\",\"@graph\":[{\"@type\":\"WebPage\",\"@id\":\"https:\/\/xenonkungen.com\/produkt\/briodlights-arbetslampa-bred-2200-lm-e23\/\",\"url\":\"https:\/\/xenonkungen.com\/produkt\/briodlights-arbetslampa-bred-2200-lm-e23\/\",\"name\":\"BriodLights Arbetslampa bred 2200 lm E23 - Xenonkungen\",\"isPartOf\":{\"@id\":\"https:\/\/xenonkungen.com\/#website\"},\"primaryImageOfPage\":{\"@id\":\"https:\/\/xenonkungen.com\/produkt\/briodlights-arbetslampa-bred-2200-lm-e23\/#primaryimage\"},\"image\":{\"@id\":\"https:\/\/xenonkungen.com\/produkt\/briodlights-arbetslampa-bred-2200-lm-e23\/#primaryimage\"},\"thumbnailUrl\":\"https:\/\/xenonkungen.com\/wp-content\/uploads\/2025\/04\/11111_itemimage_mainfront.jpg\",\"datePublished\":\"2025-04-15T08:42:47+00:00\",\"dateModified\":\"2026-04-10T23:00:19+00:00\",\"breadcrumb\":{\"@id\":\"https:\/\/xenonkungen.com\/produkt\/briodlights-arbetslampa-bred-2200-lm-e23\/#breadcrumb\"},\"inLanguage\":\"es\",\"potentialAction\":[{\"@type\":\"ReadAction\",\"target\":[\"https:\/\/xenonkungen.com\/produkt\/briodlights-arbetslampa-bred-2200-lm-e23\/\"]}]},{\"@type\":\"ImageObject\",\"inLanguage\":\"es\",\"@id\":\"https:\/\/xenonkungen.com\/produkt\/briodlights-arbetslampa-bred-2200-lm-e23\/#primaryimage\",\"url\":\"https:\/\/xenonkungen.com\/wp-content\/uploads\/2025\/04\/11111_itemimage_mainfront.jpg\",\"contentUrl\":\"https:\/\/xenonkungen.com\/wp-content\/uploads\/2025\/04\/11111_itemimage_mainfront.jpg\",\"width\":2048,\"height\":1536},{\"@type\":\"BreadcrumbList\",\"@id\":\"https:\/\/xenonkungen.com\/produkt\/briodlights-arbetslampa-bred-2200-lm-e23\/#breadcrumb\",\"itemListElement\":[{\"@type\":\"ListItem\",\"position\":1,\"name\":\"Hem\",\"item\":\"https:\/\/xenonkungen.com\/\"},{\"@type\":\"ListItem\",\"position\":2,\"name\":\"Shop\",\"item\":\"https:\/\/xenonkungen.com\/shop\/\"},{\"@type\":\"ListItem\",\"position\":3,\"name\":\"BriodLights Arbetslampa bred 2200 lm E23\"}]},{\"@type\":\"WebSite\",\"@id\":\"https:\/\/xenonkungen.com\/#website\",\"url\":\"https:\/\/xenonkungen.com\/\",\"name\":\"Xenonkungen\",\"description\":\"\",\"potentialAction\":[{\"@type\":\"SearchAction\",\"target\":{\"@type\":\"EntryPoint\",\"urlTemplate\":\"https:\/\/xenonkungen.com\/?s={search_term_string}\"},\"query-input\":{\"@type\":\"PropertyValueSpecification\",\"valueRequired\":true,\"valueName\":\"search_term_string\"}}],\"inLanguage\":\"es\"}]}<\/script>\n<!-- \/ Yoast SEO plugin. -->","yoast_head_json":{"title":"L\u00e1mpara de trabajo BriodLights ancha 2200 lm E23 - Xen\u00f3n","robots":{"index":"index","follow":"follow","max-snippet":"max-snippet:-1","max-image-preview":"max-image-preview:large","max-video-preview":"max-video-preview:-1"},"canonical":"https:\/\/xenonkungen.com\/es\/producto\/lampara-de-trabajo-briodlights-ancha-2200-lm-e23\/","og_locale":"es_ES","og_type":"article","og_title":"BriodLights Arbetslampa bred 2200 lm E23 - Xenonkungen","og_description":"BriodLights: Flexibel LED Arbetslampa med Kompakt Design BriodLights erbjuder en flexibel och robust LED arbetslampa utrustad med 4 h\u00f6gkvalitativa Osram-dioder. Denna LED arbetslampa har en kompakt design, vilket g\u00f6r den perfekt f\u00f6r arbetsplatser d\u00e4r utrymmet \u00e4r begr\u00e4nsat men behovet av effektiv belysning \u00e4r stort. Produktens Framst\u00e5ende Egenskaper: Flexibel Design: Denna LED arbetslampa fr\u00e5n BriodLights har [&hellip;]","og_url":"https:\/\/xenonkungen.com\/es\/producto\/lampara-de-trabajo-briodlights-ancha-2200-lm-e23\/","og_site_name":"Xenonkungen","article_modified_time":"2026-04-10T23:00:19+00:00","og_image":[{"width":2048,"height":1536,"url":"https:\/\/xenonkungen.com\/wp-content\/uploads\/2025\/04\/11111_itemimage_mainfront.jpg","type":"image\/jpeg"}],"twitter_card":"summary_large_image","twitter_misc":{"Tiempo de lectura":"1 minuto"},"schema":{"@context":"https:\/\/schema.org","@graph":[{"@type":"WebPage","@id":"https:\/\/xenonkungen.com\/produkt\/briodlights-arbetslampa-bred-2200-lm-e23\/","url":"https:\/\/xenonkungen.com\/produkt\/briodlights-arbetslampa-bred-2200-lm-e23\/","name":"L\u00e1mpara de trabajo BriodLights ancha 2200 lm E23 - Xen\u00f3n","isPartOf":{"@id":"https:\/\/xenonkungen.com\/#website"},"primaryImageOfPage":{"@id":"https:\/\/xenonkungen.com\/produkt\/briodlights-arbetslampa-bred-2200-lm-e23\/#primaryimage"},"image":{"@id":"https:\/\/xenonkungen.com\/produkt\/briodlights-arbetslampa-bred-2200-lm-e23\/#primaryimage"},"thumbnailUrl":"https:\/\/xenonkungen.com\/wp-content\/uploads\/2025\/04\/11111_itemimage_mainfront.jpg","datePublished":"2025-04-15T08:42:47+00:00","dateModified":"2026-04-10T23:00:19+00:00","breadcrumb":{"@id":"https:\/\/xenonkungen.com\/produkt\/briodlights-arbetslampa-bred-2200-lm-e23\/#breadcrumb"},"inLanguage":"es","potentialAction":[{"@type":"ReadAction","target":["https:\/\/xenonkungen.com\/produkt\/briodlights-arbetslampa-bred-2200-lm-e23\/"]}]},{"@type":"ImageObject","inLanguage":"es","@id":"https:\/\/xenonkungen.com\/produkt\/briodlights-arbetslampa-bred-2200-lm-e23\/#primaryimage","url":"https:\/\/xenonkungen.com\/wp-content\/uploads\/2025\/04\/11111_itemimage_mainfront.jpg","contentUrl":"https:\/\/xenonkungen.com\/wp-content\/uploads\/2025\/04\/11111_itemimage_mainfront.jpg","width":2048,"height":1536},{"@type":"BreadcrumbList","@id":"https:\/\/xenonkungen.com\/produkt\/briodlights-arbetslampa-bred-2200-lm-e23\/#breadcrumb","itemListElement":[{"@type":"ListItem","position":1,"name":"Hem","item":"https:\/\/xenonkungen.com\/"},{"@type":"ListItem","position":2,"name":"Shop","item":"https:\/\/xenonkungen.com\/shop\/"},{"@type":"ListItem","position":3,"name":"BriodLights Arbetslampa bred 2200 lm E23"}]},{"@type":"WebSite","@id":"https:\/\/xenonkungen.com\/#website","url":"https:\/\/xenonkungen.com\/","name":"Xenonkungen","description":"","potentialAction":[{"@type":"SearchAction","target":{"@type":"EntryPoint","urlTemplate":"https:\/\/xenonkungen.com\/?s={search_term_string}"},"query-input":{"@type":"PropertyValueSpecification","valueRequired":true,"valueName":"search_term_string"}}],"inLanguage":"es"}]}},"taxonomy_info":{"product_brand":[{"value":92,"label":"Briodlights"}],"product_cat":[{"value":2479,"label":"Backljus"},{"value":508,"label":"Arbetsbelysning"}],"product_tag":[{"value":2788,"label":"black-week-exclude"}],"pa_faktisk-effekts-forbrukning":[{"value":803,"label":"24"}],"pa_fargtemperatur":[{"value":154,"label":"5000K"}],"pa_fuktskydd-varde-ipxx":[{"value":333,"label":"IP67"}],"pa_godkannande":[{"value":860,"label":"RoHS, CE, EMC, ECE, E23, R10"}],"pa_lampsockel-kontakt":[{"value":329,"label":"DT"}],"pa_ljusbild":[{"value":503,"label":"FLOOD"}],"pa_storlek-mm":[{"value":858,"label":"70,4x94,7x41"}],"pa_stromforbrukning":[{"value":825,"label":"12,9A@12V"},{"value":859,"label":"2,47A@24V"}],"pa_volt-v":[{"value":773,"label":"Multivolt, 10, 12, 16, 18, 24, 28, 30"}]},"featured_image_src_large":["https:\/\/xenonkungen.com\/wp-content\/uploads\/2025\/04\/11111_itemimage_mainfront-1024x768.jpg",1024,768,true],"author_info":[],"comment_info":0,"_links":{"self":[{"href":"https:\/\/xenonkungen.com\/es\/wp-json\/wp\/v2\/product\/2771","targetHints":{"allow":["GET"]}}],"collection":[{"href":"https:\/\/xenonkungen.com\/es\/wp-json\/wp\/v2\/product"}],"about":[{"href":"https:\/\/xenonkungen.com\/es\/wp-json\/wp\/v2\/types\/product"}],"replies":[{"embeddable":true,"href":"https:\/\/xenonkungen.com\/es\/wp-json\/wp\/v2\/comments?post=2771"}],"wp:featuredmedia":[{"embeddable":true,"href":"https:\/\/xenonkungen.com\/es\/wp-json\/wp\/v2\/media\/2772"}],"wp:attachment":[{"href":"https:\/\/xenonkungen.com\/es\/wp-json\/wp\/v2\/media?parent=2771"}],"wp:term":[{"taxonomy":"anvandningsomrade","embeddable":true,"href":"https:\/\/xenonkungen.com\/es\/wp-json\/wp\/v2\/anvandningsomrade?post=2771"},{"taxonomy":"bilmarken","embeddable":true,"href":"https:\/\/xenonkungen.com\/es\/wp-json\/wp\/v2\/bilmarken?post=2771"},{"taxonomy":"product_brand","embeddable":true,"href":"https:\/\/xenonkungen.com\/es\/wp-json\/wp\/v2\/product_brand?post=2771"},{"taxonomy":"product_cat","embeddable":true,"href":"https:\/\/xenonkungen.com\/es\/wp-json\/wp\/v2\/product_cat?post=2771"},{"taxonomy":"product_tag","embeddable":true,"href":"https:\/\/xenonkungen.com\/es\/wp-json\/wp\/v2\/product_tag?post=2771"}],"curies":[{"name":"wp","href":"https:\/\/api.w.org\/{rel}","templated":true}]}}