{"id":27712,"date":"2026-03-13T15:14:31","date_gmt":"2026-03-13T14:14:31","guid":{"rendered":"https:\/\/xenonkungen.com\/?post_type=product&#038;p=27712"},"modified":"2026-05-12T14:58:21","modified_gmt":"2026-05-12T13:58:21","slug":"tershine-amplify-wet-coat-5-l","status":"publish","type":"product","link":"https:\/\/xenonkungen.com\/es\/producto\/tershine-amplify-wet-coat-5-l\/","title":{"rendered":"Tershine Amplify \u2013 Recubrimiento h\u00famedo 5 L"},"content":{"rendered":"<p>\u00a1Protege tu veh\u00edculo con esta pintura en un instante! Roc\u00eda sobre la superficie h\u00fameda y enjuaga.<\/p>\n<p><strong>Crea una gran escorrent\u00eda y mucho brillo.<br \/>\nDiluible<br \/>\nExtremadamente f\u00e1cil de aplicar<br \/>\nFunciona en todo tipo de superficies y veh\u00edculos.<br \/>\nLarga vida \u00fatil<br \/>\nEl producto se elabora sin la adici\u00f3n de sustancias perfluoradas y polifluoradas (PFAS).<br \/>\nEl producto no est\u00e1 clasificado como sujeto a etiquetado obligatorio seg\u00fan el Reglamento CLP (CE) n.\u00ba 1272\/2008.<br \/>\n<\/strong><\/p>\n<p><strong>C\u00f3mo usar Amplify \u2013 Recubrimiento h\u00famedo\u00a0<\/strong><\/p>\n<p><strong>1.\u00a0<\/strong>Lava el veh\u00edculo siguiendo todos los pasos; evita los champ\u00fas que dejan residuos, como Purify S+, etc. (\u00a1pueden ser contraproducentes!). Por supuesto que puedes usar Amplify, pero dil\u00fayelo con agua para mayor seguridad.\u00a0<strong><br \/>\n2.\u00a0<\/strong>Roc\u00ede sobre la superficie h\u00fameda.<strong><br \/>\n3.\u00a0<\/strong>Enjuague bien.<strong><br \/>\n4.\u00a0<\/strong>Limpiar con un pa\u00f1o de microfibra de su elecci\u00f3n.<strong><br \/>\n5.\u00a0<\/strong>S\u00ed, lo sabemos, \u00a1es una locura total!<\/p>\n<p>Muy f\u00e1cil de usar, proporciona un drenaje, brillo y protecci\u00f3n fant\u00e1sticos sin complicaciones. Funciona igual de bien en vinilos, l\u00e1minas protectoras, pinturas mate, pl\u00e1stico, vidrio y llantas. No irrita los ojos, los pulmones, etc., como s\u00ed puede ocurrir con productos qu\u00edmicos m\u00e1s fuertes. Funciona de maravilla diluido hasta 1:10 (\u00a1a un precio asequible!).<\/p>\n<p>Tiene un aroma fant\u00e1stico a frutas ex\u00f3ticas, como a Fanta Ex\u00f3tica. Funciona en casi todos los materiales: pintura, vidrio, pl\u00e1stico, gelcoat, aluminio, caucho, etc. Ten en cuenta que el producto es muy generoso, as\u00ed que cunde mucho, como siempre recomiendo. Experimenta para descubrir qu\u00e9 te gusta y prueba primero en una peque\u00f1a superficie antes de familiarizarte con el producto. Como siempre con nuestros productos, \u00a1menos es m\u00e1s!<\/p>\n<p>PD: Por supuesto, tambi\u00e9n se puede usar en un coche seco como un r\u00e1pido<br \/>\nPuedes diluirlo hasta 1:10, pero si\u00e9ntete libre de experimentar para encontrar la proporci\u00f3n que m\u00e1s te guste. Todo depende de la calidad de la base; si ya tienes nuestra protecci\u00f3n, como Magnify \u2013 Coating, Refract, etc., diluirlo funciona bien. Sin embargo, est\u00e1 dise\u00f1ado para usarse tal cual, as\u00ed que, de nuevo, si\u00e9ntete libre de probar la proporci\u00f3n que m\u00e1s te guste. Evita la exposici\u00f3n directa al sol durante su uso; esto aplica a todos los productos para el cuidado del autom\u00f3vil.<\/p>\n<p><strong>Consejo<\/strong>Aseg\u00farese de que la superficie est\u00e9 fr\u00eda y completamente limpia (enju\u00e1guela bien). Comience siempre con uno o dos paneles y luego enjuague para comprobar su eficacia en su entorno. Recuerde que es muy potente, por lo que menos es m\u00e1s; evite la exposici\u00f3n directa al sol y al viento.<\/p>\n<p>Si, contra todo pron\u00f3stico, se produce alg\u00fan tipo de llama, simplemente fr\u00f3tela con un pa\u00f1o de microfibra al secar el coche o, si ya se ha endurecido, la forma m\u00e1s sencilla es usar un pa\u00f1o h\u00famedo y Apex+. Si eso no funciona, aplique Dissolve con una esponja o, idealmente, Prime \u2013 Panel Wipe y desaparecer\u00e1.<\/p>\n<p>Ten en cuenta que, si est\u00e1s al aire libre, el viento y el calor acelerar\u00e1n el tiempo de exposici\u00f3n. Si no est\u00e1s muy familiarizado con el producto, puedes usar uno o dos paneles a la vez y luego ducharte.<\/p>\n<p>Evite usar Purify S+ u otros champ\u00fas con recubrimiento antes de usarlo, ya que suelen funcionar, pero pueden resultar demasiado agresivos. Las primeras veces que lo pruebe, le recomendamos comenzar con un panel a la vez o diluirlo ligeramente hasta obtener el resultado deseado.<\/p>","protected":false},"excerpt":{"rendered":"<p>Lackskydda ditt fordon p\u00e5 nolltid, spraya p\u00e5 bl\u00f6t yta och spola av! Brutal avrinning och massvis av glans p\u00e5 alla typer av ytor.<\/p>","protected":false},"featured_media":27713,"comment_status":"open","ping_status":"closed","template":"","meta":{"_acf_changed":false,"_smort_price_nok":"","_smort_price_dkk":"","_smort_price_eur":"","_smort_sale_price_nok":"","_smort_sale_price_dkk":"","_smort_sale_price_eur":"","smort_restorder":"","shipmondo_restorder":"","_kad_blocks_custom_css":"","_kad_blocks_head_custom_js":"","_kad_blocks_body_custom_js":"","_kad_blocks_footer_custom_js":"","smort_custom_pricelist_1":"639.36","smort_custom_pricelist_2":"639.36","smort_custom_pricelist_3":"639.36","smort_custom_pricelist_4":"799.2","smort_custom_pricelist_5":"639.36"},"anvandningsomrade":[],"bilmarken":[],"product_brand":[2893],"product_cat":[2989,2614,378],"product_tag":[],"class_list":{"0":"post-27712","1":"product","2":"type-product","3":"status-publish","4":"has-post-thumbnail","6":"product_brand-tershine","7":"product_cat-avfettning","8":"product_cat-lackskydd","9":"product_cat-bilvard","11":"first","12":"onbackorder","13":"taxable","14":"shipping-taxable","15":"purchasable","16":"product-type-simple"},"bundled_by":[],"bundle_stock_status":"onbackorder","bundle_stock_quantity":0,"bundle_virtual":false,"bundle_layout":"","bundle_add_to_cart_form_location":"","bundle_editable_in_cart":false,"bundle_sold_individually_context":"","bundle_item_grouping":"","bundle_min_size":"","bundle_max_size":"","bundle_price":[],"bundled_items":[],"bundle_sell_ids":[],"acf":[],"yoast_head":"<!-- This site is optimized with the Yoast SEO plugin v27.0 - https:\/\/yoast.com\/product\/yoast-seo-wordpress\/ -->\n<title>Tershine Amplify - Wet Coat 5 L - Xenonkungen<\/title>\n<meta name=\"robots\" content=\"index, follow, max-snippet:-1, max-image-preview:large, max-video-preview:-1\" \/>\n<link rel=\"canonical\" href=\"https:\/\/xenonkungen.com\/es\/producto\/tershine-amplify-wet-coat-5-l\/\" \/>\n<meta property=\"og:locale\" content=\"es_ES\" \/>\n<meta property=\"og:type\" content=\"article\" \/>\n<meta property=\"og:title\" content=\"Tershine Amplify - Wet Coat 5 L - Xenonkungen\" \/>\n<meta property=\"og:description\" content=\"Lackskydda ditt fordon p\u00e5 nolltid, spraya p\u00e5 bl\u00f6t yta och spola av! Brutal avrinning och massvis av glans p\u00e5 alla typer av ytor.\" \/>\n<meta property=\"og:url\" content=\"https:\/\/xenonkungen.com\/es\/producto\/tershine-amplify-wet-coat-5-l\/\" \/>\n<meta property=\"og:site_name\" content=\"Xenonkungen\" \/>\n<meta property=\"article:modified_time\" content=\"2026-05-12T13:58:21+00:00\" \/>\n<meta property=\"og:image\" content=\"https:\/\/xenonkungen.com\/wp-content\/uploads\/2026\/03\/id6ZmCr6GTGaIngayiVJhlpDmApaqSchdvCRtVn1.webp\" \/>\n\t<meta property=\"og:image:width\" content=\"1024\" \/>\n\t<meta property=\"og:image:height\" content=\"1024\" \/>\n\t<meta property=\"og:image:type\" content=\"image\/webp\" \/>\n<meta name=\"twitter:card\" content=\"summary_large_image\" \/>\n<meta name=\"twitter:label1\" content=\"Tiempo de lectura\" \/>\n\t<meta name=\"twitter:data1\" content=\"3 minutos\" \/>\n<script type=\"application\/ld+json\" class=\"yoast-schema-graph\">{\"@context\":\"https:\/\/schema.org\",\"@graph\":[{\"@type\":\"WebPage\",\"@id\":\"https:\/\/xenonkungen.com\/produkt\/tershine-amplify-wet-coat-5-l\/\",\"url\":\"https:\/\/xenonkungen.com\/produkt\/tershine-amplify-wet-coat-5-l\/\",\"name\":\"Tershine Amplify - Wet Coat 5 L - Xenonkungen\",\"isPartOf\":{\"@id\":\"https:\/\/xenonkungen.com\/#website\"},\"primaryImageOfPage\":{\"@id\":\"https:\/\/xenonkungen.com\/produkt\/tershine-amplify-wet-coat-5-l\/#primaryimage\"},\"image\":{\"@id\":\"https:\/\/xenonkungen.com\/produkt\/tershine-amplify-wet-coat-5-l\/#primaryimage\"},\"thumbnailUrl\":\"https:\/\/xenonkungen.com\/wp-content\/uploads\/2026\/03\/id6ZmCr6GTGaIngayiVJhlpDmApaqSchdvCRtVn1.webp\",\"datePublished\":\"2026-03-13T14:14:31+00:00\",\"dateModified\":\"2026-05-12T13:58:21+00:00\",\"breadcrumb\":{\"@id\":\"https:\/\/xenonkungen.com\/produkt\/tershine-amplify-wet-coat-5-l\/#breadcrumb\"},\"inLanguage\":\"es\",\"potentialAction\":[{\"@type\":\"ReadAction\",\"target\":[\"https:\/\/xenonkungen.com\/produkt\/tershine-amplify-wet-coat-5-l\/\"]}]},{\"@type\":\"ImageObject\",\"inLanguage\":\"es\",\"@id\":\"https:\/\/xenonkungen.com\/produkt\/tershine-amplify-wet-coat-5-l\/#primaryimage\",\"url\":\"https:\/\/xenonkungen.com\/wp-content\/uploads\/2026\/03\/id6ZmCr6GTGaIngayiVJhlpDmApaqSchdvCRtVn1.webp\",\"contentUrl\":\"https:\/\/xenonkungen.com\/wp-content\/uploads\/2026\/03\/id6ZmCr6GTGaIngayiVJhlpDmApaqSchdvCRtVn1.webp\",\"width\":1024,\"height\":1024},{\"@type\":\"BreadcrumbList\",\"@id\":\"https:\/\/xenonkungen.com\/produkt\/tershine-amplify-wet-coat-5-l\/#breadcrumb\",\"itemListElement\":[{\"@type\":\"ListItem\",\"position\":1,\"name\":\"Hem\",\"item\":\"https:\/\/xenonkungen.com\/\"},{\"@type\":\"ListItem\",\"position\":2,\"name\":\"Shop\",\"item\":\"https:\/\/xenonkungen.com\/shop\/\"},{\"@type\":\"ListItem\",\"position\":3,\"name\":\"Tershine Amplify &#8211; Wet Coat 5 L\"}]},{\"@type\":\"WebSite\",\"@id\":\"https:\/\/xenonkungen.com\/#website\",\"url\":\"https:\/\/xenonkungen.com\/\",\"name\":\"Xenonkungen\",\"description\":\"\",\"potentialAction\":[{\"@type\":\"SearchAction\",\"target\":{\"@type\":\"EntryPoint\",\"urlTemplate\":\"https:\/\/xenonkungen.com\/?s={search_term_string}\"},\"query-input\":{\"@type\":\"PropertyValueSpecification\",\"valueRequired\":true,\"valueName\":\"search_term_string\"}}],\"inLanguage\":\"es\"}]}<\/script>\n<!-- \/ Yoast SEO plugin. -->","yoast_head_json":{"title":"Tershine Amplify - Wet Coat 5 L - Xenonkungen","robots":{"index":"index","follow":"follow","max-snippet":"max-snippet:-1","max-image-preview":"max-image-preview:large","max-video-preview":"max-video-preview:-1"},"canonical":"https:\/\/xenonkungen.com\/es\/producto\/tershine-amplify-wet-coat-5-l\/","og_locale":"es_ES","og_type":"article","og_title":"Tershine Amplify - Wet Coat 5 L - Xenonkungen","og_description":"Lackskydda ditt fordon p\u00e5 nolltid, spraya p\u00e5 bl\u00f6t yta och spola av! Brutal avrinning och massvis av glans p\u00e5 alla typer av ytor.","og_url":"https:\/\/xenonkungen.com\/es\/producto\/tershine-amplify-wet-coat-5-l\/","og_site_name":"Xenonkungen","article_modified_time":"2026-05-12T13:58:21+00:00","og_image":[{"width":1024,"height":1024,"url":"https:\/\/xenonkungen.com\/wp-content\/uploads\/2026\/03\/id6ZmCr6GTGaIngayiVJhlpDmApaqSchdvCRtVn1.webp","type":"image\/webp"}],"twitter_card":"summary_large_image","twitter_misc":{"Tiempo de lectura":"3 minutos"},"schema":{"@context":"https:\/\/schema.org","@graph":[{"@type":"WebPage","@id":"https:\/\/xenonkungen.com\/produkt\/tershine-amplify-wet-coat-5-l\/","url":"https:\/\/xenonkungen.com\/produkt\/tershine-amplify-wet-coat-5-l\/","name":"Tershine Amplify - Wet Coat 5 L - Xenonkungen","isPartOf":{"@id":"https:\/\/xenonkungen.com\/#website"},"primaryImageOfPage":{"@id":"https:\/\/xenonkungen.com\/produkt\/tershine-amplify-wet-coat-5-l\/#primaryimage"},"image":{"@id":"https:\/\/xenonkungen.com\/produkt\/tershine-amplify-wet-coat-5-l\/#primaryimage"},"thumbnailUrl":"https:\/\/xenonkungen.com\/wp-content\/uploads\/2026\/03\/id6ZmCr6GTGaIngayiVJhlpDmApaqSchdvCRtVn1.webp","datePublished":"2026-03-13T14:14:31+00:00","dateModified":"2026-05-12T13:58:21+00:00","breadcrumb":{"@id":"https:\/\/xenonkungen.com\/produkt\/tershine-amplify-wet-coat-5-l\/#breadcrumb"},"inLanguage":"es","potentialAction":[{"@type":"ReadAction","target":["https:\/\/xenonkungen.com\/produkt\/tershine-amplify-wet-coat-5-l\/"]}]},{"@type":"ImageObject","inLanguage":"es","@id":"https:\/\/xenonkungen.com\/produkt\/tershine-amplify-wet-coat-5-l\/#primaryimage","url":"https:\/\/xenonkungen.com\/wp-content\/uploads\/2026\/03\/id6ZmCr6GTGaIngayiVJhlpDmApaqSchdvCRtVn1.webp","contentUrl":"https:\/\/xenonkungen.com\/wp-content\/uploads\/2026\/03\/id6ZmCr6GTGaIngayiVJhlpDmApaqSchdvCRtVn1.webp","width":1024,"height":1024},{"@type":"BreadcrumbList","@id":"https:\/\/xenonkungen.com\/produkt\/tershine-amplify-wet-coat-5-l\/#breadcrumb","itemListElement":[{"@type":"ListItem","position":1,"name":"Hem","item":"https:\/\/xenonkungen.com\/"},{"@type":"ListItem","position":2,"name":"Shop","item":"https:\/\/xenonkungen.com\/shop\/"},{"@type":"ListItem","position":3,"name":"Tershine Amplify &#8211; Wet Coat 5 L"}]},{"@type":"WebSite","@id":"https:\/\/xenonkungen.com\/#website","url":"https:\/\/xenonkungen.com\/","name":"Xenonkungen","description":"","potentialAction":[{"@type":"SearchAction","target":{"@type":"EntryPoint","urlTemplate":"https:\/\/xenonkungen.com\/?s={search_term_string}"},"query-input":{"@type":"PropertyValueSpecification","valueRequired":true,"valueName":"search_term_string"}}],"inLanguage":"es"}]}},"taxonomy_info":{"product_brand":[{"value":2893,"label":"Tershine"}],"product_cat":[{"value":2989,"label":"2 | Avfettning"},{"value":2614,"label":"4 | Bilvax &amp; Lackskydd"},{"value":378,"label":"Bilv\u00e5rd"}]},"featured_image_src_large":["https:\/\/xenonkungen.com\/wp-content\/uploads\/2026\/03\/id6ZmCr6GTGaIngayiVJhlpDmApaqSchdvCRtVn1.webp",1024,1024,false],"author_info":[],"comment_info":0,"_links":{"self":[{"href":"https:\/\/xenonkungen.com\/es\/wp-json\/wp\/v2\/product\/27712","targetHints":{"allow":["GET"]}}],"collection":[{"href":"https:\/\/xenonkungen.com\/es\/wp-json\/wp\/v2\/product"}],"about":[{"href":"https:\/\/xenonkungen.com\/es\/wp-json\/wp\/v2\/types\/product"}],"replies":[{"embeddable":true,"href":"https:\/\/xenonkungen.com\/es\/wp-json\/wp\/v2\/comments?post=27712"}],"wp:featuredmedia":[{"embeddable":true,"href":"https:\/\/xenonkungen.com\/es\/wp-json\/wp\/v2\/media\/27713"}],"wp:attachment":[{"href":"https:\/\/xenonkungen.com\/es\/wp-json\/wp\/v2\/media?parent=27712"}],"wp:term":[{"taxonomy":"anvandningsomrade","embeddable":true,"href":"https:\/\/xenonkungen.com\/es\/wp-json\/wp\/v2\/anvandningsomrade?post=27712"},{"taxonomy":"bilmarken","embeddable":true,"href":"https:\/\/xenonkungen.com\/es\/wp-json\/wp\/v2\/bilmarken?post=27712"},{"taxonomy":"product_brand","embeddable":true,"href":"https:\/\/xenonkungen.com\/es\/wp-json\/wp\/v2\/product_brand?post=27712"},{"taxonomy":"product_cat","embeddable":true,"href":"https:\/\/xenonkungen.com\/es\/wp-json\/wp\/v2\/product_cat?post=27712"},{"taxonomy":"product_tag","embeddable":true,"href":"https:\/\/xenonkungen.com\/es\/wp-json\/wp\/v2\/product_tag?post=27712"}],"curies":[{"name":"wp","href":"https:\/\/api.w.org\/{rel}","templated":true}]}}