{"id":27714,"date":"2026-03-13T15:28:28","date_gmt":"2026-03-13T14:28:28","guid":{"rendered":"https:\/\/xenonkungen.com\/?post_type=product&#038;p=27714"},"modified":"2026-04-24T17:46:59","modified_gmt":"2026-04-24T16:46:59","slug":"limpiador-multiusos-tershine-apc-500-ml","status":"publish","type":"product","link":"https:\/\/xenonkungen.com\/es\/producto\/limpiador-multiusos-tershine-apc-500-ml\/","title":{"rendered":"Tershine APC \u2013 Limpiador multiusos 500 ml"},"content":{"rendered":"<p style=\"box-sizing: inherit; scroll-behavior: smooth; margin: 0px 0px 1em; padding: 0px; color: #171717; font-family: Manrope, serif;\"><span style=\"box-sizing: border-box; scroll-behavior: smooth; font-style: inherit; font-weight: inherit;\">APC es un limpiador multiusos de origen vegetal s\u00faper eficaz que viene en varias fragancias deliciosas.<\/span><span style=\"box-sizing: border-box; scroll-behavior: smooth; color: #363636; font-weight: bold;\"><br style=\"box-sizing: inherit; scroll-behavior: smooth;\" \/><br style=\"box-sizing: inherit; scroll-behavior: smooth;\" \/><span style=\"box-sizing: inherit; scroll-behavior: smooth;\">Limpieza m\u00faltiple contra la mayor\u00eda de los tipos de suciedad<br style=\"box-sizing: inherit; scroll-behavior: smooth;\" \/>Perfecto para interiores de veh\u00edculos, cocinas, ba\u00f1os, cuero y textiles.\u00a0\u00a0<br style=\"box-sizing: inherit; scroll-behavior: smooth;\" \/>\u00a1Diluible!<br style=\"box-sizing: inherit; scroll-behavior: smooth;\" \/>No deja residuos molestos.<br style=\"box-sizing: inherit; scroll-behavior: smooth;\" \/>Su funci\u00f3n bloqueadora de olores elimina los olores indeseados.<br style=\"box-sizing: inherit; scroll-behavior: smooth;\" \/>materias primas de origen vegetal<\/span><\/span><span style=\"box-sizing: border-box; scroll-behavior: smooth; color: #363636; font-weight: bold;\"><span style=\"box-sizing: inherit; scroll-behavior: smooth;\"><br style=\"box-sizing: inherit; scroll-behavior: smooth;\" \/>El producto no est\u00e1 clasificado como sujeto a etiquetado obligatorio seg\u00fan el Reglamento CLP (CE) n.\u00ba 1272\/2008.<br style=\"box-sizing: inherit; scroll-behavior: smooth;\" \/><br style=\"box-sizing: inherit; scroll-behavior: smooth;\" \/><\/span><br style=\"box-sizing: inherit; scroll-behavior: smooth;\" \/>\u00bfPara qu\u00e9 se utiliza el APC (limpieza multiusos)?<br style=\"box-sizing: inherit; scroll-behavior: smooth;\" \/><br style=\"box-sizing: inherit; scroll-behavior: smooth;\" \/><\/span><span style=\"box-sizing: border-box; scroll-behavior: smooth; font-style: inherit; font-weight: inherit;\">El interior de todo tipo de veh\u00edculos<\/span><span style=\"box-sizing: border-box; scroll-behavior: smooth; font-style: inherit; font-weight: inherit;\"><br style=\"box-sizing: inherit; scroll-behavior: smooth;\" \/>Piel, textil y alc\u00e1ntara<\/span><span style=\"box-sizing: border-box; scroll-behavior: smooth; font-style: inherit; font-weight: inherit;\"><br style=\"box-sizing: inherit; scroll-behavior: smooth;\" \/>Pl\u00e1stico y caucho<\/span><span style=\"box-sizing: border-box; scroll-behavior: smooth; font-style: inherit; font-weight: inherit;\"><br style=\"box-sizing: inherit; scroll-behavior: smooth;\" \/>Cocina y ba\u00f1o<\/span><span style=\"box-sizing: border-box; scroll-behavior: smooth; font-style: inherit; font-weight: inherit;\"><br style=\"box-sizing: inherit; scroll-behavior: smooth;\" \/>Moho<\/span><span style=\"box-sizing: border-box; scroll-behavior: smooth; font-style: inherit; font-weight: inherit;\"><br style=\"box-sizing: inherit; scroll-behavior: smooth;\" \/>Superficies malolientes o derrames<\/span><span style=\"box-sizing: border-box; scroll-behavior: smooth; font-style: inherit; font-weight: inherit;\"><br style=\"box-sizing: inherit; scroll-behavior: smooth;\" \/>Funciona en casi todo.<\/span><span style=\"box-sizing: border-box; scroll-behavior: smooth; color: #363636; font-weight: bold;\"><br style=\"box-sizing: inherit; scroll-behavior: smooth;\" \/><br style=\"box-sizing: inherit; scroll-behavior: smooth;\" \/>C\u00f3mo usar APC \u2013 Limpieza multiusos<\/span><span style=\"box-sizing: border-box; scroll-behavior: smooth; color: #363636; font-weight: bold;\"><br style=\"box-sizing: inherit; scroll-behavior: smooth;\" \/><br style=\"box-sizing: inherit; scroll-behavior: smooth;\" \/>1.\u00a0<\/span><span style=\"box-sizing: border-box; scroll-behavior: smooth; font-style: inherit; font-weight: inherit;\">D\u00fachese sobre cualquier superficie (o sobre un pa\u00f1o).<\/span><br style=\"box-sizing: border-box; scroll-behavior: smooth;\" \/><span style=\"box-sizing: border-box; scroll-behavior: smooth; color: #363636; font-weight: bold;\">2.\u00a0<\/span><span style=\"box-sizing: border-box; scroll-behavior: smooth; font-style: inherit; font-weight: inherit;\">Si la superficie est\u00e1 muy sucia, utilice un cepillo para que quede m\u00e1s \u00e1spera.<\/span><br style=\"box-sizing: border-box; scroll-behavior: smooth;\" \/><span style=\"box-sizing: border-box; scroll-behavior: smooth; color: #363636; font-weight: bold;\">3.\u00a0<\/span><span style=\"box-sizing: border-box; scroll-behavior: smooth; font-style: inherit; font-weight: inherit;\">Limpiar con un pa\u00f1o de microfibra.<\/span><br style=\"box-sizing: border-box; scroll-behavior: smooth;\" \/><span style=\"box-sizing: border-box; scroll-behavior: smooth; color: #363636; font-weight: bold;\">4.\u00a0<\/span><span style=\"box-sizing: border-box; scroll-behavior: smooth; font-style: inherit; font-weight: inherit;\">S\u00ed, lo s\u00e9, \u00a1s\u00faper f\u00e1cil de usar!<\/span><br style=\"box-sizing: inherit; scroll-behavior: smooth;\" \/><br style=\"box-sizing: inherit; scroll-behavior: smooth;\" \/>APC \u2013 Limpiador multiusos es un limpiador multiusos de alta eficacia y de origen vegetal que se utiliz\u00f3 en el interior del veh\u00edculo, pero que funciona igual de bien en la cocina, la ducha, el ba\u00f1o, el barco o, s\u00ed, \u00a1pr\u00e1cticamente en cualquier lugar!<br style=\"box-sizing: inherit; scroll-behavior: smooth;\" \/>Totalmente seguro para materiales como textiles, cuero, Alcantara, pl\u00e1stico, caucho, etc. Limpia de una sola vez y no deja residuos molestos.<br style=\"box-sizing: inherit; scroll-behavior: smooth;\" \/><br style=\"box-sizing: inherit; scroll-behavior: smooth;\" \/>Contiene una fant\u00e1stica funci\u00f3n desodorizante que bloquea y neutraliza los malos olores, manteniendo el ambiente fresco. Disponible en aromas de lima, manzana verde, violeta, mel\u00f3n, bergamota, eucalipto o cedro. No contiene etiquetas de advertencia (s\u00edmbolos de alerta en la parte posterior) ni sustancias disruptoras endocrinas, m\u00e1s comunes de lo que se piensa en los limpiadores multiusos del mercado.<br style=\"box-sizing: inherit; scroll-behavior: smooth;\" \/><br style=\"box-sizing: inherit; scroll-behavior: smooth;\" \/>Es f\u00e1cil de diluir si lo deseas; puedes probar diferentes proporciones para ver cu\u00e1l te gusta m\u00e1s, pero ten en cuenta que cuanto m\u00e1s lo diluyas, peor ser\u00e1 su efecto neutralizador de olores. La proporci\u00f3n ideal es entre 1:1 y 1:25, dependiendo del grado de suciedad. Disponible en envases de 500 ml y 5 l.<br style=\"box-sizing: inherit; scroll-behavior: smooth;\" \/><br style=\"box-sizing: inherit; scroll-behavior: smooth;\" \/>Si quieres potenciar a\u00fan m\u00e1s la funci\u00f3n de eliminaci\u00f3n de olores, roc\u00eda las alfombrillas del coche y activa la funci\u00f3n de recirculaci\u00f3n del ventilador (para que el aire circule por los conductos, filtros, etc.). Despu\u00e9s, simplemente l\u00edmpialas y disfruta de un aroma fresco.<br style=\"box-sizing: inherit; scroll-behavior: smooth;\" \/><br style=\"box-sizing: inherit; scroll-behavior: smooth;\" \/>Recuerda no aplicar demasiada presi\u00f3n con el pa\u00f1o si est\u00e1s limpiando un interior desgastado; mejor ten cuidado y usa cepillos, etc., para eliminar la suciedad. Y, por supuesto, no lo expongas a la luz solar directa.<span style=\"box-sizing: border-box; scroll-behavior: smooth; font-style: inherit; font-weight: inherit;\"><br style=\"box-sizing: inherit; scroll-behavior: smooth;\" \/><span style=\"box-sizing: inherit; scroll-behavior: smooth; color: #363636; font-weight: bold;\"><br style=\"box-sizing: inherit; scroll-behavior: smooth;\" \/>\u00a1Por supuesto, tambi\u00e9n funciona de maravilla en casa!<\/span><\/span><span style=\"box-sizing: inherit; scroll-behavior: smooth; color: #363636; font-weight: bold;\"><br style=\"box-sizing: inherit; scroll-behavior: smooth;\" \/><\/span><em style=\"box-sizing: inherit; scroll-behavior: smooth;\"><br style=\"box-sizing: inherit; scroll-behavior: smooth;\" \/><\/em>Conservar en un lugar libre de escarcha.<br style=\"box-sizing: inherit; scroll-behavior: smooth;\" \/><br style=\"box-sizing: inherit; scroll-behavior: smooth;\" \/><span style=\"box-sizing: inherit; scroll-behavior: smooth; color: #363636; font-weight: bold;\">Informaci\u00f3n y uso del producto<\/span><br style=\"box-sizing: inherit; scroll-behavior: smooth;\" \/><br style=\"box-sizing: inherit; scroll-behavior: smooth;\" \/>El limpiador multiusos APC es un producto de alta eficacia, de origen vegetal, dise\u00f1ado para limpiar el interior del veh\u00edculo, pero tambi\u00e9n funciona de maravilla en la cocina, la ducha, el ba\u00f1o, el barco y otras superficies. Es seguro para usar en materiales como textiles, cuero, Alcantara, pl\u00e1stico, goma y m\u00e1s. El limpiador de interiores APC no deja residuos molestos y cuenta con una fant\u00e1stica funci\u00f3n neutralizadora de olores que bloquea y elimina los malos olores. Est\u00e1 disponible en las siguientes fragancias: lima, manzana verde, violeta, mel\u00f3n, bergamota, eucalipto o cedro.<\/p>\n<h2 style=\"box-sizing: inherit; scroll-behavior: smooth; margin: 1.1428em 0px clamp(1.5rem, 1.178rem + 1.322vw, 2.5rem); padding: 0px; font-size: 30.0265px; font-weight: 500; font-family: Manrope, serif; color: #363636; line-height: 33.0292px;\">Beneficios de la limpieza multiusos de APC<br style=\"box-sizing: inherit; scroll-behavior: smooth;\" \/><br style=\"box-sizing: inherit; scroll-behavior: smooth;\" \/><\/h2>\n<ul style=\"box-sizing: inherit; scroll-behavior: smooth; margin: 1em 0px 1em 2em; padding: 0px; list-style-position: outside; list-style-image: initial; color: #171717; font-family: Manrope, serif;\">\n<li style=\"box-sizing: inherit; scroll-behavior: smooth; margin: 0px; padding: 0px;\">\n<p style=\"box-sizing: inherit; scroll-behavior: smooth; margin: 0px 0px 20px; padding: 0px;\">Alta eficacia en la limpieza del interior del veh\u00edculo y otras superficies.<\/p>\n<\/li>\n<li style=\"box-sizing: inherit; scroll-behavior: smooth; margin: unset; padding: 0px;\">\n<p style=\"box-sizing: inherit; scroll-behavior: smooth; margin: 0px 0px 20px; padding: 0px;\">Seguro para usar en materiales como textiles, cuero, Alcantara, pl\u00e1stico, caucho y m\u00e1s.<\/p>\n<\/li>\n<li style=\"box-sizing: inherit; scroll-behavior: smooth; margin: unset; padding: 0px;\">\n<p style=\"box-sizing: inherit; scroll-behavior: smooth; margin: 0px 0px 20px; padding: 0px;\">No deja residuos molestos.<\/p>\n<\/li>\n<li style=\"box-sizing: inherit; scroll-behavior: smooth; margin: unset; padding: 0px;\">\n<p style=\"box-sizing: inherit; scroll-behavior: smooth; margin: 0px 0px 20px; padding: 0px;\">Contiene una fant\u00e1stica funci\u00f3n eliminadora de olores que bloquea y &quot;mata&quot; los malos olores.<\/p>\n<\/li>\n<li style=\"box-sizing: inherit; scroll-behavior: smooth; margin: unset; padding: 0px;\">\n<p style=\"box-sizing: inherit; scroll-behavior: smooth; margin: 0px 0px 20px; padding: 0px;\">Disponible en varios aromas diferentes.<\/p>\n<\/li>\n<\/ul>","protected":false},"excerpt":{"rendered":"<p>Limpiador multiusos APC para el interior de tu veh\u00edculo, tu hogar y, s\u00ed, \u00a1pr\u00e1cticamente cualquier lugar! Elimina los malos olores y est\u00e1 elaborado con ingredientes de origen vegetal en una gran variedad de aromas naturales.<\/p>","protected":false},"featured_media":27715,"comment_status":"open","ping_status":"closed","template":"","meta":{"_acf_changed":false,"_smort_price_nok":"","_smort_price_dkk":"","_smort_price_eur":"","_smort_sale_price_nok":"","_smort_sale_price_dkk":"","_smort_sale_price_eur":"","smort_restorder":"","shipmondo_restorder":"","_kad_blocks_custom_css":"","_kad_blocks_head_custom_js":"","_kad_blocks_body_custom_js":"","_kad_blocks_footer_custom_js":"","smort_custom_pricelist_1":null,"smort_custom_pricelist_2":null,"smort_custom_pricelist_3":null,"smort_custom_pricelist_4":null,"smort_custom_pricelist_5":null},"anvandningsomrade":[],"bilmarken":[],"product_brand":[2893],"product_cat":[2988,378],"product_tag":[],"class_list":{"0":"post-27714","1":"product","2":"type-product","3":"status-publish","4":"has-post-thumbnail","6":"product_brand-tershine","7":"product_cat-biltvatt","8":"product_cat-bilvard","10":"first","11":"instock","12":"taxable","13":"shipping-taxable","14":"purchasable","15":"product-type-variable"},"bundled_by":[],"bundle_stock_status":"instock","bundle_stock_quantity":1,"bundle_virtual":false,"bundle_layout":"","bundle_add_to_cart_form_location":"","bundle_editable_in_cart":false,"bundle_sold_individually_context":"","bundle_item_grouping":"","bundle_min_size":"","bundle_max_size":"","bundle_price":[],"bundled_items":[],"bundle_sell_ids":[],"acf":[],"yoast_head":"<!-- This site is optimized with the Yoast SEO plugin v27.0 - https:\/\/yoast.com\/product\/yoast-seo-wordpress\/ -->\n<title>Tershine APC - Allreng\u00f6ring 500ml - Xenonkungen<\/title>\n<meta name=\"robots\" content=\"index, follow, max-snippet:-1, max-image-preview:large, max-video-preview:-1\" \/>\n<link rel=\"canonical\" href=\"https:\/\/xenonkungen.com\/es\/producto\/limpiador-multiusos-tershine-apc-500-ml\/\" \/>\n<meta property=\"og:locale\" content=\"es_ES\" \/>\n<meta property=\"og:type\" content=\"article\" \/>\n<meta property=\"og:title\" content=\"Tershine APC - Allreng\u00f6ring 500ml - Xenonkungen\" \/>\n<meta property=\"og:description\" content=\"APC allreng\u00f6ringsmedel f\u00f6r insidan av fordonet, i hemmet och ja, i stort sett \u00f6verallt! Od\u00f6reliminerande och plantbaserad i m\u00e5nga naturliga dofter!\" \/>\n<meta property=\"og:url\" content=\"https:\/\/xenonkungen.com\/es\/producto\/limpiador-multiusos-tershine-apc-500-ml\/\" \/>\n<meta property=\"og:site_name\" content=\"Xenonkungen\" \/>\n<meta property=\"article:modified_time\" content=\"2026-04-24T16:46:59+00:00\" \/>\n<meta property=\"og:image\" content=\"https:\/\/xenonkungen.com\/wp-content\/uploads\/2026\/03\/CtyuKCbvDretWKcc2A5HJ1Zzl1tC4bhSqzTG24hj.webp\" \/>\n\t<meta property=\"og:image:width\" content=\"1024\" \/>\n\t<meta property=\"og:image:height\" content=\"1024\" \/>\n\t<meta property=\"og:image:type\" content=\"image\/webp\" \/>\n<meta name=\"twitter:card\" content=\"summary_large_image\" \/>\n<meta name=\"twitter:label1\" content=\"Tiempo de lectura\" \/>\n\t<meta name=\"twitter:data1\" content=\"3 minutos\" \/>\n<script type=\"application\/ld+json\" class=\"yoast-schema-graph\">{\"@context\":\"https:\/\/schema.org\",\"@graph\":[{\"@type\":\"WebPage\",\"@id\":\"https:\/\/xenonkungen.com\/produkt\/tershine-apc-allrengoring-500ml\/\",\"url\":\"https:\/\/xenonkungen.com\/produkt\/tershine-apc-allrengoring-500ml\/\",\"name\":\"Tershine APC - Allreng\u00f6ring 500ml - Xenonkungen\",\"isPartOf\":{\"@id\":\"https:\/\/xenonkungen.com\/#website\"},\"primaryImageOfPage\":{\"@id\":\"https:\/\/xenonkungen.com\/produkt\/tershine-apc-allrengoring-500ml\/#primaryimage\"},\"image\":{\"@id\":\"https:\/\/xenonkungen.com\/produkt\/tershine-apc-allrengoring-500ml\/#primaryimage\"},\"thumbnailUrl\":\"https:\/\/xenonkungen.com\/wp-content\/uploads\/2026\/03\/CtyuKCbvDretWKcc2A5HJ1Zzl1tC4bhSqzTG24hj.webp\",\"datePublished\":\"2026-03-13T14:28:28+00:00\",\"dateModified\":\"2026-04-24T16:46:59+00:00\",\"breadcrumb\":{\"@id\":\"https:\/\/xenonkungen.com\/produkt\/tershine-apc-allrengoring-500ml\/#breadcrumb\"},\"inLanguage\":\"es\",\"potentialAction\":[{\"@type\":\"ReadAction\",\"target\":[\"https:\/\/xenonkungen.com\/produkt\/tershine-apc-allrengoring-500ml\/\"]}]},{\"@type\":\"ImageObject\",\"inLanguage\":\"es\",\"@id\":\"https:\/\/xenonkungen.com\/produkt\/tershine-apc-allrengoring-500ml\/#primaryimage\",\"url\":\"https:\/\/xenonkungen.com\/wp-content\/uploads\/2026\/03\/CtyuKCbvDretWKcc2A5HJ1Zzl1tC4bhSqzTG24hj.webp\",\"contentUrl\":\"https:\/\/xenonkungen.com\/wp-content\/uploads\/2026\/03\/CtyuKCbvDretWKcc2A5HJ1Zzl1tC4bhSqzTG24hj.webp\",\"width\":1024,\"height\":1024},{\"@type\":\"BreadcrumbList\",\"@id\":\"https:\/\/xenonkungen.com\/produkt\/tershine-apc-allrengoring-500ml\/#breadcrumb\",\"itemListElement\":[{\"@type\":\"ListItem\",\"position\":1,\"name\":\"Hem\",\"item\":\"https:\/\/xenonkungen.com\/\"},{\"@type\":\"ListItem\",\"position\":2,\"name\":\"Shop\",\"item\":\"https:\/\/xenonkungen.com\/shop\/\"},{\"@type\":\"ListItem\",\"position\":3,\"name\":\"Tershine APC &#8211; Allreng\u00f6ring 500ml\"}]},{\"@type\":\"WebSite\",\"@id\":\"https:\/\/xenonkungen.com\/#website\",\"url\":\"https:\/\/xenonkungen.com\/\",\"name\":\"Xenonkungen\",\"description\":\"\",\"potentialAction\":[{\"@type\":\"SearchAction\",\"target\":{\"@type\":\"EntryPoint\",\"urlTemplate\":\"https:\/\/xenonkungen.com\/?s={search_term_string}\"},\"query-input\":{\"@type\":\"PropertyValueSpecification\",\"valueRequired\":true,\"valueName\":\"search_term_string\"}}],\"inLanguage\":\"es\"}]}<\/script>\n<!-- \/ Yoast SEO plugin. -->","yoast_head_json":{"title":"Tershine APC - Limpiador multiusos 500 ml - El rey del xen\u00f3n","robots":{"index":"index","follow":"follow","max-snippet":"max-snippet:-1","max-image-preview":"max-image-preview:large","max-video-preview":"max-video-preview:-1"},"canonical":"https:\/\/xenonkungen.com\/es\/producto\/limpiador-multiusos-tershine-apc-500-ml\/","og_locale":"es_ES","og_type":"article","og_title":"Tershine APC - Allreng\u00f6ring 500ml - Xenonkungen","og_description":"APC allreng\u00f6ringsmedel f\u00f6r insidan av fordonet, i hemmet och ja, i stort sett \u00f6verallt! Od\u00f6reliminerande och plantbaserad i m\u00e5nga naturliga dofter!","og_url":"https:\/\/xenonkungen.com\/es\/producto\/limpiador-multiusos-tershine-apc-500-ml\/","og_site_name":"Xenonkungen","article_modified_time":"2026-04-24T16:46:59+00:00","og_image":[{"width":1024,"height":1024,"url":"https:\/\/xenonkungen.com\/wp-content\/uploads\/2026\/03\/CtyuKCbvDretWKcc2A5HJ1Zzl1tC4bhSqzTG24hj.webp","type":"image\/webp"}],"twitter_card":"summary_large_image","twitter_misc":{"Tiempo de lectura":"3 minutos"},"schema":{"@context":"https:\/\/schema.org","@graph":[{"@type":"WebPage","@id":"https:\/\/xenonkungen.com\/produkt\/tershine-apc-allrengoring-500ml\/","url":"https:\/\/xenonkungen.com\/produkt\/tershine-apc-allrengoring-500ml\/","name":"Tershine APC - Limpiador multiusos 500 ml - El rey del xen\u00f3n","isPartOf":{"@id":"https:\/\/xenonkungen.com\/#website"},"primaryImageOfPage":{"@id":"https:\/\/xenonkungen.com\/produkt\/tershine-apc-allrengoring-500ml\/#primaryimage"},"image":{"@id":"https:\/\/xenonkungen.com\/produkt\/tershine-apc-allrengoring-500ml\/#primaryimage"},"thumbnailUrl":"https:\/\/xenonkungen.com\/wp-content\/uploads\/2026\/03\/CtyuKCbvDretWKcc2A5HJ1Zzl1tC4bhSqzTG24hj.webp","datePublished":"2026-03-13T14:28:28+00:00","dateModified":"2026-04-24T16:46:59+00:00","breadcrumb":{"@id":"https:\/\/xenonkungen.com\/produkt\/tershine-apc-allrengoring-500ml\/#breadcrumb"},"inLanguage":"es","potentialAction":[{"@type":"ReadAction","target":["https:\/\/xenonkungen.com\/produkt\/tershine-apc-allrengoring-500ml\/"]}]},{"@type":"ImageObject","inLanguage":"es","@id":"https:\/\/xenonkungen.com\/produkt\/tershine-apc-allrengoring-500ml\/#primaryimage","url":"https:\/\/xenonkungen.com\/wp-content\/uploads\/2026\/03\/CtyuKCbvDretWKcc2A5HJ1Zzl1tC4bhSqzTG24hj.webp","contentUrl":"https:\/\/xenonkungen.com\/wp-content\/uploads\/2026\/03\/CtyuKCbvDretWKcc2A5HJ1Zzl1tC4bhSqzTG24hj.webp","width":1024,"height":1024},{"@type":"BreadcrumbList","@id":"https:\/\/xenonkungen.com\/produkt\/tershine-apc-allrengoring-500ml\/#breadcrumb","itemListElement":[{"@type":"ListItem","position":1,"name":"Hem","item":"https:\/\/xenonkungen.com\/"},{"@type":"ListItem","position":2,"name":"Shop","item":"https:\/\/xenonkungen.com\/shop\/"},{"@type":"ListItem","position":3,"name":"Tershine APC &#8211; Allreng\u00f6ring 500ml"}]},{"@type":"WebSite","@id":"https:\/\/xenonkungen.com\/#website","url":"https:\/\/xenonkungen.com\/","name":"Xenonkungen","description":"","potentialAction":[{"@type":"SearchAction","target":{"@type":"EntryPoint","urlTemplate":"https:\/\/xenonkungen.com\/?s={search_term_string}"},"query-input":{"@type":"PropertyValueSpecification","valueRequired":true,"valueName":"search_term_string"}}],"inLanguage":"es"}]}},"taxonomy_info":{"product_brand":[{"value":2893,"label":"Tershine"}],"product_cat":[{"value":2988,"label":"1 | Biltv\u00e4tt"},{"value":378,"label":"Bilv\u00e5rd"}]},"featured_image_src_large":["https:\/\/xenonkungen.com\/wp-content\/uploads\/2026\/03\/CtyuKCbvDretWKcc2A5HJ1Zzl1tC4bhSqzTG24hj.webp",1024,1024,false],"author_info":[],"comment_info":0,"_links":{"self":[{"href":"https:\/\/xenonkungen.com\/es\/wp-json\/wp\/v2\/product\/27714","targetHints":{"allow":["GET"]}}],"collection":[{"href":"https:\/\/xenonkungen.com\/es\/wp-json\/wp\/v2\/product"}],"about":[{"href":"https:\/\/xenonkungen.com\/es\/wp-json\/wp\/v2\/types\/product"}],"replies":[{"embeddable":true,"href":"https:\/\/xenonkungen.com\/es\/wp-json\/wp\/v2\/comments?post=27714"}],"wp:featuredmedia":[{"embeddable":true,"href":"https:\/\/xenonkungen.com\/es\/wp-json\/wp\/v2\/media\/27715"}],"wp:attachment":[{"href":"https:\/\/xenonkungen.com\/es\/wp-json\/wp\/v2\/media?parent=27714"}],"wp:term":[{"taxonomy":"anvandningsomrade","embeddable":true,"href":"https:\/\/xenonkungen.com\/es\/wp-json\/wp\/v2\/anvandningsomrade?post=27714"},{"taxonomy":"bilmarken","embeddable":true,"href":"https:\/\/xenonkungen.com\/es\/wp-json\/wp\/v2\/bilmarken?post=27714"},{"taxonomy":"product_brand","embeddable":true,"href":"https:\/\/xenonkungen.com\/es\/wp-json\/wp\/v2\/product_brand?post=27714"},{"taxonomy":"product_cat","embeddable":true,"href":"https:\/\/xenonkungen.com\/es\/wp-json\/wp\/v2\/product_cat?post=27714"},{"taxonomy":"product_tag","embeddable":true,"href":"https:\/\/xenonkungen.com\/es\/wp-json\/wp\/v2\/product_tag?post=27714"}],"curies":[{"name":"wp","href":"https:\/\/api.w.org\/{rel}","templated":true}]}}