{"id":27741,"date":"2026-03-13T15:56:04","date_gmt":"2026-03-13T14:56:04","guid":{"rendered":"https:\/\/xenonkungen.com\/?post_type=product&#038;p=27741"},"modified":"2026-05-12T14:57:37","modified_gmt":"2026-05-12T13:57:37","slug":"tershine-apex-potenciador-de-brillo-500-ml","status":"publish","type":"product","link":"https:\/\/xenonkungen.com\/es\/producto\/tershine-apex-potenciador-de-brillo-500-ml\/","title":{"rendered":"Tershine Apex+ \u2013 Potenciador de brillo 500 ml"},"content":{"rendered":"<p>Limpiador r\u00e1pido que proporciona un brillo fant\u00e1stico a la pintura y mantiene la superficie en \u00f3ptimas condiciones. \u00a1Ideal como ayuda para el secado despu\u00e9s de cada lavado! Limpia la superficie a la vez que le da un brillo espectacular. Contiene \u00e1cido ac\u00e9tico que ayuda a disolver las manchas fr\u00edas y otras impurezas que pueden da\u00f1ar la pintura.<\/p>\n<p><strong>Cruel como un tendedero<br \/>\nDa un brillo inmenso<br \/>\nDiluible seg\u00fan sea necesario<br \/>\nLimpiar la pintura<br \/>\nIneficaz contra las manchas de cal.<br \/>\nExtremadamente \u00e1spero<br \/>\nFunciona igual de bien sobre pintura seca o h\u00fameda.<br \/>\nAdecuado para la mayor\u00eda de los materiales, como pintura, pl\u00e1stico y vidrio.<br \/>\nPuede utilizarse en todo tipo de protecci\u00f3n de pintura.<br \/>\nAntiest\u00e1tico<br \/>\nEl producto no est\u00e1 clasificado como sujeto a etiquetado obligatorio seg\u00fan el Reglamento CLP (CE) n.\u00ba 1272\/2008.<\/strong><\/p>\n<p>&nbsp;<\/p>\n<p class=\"p1\"><b>Instrucciones de uso:<\/b><\/p>\n<div data-pm-slice=\"2 2 []\">\n<p><strong>1.<\/strong><span class=\"Apple-converted-space\">\u00a0<\/span>Lava tu coche con Purify\/S \u2013 Champ\u00fa para coches<span class=\"Apple-converted-space\"><br \/>\n<\/span><strong>2.<\/strong><span class=\"Apple-converted-space\">\u00a0<\/span>Aplicar sobre la superficie seca o h\u00fameda, ya sea directamente sobre la pintura o sobre un pa\u00f1o de microfibra.<br \/>\n<strong>3.<\/strong><span class=\"Apple-converted-space\">\u00a0<\/span>Retire el exceso de agua con un pa\u00f1o seco y limpio.<span class=\"Apple-converted-space\"><br \/>\n<\/span><strong>4.<\/strong><span class=\"Apple-converted-space\">\u00a0<\/span>\u00a1Retrocede y contempla la incre\u00edble calidez y la &quot;sensaci\u00f3n 3D&quot; que produce Apex+!<span class=\"Apple-converted-space\"><br \/>\n<\/span><strong>5.<\/strong><span class=\"Apple-converted-space\">\u00a0<\/span>\u00a1Que el brillo te acompa\u00f1e!<\/p>\n<p><strong>Si lo usas sobre esmalte seco, puedes diluirlo con agua o aplicarlo directamente sobre el pa\u00f1o. Es muy espeso, \u00a1as\u00ed que menos es m\u00e1s! Aplica una o dos pulverizaciones sobre el pa\u00f1o y pule.<\/strong><\/p>\n<p><strong>Apex+ es un detallador r\u00e1pido.<\/strong><span style=\"color: #000000;\">\u00a0\u00a1Que proporciona un brillo espectacular! Desarrollado como ayuda para el secado, se roc\u00eda sobre la pintura h\u00fameda y se limpia f\u00e1cilmente. Crea una calidez y profundidad incre\u00edbles en todo tipo de pinturas, pero cobra vida especialmente cuando se aplica sobre Refract \u2013 Ceramic Spray Paint Protection o Magnify \u2013 Coating. Funciona sobre todo tipo de protecci\u00f3n existente y, por supuesto, tambi\u00e9n como producto independiente. Pero si\u00e9ntase libre de combinarlo con cualquiera de los productos mencionados y su brillo alcanzar\u00e1 niveles insospechados.<\/span><\/p>\n<p><strong>\u00a1Tienes que probarlo como ayuda para el secado!<\/strong><\/p>\n<p><strong>\u00bfQu\u00e9 es la ayuda por sequ\u00eda?<\/strong><\/p>\n<p><span style=\"color: #000000; font-family: BlinkMacSystemFont, -apple-system, Segoe UI, Roboto, Oxygen, Ubuntu, Cantarell, Fira Sans, Droid Sans, Helvetica Neue, Helvetica, Arial, sans-serif;\">El modo de secado consiste en aplicar Apex+ \u2013 Gloss Booster directamente sobre la pintura o en el pa\u00f1o de secado, extendi\u00e9ndolo sobre la superficie. Este producto realza el brillo de la pintura, lubrica la superficie para minimizar el riesgo de ara\u00f1azos y proporciona un brillo espectacular.<\/span><\/p>\n<p><strong>Consejo profesional:<\/strong>\u00a0\u00a1A\u00f1ade un chorrito al cubo de champ\u00fa para coches para conseguir un extra de limpieza y brillo!<\/p>\n<p>Extremadamente vers\u00e1til y se puede utilizar en la mayor\u00eda de los tipos de materiales.<\/p>\n<p><span style=\"color: #363636;\"><b>Aroma: Mango\/Lim\u00f3n<\/b><\/span><\/p>\n<\/div>","protected":false},"excerpt":{"rendered":"<p>Apex+ \u2013 Gloss Booster es un producto de limpieza r\u00e1pida dise\u00f1ado para maximizar el brillo de la pintura de su veh\u00edculo. Aporta una profundidad y calidez incre\u00edbles a todo tipo de pinturas y funciona de maravilla como ayuda para el secado despu\u00e9s de cada lavado.<\/p>","protected":false},"featured_media":27742,"comment_status":"open","ping_status":"closed","template":"","meta":{"_acf_changed":false,"_smort_price_nok":"","_smort_price_dkk":"","_smort_price_eur":"","_smort_sale_price_nok":"","_smort_sale_price_dkk":"","_smort_sale_price_eur":"","smort_restorder":"","shipmondo_restorder":"","_kad_blocks_custom_css":"","_kad_blocks_head_custom_js":"","_kad_blocks_body_custom_js":"","_kad_blocks_footer_custom_js":"","smort_custom_pricelist_1":"159.36","smort_custom_pricelist_2":"159.36","smort_custom_pricelist_3":"159.36","smort_custom_pricelist_4":"199.2","smort_custom_pricelist_5":"159.36"},"anvandningsomrade":[],"bilmarken":[],"product_brand":[2893],"product_cat":[2988,378],"product_tag":[],"class_list":{"0":"post-27741","1":"product","2":"type-product","3":"status-publish","4":"has-post-thumbnail","6":"product_brand-tershine","7":"product_cat-biltvatt","8":"product_cat-bilvard","10":"first","11":"onbackorder","12":"taxable","13":"shipping-taxable","14":"purchasable","15":"product-type-simple"},"bundled_by":[],"bundle_stock_status":"onbackorder","bundle_stock_quantity":0,"bundle_virtual":false,"bundle_layout":"","bundle_add_to_cart_form_location":"","bundle_editable_in_cart":false,"bundle_sold_individually_context":"","bundle_item_grouping":"","bundle_min_size":"","bundle_max_size":"","bundle_price":[],"bundled_items":[],"bundle_sell_ids":[],"acf":[],"yoast_head":"<!-- This site is optimized with the Yoast SEO plugin v27.0 - https:\/\/yoast.com\/product\/yoast-seo-wordpress\/ -->\n<title>Tershine Apex+ - Gloss Booster 500 ml - Xenonkungen<\/title>\n<meta name=\"robots\" content=\"index, follow, max-snippet:-1, max-image-preview:large, max-video-preview:-1\" \/>\n<link rel=\"canonical\" href=\"https:\/\/xenonkungen.com\/es\/producto\/tershine-apex-potenciador-de-brillo-500-ml\/\" \/>\n<meta property=\"og:locale\" content=\"es_ES\" \/>\n<meta property=\"og:type\" content=\"article\" \/>\n<meta property=\"og:title\" content=\"Tershine Apex+ - Gloss Booster 500 ml - Xenonkungen\" \/>\n<meta property=\"og:description\" content=\"Apex+ - Gloss Booster \u00e4r en Quick Detailer, utformad f\u00f6r att maximera glansen p\u00e5 ditt fordons lack. Den ger ett otroligt djup och v\u00e4rme till alla typer av lacker och fungerar utm\u00e4rkt som torkst\u00f6d efter varje tv\u00e4tt.\" \/>\n<meta property=\"og:url\" content=\"https:\/\/xenonkungen.com\/es\/producto\/tershine-apex-potenciador-de-brillo-500-ml\/\" \/>\n<meta property=\"og:site_name\" content=\"Xenonkungen\" \/>\n<meta property=\"article:modified_time\" content=\"2026-05-12T13:57:37+00:00\" \/>\n<meta property=\"og:image\" content=\"https:\/\/xenonkungen.com\/wp-content\/uploads\/2026\/03\/vPjhgWqVMxEyl2TfhBkfQuNRVQZCkloNYCaesW6a.webp\" \/>\n\t<meta property=\"og:image:width\" content=\"1024\" \/>\n\t<meta property=\"og:image:height\" content=\"1024\" \/>\n\t<meta property=\"og:image:type\" content=\"image\/webp\" \/>\n<meta name=\"twitter:card\" content=\"summary_large_image\" \/>\n<meta name=\"twitter:label1\" content=\"Tiempo de lectura\" \/>\n\t<meta name=\"twitter:data1\" content=\"3 minutos\" \/>\n<script type=\"application\/ld+json\" class=\"yoast-schema-graph\">{\"@context\":\"https:\/\/schema.org\",\"@graph\":[{\"@type\":\"WebPage\",\"@id\":\"https:\/\/xenonkungen.com\/produkt\/tershine-apex-gloss-booster-500-ml\/\",\"url\":\"https:\/\/xenonkungen.com\/produkt\/tershine-apex-gloss-booster-500-ml\/\",\"name\":\"Tershine Apex+ - Gloss Booster 500 ml - Xenonkungen\",\"isPartOf\":{\"@id\":\"https:\/\/xenonkungen.com\/#website\"},\"primaryImageOfPage\":{\"@id\":\"https:\/\/xenonkungen.com\/produkt\/tershine-apex-gloss-booster-500-ml\/#primaryimage\"},\"image\":{\"@id\":\"https:\/\/xenonkungen.com\/produkt\/tershine-apex-gloss-booster-500-ml\/#primaryimage\"},\"thumbnailUrl\":\"https:\/\/xenonkungen.com\/wp-content\/uploads\/2026\/03\/vPjhgWqVMxEyl2TfhBkfQuNRVQZCkloNYCaesW6a.webp\",\"datePublished\":\"2026-03-13T14:56:04+00:00\",\"dateModified\":\"2026-05-12T13:57:37+00:00\",\"breadcrumb\":{\"@id\":\"https:\/\/xenonkungen.com\/produkt\/tershine-apex-gloss-booster-500-ml\/#breadcrumb\"},\"inLanguage\":\"es\",\"potentialAction\":[{\"@type\":\"ReadAction\",\"target\":[\"https:\/\/xenonkungen.com\/produkt\/tershine-apex-gloss-booster-500-ml\/\"]}]},{\"@type\":\"ImageObject\",\"inLanguage\":\"es\",\"@id\":\"https:\/\/xenonkungen.com\/produkt\/tershine-apex-gloss-booster-500-ml\/#primaryimage\",\"url\":\"https:\/\/xenonkungen.com\/wp-content\/uploads\/2026\/03\/vPjhgWqVMxEyl2TfhBkfQuNRVQZCkloNYCaesW6a.webp\",\"contentUrl\":\"https:\/\/xenonkungen.com\/wp-content\/uploads\/2026\/03\/vPjhgWqVMxEyl2TfhBkfQuNRVQZCkloNYCaesW6a.webp\",\"width\":1024,\"height\":1024},{\"@type\":\"BreadcrumbList\",\"@id\":\"https:\/\/xenonkungen.com\/produkt\/tershine-apex-gloss-booster-500-ml\/#breadcrumb\",\"itemListElement\":[{\"@type\":\"ListItem\",\"position\":1,\"name\":\"Hem\",\"item\":\"https:\/\/xenonkungen.com\/\"},{\"@type\":\"ListItem\",\"position\":2,\"name\":\"Shop\",\"item\":\"https:\/\/xenonkungen.com\/shop\/\"},{\"@type\":\"ListItem\",\"position\":3,\"name\":\"Tershine Apex+ &#8211; Gloss Booster 500 ml\"}]},{\"@type\":\"WebSite\",\"@id\":\"https:\/\/xenonkungen.com\/#website\",\"url\":\"https:\/\/xenonkungen.com\/\",\"name\":\"Xenonkungen\",\"description\":\"\",\"potentialAction\":[{\"@type\":\"SearchAction\",\"target\":{\"@type\":\"EntryPoint\",\"urlTemplate\":\"https:\/\/xenonkungen.com\/?s={search_term_string}\"},\"query-input\":{\"@type\":\"PropertyValueSpecification\",\"valueRequired\":true,\"valueName\":\"search_term_string\"}}],\"inLanguage\":\"es\"}]}<\/script>\n<!-- \/ Yoast SEO plugin. -->","yoast_head_json":{"title":"Tershine Apex+ - Potenciador de brillo 500 ml - El rey del xen\u00f3n","robots":{"index":"index","follow":"follow","max-snippet":"max-snippet:-1","max-image-preview":"max-image-preview:large","max-video-preview":"max-video-preview:-1"},"canonical":"https:\/\/xenonkungen.com\/es\/producto\/tershine-apex-potenciador-de-brillo-500-ml\/","og_locale":"es_ES","og_type":"article","og_title":"Tershine Apex+ - Gloss Booster 500 ml - Xenonkungen","og_description":"Apex+ - Gloss Booster \u00e4r en Quick Detailer, utformad f\u00f6r att maximera glansen p\u00e5 ditt fordons lack. Den ger ett otroligt djup och v\u00e4rme till alla typer av lacker och fungerar utm\u00e4rkt som torkst\u00f6d efter varje tv\u00e4tt.","og_url":"https:\/\/xenonkungen.com\/es\/producto\/tershine-apex-potenciador-de-brillo-500-ml\/","og_site_name":"Xenonkungen","article_modified_time":"2026-05-12T13:57:37+00:00","og_image":[{"width":1024,"height":1024,"url":"https:\/\/xenonkungen.com\/wp-content\/uploads\/2026\/03\/vPjhgWqVMxEyl2TfhBkfQuNRVQZCkloNYCaesW6a.webp","type":"image\/webp"}],"twitter_card":"summary_large_image","twitter_misc":{"Tiempo de lectura":"3 minutos"},"schema":{"@context":"https:\/\/schema.org","@graph":[{"@type":"WebPage","@id":"https:\/\/xenonkungen.com\/produkt\/tershine-apex-gloss-booster-500-ml\/","url":"https:\/\/xenonkungen.com\/produkt\/tershine-apex-gloss-booster-500-ml\/","name":"Tershine Apex+ - Potenciador de brillo 500 ml - El rey del xen\u00f3n","isPartOf":{"@id":"https:\/\/xenonkungen.com\/#website"},"primaryImageOfPage":{"@id":"https:\/\/xenonkungen.com\/produkt\/tershine-apex-gloss-booster-500-ml\/#primaryimage"},"image":{"@id":"https:\/\/xenonkungen.com\/produkt\/tershine-apex-gloss-booster-500-ml\/#primaryimage"},"thumbnailUrl":"https:\/\/xenonkungen.com\/wp-content\/uploads\/2026\/03\/vPjhgWqVMxEyl2TfhBkfQuNRVQZCkloNYCaesW6a.webp","datePublished":"2026-03-13T14:56:04+00:00","dateModified":"2026-05-12T13:57:37+00:00","breadcrumb":{"@id":"https:\/\/xenonkungen.com\/produkt\/tershine-apex-gloss-booster-500-ml\/#breadcrumb"},"inLanguage":"es","potentialAction":[{"@type":"ReadAction","target":["https:\/\/xenonkungen.com\/produkt\/tershine-apex-gloss-booster-500-ml\/"]}]},{"@type":"ImageObject","inLanguage":"es","@id":"https:\/\/xenonkungen.com\/produkt\/tershine-apex-gloss-booster-500-ml\/#primaryimage","url":"https:\/\/xenonkungen.com\/wp-content\/uploads\/2026\/03\/vPjhgWqVMxEyl2TfhBkfQuNRVQZCkloNYCaesW6a.webp","contentUrl":"https:\/\/xenonkungen.com\/wp-content\/uploads\/2026\/03\/vPjhgWqVMxEyl2TfhBkfQuNRVQZCkloNYCaesW6a.webp","width":1024,"height":1024},{"@type":"BreadcrumbList","@id":"https:\/\/xenonkungen.com\/produkt\/tershine-apex-gloss-booster-500-ml\/#breadcrumb","itemListElement":[{"@type":"ListItem","position":1,"name":"Hem","item":"https:\/\/xenonkungen.com\/"},{"@type":"ListItem","position":2,"name":"Shop","item":"https:\/\/xenonkungen.com\/shop\/"},{"@type":"ListItem","position":3,"name":"Tershine Apex+ &#8211; Gloss Booster 500 ml"}]},{"@type":"WebSite","@id":"https:\/\/xenonkungen.com\/#website","url":"https:\/\/xenonkungen.com\/","name":"Xenonkungen","description":"","potentialAction":[{"@type":"SearchAction","target":{"@type":"EntryPoint","urlTemplate":"https:\/\/xenonkungen.com\/?s={search_term_string}"},"query-input":{"@type":"PropertyValueSpecification","valueRequired":true,"valueName":"search_term_string"}}],"inLanguage":"es"}]}},"taxonomy_info":{"product_brand":[{"value":2893,"label":"Tershine"}],"product_cat":[{"value":2988,"label":"1 | Biltv\u00e4tt"},{"value":378,"label":"Bilv\u00e5rd"}]},"featured_image_src_large":["https:\/\/xenonkungen.com\/wp-content\/uploads\/2026\/03\/vPjhgWqVMxEyl2TfhBkfQuNRVQZCkloNYCaesW6a.webp",1024,1024,false],"author_info":[],"comment_info":0,"_links":{"self":[{"href":"https:\/\/xenonkungen.com\/es\/wp-json\/wp\/v2\/product\/27741","targetHints":{"allow":["GET"]}}],"collection":[{"href":"https:\/\/xenonkungen.com\/es\/wp-json\/wp\/v2\/product"}],"about":[{"href":"https:\/\/xenonkungen.com\/es\/wp-json\/wp\/v2\/types\/product"}],"replies":[{"embeddable":true,"href":"https:\/\/xenonkungen.com\/es\/wp-json\/wp\/v2\/comments?post=27741"}],"wp:featuredmedia":[{"embeddable":true,"href":"https:\/\/xenonkungen.com\/es\/wp-json\/wp\/v2\/media\/27742"}],"wp:attachment":[{"href":"https:\/\/xenonkungen.com\/es\/wp-json\/wp\/v2\/media?parent=27741"}],"wp:term":[{"taxonomy":"anvandningsomrade","embeddable":true,"href":"https:\/\/xenonkungen.com\/es\/wp-json\/wp\/v2\/anvandningsomrade?post=27741"},{"taxonomy":"bilmarken","embeddable":true,"href":"https:\/\/xenonkungen.com\/es\/wp-json\/wp\/v2\/bilmarken?post=27741"},{"taxonomy":"product_brand","embeddable":true,"href":"https:\/\/xenonkungen.com\/es\/wp-json\/wp\/v2\/product_brand?post=27741"},{"taxonomy":"product_cat","embeddable":true,"href":"https:\/\/xenonkungen.com\/es\/wp-json\/wp\/v2\/product_cat?post=27741"},{"taxonomy":"product_tag","embeddable":true,"href":"https:\/\/xenonkungen.com\/es\/wp-json\/wp\/v2\/product_tag?post=27741"}],"curies":[{"name":"wp","href":"https:\/\/api.w.org\/{rel}","templated":true}]}}