{"id":27819,"date":"2026-03-16T09:02:23","date_gmt":"2026-03-16T08:02:23","guid":{"rendered":"https:\/\/xenonkungen.com\/?post_type=product&#038;p=27819"},"modified":"2026-04-24T17:47:22","modified_gmt":"2026-04-24T16:47:22","slug":"tershine-disolvente-en-frio-desengrasante-1-l","status":"publish","type":"product","link":"https:\/\/xenonkungen.com\/es\/producto\/tershine-disolvente-en-frio-desengrasante-1-l\/","title":{"rendered":"Tershine Dissolve \u2013 Desengrasante en fr\u00edo 1 L"},"content":{"rendered":"<p>Disoluci\u00f3n: El desengrasado en fr\u00edo se utiliza contra grietas en el asfalto, aceite y otros residuos derivados del petr\u00f3leo, como di\u00e9sel, holl\u00edn, gasolina, grasa, aceite y restos de pegamento. Tambi\u00e9n es ideal contra la sal de carretera, que es una mezcla de todo lo que se ha adherido a la superficie durante el invierno.<\/p>\n<p><strong>Muy eficaz<br \/>\nAroma poco intenso, casi inodoro.<br \/>\nRespetuoso con el pl\u00e1stico, las l\u00e1mparas y el caucho.<br \/>\nEficaz contra la sal de carretera<br \/>\nElimina eficazmente la suciedad del invierno.<br \/>\nPuede aplicarse sobre superficies h\u00famedas.<\/p>\n<p>\u00bfPara qu\u00e9 se utiliza el desengrase en fr\u00edo?<br \/>\n<\/strong><strong><br \/>\n<\/strong>Toda la suciedad derivada del petr\u00f3leo<strong><br \/>\n<\/strong>Grietas en el asfalto\u00a0<strong><br \/>\n<\/strong>Gasolina\/Di\u00e9sel\/holl\u00edn<strong><br \/>\n<\/strong>Sal de carretera<strong><br \/>\n<\/strong>Alquitr\u00e1n, bet\u00fan<strong><br \/>\n<\/strong>lavado del motor<br \/>\nresiduos de pegamento<\/p>\n<p>Dissolve es un desengrasante en fr\u00edo de bajo contenido arom\u00e1tico que disuelve eficazmente el asfalto, el aceite y otras manchas derivadas del petr\u00f3leo. Se puede aplicar tanto en superficies h\u00famedas como secas, lo que lo hace vers\u00e1til y f\u00e1cil de usar en diversas situaciones. Adem\u00e1s, minimiza el riesgo de da\u00f1os o problemas, lo que garantiza su seguridad y facilidad de uso.<\/p>\n<p>Hemos optado por una mezcla m\u00e1s suave (no inflamable) que minimiza el riesgo de da\u00f1os o problemas. Esto significa que puede y debe dejarse actuar un poco m\u00e1s de tiempo que con otros productos. Por supuesto, esto no le resta eficacia.<\/p>\n<p><strong>C\u00f3mo usar Dissolve \u2013 Desengrasado en fr\u00edo<\/strong><\/p>\n<p><strong>1.\u00a0<\/strong>Aplicar uniformemente sobre la superficie (normalmente desde las asas hacia abajo).<br \/>\n<strong>2.<\/strong>\u00a0D\u00e9jelo reposar unos minutos; recuerde que en climas fr\u00edos debe dejarse m\u00e1s tiempo.<br \/>\n<strong>3.\u00a0<\/strong>Enjuague de abajo hacia arriba.<br \/>\n<strong>4.\u00a0<\/strong>Contin\u00fae con el siguiente paso de su procedimiento de lavado.<\/p>\n<p>Por supuesto, es recomendable usarlo, por ejemplo, para lavar el motor y otras superficies muy sucias. Recuerde tambi\u00e9n que el producto debe permanecer m\u00e1s tiempo sobre la superficie a bajas temperaturas (hasta unos 15 minutos). Para obtener mejores resultados, despu\u00e9s del paso 2, se debe usar el desengrasante alcalino Extract junto con Dissolve. Adem\u00e1s, necesitar\u00e1 el desengrasante alcalino Extract; es decir, no basta con desengrasar solo una vez al a\u00f1o.<\/p>\n<p><strong>Fragancia:<\/strong>\u00a0Casi sin fragancia<\/p>\n<p><strong>Las fichas de datos de seguridad est\u00e1n disponibles bajo petici\u00f3n.<\/p>\n<p><img decoding=\"async\" src=\"https:\/\/d3dnwnveix5428.cloudfront.net\/store_72f4e2a4-e492-4ff0-8f8a-c603645bdb5c\/media\/24H05kBSmb7mjBaXEDh16ZGsh8pL6UMxmsYcBS6Z.png\" \/><\/p>\n<p>PELIGRO: Puede ser mortal si se ingiere y entra en las v\u00edas respiratorias.<br \/>\nEl contacto repetido puede provocar sequedad o formaci\u00f3n de grietas en la piel.<br \/>\nEN CASO DE INGESTI\u00d3N: Llamar inmediatamente a un CENTRO DE TOXICOLOG\u00cdA o a un m\u00e9dico.<br \/>\nNo induzca el v\u00f3mito. Mant\u00e9ngalo alejado del calor, chispas y llamas abiertas.<br \/>\nNo fumar. Mantener cerrado con llave. El contenido del contenedor debe dejarse a un<br \/>\nInstalaci\u00f3n de residuos autorizada. Contiene hidrocarburos arom\u00e1ticos &gt;30%.<\/strong><\/p>","protected":false},"excerpt":{"rendered":"<p>Desengrasado en fr\u00edo que disuelve de forma muy eficaz la suciedad a base de aceite, como el asfalto, el alquitr\u00e1n, la sal de carretera y otros residuos derivados del petr\u00f3leo.<\/p>","protected":false},"featured_media":27821,"comment_status":"open","ping_status":"closed","template":"","meta":{"_acf_changed":false,"_smort_price_nok":"","_smort_price_dkk":"","_smort_price_eur":"","_smort_sale_price_nok":"","_smort_sale_price_dkk":"","_smort_sale_price_eur":"","smort_restorder":"","shipmondo_restorder":"","_kad_blocks_custom_css":"","_kad_blocks_head_custom_js":"","_kad_blocks_body_custom_js":"","_kad_blocks_footer_custom_js":"","smort_custom_pricelist_1":"88.96","smort_custom_pricelist_2":"88.96","smort_custom_pricelist_3":"88.96","smort_custom_pricelist_4":"111.2","smort_custom_pricelist_5":"88.96"},"anvandningsomrade":[],"bilmarken":[],"product_brand":[2893],"product_cat":[2989,378],"product_tag":[],"class_list":{"0":"post-27819","1":"product","2":"type-product","3":"status-publish","4":"has-post-thumbnail","6":"product_brand-tershine","7":"product_cat-avfettning","8":"product_cat-bilvard","10":"first","11":"instock","12":"taxable","13":"shipping-taxable","14":"purchasable","15":"product-type-simple"},"bundled_by":[],"bundle_stock_status":"instock","bundle_stock_quantity":1,"bundle_virtual":false,"bundle_layout":"","bundle_add_to_cart_form_location":"","bundle_editable_in_cart":false,"bundle_sold_individually_context":"","bundle_item_grouping":"","bundle_min_size":"","bundle_max_size":"","bundle_price":[],"bundled_items":[],"bundle_sell_ids":[],"acf":[],"yoast_head":"<!-- This site is optimized with the Yoast SEO plugin v27.0 - https:\/\/yoast.com\/product\/yoast-seo-wordpress\/ -->\n<title>Tershine Dissolve - Kallavfettning 1 L - Xenonkungen<\/title>\n<meta name=\"robots\" content=\"index, follow, max-snippet:-1, max-image-preview:large, max-video-preview:-1\" \/>\n<link rel=\"canonical\" href=\"https:\/\/xenonkungen.com\/es\/producto\/tershine-disolvente-en-frio-desengrasante-1-l\/\" \/>\n<meta property=\"og:locale\" content=\"es_ES\" \/>\n<meta property=\"og:type\" content=\"article\" \/>\n<meta property=\"og:title\" content=\"Tershine Dissolve - Kallavfettning 1 L - Xenonkungen\" \/>\n<meta property=\"og:description\" content=\"Kallavfettning som mycket effektivt l\u00f6ser oljebaserad smuts som asfalt, tj\u00e4ra, v\u00e4gsalt och annan petroleumbaserad smuts.\" \/>\n<meta property=\"og:url\" content=\"https:\/\/xenonkungen.com\/es\/producto\/tershine-disolvente-en-frio-desengrasante-1-l\/\" \/>\n<meta property=\"og:site_name\" content=\"Xenonkungen\" \/>\n<meta property=\"article:modified_time\" content=\"2026-04-24T16:47:22+00:00\" \/>\n<meta property=\"og:image\" content=\"https:\/\/xenonkungen.com\/wp-content\/uploads\/2026\/03\/t2Wlub1EElWd86heYHaENA76CkY9TR6e9d1DKPGT.webp\" \/>\n\t<meta property=\"og:image:width\" content=\"1024\" \/>\n\t<meta property=\"og:image:height\" content=\"1024\" \/>\n\t<meta property=\"og:image:type\" content=\"image\/webp\" \/>\n<meta name=\"twitter:card\" content=\"summary_large_image\" \/>\n<meta name=\"twitter:label1\" content=\"Tiempo de lectura\" \/>\n\t<meta name=\"twitter:data1\" content=\"3 minutos\" \/>\n<script type=\"application\/ld+json\" class=\"yoast-schema-graph\">{\"@context\":\"https:\/\/schema.org\",\"@graph\":[{\"@type\":\"WebPage\",\"@id\":\"https:\/\/xenonkungen.com\/produkt\/tershine-dissolve-kallavfettning-1-l\/\",\"url\":\"https:\/\/xenonkungen.com\/produkt\/tershine-dissolve-kallavfettning-1-l\/\",\"name\":\"Tershine Dissolve - Kallavfettning 1 L - Xenonkungen\",\"isPartOf\":{\"@id\":\"https:\/\/xenonkungen.com\/#website\"},\"primaryImageOfPage\":{\"@id\":\"https:\/\/xenonkungen.com\/produkt\/tershine-dissolve-kallavfettning-1-l\/#primaryimage\"},\"image\":{\"@id\":\"https:\/\/xenonkungen.com\/produkt\/tershine-dissolve-kallavfettning-1-l\/#primaryimage\"},\"thumbnailUrl\":\"https:\/\/xenonkungen.com\/wp-content\/uploads\/2026\/03\/t2Wlub1EElWd86heYHaENA76CkY9TR6e9d1DKPGT.webp\",\"datePublished\":\"2026-03-16T08:02:23+00:00\",\"dateModified\":\"2026-04-24T16:47:22+00:00\",\"breadcrumb\":{\"@id\":\"https:\/\/xenonkungen.com\/produkt\/tershine-dissolve-kallavfettning-1-l\/#breadcrumb\"},\"inLanguage\":\"es\",\"potentialAction\":[{\"@type\":\"ReadAction\",\"target\":[\"https:\/\/xenonkungen.com\/produkt\/tershine-dissolve-kallavfettning-1-l\/\"]}]},{\"@type\":\"ImageObject\",\"inLanguage\":\"es\",\"@id\":\"https:\/\/xenonkungen.com\/produkt\/tershine-dissolve-kallavfettning-1-l\/#primaryimage\",\"url\":\"https:\/\/xenonkungen.com\/wp-content\/uploads\/2026\/03\/t2Wlub1EElWd86heYHaENA76CkY9TR6e9d1DKPGT.webp\",\"contentUrl\":\"https:\/\/xenonkungen.com\/wp-content\/uploads\/2026\/03\/t2Wlub1EElWd86heYHaENA76CkY9TR6e9d1DKPGT.webp\",\"width\":1024,\"height\":1024},{\"@type\":\"BreadcrumbList\",\"@id\":\"https:\/\/xenonkungen.com\/produkt\/tershine-dissolve-kallavfettning-1-l\/#breadcrumb\",\"itemListElement\":[{\"@type\":\"ListItem\",\"position\":1,\"name\":\"Hem\",\"item\":\"https:\/\/xenonkungen.com\/\"},{\"@type\":\"ListItem\",\"position\":2,\"name\":\"Shop\",\"item\":\"https:\/\/xenonkungen.com\/shop\/\"},{\"@type\":\"ListItem\",\"position\":3,\"name\":\"Tershine Dissolve &#8211; Kallavfettning 1 L\"}]},{\"@type\":\"WebSite\",\"@id\":\"https:\/\/xenonkungen.com\/#website\",\"url\":\"https:\/\/xenonkungen.com\/\",\"name\":\"Xenonkungen\",\"description\":\"\",\"potentialAction\":[{\"@type\":\"SearchAction\",\"target\":{\"@type\":\"EntryPoint\",\"urlTemplate\":\"https:\/\/xenonkungen.com\/?s={search_term_string}\"},\"query-input\":{\"@type\":\"PropertyValueSpecification\",\"valueRequired\":true,\"valueName\":\"search_term_string\"}}],\"inLanguage\":\"es\"}]}<\/script>\n<!-- \/ Yoast SEO plugin. -->","yoast_head_json":{"title":"Tershine Dissolve - Desengrasante en fr\u00edo 1 L - Xenonkungen","robots":{"index":"index","follow":"follow","max-snippet":"max-snippet:-1","max-image-preview":"max-image-preview:large","max-video-preview":"max-video-preview:-1"},"canonical":"https:\/\/xenonkungen.com\/es\/producto\/tershine-disolvente-en-frio-desengrasante-1-l\/","og_locale":"es_ES","og_type":"article","og_title":"Tershine Dissolve - Kallavfettning 1 L - Xenonkungen","og_description":"Kallavfettning som mycket effektivt l\u00f6ser oljebaserad smuts som asfalt, tj\u00e4ra, v\u00e4gsalt och annan petroleumbaserad smuts.","og_url":"https:\/\/xenonkungen.com\/es\/producto\/tershine-disolvente-en-frio-desengrasante-1-l\/","og_site_name":"Xenonkungen","article_modified_time":"2026-04-24T16:47:22+00:00","og_image":[{"width":1024,"height":1024,"url":"https:\/\/xenonkungen.com\/wp-content\/uploads\/2026\/03\/t2Wlub1EElWd86heYHaENA76CkY9TR6e9d1DKPGT.webp","type":"image\/webp"}],"twitter_card":"summary_large_image","twitter_misc":{"Tiempo de lectura":"3 minutos"},"schema":{"@context":"https:\/\/schema.org","@graph":[{"@type":"WebPage","@id":"https:\/\/xenonkungen.com\/produkt\/tershine-dissolve-kallavfettning-1-l\/","url":"https:\/\/xenonkungen.com\/produkt\/tershine-dissolve-kallavfettning-1-l\/","name":"Tershine Dissolve - Desengrasante en fr\u00edo 1 L - Xenonkungen","isPartOf":{"@id":"https:\/\/xenonkungen.com\/#website"},"primaryImageOfPage":{"@id":"https:\/\/xenonkungen.com\/produkt\/tershine-dissolve-kallavfettning-1-l\/#primaryimage"},"image":{"@id":"https:\/\/xenonkungen.com\/produkt\/tershine-dissolve-kallavfettning-1-l\/#primaryimage"},"thumbnailUrl":"https:\/\/xenonkungen.com\/wp-content\/uploads\/2026\/03\/t2Wlub1EElWd86heYHaENA76CkY9TR6e9d1DKPGT.webp","datePublished":"2026-03-16T08:02:23+00:00","dateModified":"2026-04-24T16:47:22+00:00","breadcrumb":{"@id":"https:\/\/xenonkungen.com\/produkt\/tershine-dissolve-kallavfettning-1-l\/#breadcrumb"},"inLanguage":"es","potentialAction":[{"@type":"ReadAction","target":["https:\/\/xenonkungen.com\/produkt\/tershine-dissolve-kallavfettning-1-l\/"]}]},{"@type":"ImageObject","inLanguage":"es","@id":"https:\/\/xenonkungen.com\/produkt\/tershine-dissolve-kallavfettning-1-l\/#primaryimage","url":"https:\/\/xenonkungen.com\/wp-content\/uploads\/2026\/03\/t2Wlub1EElWd86heYHaENA76CkY9TR6e9d1DKPGT.webp","contentUrl":"https:\/\/xenonkungen.com\/wp-content\/uploads\/2026\/03\/t2Wlub1EElWd86heYHaENA76CkY9TR6e9d1DKPGT.webp","width":1024,"height":1024},{"@type":"BreadcrumbList","@id":"https:\/\/xenonkungen.com\/produkt\/tershine-dissolve-kallavfettning-1-l\/#breadcrumb","itemListElement":[{"@type":"ListItem","position":1,"name":"Hem","item":"https:\/\/xenonkungen.com\/"},{"@type":"ListItem","position":2,"name":"Shop","item":"https:\/\/xenonkungen.com\/shop\/"},{"@type":"ListItem","position":3,"name":"Tershine Dissolve &#8211; Kallavfettning 1 L"}]},{"@type":"WebSite","@id":"https:\/\/xenonkungen.com\/#website","url":"https:\/\/xenonkungen.com\/","name":"Xenonkungen","description":"","potentialAction":[{"@type":"SearchAction","target":{"@type":"EntryPoint","urlTemplate":"https:\/\/xenonkungen.com\/?s={search_term_string}"},"query-input":{"@type":"PropertyValueSpecification","valueRequired":true,"valueName":"search_term_string"}}],"inLanguage":"es"}]}},"taxonomy_info":{"product_brand":[{"value":2893,"label":"Tershine"}],"product_cat":[{"value":2989,"label":"2 | Avfettning"},{"value":378,"label":"Bilv\u00e5rd"}]},"featured_image_src_large":["https:\/\/xenonkungen.com\/wp-content\/uploads\/2026\/03\/t2Wlub1EElWd86heYHaENA76CkY9TR6e9d1DKPGT.webp",1024,1024,false],"author_info":[],"comment_info":0,"_links":{"self":[{"href":"https:\/\/xenonkungen.com\/es\/wp-json\/wp\/v2\/product\/27819","targetHints":{"allow":["GET"]}}],"collection":[{"href":"https:\/\/xenonkungen.com\/es\/wp-json\/wp\/v2\/product"}],"about":[{"href":"https:\/\/xenonkungen.com\/es\/wp-json\/wp\/v2\/types\/product"}],"replies":[{"embeddable":true,"href":"https:\/\/xenonkungen.com\/es\/wp-json\/wp\/v2\/comments?post=27819"}],"wp:featuredmedia":[{"embeddable":true,"href":"https:\/\/xenonkungen.com\/es\/wp-json\/wp\/v2\/media\/27821"}],"wp:attachment":[{"href":"https:\/\/xenonkungen.com\/es\/wp-json\/wp\/v2\/media?parent=27819"}],"wp:term":[{"taxonomy":"anvandningsomrade","embeddable":true,"href":"https:\/\/xenonkungen.com\/es\/wp-json\/wp\/v2\/anvandningsomrade?post=27819"},{"taxonomy":"bilmarken","embeddable":true,"href":"https:\/\/xenonkungen.com\/es\/wp-json\/wp\/v2\/bilmarken?post=27819"},{"taxonomy":"product_brand","embeddable":true,"href":"https:\/\/xenonkungen.com\/es\/wp-json\/wp\/v2\/product_brand?post=27819"},{"taxonomy":"product_cat","embeddable":true,"href":"https:\/\/xenonkungen.com\/es\/wp-json\/wp\/v2\/product_cat?post=27819"},{"taxonomy":"product_tag","embeddable":true,"href":"https:\/\/xenonkungen.com\/es\/wp-json\/wp\/v2\/product_tag?post=27819"}],"curies":[{"name":"wp","href":"https:\/\/api.w.org\/{rel}","templated":true}]}}