{"id":27824,"date":"2026-03-16T09:09:23","date_gmt":"2026-03-16T08:09:23","guid":{"rendered":"https:\/\/xenonkungen.com\/?post_type=product&#038;p=27824"},"modified":"2026-05-12T14:38:00","modified_gmt":"2026-05-12T13:38:00","slug":"tershine-disolvente-desengrasante-en-frio-5-l","status":"publish","type":"product","link":"https:\/\/xenonkungen.com\/es\/producto\/tershine-disolvente-desengrasante-en-frio-5-l\/","title":{"rendered":"Tershine Dissolve \u2013 Desengrasante en fr\u00edo 5 L"},"content":{"rendered":"<p>El desengrase en fr\u00edo se utiliza contra las grietas del asfalto y otras impurezas derivadas del petr\u00f3leo, como di\u00e9sel, holl\u00edn, gasolina, grasa, aceite y residuos de adhesivos.<\/p>\n<p><strong>Muy eficaz<br \/>\nAroma poco intenso, casi inodoro.<br \/>\nRespetuoso con el pl\u00e1stico, las l\u00e1mparas y el caucho.<br \/>\nEficaz contra la sal de carretera<br \/>\nElimina eficazmente la suciedad del invierno.<br \/>\nPreparado para usar<br \/>\nPuede aplicarse sobre superficies h\u00famedas.<br \/>\nLibre de PFAS<\/strong><\/p>\n<p>Dissolve 5000 ml es un desengrasante en fr\u00edo de bajo aroma (pr\u00e1cticamente imperceptible) que disuelve eficazmente asfalto, aceite y otras manchas derivadas del petr\u00f3leo. Se puede aplicar tanto en superficies h\u00famedas como secas. He optado por una f\u00f3rmula m\u00e1s suave (no inflamable) que minimiza el riesgo de da\u00f1os o problemas. Esto significa que puede y debe permanecer un poco m\u00e1s de tiempo que otros productos. Por supuesto, esto no le resta eficacia.<\/p>\n<p><strong>1.\u00a0<\/strong>Aplicar uniformemente sobre la superficie (normalmente desde las asas hacia abajo).<br \/>\n<strong>2.<\/strong>\u00a0D\u00e9jelo reposar unos minutos; recuerde que en climas fr\u00edos debe reposar durante mucho m\u00e1s tiempo.<br \/>\n<strong>3.<\/strong>\u00a0Enjuague de abajo hacia arriba.<br \/>\n<strong>4.<\/strong>\u00a0Contin\u00fae con el siguiente paso de su procedimiento de lavado.<\/p>\n<p>PD: Por supuesto, se puede usar, por ejemplo, para lavar el motor, etc. Recuerde tambi\u00e9n que el producto debe permanecer m\u00e1s tiempo en la superficie a bajas temperaturas (hasta unos 15 minutos). Para obtener mejores resultados, Extract tambi\u00e9n debe usarse despu\u00e9s de Dissolve \u2013 Cold degreasing, tras el paso 2. Tambi\u00e9n ser\u00e1 necesario Extract \u2013 Alkaline degreasing; es decir, no basta con desengrasar solo una vez al a\u00f1o. Si tiene manchas de asfalto muy persistentes que no desaparecen, Prime \u2013 Panel Wipe es absolutamente m\u00e1gico para eliminarlas, as\u00ed que pru\u00e9belo en zonas espec\u00edficas.<\/p>\n<h6>Las hojas de datos de seguridad est\u00e1n disponibles a solicitud.<\/h6>\n<p><img decoding=\"async\" src=\"https:\/\/d3dnwnveix5428.cloudfront.net\/store_72f4e2a4-e492-4ff0-8f8a-c603645bdb5c\/media\/OZlcs529hYIqb5zYGL3Ariy4cKiV85SbGfjVRwnD.png\" \/><\/p>\n<h6>PELIGRO: Puede ser mortal si se ingiere y entra en las v\u00edas respiratorias.<br \/>\nEl contacto repetido puede provocar sequedad o formaci\u00f3n de grietas en la piel.<br \/>\nEN CASO DE INGESTI\u00d3N: Llamar inmediatamente a un CENTRO DE TOXICOLOG\u00cdA o a un m\u00e9dico.<br \/>\nNo induzca el v\u00f3mito. Mant\u00e9ngalo alejado del calor, chispas y llamas abiertas.<br \/>\nNo fumar. Mantener cerrado con llave. El contenido del contenedor debe dejarse a un<br \/>\nInstalaci\u00f3n de residuos autorizada. Contiene hidrocarburos arom\u00e1ticos &gt;30%.<\/h6>","protected":false},"excerpt":{"rendered":"<p>Desengrasante en fr\u00edo eficaz y pr\u00e1cticamente inodoro que disuelve el asfalto, el alquitr\u00e1n y el aceite sin sustancias nocivas.<\/p>","protected":false},"featured_media":27825,"comment_status":"open","ping_status":"closed","template":"","meta":{"_acf_changed":false,"_smort_price_nok":"","_smort_price_dkk":"","_smort_price_eur":"","_smort_sale_price_nok":"","_smort_sale_price_dkk":"","_smort_sale_price_eur":"","smort_restorder":"","shipmondo_restorder":"","_kad_blocks_custom_css":"","_kad_blocks_head_custom_js":"","_kad_blocks_body_custom_js":"","_kad_blocks_footer_custom_js":"","smort_custom_pricelist_1":"319.36","smort_custom_pricelist_2":"319.36","smort_custom_pricelist_3":"319.36","smort_custom_pricelist_4":"399.2","smort_custom_pricelist_5":"319.36"},"anvandningsomrade":[],"bilmarken":[],"product_brand":[2893],"product_cat":[2989,378],"product_tag":[],"class_list":{"0":"post-27824","1":"product","2":"type-product","3":"status-publish","4":"has-post-thumbnail","6":"product_brand-tershine","7":"product_cat-avfettning","8":"product_cat-bilvard","10":"first","11":"onbackorder","12":"taxable","13":"shipping-taxable","14":"purchasable","15":"product-type-simple"},"bundled_by":[],"bundle_stock_status":"onbackorder","bundle_stock_quantity":0,"bundle_virtual":false,"bundle_layout":"","bundle_add_to_cart_form_location":"","bundle_editable_in_cart":false,"bundle_sold_individually_context":"","bundle_item_grouping":"","bundle_min_size":"","bundle_max_size":"","bundle_price":[],"bundled_items":[],"bundle_sell_ids":[],"acf":[],"yoast_head":"<!-- This site is optimized with the Yoast SEO plugin v27.0 - https:\/\/yoast.com\/product\/yoast-seo-wordpress\/ -->\n<title>Tershine Dissolve - Kallavfettning 5 L - Xenonkungen<\/title>\n<meta name=\"robots\" content=\"index, follow, max-snippet:-1, max-image-preview:large, max-video-preview:-1\" \/>\n<link rel=\"canonical\" href=\"https:\/\/xenonkungen.com\/es\/producto\/tershine-disolvente-desengrasante-en-frio-5-l\/\" \/>\n<meta property=\"og:locale\" content=\"es_ES\" \/>\n<meta property=\"og:type\" content=\"article\" \/>\n<meta property=\"og:title\" content=\"Tershine Dissolve - Kallavfettning 5 L - Xenonkungen\" \/>\n<meta property=\"og:description\" content=\"Effektiv och n\u00e4stintill doftfri kallavfettning som l\u00f6ser asfalt, tj\u00e4ra och olja utan skadliga \u00e4mnen.\" \/>\n<meta property=\"og:url\" content=\"https:\/\/xenonkungen.com\/es\/producto\/tershine-disolvente-desengrasante-en-frio-5-l\/\" \/>\n<meta property=\"og:site_name\" content=\"Xenonkungen\" \/>\n<meta property=\"article:modified_time\" content=\"2026-05-12T13:38:00+00:00\" \/>\n<meta property=\"og:image\" content=\"https:\/\/xenonkungen.com\/wp-content\/uploads\/2026\/03\/FZ7sDLZry6uKKhaFVZWaKycEqnwPDuBdfx0KNOqX.webp\" \/>\n\t<meta property=\"og:image:width\" content=\"1024\" \/>\n\t<meta property=\"og:image:height\" content=\"1024\" \/>\n\t<meta property=\"og:image:type\" content=\"image\/webp\" \/>\n<meta name=\"twitter:card\" content=\"summary_large_image\" \/>\n<meta name=\"twitter:label1\" content=\"Tiempo de lectura\" \/>\n\t<meta name=\"twitter:data1\" content=\"2 minutos\" \/>\n<script type=\"application\/ld+json\" class=\"yoast-schema-graph\">{\"@context\":\"https:\/\/schema.org\",\"@graph\":[{\"@type\":\"WebPage\",\"@id\":\"https:\/\/xenonkungen.com\/produkt\/tershine-dissolve-kallavfettning-5-l\/\",\"url\":\"https:\/\/xenonkungen.com\/produkt\/tershine-dissolve-kallavfettning-5-l\/\",\"name\":\"Tershine Dissolve - Kallavfettning 5 L - Xenonkungen\",\"isPartOf\":{\"@id\":\"https:\/\/xenonkungen.com\/#website\"},\"primaryImageOfPage\":{\"@id\":\"https:\/\/xenonkungen.com\/produkt\/tershine-dissolve-kallavfettning-5-l\/#primaryimage\"},\"image\":{\"@id\":\"https:\/\/xenonkungen.com\/produkt\/tershine-dissolve-kallavfettning-5-l\/#primaryimage\"},\"thumbnailUrl\":\"https:\/\/xenonkungen.com\/wp-content\/uploads\/2026\/03\/FZ7sDLZry6uKKhaFVZWaKycEqnwPDuBdfx0KNOqX.webp\",\"datePublished\":\"2026-03-16T08:09:23+00:00\",\"dateModified\":\"2026-05-12T13:38:00+00:00\",\"breadcrumb\":{\"@id\":\"https:\/\/xenonkungen.com\/produkt\/tershine-dissolve-kallavfettning-5-l\/#breadcrumb\"},\"inLanguage\":\"es\",\"potentialAction\":[{\"@type\":\"ReadAction\",\"target\":[\"https:\/\/xenonkungen.com\/produkt\/tershine-dissolve-kallavfettning-5-l\/\"]}]},{\"@type\":\"ImageObject\",\"inLanguage\":\"es\",\"@id\":\"https:\/\/xenonkungen.com\/produkt\/tershine-dissolve-kallavfettning-5-l\/#primaryimage\",\"url\":\"https:\/\/xenonkungen.com\/wp-content\/uploads\/2026\/03\/FZ7sDLZry6uKKhaFVZWaKycEqnwPDuBdfx0KNOqX.webp\",\"contentUrl\":\"https:\/\/xenonkungen.com\/wp-content\/uploads\/2026\/03\/FZ7sDLZry6uKKhaFVZWaKycEqnwPDuBdfx0KNOqX.webp\",\"width\":1024,\"height\":1024},{\"@type\":\"BreadcrumbList\",\"@id\":\"https:\/\/xenonkungen.com\/produkt\/tershine-dissolve-kallavfettning-5-l\/#breadcrumb\",\"itemListElement\":[{\"@type\":\"ListItem\",\"position\":1,\"name\":\"Hem\",\"item\":\"https:\/\/xenonkungen.com\/\"},{\"@type\":\"ListItem\",\"position\":2,\"name\":\"Shop\",\"item\":\"https:\/\/xenonkungen.com\/shop\/\"},{\"@type\":\"ListItem\",\"position\":3,\"name\":\"Tershine Dissolve &#8211; Kallavfettning 5 L\"}]},{\"@type\":\"WebSite\",\"@id\":\"https:\/\/xenonkungen.com\/#website\",\"url\":\"https:\/\/xenonkungen.com\/\",\"name\":\"Xenonkungen\",\"description\":\"\",\"potentialAction\":[{\"@type\":\"SearchAction\",\"target\":{\"@type\":\"EntryPoint\",\"urlTemplate\":\"https:\/\/xenonkungen.com\/?s={search_term_string}\"},\"query-input\":{\"@type\":\"PropertyValueSpecification\",\"valueRequired\":true,\"valueName\":\"search_term_string\"}}],\"inLanguage\":\"es\"}]}<\/script>\n<!-- \/ Yoast SEO plugin. -->","yoast_head_json":{"title":"Tershine Dissolve - Desengrasante en fr\u00edo 5 L - Xenonkungen","robots":{"index":"index","follow":"follow","max-snippet":"max-snippet:-1","max-image-preview":"max-image-preview:large","max-video-preview":"max-video-preview:-1"},"canonical":"https:\/\/xenonkungen.com\/es\/producto\/tershine-disolvente-desengrasante-en-frio-5-l\/","og_locale":"es_ES","og_type":"article","og_title":"Tershine Dissolve - Kallavfettning 5 L - Xenonkungen","og_description":"Effektiv och n\u00e4stintill doftfri kallavfettning som l\u00f6ser asfalt, tj\u00e4ra och olja utan skadliga \u00e4mnen.","og_url":"https:\/\/xenonkungen.com\/es\/producto\/tershine-disolvente-desengrasante-en-frio-5-l\/","og_site_name":"Xenonkungen","article_modified_time":"2026-05-12T13:38:00+00:00","og_image":[{"width":1024,"height":1024,"url":"https:\/\/xenonkungen.com\/wp-content\/uploads\/2026\/03\/FZ7sDLZry6uKKhaFVZWaKycEqnwPDuBdfx0KNOqX.webp","type":"image\/webp"}],"twitter_card":"summary_large_image","twitter_misc":{"Tiempo de lectura":"2 minutos"},"schema":{"@context":"https:\/\/schema.org","@graph":[{"@type":"WebPage","@id":"https:\/\/xenonkungen.com\/produkt\/tershine-dissolve-kallavfettning-5-l\/","url":"https:\/\/xenonkungen.com\/produkt\/tershine-dissolve-kallavfettning-5-l\/","name":"Tershine Dissolve - Desengrasante en fr\u00edo 5 L - Xenonkungen","isPartOf":{"@id":"https:\/\/xenonkungen.com\/#website"},"primaryImageOfPage":{"@id":"https:\/\/xenonkungen.com\/produkt\/tershine-dissolve-kallavfettning-5-l\/#primaryimage"},"image":{"@id":"https:\/\/xenonkungen.com\/produkt\/tershine-dissolve-kallavfettning-5-l\/#primaryimage"},"thumbnailUrl":"https:\/\/xenonkungen.com\/wp-content\/uploads\/2026\/03\/FZ7sDLZry6uKKhaFVZWaKycEqnwPDuBdfx0KNOqX.webp","datePublished":"2026-03-16T08:09:23+00:00","dateModified":"2026-05-12T13:38:00+00:00","breadcrumb":{"@id":"https:\/\/xenonkungen.com\/produkt\/tershine-dissolve-kallavfettning-5-l\/#breadcrumb"},"inLanguage":"es","potentialAction":[{"@type":"ReadAction","target":["https:\/\/xenonkungen.com\/produkt\/tershine-dissolve-kallavfettning-5-l\/"]}]},{"@type":"ImageObject","inLanguage":"es","@id":"https:\/\/xenonkungen.com\/produkt\/tershine-dissolve-kallavfettning-5-l\/#primaryimage","url":"https:\/\/xenonkungen.com\/wp-content\/uploads\/2026\/03\/FZ7sDLZry6uKKhaFVZWaKycEqnwPDuBdfx0KNOqX.webp","contentUrl":"https:\/\/xenonkungen.com\/wp-content\/uploads\/2026\/03\/FZ7sDLZry6uKKhaFVZWaKycEqnwPDuBdfx0KNOqX.webp","width":1024,"height":1024},{"@type":"BreadcrumbList","@id":"https:\/\/xenonkungen.com\/produkt\/tershine-dissolve-kallavfettning-5-l\/#breadcrumb","itemListElement":[{"@type":"ListItem","position":1,"name":"Hem","item":"https:\/\/xenonkungen.com\/"},{"@type":"ListItem","position":2,"name":"Shop","item":"https:\/\/xenonkungen.com\/shop\/"},{"@type":"ListItem","position":3,"name":"Tershine Dissolve &#8211; Kallavfettning 5 L"}]},{"@type":"WebSite","@id":"https:\/\/xenonkungen.com\/#website","url":"https:\/\/xenonkungen.com\/","name":"Xenonkungen","description":"","potentialAction":[{"@type":"SearchAction","target":{"@type":"EntryPoint","urlTemplate":"https:\/\/xenonkungen.com\/?s={search_term_string}"},"query-input":{"@type":"PropertyValueSpecification","valueRequired":true,"valueName":"search_term_string"}}],"inLanguage":"es"}]}},"taxonomy_info":{"product_brand":[{"value":2893,"label":"Tershine"}],"product_cat":[{"value":2989,"label":"2 | Avfettning"},{"value":378,"label":"Bilv\u00e5rd"}]},"featured_image_src_large":["https:\/\/xenonkungen.com\/wp-content\/uploads\/2026\/03\/FZ7sDLZry6uKKhaFVZWaKycEqnwPDuBdfx0KNOqX.webp",1024,1024,false],"author_info":[],"comment_info":0,"_links":{"self":[{"href":"https:\/\/xenonkungen.com\/es\/wp-json\/wp\/v2\/product\/27824","targetHints":{"allow":["GET"]}}],"collection":[{"href":"https:\/\/xenonkungen.com\/es\/wp-json\/wp\/v2\/product"}],"about":[{"href":"https:\/\/xenonkungen.com\/es\/wp-json\/wp\/v2\/types\/product"}],"replies":[{"embeddable":true,"href":"https:\/\/xenonkungen.com\/es\/wp-json\/wp\/v2\/comments?post=27824"}],"wp:featuredmedia":[{"embeddable":true,"href":"https:\/\/xenonkungen.com\/es\/wp-json\/wp\/v2\/media\/27825"}],"wp:attachment":[{"href":"https:\/\/xenonkungen.com\/es\/wp-json\/wp\/v2\/media?parent=27824"}],"wp:term":[{"taxonomy":"anvandningsomrade","embeddable":true,"href":"https:\/\/xenonkungen.com\/es\/wp-json\/wp\/v2\/anvandningsomrade?post=27824"},{"taxonomy":"bilmarken","embeddable":true,"href":"https:\/\/xenonkungen.com\/es\/wp-json\/wp\/v2\/bilmarken?post=27824"},{"taxonomy":"product_brand","embeddable":true,"href":"https:\/\/xenonkungen.com\/es\/wp-json\/wp\/v2\/product_brand?post=27824"},{"taxonomy":"product_cat","embeddable":true,"href":"https:\/\/xenonkungen.com\/es\/wp-json\/wp\/v2\/product_cat?post=27824"},{"taxonomy":"product_tag","embeddable":true,"href":"https:\/\/xenonkungen.com\/es\/wp-json\/wp\/v2\/product_tag?post=27824"}],"curies":[{"name":"wp","href":"https:\/\/api.w.org\/{rel}","templated":true}]}}