{"id":27835,"date":"2026-03-16T09:42:31","date_gmt":"2026-03-16T08:42:31","guid":{"rendered":"https:\/\/xenonkungen.com\/?post_type=product&#038;p=27835"},"modified":"2026-05-04T10:49:13","modified_gmt":"2026-05-04T09:49:13","slug":"extracto-de-tershine-desengrasante-alcalino-1-l","status":"publish","type":"product","link":"https:\/\/xenonkungen.com\/es\/producto\/extracto-de-tershine-desengrasante-alcalino-1-l\/","title":{"rendered":"Extracto Tershine \u2013 Desengrasante alcalino 1 L"},"content":{"rendered":"<p>Desengrasante alcalino superconcentrado que elimina eficazmente todo tipo de suciedad org\u00e1nica como moscas, insectos, residuos de la carretera, algas, polen, moho y otros crecimientos. \u00a1Imprescindible en cada lavado!<\/p>\n<p><strong>Extremadamente generoso, 1 litro rinde m\u00e1s de 20 litros de producto terminado.<br \/>\nAsequible<br \/>\nCruel como exterminador de insectos<br \/>\nMuy eficaz en la mayor\u00eda de los materiales.<br \/>\nTrabaja en coches, autocaravanas, caravanas, barcos, terrazas, fachadas, ba\u00f1os, etc.<br \/>\n\u00bfFunciona el ca\u00f1\u00f3n en Foam Lance?<br \/>\nAmigable con el aluminio<br \/>\nDisponible en varios tama\u00f1os.<br \/>\nHuele bien a melocot\u00f3n<br \/>\nLos tensioactivos contenidos en esta preparaci\u00f3n cumplen los criterios de biodegradabilidad del Reglamento (CE) n.\u00ba 648\/2004 de la UE relativo a los detergentes.<br \/>\nEl producto no est\u00e1 clasificado como sujeto a etiquetado obligatorio seg\u00fan el Reglamento CLP (CE) n.\u00ba 1272\/2008.<\/p>\n<p>\u00bfPara qu\u00e9 se utiliza el desengrasado alcalino?<\/p>\n<p><\/strong>Disuelve todo tipo de suciedad org\u00e1nica.<strong><br \/>\n<\/strong>Moscas, mosquitos e insectos<strong><br \/>\n<\/strong>Pel\u00edcula de tr\u00e1fico<strong><br \/>\n<\/strong>Algas y bioincrustaciones<strong><br \/>\n<\/strong>Moho<strong><br \/>\n<\/strong>Perfecto para coche, caravana, autocaravana, motocicleta, terraza y barco.<strong><br \/>\n<\/strong>Ba\u00f1o, fachada y la mayor\u00eda de las superficies<br \/>\nEstable<br \/>\nFachada de madera<\/p>\n<p><strong>C\u00f3mo diluir el extracto \u2013 Desengrasante alcalino:<\/strong><\/p>\n<p><strong>Mezcla d\u00e9bil:<\/strong>\u00a0\u00a02-4% concentrado resto agua<br \/>\n<strong>Mezcla normal:\u00a0<\/strong>\u00a05-7% concentrado resto agua<br \/>\n<strong>Mezcla fuerte:\u00a0<\/strong>10-15% concentrado resto agua<br \/>\n<strong>Mezcla muy fuerte:<\/strong>\u00a015-25% concentrado resto agua<br \/>\n<strong>Mezcla extremadamente fuerte:<\/strong>\u00a050-100% (no dejar secar)<\/p>\n<p>Extract es un desengrasante alcalino superconcentrado y altamente eficaz, perfecto para todo tipo de veh\u00edculos, suelos, fachadas, terrazas de madera, etc. Elimina todo tipo de suciedad org\u00e1nica y tiene un agradable aroma a melocot\u00f3n. Mezcle 3-15% con 1 litro de agua para obtener m\u00e1s de 20 litros de producto listo para usar. Tambi\u00e9n funciona de maravilla para la suciedad m\u00e1s incrustada en suelos de talleres, moquetas, gelcoat, etc.<\/p>\n<p><strong>\u00daselo de esta manera:<\/strong><\/p>\n<p><strong>1.\u00a0<\/strong>Mezclar 3-15% con agua (seg\u00fan el grado de suciedad).<br \/>\n<strong>2.\u00a0<\/strong>Roc\u00ede sobre la zona seleccionada y deje actuar de 5 a 15 minutos (no deje que se seque).<br \/>\n<strong>3.\u00a0<\/strong>Enjuagar con agua a alta presi\u00f3n.<br \/>\n<strong>4.\u00a0<\/strong>Comienza el siguiente paso en el proceso de lavado.<\/p>\n<p>Funciona de maravilla con una pistola de espuma; dosifique la cantidad con la boquilla. Tenga en cuenta que todos los productos qu\u00edmicos, especialmente los desengrasantes (en fr\u00edo\/alcalinos), necesitan m\u00e1s tiempo para actuar sobre la superficie cuando est\u00e1 fr\u00eda. As\u00ed que pruebe con el tiempo que prefiera, entre 5 y 15 minutos, pero no deje que se seque. Tenga cuidado con el aluminio y otros metales, \u00a1y como siempre, evite que se seque!<\/p>\n<p>M\u00e1gico como\u00a0<strong>repelente de moscas\/insectos\u00a0<\/strong>En la parte delantera, \u00a1mezcle el producto de forma significativamente m\u00e1s concentrada hasta llegar a la limpieza!<\/p>\n<p>Este producto no disuelve las manchas de alquitr\u00e1n\/asfalto; en ese caso, necesitar\u00e1 nuestro desengrasante en fr\u00edo Dissolve. Tambi\u00e9n disponible como soluci\u00f3n diluida lista para usar (10%).<\/p>\n<p><strong>Preguntas frecuentes y dudas comunes sobre el desengrase alcalino:<\/strong><\/p>\n<p><strong>\u00bfCu\u00e1l es la diferencia entre el desengrase alcalino y el desengrase en fr\u00edo?<\/strong><br \/>\nEl desengrasado alcalino disuelve la suciedad org\u00e1nica como tierra, arena, excrementos de p\u00e1jaros, moscas y mosquitos, y el desengrasado en fr\u00edo disuelve todo tipo de suciedad derivada del petr\u00f3leo, como asfalto, alquitr\u00e1n, gasolina, di\u00e9sel y m\u00e1s.<\/p>\n<p><strong>\u00bfCu\u00e1ndo se debe utilizar un desengrasante alcalino?<\/strong><br \/>\nCon cada lavado, disuelva las moscas, los mosquitos, la arena, la suciedad y la pel\u00edcula de tr\u00e1fico para obtener la superficie m\u00e1s limpia posible antes de comenzar el lavado con champ\u00fa.<\/p>\n<p><strong>\u00bfSe puede utilizar un desengrasante alcalino en todo el coche?\u00a0<\/strong><br \/>\nS\u00ed, est\u00e1 bien, solo aseg\u00farate de que nada se seque dentro.<\/p>\n<p><strong>\u00bfQu\u00e9 significa desengrasar con \u00e1lcalis?<\/strong><br \/>\nDesengrasantes con valores de pH m\u00e1s elevados.<\/p>\n<p><strong>\u00bfC\u00f3mo se prepara un desengrasante alcalino?<\/strong><\/p>\n<p><em>Para la mezcla 5%, tome el volumen, por ejemplo 500 ml x 0,05 = 25 ml, para 10%, tome 500 ml x 0,1, \u00a1etc.!<br \/>\n<\/em><\/p>\n<p><strong>Fragancia:\u00a0<\/strong>Durazno<strong><br \/>\n<em><br \/>\n<\/em><\/strong><em>Conservar en un lugar libre de escarcha.<\/em><\/p>","protected":false},"excerpt":{"rendered":"<p>Desengrasante alcalino superconcentrado: un potente producto de limpieza que elimina eficazmente la suciedad de la carretera, insectos, algas y mugre de coches, barcos y casas. \u00a1Disuelve todo tipo de suciedad org\u00e1nica!<\/p>","protected":false},"featured_media":27837,"comment_status":"open","ping_status":"closed","template":"","meta":{"_acf_changed":false,"_smort_price_nok":"","_smort_price_dkk":"","_smort_price_eur":"","_smort_sale_price_nok":"","_smort_sale_price_dkk":"","_smort_sale_price_eur":"","smort_restorder":"","shipmondo_restorder":"","_kad_blocks_custom_css":"","_kad_blocks_head_custom_js":"","_kad_blocks_body_custom_js":"","_kad_blocks_footer_custom_js":"","smort_custom_pricelist_1":"101.76","smort_custom_pricelist_2":"101.76","smort_custom_pricelist_3":"101.76","smort_custom_pricelist_4":"127.2","smort_custom_pricelist_5":"101.76"},"anvandningsomrade":[],"bilmarken":[],"product_brand":[2893],"product_cat":[2988,2989,378],"product_tag":[],"class_list":{"0":"post-27835","1":"product","2":"type-product","3":"status-publish","4":"has-post-thumbnail","6":"product_brand-tershine","7":"product_cat-biltvatt","8":"product_cat-avfettning","9":"product_cat-bilvard","11":"first","12":"instock","13":"taxable","14":"shipping-taxable","15":"purchasable","16":"product-type-simple"},"bundled_by":[],"bundle_stock_status":"instock","bundle_stock_quantity":1,"bundle_virtual":false,"bundle_layout":"","bundle_add_to_cart_form_location":"","bundle_editable_in_cart":false,"bundle_sold_individually_context":"","bundle_item_grouping":"","bundle_min_size":"","bundle_max_size":"","bundle_price":[],"bundled_items":[],"bundle_sell_ids":[],"acf":[],"yoast_head":"<!-- This site is optimized with the Yoast SEO plugin v27.0 - https:\/\/yoast.com\/product\/yoast-seo-wordpress\/ -->\n<title>Tershine Extract - Alkalisk avfettning 1 L - Xenonkungen<\/title>\n<meta name=\"robots\" content=\"index, follow, max-snippet:-1, max-image-preview:large, max-video-preview:-1\" \/>\n<link rel=\"canonical\" href=\"https:\/\/xenonkungen.com\/es\/producto\/extracto-de-tershine-desengrasante-alcalino-1-l\/\" \/>\n<meta property=\"og:locale\" content=\"es_ES\" \/>\n<meta property=\"og:type\" content=\"article\" \/>\n<meta property=\"og:title\" content=\"Tershine Extract - Alkalisk avfettning 1 L - Xenonkungen\" \/>\n<meta property=\"og:description\" content=\"Superkoncentrad alkalisk avfettning - en kraftfull reng\u00f6ringsprodukt som effektivt tar bort trafikfilm, insekter, alger och smuts fr\u00e5n bil, b\u00e5t och hus. L\u00f6ser all form av organisk smuts!\" \/>\n<meta property=\"og:url\" content=\"https:\/\/xenonkungen.com\/es\/producto\/extracto-de-tershine-desengrasante-alcalino-1-l\/\" \/>\n<meta property=\"og:site_name\" content=\"Xenonkungen\" \/>\n<meta property=\"article:modified_time\" content=\"2026-05-04T09:49:13+00:00\" \/>\n<meta property=\"og:image\" content=\"https:\/\/xenonkungen.com\/wp-content\/uploads\/2026\/03\/kHHctWa1bDWTnQr5Ml2jzudRqKSLMjR8RQlVbrqE.webp\" \/>\n\t<meta property=\"og:image:width\" content=\"1024\" \/>\n\t<meta property=\"og:image:height\" content=\"1024\" \/>\n\t<meta property=\"og:image:type\" content=\"image\/webp\" \/>\n<meta name=\"twitter:card\" content=\"summary_large_image\" \/>\n<meta name=\"twitter:label1\" content=\"Tiempo de lectura\" \/>\n\t<meta name=\"twitter:data1\" content=\"3 minutos\" \/>\n<script type=\"application\/ld+json\" class=\"yoast-schema-graph\">{\"@context\":\"https:\/\/schema.org\",\"@graph\":[{\"@type\":\"WebPage\",\"@id\":\"https:\/\/xenonkungen.com\/produkt\/tershine-extract-alkalisk-avfettning-1-l\/\",\"url\":\"https:\/\/xenonkungen.com\/produkt\/tershine-extract-alkalisk-avfettning-1-l\/\",\"name\":\"Tershine Extract - Alkalisk avfettning 1 L - Xenonkungen\",\"isPartOf\":{\"@id\":\"https:\/\/xenonkungen.com\/#website\"},\"primaryImageOfPage\":{\"@id\":\"https:\/\/xenonkungen.com\/produkt\/tershine-extract-alkalisk-avfettning-1-l\/#primaryimage\"},\"image\":{\"@id\":\"https:\/\/xenonkungen.com\/produkt\/tershine-extract-alkalisk-avfettning-1-l\/#primaryimage\"},\"thumbnailUrl\":\"https:\/\/xenonkungen.com\/wp-content\/uploads\/2026\/03\/kHHctWa1bDWTnQr5Ml2jzudRqKSLMjR8RQlVbrqE.webp\",\"datePublished\":\"2026-03-16T08:42:31+00:00\",\"dateModified\":\"2026-05-04T09:49:13+00:00\",\"breadcrumb\":{\"@id\":\"https:\/\/xenonkungen.com\/produkt\/tershine-extract-alkalisk-avfettning-1-l\/#breadcrumb\"},\"inLanguage\":\"es\",\"potentialAction\":[{\"@type\":\"ReadAction\",\"target\":[\"https:\/\/xenonkungen.com\/produkt\/tershine-extract-alkalisk-avfettning-1-l\/\"]}]},{\"@type\":\"ImageObject\",\"inLanguage\":\"es\",\"@id\":\"https:\/\/xenonkungen.com\/produkt\/tershine-extract-alkalisk-avfettning-1-l\/#primaryimage\",\"url\":\"https:\/\/xenonkungen.com\/wp-content\/uploads\/2026\/03\/kHHctWa1bDWTnQr5Ml2jzudRqKSLMjR8RQlVbrqE.webp\",\"contentUrl\":\"https:\/\/xenonkungen.com\/wp-content\/uploads\/2026\/03\/kHHctWa1bDWTnQr5Ml2jzudRqKSLMjR8RQlVbrqE.webp\",\"width\":1024,\"height\":1024},{\"@type\":\"BreadcrumbList\",\"@id\":\"https:\/\/xenonkungen.com\/produkt\/tershine-extract-alkalisk-avfettning-1-l\/#breadcrumb\",\"itemListElement\":[{\"@type\":\"ListItem\",\"position\":1,\"name\":\"Hem\",\"item\":\"https:\/\/xenonkungen.com\/\"},{\"@type\":\"ListItem\",\"position\":2,\"name\":\"Shop\",\"item\":\"https:\/\/xenonkungen.com\/shop\/\"},{\"@type\":\"ListItem\",\"position\":3,\"name\":\"Tershine Extract &#8211; Alkalisk avfettning 1 L\"}]},{\"@type\":\"WebSite\",\"@id\":\"https:\/\/xenonkungen.com\/#website\",\"url\":\"https:\/\/xenonkungen.com\/\",\"name\":\"Xenonkungen\",\"description\":\"\",\"potentialAction\":[{\"@type\":\"SearchAction\",\"target\":{\"@type\":\"EntryPoint\",\"urlTemplate\":\"https:\/\/xenonkungen.com\/?s={search_term_string}\"},\"query-input\":{\"@type\":\"PropertyValueSpecification\",\"valueRequired\":true,\"valueName\":\"search_term_string\"}}],\"inLanguage\":\"es\"}]}<\/script>\n<!-- \/ Yoast SEO plugin. -->","yoast_head_json":{"title":"Extracto Tershine - Desengrasante alcalino 1 L - Xenonkungen","robots":{"index":"index","follow":"follow","max-snippet":"max-snippet:-1","max-image-preview":"max-image-preview:large","max-video-preview":"max-video-preview:-1"},"canonical":"https:\/\/xenonkungen.com\/es\/producto\/extracto-de-tershine-desengrasante-alcalino-1-l\/","og_locale":"es_ES","og_type":"article","og_title":"Tershine Extract - Alkalisk avfettning 1 L - Xenonkungen","og_description":"Superkoncentrad alkalisk avfettning - en kraftfull reng\u00f6ringsprodukt som effektivt tar bort trafikfilm, insekter, alger och smuts fr\u00e5n bil, b\u00e5t och hus. L\u00f6ser all form av organisk smuts!","og_url":"https:\/\/xenonkungen.com\/es\/producto\/extracto-de-tershine-desengrasante-alcalino-1-l\/","og_site_name":"Xenonkungen","article_modified_time":"2026-05-04T09:49:13+00:00","og_image":[{"width":1024,"height":1024,"url":"https:\/\/xenonkungen.com\/wp-content\/uploads\/2026\/03\/kHHctWa1bDWTnQr5Ml2jzudRqKSLMjR8RQlVbrqE.webp","type":"image\/webp"}],"twitter_card":"summary_large_image","twitter_misc":{"Tiempo de lectura":"3 minutos"},"schema":{"@context":"https:\/\/schema.org","@graph":[{"@type":"WebPage","@id":"https:\/\/xenonkungen.com\/produkt\/tershine-extract-alkalisk-avfettning-1-l\/","url":"https:\/\/xenonkungen.com\/produkt\/tershine-extract-alkalisk-avfettning-1-l\/","name":"Extracto Tershine - Desengrasante alcalino 1 L - Xenonkungen","isPartOf":{"@id":"https:\/\/xenonkungen.com\/#website"},"primaryImageOfPage":{"@id":"https:\/\/xenonkungen.com\/produkt\/tershine-extract-alkalisk-avfettning-1-l\/#primaryimage"},"image":{"@id":"https:\/\/xenonkungen.com\/produkt\/tershine-extract-alkalisk-avfettning-1-l\/#primaryimage"},"thumbnailUrl":"https:\/\/xenonkungen.com\/wp-content\/uploads\/2026\/03\/kHHctWa1bDWTnQr5Ml2jzudRqKSLMjR8RQlVbrqE.webp","datePublished":"2026-03-16T08:42:31+00:00","dateModified":"2026-05-04T09:49:13+00:00","breadcrumb":{"@id":"https:\/\/xenonkungen.com\/produkt\/tershine-extract-alkalisk-avfettning-1-l\/#breadcrumb"},"inLanguage":"es","potentialAction":[{"@type":"ReadAction","target":["https:\/\/xenonkungen.com\/produkt\/tershine-extract-alkalisk-avfettning-1-l\/"]}]},{"@type":"ImageObject","inLanguage":"es","@id":"https:\/\/xenonkungen.com\/produkt\/tershine-extract-alkalisk-avfettning-1-l\/#primaryimage","url":"https:\/\/xenonkungen.com\/wp-content\/uploads\/2026\/03\/kHHctWa1bDWTnQr5Ml2jzudRqKSLMjR8RQlVbrqE.webp","contentUrl":"https:\/\/xenonkungen.com\/wp-content\/uploads\/2026\/03\/kHHctWa1bDWTnQr5Ml2jzudRqKSLMjR8RQlVbrqE.webp","width":1024,"height":1024},{"@type":"BreadcrumbList","@id":"https:\/\/xenonkungen.com\/produkt\/tershine-extract-alkalisk-avfettning-1-l\/#breadcrumb","itemListElement":[{"@type":"ListItem","position":1,"name":"Hem","item":"https:\/\/xenonkungen.com\/"},{"@type":"ListItem","position":2,"name":"Shop","item":"https:\/\/xenonkungen.com\/shop\/"},{"@type":"ListItem","position":3,"name":"Tershine Extract &#8211; Alkalisk avfettning 1 L"}]},{"@type":"WebSite","@id":"https:\/\/xenonkungen.com\/#website","url":"https:\/\/xenonkungen.com\/","name":"Xenonkungen","description":"","potentialAction":[{"@type":"SearchAction","target":{"@type":"EntryPoint","urlTemplate":"https:\/\/xenonkungen.com\/?s={search_term_string}"},"query-input":{"@type":"PropertyValueSpecification","valueRequired":true,"valueName":"search_term_string"}}],"inLanguage":"es"}]}},"taxonomy_info":{"product_brand":[{"value":2893,"label":"Tershine"}],"product_cat":[{"value":2988,"label":"1 | Biltv\u00e4tt"},{"value":2989,"label":"2 | Avfettning"},{"value":378,"label":"Bilv\u00e5rd"}]},"featured_image_src_large":["https:\/\/xenonkungen.com\/wp-content\/uploads\/2026\/03\/kHHctWa1bDWTnQr5Ml2jzudRqKSLMjR8RQlVbrqE.webp",1024,1024,false],"author_info":[],"comment_info":0,"_links":{"self":[{"href":"https:\/\/xenonkungen.com\/es\/wp-json\/wp\/v2\/product\/27835","targetHints":{"allow":["GET"]}}],"collection":[{"href":"https:\/\/xenonkungen.com\/es\/wp-json\/wp\/v2\/product"}],"about":[{"href":"https:\/\/xenonkungen.com\/es\/wp-json\/wp\/v2\/types\/product"}],"replies":[{"embeddable":true,"href":"https:\/\/xenonkungen.com\/es\/wp-json\/wp\/v2\/comments?post=27835"}],"wp:featuredmedia":[{"embeddable":true,"href":"https:\/\/xenonkungen.com\/es\/wp-json\/wp\/v2\/media\/27837"}],"wp:attachment":[{"href":"https:\/\/xenonkungen.com\/es\/wp-json\/wp\/v2\/media?parent=27835"}],"wp:term":[{"taxonomy":"anvandningsomrade","embeddable":true,"href":"https:\/\/xenonkungen.com\/es\/wp-json\/wp\/v2\/anvandningsomrade?post=27835"},{"taxonomy":"bilmarken","embeddable":true,"href":"https:\/\/xenonkungen.com\/es\/wp-json\/wp\/v2\/bilmarken?post=27835"},{"taxonomy":"product_brand","embeddable":true,"href":"https:\/\/xenonkungen.com\/es\/wp-json\/wp\/v2\/product_brand?post=27835"},{"taxonomy":"product_cat","embeddable":true,"href":"https:\/\/xenonkungen.com\/es\/wp-json\/wp\/v2\/product_cat?post=27835"},{"taxonomy":"product_tag","embeddable":true,"href":"https:\/\/xenonkungen.com\/es\/wp-json\/wp\/v2\/product_tag?post=27835"}],"curies":[{"name":"wp","href":"https:\/\/api.w.org\/{rel}","templated":true}]}}