{"id":27838,"date":"2026-03-16T09:48:54","date_gmt":"2026-03-16T08:48:54","guid":{"rendered":"https:\/\/xenonkungen.com\/?post_type=product&#038;p=27838"},"modified":"2026-05-12T14:37:46","modified_gmt":"2026-05-12T13:37:46","slug":"tershine-extract-alkalisk-avfettning-25-l","status":"publish","type":"product","link":"https:\/\/xenonkungen.com\/es\/producto\/tershine-extract-alkalisk-avfettning-25-l\/","title":{"rendered":"Extracto Tershine \u2013 Desengrasante alcalino 25 L"},"content":{"rendered":"<p>Desengrasante alcalino que elimina eficazmente todo tipo de suciedad org\u00e1nica, como moscas, insectos, residuos de la carretera, algas, polen, moho y otros crecimientos. Se puede usar durante todo el a\u00f1o. Imprescindible en cada lavado.<\/p>\n<p><strong>Extremadamente generoso, 1 litro rinde m\u00e1s de 20 litros de producto terminado.<br \/>\nAsequible<br \/>\nMuy eficaz en la mayor\u00eda de los materiales.<br \/>\nExtremadamente eficaz como eliminador de insectos.<br \/>\nTrabaja en coches, autocaravanas, caravanas, barcos, terrazas, fachadas, ba\u00f1os, etc.<br \/>\nAmigable con el aluminio<br \/>\nDisponible en varios tama\u00f1os.<br \/>\nHuele bien a melocot\u00f3n<br \/>\nEl producto no est\u00e1 clasificado como sujeto a etiquetado obligatorio seg\u00fan el Reglamento CLP (CE) n.\u00ba 1272\/2008.<\/strong><\/p>\n<p><strong>C\u00f3mo diluir el extracto \u2013 Desengrasante alcalino:<\/strong><\/p>\n<p><strong>Mezcla d\u00e9bil:<\/strong>\u00a0\u00a02-4% concentrado resto agua<br \/>\n<strong>Mezcla normal:\u00a0<\/strong>\u00a05-7% concentrado resto agua<br \/>\n<strong>Mezcla fuerte:<\/strong>\u00a010-15% concentrado resto agua<br \/>\n<strong>Mezcla muy fuerte:<\/strong>\u00a015-25% concentrado resto agua<br \/>\n<strong>Mezcla extremadamente fuerte:<\/strong>\u00a050-100% (no dejar secar)<\/p>\n<p>Extract 25l es un desengrasante alcalino superconcentrado y altamente eficaz, apto para todo tipo de veh\u00edculos, suelos, fachadas, etc. Elimina la suciedad org\u00e1nica y tiene un agradable aroma a melocot\u00f3n. Mezcle 5-15% con 1 litro de agua para obtener 20 litros de producto listo para usar. Tambi\u00e9n funciona de maravilla para la suciedad m\u00e1s incrustada en alfombrillas, etc.<\/p>\n<p>M\u00e1gico como repelente de moscas\/insectos en la parte frontal, \u00a1luego mezcla el producto para obtener una concentraci\u00f3n significativamente mayor hasta llegar a la pureza!<\/p>\n<p><strong>C\u00f3mo usar el extracto: desengrasante alcalino<\/strong><\/p>\n<p><strong>1.\u00a0<\/strong>Mezclar 5-15% con agua (seg\u00fan la aplicaci\u00f3n).<strong><br \/>\n2.\u00a0<\/strong>Roc\u00ede sobre la superficie seleccionada y deje actuar durante un minuto aproximadamente. Recuerde que en climas fr\u00edos (&lt;10 \u00b0C), el producto debe permanecer en la superficie durante mucho m\u00e1s tiempo.<strong><br \/>\n3.\u00a0<\/strong>Enjuagar con agua a alta presi\u00f3n.<strong><br \/>\n4.\u00a0<\/strong>Comienza el siguiente paso en el proceso de lavado.<\/p>\n<p>Funciona de maravilla con una pistola de espuma; dosifique la cantidad con la boquilla. Tenga en cuenta que todos los productos qu\u00edmicos, especialmente los desengrasantes (en fr\u00edo\/alcalinos), necesitan m\u00e1s tiempo para actuar sobre la superficie cuando est\u00e1 fr\u00eda, lo cual marca una gran diferencia. As\u00ed que experimente para determinar el tiempo que prefiera, entre 5 y 15 minutos, pero evite que se seque. \u00a1Tenga cuidado con el aluminio y otros metales!<\/p>\n<p>No dude en utilizar nuestro dosificador y pulverizador a presi\u00f3n para productos alcalinos.<\/p>\n<p><strong>Dado que esta pregunta surge con mucha frecuencia, la explicar\u00e9 de forma sencilla a continuaci\u00f3n:<\/strong><\/p>\n<p><strong><em>Para la mezcla 5%, tome el volumen, por ejemplo 500 ml x 0,05 = 25 ml, para 10%, tome 500 ml x 0,1, \u00a1etc.!<\/em><\/strong><em>Conservar en un lugar libre de escarcha.<br \/>\n<\/em><br \/>\n<strong>\u00bfTienes alguna pregunta?<\/strong><\/p>\n<p>Contamos con un excelente servicio de atenci\u00f3n al cliente y solemos responder con gran rapidez. Conocemos nuestros productos a la perfecci\u00f3n, as\u00ed que si tiene la m\u00e1s m\u00ednima duda o inquietud, no dude en contactarnos a trav\u00e9s de support@tershine.com, al 08-99 01 18 o mediante nuestras redes sociales, donde nos encontrar\u00e1 como tershine.<\/p>","protected":false},"excerpt":{"rendered":"<p>Desengrasante alcalino superconcentrado: un potente producto de limpieza que elimina eficazmente la suciedad de la carretera, insectos, algas y mugre de coches, barcos y casas. \u00a1Disuelve todo tipo de suciedad org\u00e1nica!<\/p>","protected":false},"featured_media":27839,"comment_status":"open","ping_status":"closed","template":"","meta":{"_acf_changed":false,"_smort_price_nok":"","_smort_price_dkk":"","_smort_price_eur":"","_smort_sale_price_nok":"","_smort_sale_price_dkk":"","_smort_sale_price_eur":"","smort_restorder":"","shipmondo_restorder":"","_kad_blocks_custom_css":"","_kad_blocks_head_custom_js":"","_kad_blocks_body_custom_js":"","_kad_blocks_footer_custom_js":"","smort_custom_pricelist_1":"1084.8","smort_custom_pricelist_2":"1084.8","smort_custom_pricelist_3":"1084.8","smort_custom_pricelist_4":"1356","smort_custom_pricelist_5":"1084.8"},"anvandningsomrade":[],"bilmarken":[],"product_brand":[2893],"product_cat":[2988,2989,378],"product_tag":[],"class_list":{"0":"post-27838","1":"product","2":"type-product","3":"status-publish","4":"has-post-thumbnail","6":"product_brand-tershine","7":"product_cat-biltvatt","8":"product_cat-avfettning","9":"product_cat-bilvard","11":"first","12":"onbackorder","13":"taxable","14":"shipping-taxable","15":"purchasable","16":"product-type-simple"},"bundled_by":[],"bundle_stock_status":"onbackorder","bundle_stock_quantity":0,"bundle_virtual":false,"bundle_layout":"","bundle_add_to_cart_form_location":"","bundle_editable_in_cart":false,"bundle_sold_individually_context":"","bundle_item_grouping":"","bundle_min_size":"","bundle_max_size":"","bundle_price":[],"bundled_items":[],"bundle_sell_ids":[],"acf":[],"yoast_head":"<!-- This site is optimized with the Yoast SEO plugin v27.0 - https:\/\/yoast.com\/product\/yoast-seo-wordpress\/ -->\n<title>Tershine Extract - Alkalisk avfettning 25 L - Xenonkungen<\/title>\n<meta name=\"robots\" content=\"index, follow, max-snippet:-1, max-image-preview:large, max-video-preview:-1\" \/>\n<link rel=\"canonical\" href=\"https:\/\/xenonkungen.com\/es\/producto\/tershine-extract-alkalisk-avfettning-25-l\/\" \/>\n<meta property=\"og:locale\" content=\"es_ES\" \/>\n<meta property=\"og:type\" content=\"article\" \/>\n<meta property=\"og:title\" content=\"Tershine Extract - Alkalisk avfettning 25 L - Xenonkungen\" \/>\n<meta property=\"og:description\" content=\"Superkoncentrad alkalisk avfettning - en kraftfull reng\u00f6ringsprodukt som effektivt tar bort trafikfilm, insekter, alger och smuts fr\u00e5n bil, b\u00e5t och hus. L\u00f6ser all form av organisk smuts!\" \/>\n<meta property=\"og:url\" content=\"https:\/\/xenonkungen.com\/es\/producto\/tershine-extract-alkalisk-avfettning-25-l\/\" \/>\n<meta property=\"og:site_name\" content=\"Xenonkungen\" \/>\n<meta property=\"article:modified_time\" content=\"2026-05-12T13:37:46+00:00\" \/>\n<meta property=\"og:image\" content=\"https:\/\/xenonkungen.com\/wp-content\/uploads\/2026\/03\/O4VYHTlPsBtCMxtiqvFWLnmPshD1EKNJFkNrnKZC.webp\" \/>\n\t<meta property=\"og:image:width\" content=\"1024\" \/>\n\t<meta property=\"og:image:height\" content=\"1024\" \/>\n\t<meta property=\"og:image:type\" content=\"image\/webp\" \/>\n<meta name=\"twitter:card\" content=\"summary_large_image\" \/>\n<meta name=\"twitter:label1\" content=\"Tiempo de lectura\" \/>\n\t<meta name=\"twitter:data1\" content=\"3 minutos\" \/>\n<script type=\"application\/ld+json\" class=\"yoast-schema-graph\">{\"@context\":\"https:\/\/schema.org\",\"@graph\":[{\"@type\":\"WebPage\",\"@id\":\"https:\/\/xenonkungen.com\/produkt\/tershine-extract-alkalisk-avfettning-25-l\/\",\"url\":\"https:\/\/xenonkungen.com\/produkt\/tershine-extract-alkalisk-avfettning-25-l\/\",\"name\":\"Tershine Extract - Alkalisk avfettning 25 L - Xenonkungen\",\"isPartOf\":{\"@id\":\"https:\/\/xenonkungen.com\/#website\"},\"primaryImageOfPage\":{\"@id\":\"https:\/\/xenonkungen.com\/produkt\/tershine-extract-alkalisk-avfettning-25-l\/#primaryimage\"},\"image\":{\"@id\":\"https:\/\/xenonkungen.com\/produkt\/tershine-extract-alkalisk-avfettning-25-l\/#primaryimage\"},\"thumbnailUrl\":\"https:\/\/xenonkungen.com\/wp-content\/uploads\/2026\/03\/O4VYHTlPsBtCMxtiqvFWLnmPshD1EKNJFkNrnKZC.webp\",\"datePublished\":\"2026-03-16T08:48:54+00:00\",\"dateModified\":\"2026-05-12T13:37:46+00:00\",\"breadcrumb\":{\"@id\":\"https:\/\/xenonkungen.com\/produkt\/tershine-extract-alkalisk-avfettning-25-l\/#breadcrumb\"},\"inLanguage\":\"es\",\"potentialAction\":[{\"@type\":\"ReadAction\",\"target\":[\"https:\/\/xenonkungen.com\/produkt\/tershine-extract-alkalisk-avfettning-25-l\/\"]}]},{\"@type\":\"ImageObject\",\"inLanguage\":\"es\",\"@id\":\"https:\/\/xenonkungen.com\/produkt\/tershine-extract-alkalisk-avfettning-25-l\/#primaryimage\",\"url\":\"https:\/\/xenonkungen.com\/wp-content\/uploads\/2026\/03\/O4VYHTlPsBtCMxtiqvFWLnmPshD1EKNJFkNrnKZC.webp\",\"contentUrl\":\"https:\/\/xenonkungen.com\/wp-content\/uploads\/2026\/03\/O4VYHTlPsBtCMxtiqvFWLnmPshD1EKNJFkNrnKZC.webp\",\"width\":1024,\"height\":1024},{\"@type\":\"BreadcrumbList\",\"@id\":\"https:\/\/xenonkungen.com\/produkt\/tershine-extract-alkalisk-avfettning-25-l\/#breadcrumb\",\"itemListElement\":[{\"@type\":\"ListItem\",\"position\":1,\"name\":\"Hem\",\"item\":\"https:\/\/xenonkungen.com\/\"},{\"@type\":\"ListItem\",\"position\":2,\"name\":\"Shop\",\"item\":\"https:\/\/xenonkungen.com\/shop\/\"},{\"@type\":\"ListItem\",\"position\":3,\"name\":\"Tershine Extract &#8211; Alkalisk avfettning 25 L\"}]},{\"@type\":\"WebSite\",\"@id\":\"https:\/\/xenonkungen.com\/#website\",\"url\":\"https:\/\/xenonkungen.com\/\",\"name\":\"Xenonkungen\",\"description\":\"\",\"potentialAction\":[{\"@type\":\"SearchAction\",\"target\":{\"@type\":\"EntryPoint\",\"urlTemplate\":\"https:\/\/xenonkungen.com\/?s={search_term_string}\"},\"query-input\":{\"@type\":\"PropertyValueSpecification\",\"valueRequired\":true,\"valueName\":\"search_term_string\"}}],\"inLanguage\":\"es\"}]}<\/script>\n<!-- \/ Yoast SEO plugin. -->","yoast_head_json":{"title":"Tershine Extract - Alkalisk avfettning 25 L - Xenonkungen","robots":{"index":"index","follow":"follow","max-snippet":"max-snippet:-1","max-image-preview":"max-image-preview:large","max-video-preview":"max-video-preview:-1"},"canonical":"https:\/\/xenonkungen.com\/es\/producto\/tershine-extract-alkalisk-avfettning-25-l\/","og_locale":"es_ES","og_type":"article","og_title":"Tershine Extract - Alkalisk avfettning 25 L - Xenonkungen","og_description":"Superkoncentrad alkalisk avfettning - en kraftfull reng\u00f6ringsprodukt som effektivt tar bort trafikfilm, insekter, alger och smuts fr\u00e5n bil, b\u00e5t och hus. L\u00f6ser all form av organisk smuts!","og_url":"https:\/\/xenonkungen.com\/es\/producto\/tershine-extract-alkalisk-avfettning-25-l\/","og_site_name":"Xenonkungen","article_modified_time":"2026-05-12T13:37:46+00:00","og_image":[{"width":1024,"height":1024,"url":"https:\/\/xenonkungen.com\/wp-content\/uploads\/2026\/03\/O4VYHTlPsBtCMxtiqvFWLnmPshD1EKNJFkNrnKZC.webp","type":"image\/webp"}],"twitter_card":"summary_large_image","twitter_misc":{"Tiempo de lectura":"3 minutos"},"schema":{"@context":"https:\/\/schema.org","@graph":[{"@type":"WebPage","@id":"https:\/\/xenonkungen.com\/produkt\/tershine-extract-alkalisk-avfettning-25-l\/","url":"https:\/\/xenonkungen.com\/produkt\/tershine-extract-alkalisk-avfettning-25-l\/","name":"Tershine Extract - Alkalisk avfettning 25 L - Xenonkungen","isPartOf":{"@id":"https:\/\/xenonkungen.com\/#website"},"primaryImageOfPage":{"@id":"https:\/\/xenonkungen.com\/produkt\/tershine-extract-alkalisk-avfettning-25-l\/#primaryimage"},"image":{"@id":"https:\/\/xenonkungen.com\/produkt\/tershine-extract-alkalisk-avfettning-25-l\/#primaryimage"},"thumbnailUrl":"https:\/\/xenonkungen.com\/wp-content\/uploads\/2026\/03\/O4VYHTlPsBtCMxtiqvFWLnmPshD1EKNJFkNrnKZC.webp","datePublished":"2026-03-16T08:48:54+00:00","dateModified":"2026-05-12T13:37:46+00:00","breadcrumb":{"@id":"https:\/\/xenonkungen.com\/produkt\/tershine-extract-alkalisk-avfettning-25-l\/#breadcrumb"},"inLanguage":"es","potentialAction":[{"@type":"ReadAction","target":["https:\/\/xenonkungen.com\/produkt\/tershine-extract-alkalisk-avfettning-25-l\/"]}]},{"@type":"ImageObject","inLanguage":"es","@id":"https:\/\/xenonkungen.com\/produkt\/tershine-extract-alkalisk-avfettning-25-l\/#primaryimage","url":"https:\/\/xenonkungen.com\/wp-content\/uploads\/2026\/03\/O4VYHTlPsBtCMxtiqvFWLnmPshD1EKNJFkNrnKZC.webp","contentUrl":"https:\/\/xenonkungen.com\/wp-content\/uploads\/2026\/03\/O4VYHTlPsBtCMxtiqvFWLnmPshD1EKNJFkNrnKZC.webp","width":1024,"height":1024},{"@type":"BreadcrumbList","@id":"https:\/\/xenonkungen.com\/produkt\/tershine-extract-alkalisk-avfettning-25-l\/#breadcrumb","itemListElement":[{"@type":"ListItem","position":1,"name":"Hem","item":"https:\/\/xenonkungen.com\/"},{"@type":"ListItem","position":2,"name":"Shop","item":"https:\/\/xenonkungen.com\/shop\/"},{"@type":"ListItem","position":3,"name":"Tershine Extract &#8211; Alkalisk avfettning 25 L"}]},{"@type":"WebSite","@id":"https:\/\/xenonkungen.com\/#website","url":"https:\/\/xenonkungen.com\/","name":"Xenonkungen","description":"","potentialAction":[{"@type":"SearchAction","target":{"@type":"EntryPoint","urlTemplate":"https:\/\/xenonkungen.com\/?s={search_term_string}"},"query-input":{"@type":"PropertyValueSpecification","valueRequired":true,"valueName":"search_term_string"}}],"inLanguage":"es"}]}},"taxonomy_info":{"product_brand":[{"value":2893,"label":"Tershine"}],"product_cat":[{"value":2988,"label":"1 | Biltv\u00e4tt"},{"value":2989,"label":"2 | Avfettning"},{"value":378,"label":"Bilv\u00e5rd"}]},"featured_image_src_large":["https:\/\/xenonkungen.com\/wp-content\/uploads\/2026\/03\/O4VYHTlPsBtCMxtiqvFWLnmPshD1EKNJFkNrnKZC.webp",1024,1024,false],"author_info":[],"comment_info":0,"_links":{"self":[{"href":"https:\/\/xenonkungen.com\/es\/wp-json\/wp\/v2\/product\/27838","targetHints":{"allow":["GET"]}}],"collection":[{"href":"https:\/\/xenonkungen.com\/es\/wp-json\/wp\/v2\/product"}],"about":[{"href":"https:\/\/xenonkungen.com\/es\/wp-json\/wp\/v2\/types\/product"}],"replies":[{"embeddable":true,"href":"https:\/\/xenonkungen.com\/es\/wp-json\/wp\/v2\/comments?post=27838"}],"wp:featuredmedia":[{"embeddable":true,"href":"https:\/\/xenonkungen.com\/es\/wp-json\/wp\/v2\/media\/27839"}],"wp:attachment":[{"href":"https:\/\/xenonkungen.com\/es\/wp-json\/wp\/v2\/media?parent=27838"}],"wp:term":[{"taxonomy":"anvandningsomrade","embeddable":true,"href":"https:\/\/xenonkungen.com\/es\/wp-json\/wp\/v2\/anvandningsomrade?post=27838"},{"taxonomy":"bilmarken","embeddable":true,"href":"https:\/\/xenonkungen.com\/es\/wp-json\/wp\/v2\/bilmarken?post=27838"},{"taxonomy":"product_brand","embeddable":true,"href":"https:\/\/xenonkungen.com\/es\/wp-json\/wp\/v2\/product_brand?post=27838"},{"taxonomy":"product_cat","embeddable":true,"href":"https:\/\/xenonkungen.com\/es\/wp-json\/wp\/v2\/product_cat?post=27838"},{"taxonomy":"product_tag","embeddable":true,"href":"https:\/\/xenonkungen.com\/es\/wp-json\/wp\/v2\/product_tag?post=27838"}],"curies":[{"name":"wp","href":"https:\/\/api.w.org\/{rel}","templated":true}]}}