{"id":27843,"date":"2026-03-16T10:13:26","date_gmt":"2026-03-16T09:13:26","guid":{"rendered":"https:\/\/xenonkungen.com\/?post_type=product&#038;p=27843"},"modified":"2026-05-12T14:36:37","modified_gmt":"2026-05-12T13:36:37","slug":"tershine-extract-alkalisk-avfettning-fardigutspadd-1-l","status":"publish","type":"product","link":"https:\/\/xenonkungen.com\/es\/producto\/tershine-extract-alkalisk-avfettning-fardigutspadd-1-l\/","title":{"rendered":"Extracto Tershine \u2013 Desengrasante alcalino listo para diluir 1 L"},"content":{"rendered":"<p>Desengrasante alcalino premezclado que elimina eficazmente todo tipo de suciedad org\u00e1nica, como moscas, insectos, pel\u00edcula de tr\u00e1fico, algas, polen, moho y otros crecimientos.<\/p>\n<p><strong>Soluci\u00f3n de uso<br \/>\nCruel contra todas las formas de suciedad org\u00e1nica<br \/>\nMuy eficaz en la mayor\u00eda de los materiales.<br \/>\nCruel como exterminador de insectos<br \/>\nTrabaja en coches, autocaravanas, caravanas, barcos, terrazas, fachadas, ba\u00f1os, etc.<br \/>\nAmigable con el aluminio<br \/>\nDisponible en varios tama\u00f1os.<br \/>\nEl producto no est\u00e1 clasificado como sujeto a etiquetado obligatorio seg\u00fan el Reglamento CLP (CE) n.\u00ba 1272\/2008.<br \/>\nLos tensioactivos contenidos en esta preparaci\u00f3n cumplen los criterios de biodegradabilidad del Reglamento (CE) n.\u00ba 648\/2004 de la UE relativo a los detergentes.<\/strong><\/p>\n<p>Extract \u2013 Listo para usar es un desengrasante alcalino altamente eficaz, apto para todo tipo de veh\u00edculos, suelos, fachadas, etc. Elimina la suciedad org\u00e1nica y tiene un agradable aroma c\u00edtrico. La soluci\u00f3n 10% lista para usar en agua se puede convertir en dos litros si se reduce a 5%. Tambi\u00e9n funciona de maravilla para la suciedad m\u00e1s incrustada en alfombrillas, etc.<\/p>\n<p><strong>C\u00f3mo usar Extract \u2013 Agente desengrasante alcalino, listo para diluir<\/strong><\/p>\n<p><strong>1.\u00a0<\/strong>Roc\u00ede sobre la superficie seleccionada y deje actuar durante un minuto aproximadamente. En climas fr\u00edos (&lt;10 \u00b0C), los productos qu\u00edmicos deben permanecer en la superficie durante mucho m\u00e1s tiempo para ser completamente efectivos.<br \/>\n<strong>2.\u00a0<\/strong>Enjuagar con agua a alta presi\u00f3n.<br \/>\n<strong>3.\u00a0<\/strong>Comienza el siguiente paso en el proceso de lavado.<\/p>\n<p>Ten en cuenta que todos los productos qu\u00edmicos, especialmente los desengrasantes (en fr\u00edo\/alcalinos), necesitan m\u00e1s tiempo para actuar sobre la superficie cuando est\u00e1 fr\u00eda; te aseguro que la diferencia es enorme. As\u00ed que prueba con el tiempo que prefieras, entre 5 y 15 minutos, pero no dejes que se seque. \u00a1Tambi\u00e9n disponible en concentrado: 1 litro rinde 20 litros de producto listo para usar!<\/p>\n<p>Esto no soluciona las manchas de alquitr\u00e1n\/asfalto, entonces necesita nuestro agente desengrasante en fr\u00edo \u00a1Dissolve!<\/p>\n<p><strong>Fragancia:<\/strong>\u00a0 Lim\u00f3n<\/p>\n<p><em>Conservar en un lugar libre de escarcha.<\/em><\/p>","protected":false},"excerpt":{"rendered":"<p>Extract \u2013 Alkalisk avfettning, f\u00e4rdigblandad \u00e4r en grym reng\u00f6ringsl\u00f6sning som tar bort organisk smuts, trafikfilm, insekter och alger direkt utan blandning.<\/p>","protected":false},"featured_media":27844,"comment_status":"open","ping_status":"closed","template":"","meta":{"_acf_changed":false,"_smort_price_nok":"","_smort_price_dkk":"","_smort_price_eur":"","_smort_sale_price_nok":"","_smort_sale_price_dkk":"","_smort_sale_price_eur":"","smort_restorder":"","shipmondo_restorder":"","_kad_blocks_custom_css":"","_kad_blocks_head_custom_js":"","_kad_blocks_body_custom_js":"","_kad_blocks_footer_custom_js":"","smort_custom_pricelist_1":"63.36","smort_custom_pricelist_2":"63.36","smort_custom_pricelist_3":"63.36","smort_custom_pricelist_4":"79.2","smort_custom_pricelist_5":"63.36"},"anvandningsomrade":[],"bilmarken":[],"product_brand":[2893],"product_cat":[2989,378],"product_tag":[],"class_list":{"0":"post-27843","1":"product","2":"type-product","3":"status-publish","4":"has-post-thumbnail","6":"product_brand-tershine","7":"product_cat-avfettning","8":"product_cat-bilvard","10":"first","11":"onbackorder","12":"taxable","13":"shipping-taxable","14":"purchasable","15":"product-type-simple"},"bundled_by":[],"bundle_stock_status":"onbackorder","bundle_stock_quantity":0,"bundle_virtual":false,"bundle_layout":"","bundle_add_to_cart_form_location":"","bundle_editable_in_cart":false,"bundle_sold_individually_context":"","bundle_item_grouping":"","bundle_min_size":"","bundle_max_size":"","bundle_price":[],"bundled_items":[],"bundle_sell_ids":[],"acf":[],"yoast_head":"<!-- This site is optimized with the Yoast SEO plugin v27.0 - https:\/\/yoast.com\/product\/yoast-seo-wordpress\/ -->\n<title>Tershine Extract - Alkalisk avfettning f\u00e4rdigutsp\u00e4dd 1 L - Xenonkungen<\/title>\n<meta name=\"robots\" content=\"index, follow, max-snippet:-1, max-image-preview:large, max-video-preview:-1\" \/>\n<link rel=\"canonical\" href=\"https:\/\/xenonkungen.com\/es\/producto\/tershine-extract-alkalisk-avfettning-fardigutspadd-1-l\/\" \/>\n<meta property=\"og:locale\" content=\"es_ES\" \/>\n<meta property=\"og:type\" content=\"article\" \/>\n<meta property=\"og:title\" content=\"Tershine Extract - Alkalisk avfettning f\u00e4rdigutsp\u00e4dd 1 L - Xenonkungen\" \/>\n<meta property=\"og:description\" content=\"Extract \u2013 Alkalisk avfettning, f\u00e4rdigblandad \u00e4r en grym reng\u00f6ringsl\u00f6sning som tar bort organisk smuts, trafikfilm, insekter och alger direkt utan blandning.\" \/>\n<meta property=\"og:url\" content=\"https:\/\/xenonkungen.com\/es\/producto\/tershine-extract-alkalisk-avfettning-fardigutspadd-1-l\/\" \/>\n<meta property=\"og:site_name\" content=\"Xenonkungen\" \/>\n<meta property=\"article:modified_time\" content=\"2026-05-12T13:36:37+00:00\" \/>\n<meta property=\"og:image\" content=\"https:\/\/xenonkungen.com\/wp-content\/uploads\/2026\/03\/y2PqxojzwqiRVB1uM2NinNXYsWJgHErZPCDmxxhq.webp\" \/>\n\t<meta property=\"og:image:width\" content=\"1023\" \/>\n\t<meta property=\"og:image:height\" content=\"1023\" \/>\n\t<meta property=\"og:image:type\" content=\"image\/webp\" \/>\n<meta name=\"twitter:card\" content=\"summary_large_image\" \/>\n<meta name=\"twitter:label1\" content=\"Tiempo de lectura\" \/>\n\t<meta name=\"twitter:data1\" content=\"2 minutos\" \/>\n<script type=\"application\/ld+json\" class=\"yoast-schema-graph\">{\"@context\":\"https:\/\/schema.org\",\"@graph\":[{\"@type\":\"WebPage\",\"@id\":\"https:\/\/xenonkungen.com\/produkt\/tershine-extract-alkalisk-avfettning-fardigutspadd-1-l\/\",\"url\":\"https:\/\/xenonkungen.com\/produkt\/tershine-extract-alkalisk-avfettning-fardigutspadd-1-l\/\",\"name\":\"Tershine Extract - Alkalisk avfettning f\u00e4rdigutsp\u00e4dd 1 L - Xenonkungen\",\"isPartOf\":{\"@id\":\"https:\/\/xenonkungen.com\/#website\"},\"primaryImageOfPage\":{\"@id\":\"https:\/\/xenonkungen.com\/produkt\/tershine-extract-alkalisk-avfettning-fardigutspadd-1-l\/#primaryimage\"},\"image\":{\"@id\":\"https:\/\/xenonkungen.com\/produkt\/tershine-extract-alkalisk-avfettning-fardigutspadd-1-l\/#primaryimage\"},\"thumbnailUrl\":\"https:\/\/xenonkungen.com\/wp-content\/uploads\/2026\/03\/y2PqxojzwqiRVB1uM2NinNXYsWJgHErZPCDmxxhq.webp\",\"datePublished\":\"2026-03-16T09:13:26+00:00\",\"dateModified\":\"2026-05-12T13:36:37+00:00\",\"breadcrumb\":{\"@id\":\"https:\/\/xenonkungen.com\/produkt\/tershine-extract-alkalisk-avfettning-fardigutspadd-1-l\/#breadcrumb\"},\"inLanguage\":\"es\",\"potentialAction\":[{\"@type\":\"ReadAction\",\"target\":[\"https:\/\/xenonkungen.com\/produkt\/tershine-extract-alkalisk-avfettning-fardigutspadd-1-l\/\"]}]},{\"@type\":\"ImageObject\",\"inLanguage\":\"es\",\"@id\":\"https:\/\/xenonkungen.com\/produkt\/tershine-extract-alkalisk-avfettning-fardigutspadd-1-l\/#primaryimage\",\"url\":\"https:\/\/xenonkungen.com\/wp-content\/uploads\/2026\/03\/y2PqxojzwqiRVB1uM2NinNXYsWJgHErZPCDmxxhq.webp\",\"contentUrl\":\"https:\/\/xenonkungen.com\/wp-content\/uploads\/2026\/03\/y2PqxojzwqiRVB1uM2NinNXYsWJgHErZPCDmxxhq.webp\",\"width\":1023,\"height\":1023},{\"@type\":\"BreadcrumbList\",\"@id\":\"https:\/\/xenonkungen.com\/produkt\/tershine-extract-alkalisk-avfettning-fardigutspadd-1-l\/#breadcrumb\",\"itemListElement\":[{\"@type\":\"ListItem\",\"position\":1,\"name\":\"Hem\",\"item\":\"https:\/\/xenonkungen.com\/\"},{\"@type\":\"ListItem\",\"position\":2,\"name\":\"Shop\",\"item\":\"https:\/\/xenonkungen.com\/shop\/\"},{\"@type\":\"ListItem\",\"position\":3,\"name\":\"Tershine Extract &#8211; Alkalisk avfettning f\u00e4rdigutsp\u00e4dd 1 L\"}]},{\"@type\":\"WebSite\",\"@id\":\"https:\/\/xenonkungen.com\/#website\",\"url\":\"https:\/\/xenonkungen.com\/\",\"name\":\"Xenonkungen\",\"description\":\"\",\"potentialAction\":[{\"@type\":\"SearchAction\",\"target\":{\"@type\":\"EntryPoint\",\"urlTemplate\":\"https:\/\/xenonkungen.com\/?s={search_term_string}\"},\"query-input\":{\"@type\":\"PropertyValueSpecification\",\"valueRequired\":true,\"valueName\":\"search_term_string\"}}],\"inLanguage\":\"es\"}]}<\/script>\n<!-- \/ Yoast SEO plugin. -->","yoast_head_json":{"title":"Tershine Extract - Alkalisk avfettning f\u00e4rdigutsp\u00e4dd 1 L - Xenonkungen","robots":{"index":"index","follow":"follow","max-snippet":"max-snippet:-1","max-image-preview":"max-image-preview:large","max-video-preview":"max-video-preview:-1"},"canonical":"https:\/\/xenonkungen.com\/es\/producto\/tershine-extract-alkalisk-avfettning-fardigutspadd-1-l\/","og_locale":"es_ES","og_type":"article","og_title":"Tershine Extract - Alkalisk avfettning f\u00e4rdigutsp\u00e4dd 1 L - Xenonkungen","og_description":"Extract \u2013 Alkalisk avfettning, f\u00e4rdigblandad \u00e4r en grym reng\u00f6ringsl\u00f6sning som tar bort organisk smuts, trafikfilm, insekter och alger direkt utan blandning.","og_url":"https:\/\/xenonkungen.com\/es\/producto\/tershine-extract-alkalisk-avfettning-fardigutspadd-1-l\/","og_site_name":"Xenonkungen","article_modified_time":"2026-05-12T13:36:37+00:00","og_image":[{"width":1023,"height":1023,"url":"https:\/\/xenonkungen.com\/wp-content\/uploads\/2026\/03\/y2PqxojzwqiRVB1uM2NinNXYsWJgHErZPCDmxxhq.webp","type":"image\/webp"}],"twitter_card":"summary_large_image","twitter_misc":{"Tiempo de lectura":"2 minutos"},"schema":{"@context":"https:\/\/schema.org","@graph":[{"@type":"WebPage","@id":"https:\/\/xenonkungen.com\/produkt\/tershine-extract-alkalisk-avfettning-fardigutspadd-1-l\/","url":"https:\/\/xenonkungen.com\/produkt\/tershine-extract-alkalisk-avfettning-fardigutspadd-1-l\/","name":"Tershine Extract - Alkalisk avfettning f\u00e4rdigutsp\u00e4dd 1 L - Xenonkungen","isPartOf":{"@id":"https:\/\/xenonkungen.com\/#website"},"primaryImageOfPage":{"@id":"https:\/\/xenonkungen.com\/produkt\/tershine-extract-alkalisk-avfettning-fardigutspadd-1-l\/#primaryimage"},"image":{"@id":"https:\/\/xenonkungen.com\/produkt\/tershine-extract-alkalisk-avfettning-fardigutspadd-1-l\/#primaryimage"},"thumbnailUrl":"https:\/\/xenonkungen.com\/wp-content\/uploads\/2026\/03\/y2PqxojzwqiRVB1uM2NinNXYsWJgHErZPCDmxxhq.webp","datePublished":"2026-03-16T09:13:26+00:00","dateModified":"2026-05-12T13:36:37+00:00","breadcrumb":{"@id":"https:\/\/xenonkungen.com\/produkt\/tershine-extract-alkalisk-avfettning-fardigutspadd-1-l\/#breadcrumb"},"inLanguage":"es","potentialAction":[{"@type":"ReadAction","target":["https:\/\/xenonkungen.com\/produkt\/tershine-extract-alkalisk-avfettning-fardigutspadd-1-l\/"]}]},{"@type":"ImageObject","inLanguage":"es","@id":"https:\/\/xenonkungen.com\/produkt\/tershine-extract-alkalisk-avfettning-fardigutspadd-1-l\/#primaryimage","url":"https:\/\/xenonkungen.com\/wp-content\/uploads\/2026\/03\/y2PqxojzwqiRVB1uM2NinNXYsWJgHErZPCDmxxhq.webp","contentUrl":"https:\/\/xenonkungen.com\/wp-content\/uploads\/2026\/03\/y2PqxojzwqiRVB1uM2NinNXYsWJgHErZPCDmxxhq.webp","width":1023,"height":1023},{"@type":"BreadcrumbList","@id":"https:\/\/xenonkungen.com\/produkt\/tershine-extract-alkalisk-avfettning-fardigutspadd-1-l\/#breadcrumb","itemListElement":[{"@type":"ListItem","position":1,"name":"Hem","item":"https:\/\/xenonkungen.com\/"},{"@type":"ListItem","position":2,"name":"Shop","item":"https:\/\/xenonkungen.com\/shop\/"},{"@type":"ListItem","position":3,"name":"Tershine Extract &#8211; Alkalisk avfettning f\u00e4rdigutsp\u00e4dd 1 L"}]},{"@type":"WebSite","@id":"https:\/\/xenonkungen.com\/#website","url":"https:\/\/xenonkungen.com\/","name":"Xenonkungen","description":"","potentialAction":[{"@type":"SearchAction","target":{"@type":"EntryPoint","urlTemplate":"https:\/\/xenonkungen.com\/?s={search_term_string}"},"query-input":{"@type":"PropertyValueSpecification","valueRequired":true,"valueName":"search_term_string"}}],"inLanguage":"es"}]}},"taxonomy_info":{"product_brand":[{"value":2893,"label":"Tershine"}],"product_cat":[{"value":2989,"label":"2 | Avfettning"},{"value":378,"label":"Bilv\u00e5rd"}]},"featured_image_src_large":["https:\/\/xenonkungen.com\/wp-content\/uploads\/2026\/03\/y2PqxojzwqiRVB1uM2NinNXYsWJgHErZPCDmxxhq.webp",1023,1023,false],"author_info":[],"comment_info":0,"_links":{"self":[{"href":"https:\/\/xenonkungen.com\/es\/wp-json\/wp\/v2\/product\/27843","targetHints":{"allow":["GET"]}}],"collection":[{"href":"https:\/\/xenonkungen.com\/es\/wp-json\/wp\/v2\/product"}],"about":[{"href":"https:\/\/xenonkungen.com\/es\/wp-json\/wp\/v2\/types\/product"}],"replies":[{"embeddable":true,"href":"https:\/\/xenonkungen.com\/es\/wp-json\/wp\/v2\/comments?post=27843"}],"wp:featuredmedia":[{"embeddable":true,"href":"https:\/\/xenonkungen.com\/es\/wp-json\/wp\/v2\/media\/27844"}],"wp:attachment":[{"href":"https:\/\/xenonkungen.com\/es\/wp-json\/wp\/v2\/media?parent=27843"}],"wp:term":[{"taxonomy":"anvandningsomrade","embeddable":true,"href":"https:\/\/xenonkungen.com\/es\/wp-json\/wp\/v2\/anvandningsomrade?post=27843"},{"taxonomy":"bilmarken","embeddable":true,"href":"https:\/\/xenonkungen.com\/es\/wp-json\/wp\/v2\/bilmarken?post=27843"},{"taxonomy":"product_brand","embeddable":true,"href":"https:\/\/xenonkungen.com\/es\/wp-json\/wp\/v2\/product_brand?post=27843"},{"taxonomy":"product_cat","embeddable":true,"href":"https:\/\/xenonkungen.com\/es\/wp-json\/wp\/v2\/product_cat?post=27843"},{"taxonomy":"product_tag","embeddable":true,"href":"https:\/\/xenonkungen.com\/es\/wp-json\/wp\/v2\/product_tag?post=27843"}],"curies":[{"name":"wp","href":"https:\/\/api.w.org\/{rel}","templated":true}]}}