{"id":27871,"date":"2026-03-16T11:13:11","date_gmt":"2026-03-16T10:13:11","guid":{"rendered":"https:\/\/xenonkungen.com\/?post_type=product&#038;p=27871"},"modified":"2026-05-12T14:54:37","modified_gmt":"2026-05-12T13:54:37","slug":"recubrimiento-tershine-magnify-v2-para-proteccion-de-pintura","status":"publish","type":"product","link":"https:\/\/xenonkungen.com\/es\/producto\/recubrimiento-tershine-magnify-v2-para-proteccion-de-pintura\/","title":{"rendered":"Tershine Magnify \u2013 Recubrimiento de protecci\u00f3n de pintura v2"},"content":{"rendered":"<p>Protecci\u00f3n cer\u00e1mica de larga duraci\u00f3n para la pintura, que proporciona un brillo fant\u00e1stico, protecci\u00f3n y drenaje.<\/p>\n<p><strong>Extremadamente f\u00e1cil de instalar<br \/>\nResiste los elementos naturales y otras consecuencias.<br \/>\nEl producto se elabora sin la adici\u00f3n de sustancias perfluoradas y polifluoradas (PFAS).<br \/>\nFunciona en pr\u00e1cticamente todas las superficies.<br \/>\nFacilita el mantenimiento del veh\u00edculo.<br \/>\nDura entre 18 y 36 meses.<br \/>\nCrea una superficie extremadamente repelente al agua.<\/strong><\/p>\n<p>Magnify \u2013 Coating es un recubrimiento cer\u00e1mico protector de pintura dise\u00f1ado para que cualquiera pueda aplicarlo, \u00a1sin importar su experiencia! Su aplicaci\u00f3n es realmente muy sencilla, pero como con cualquier producto para el cuidado del autom\u00f3vil, cuanto m\u00e1s minucioso sea el trabajo previo, mejor ser\u00e1 el resultado final.<\/p>\n<p>Proporciona un brillo absolutamente fant\u00e1stico y realza la pintura, adem\u00e1s de ofrecer una protecci\u00f3n muy duradera (m\u00e1s de 18 meses) contra productos qu\u00edmicos y los elementos.<\/p>\n<p><strong>C\u00f3mo usar Magnify \u2013 Recubrimiento V2<\/strong><\/p>\n<ol>\n<li>Lave su veh\u00edculo a fondo. Utilice desengrasante en fr\u00edo, desengrasante alcalino, eliminador de \u00f3xido con aire y champ\u00fa.<\/li>\n<li>Para una mayor durabilidad, recomendamos una superficie pulida, pero entendemos que no todos pueden o desean hacerlo. Sin embargo, es necesario preparar la superficie con un limpiador para paneles (como nuestro Prime) para que la protecci\u00f3n de la pintura se adhiera correctamente.<\/li>\n<li>Aplique una peque\u00f1a cantidad sobre la tela de gamuza que ha enrollado alrededor del bloque y exti\u00e9ndala con movimientos rectos, tanto transversales como diagonales. Se recomienda cambiar la tela por una limpia y fresca despu\u00e9s de aplicar algunos paneles.<\/li>\n<li><strong>D\u00e9jelo secar durante 4-8 minutos.<\/strong>\u00a0(dependiendo un poco del calor, la humedad, etc.) Empiece siempre con un panel y pruebe c\u00f3mo cree que quedar\u00e1, es decir, 5 minutos podr\u00edan convertirse f\u00e1cilmente en 10 minutos en su caso particular.<\/li>\n<li>Limpiar con un pa\u00f1o de microfibra limpio (y preferiblemente nuevo).<\/li>\n<li>Para una mayor durabilidad, deje que se seque durante 12 horas antes de que la superficie entre en contacto con el agua. Si bien no todos tienen la posibilidad de hacerlo, para garantizar la m\u00e1xima vida \u00fatil, lo ideal es dejar el veh\u00edculo en un garaje durante la noche, por ejemplo.<\/li>\n<\/ol>\n<p>El paquete contiene 30 ml de recubrimiento, 1 bloque aplicador y 5 pa\u00f1os de gamuza.<\/p>","protected":false},"excerpt":{"rendered":"<p>Protecci\u00f3n de pintura cer\u00e1mica que proporciona un brillo fant\u00e1stico, protecci\u00f3n y un drenaje duradero.<\/p>","protected":false},"featured_media":27872,"comment_status":"open","ping_status":"closed","template":"","meta":{"_acf_changed":false,"_smort_price_nok":"","_smort_price_dkk":"","_smort_price_eur":"","_smort_sale_price_nok":"","_smort_sale_price_dkk":"","_smort_sale_price_eur":"","smort_restorder":"","shipmondo_restorder":"","_kad_blocks_custom_css":"","_kad_blocks_head_custom_js":"","_kad_blocks_body_custom_js":"","_kad_blocks_footer_custom_js":"","smort_custom_pricelist_1":"639.36","smort_custom_pricelist_2":"639.36","smort_custom_pricelist_3":"639.36","smort_custom_pricelist_4":"799.2","smort_custom_pricelist_5":"639.36"},"anvandningsomrade":[],"bilmarken":[],"product_brand":[2893],"product_cat":[2989,2614,378],"product_tag":[],"class_list":{"0":"post-27871","1":"product","2":"type-product","3":"status-publish","4":"has-post-thumbnail","6":"product_brand-tershine","7":"product_cat-avfettning","8":"product_cat-lackskydd","9":"product_cat-bilvard","11":"first","12":"onbackorder","13":"taxable","14":"shipping-taxable","15":"purchasable","16":"product-type-simple"},"bundled_by":[],"bundle_stock_status":"onbackorder","bundle_stock_quantity":0,"bundle_virtual":false,"bundle_layout":"","bundle_add_to_cart_form_location":"","bundle_editable_in_cart":false,"bundle_sold_individually_context":"","bundle_item_grouping":"","bundle_min_size":"","bundle_max_size":"","bundle_price":[],"bundled_items":[],"bundle_sell_ids":[],"acf":[],"yoast_head":"<!-- This site is optimized with the Yoast SEO plugin v27.0 - https:\/\/yoast.com\/product\/yoast-seo-wordpress\/ -->\n<title>Tershine Magnify - Coating v2 lackskydd - Xenonkungen<\/title>\n<meta name=\"robots\" content=\"index, follow, max-snippet:-1, max-image-preview:large, max-video-preview:-1\" \/>\n<link rel=\"canonical\" href=\"https:\/\/xenonkungen.com\/es\/producto\/recubrimiento-tershine-magnify-v2-para-proteccion-de-pintura\/\" \/>\n<meta property=\"og:locale\" content=\"es_ES\" \/>\n<meta property=\"og:type\" content=\"article\" \/>\n<meta property=\"og:title\" content=\"Tershine Magnify - Coating v2 lackskydd - Xenonkungen\" \/>\n<meta property=\"og:description\" content=\"Keramiskt lackskydd som ger fantastisk glans, skydd och avrinning under l\u00e5ng tid.\" \/>\n<meta property=\"og:url\" content=\"https:\/\/xenonkungen.com\/es\/producto\/recubrimiento-tershine-magnify-v2-para-proteccion-de-pintura\/\" \/>\n<meta property=\"og:site_name\" content=\"Xenonkungen\" \/>\n<meta property=\"article:modified_time\" content=\"2026-05-12T13:54:37+00:00\" \/>\n<meta property=\"og:image\" content=\"https:\/\/xenonkungen.com\/wp-content\/uploads\/2026\/03\/MSysughrcmOzPCzZLLumjTYA0fRfSpOLTpVa3ETg.webp\" \/>\n\t<meta property=\"og:image:width\" content=\"1024\" \/>\n\t<meta property=\"og:image:height\" content=\"1024\" \/>\n\t<meta property=\"og:image:type\" content=\"image\/webp\" \/>\n<meta name=\"twitter:card\" content=\"summary_large_image\" \/>\n<meta name=\"twitter:label1\" content=\"Tiempo de lectura\" \/>\n\t<meta name=\"twitter:data1\" content=\"2 minutos\" \/>\n<script type=\"application\/ld+json\" class=\"yoast-schema-graph\">{\"@context\":\"https:\/\/schema.org\",\"@graph\":[{\"@type\":\"WebPage\",\"@id\":\"https:\/\/xenonkungen.com\/produkt\/tershine-magnify-coating-v2-lackskydd\/\",\"url\":\"https:\/\/xenonkungen.com\/produkt\/tershine-magnify-coating-v2-lackskydd\/\",\"name\":\"Tershine Magnify - Coating v2 lackskydd - Xenonkungen\",\"isPartOf\":{\"@id\":\"https:\/\/xenonkungen.com\/#website\"},\"primaryImageOfPage\":{\"@id\":\"https:\/\/xenonkungen.com\/produkt\/tershine-magnify-coating-v2-lackskydd\/#primaryimage\"},\"image\":{\"@id\":\"https:\/\/xenonkungen.com\/produkt\/tershine-magnify-coating-v2-lackskydd\/#primaryimage\"},\"thumbnailUrl\":\"https:\/\/xenonkungen.com\/wp-content\/uploads\/2026\/03\/MSysughrcmOzPCzZLLumjTYA0fRfSpOLTpVa3ETg.webp\",\"datePublished\":\"2026-03-16T10:13:11+00:00\",\"dateModified\":\"2026-05-12T13:54:37+00:00\",\"breadcrumb\":{\"@id\":\"https:\/\/xenonkungen.com\/produkt\/tershine-magnify-coating-v2-lackskydd\/#breadcrumb\"},\"inLanguage\":\"es\",\"potentialAction\":[{\"@type\":\"ReadAction\",\"target\":[\"https:\/\/xenonkungen.com\/produkt\/tershine-magnify-coating-v2-lackskydd\/\"]}]},{\"@type\":\"ImageObject\",\"inLanguage\":\"es\",\"@id\":\"https:\/\/xenonkungen.com\/produkt\/tershine-magnify-coating-v2-lackskydd\/#primaryimage\",\"url\":\"https:\/\/xenonkungen.com\/wp-content\/uploads\/2026\/03\/MSysughrcmOzPCzZLLumjTYA0fRfSpOLTpVa3ETg.webp\",\"contentUrl\":\"https:\/\/xenonkungen.com\/wp-content\/uploads\/2026\/03\/MSysughrcmOzPCzZLLumjTYA0fRfSpOLTpVa3ETg.webp\",\"width\":1024,\"height\":1024},{\"@type\":\"BreadcrumbList\",\"@id\":\"https:\/\/xenonkungen.com\/produkt\/tershine-magnify-coating-v2-lackskydd\/#breadcrumb\",\"itemListElement\":[{\"@type\":\"ListItem\",\"position\":1,\"name\":\"Hem\",\"item\":\"https:\/\/xenonkungen.com\/\"},{\"@type\":\"ListItem\",\"position\":2,\"name\":\"Shop\",\"item\":\"https:\/\/xenonkungen.com\/shop\/\"},{\"@type\":\"ListItem\",\"position\":3,\"name\":\"Tershine Magnify &#8211; Coating v2 lackskydd\"}]},{\"@type\":\"WebSite\",\"@id\":\"https:\/\/xenonkungen.com\/#website\",\"url\":\"https:\/\/xenonkungen.com\/\",\"name\":\"Xenonkungen\",\"description\":\"\",\"potentialAction\":[{\"@type\":\"SearchAction\",\"target\":{\"@type\":\"EntryPoint\",\"urlTemplate\":\"https:\/\/xenonkungen.com\/?s={search_term_string}\"},\"query-input\":{\"@type\":\"PropertyValueSpecification\",\"valueRequired\":true,\"valueName\":\"search_term_string\"}}],\"inLanguage\":\"es\"}]}<\/script>\n<!-- \/ Yoast SEO plugin. -->","yoast_head_json":{"title":"Tershine Magnify - Recubrimiento de protecci\u00f3n de pintura v2 - El Rey del Xen\u00f3n","robots":{"index":"index","follow":"follow","max-snippet":"max-snippet:-1","max-image-preview":"max-image-preview:large","max-video-preview":"max-video-preview:-1"},"canonical":"https:\/\/xenonkungen.com\/es\/producto\/recubrimiento-tershine-magnify-v2-para-proteccion-de-pintura\/","og_locale":"es_ES","og_type":"article","og_title":"Tershine Magnify - Coating v2 lackskydd - Xenonkungen","og_description":"Keramiskt lackskydd som ger fantastisk glans, skydd och avrinning under l\u00e5ng tid.","og_url":"https:\/\/xenonkungen.com\/es\/producto\/recubrimiento-tershine-magnify-v2-para-proteccion-de-pintura\/","og_site_name":"Xenonkungen","article_modified_time":"2026-05-12T13:54:37+00:00","og_image":[{"width":1024,"height":1024,"url":"https:\/\/xenonkungen.com\/wp-content\/uploads\/2026\/03\/MSysughrcmOzPCzZLLumjTYA0fRfSpOLTpVa3ETg.webp","type":"image\/webp"}],"twitter_card":"summary_large_image","twitter_misc":{"Tiempo de lectura":"2 minutos"},"schema":{"@context":"https:\/\/schema.org","@graph":[{"@type":"WebPage","@id":"https:\/\/xenonkungen.com\/produkt\/tershine-magnify-coating-v2-lackskydd\/","url":"https:\/\/xenonkungen.com\/produkt\/tershine-magnify-coating-v2-lackskydd\/","name":"Tershine Magnify - Recubrimiento de protecci\u00f3n de pintura v2 - El Rey del Xen\u00f3n","isPartOf":{"@id":"https:\/\/xenonkungen.com\/#website"},"primaryImageOfPage":{"@id":"https:\/\/xenonkungen.com\/produkt\/tershine-magnify-coating-v2-lackskydd\/#primaryimage"},"image":{"@id":"https:\/\/xenonkungen.com\/produkt\/tershine-magnify-coating-v2-lackskydd\/#primaryimage"},"thumbnailUrl":"https:\/\/xenonkungen.com\/wp-content\/uploads\/2026\/03\/MSysughrcmOzPCzZLLumjTYA0fRfSpOLTpVa3ETg.webp","datePublished":"2026-03-16T10:13:11+00:00","dateModified":"2026-05-12T13:54:37+00:00","breadcrumb":{"@id":"https:\/\/xenonkungen.com\/produkt\/tershine-magnify-coating-v2-lackskydd\/#breadcrumb"},"inLanguage":"es","potentialAction":[{"@type":"ReadAction","target":["https:\/\/xenonkungen.com\/produkt\/tershine-magnify-coating-v2-lackskydd\/"]}]},{"@type":"ImageObject","inLanguage":"es","@id":"https:\/\/xenonkungen.com\/produkt\/tershine-magnify-coating-v2-lackskydd\/#primaryimage","url":"https:\/\/xenonkungen.com\/wp-content\/uploads\/2026\/03\/MSysughrcmOzPCzZLLumjTYA0fRfSpOLTpVa3ETg.webp","contentUrl":"https:\/\/xenonkungen.com\/wp-content\/uploads\/2026\/03\/MSysughrcmOzPCzZLLumjTYA0fRfSpOLTpVa3ETg.webp","width":1024,"height":1024},{"@type":"BreadcrumbList","@id":"https:\/\/xenonkungen.com\/produkt\/tershine-magnify-coating-v2-lackskydd\/#breadcrumb","itemListElement":[{"@type":"ListItem","position":1,"name":"Hem","item":"https:\/\/xenonkungen.com\/"},{"@type":"ListItem","position":2,"name":"Shop","item":"https:\/\/xenonkungen.com\/shop\/"},{"@type":"ListItem","position":3,"name":"Tershine Magnify &#8211; Coating v2 lackskydd"}]},{"@type":"WebSite","@id":"https:\/\/xenonkungen.com\/#website","url":"https:\/\/xenonkungen.com\/","name":"Xenonkungen","description":"","potentialAction":[{"@type":"SearchAction","target":{"@type":"EntryPoint","urlTemplate":"https:\/\/xenonkungen.com\/?s={search_term_string}"},"query-input":{"@type":"PropertyValueSpecification","valueRequired":true,"valueName":"search_term_string"}}],"inLanguage":"es"}]}},"taxonomy_info":{"product_brand":[{"value":2893,"label":"Tershine"}],"product_cat":[{"value":2989,"label":"2 | Avfettning"},{"value":2614,"label":"4 | Bilvax &amp; Lackskydd"},{"value":378,"label":"Bilv\u00e5rd"}]},"featured_image_src_large":["https:\/\/xenonkungen.com\/wp-content\/uploads\/2026\/03\/MSysughrcmOzPCzZLLumjTYA0fRfSpOLTpVa3ETg.webp",1024,1024,false],"author_info":[],"comment_info":0,"_links":{"self":[{"href":"https:\/\/xenonkungen.com\/es\/wp-json\/wp\/v2\/product\/27871","targetHints":{"allow":["GET"]}}],"collection":[{"href":"https:\/\/xenonkungen.com\/es\/wp-json\/wp\/v2\/product"}],"about":[{"href":"https:\/\/xenonkungen.com\/es\/wp-json\/wp\/v2\/types\/product"}],"replies":[{"embeddable":true,"href":"https:\/\/xenonkungen.com\/es\/wp-json\/wp\/v2\/comments?post=27871"}],"wp:featuredmedia":[{"embeddable":true,"href":"https:\/\/xenonkungen.com\/es\/wp-json\/wp\/v2\/media\/27872"}],"wp:attachment":[{"href":"https:\/\/xenonkungen.com\/es\/wp-json\/wp\/v2\/media?parent=27871"}],"wp:term":[{"taxonomy":"anvandningsomrade","embeddable":true,"href":"https:\/\/xenonkungen.com\/es\/wp-json\/wp\/v2\/anvandningsomrade?post=27871"},{"taxonomy":"bilmarken","embeddable":true,"href":"https:\/\/xenonkungen.com\/es\/wp-json\/wp\/v2\/bilmarken?post=27871"},{"taxonomy":"product_brand","embeddable":true,"href":"https:\/\/xenonkungen.com\/es\/wp-json\/wp\/v2\/product_brand?post=27871"},{"taxonomy":"product_cat","embeddable":true,"href":"https:\/\/xenonkungen.com\/es\/wp-json\/wp\/v2\/product_cat?post=27871"},{"taxonomy":"product_tag","embeddable":true,"href":"https:\/\/xenonkungen.com\/es\/wp-json\/wp\/v2\/product_tag?post=27871"}],"curies":[{"name":"wp","href":"https:\/\/api.w.org\/{rel}","templated":true}]}}