{"id":27905,"date":"2026-03-16T13:10:49","date_gmt":"2026-03-16T12:10:49","guid":{"rendered":"https:\/\/xenonkungen.com\/?post_type=product&#038;p=27905"},"modified":"2026-04-24T17:48:22","modified_gmt":"2026-04-24T16:48:22","slug":"limpiador-de-paneles-tershine-prime","status":"publish","type":"product","link":"https:\/\/xenonkungen.com\/es\/producto\/limpiador-de-paneles-tershine-prime\/","title":{"rendered":"Tershine Prime \u2013 Limpiador de paneles"},"content":{"rendered":"<p>Limpieza para eliminar grasa, ceras y otras impurezas antes de aplicar la protecci\u00f3n de pintura.<\/p>\n<p><strong>Limpieza fuerte<br \/>\nremovedor de pegamento<br \/>\nSuave en la superficie<br \/>\nEquivalente a un isopropanol<br \/>\nPerfecto antes de aplicar cera y protecci\u00f3n cer\u00e1mica a la pintura.<br \/>\nPara limpiar los residuos de pulido y otros<\/strong><strong><\/p>\n<p>1.\u00a0<\/strong>Roc\u00ede sobre un pa\u00f1o de microfibra o directamente sobre la superficie.<br \/>\n<strong>2.\u00a0<\/strong>Extenderse sobre un panel a la vez<br \/>\n<strong>3.\u00a0<\/strong>Frota con el lado limpio o con otro pa\u00f1o.<br \/>\n<strong>4.\u00a0<\/strong>Aplica cualquier brillo labial con la conciencia tranquila.<\/p>\n<p>Prime es un limpiador de paneles que limpia la superficie y la prepara para cualquier protecci\u00f3n de pintura, como Magnify o Refract. Gracias a su f\u00f3rmula \u00fanica, limpia la superficie en profundidad y elimina cualquier residuo de pulimento, grasa, etc. Su olor es pr\u00e1cticamente imperceptible (similar al de una mofeta). Adem\u00e1s, \u00a1es ign\u00edfugo! Esto garantiza una buena durabilidad, independientemente del tipo de protecci\u00f3n. Es muy generoso y rinde mucho. Tambi\u00e9n funciona de maravilla para eliminar manchas de asfalto muy dif\u00edciles.<\/p>\n<p>Disponible en tallas:<\/p>\n<p>200 ml o 500 ml<\/p>","protected":false},"excerpt":{"rendered":"<p>Limpieza profunda para eliminar la grasa, los residuos de cera, los residuos de pulimento y otras impurezas de la superficie antes de aplicar la protecci\u00f3n de pintura.<\/p>","protected":false},"featured_media":27907,"comment_status":"open","ping_status":"closed","template":"","meta":{"_acf_changed":false,"_smort_price_nok":"","_smort_price_dkk":"","_smort_price_eur":"","_smort_sale_price_nok":"","_smort_sale_price_dkk":"","_smort_sale_price_eur":"","smort_restorder":"","shipmondo_restorder":"","_kad_blocks_custom_css":"","_kad_blocks_head_custom_js":"","_kad_blocks_body_custom_js":"","_kad_blocks_footer_custom_js":"","smort_custom_pricelist_1":null,"smort_custom_pricelist_2":null,"smort_custom_pricelist_3":null,"smort_custom_pricelist_4":null,"smort_custom_pricelist_5":null},"anvandningsomrade":[],"bilmarken":[],"product_brand":[2893],"product_cat":[2614,378],"product_tag":[],"class_list":{"0":"post-27905","1":"product","2":"type-product","3":"status-publish","4":"has-post-thumbnail","6":"product_brand-tershine","7":"product_cat-lackskydd","8":"product_cat-bilvard","10":"first","11":"onbackorder","12":"taxable","13":"shipping-taxable","14":"purchasable","15":"product-type-variable"},"bundled_by":[],"bundle_stock_status":"onbackorder","bundle_stock_quantity":null,"bundle_virtual":false,"bundle_layout":"","bundle_add_to_cart_form_location":"","bundle_editable_in_cart":false,"bundle_sold_individually_context":"","bundle_item_grouping":"","bundle_min_size":"","bundle_max_size":"","bundle_price":[],"bundled_items":[],"bundle_sell_ids":[],"acf":[],"yoast_head":"<!-- This site is optimized with the Yoast SEO plugin v27.0 - https:\/\/yoast.com\/product\/yoast-seo-wordpress\/ -->\n<title>Tershine Prime - Panel Wipe - Xenonkungen<\/title>\n<meta name=\"robots\" content=\"index, follow, max-snippet:-1, max-image-preview:large, max-video-preview:-1\" \/>\n<link rel=\"canonical\" href=\"https:\/\/xenonkungen.com\/es\/producto\/limpiador-de-paneles-tershine-prime\/\" \/>\n<meta property=\"og:locale\" content=\"es_ES\" \/>\n<meta property=\"og:type\" content=\"article\" \/>\n<meta property=\"og:title\" content=\"Tershine Prime - Panel Wipe - Xenonkungen\" \/>\n<meta property=\"og:description\" content=\"Djupreng\u00f6ring f\u00f6r att eliminera fetter, vaxrester, polerrester och annat fr\u00e5n ytan innan applicering av lackskydd.\" \/>\n<meta property=\"og:url\" content=\"https:\/\/xenonkungen.com\/es\/producto\/limpiador-de-paneles-tershine-prime\/\" \/>\n<meta property=\"og:site_name\" content=\"Xenonkungen\" \/>\n<meta property=\"article:modified_time\" content=\"2026-04-24T16:48:22+00:00\" \/>\n<meta property=\"og:image\" content=\"https:\/\/xenonkungen.com\/wp-content\/uploads\/2026\/03\/KfOwtZifsf2aCJ0xazYqaSdeV0RUn7ZGW2ZzpCNR.webp\" \/>\n\t<meta property=\"og:image:width\" content=\"1024\" \/>\n\t<meta property=\"og:image:height\" content=\"1024\" \/>\n\t<meta property=\"og:image:type\" content=\"image\/webp\" \/>\n<meta name=\"twitter:card\" content=\"summary_large_image\" \/>\n<meta name=\"twitter:label1\" content=\"Tiempo de lectura\" \/>\n\t<meta name=\"twitter:data1\" content=\"1 minuto\" \/>\n<script type=\"application\/ld+json\" class=\"yoast-schema-graph\">{\"@context\":\"https:\/\/schema.org\",\"@graph\":[{\"@type\":\"WebPage\",\"@id\":\"https:\/\/xenonkungen.com\/produkt\/tershine-prime-panel-wipe\/\",\"url\":\"https:\/\/xenonkungen.com\/produkt\/tershine-prime-panel-wipe\/\",\"name\":\"Tershine Prime - Panel Wipe - Xenonkungen\",\"isPartOf\":{\"@id\":\"https:\/\/xenonkungen.com\/#website\"},\"primaryImageOfPage\":{\"@id\":\"https:\/\/xenonkungen.com\/produkt\/tershine-prime-panel-wipe\/#primaryimage\"},\"image\":{\"@id\":\"https:\/\/xenonkungen.com\/produkt\/tershine-prime-panel-wipe\/#primaryimage\"},\"thumbnailUrl\":\"https:\/\/xenonkungen.com\/wp-content\/uploads\/2026\/03\/KfOwtZifsf2aCJ0xazYqaSdeV0RUn7ZGW2ZzpCNR.webp\",\"datePublished\":\"2026-03-16T12:10:49+00:00\",\"dateModified\":\"2026-04-24T16:48:22+00:00\",\"breadcrumb\":{\"@id\":\"https:\/\/xenonkungen.com\/produkt\/tershine-prime-panel-wipe\/#breadcrumb\"},\"inLanguage\":\"es\",\"potentialAction\":[{\"@type\":\"ReadAction\",\"target\":[\"https:\/\/xenonkungen.com\/produkt\/tershine-prime-panel-wipe\/\"]}]},{\"@type\":\"ImageObject\",\"inLanguage\":\"es\",\"@id\":\"https:\/\/xenonkungen.com\/produkt\/tershine-prime-panel-wipe\/#primaryimage\",\"url\":\"https:\/\/xenonkungen.com\/wp-content\/uploads\/2026\/03\/KfOwtZifsf2aCJ0xazYqaSdeV0RUn7ZGW2ZzpCNR.webp\",\"contentUrl\":\"https:\/\/xenonkungen.com\/wp-content\/uploads\/2026\/03\/KfOwtZifsf2aCJ0xazYqaSdeV0RUn7ZGW2ZzpCNR.webp\",\"width\":1024,\"height\":1024},{\"@type\":\"BreadcrumbList\",\"@id\":\"https:\/\/xenonkungen.com\/produkt\/tershine-prime-panel-wipe\/#breadcrumb\",\"itemListElement\":[{\"@type\":\"ListItem\",\"position\":1,\"name\":\"Hem\",\"item\":\"https:\/\/xenonkungen.com\/\"},{\"@type\":\"ListItem\",\"position\":2,\"name\":\"Shop\",\"item\":\"https:\/\/xenonkungen.com\/shop\/\"},{\"@type\":\"ListItem\",\"position\":3,\"name\":\"Tershine Prime &#8211; Panel Wipe\"}]},{\"@type\":\"WebSite\",\"@id\":\"https:\/\/xenonkungen.com\/#website\",\"url\":\"https:\/\/xenonkungen.com\/\",\"name\":\"Xenonkungen\",\"description\":\"\",\"potentialAction\":[{\"@type\":\"SearchAction\",\"target\":{\"@type\":\"EntryPoint\",\"urlTemplate\":\"https:\/\/xenonkungen.com\/?s={search_term_string}\"},\"query-input\":{\"@type\":\"PropertyValueSpecification\",\"valueRequired\":true,\"valueName\":\"search_term_string\"}}],\"inLanguage\":\"es\"}]}<\/script>\n<!-- \/ Yoast SEO plugin. -->","yoast_head_json":{"title":"Tershine Prime - Borrado de panel - El Rey Xen\u00f3n","robots":{"index":"index","follow":"follow","max-snippet":"max-snippet:-1","max-image-preview":"max-image-preview:large","max-video-preview":"max-video-preview:-1"},"canonical":"https:\/\/xenonkungen.com\/es\/producto\/limpiador-de-paneles-tershine-prime\/","og_locale":"es_ES","og_type":"article","og_title":"Tershine Prime - Panel Wipe - Xenonkungen","og_description":"Djupreng\u00f6ring f\u00f6r att eliminera fetter, vaxrester, polerrester och annat fr\u00e5n ytan innan applicering av lackskydd.","og_url":"https:\/\/xenonkungen.com\/es\/producto\/limpiador-de-paneles-tershine-prime\/","og_site_name":"Xenonkungen","article_modified_time":"2026-04-24T16:48:22+00:00","og_image":[{"width":1024,"height":1024,"url":"https:\/\/xenonkungen.com\/wp-content\/uploads\/2026\/03\/KfOwtZifsf2aCJ0xazYqaSdeV0RUn7ZGW2ZzpCNR.webp","type":"image\/webp"}],"twitter_card":"summary_large_image","twitter_misc":{"Tiempo de lectura":"1 minuto"},"schema":{"@context":"https:\/\/schema.org","@graph":[{"@type":"WebPage","@id":"https:\/\/xenonkungen.com\/produkt\/tershine-prime-panel-wipe\/","url":"https:\/\/xenonkungen.com\/produkt\/tershine-prime-panel-wipe\/","name":"Tershine Prime - Borrado de panel - El Rey Xen\u00f3n","isPartOf":{"@id":"https:\/\/xenonkungen.com\/#website"},"primaryImageOfPage":{"@id":"https:\/\/xenonkungen.com\/produkt\/tershine-prime-panel-wipe\/#primaryimage"},"image":{"@id":"https:\/\/xenonkungen.com\/produkt\/tershine-prime-panel-wipe\/#primaryimage"},"thumbnailUrl":"https:\/\/xenonkungen.com\/wp-content\/uploads\/2026\/03\/KfOwtZifsf2aCJ0xazYqaSdeV0RUn7ZGW2ZzpCNR.webp","datePublished":"2026-03-16T12:10:49+00:00","dateModified":"2026-04-24T16:48:22+00:00","breadcrumb":{"@id":"https:\/\/xenonkungen.com\/produkt\/tershine-prime-panel-wipe\/#breadcrumb"},"inLanguage":"es","potentialAction":[{"@type":"ReadAction","target":["https:\/\/xenonkungen.com\/produkt\/tershine-prime-panel-wipe\/"]}]},{"@type":"ImageObject","inLanguage":"es","@id":"https:\/\/xenonkungen.com\/produkt\/tershine-prime-panel-wipe\/#primaryimage","url":"https:\/\/xenonkungen.com\/wp-content\/uploads\/2026\/03\/KfOwtZifsf2aCJ0xazYqaSdeV0RUn7ZGW2ZzpCNR.webp","contentUrl":"https:\/\/xenonkungen.com\/wp-content\/uploads\/2026\/03\/KfOwtZifsf2aCJ0xazYqaSdeV0RUn7ZGW2ZzpCNR.webp","width":1024,"height":1024},{"@type":"BreadcrumbList","@id":"https:\/\/xenonkungen.com\/produkt\/tershine-prime-panel-wipe\/#breadcrumb","itemListElement":[{"@type":"ListItem","position":1,"name":"Hem","item":"https:\/\/xenonkungen.com\/"},{"@type":"ListItem","position":2,"name":"Shop","item":"https:\/\/xenonkungen.com\/shop\/"},{"@type":"ListItem","position":3,"name":"Tershine Prime &#8211; Panel Wipe"}]},{"@type":"WebSite","@id":"https:\/\/xenonkungen.com\/#website","url":"https:\/\/xenonkungen.com\/","name":"Xenonkungen","description":"","potentialAction":[{"@type":"SearchAction","target":{"@type":"EntryPoint","urlTemplate":"https:\/\/xenonkungen.com\/?s={search_term_string}"},"query-input":{"@type":"PropertyValueSpecification","valueRequired":true,"valueName":"search_term_string"}}],"inLanguage":"es"}]}},"taxonomy_info":{"product_brand":[{"value":2893,"label":"Tershine"}],"product_cat":[{"value":2614,"label":"4 | Bilvax &amp; Lackskydd"},{"value":378,"label":"Bilv\u00e5rd"}]},"featured_image_src_large":["https:\/\/xenonkungen.com\/wp-content\/uploads\/2026\/03\/KfOwtZifsf2aCJ0xazYqaSdeV0RUn7ZGW2ZzpCNR.webp",1024,1024,false],"author_info":[],"comment_info":0,"_links":{"self":[{"href":"https:\/\/xenonkungen.com\/es\/wp-json\/wp\/v2\/product\/27905","targetHints":{"allow":["GET"]}}],"collection":[{"href":"https:\/\/xenonkungen.com\/es\/wp-json\/wp\/v2\/product"}],"about":[{"href":"https:\/\/xenonkungen.com\/es\/wp-json\/wp\/v2\/types\/product"}],"replies":[{"embeddable":true,"href":"https:\/\/xenonkungen.com\/es\/wp-json\/wp\/v2\/comments?post=27905"}],"wp:featuredmedia":[{"embeddable":true,"href":"https:\/\/xenonkungen.com\/es\/wp-json\/wp\/v2\/media\/27907"}],"wp:attachment":[{"href":"https:\/\/xenonkungen.com\/es\/wp-json\/wp\/v2\/media?parent=27905"}],"wp:term":[{"taxonomy":"anvandningsomrade","embeddable":true,"href":"https:\/\/xenonkungen.com\/es\/wp-json\/wp\/v2\/anvandningsomrade?post=27905"},{"taxonomy":"bilmarken","embeddable":true,"href":"https:\/\/xenonkungen.com\/es\/wp-json\/wp\/v2\/bilmarken?post=27905"},{"taxonomy":"product_brand","embeddable":true,"href":"https:\/\/xenonkungen.com\/es\/wp-json\/wp\/v2\/product_brand?post=27905"},{"taxonomy":"product_cat","embeddable":true,"href":"https:\/\/xenonkungen.com\/es\/wp-json\/wp\/v2\/product_cat?post=27905"},{"taxonomy":"product_tag","embeddable":true,"href":"https:\/\/xenonkungen.com\/es\/wp-json\/wp\/v2\/product_tag?post=27905"}],"curies":[{"name":"wp","href":"https:\/\/api.w.org\/{rel}","templated":true}]}}