{"id":2791,"date":"2025-04-15T08:42:58","date_gmt":"2025-04-15T08:42:58","guid":{"rendered":"https:\/\/xenonkungen.com\/product\/briodlights-arbetslampa-bred-900lm-50cm\/"},"modified":"2026-04-24T16:48:14","modified_gmt":"2026-04-24T15:48:14","slug":"lampara-de-trabajo-briodlights-ancha-900lm-50cm","status":"publish","type":"product","link":"https:\/\/xenonkungen.com\/es\/producto\/lampara-de-trabajo-briodlights-ancha-900lm-50cm\/","title":{"rendered":"BriodLights L\u00e1mpara de trabajo ancha 900lm 50cm"},"content":{"rendered":"<h1>L\u00e1mpara de trabajo BriodLights Minsting con 900 l\u00famenes<\/h1>\n<p>A pesar de su peque\u00f1o tama\u00f1o, la luz de trabajo m\u00e1s peque\u00f1a de BriodLight ofrece unos impresionantes 900 l\u00famenes. Esta potente luz de trabajo es ideal para diversos entornos laborales, desde obras de construcci\u00f3n hasta talleres, entre otros.<\/p>\n<h2>Compacto y f\u00e1cil de colocar<\/h2>\n<p>Con tan solo 53 mm de ancho, esta peque\u00f1a pero potente luz de trabajo es f\u00e1cil de colocar en diversas zonas. Su tama\u00f1o compacto la hace ideal para espacios reducidos donde la iluminaci\u00f3n de trabajo tradicional no suele caber.<\/p>\n<h2>Iluminaci\u00f3n eficiente<\/h2>\n<p>A pesar de su peque\u00f1o tama\u00f1o, la luz de trabajo m\u00e1s peque\u00f1a de BriodLight proporciona una potente luz de 900 l\u00famenes, lo que la convierte en una soluci\u00f3n eficaz para la iluminaci\u00f3n de tareas, independientemente del \u00e1rea de trabajo.<\/p>\n<h2>F\u00e1cil conexi\u00f3n y montaje flexible<\/h2>\n<p>Con un cable DT de 50 cm de largo para una f\u00e1cil conexi\u00f3n y un soporte de acero inoxidable que se puede girar 180 grados, esta luz de trabajo no solo es potente, sino tambi\u00e9n flexible.<\/p>\n<h2>Garant\u00eda<\/h2>\n<p>Para mayor tranquilidad, la luz de trabajo m\u00e1s peque\u00f1a de BriodLight incluye una garant\u00eda de funcionamiento de 3 a\u00f1os. Puede confiar en que esta peque\u00f1a y potente l\u00e1mpara le proporcionar\u00e1 la iluminaci\u00f3n que necesita, cuando la necesite.<\/p>","protected":false},"excerpt":{"rendered":"<p>BriodLights Minsting Arbetslampa med 900 Lumen Trots sin lilla storlek, levererar BriodLights minsting arbetslampa en imponerande 900 lumen. Denna kraftfulla lilla arbetslampa \u00e4r idealisk f\u00f6r anv\u00e4ndning i en m\u00e4ngd olika arbetsmilj\u00f6er, fr\u00e5n byggarbetsplatser till verkst\u00e4der och mer. Kompakt och L\u00e4ttplacerad Med en bredd p\u00e5 endast 53 mm, \u00e4r denna lilla men kraftfulla arbetslampa l\u00e4tt att [&hellip;]<\/p>","protected":false},"featured_media":2792,"comment_status":"closed","ping_status":"open","template":"","meta":{"_acf_changed":false,"_smort_price_nok":"358","_smort_price_dkk":"227","_smort_price_eur":"30.45","_smort_sale_price_nok":"","_smort_sale_price_dkk":"","_smort_sale_price_eur":"","smort_restorder":"","shipmondo_restorder":"","_kad_blocks_custom_css":"","_kad_blocks_head_custom_js":"","_kad_blocks_body_custom_js":"","_kad_blocks_footer_custom_js":"","smort_custom_pricelist_1":"214.4","smort_custom_pricelist_2":"187.6","smort_custom_pricelist_3":"178.22","smort_custom_pricelist_4":"268","smort_custom_pricelist_5":"187.6"},"anvandningsomrade":[],"bilmarken":[],"product_brand":[92],"product_cat":[2479,508],"product_tag":[2788],"class_list":{"0":"post-2791","1":"product","2":"type-product","3":"status-publish","4":"has-post-thumbnail","6":"product_brand-briodlights","7":"product_cat-backljus-backljus","8":"product_cat-arbetsbelysning","9":"product_tag-black-week-exclude","10":"pa_faktisk-effekts-forbrukning-879","11":"pa_fargtemperatur-6000k","12":"pa_fuktskydd-varde-ipxx-ip68","13":"pa_godkannande-e-godkand","14":"pa_lampsockel-kontakt-dt","15":"pa_ljusbild-flood","16":"pa_storlek-mm-527x754x322","17":"pa_stromforbrukning-043a24v","18":"pa_stromforbrukning-075a12v","19":"pa_volt-v-multivolt-10-12-16-18-24-28-30","21":"first","22":"instock","23":"taxable","24":"shipping-taxable","25":"purchasable","26":"product-type-simple"},"bundled_by":[],"bundle_stock_status":"instock","bundle_stock_quantity":4,"bundle_virtual":false,"bundle_layout":"","bundle_add_to_cart_form_location":"","bundle_editable_in_cart":false,"bundle_sold_individually_context":"","bundle_item_grouping":"","bundle_min_size":"","bundle_max_size":"","bundle_price":[],"bundled_items":[],"bundle_sell_ids":[],"acf":[],"yoast_head":"<!-- This site is optimized with the Yoast SEO plugin v27.0 - https:\/\/yoast.com\/product\/yoast-seo-wordpress\/ -->\n<title>BriodLights Arbetslampa bred 900lm 50cm - Xenonkungen<\/title>\n<meta name=\"robots\" content=\"index, follow, max-snippet:-1, max-image-preview:large, max-video-preview:-1\" \/>\n<link rel=\"canonical\" href=\"https:\/\/xenonkungen.com\/es\/producto\/lampara-de-trabajo-briodlights-ancha-900lm-50cm\/\" \/>\n<meta property=\"og:locale\" content=\"es_ES\" \/>\n<meta property=\"og:type\" content=\"article\" \/>\n<meta property=\"og:title\" content=\"BriodLights Arbetslampa bred 900lm 50cm - Xenonkungen\" \/>\n<meta property=\"og:description\" content=\"BriodLights Minsting Arbetslampa med 900 Lumen Trots sin lilla storlek, levererar BriodLights minsting arbetslampa en imponerande 900 lumen. Denna kraftfulla lilla arbetslampa \u00e4r idealisk f\u00f6r anv\u00e4ndning i en m\u00e4ngd olika arbetsmilj\u00f6er, fr\u00e5n byggarbetsplatser till verkst\u00e4der och mer. Kompakt och L\u00e4ttplacerad Med en bredd p\u00e5 endast 53 mm, \u00e4r denna lilla men kraftfulla arbetslampa l\u00e4tt att [&hellip;]\" \/>\n<meta property=\"og:url\" content=\"https:\/\/xenonkungen.com\/es\/producto\/lampara-de-trabajo-briodlights-ancha-900lm-50cm\/\" \/>\n<meta property=\"og:site_name\" content=\"Xenonkungen\" \/>\n<meta property=\"article:modified_time\" content=\"2026-04-24T15:48:14+00:00\" \/>\n<meta property=\"og:image\" content=\"https:\/\/xenonkungen.com\/wp-content\/uploads\/2025\/04\/11116_itemimage_mainfront.jpg\" \/>\n\t<meta property=\"og:image:width\" content=\"2048\" \/>\n\t<meta property=\"og:image:height\" content=\"1536\" \/>\n\t<meta property=\"og:image:type\" content=\"image\/jpeg\" \/>\n<meta name=\"twitter:card\" content=\"summary_large_image\" \/>\n<meta name=\"twitter:label1\" content=\"Tiempo de lectura\" \/>\n\t<meta name=\"twitter:data1\" content=\"1 minuto\" \/>\n<script type=\"application\/ld+json\" class=\"yoast-schema-graph\">{\"@context\":\"https:\/\/schema.org\",\"@graph\":[{\"@type\":\"WebPage\",\"@id\":\"https:\/\/xenonkungen.com\/produkt\/briodlights-arbetslampa-bred-900lm-50cm\/\",\"url\":\"https:\/\/xenonkungen.com\/produkt\/briodlights-arbetslampa-bred-900lm-50cm\/\",\"name\":\"BriodLights Arbetslampa bred 900lm 50cm - Xenonkungen\",\"isPartOf\":{\"@id\":\"https:\/\/xenonkungen.com\/#website\"},\"primaryImageOfPage\":{\"@id\":\"https:\/\/xenonkungen.com\/produkt\/briodlights-arbetslampa-bred-900lm-50cm\/#primaryimage\"},\"image\":{\"@id\":\"https:\/\/xenonkungen.com\/produkt\/briodlights-arbetslampa-bred-900lm-50cm\/#primaryimage\"},\"thumbnailUrl\":\"https:\/\/xenonkungen.com\/wp-content\/uploads\/2025\/04\/11116_itemimage_mainfront.jpg\",\"datePublished\":\"2025-04-15T08:42:58+00:00\",\"dateModified\":\"2026-04-24T15:48:14+00:00\",\"breadcrumb\":{\"@id\":\"https:\/\/xenonkungen.com\/produkt\/briodlights-arbetslampa-bred-900lm-50cm\/#breadcrumb\"},\"inLanguage\":\"es\",\"potentialAction\":[{\"@type\":\"ReadAction\",\"target\":[\"https:\/\/xenonkungen.com\/produkt\/briodlights-arbetslampa-bred-900lm-50cm\/\"]}]},{\"@type\":\"ImageObject\",\"inLanguage\":\"es\",\"@id\":\"https:\/\/xenonkungen.com\/produkt\/briodlights-arbetslampa-bred-900lm-50cm\/#primaryimage\",\"url\":\"https:\/\/xenonkungen.com\/wp-content\/uploads\/2025\/04\/11116_itemimage_mainfront.jpg\",\"contentUrl\":\"https:\/\/xenonkungen.com\/wp-content\/uploads\/2025\/04\/11116_itemimage_mainfront.jpg\",\"width\":2048,\"height\":1536},{\"@type\":\"BreadcrumbList\",\"@id\":\"https:\/\/xenonkungen.com\/produkt\/briodlights-arbetslampa-bred-900lm-50cm\/#breadcrumb\",\"itemListElement\":[{\"@type\":\"ListItem\",\"position\":1,\"name\":\"Hem\",\"item\":\"https:\/\/xenonkungen.com\/\"},{\"@type\":\"ListItem\",\"position\":2,\"name\":\"Shop\",\"item\":\"https:\/\/xenonkungen.com\/shop\/\"},{\"@type\":\"ListItem\",\"position\":3,\"name\":\"BriodLights Arbetslampa bred 900lm 50cm\"}]},{\"@type\":\"WebSite\",\"@id\":\"https:\/\/xenonkungen.com\/#website\",\"url\":\"https:\/\/xenonkungen.com\/\",\"name\":\"Xenonkungen\",\"description\":\"\",\"potentialAction\":[{\"@type\":\"SearchAction\",\"target\":{\"@type\":\"EntryPoint\",\"urlTemplate\":\"https:\/\/xenonkungen.com\/?s={search_term_string}\"},\"query-input\":{\"@type\":\"PropertyValueSpecification\",\"valueRequired\":true,\"valueName\":\"search_term_string\"}}],\"inLanguage\":\"es\"}]}<\/script>\n<!-- \/ Yoast SEO plugin. -->","yoast_head_json":{"title":"L\u00e1mpara de trabajo BriodLights, ancha, 900 lm, 50 cm - Xen\u00f3n","robots":{"index":"index","follow":"follow","max-snippet":"max-snippet:-1","max-image-preview":"max-image-preview:large","max-video-preview":"max-video-preview:-1"},"canonical":"https:\/\/xenonkungen.com\/es\/producto\/lampara-de-trabajo-briodlights-ancha-900lm-50cm\/","og_locale":"es_ES","og_type":"article","og_title":"BriodLights Arbetslampa bred 900lm 50cm - Xenonkungen","og_description":"BriodLights Minsting Arbetslampa med 900 Lumen Trots sin lilla storlek, levererar BriodLights minsting arbetslampa en imponerande 900 lumen. Denna kraftfulla lilla arbetslampa \u00e4r idealisk f\u00f6r anv\u00e4ndning i en m\u00e4ngd olika arbetsmilj\u00f6er, fr\u00e5n byggarbetsplatser till verkst\u00e4der och mer. Kompakt och L\u00e4ttplacerad Med en bredd p\u00e5 endast 53 mm, \u00e4r denna lilla men kraftfulla arbetslampa l\u00e4tt att [&hellip;]","og_url":"https:\/\/xenonkungen.com\/es\/producto\/lampara-de-trabajo-briodlights-ancha-900lm-50cm\/","og_site_name":"Xenonkungen","article_modified_time":"2026-04-24T15:48:14+00:00","og_image":[{"width":2048,"height":1536,"url":"https:\/\/xenonkungen.com\/wp-content\/uploads\/2025\/04\/11116_itemimage_mainfront.jpg","type":"image\/jpeg"}],"twitter_card":"summary_large_image","twitter_misc":{"Tiempo de lectura":"1 minuto"},"schema":{"@context":"https:\/\/schema.org","@graph":[{"@type":"WebPage","@id":"https:\/\/xenonkungen.com\/produkt\/briodlights-arbetslampa-bred-900lm-50cm\/","url":"https:\/\/xenonkungen.com\/produkt\/briodlights-arbetslampa-bred-900lm-50cm\/","name":"L\u00e1mpara de trabajo BriodLights, ancha, 900 lm, 50 cm - Xen\u00f3n","isPartOf":{"@id":"https:\/\/xenonkungen.com\/#website"},"primaryImageOfPage":{"@id":"https:\/\/xenonkungen.com\/produkt\/briodlights-arbetslampa-bred-900lm-50cm\/#primaryimage"},"image":{"@id":"https:\/\/xenonkungen.com\/produkt\/briodlights-arbetslampa-bred-900lm-50cm\/#primaryimage"},"thumbnailUrl":"https:\/\/xenonkungen.com\/wp-content\/uploads\/2025\/04\/11116_itemimage_mainfront.jpg","datePublished":"2025-04-15T08:42:58+00:00","dateModified":"2026-04-24T15:48:14+00:00","breadcrumb":{"@id":"https:\/\/xenonkungen.com\/produkt\/briodlights-arbetslampa-bred-900lm-50cm\/#breadcrumb"},"inLanguage":"es","potentialAction":[{"@type":"ReadAction","target":["https:\/\/xenonkungen.com\/produkt\/briodlights-arbetslampa-bred-900lm-50cm\/"]}]},{"@type":"ImageObject","inLanguage":"es","@id":"https:\/\/xenonkungen.com\/produkt\/briodlights-arbetslampa-bred-900lm-50cm\/#primaryimage","url":"https:\/\/xenonkungen.com\/wp-content\/uploads\/2025\/04\/11116_itemimage_mainfront.jpg","contentUrl":"https:\/\/xenonkungen.com\/wp-content\/uploads\/2025\/04\/11116_itemimage_mainfront.jpg","width":2048,"height":1536},{"@type":"BreadcrumbList","@id":"https:\/\/xenonkungen.com\/produkt\/briodlights-arbetslampa-bred-900lm-50cm\/#breadcrumb","itemListElement":[{"@type":"ListItem","position":1,"name":"Hem","item":"https:\/\/xenonkungen.com\/"},{"@type":"ListItem","position":2,"name":"Shop","item":"https:\/\/xenonkungen.com\/shop\/"},{"@type":"ListItem","position":3,"name":"BriodLights Arbetslampa bred 900lm 50cm"}]},{"@type":"WebSite","@id":"https:\/\/xenonkungen.com\/#website","url":"https:\/\/xenonkungen.com\/","name":"Xenonkungen","description":"","potentialAction":[{"@type":"SearchAction","target":{"@type":"EntryPoint","urlTemplate":"https:\/\/xenonkungen.com\/?s={search_term_string}"},"query-input":{"@type":"PropertyValueSpecification","valueRequired":true,"valueName":"search_term_string"}}],"inLanguage":"es"}]}},"taxonomy_info":{"product_brand":[{"value":92,"label":"Briodlights"}],"product_cat":[{"value":2479,"label":"Backljus"},{"value":508,"label":"Arbetsbelysning"}],"product_tag":[{"value":2788,"label":"black-week-exclude"}],"pa_faktisk-effekts-forbrukning":[{"value":879,"label":"11,2"}],"pa_fargtemperatur":[{"value":188,"label":"6000K"}],"pa_fuktskydd-varde-ipxx":[{"value":177,"label":"IP68"}],"pa_godkannande":[{"value":182,"label":"E-godk\u00e4nd"}],"pa_lampsockel-kontakt":[{"value":329,"label":"DT"}],"pa_ljusbild":[{"value":503,"label":"FLOOD"}],"pa_storlek-mm":[{"value":878,"label":"52,7x75,4x32,2"}],"pa_stromforbrukning":[{"value":881,"label":"0,43A@24V"},{"value":880,"label":"0,75A@12V"}],"pa_volt-v":[{"value":773,"label":"Multivolt, 10, 12, 16, 18, 24, 28, 30"}]},"featured_image_src_large":["https:\/\/xenonkungen.com\/wp-content\/uploads\/2025\/04\/11116_itemimage_mainfront-1024x768.jpg",1024,768,true],"author_info":[],"comment_info":0,"_links":{"self":[{"href":"https:\/\/xenonkungen.com\/es\/wp-json\/wp\/v2\/product\/2791","targetHints":{"allow":["GET"]}}],"collection":[{"href":"https:\/\/xenonkungen.com\/es\/wp-json\/wp\/v2\/product"}],"about":[{"href":"https:\/\/xenonkungen.com\/es\/wp-json\/wp\/v2\/types\/product"}],"replies":[{"embeddable":true,"href":"https:\/\/xenonkungen.com\/es\/wp-json\/wp\/v2\/comments?post=2791"}],"wp:featuredmedia":[{"embeddable":true,"href":"https:\/\/xenonkungen.com\/es\/wp-json\/wp\/v2\/media\/2792"}],"wp:attachment":[{"href":"https:\/\/xenonkungen.com\/es\/wp-json\/wp\/v2\/media?parent=2791"}],"wp:term":[{"taxonomy":"anvandningsomrade","embeddable":true,"href":"https:\/\/xenonkungen.com\/es\/wp-json\/wp\/v2\/anvandningsomrade?post=2791"},{"taxonomy":"bilmarken","embeddable":true,"href":"https:\/\/xenonkungen.com\/es\/wp-json\/wp\/v2\/bilmarken?post=2791"},{"taxonomy":"product_brand","embeddable":true,"href":"https:\/\/xenonkungen.com\/es\/wp-json\/wp\/v2\/product_brand?post=2791"},{"taxonomy":"product_cat","embeddable":true,"href":"https:\/\/xenonkungen.com\/es\/wp-json\/wp\/v2\/product_cat?post=2791"},{"taxonomy":"product_tag","embeddable":true,"href":"https:\/\/xenonkungen.com\/es\/wp-json\/wp\/v2\/product_tag?post=2791"}],"curies":[{"name":"wp","href":"https:\/\/api.w.org\/{rel}","templated":true}]}}