{"id":27913,"date":"2026-03-16T13:27:56","date_gmt":"2026-03-16T12:27:56","guid":{"rendered":"https:\/\/xenonkungen.com\/?post_type=product&#038;p=27913"},"modified":"2026-04-24T17:48:30","modified_gmt":"2026-04-24T16:48:30","slug":"champu-ceramico-para-coches-tershine-purify-s-5-l","status":"publish","type":"product","link":"https:\/\/xenonkungen.com\/es\/producto\/champu-ceramico-para-coches-tershine-purify-s-5-l\/","title":{"rendered":"Tershine Purify S 5 L \u2013 Champ\u00fa cer\u00e1mico para coches"},"content":{"rendered":"<p>Purify S \u2013 Champ\u00fa para coches es la nueva generaci\u00f3n de champ\u00fa para coches que proporciona un brillo intenso y una espuma abundante, limpiando en profundidad y dejando una superficie impecable. Completamente libre de marcas de peligro, biodegradable (100%) y apto para pr\u00e1cticamente todo tipo de veh\u00edculos, como coches, autocaravanas, caravanas, camiones, barcos y motocicletas. Su alta proporci\u00f3n de mezcla (1:1000) lo hace muy econ\u00f3mico. Tambi\u00e9n funciona de maravilla con lanza de espuma.<\/p>\n<p><strong>Brillo extremadamente alto<br \/>\nEspuma gruesa<br \/>\nImpresionante deslizamiento sobre la superficie.<br \/>\nDisponible en dos deliciosas fragancias diferentes.<br \/>\nFunciona en lanza de espuma<br \/>\nLimpieza profunda<br \/>\nEl producto no est\u00e1 clasificado como sujeto a etiquetado obligatorio seg\u00fan el Reglamento CLP (CE) n.\u00ba 1272\/2008.<br \/>\n<\/strong><\/p>\n<p><strong>C\u00f3mo usar Purify S \u2013 Champ\u00fa para coches:<br \/>\n<\/strong><br \/>\n<strong>1.<\/strong>\u00a0Vierta un chorrito de agua tibia.<br \/>\n<strong>2.<\/strong>\u00a0Esponja la espuma con tu hidrolavadora.<br \/>\n<strong>3.<\/strong>\u00a0Utilice un guante de lavado o un pa\u00f1o de microfibra con movimientos rectos sobre la pintura.<br \/>\n<strong>4<\/strong>Enjuagar<br \/>\n<strong>5.<\/strong>\u00a0Bienvenido al futuro del brillo reluciente.<\/p>\n<p>Purify S ayuda a potenciar la protecci\u00f3n de la pintura existente para que dure m\u00e1s, pero tambi\u00e9n funciona perfectamente en superficies sin ning\u00fan tipo de protecci\u00f3n. El brillo aumentar\u00e1 gradualmente durante la primera hora despu\u00e9s del lavado. Es totalmente seguro contra todo tipo de ceras y protectores de pintura cer\u00e1micos en aerosol. Funciona de maravilla en pintura brillante, pintura mate, l\u00e1minas\/envolturas brillantes, l\u00e1minas\/envolturas mate y todo tipo de PPF\/pel\u00edculas antigravilla. Viene en dos agradables fragancias: la original con un toque de naranja y la de frambuesa.<\/p>","protected":false},"excerpt":{"rendered":"<p>Champ\u00fa cer\u00e1mico para coches que hace mucha espuma y proporciona un brillo espectacular. Proporci\u00f3n de mezcla 1:1000 y \u00a1un aroma incre\u00edble!<\/p>","protected":false},"featured_media":27915,"comment_status":"open","ping_status":"closed","template":"","meta":{"_acf_changed":false,"_smort_price_nok":"","_smort_price_dkk":"","_smort_price_eur":"","_smort_sale_price_nok":"","_smort_sale_price_dkk":"","_smort_sale_price_eur":"","smort_restorder":"","shipmondo_restorder":"","_kad_blocks_custom_css":"","_kad_blocks_head_custom_js":"","_kad_blocks_body_custom_js":"","_kad_blocks_footer_custom_js":"","smort_custom_pricelist_1":null,"smort_custom_pricelist_2":null,"smort_custom_pricelist_3":null,"smort_custom_pricelist_4":null,"smort_custom_pricelist_5":null},"anvandningsomrade":[],"bilmarken":[],"product_brand":[2893],"product_cat":[2988,2892,2621,378],"product_tag":[],"class_list":{"0":"post-27913","1":"product","2":"type-product","3":"status-publish","4":"has-post-thumbnail","6":"product_brand-tershine","7":"product_cat-biltvatt","8":"product_cat-retail-produkter","9":"product_cat-bilschampo","10":"product_cat-bilvard","12":"first","13":"onbackorder","14":"taxable","15":"shipping-taxable","16":"purchasable","17":"product-type-variable"},"bundled_by":[],"bundle_stock_status":"onbackorder","bundle_stock_quantity":null,"bundle_virtual":false,"bundle_layout":"","bundle_add_to_cart_form_location":"","bundle_editable_in_cart":false,"bundle_sold_individually_context":"","bundle_item_grouping":"","bundle_min_size":"","bundle_max_size":"","bundle_price":[],"bundled_items":[],"bundle_sell_ids":[],"acf":[],"yoast_head":"<!-- This site is optimized with the Yoast SEO plugin v27.0 - https:\/\/yoast.com\/product\/yoast-seo-wordpress\/ -->\n<title>Tershine Purify S 5 L - Keramiskt bilschampo - Xenonkungen<\/title>\n<meta name=\"robots\" content=\"index, follow, max-snippet:-1, max-image-preview:large, max-video-preview:-1\" \/>\n<link rel=\"canonical\" href=\"https:\/\/xenonkungen.com\/es\/producto\/champu-ceramico-para-coches-tershine-purify-s-5-l\/\" \/>\n<meta property=\"og:locale\" content=\"es_ES\" \/>\n<meta property=\"og:type\" content=\"article\" \/>\n<meta property=\"og:title\" content=\"Tershine Purify S 5 L - Keramiskt bilschampo - Xenonkungen\" \/>\n<meta property=\"og:description\" content=\"Keramiskt bilschampo som skummar mycket och ger en helt vansinnig glans. Blandningsf\u00f6rh\u00e5llande 1:1000 och grym doft!\" \/>\n<meta property=\"og:url\" content=\"https:\/\/xenonkungen.com\/es\/producto\/champu-ceramico-para-coches-tershine-purify-s-5-l\/\" \/>\n<meta property=\"og:site_name\" content=\"Xenonkungen\" \/>\n<meta property=\"article:modified_time\" content=\"2026-04-24T16:48:30+00:00\" \/>\n<meta property=\"og:image\" content=\"https:\/\/xenonkungen.com\/wp-content\/uploads\/2026\/03\/ZoPbrIg88qhmp43zM7cr3og4v9sQVtUFi5WKeGbl.webp\" \/>\n\t<meta property=\"og:image:width\" content=\"1024\" \/>\n\t<meta property=\"og:image:height\" content=\"1024\" \/>\n\t<meta property=\"og:image:type\" content=\"image\/webp\" \/>\n<meta name=\"twitter:card\" content=\"summary_large_image\" \/>\n<meta name=\"twitter:label1\" content=\"Tiempo de lectura\" \/>\n\t<meta name=\"twitter:data1\" content=\"2 minutos\" \/>\n<script type=\"application\/ld+json\" class=\"yoast-schema-graph\">{\"@context\":\"https:\/\/schema.org\",\"@graph\":[{\"@type\":\"WebPage\",\"@id\":\"https:\/\/xenonkungen.com\/produkt\/tershine-purify-s-5-l-keramiskt-bilschampo\/\",\"url\":\"https:\/\/xenonkungen.com\/produkt\/tershine-purify-s-5-l-keramiskt-bilschampo\/\",\"name\":\"Tershine Purify S 5 L - Keramiskt bilschampo - Xenonkungen\",\"isPartOf\":{\"@id\":\"https:\/\/xenonkungen.com\/#website\"},\"primaryImageOfPage\":{\"@id\":\"https:\/\/xenonkungen.com\/produkt\/tershine-purify-s-5-l-keramiskt-bilschampo\/#primaryimage\"},\"image\":{\"@id\":\"https:\/\/xenonkungen.com\/produkt\/tershine-purify-s-5-l-keramiskt-bilschampo\/#primaryimage\"},\"thumbnailUrl\":\"https:\/\/xenonkungen.com\/wp-content\/uploads\/2026\/03\/ZoPbrIg88qhmp43zM7cr3og4v9sQVtUFi5WKeGbl.webp\",\"datePublished\":\"2026-03-16T12:27:56+00:00\",\"dateModified\":\"2026-04-24T16:48:30+00:00\",\"breadcrumb\":{\"@id\":\"https:\/\/xenonkungen.com\/produkt\/tershine-purify-s-5-l-keramiskt-bilschampo\/#breadcrumb\"},\"inLanguage\":\"es\",\"potentialAction\":[{\"@type\":\"ReadAction\",\"target\":[\"https:\/\/xenonkungen.com\/produkt\/tershine-purify-s-5-l-keramiskt-bilschampo\/\"]}]},{\"@type\":\"ImageObject\",\"inLanguage\":\"es\",\"@id\":\"https:\/\/xenonkungen.com\/produkt\/tershine-purify-s-5-l-keramiskt-bilschampo\/#primaryimage\",\"url\":\"https:\/\/xenonkungen.com\/wp-content\/uploads\/2026\/03\/ZoPbrIg88qhmp43zM7cr3og4v9sQVtUFi5WKeGbl.webp\",\"contentUrl\":\"https:\/\/xenonkungen.com\/wp-content\/uploads\/2026\/03\/ZoPbrIg88qhmp43zM7cr3og4v9sQVtUFi5WKeGbl.webp\",\"width\":1024,\"height\":1024},{\"@type\":\"BreadcrumbList\",\"@id\":\"https:\/\/xenonkungen.com\/produkt\/tershine-purify-s-5-l-keramiskt-bilschampo\/#breadcrumb\",\"itemListElement\":[{\"@type\":\"ListItem\",\"position\":1,\"name\":\"Hem\",\"item\":\"https:\/\/xenonkungen.com\/\"},{\"@type\":\"ListItem\",\"position\":2,\"name\":\"Shop\",\"item\":\"https:\/\/xenonkungen.com\/shop\/\"},{\"@type\":\"ListItem\",\"position\":3,\"name\":\"Tershine Purify S 5 L &#8211; Keramiskt bilschampo\"}]},{\"@type\":\"WebSite\",\"@id\":\"https:\/\/xenonkungen.com\/#website\",\"url\":\"https:\/\/xenonkungen.com\/\",\"name\":\"Xenonkungen\",\"description\":\"\",\"potentialAction\":[{\"@type\":\"SearchAction\",\"target\":{\"@type\":\"EntryPoint\",\"urlTemplate\":\"https:\/\/xenonkungen.com\/?s={search_term_string}\"},\"query-input\":{\"@type\":\"PropertyValueSpecification\",\"valueRequired\":true,\"valueName\":\"search_term_string\"}}],\"inLanguage\":\"es\"}]}<\/script>\n<!-- \/ Yoast SEO plugin. -->","yoast_head_json":{"title":"Tershine Purify S 5 L - Champ\u00fa cer\u00e1mico para coches - Xenonkungen","robots":{"index":"index","follow":"follow","max-snippet":"max-snippet:-1","max-image-preview":"max-image-preview:large","max-video-preview":"max-video-preview:-1"},"canonical":"https:\/\/xenonkungen.com\/es\/producto\/champu-ceramico-para-coches-tershine-purify-s-5-l\/","og_locale":"es_ES","og_type":"article","og_title":"Tershine Purify S 5 L - Keramiskt bilschampo - Xenonkungen","og_description":"Keramiskt bilschampo som skummar mycket och ger en helt vansinnig glans. Blandningsf\u00f6rh\u00e5llande 1:1000 och grym doft!","og_url":"https:\/\/xenonkungen.com\/es\/producto\/champu-ceramico-para-coches-tershine-purify-s-5-l\/","og_site_name":"Xenonkungen","article_modified_time":"2026-04-24T16:48:30+00:00","og_image":[{"width":1024,"height":1024,"url":"https:\/\/xenonkungen.com\/wp-content\/uploads\/2026\/03\/ZoPbrIg88qhmp43zM7cr3og4v9sQVtUFi5WKeGbl.webp","type":"image\/webp"}],"twitter_card":"summary_large_image","twitter_misc":{"Tiempo de lectura":"2 minutos"},"schema":{"@context":"https:\/\/schema.org","@graph":[{"@type":"WebPage","@id":"https:\/\/xenonkungen.com\/produkt\/tershine-purify-s-5-l-keramiskt-bilschampo\/","url":"https:\/\/xenonkungen.com\/produkt\/tershine-purify-s-5-l-keramiskt-bilschampo\/","name":"Tershine Purify S 5 L - Champ\u00fa cer\u00e1mico para coches - Xenonkungen","isPartOf":{"@id":"https:\/\/xenonkungen.com\/#website"},"primaryImageOfPage":{"@id":"https:\/\/xenonkungen.com\/produkt\/tershine-purify-s-5-l-keramiskt-bilschampo\/#primaryimage"},"image":{"@id":"https:\/\/xenonkungen.com\/produkt\/tershine-purify-s-5-l-keramiskt-bilschampo\/#primaryimage"},"thumbnailUrl":"https:\/\/xenonkungen.com\/wp-content\/uploads\/2026\/03\/ZoPbrIg88qhmp43zM7cr3og4v9sQVtUFi5WKeGbl.webp","datePublished":"2026-03-16T12:27:56+00:00","dateModified":"2026-04-24T16:48:30+00:00","breadcrumb":{"@id":"https:\/\/xenonkungen.com\/produkt\/tershine-purify-s-5-l-keramiskt-bilschampo\/#breadcrumb"},"inLanguage":"es","potentialAction":[{"@type":"ReadAction","target":["https:\/\/xenonkungen.com\/produkt\/tershine-purify-s-5-l-keramiskt-bilschampo\/"]}]},{"@type":"ImageObject","inLanguage":"es","@id":"https:\/\/xenonkungen.com\/produkt\/tershine-purify-s-5-l-keramiskt-bilschampo\/#primaryimage","url":"https:\/\/xenonkungen.com\/wp-content\/uploads\/2026\/03\/ZoPbrIg88qhmp43zM7cr3og4v9sQVtUFi5WKeGbl.webp","contentUrl":"https:\/\/xenonkungen.com\/wp-content\/uploads\/2026\/03\/ZoPbrIg88qhmp43zM7cr3og4v9sQVtUFi5WKeGbl.webp","width":1024,"height":1024},{"@type":"BreadcrumbList","@id":"https:\/\/xenonkungen.com\/produkt\/tershine-purify-s-5-l-keramiskt-bilschampo\/#breadcrumb","itemListElement":[{"@type":"ListItem","position":1,"name":"Hem","item":"https:\/\/xenonkungen.com\/"},{"@type":"ListItem","position":2,"name":"Shop","item":"https:\/\/xenonkungen.com\/shop\/"},{"@type":"ListItem","position":3,"name":"Tershine Purify S 5 L &#8211; Keramiskt bilschampo"}]},{"@type":"WebSite","@id":"https:\/\/xenonkungen.com\/#website","url":"https:\/\/xenonkungen.com\/","name":"Xenonkungen","description":"","potentialAction":[{"@type":"SearchAction","target":{"@type":"EntryPoint","urlTemplate":"https:\/\/xenonkungen.com\/?s={search_term_string}"},"query-input":{"@type":"PropertyValueSpecification","valueRequired":true,"valueName":"search_term_string"}}],"inLanguage":"es"}]}},"taxonomy_info":{"product_brand":[{"value":2893,"label":"Tershine"}],"product_cat":[{"value":2988,"label":"1 | Biltv\u00e4tt"},{"value":2892,"label":"\u00c5terf\u00f6rs\u00e4ljarprodukter"},{"value":2621,"label":"Bilschampo"},{"value":378,"label":"Bilv\u00e5rd"}]},"featured_image_src_large":["https:\/\/xenonkungen.com\/wp-content\/uploads\/2026\/03\/ZoPbrIg88qhmp43zM7cr3og4v9sQVtUFi5WKeGbl.webp",1024,1024,false],"author_info":[],"comment_info":0,"_links":{"self":[{"href":"https:\/\/xenonkungen.com\/es\/wp-json\/wp\/v2\/product\/27913","targetHints":{"allow":["GET"]}}],"collection":[{"href":"https:\/\/xenonkungen.com\/es\/wp-json\/wp\/v2\/product"}],"about":[{"href":"https:\/\/xenonkungen.com\/es\/wp-json\/wp\/v2\/types\/product"}],"replies":[{"embeddable":true,"href":"https:\/\/xenonkungen.com\/es\/wp-json\/wp\/v2\/comments?post=27913"}],"wp:featuredmedia":[{"embeddable":true,"href":"https:\/\/xenonkungen.com\/es\/wp-json\/wp\/v2\/media\/27915"}],"wp:attachment":[{"href":"https:\/\/xenonkungen.com\/es\/wp-json\/wp\/v2\/media?parent=27913"}],"wp:term":[{"taxonomy":"anvandningsomrade","embeddable":true,"href":"https:\/\/xenonkungen.com\/es\/wp-json\/wp\/v2\/anvandningsomrade?post=27913"},{"taxonomy":"bilmarken","embeddable":true,"href":"https:\/\/xenonkungen.com\/es\/wp-json\/wp\/v2\/bilmarken?post=27913"},{"taxonomy":"product_brand","embeddable":true,"href":"https:\/\/xenonkungen.com\/es\/wp-json\/wp\/v2\/product_brand?post=27913"},{"taxonomy":"product_cat","embeddable":true,"href":"https:\/\/xenonkungen.com\/es\/wp-json\/wp\/v2\/product_cat?post=27913"},{"taxonomy":"product_tag","embeddable":true,"href":"https:\/\/xenonkungen.com\/es\/wp-json\/wp\/v2\/product_tag?post=27913"}],"curies":[{"name":"wp","href":"https:\/\/api.w.org\/{rel}","templated":true}]}}