{"id":27929,"date":"2026-03-16T13:49:15","date_gmt":"2026-03-16T12:49:15","guid":{"rendered":"https:\/\/xenonkungen.com\/?post_type=product&#038;p=27929"},"modified":"2026-04-24T17:48:23","modified_gmt":"2026-04-24T16:48:23","slug":"tershine-purify-s-bilschampo-5-l-2","status":"publish","type":"product","link":"https:\/\/xenonkungen.com\/es\/producto\/tershine-purify-s-bilschampo-5-l-2\/","title":{"rendered":"Tershine Purify S+ \u2013 Champ\u00fa para coches 500 ml"},"content":{"rendered":"<p>Champ\u00fa para coches y protector de pintura en uno. Limpia y crea una pel\u00edcula hidr\u00f3fuga en una sola pasada. \u00a1As\u00ed de f\u00e1cil! Funciona en todo tipo de veh\u00edculos: coches, barcos, caravanas, autocaravanas, camiones y motocicletas.<\/p>\n<p><strong>Muy f\u00e1cil de usar<br \/>\nCruel escorrent\u00eda<br \/>\nLimpia y protege la pintura en una sola pasada.<br \/>\nBrillo muy alto<br \/>\nDelicioso aroma a manzana<br \/>\nFunciona en lanza de espuma<br \/>\nEl producto se elabora sin la adici\u00f3n de sustancias perfluoradas y polifluoradas (PFAS).<\/strong><\/p>\n<p>C\u00f3mo usar Purfiy S+ \u2013 Champ\u00fa para coches con desag\u00fce:<\/p>\n<p><strong>1.\u00a0<\/strong>Vierta un chorrito en el cubo y experimente con la cantidad necesaria. Var\u00eda seg\u00fan el coche y el producto tiene una proporci\u00f3n de mezcla menor que nuestros otros champ\u00fas. Con el uso, los resultados son pr\u00e1cticamente mejores. Tambi\u00e9n puede aplicarlo directamente sobre un guante o pa\u00f1o, masajearlo y luego enjuagar.\u00a0<strong><br \/>\n2.\u00a0<\/strong>Esponje la espuma con alta presi\u00f3n (repita si es necesario).<strong><br \/>\n3.\u00a0<\/strong>Deslice el guante de lavado o el pa\u00f1o de microfibra con movimientos rectos sobre la pintura del veh\u00edculo.<strong><br \/>\n4.\u00a0<\/strong>Enjuagar y secar con un pa\u00f1o de alta calidad.<strong><br \/>\n5.\u00a0<\/strong>\u00a1Disfruta del brillo \u00e9pico y el escurrimiento!<\/p>\n<p>Purify S+ es un champ\u00fa cer\u00e1mico con aroma a manzana verde que, adem\u00e1s de limpiar, proporciona un brillo intenso y deja una pel\u00edcula protectora altamente hidr\u00f3fuga. Ideal para quienes desean proteger la pintura de su veh\u00edculo f\u00e1cilmente y sin complicaciones, o para potenciar la protecci\u00f3n existente.<\/p>\n<p dir=\"auto\">La proporci\u00f3n de mezcla es de 1:250 a 1:500 y funciona de maravilla en una pistola de espuma. En otras palabras, es ideal para quienes tienen veh\u00edculos grandes como camiones, excavadoras o, por supuesto, \u00a1para todo tipo de veh\u00edculos!<\/p>\n<p dir=\"auto\">La espuma en s\u00ed est\u00e1 bastante bien, pero lamentablemente, como suele ocurrir con los productos qu\u00edmicos, \u00a1el agua de escorrent\u00eda la reduce! Sin embargo, no hay problema en airearla en el cubo de vez en cuando.<\/p>\n<p dir=\"auto\">Este es un producto excelente para esos momentos en los que no puedes conducir con la protecci\u00f3n de pintura en aerosol y todos los pasos, o si simplemente quieres mantener tu protecci\u00f3n existente, como Magnify - Coating o Refract - Spray paint protection. Proporciona un drenaje realmente bueno incluso en pintura completamente muerta y, si ya tienes una protecci\u00f3n debajo, la mejora mucho. Este es un producto perfecto, tanto para principiantes como para nosotros, los lavadores m\u00e1s experimentados que a veces sentimos que no tenemos tiempo para un buen lavado con todos los pasos. Es una peque\u00f1a concesi\u00f3n tener todo en la misma botella, pero este es realmente mi nuevo favorito porque es incre\u00edblemente f\u00e1cil de usar y da un resultado s\u00faper bueno. Funciona de maravilla en vinilo\/PPF y tambi\u00e9n en pintura mate. Tambi\u00e9n es genial en barcos, autocaravanas\/caravanas, motos acu\u00e1ticas, s\u00ed, funciona m\u00e1s o menos en todo.<\/p>\n<p dir=\"auto\">Lo mejor es que no tienes por qu\u00e9 preocuparte si el producto no se aclara inmediatamente. En otras palabras, puedes lavar todo el veh\u00edculo con tranquilidad antes de enjuagarlo, igual que con nuestros otros champ\u00fas. Por supuesto, primero debes realizar todos los pasos previos, como desengrasar, limpiar las llantas, etc. En resumen, un lavado completamente normal.<\/p>\n<p dir=\"auto\">Se puede usar con ventaja en una pistola de espuma. Como siempre, hay muchos factores que influyen, as\u00ed que no dudes en experimentar hasta encontrar la proporci\u00f3n de mezcla adecuada. Aseg\u00farate de limpiar bien antes de usar el desengrasante; luego, d\u00fachate y deja que act\u00fae durante un rato antes de enjuagar.<\/p>\n<p dir=\"auto\">Como \u00faltimo recurso, puedes diluirlo con agua y usarlo como una especie de capa h\u00fameda, luego mezclarlo en una botella vac\u00eda, rociarlo sobre una superficie limpia y enjuagar como si fuera Refract.<\/p>\n<p dir=\"auto\">Si no se consigue el efecto deseado, pruebe a usar un poco m\u00e1s de producto. Aunque suene vago, como ya he explicado, le recomendamos que experimente hasta encontrar la proporci\u00f3n que mejor le funcione. Evite la luz solar directa y guarde el producto en un lugar oscuro y protegido de las heladas.<\/p>\n<p dir=\"auto\"><strong>Fragancia:<\/strong>\u00a0Manzana verde<\/p>\n<p dir=\"auto\">Conservar en un lugar libre de escarcha.<\/p>","protected":false},"excerpt":{"rendered":"<p>Bilschampo och lackskydd i samma produkt. Reng\u00f6r ytan samt skapar en skyddande, vattenavst\u00f6tande hinna och massvis av h\u00e4rlig glans.<\/p>","protected":false},"featured_media":27930,"comment_status":"open","ping_status":"closed","template":"","meta":{"_acf_changed":false,"_smort_price_nok":"","_smort_price_dkk":"","_smort_price_eur":"","_smort_sale_price_nok":"","_smort_sale_price_dkk":"","_smort_sale_price_eur":"","smort_restorder":"","shipmondo_restorder":"","_kad_blocks_custom_css":"","_kad_blocks_head_custom_js":"","_kad_blocks_body_custom_js":"","_kad_blocks_footer_custom_js":"","smort_custom_pricelist_1":"159.36","smort_custom_pricelist_2":"159.36","smort_custom_pricelist_3":"159.36","smort_custom_pricelist_4":"199.2","smort_custom_pricelist_5":"159.36"},"anvandningsomrade":[],"bilmarken":[],"product_brand":[2893],"product_cat":[2988,2614,2892,2621,378],"product_tag":[],"class_list":{"0":"post-27929","1":"product","2":"type-product","3":"status-publish","4":"has-post-thumbnail","6":"product_brand-tershine","7":"product_cat-biltvatt","8":"product_cat-lackskydd","9":"product_cat-retail-produkter","10":"product_cat-bilschampo","11":"product_cat-bilvard","13":"first","14":"instock","15":"taxable","16":"shipping-taxable","17":"purchasable","18":"product-type-simple"},"bundled_by":[],"bundle_stock_status":"instock","bundle_stock_quantity":7,"bundle_virtual":false,"bundle_layout":"","bundle_add_to_cart_form_location":"","bundle_editable_in_cart":false,"bundle_sold_individually_context":"","bundle_item_grouping":"","bundle_min_size":"","bundle_max_size":"","bundle_price":[],"bundled_items":[],"bundle_sell_ids":[],"acf":[],"yoast_head":"<!-- This site is optimized with the Yoast SEO plugin v27.0 - https:\/\/yoast.com\/product\/yoast-seo-wordpress\/ -->\n<title>Tershine Purify S+ - Bilschampo 500 ml - Xenonkungen<\/title>\n<meta name=\"robots\" content=\"index, follow, max-snippet:-1, max-image-preview:large, max-video-preview:-1\" \/>\n<link rel=\"canonical\" href=\"https:\/\/xenonkungen.com\/es\/producto\/tershine-purify-s-bilschampo-5-l-2\/\" \/>\n<meta property=\"og:locale\" content=\"es_ES\" \/>\n<meta property=\"og:type\" content=\"article\" \/>\n<meta property=\"og:title\" content=\"Tershine Purify S+ - Bilschampo 500 ml - Xenonkungen\" \/>\n<meta property=\"og:description\" content=\"Bilschampo och lackskydd i samma produkt. Reng\u00f6r ytan samt skapar en skyddande, vattenavst\u00f6tande hinna och massvis av h\u00e4rlig glans.\" \/>\n<meta property=\"og:url\" content=\"https:\/\/xenonkungen.com\/es\/producto\/tershine-purify-s-bilschampo-5-l-2\/\" \/>\n<meta property=\"og:site_name\" content=\"Xenonkungen\" \/>\n<meta property=\"article:modified_time\" content=\"2026-04-24T16:48:23+00:00\" \/>\n<meta property=\"og:image\" content=\"https:\/\/xenonkungen.com\/wp-content\/uploads\/2026\/03\/Kr0fcQTujet4bLXa2lz0DEF0N19taHKZLT7zhzd8.webp\" \/>\n\t<meta property=\"og:image:width\" content=\"1024\" \/>\n\t<meta property=\"og:image:height\" content=\"1024\" \/>\n\t<meta property=\"og:image:type\" content=\"image\/webp\" \/>\n<meta name=\"twitter:card\" content=\"summary_large_image\" \/>\n<meta name=\"twitter:label1\" content=\"Tiempo de lectura\" \/>\n\t<meta name=\"twitter:data1\" content=\"4 minutos\" \/>\n<script type=\"application\/ld+json\" class=\"yoast-schema-graph\">{\"@context\":\"https:\/\/schema.org\",\"@graph\":[{\"@type\":\"WebPage\",\"@id\":\"https:\/\/xenonkungen.com\/produkt\/tershine-purify-s-bilschampo-5-l-2\/\",\"url\":\"https:\/\/xenonkungen.com\/produkt\/tershine-purify-s-bilschampo-5-l-2\/\",\"name\":\"Tershine Purify S+ - Bilschampo 500 ml - Xenonkungen\",\"isPartOf\":{\"@id\":\"https:\/\/xenonkungen.com\/#website\"},\"primaryImageOfPage\":{\"@id\":\"https:\/\/xenonkungen.com\/produkt\/tershine-purify-s-bilschampo-5-l-2\/#primaryimage\"},\"image\":{\"@id\":\"https:\/\/xenonkungen.com\/produkt\/tershine-purify-s-bilschampo-5-l-2\/#primaryimage\"},\"thumbnailUrl\":\"https:\/\/xenonkungen.com\/wp-content\/uploads\/2026\/03\/Kr0fcQTujet4bLXa2lz0DEF0N19taHKZLT7zhzd8.webp\",\"datePublished\":\"2026-03-16T12:49:15+00:00\",\"dateModified\":\"2026-04-24T16:48:23+00:00\",\"breadcrumb\":{\"@id\":\"https:\/\/xenonkungen.com\/produkt\/tershine-purify-s-bilschampo-5-l-2\/#breadcrumb\"},\"inLanguage\":\"es\",\"potentialAction\":[{\"@type\":\"ReadAction\",\"target\":[\"https:\/\/xenonkungen.com\/produkt\/tershine-purify-s-bilschampo-5-l-2\/\"]}]},{\"@type\":\"ImageObject\",\"inLanguage\":\"es\",\"@id\":\"https:\/\/xenonkungen.com\/produkt\/tershine-purify-s-bilschampo-5-l-2\/#primaryimage\",\"url\":\"https:\/\/xenonkungen.com\/wp-content\/uploads\/2026\/03\/Kr0fcQTujet4bLXa2lz0DEF0N19taHKZLT7zhzd8.webp\",\"contentUrl\":\"https:\/\/xenonkungen.com\/wp-content\/uploads\/2026\/03\/Kr0fcQTujet4bLXa2lz0DEF0N19taHKZLT7zhzd8.webp\",\"width\":1024,\"height\":1024},{\"@type\":\"BreadcrumbList\",\"@id\":\"https:\/\/xenonkungen.com\/produkt\/tershine-purify-s-bilschampo-5-l-2\/#breadcrumb\",\"itemListElement\":[{\"@type\":\"ListItem\",\"position\":1,\"name\":\"Hem\",\"item\":\"https:\/\/xenonkungen.com\/\"},{\"@type\":\"ListItem\",\"position\":2,\"name\":\"Shop\",\"item\":\"https:\/\/xenonkungen.com\/shop\/\"},{\"@type\":\"ListItem\",\"position\":3,\"name\":\"Tershine Purify S+ &#8211; Bilschampo 500 ml\"}]},{\"@type\":\"WebSite\",\"@id\":\"https:\/\/xenonkungen.com\/#website\",\"url\":\"https:\/\/xenonkungen.com\/\",\"name\":\"Xenonkungen\",\"description\":\"\",\"potentialAction\":[{\"@type\":\"SearchAction\",\"target\":{\"@type\":\"EntryPoint\",\"urlTemplate\":\"https:\/\/xenonkungen.com\/?s={search_term_string}\"},\"query-input\":{\"@type\":\"PropertyValueSpecification\",\"valueRequired\":true,\"valueName\":\"search_term_string\"}}],\"inLanguage\":\"es\"}]}<\/script>\n<!-- \/ Yoast SEO plugin. -->","yoast_head_json":{"title":"Tershine Purify S+ - Bilschampo 500 ml - Xenonkungen","robots":{"index":"index","follow":"follow","max-snippet":"max-snippet:-1","max-image-preview":"max-image-preview:large","max-video-preview":"max-video-preview:-1"},"canonical":"https:\/\/xenonkungen.com\/es\/producto\/tershine-purify-s-bilschampo-5-l-2\/","og_locale":"es_ES","og_type":"article","og_title":"Tershine Purify S+ - Bilschampo 500 ml - Xenonkungen","og_description":"Bilschampo och lackskydd i samma produkt. Reng\u00f6r ytan samt skapar en skyddande, vattenavst\u00f6tande hinna och massvis av h\u00e4rlig glans.","og_url":"https:\/\/xenonkungen.com\/es\/producto\/tershine-purify-s-bilschampo-5-l-2\/","og_site_name":"Xenonkungen","article_modified_time":"2026-04-24T16:48:23+00:00","og_image":[{"width":1024,"height":1024,"url":"https:\/\/xenonkungen.com\/wp-content\/uploads\/2026\/03\/Kr0fcQTujet4bLXa2lz0DEF0N19taHKZLT7zhzd8.webp","type":"image\/webp"}],"twitter_card":"summary_large_image","twitter_misc":{"Tiempo de lectura":"4 minutos"},"schema":{"@context":"https:\/\/schema.org","@graph":[{"@type":"WebPage","@id":"https:\/\/xenonkungen.com\/produkt\/tershine-purify-s-bilschampo-5-l-2\/","url":"https:\/\/xenonkungen.com\/produkt\/tershine-purify-s-bilschampo-5-l-2\/","name":"Tershine Purify S+ - Bilschampo 500 ml - Xenonkungen","isPartOf":{"@id":"https:\/\/xenonkungen.com\/#website"},"primaryImageOfPage":{"@id":"https:\/\/xenonkungen.com\/produkt\/tershine-purify-s-bilschampo-5-l-2\/#primaryimage"},"image":{"@id":"https:\/\/xenonkungen.com\/produkt\/tershine-purify-s-bilschampo-5-l-2\/#primaryimage"},"thumbnailUrl":"https:\/\/xenonkungen.com\/wp-content\/uploads\/2026\/03\/Kr0fcQTujet4bLXa2lz0DEF0N19taHKZLT7zhzd8.webp","datePublished":"2026-03-16T12:49:15+00:00","dateModified":"2026-04-24T16:48:23+00:00","breadcrumb":{"@id":"https:\/\/xenonkungen.com\/produkt\/tershine-purify-s-bilschampo-5-l-2\/#breadcrumb"},"inLanguage":"es","potentialAction":[{"@type":"ReadAction","target":["https:\/\/xenonkungen.com\/produkt\/tershine-purify-s-bilschampo-5-l-2\/"]}]},{"@type":"ImageObject","inLanguage":"es","@id":"https:\/\/xenonkungen.com\/produkt\/tershine-purify-s-bilschampo-5-l-2\/#primaryimage","url":"https:\/\/xenonkungen.com\/wp-content\/uploads\/2026\/03\/Kr0fcQTujet4bLXa2lz0DEF0N19taHKZLT7zhzd8.webp","contentUrl":"https:\/\/xenonkungen.com\/wp-content\/uploads\/2026\/03\/Kr0fcQTujet4bLXa2lz0DEF0N19taHKZLT7zhzd8.webp","width":1024,"height":1024},{"@type":"BreadcrumbList","@id":"https:\/\/xenonkungen.com\/produkt\/tershine-purify-s-bilschampo-5-l-2\/#breadcrumb","itemListElement":[{"@type":"ListItem","position":1,"name":"Hem","item":"https:\/\/xenonkungen.com\/"},{"@type":"ListItem","position":2,"name":"Shop","item":"https:\/\/xenonkungen.com\/shop\/"},{"@type":"ListItem","position":3,"name":"Tershine Purify S+ &#8211; Bilschampo 500 ml"}]},{"@type":"WebSite","@id":"https:\/\/xenonkungen.com\/#website","url":"https:\/\/xenonkungen.com\/","name":"Xenonkungen","description":"","potentialAction":[{"@type":"SearchAction","target":{"@type":"EntryPoint","urlTemplate":"https:\/\/xenonkungen.com\/?s={search_term_string}"},"query-input":{"@type":"PropertyValueSpecification","valueRequired":true,"valueName":"search_term_string"}}],"inLanguage":"es"}]}},"taxonomy_info":{"product_brand":[{"value":2893,"label":"Tershine"}],"product_cat":[{"value":2988,"label":"1 | Biltv\u00e4tt"},{"value":2614,"label":"4 | Bilvax &amp; Lackskydd"},{"value":2892,"label":"\u00c5terf\u00f6rs\u00e4ljarprodukter"},{"value":2621,"label":"Bilschampo"},{"value":378,"label":"Bilv\u00e5rd"}]},"featured_image_src_large":["https:\/\/xenonkungen.com\/wp-content\/uploads\/2026\/03\/Kr0fcQTujet4bLXa2lz0DEF0N19taHKZLT7zhzd8.webp",1024,1024,false],"author_info":[],"comment_info":0,"_links":{"self":[{"href":"https:\/\/xenonkungen.com\/es\/wp-json\/wp\/v2\/product\/27929","targetHints":{"allow":["GET"]}}],"collection":[{"href":"https:\/\/xenonkungen.com\/es\/wp-json\/wp\/v2\/product"}],"about":[{"href":"https:\/\/xenonkungen.com\/es\/wp-json\/wp\/v2\/types\/product"}],"replies":[{"embeddable":true,"href":"https:\/\/xenonkungen.com\/es\/wp-json\/wp\/v2\/comments?post=27929"}],"wp:featuredmedia":[{"embeddable":true,"href":"https:\/\/xenonkungen.com\/es\/wp-json\/wp\/v2\/media\/27930"}],"wp:attachment":[{"href":"https:\/\/xenonkungen.com\/es\/wp-json\/wp\/v2\/media?parent=27929"}],"wp:term":[{"taxonomy":"anvandningsomrade","embeddable":true,"href":"https:\/\/xenonkungen.com\/es\/wp-json\/wp\/v2\/anvandningsomrade?post=27929"},{"taxonomy":"bilmarken","embeddable":true,"href":"https:\/\/xenonkungen.com\/es\/wp-json\/wp\/v2\/bilmarken?post=27929"},{"taxonomy":"product_brand","embeddable":true,"href":"https:\/\/xenonkungen.com\/es\/wp-json\/wp\/v2\/product_brand?post=27929"},{"taxonomy":"product_cat","embeddable":true,"href":"https:\/\/xenonkungen.com\/es\/wp-json\/wp\/v2\/product_cat?post=27929"},{"taxonomy":"product_tag","embeddable":true,"href":"https:\/\/xenonkungen.com\/es\/wp-json\/wp\/v2\/product_tag?post=27929"}],"curies":[{"name":"wp","href":"https:\/\/api.w.org\/{rel}","templated":true}]}}