{"id":27931,"date":"2026-03-16T13:52:52","date_gmt":"2026-03-16T12:52:52","guid":{"rendered":"https:\/\/xenonkungen.com\/?post_type=product&#038;p=27931"},"modified":"2026-05-12T14:36:17","modified_gmt":"2026-05-12T13:36:17","slug":"tershine-refined-dackglansspray-satin-500-ml","status":"publish","type":"product","link":"https:\/\/xenonkungen.com\/es\/producto\/tershine-refined-dackglansspray-satin-500-ml\/","title":{"rendered":"Tershine Refined \u2013 Spray abrillantador para neum\u00e1ticos, acabado satinado, 500 ml"},"content":{"rendered":"<p>Abrillantador de neum\u00e1ticos y pl\u00e1sticos en formato spray de larga duraci\u00f3n que restaura los laterales de tus neum\u00e1ticos a su estado original. Deja una superficie satinada que protege contra la intemperie y el viento, manteniendo los neum\u00e1ticos limpios por m\u00e1s tiempo. Ideal tambi\u00e9n para detalles de pl\u00e1stico y goma en tu veh\u00edculo. Se puede aplicar en varias capas si se desea.<\/p>\n<p>Funciona en neum\u00e1ticos, pl\u00e1stico y caucho.<br \/>\nCrea una superficie protectora y repelente a la suciedad.<br \/>\nMuchas \u00e1reas de uso<br \/>\nExcelente protecci\u00f3n en la superficie.<br \/>\nLarga vida \u00fatil<br \/>\nF\u00e1cil de aplicar<br \/>\nDeja un acabado satinado.<br \/>\nEl producto no est\u00e1 clasificado como sujeto a etiquetado obligatorio seg\u00fan el Reglamento CLP (CE) n.\u00ba 1272\/2008.<\/p>\n<p>&nbsp;<\/p>\n<p><strong>C\u00f3mo usar<\/strong><strong>\u00a0Refinado \u2013 Spray abrillantador de neum\u00e1ticos Satinado<\/strong><\/p>\n<p>1.\u00a0Reng\u00f6r ytan med Extract &#8211; Alkalisk avfettning eller APC &#8211; Allreng\u00f6ring samt en borste<br \/>\n<strong>2.\u00a0<\/strong>Roc\u00ede sobre la superficie<br \/>\n<strong>3.\u00a0<\/strong>Dejar secar.<br \/>\n<strong>4.\u00a0<\/strong>Retire el exceso con un pa\u00f1o de microfibra limpio.<br \/>\n<strong>5.\u00a0<\/strong>\u00bfSeguro que est\u00e1 bien?<\/p>\n<p>\u00a1Le da un acabado semibrillante que le da un aspecto bonito y fresco, sin adornos innecesarios!<\/p>\n<p>El producto est\u00e1 dise\u00f1ado principalmente para restaurar los laterales de los neum\u00e1ticos, pero tambi\u00e9n funciona muy bien en piezas de pl\u00e1stico, compartimentos del motor, tiras de goma, etc. \u00a1Adem\u00e1s, funciona incluso sobre superficies h\u00famedas o mojadas!<\/p>\n<p>PD: Si deseas un acabado m\u00e1s brillante, puedes aplicar m\u00e1s capas. \u00a1No contiene sustancias altamente fluoradas!<\/p>\n<p>El rendimiento de un abrillantador de pl\u00e1sticos y neum\u00e1ticos (independientemente de la marca) suele depender del proceso de limpieza. Aseg\u00farese de limpiar primero el neum\u00e1tico, frot\u00e1ndolo con un cepillo o brocha junto con un desengrasante alcalino. Enjuague bien y seque; notar\u00e1 la diferencia.<\/p>\n<p><em>Conservar en un lugar protegido de las heladas. Mantener fuera del alcance de los ni\u00f1os.<\/em><\/p>","protected":false},"excerpt":{"rendered":"<p>D\u00e4ckbehandling i sprayformat som ger en riktigt fin satin finish och l\u00e5ng h\u00e5llbarhet. Perfekt f\u00f6r d\u00e4ck och andra plastdetaljer.<\/p>","protected":false},"featured_media":27932,"comment_status":"open","ping_status":"closed","template":"","meta":{"_acf_changed":false,"_smort_price_nok":"","_smort_price_dkk":"","_smort_price_eur":"","_smort_sale_price_nok":"","_smort_sale_price_dkk":"","_smort_sale_price_eur":"","smort_restorder":"","shipmondo_restorder":"","_kad_blocks_custom_css":"","_kad_blocks_head_custom_js":"","_kad_blocks_body_custom_js":"","_kad_blocks_footer_custom_js":"","smort_custom_pricelist_1":"127.36","smort_custom_pricelist_2":"127.36","smort_custom_pricelist_3":"127.36","smort_custom_pricelist_4":"159.2","smort_custom_pricelist_5":"127.36"},"anvandningsomrade":[],"bilmarken":[],"product_brand":[2893],"product_cat":[2988,2892,378],"product_tag":[],"class_list":{"0":"post-27931","1":"product","2":"type-product","3":"status-publish","4":"has-post-thumbnail","6":"product_brand-tershine","7":"product_cat-biltvatt","8":"product_cat-retail-produkter","9":"product_cat-bilvard","11":"first","12":"onbackorder","13":"taxable","14":"shipping-taxable","15":"purchasable","16":"product-type-simple"},"bundled_by":[],"bundle_stock_status":"onbackorder","bundle_stock_quantity":0,"bundle_virtual":false,"bundle_layout":"","bundle_add_to_cart_form_location":"","bundle_editable_in_cart":false,"bundle_sold_individually_context":"","bundle_item_grouping":"","bundle_min_size":"","bundle_max_size":"","bundle_price":[],"bundled_items":[],"bundle_sell_ids":[],"acf":[],"yoast_head":"<!-- This site is optimized with the Yoast SEO plugin v27.0 - https:\/\/yoast.com\/product\/yoast-seo-wordpress\/ -->\n<title>Tershine Refined - D\u00e4ckglansspray Satin 500 ml - Xenonkungen<\/title>\n<meta name=\"robots\" content=\"index, follow, max-snippet:-1, max-image-preview:large, max-video-preview:-1\" \/>\n<link rel=\"canonical\" href=\"https:\/\/xenonkungen.com\/es\/producto\/tershine-refined-dackglansspray-satin-500-ml\/\" \/>\n<meta property=\"og:locale\" content=\"es_ES\" \/>\n<meta property=\"og:type\" content=\"article\" \/>\n<meta property=\"og:title\" content=\"Tershine Refined - D\u00e4ckglansspray Satin 500 ml - Xenonkungen\" \/>\n<meta property=\"og:description\" content=\"D\u00e4ckbehandling i sprayformat som ger en riktigt fin satin finish och l\u00e5ng h\u00e5llbarhet. Perfekt f\u00f6r d\u00e4ck och andra plastdetaljer.\" \/>\n<meta property=\"og:url\" content=\"https:\/\/xenonkungen.com\/es\/producto\/tershine-refined-dackglansspray-satin-500-ml\/\" \/>\n<meta property=\"og:site_name\" content=\"Xenonkungen\" \/>\n<meta property=\"article:modified_time\" content=\"2026-05-12T13:36:17+00:00\" \/>\n<meta property=\"og:image\" content=\"https:\/\/xenonkungen.com\/wp-content\/uploads\/2026\/03\/gSjGG6U5GN4bDNhsjNVeMkfSIrmQTWEgI6zIobNS.webp\" \/>\n\t<meta property=\"og:image:width\" content=\"1024\" \/>\n\t<meta property=\"og:image:height\" content=\"1024\" \/>\n\t<meta property=\"og:image:type\" content=\"image\/webp\" \/>\n<meta name=\"twitter:card\" content=\"summary_large_image\" \/>\n<meta name=\"twitter:label1\" content=\"Tiempo de lectura\" \/>\n\t<meta name=\"twitter:data1\" content=\"2 minutos\" \/>\n<script type=\"application\/ld+json\" class=\"yoast-schema-graph\">{\"@context\":\"https:\/\/schema.org\",\"@graph\":[{\"@type\":\"WebPage\",\"@id\":\"https:\/\/xenonkungen.com\/produkt\/tershine-refined-dackglansspray-satin-500-ml\/\",\"url\":\"https:\/\/xenonkungen.com\/produkt\/tershine-refined-dackglansspray-satin-500-ml\/\",\"name\":\"Tershine Refined - D\u00e4ckglansspray Satin 500 ml - Xenonkungen\",\"isPartOf\":{\"@id\":\"https:\/\/xenonkungen.com\/#website\"},\"primaryImageOfPage\":{\"@id\":\"https:\/\/xenonkungen.com\/produkt\/tershine-refined-dackglansspray-satin-500-ml\/#primaryimage\"},\"image\":{\"@id\":\"https:\/\/xenonkungen.com\/produkt\/tershine-refined-dackglansspray-satin-500-ml\/#primaryimage\"},\"thumbnailUrl\":\"https:\/\/xenonkungen.com\/wp-content\/uploads\/2026\/03\/gSjGG6U5GN4bDNhsjNVeMkfSIrmQTWEgI6zIobNS.webp\",\"datePublished\":\"2026-03-16T12:52:52+00:00\",\"dateModified\":\"2026-05-12T13:36:17+00:00\",\"breadcrumb\":{\"@id\":\"https:\/\/xenonkungen.com\/produkt\/tershine-refined-dackglansspray-satin-500-ml\/#breadcrumb\"},\"inLanguage\":\"es\",\"potentialAction\":[{\"@type\":\"ReadAction\",\"target\":[\"https:\/\/xenonkungen.com\/produkt\/tershine-refined-dackglansspray-satin-500-ml\/\"]}]},{\"@type\":\"ImageObject\",\"inLanguage\":\"es\",\"@id\":\"https:\/\/xenonkungen.com\/produkt\/tershine-refined-dackglansspray-satin-500-ml\/#primaryimage\",\"url\":\"https:\/\/xenonkungen.com\/wp-content\/uploads\/2026\/03\/gSjGG6U5GN4bDNhsjNVeMkfSIrmQTWEgI6zIobNS.webp\",\"contentUrl\":\"https:\/\/xenonkungen.com\/wp-content\/uploads\/2026\/03\/gSjGG6U5GN4bDNhsjNVeMkfSIrmQTWEgI6zIobNS.webp\",\"width\":1024,\"height\":1024},{\"@type\":\"BreadcrumbList\",\"@id\":\"https:\/\/xenonkungen.com\/produkt\/tershine-refined-dackglansspray-satin-500-ml\/#breadcrumb\",\"itemListElement\":[{\"@type\":\"ListItem\",\"position\":1,\"name\":\"Hem\",\"item\":\"https:\/\/xenonkungen.com\/\"},{\"@type\":\"ListItem\",\"position\":2,\"name\":\"Shop\",\"item\":\"https:\/\/xenonkungen.com\/shop\/\"},{\"@type\":\"ListItem\",\"position\":3,\"name\":\"Tershine Refined &#8211; D\u00e4ckglansspray Satin 500 ml\"}]},{\"@type\":\"WebSite\",\"@id\":\"https:\/\/xenonkungen.com\/#website\",\"url\":\"https:\/\/xenonkungen.com\/\",\"name\":\"Xenonkungen\",\"description\":\"\",\"potentialAction\":[{\"@type\":\"SearchAction\",\"target\":{\"@type\":\"EntryPoint\",\"urlTemplate\":\"https:\/\/xenonkungen.com\/?s={search_term_string}\"},\"query-input\":{\"@type\":\"PropertyValueSpecification\",\"valueRequired\":true,\"valueName\":\"search_term_string\"}}],\"inLanguage\":\"es\"}]}<\/script>\n<!-- \/ Yoast SEO plugin. -->","yoast_head_json":{"title":"Tershine Refined - D\u00e4ckglansspray Satin 500 ml - Xenonkungen","robots":{"index":"index","follow":"follow","max-snippet":"max-snippet:-1","max-image-preview":"max-image-preview:large","max-video-preview":"max-video-preview:-1"},"canonical":"https:\/\/xenonkungen.com\/es\/producto\/tershine-refined-dackglansspray-satin-500-ml\/","og_locale":"es_ES","og_type":"article","og_title":"Tershine Refined - D\u00e4ckglansspray Satin 500 ml - Xenonkungen","og_description":"D\u00e4ckbehandling i sprayformat som ger en riktigt fin satin finish och l\u00e5ng h\u00e5llbarhet. Perfekt f\u00f6r d\u00e4ck och andra plastdetaljer.","og_url":"https:\/\/xenonkungen.com\/es\/producto\/tershine-refined-dackglansspray-satin-500-ml\/","og_site_name":"Xenonkungen","article_modified_time":"2026-05-12T13:36:17+00:00","og_image":[{"width":1024,"height":1024,"url":"https:\/\/xenonkungen.com\/wp-content\/uploads\/2026\/03\/gSjGG6U5GN4bDNhsjNVeMkfSIrmQTWEgI6zIobNS.webp","type":"image\/webp"}],"twitter_card":"summary_large_image","twitter_misc":{"Tiempo de lectura":"2 minutos"},"schema":{"@context":"https:\/\/schema.org","@graph":[{"@type":"WebPage","@id":"https:\/\/xenonkungen.com\/produkt\/tershine-refined-dackglansspray-satin-500-ml\/","url":"https:\/\/xenonkungen.com\/produkt\/tershine-refined-dackglansspray-satin-500-ml\/","name":"Tershine Refined - D\u00e4ckglansspray Satin 500 ml - Xenonkungen","isPartOf":{"@id":"https:\/\/xenonkungen.com\/#website"},"primaryImageOfPage":{"@id":"https:\/\/xenonkungen.com\/produkt\/tershine-refined-dackglansspray-satin-500-ml\/#primaryimage"},"image":{"@id":"https:\/\/xenonkungen.com\/produkt\/tershine-refined-dackglansspray-satin-500-ml\/#primaryimage"},"thumbnailUrl":"https:\/\/xenonkungen.com\/wp-content\/uploads\/2026\/03\/gSjGG6U5GN4bDNhsjNVeMkfSIrmQTWEgI6zIobNS.webp","datePublished":"2026-03-16T12:52:52+00:00","dateModified":"2026-05-12T13:36:17+00:00","breadcrumb":{"@id":"https:\/\/xenonkungen.com\/produkt\/tershine-refined-dackglansspray-satin-500-ml\/#breadcrumb"},"inLanguage":"es","potentialAction":[{"@type":"ReadAction","target":["https:\/\/xenonkungen.com\/produkt\/tershine-refined-dackglansspray-satin-500-ml\/"]}]},{"@type":"ImageObject","inLanguage":"es","@id":"https:\/\/xenonkungen.com\/produkt\/tershine-refined-dackglansspray-satin-500-ml\/#primaryimage","url":"https:\/\/xenonkungen.com\/wp-content\/uploads\/2026\/03\/gSjGG6U5GN4bDNhsjNVeMkfSIrmQTWEgI6zIobNS.webp","contentUrl":"https:\/\/xenonkungen.com\/wp-content\/uploads\/2026\/03\/gSjGG6U5GN4bDNhsjNVeMkfSIrmQTWEgI6zIobNS.webp","width":1024,"height":1024},{"@type":"BreadcrumbList","@id":"https:\/\/xenonkungen.com\/produkt\/tershine-refined-dackglansspray-satin-500-ml\/#breadcrumb","itemListElement":[{"@type":"ListItem","position":1,"name":"Hem","item":"https:\/\/xenonkungen.com\/"},{"@type":"ListItem","position":2,"name":"Shop","item":"https:\/\/xenonkungen.com\/shop\/"},{"@type":"ListItem","position":3,"name":"Tershine Refined &#8211; D\u00e4ckglansspray Satin 500 ml"}]},{"@type":"WebSite","@id":"https:\/\/xenonkungen.com\/#website","url":"https:\/\/xenonkungen.com\/","name":"Xenonkungen","description":"","potentialAction":[{"@type":"SearchAction","target":{"@type":"EntryPoint","urlTemplate":"https:\/\/xenonkungen.com\/?s={search_term_string}"},"query-input":{"@type":"PropertyValueSpecification","valueRequired":true,"valueName":"search_term_string"}}],"inLanguage":"es"}]}},"taxonomy_info":{"product_brand":[{"value":2893,"label":"Tershine"}],"product_cat":[{"value":2988,"label":"1 | Biltv\u00e4tt"},{"value":2892,"label":"\u00c5terf\u00f6rs\u00e4ljarprodukter"},{"value":378,"label":"Bilv\u00e5rd"}]},"featured_image_src_large":["https:\/\/xenonkungen.com\/wp-content\/uploads\/2026\/03\/gSjGG6U5GN4bDNhsjNVeMkfSIrmQTWEgI6zIobNS.webp",1024,1024,false],"author_info":[],"comment_info":0,"_links":{"self":[{"href":"https:\/\/xenonkungen.com\/es\/wp-json\/wp\/v2\/product\/27931","targetHints":{"allow":["GET"]}}],"collection":[{"href":"https:\/\/xenonkungen.com\/es\/wp-json\/wp\/v2\/product"}],"about":[{"href":"https:\/\/xenonkungen.com\/es\/wp-json\/wp\/v2\/types\/product"}],"replies":[{"embeddable":true,"href":"https:\/\/xenonkungen.com\/es\/wp-json\/wp\/v2\/comments?post=27931"}],"wp:featuredmedia":[{"embeddable":true,"href":"https:\/\/xenonkungen.com\/es\/wp-json\/wp\/v2\/media\/27932"}],"wp:attachment":[{"href":"https:\/\/xenonkungen.com\/es\/wp-json\/wp\/v2\/media?parent=27931"}],"wp:term":[{"taxonomy":"anvandningsomrade","embeddable":true,"href":"https:\/\/xenonkungen.com\/es\/wp-json\/wp\/v2\/anvandningsomrade?post=27931"},{"taxonomy":"bilmarken","embeddable":true,"href":"https:\/\/xenonkungen.com\/es\/wp-json\/wp\/v2\/bilmarken?post=27931"},{"taxonomy":"product_brand","embeddable":true,"href":"https:\/\/xenonkungen.com\/es\/wp-json\/wp\/v2\/product_brand?post=27931"},{"taxonomy":"product_cat","embeddable":true,"href":"https:\/\/xenonkungen.com\/es\/wp-json\/wp\/v2\/product_cat?post=27931"},{"taxonomy":"product_tag","embeddable":true,"href":"https:\/\/xenonkungen.com\/es\/wp-json\/wp\/v2\/product_tag?post=27931"}],"curies":[{"name":"wp","href":"https:\/\/api.w.org\/{rel}","templated":true}]}}