{"id":27969,"date":"2026-03-16T14:34:20","date_gmt":"2026-03-16T13:34:20","guid":{"rendered":"https:\/\/xenonkungen.com\/?post_type=product&#038;p=27969"},"modified":"2026-05-12T14:49:55","modified_gmt":"2026-05-12T13:49:55","slug":"tershine-relive-flygrostborttagare-25-l","status":"publish","type":"product","link":"https:\/\/xenonkungen.com\/es\/producto\/tershine-relive-flygrostborttagare-25-l\/","title":{"rendered":"Tershine Relive \u2013 Eliminador de \u00f3xido de moscas 25 L"},"content":{"rendered":"<p>Un removedor de \u00f3xido y limpiador de llantas s\u00faper eficaz que tambi\u00e9n funciona de maravilla para disolver el \u00f3xido, el polvo de los frenos y otras part\u00edculas met\u00e1licas que hayan terminado en la superficie.<\/p>\n<p><strong>S\u00faper eficaz y suave<br \/>\nSe vuelve morado cuando est\u00e1 listo para enjuagarse.<br \/>\nFunciona en la mayor\u00eda de los tipos de materiales.<br \/>\npH neutro y libre de \u00e1cido.<br \/>\nDiluible<br \/>\nEficaz en cascos de barcos y l\u00edneas de flotaci\u00f3n amarillentas.<br \/>\nSe puede aplicar sobre superficies h\u00famedas o secas.<br \/>\nFragancia suave<\/strong><\/p>\n<p>\u00bfPara qu\u00e9 se utiliza el removedor de \u00f3xido por aire?<\/p>\n<p>\u00d3xido de mosca<br \/>\nLimpieza de llantas<br \/>\npolvo de freno<strong><br \/>\n<\/strong>Manchas amarillas en la pintura<strong><br \/>\n<\/strong>L\u00ednea de flotaci\u00f3n en el casco del barco<strong><br \/>\n<\/strong>El ba\u00f1o (metales en el agua)<strong><br \/>\n<\/strong><\/p>\n<p><strong>C\u00f3mo usar Relive<\/strong><\/p>\n<p><strong>1.\u00a0<\/strong>Roc\u00ede sobre llantas y superficies opcionales.<strong><br \/>\n2.\u00a0<\/strong>Dejar actuar durante unos 5 minutos o hasta que el producto adquiera un color p\u00farpura. En caso de suciedad extrema, se puede usar un cepillo para ayudar a disolver los restos adheridos. En climas fr\u00edos (&lt;10 \u00b0C), el producto debe permanecer sobre la superficie durante mucho m\u00e1s tiempo.<strong><br \/>\n3.\u00a0<\/strong>\u00a1No dejar secar!<br \/>\n<strong>4.\u00a0<\/strong>Enjuagar con agua a alta presi\u00f3n.<strong><br \/>\n5.\u00a0<\/strong>\u00a1Lo sabemos, es incre\u00edblemente bueno!<\/p>\n<p>Relive 25 L es un removedor de \u00f3xido y llantas de una eficacia casi incre\u00edble. Reacciona con los metales del polvo de frenos y el \u00f3xido, disolvi\u00e9ndolos en minutos. El producto tiene un pH neutro y no contiene \u00e1cidos, lo que significa que funciona en la mayor\u00eda de los tipos de pintura, pl\u00e1stico, metales (incluso pulidos), Alcoa, etc.<\/p>\n<p>Su viscosidad relativamente baja permite que el producto se distribuya uniformemente sobre la superficie, logrando as\u00ed un tratamiento homog\u00e9neo del polvo de frenos y el \u00f3xido superficial. Adem\u00e1s, posee propiedades limpiadoras que permiten eliminar la suciedad com\u00fan al mismo tiempo. Es un producto incre\u00edblemente eficaz que convierte el lavado de llantas en un verdadero placer despu\u00e9s de, por ejemplo, un duro d\u00eda en la pista o tras un agradable paseo por carreteras sinuosas. El producto cambia de color a p\u00farpura cuando est\u00e1 listo para enjuagarse, normalmente entre 2 y 5 minutos despu\u00e9s de su aplicaci\u00f3n. No olvide agitar la botella antes de usar. \u00a1Por supuesto, tambi\u00e9n funciona de maravilla en la pintura como eliminador de \u00f3xido superficial! Recuerde que el producto (incluidos los desengrasantes) debe dejarse actuar durante mucho m\u00e1s tiempo cuando la temperatura sea inferior a 10 grados o la pintura est\u00e9 muy fr\u00eda.<\/p>\n<p>Se puede diluir con agua, no sabemos exactamente qu\u00e9 funciona mejor, as\u00ed que haz lo de siempre, experimenta (pero aproximadamente al 50\/50).<\/p>\n<p><em>Conservar en un lugar libre de escarcha.<\/em><\/p>","protected":false},"excerpt":{"rendered":"<p>Relive \u2013 Flygrostborttagare tar effektivt bort flygrost, bromsdamm och metallpartiklar fr\u00e5n bil, b\u00e5t och andra ytor. pH-neutral och syrafri, s\u00e4ker f\u00f6r lack, plast och metaller. F\u00e4rgas lila vid kontakt f\u00f6r enkel anv\u00e4ndning och snabb reng\u00f6ring.<\/p>","protected":false},"featured_media":27966,"comment_status":"open","ping_status":"closed","template":"","meta":{"_acf_changed":false,"_smort_price_nok":"","_smort_price_dkk":"","_smort_price_eur":"","_smort_sale_price_nok":"","_smort_sale_price_dkk":"","_smort_sale_price_eur":"","smort_restorder":"","shipmondo_restorder":"","_kad_blocks_custom_css":"","_kad_blocks_head_custom_js":"","_kad_blocks_body_custom_js":"","_kad_blocks_footer_custom_js":"","smort_custom_pricelist_1":"1791.36","smort_custom_pricelist_2":"1791.36","smort_custom_pricelist_3":"1791.36","smort_custom_pricelist_4":"2239.2","smort_custom_pricelist_5":"1791.36"},"anvandningsomrade":[],"bilmarken":[],"product_brand":[2893],"product_cat":[2988,2989,2892,378],"product_tag":[],"class_list":{"0":"post-27969","1":"product","2":"type-product","3":"status-publish","4":"has-post-thumbnail","6":"product_brand-tershine","7":"product_cat-biltvatt","8":"product_cat-avfettning","9":"product_cat-retail-produkter","10":"product_cat-bilvard","12":"first","13":"onbackorder","14":"taxable","15":"shipping-taxable","16":"purchasable","17":"product-type-simple"},"bundled_by":[],"bundle_stock_status":"onbackorder","bundle_stock_quantity":0,"bundle_virtual":false,"bundle_layout":"","bundle_add_to_cart_form_location":"","bundle_editable_in_cart":false,"bundle_sold_individually_context":"","bundle_item_grouping":"","bundle_min_size":"","bundle_max_size":"","bundle_price":[],"bundled_items":[],"bundle_sell_ids":[],"acf":[],"yoast_head":"<!-- This site is optimized with the Yoast SEO plugin v27.0 - https:\/\/yoast.com\/product\/yoast-seo-wordpress\/ -->\n<title>Tershine Relive - Flygrostborttagare 25 L - Xenonkungen<\/title>\n<meta name=\"robots\" content=\"index, follow, max-snippet:-1, max-image-preview:large, max-video-preview:-1\" \/>\n<link rel=\"canonical\" href=\"https:\/\/xenonkungen.com\/es\/producto\/tershine-relive-flygrostborttagare-25-l\/\" \/>\n<meta property=\"og:locale\" content=\"es_ES\" \/>\n<meta property=\"og:type\" content=\"article\" \/>\n<meta property=\"og:title\" content=\"Tershine Relive - Flygrostborttagare 25 L - Xenonkungen\" \/>\n<meta property=\"og:description\" content=\"Relive \u2013 Flygrostborttagare tar effektivt bort flygrost, bromsdamm och metallpartiklar fr\u00e5n bil, b\u00e5t och andra ytor. pH-neutral och syrafri, s\u00e4ker f\u00f6r lack, plast och metaller. F\u00e4rgas lila vid kontakt f\u00f6r enkel anv\u00e4ndning och snabb reng\u00f6ring.\" \/>\n<meta property=\"og:url\" content=\"https:\/\/xenonkungen.com\/es\/producto\/tershine-relive-flygrostborttagare-25-l\/\" \/>\n<meta property=\"og:site_name\" content=\"Xenonkungen\" \/>\n<meta property=\"article:modified_time\" content=\"2026-05-12T13:49:55+00:00\" \/>\n<meta property=\"og:image\" content=\"https:\/\/xenonkungen.com\/wp-content\/uploads\/2026\/03\/48P672Z3fLkrhCrmuh3gLGQmF7xNE3RpN4rTj4JX.webp\" \/>\n\t<meta property=\"og:image:width\" content=\"1024\" \/>\n\t<meta property=\"og:image:height\" content=\"1024\" \/>\n\t<meta property=\"og:image:type\" content=\"image\/webp\" \/>\n<meta name=\"twitter:card\" content=\"summary_large_image\" \/>\n<meta name=\"twitter:label1\" content=\"Tiempo de lectura\" \/>\n\t<meta name=\"twitter:data1\" content=\"2 minutos\" \/>\n<script type=\"application\/ld+json\" class=\"yoast-schema-graph\">{\"@context\":\"https:\/\/schema.org\",\"@graph\":[{\"@type\":\"WebPage\",\"@id\":\"https:\/\/xenonkungen.com\/produkt\/tershine-relive-flygrostborttagare-25-l\/\",\"url\":\"https:\/\/xenonkungen.com\/produkt\/tershine-relive-flygrostborttagare-25-l\/\",\"name\":\"Tershine Relive - Flygrostborttagare 25 L - Xenonkungen\",\"isPartOf\":{\"@id\":\"https:\/\/xenonkungen.com\/#website\"},\"primaryImageOfPage\":{\"@id\":\"https:\/\/xenonkungen.com\/produkt\/tershine-relive-flygrostborttagare-25-l\/#primaryimage\"},\"image\":{\"@id\":\"https:\/\/xenonkungen.com\/produkt\/tershine-relive-flygrostborttagare-25-l\/#primaryimage\"},\"thumbnailUrl\":\"https:\/\/xenonkungen.com\/wp-content\/uploads\/2026\/03\/48P672Z3fLkrhCrmuh3gLGQmF7xNE3RpN4rTj4JX.webp\",\"datePublished\":\"2026-03-16T13:34:20+00:00\",\"dateModified\":\"2026-05-12T13:49:55+00:00\",\"breadcrumb\":{\"@id\":\"https:\/\/xenonkungen.com\/produkt\/tershine-relive-flygrostborttagare-25-l\/#breadcrumb\"},\"inLanguage\":\"es\",\"potentialAction\":[{\"@type\":\"ReadAction\",\"target\":[\"https:\/\/xenonkungen.com\/produkt\/tershine-relive-flygrostborttagare-25-l\/\"]}]},{\"@type\":\"ImageObject\",\"inLanguage\":\"es\",\"@id\":\"https:\/\/xenonkungen.com\/produkt\/tershine-relive-flygrostborttagare-25-l\/#primaryimage\",\"url\":\"https:\/\/xenonkungen.com\/wp-content\/uploads\/2026\/03\/48P672Z3fLkrhCrmuh3gLGQmF7xNE3RpN4rTj4JX.webp\",\"contentUrl\":\"https:\/\/xenonkungen.com\/wp-content\/uploads\/2026\/03\/48P672Z3fLkrhCrmuh3gLGQmF7xNE3RpN4rTj4JX.webp\",\"width\":1024,\"height\":1024},{\"@type\":\"BreadcrumbList\",\"@id\":\"https:\/\/xenonkungen.com\/produkt\/tershine-relive-flygrostborttagare-25-l\/#breadcrumb\",\"itemListElement\":[{\"@type\":\"ListItem\",\"position\":1,\"name\":\"Hem\",\"item\":\"https:\/\/xenonkungen.com\/\"},{\"@type\":\"ListItem\",\"position\":2,\"name\":\"Shop\",\"item\":\"https:\/\/xenonkungen.com\/shop\/\"},{\"@type\":\"ListItem\",\"position\":3,\"name\":\"Tershine Relive &#8211; Flygrostborttagare 25 L\"}]},{\"@type\":\"WebSite\",\"@id\":\"https:\/\/xenonkungen.com\/#website\",\"url\":\"https:\/\/xenonkungen.com\/\",\"name\":\"Xenonkungen\",\"description\":\"\",\"potentialAction\":[{\"@type\":\"SearchAction\",\"target\":{\"@type\":\"EntryPoint\",\"urlTemplate\":\"https:\/\/xenonkungen.com\/?s={search_term_string}\"},\"query-input\":{\"@type\":\"PropertyValueSpecification\",\"valueRequired\":true,\"valueName\":\"search_term_string\"}}],\"inLanguage\":\"es\"}]}<\/script>\n<!-- \/ Yoast SEO plugin. -->","yoast_head_json":{"title":"Tershine Relive - Flygrostborttagare 25 L - Xenonkungen","robots":{"index":"index","follow":"follow","max-snippet":"max-snippet:-1","max-image-preview":"max-image-preview:large","max-video-preview":"max-video-preview:-1"},"canonical":"https:\/\/xenonkungen.com\/es\/producto\/tershine-relive-flygrostborttagare-25-l\/","og_locale":"es_ES","og_type":"article","og_title":"Tershine Relive - Flygrostborttagare 25 L - Xenonkungen","og_description":"Relive \u2013 Flygrostborttagare tar effektivt bort flygrost, bromsdamm och metallpartiklar fr\u00e5n bil, b\u00e5t och andra ytor. pH-neutral och syrafri, s\u00e4ker f\u00f6r lack, plast och metaller. F\u00e4rgas lila vid kontakt f\u00f6r enkel anv\u00e4ndning och snabb reng\u00f6ring.","og_url":"https:\/\/xenonkungen.com\/es\/producto\/tershine-relive-flygrostborttagare-25-l\/","og_site_name":"Xenonkungen","article_modified_time":"2026-05-12T13:49:55+00:00","og_image":[{"width":1024,"height":1024,"url":"https:\/\/xenonkungen.com\/wp-content\/uploads\/2026\/03\/48P672Z3fLkrhCrmuh3gLGQmF7xNE3RpN4rTj4JX.webp","type":"image\/webp"}],"twitter_card":"summary_large_image","twitter_misc":{"Tiempo de lectura":"2 minutos"},"schema":{"@context":"https:\/\/schema.org","@graph":[{"@type":"WebPage","@id":"https:\/\/xenonkungen.com\/produkt\/tershine-relive-flygrostborttagare-25-l\/","url":"https:\/\/xenonkungen.com\/produkt\/tershine-relive-flygrostborttagare-25-l\/","name":"Tershine Relive - Flygrostborttagare 25 L - Xenonkungen","isPartOf":{"@id":"https:\/\/xenonkungen.com\/#website"},"primaryImageOfPage":{"@id":"https:\/\/xenonkungen.com\/produkt\/tershine-relive-flygrostborttagare-25-l\/#primaryimage"},"image":{"@id":"https:\/\/xenonkungen.com\/produkt\/tershine-relive-flygrostborttagare-25-l\/#primaryimage"},"thumbnailUrl":"https:\/\/xenonkungen.com\/wp-content\/uploads\/2026\/03\/48P672Z3fLkrhCrmuh3gLGQmF7xNE3RpN4rTj4JX.webp","datePublished":"2026-03-16T13:34:20+00:00","dateModified":"2026-05-12T13:49:55+00:00","breadcrumb":{"@id":"https:\/\/xenonkungen.com\/produkt\/tershine-relive-flygrostborttagare-25-l\/#breadcrumb"},"inLanguage":"es","potentialAction":[{"@type":"ReadAction","target":["https:\/\/xenonkungen.com\/produkt\/tershine-relive-flygrostborttagare-25-l\/"]}]},{"@type":"ImageObject","inLanguage":"es","@id":"https:\/\/xenonkungen.com\/produkt\/tershine-relive-flygrostborttagare-25-l\/#primaryimage","url":"https:\/\/xenonkungen.com\/wp-content\/uploads\/2026\/03\/48P672Z3fLkrhCrmuh3gLGQmF7xNE3RpN4rTj4JX.webp","contentUrl":"https:\/\/xenonkungen.com\/wp-content\/uploads\/2026\/03\/48P672Z3fLkrhCrmuh3gLGQmF7xNE3RpN4rTj4JX.webp","width":1024,"height":1024},{"@type":"BreadcrumbList","@id":"https:\/\/xenonkungen.com\/produkt\/tershine-relive-flygrostborttagare-25-l\/#breadcrumb","itemListElement":[{"@type":"ListItem","position":1,"name":"Hem","item":"https:\/\/xenonkungen.com\/"},{"@type":"ListItem","position":2,"name":"Shop","item":"https:\/\/xenonkungen.com\/shop\/"},{"@type":"ListItem","position":3,"name":"Tershine Relive &#8211; Flygrostborttagare 25 L"}]},{"@type":"WebSite","@id":"https:\/\/xenonkungen.com\/#website","url":"https:\/\/xenonkungen.com\/","name":"Xenonkungen","description":"","potentialAction":[{"@type":"SearchAction","target":{"@type":"EntryPoint","urlTemplate":"https:\/\/xenonkungen.com\/?s={search_term_string}"},"query-input":{"@type":"PropertyValueSpecification","valueRequired":true,"valueName":"search_term_string"}}],"inLanguage":"es"}]}},"taxonomy_info":{"product_brand":[{"value":2893,"label":"Tershine"}],"product_cat":[{"value":2988,"label":"1 | Biltv\u00e4tt"},{"value":2989,"label":"2 | Avfettning"},{"value":2892,"label":"\u00c5terf\u00f6rs\u00e4ljarprodukter"},{"value":378,"label":"Bilv\u00e5rd"}]},"featured_image_src_large":["https:\/\/xenonkungen.com\/wp-content\/uploads\/2026\/03\/48P672Z3fLkrhCrmuh3gLGQmF7xNE3RpN4rTj4JX.webp",1024,1024,false],"author_info":[],"comment_info":0,"_links":{"self":[{"href":"https:\/\/xenonkungen.com\/es\/wp-json\/wp\/v2\/product\/27969","targetHints":{"allow":["GET"]}}],"collection":[{"href":"https:\/\/xenonkungen.com\/es\/wp-json\/wp\/v2\/product"}],"about":[{"href":"https:\/\/xenonkungen.com\/es\/wp-json\/wp\/v2\/types\/product"}],"replies":[{"embeddable":true,"href":"https:\/\/xenonkungen.com\/es\/wp-json\/wp\/v2\/comments?post=27969"}],"wp:featuredmedia":[{"embeddable":true,"href":"https:\/\/xenonkungen.com\/es\/wp-json\/wp\/v2\/media\/27966"}],"wp:attachment":[{"href":"https:\/\/xenonkungen.com\/es\/wp-json\/wp\/v2\/media?parent=27969"}],"wp:term":[{"taxonomy":"anvandningsomrade","embeddable":true,"href":"https:\/\/xenonkungen.com\/es\/wp-json\/wp\/v2\/anvandningsomrade?post=27969"},{"taxonomy":"bilmarken","embeddable":true,"href":"https:\/\/xenonkungen.com\/es\/wp-json\/wp\/v2\/bilmarken?post=27969"},{"taxonomy":"product_brand","embeddable":true,"href":"https:\/\/xenonkungen.com\/es\/wp-json\/wp\/v2\/product_brand?post=27969"},{"taxonomy":"product_cat","embeddable":true,"href":"https:\/\/xenonkungen.com\/es\/wp-json\/wp\/v2\/product_cat?post=27969"},{"taxonomy":"product_tag","embeddable":true,"href":"https:\/\/xenonkungen.com\/es\/wp-json\/wp\/v2\/product_tag?post=27969"}],"curies":[{"name":"wp","href":"https:\/\/api.w.org\/{rel}","templated":true}]}}