{"id":27972,"date":"2026-03-16T14:48:14","date_gmt":"2026-03-16T13:48:14","guid":{"rendered":"https:\/\/xenonkungen.com\/?post_type=product&#038;p=27972"},"modified":"2026-05-12T14:49:37","modified_gmt":"2026-05-12T13:49:37","slug":"tershine-relive-flygrostborttagare-5-l","status":"publish","type":"product","link":"https:\/\/xenonkungen.com\/es\/producto\/tershine-relive-flygrostborttagare-5-l\/","title":{"rendered":"Tershine Relive \u2013 Eliminador de \u00f3xido de moscas 5 L"},"content":{"rendered":"<p>Eliminador de \u00f3xido y limpiador de llantas de alto rendimiento. Un producto potente que disuelve eficazmente el \u00f3xido, el polvo de los frenos y otras part\u00edculas met\u00e1licas en diversas superficies.<br \/>\n<strong><br \/>\nSuave pero s\u00faper eficaz contra las part\u00edculas met\u00e1licas.<br \/>\nIndica con color p\u00farpura cu\u00e1ndo es el momento de enjuagar.<br \/>\nSe puede utilizar en la mayor\u00eda de los materiales.<br \/>\npH neutro y libre de \u00e1cidos<br \/>\nPuede diluirse si es necesario.<br \/>\nPerfecto para cascos de barcos y para eliminar las l\u00edneas de flotaci\u00f3n amarillas.<br \/>\nPuede aplicarse tanto a superficies secas como h\u00famedas.<br \/>\nBajo nivel de fragancia para un uso agradable.<\/strong><\/p>\n<p>\u00c1reas de uso:<\/p>\n<p>\u00d3xido de mosca<br \/>\nLimpieza de llantas<br \/>\nEliminaci\u00f3n del polvo de los frenos<br \/>\nManchas amarillas en la pintura<br \/>\nLimpieza de las tuber\u00edas de agua en los barcos<br \/>\nMetales en porcelana y azulejos de ba\u00f1o<\/p>\n<p><strong>C\u00f3mo usar Relive \u2013 Eliminador de \u00f3xido por aire<\/strong><\/p>\n<p>1.\u00a0Spraya p\u00e5 f\u00e4lg samt valfria ytor<strong><br \/>\n2.\u00a0<\/strong>D\u00e9jelo actuar durante unos 5 minutos o hasta que el producto adquiera un color p\u00farpura. En caso de suciedad extrema, puede utilizar un cepillo para ayudar a disolver los restos adheridos. Recuerde que en climas fr\u00edos (&lt;10 \u00b0C) debe dejarse actuar durante bastante m\u00e1s tiempo (hasta 10-15 minutos).<strong><br \/>\n3.\u00a0<\/strong>\u00a1No dejar secar!<strong><br \/>\n4.\u00a0<\/strong>Enjuagar con agua a alta presi\u00f3n.<strong><br \/>\n5.\u00a0<\/strong>\u00a1Lo sabemos, es incre\u00edblemente bueno!<\/p>\n<p>Relive de 5 litros es un removedor de \u00f3xido y llantas de una eficacia casi incre\u00edble. Reacciona con los metales del polvo de frenos y el \u00f3xido, disolvi\u00e9ndolos en minutos. El producto tiene un pH neutro y no contiene \u00e1cidos, lo que significa que funciona en la mayor\u00eda de los tipos de pintura, pl\u00e1stico, metales (incluso pulidos), Alcoa, etc.\u00a0<strong>NOTA: No utilizar sobre superficies pintadas con aerosol o similares.\u00a0<\/strong><\/p>\n<p>Su baja viscosidad permite que el producto se distribuya uniformemente sobre la superficie, logrando as\u00ed una eliminaci\u00f3n homog\u00e9nea del polvo de frenos y el \u00f3xido superficial. Adem\u00e1s, posee propiedades limpiadoras que eliminan la suciedad com\u00fan. Es un producto incre\u00edblemente eficaz que convierte el lavado de llantas en un verdadero placer despu\u00e9s de, por ejemplo, un duro d\u00eda en la pista o tras un agradable paseo por carreteras sinuosas. El producto cambia de color a p\u00farpura cuando est\u00e1 listo para enjuagarse, normalmente entre 2 y 5 minutos despu\u00e9s de su aplicaci\u00f3n. No olvide agitar el envase antes de usar. \u00a1Por supuesto, tambi\u00e9n funciona de maravilla en la pintura como eliminador de \u00f3xido superficial! Recuerde que el producto (incluido el desengrasante) debe dejarse actuar durante m\u00e1s tiempo cuando la temperatura sea inferior a 10 grados o la pintura est\u00e9 muy fr\u00eda. \u00a1No contiene sustancias altamente fluoradas!<\/p>\n<p><em>Conservar en un lugar libre de escarcha.<\/em><\/p>","protected":false},"excerpt":{"rendered":"<p>Relive \u2013 Flygrostborttagare 5 L \u00e4r en kraftfull och skonsam reng\u00f6ringsl\u00f6sning som effektivt avl\u00e4gsnar flygrost, bromsdamm och metallpartiklar fr\u00e5n alla typer av ytor. Den reagerar snabbt och f\u00e4rgas lila vid kontakt, vilket indikerar n\u00e4r det \u00e4r dags att spola av. Produkten \u00e4r pH-neutral, syrafri och s\u00e4ker att anv\u00e4nda p\u00e5 lack, plast, metaller och b\u00e5tskrov.<\/p>","protected":false},"featured_media":27973,"comment_status":"open","ping_status":"closed","template":"","meta":{"_acf_changed":false,"_smort_price_nok":"","_smort_price_dkk":"","_smort_price_eur":"","_smort_sale_price_nok":"","_smort_sale_price_dkk":"","_smort_sale_price_eur":"","smort_restorder":"","shipmondo_restorder":"","_kad_blocks_custom_css":"","_kad_blocks_head_custom_js":"","_kad_blocks_body_custom_js":"","_kad_blocks_footer_custom_js":"","smort_custom_pricelist_1":"575.36","smort_custom_pricelist_2":"575.36","smort_custom_pricelist_3":"575.36","smort_custom_pricelist_4":"719.2","smort_custom_pricelist_5":"575.36"},"anvandningsomrade":[],"bilmarken":[],"product_brand":[2893],"product_cat":[2988,2989,2892,378],"product_tag":[],"class_list":{"0":"post-27972","1":"product","2":"type-product","3":"status-publish","4":"has-post-thumbnail","6":"product_brand-tershine","7":"product_cat-biltvatt","8":"product_cat-avfettning","9":"product_cat-retail-produkter","10":"product_cat-bilvard","12":"first","13":"onbackorder","14":"taxable","15":"shipping-taxable","16":"purchasable","17":"product-type-simple"},"bundled_by":[],"bundle_stock_status":"onbackorder","bundle_stock_quantity":0,"bundle_virtual":false,"bundle_layout":"","bundle_add_to_cart_form_location":"","bundle_editable_in_cart":false,"bundle_sold_individually_context":"","bundle_item_grouping":"","bundle_min_size":"","bundle_max_size":"","bundle_price":[],"bundled_items":[],"bundle_sell_ids":[],"acf":[],"yoast_head":"<!-- This site is optimized with the Yoast SEO plugin v27.0 - https:\/\/yoast.com\/product\/yoast-seo-wordpress\/ -->\n<title>Tershine Relive - Flygrostborttagare 5 L - Xenonkungen<\/title>\n<meta name=\"robots\" content=\"index, follow, max-snippet:-1, max-image-preview:large, max-video-preview:-1\" \/>\n<link rel=\"canonical\" href=\"https:\/\/xenonkungen.com\/es\/producto\/tershine-relive-flygrostborttagare-5-l\/\" \/>\n<meta property=\"og:locale\" content=\"es_ES\" \/>\n<meta property=\"og:type\" content=\"article\" \/>\n<meta property=\"og:title\" content=\"Tershine Relive - Flygrostborttagare 5 L - Xenonkungen\" \/>\n<meta property=\"og:description\" content=\"Relive \u2013 Flygrostborttagare 5 L \u00e4r en kraftfull och skonsam reng\u00f6ringsl\u00f6sning som effektivt avl\u00e4gsnar flygrost, bromsdamm och metallpartiklar fr\u00e5n alla typer av ytor. Den reagerar snabbt och f\u00e4rgas lila vid kontakt, vilket indikerar n\u00e4r det \u00e4r dags att spola av. Produkten \u00e4r pH-neutral, syrafri och s\u00e4ker att anv\u00e4nda p\u00e5 lack, plast, metaller och b\u00e5tskrov.\" \/>\n<meta property=\"og:url\" content=\"https:\/\/xenonkungen.com\/es\/producto\/tershine-relive-flygrostborttagare-5-l\/\" \/>\n<meta property=\"og:site_name\" content=\"Xenonkungen\" \/>\n<meta property=\"article:modified_time\" content=\"2026-05-12T13:49:37+00:00\" \/>\n<meta property=\"og:image\" content=\"https:\/\/xenonkungen.com\/wp-content\/uploads\/2026\/03\/XLdw3ycE84mmNzyaczGkNb4ke2p9uXk9gc7gCI9g.webp\" \/>\n\t<meta property=\"og:image:width\" content=\"1024\" \/>\n\t<meta property=\"og:image:height\" content=\"1024\" \/>\n\t<meta property=\"og:image:type\" content=\"image\/webp\" \/>\n<meta name=\"twitter:card\" content=\"summary_large_image\" \/>\n<meta name=\"twitter:label1\" content=\"Tiempo de lectura\" \/>\n\t<meta name=\"twitter:data1\" content=\"2 minutos\" \/>\n<script type=\"application\/ld+json\" class=\"yoast-schema-graph\">{\"@context\":\"https:\/\/schema.org\",\"@graph\":[{\"@type\":\"WebPage\",\"@id\":\"https:\/\/xenonkungen.com\/produkt\/tershine-relive-flygrostborttagare-5-l\/\",\"url\":\"https:\/\/xenonkungen.com\/produkt\/tershine-relive-flygrostborttagare-5-l\/\",\"name\":\"Tershine Relive - Flygrostborttagare 5 L - Xenonkungen\",\"isPartOf\":{\"@id\":\"https:\/\/xenonkungen.com\/#website\"},\"primaryImageOfPage\":{\"@id\":\"https:\/\/xenonkungen.com\/produkt\/tershine-relive-flygrostborttagare-5-l\/#primaryimage\"},\"image\":{\"@id\":\"https:\/\/xenonkungen.com\/produkt\/tershine-relive-flygrostborttagare-5-l\/#primaryimage\"},\"thumbnailUrl\":\"https:\/\/xenonkungen.com\/wp-content\/uploads\/2026\/03\/XLdw3ycE84mmNzyaczGkNb4ke2p9uXk9gc7gCI9g.webp\",\"datePublished\":\"2026-03-16T13:48:14+00:00\",\"dateModified\":\"2026-05-12T13:49:37+00:00\",\"breadcrumb\":{\"@id\":\"https:\/\/xenonkungen.com\/produkt\/tershine-relive-flygrostborttagare-5-l\/#breadcrumb\"},\"inLanguage\":\"es\",\"potentialAction\":[{\"@type\":\"ReadAction\",\"target\":[\"https:\/\/xenonkungen.com\/produkt\/tershine-relive-flygrostborttagare-5-l\/\"]}]},{\"@type\":\"ImageObject\",\"inLanguage\":\"es\",\"@id\":\"https:\/\/xenonkungen.com\/produkt\/tershine-relive-flygrostborttagare-5-l\/#primaryimage\",\"url\":\"https:\/\/xenonkungen.com\/wp-content\/uploads\/2026\/03\/XLdw3ycE84mmNzyaczGkNb4ke2p9uXk9gc7gCI9g.webp\",\"contentUrl\":\"https:\/\/xenonkungen.com\/wp-content\/uploads\/2026\/03\/XLdw3ycE84mmNzyaczGkNb4ke2p9uXk9gc7gCI9g.webp\",\"width\":1024,\"height\":1024},{\"@type\":\"BreadcrumbList\",\"@id\":\"https:\/\/xenonkungen.com\/produkt\/tershine-relive-flygrostborttagare-5-l\/#breadcrumb\",\"itemListElement\":[{\"@type\":\"ListItem\",\"position\":1,\"name\":\"Hem\",\"item\":\"https:\/\/xenonkungen.com\/\"},{\"@type\":\"ListItem\",\"position\":2,\"name\":\"Shop\",\"item\":\"https:\/\/xenonkungen.com\/shop\/\"},{\"@type\":\"ListItem\",\"position\":3,\"name\":\"Tershine Relive &#8211; Flygrostborttagare 5 L\"}]},{\"@type\":\"WebSite\",\"@id\":\"https:\/\/xenonkungen.com\/#website\",\"url\":\"https:\/\/xenonkungen.com\/\",\"name\":\"Xenonkungen\",\"description\":\"\",\"potentialAction\":[{\"@type\":\"SearchAction\",\"target\":{\"@type\":\"EntryPoint\",\"urlTemplate\":\"https:\/\/xenonkungen.com\/?s={search_term_string}\"},\"query-input\":{\"@type\":\"PropertyValueSpecification\",\"valueRequired\":true,\"valueName\":\"search_term_string\"}}],\"inLanguage\":\"es\"}]}<\/script>\n<!-- \/ Yoast SEO plugin. -->","yoast_head_json":{"title":"Tershine Relive - Flygrostborttagare 5 L - Xenonkungen","robots":{"index":"index","follow":"follow","max-snippet":"max-snippet:-1","max-image-preview":"max-image-preview:large","max-video-preview":"max-video-preview:-1"},"canonical":"https:\/\/xenonkungen.com\/es\/producto\/tershine-relive-flygrostborttagare-5-l\/","og_locale":"es_ES","og_type":"article","og_title":"Tershine Relive - Flygrostborttagare 5 L - Xenonkungen","og_description":"Relive \u2013 Flygrostborttagare 5 L \u00e4r en kraftfull och skonsam reng\u00f6ringsl\u00f6sning som effektivt avl\u00e4gsnar flygrost, bromsdamm och metallpartiklar fr\u00e5n alla typer av ytor. Den reagerar snabbt och f\u00e4rgas lila vid kontakt, vilket indikerar n\u00e4r det \u00e4r dags att spola av. Produkten \u00e4r pH-neutral, syrafri och s\u00e4ker att anv\u00e4nda p\u00e5 lack, plast, metaller och b\u00e5tskrov.","og_url":"https:\/\/xenonkungen.com\/es\/producto\/tershine-relive-flygrostborttagare-5-l\/","og_site_name":"Xenonkungen","article_modified_time":"2026-05-12T13:49:37+00:00","og_image":[{"width":1024,"height":1024,"url":"https:\/\/xenonkungen.com\/wp-content\/uploads\/2026\/03\/XLdw3ycE84mmNzyaczGkNb4ke2p9uXk9gc7gCI9g.webp","type":"image\/webp"}],"twitter_card":"summary_large_image","twitter_misc":{"Tiempo de lectura":"2 minutos"},"schema":{"@context":"https:\/\/schema.org","@graph":[{"@type":"WebPage","@id":"https:\/\/xenonkungen.com\/produkt\/tershine-relive-flygrostborttagare-5-l\/","url":"https:\/\/xenonkungen.com\/produkt\/tershine-relive-flygrostborttagare-5-l\/","name":"Tershine Relive - Flygrostborttagare 5 L - Xenonkungen","isPartOf":{"@id":"https:\/\/xenonkungen.com\/#website"},"primaryImageOfPage":{"@id":"https:\/\/xenonkungen.com\/produkt\/tershine-relive-flygrostborttagare-5-l\/#primaryimage"},"image":{"@id":"https:\/\/xenonkungen.com\/produkt\/tershine-relive-flygrostborttagare-5-l\/#primaryimage"},"thumbnailUrl":"https:\/\/xenonkungen.com\/wp-content\/uploads\/2026\/03\/XLdw3ycE84mmNzyaczGkNb4ke2p9uXk9gc7gCI9g.webp","datePublished":"2026-03-16T13:48:14+00:00","dateModified":"2026-05-12T13:49:37+00:00","breadcrumb":{"@id":"https:\/\/xenonkungen.com\/produkt\/tershine-relive-flygrostborttagare-5-l\/#breadcrumb"},"inLanguage":"es","potentialAction":[{"@type":"ReadAction","target":["https:\/\/xenonkungen.com\/produkt\/tershine-relive-flygrostborttagare-5-l\/"]}]},{"@type":"ImageObject","inLanguage":"es","@id":"https:\/\/xenonkungen.com\/produkt\/tershine-relive-flygrostborttagare-5-l\/#primaryimage","url":"https:\/\/xenonkungen.com\/wp-content\/uploads\/2026\/03\/XLdw3ycE84mmNzyaczGkNb4ke2p9uXk9gc7gCI9g.webp","contentUrl":"https:\/\/xenonkungen.com\/wp-content\/uploads\/2026\/03\/XLdw3ycE84mmNzyaczGkNb4ke2p9uXk9gc7gCI9g.webp","width":1024,"height":1024},{"@type":"BreadcrumbList","@id":"https:\/\/xenonkungen.com\/produkt\/tershine-relive-flygrostborttagare-5-l\/#breadcrumb","itemListElement":[{"@type":"ListItem","position":1,"name":"Hem","item":"https:\/\/xenonkungen.com\/"},{"@type":"ListItem","position":2,"name":"Shop","item":"https:\/\/xenonkungen.com\/shop\/"},{"@type":"ListItem","position":3,"name":"Tershine Relive &#8211; Flygrostborttagare 5 L"}]},{"@type":"WebSite","@id":"https:\/\/xenonkungen.com\/#website","url":"https:\/\/xenonkungen.com\/","name":"Xenonkungen","description":"","potentialAction":[{"@type":"SearchAction","target":{"@type":"EntryPoint","urlTemplate":"https:\/\/xenonkungen.com\/?s={search_term_string}"},"query-input":{"@type":"PropertyValueSpecification","valueRequired":true,"valueName":"search_term_string"}}],"inLanguage":"es"}]}},"taxonomy_info":{"product_brand":[{"value":2893,"label":"Tershine"}],"product_cat":[{"value":2988,"label":"1 | Biltv\u00e4tt"},{"value":2989,"label":"2 | Avfettning"},{"value":2892,"label":"\u00c5terf\u00f6rs\u00e4ljarprodukter"},{"value":378,"label":"Bilv\u00e5rd"}]},"featured_image_src_large":["https:\/\/xenonkungen.com\/wp-content\/uploads\/2026\/03\/XLdw3ycE84mmNzyaczGkNb4ke2p9uXk9gc7gCI9g.webp",1024,1024,false],"author_info":[],"comment_info":0,"_links":{"self":[{"href":"https:\/\/xenonkungen.com\/es\/wp-json\/wp\/v2\/product\/27972","targetHints":{"allow":["GET"]}}],"collection":[{"href":"https:\/\/xenonkungen.com\/es\/wp-json\/wp\/v2\/product"}],"about":[{"href":"https:\/\/xenonkungen.com\/es\/wp-json\/wp\/v2\/types\/product"}],"replies":[{"embeddable":true,"href":"https:\/\/xenonkungen.com\/es\/wp-json\/wp\/v2\/comments?post=27972"}],"wp:featuredmedia":[{"embeddable":true,"href":"https:\/\/xenonkungen.com\/es\/wp-json\/wp\/v2\/media\/27973"}],"wp:attachment":[{"href":"https:\/\/xenonkungen.com\/es\/wp-json\/wp\/v2\/media?parent=27972"}],"wp:term":[{"taxonomy":"anvandningsomrade","embeddable":true,"href":"https:\/\/xenonkungen.com\/es\/wp-json\/wp\/v2\/anvandningsomrade?post=27972"},{"taxonomy":"bilmarken","embeddable":true,"href":"https:\/\/xenonkungen.com\/es\/wp-json\/wp\/v2\/bilmarken?post=27972"},{"taxonomy":"product_brand","embeddable":true,"href":"https:\/\/xenonkungen.com\/es\/wp-json\/wp\/v2\/product_brand?post=27972"},{"taxonomy":"product_cat","embeddable":true,"href":"https:\/\/xenonkungen.com\/es\/wp-json\/wp\/v2\/product_cat?post=27972"},{"taxonomy":"product_tag","embeddable":true,"href":"https:\/\/xenonkungen.com\/es\/wp-json\/wp\/v2\/product_tag?post=27972"}],"curies":[{"name":"wp","href":"https:\/\/api.w.org\/{rel}","templated":true}]}}