{"id":27978,"date":"2026-03-16T15:02:32","date_gmt":"2026-03-16T14:02:32","guid":{"rendered":"https:\/\/xenonkungen.com\/?post_type=product&#038;p=27978"},"modified":"2026-05-08T13:33:41","modified_gmt":"2026-05-08T12:33:41","slug":"tratamiento-repelente-de-vidrio-tershine","status":"publish","type":"product","link":"https:\/\/xenonkungen.com\/es\/producto\/tratamiento-repelente-de-vidrio-tershine\/","title":{"rendered":"Tershine Repel \u2013 Tratamiento para cristales"},"content":{"rendered":"<p>Aditivo para el l\u00edquido limpiaparabrisas que deja el parabrisas reluciente y con un excelente escurrimiento. Vi\u00e9rtelo en el l\u00edquido limpiaparabrisas y obtendr\u00e1s un tratamiento impecable para el cristal en un instante. Aroma fant\u00e1stico.<\/p>\n<p><strong>El agua forma gotas y sale disparada de la ventana a gran velocidad.<br \/>\nLa ventana se mantiene limpia por m\u00e1s tiempo.<br \/>\nExtremadamente f\u00e1cil de usar<br \/>\nDesprende un delicioso aroma a frutos del bosque.<br \/>\nMuy eficaz<br \/>\nEl producto se elabora sin la adici\u00f3n de sustancias perfluoradas y polifluoradas (PFAS).<\/strong><br \/>\n<strong><br \/>\nC\u00f3mo usar Repel \u2013 Potenciador de visibilidad: \u00a0<\/strong><\/p>\n<p><strong>1.<\/strong>\u00a0Mezcle 20 ml de Repel por litro de l\u00edquido limpiaparabrisas (2%) directamente en el dep\u00f3sito del l\u00edquido limpiaparabrisas. Es decir, 100 ml por cada 5 litros de l\u00edquido limpiaparabrisas, etc.<\/p>\n<p><strong>NOTA: Una sobredosis no mejorar\u00e1 el drenaje, sino que aumentar\u00e1 el riesgo de que el parabrisas se adhiera.<\/strong><\/p>\n<p><strong>2<\/strong>Utilice la funci\u00f3n de lavado como de costumbre.<\/p>\n<p><strong>3.\u00a0<\/strong>S\u00ed, no es tan dif\u00edcil \ud83d\ude42<\/p>\n<p><strong>Repel \u2013 Tratamiento para vidrios\u00a0<\/strong>Es un aditivo para el l\u00edquido limpiaparabrisas que hace que el parabrisas quede m\u00e1s limpio y proporciona un escurrimiento muy agradable, lo que facilita mucho la conducci\u00f3n en condiciones de lluvia. Es extremadamente resbaladizo y la ventaja es que consumir\u00e1s menos l\u00edquido limpiaparabrisas, ya que el parabrisas se mantiene limpio durante m\u00e1s tiempo. Adem\u00e1s, ser\u00e1 mucho m\u00e1s f\u00e1cil conducir bajo la lluvia gracias al efecto hidrof\u00f3bico que produce. Tambi\u00e9n disimula en cierta medida el olor no del todo agradable del propio l\u00edquido limpiaparabrisas con un ligero aroma a frutos del bosque. 100 ml est\u00e1n pensados para 4-5 litros de l\u00edquido limpiaparabrisas, pero hemos observado que tambi\u00e9n funciona para cantidades menores o mayores; es decir, puedes empezar con la mitad del frasco, etc., si lo deseas.<\/p>","protected":false},"excerpt":{"rendered":"<p>Un aditivo para el l\u00edquido limpiaparabrisas que deja el parabrisas reluciente y con un excelente escurrido. Vi\u00e9rtelo en el l\u00edquido limpiaparabrisas y tendr\u00e1s un cristal impecable en un instante.<\/p>","protected":false},"featured_media":27979,"comment_status":"open","ping_status":"closed","template":"","meta":{"_acf_changed":false,"_smort_price_nok":"","_smort_price_dkk":"","_smort_price_eur":"","_smort_sale_price_nok":"","_smort_sale_price_dkk":"","_smort_sale_price_eur":"","smort_restorder":"","shipmondo_restorder":"","_kad_blocks_custom_css":"","_kad_blocks_head_custom_js":"","_kad_blocks_body_custom_js":"","_kad_blocks_footer_custom_js":"","smort_custom_pricelist_1":null,"smort_custom_pricelist_2":null,"smort_custom_pricelist_3":null,"smort_custom_pricelist_4":null,"smort_custom_pricelist_5":null},"anvandningsomrade":[],"bilmarken":[],"product_brand":[2893],"product_cat":[2892,378],"product_tag":[],"class_list":{"0":"post-27978","1":"product","2":"type-product","3":"status-publish","4":"has-post-thumbnail","6":"product_brand-tershine","7":"product_cat-retail-produkter","8":"product_cat-bilvard","10":"first","11":"instock","12":"taxable","13":"shipping-taxable","14":"purchasable","15":"product-type-variable"},"bundled_by":[],"bundle_stock_status":"instock","bundle_stock_quantity":null,"bundle_virtual":false,"bundle_layout":"","bundle_add_to_cart_form_location":"","bundle_editable_in_cart":false,"bundle_sold_individually_context":"","bundle_item_grouping":"","bundle_min_size":"","bundle_max_size":"","bundle_price":[],"bundled_items":[],"bundle_sell_ids":[],"acf":[],"yoast_head":"<!-- This site is optimized with the Yoast SEO plugin v27.0 - https:\/\/yoast.com\/product\/yoast-seo-wordpress\/ -->\n<title>Tershine Repel - Glasbehandling - Xenonkungen<\/title>\n<meta name=\"robots\" content=\"index, follow, max-snippet:-1, max-image-preview:large, max-video-preview:-1\" \/>\n<link rel=\"canonical\" href=\"https:\/\/xenonkungen.com\/es\/producto\/tratamiento-repelente-de-vidrio-tershine\/\" \/>\n<meta property=\"og:locale\" content=\"es_ES\" \/>\n<meta property=\"og:type\" content=\"article\" \/>\n<meta property=\"og:title\" content=\"Tershine Repel - Glasbehandling - Xenonkungen\" \/>\n<meta property=\"og:description\" content=\"En tillsats f\u00f6r spolarv\u00e4tskan som ger en skinande ren\u00a0framruta och massa h\u00e4rlig avrinning. H\u00e4ll ner i spolarv\u00e4tskan och sen har du f\u00e5tt en grym glasbehandling p\u00e5 nolltid.\" \/>\n<meta property=\"og:url\" content=\"https:\/\/xenonkungen.com\/es\/producto\/tratamiento-repelente-de-vidrio-tershine\/\" \/>\n<meta property=\"og:site_name\" content=\"Xenonkungen\" \/>\n<meta property=\"article:modified_time\" content=\"2026-05-08T12:33:41+00:00\" \/>\n<meta property=\"og:image\" content=\"https:\/\/xenonkungen.com\/wp-content\/uploads\/2026\/03\/k4xfSmysjATfxTZiMyn9J5nTiF8uwlLmVjCIpvMm.webp\" \/>\n\t<meta property=\"og:image:width\" content=\"1024\" \/>\n\t<meta property=\"og:image:height\" content=\"1024\" \/>\n\t<meta property=\"og:image:type\" content=\"image\/webp\" \/>\n<meta name=\"twitter:card\" content=\"summary_large_image\" \/>\n<meta name=\"twitter:label1\" content=\"Tiempo de lectura\" \/>\n\t<meta name=\"twitter:data1\" content=\"2 minutos\" \/>\n<script type=\"application\/ld+json\" class=\"yoast-schema-graph\">{\"@context\":\"https:\/\/schema.org\",\"@graph\":[{\"@type\":\"WebPage\",\"@id\":\"https:\/\/xenonkungen.com\/produkt\/tershine-repel-glasbehandling\/\",\"url\":\"https:\/\/xenonkungen.com\/produkt\/tershine-repel-glasbehandling\/\",\"name\":\"Tershine Repel - Glasbehandling - Xenonkungen\",\"isPartOf\":{\"@id\":\"https:\/\/xenonkungen.com\/#website\"},\"primaryImageOfPage\":{\"@id\":\"https:\/\/xenonkungen.com\/produkt\/tershine-repel-glasbehandling\/#primaryimage\"},\"image\":{\"@id\":\"https:\/\/xenonkungen.com\/produkt\/tershine-repel-glasbehandling\/#primaryimage\"},\"thumbnailUrl\":\"https:\/\/xenonkungen.com\/wp-content\/uploads\/2026\/03\/k4xfSmysjATfxTZiMyn9J5nTiF8uwlLmVjCIpvMm.webp\",\"datePublished\":\"2026-03-16T14:02:32+00:00\",\"dateModified\":\"2026-05-08T12:33:41+00:00\",\"breadcrumb\":{\"@id\":\"https:\/\/xenonkungen.com\/produkt\/tershine-repel-glasbehandling\/#breadcrumb\"},\"inLanguage\":\"es\",\"potentialAction\":[{\"@type\":\"ReadAction\",\"target\":[\"https:\/\/xenonkungen.com\/produkt\/tershine-repel-glasbehandling\/\"]}]},{\"@type\":\"ImageObject\",\"inLanguage\":\"es\",\"@id\":\"https:\/\/xenonkungen.com\/produkt\/tershine-repel-glasbehandling\/#primaryimage\",\"url\":\"https:\/\/xenonkungen.com\/wp-content\/uploads\/2026\/03\/k4xfSmysjATfxTZiMyn9J5nTiF8uwlLmVjCIpvMm.webp\",\"contentUrl\":\"https:\/\/xenonkungen.com\/wp-content\/uploads\/2026\/03\/k4xfSmysjATfxTZiMyn9J5nTiF8uwlLmVjCIpvMm.webp\",\"width\":1024,\"height\":1024},{\"@type\":\"BreadcrumbList\",\"@id\":\"https:\/\/xenonkungen.com\/produkt\/tershine-repel-glasbehandling\/#breadcrumb\",\"itemListElement\":[{\"@type\":\"ListItem\",\"position\":1,\"name\":\"Hem\",\"item\":\"https:\/\/xenonkungen.com\/\"},{\"@type\":\"ListItem\",\"position\":2,\"name\":\"Shop\",\"item\":\"https:\/\/xenonkungen.com\/shop\/\"},{\"@type\":\"ListItem\",\"position\":3,\"name\":\"Tershine Repel &#8211; Glasbehandling\"}]},{\"@type\":\"WebSite\",\"@id\":\"https:\/\/xenonkungen.com\/#website\",\"url\":\"https:\/\/xenonkungen.com\/\",\"name\":\"Xenonkungen\",\"description\":\"\",\"potentialAction\":[{\"@type\":\"SearchAction\",\"target\":{\"@type\":\"EntryPoint\",\"urlTemplate\":\"https:\/\/xenonkungen.com\/?s={search_term_string}\"},\"query-input\":{\"@type\":\"PropertyValueSpecification\",\"valueRequired\":true,\"valueName\":\"search_term_string\"}}],\"inLanguage\":\"es\"}]}<\/script>\n<!-- \/ Yoast SEO plugin. -->","yoast_head_json":{"title":"Tershine Repel - Tratamiento para cristales - El rey del xen\u00f3n","robots":{"index":"index","follow":"follow","max-snippet":"max-snippet:-1","max-image-preview":"max-image-preview:large","max-video-preview":"max-video-preview:-1"},"canonical":"https:\/\/xenonkungen.com\/es\/producto\/tratamiento-repelente-de-vidrio-tershine\/","og_locale":"es_ES","og_type":"article","og_title":"Tershine Repel - Glasbehandling - Xenonkungen","og_description":"En tillsats f\u00f6r spolarv\u00e4tskan som ger en skinande ren\u00a0framruta och massa h\u00e4rlig avrinning. H\u00e4ll ner i spolarv\u00e4tskan och sen har du f\u00e5tt en grym glasbehandling p\u00e5 nolltid.","og_url":"https:\/\/xenonkungen.com\/es\/producto\/tratamiento-repelente-de-vidrio-tershine\/","og_site_name":"Xenonkungen","article_modified_time":"2026-05-08T12:33:41+00:00","og_image":[{"width":1024,"height":1024,"url":"https:\/\/xenonkungen.com\/wp-content\/uploads\/2026\/03\/k4xfSmysjATfxTZiMyn9J5nTiF8uwlLmVjCIpvMm.webp","type":"image\/webp"}],"twitter_card":"summary_large_image","twitter_misc":{"Tiempo de lectura":"2 minutos"},"schema":{"@context":"https:\/\/schema.org","@graph":[{"@type":"WebPage","@id":"https:\/\/xenonkungen.com\/produkt\/tershine-repel-glasbehandling\/","url":"https:\/\/xenonkungen.com\/produkt\/tershine-repel-glasbehandling\/","name":"Tershine Repel - Tratamiento para cristales - El rey del xen\u00f3n","isPartOf":{"@id":"https:\/\/xenonkungen.com\/#website"},"primaryImageOfPage":{"@id":"https:\/\/xenonkungen.com\/produkt\/tershine-repel-glasbehandling\/#primaryimage"},"image":{"@id":"https:\/\/xenonkungen.com\/produkt\/tershine-repel-glasbehandling\/#primaryimage"},"thumbnailUrl":"https:\/\/xenonkungen.com\/wp-content\/uploads\/2026\/03\/k4xfSmysjATfxTZiMyn9J5nTiF8uwlLmVjCIpvMm.webp","datePublished":"2026-03-16T14:02:32+00:00","dateModified":"2026-05-08T12:33:41+00:00","breadcrumb":{"@id":"https:\/\/xenonkungen.com\/produkt\/tershine-repel-glasbehandling\/#breadcrumb"},"inLanguage":"es","potentialAction":[{"@type":"ReadAction","target":["https:\/\/xenonkungen.com\/produkt\/tershine-repel-glasbehandling\/"]}]},{"@type":"ImageObject","inLanguage":"es","@id":"https:\/\/xenonkungen.com\/produkt\/tershine-repel-glasbehandling\/#primaryimage","url":"https:\/\/xenonkungen.com\/wp-content\/uploads\/2026\/03\/k4xfSmysjATfxTZiMyn9J5nTiF8uwlLmVjCIpvMm.webp","contentUrl":"https:\/\/xenonkungen.com\/wp-content\/uploads\/2026\/03\/k4xfSmysjATfxTZiMyn9J5nTiF8uwlLmVjCIpvMm.webp","width":1024,"height":1024},{"@type":"BreadcrumbList","@id":"https:\/\/xenonkungen.com\/produkt\/tershine-repel-glasbehandling\/#breadcrumb","itemListElement":[{"@type":"ListItem","position":1,"name":"Hem","item":"https:\/\/xenonkungen.com\/"},{"@type":"ListItem","position":2,"name":"Shop","item":"https:\/\/xenonkungen.com\/shop\/"},{"@type":"ListItem","position":3,"name":"Tershine Repel &#8211; Glasbehandling"}]},{"@type":"WebSite","@id":"https:\/\/xenonkungen.com\/#website","url":"https:\/\/xenonkungen.com\/","name":"Xenonkungen","description":"","potentialAction":[{"@type":"SearchAction","target":{"@type":"EntryPoint","urlTemplate":"https:\/\/xenonkungen.com\/?s={search_term_string}"},"query-input":{"@type":"PropertyValueSpecification","valueRequired":true,"valueName":"search_term_string"}}],"inLanguage":"es"}]}},"taxonomy_info":{"product_brand":[{"value":2893,"label":"Tershine"}],"product_cat":[{"value":2892,"label":"\u00c5terf\u00f6rs\u00e4ljarprodukter"},{"value":378,"label":"Bilv\u00e5rd"}]},"featured_image_src_large":["https:\/\/xenonkungen.com\/wp-content\/uploads\/2026\/03\/k4xfSmysjATfxTZiMyn9J5nTiF8uwlLmVjCIpvMm.webp",1024,1024,false],"author_info":[],"comment_info":0,"_links":{"self":[{"href":"https:\/\/xenonkungen.com\/es\/wp-json\/wp\/v2\/product\/27978","targetHints":{"allow":["GET"]}}],"collection":[{"href":"https:\/\/xenonkungen.com\/es\/wp-json\/wp\/v2\/product"}],"about":[{"href":"https:\/\/xenonkungen.com\/es\/wp-json\/wp\/v2\/types\/product"}],"replies":[{"embeddable":true,"href":"https:\/\/xenonkungen.com\/es\/wp-json\/wp\/v2\/comments?post=27978"}],"wp:featuredmedia":[{"embeddable":true,"href":"https:\/\/xenonkungen.com\/es\/wp-json\/wp\/v2\/media\/27979"}],"wp:attachment":[{"href":"https:\/\/xenonkungen.com\/es\/wp-json\/wp\/v2\/media?parent=27978"}],"wp:term":[{"taxonomy":"anvandningsomrade","embeddable":true,"href":"https:\/\/xenonkungen.com\/es\/wp-json\/wp\/v2\/anvandningsomrade?post=27978"},{"taxonomy":"bilmarken","embeddable":true,"href":"https:\/\/xenonkungen.com\/es\/wp-json\/wp\/v2\/bilmarken?post=27978"},{"taxonomy":"product_brand","embeddable":true,"href":"https:\/\/xenonkungen.com\/es\/wp-json\/wp\/v2\/product_brand?post=27978"},{"taxonomy":"product_cat","embeddable":true,"href":"https:\/\/xenonkungen.com\/es\/wp-json\/wp\/v2\/product_cat?post=27978"},{"taxonomy":"product_tag","embeddable":true,"href":"https:\/\/xenonkungen.com\/es\/wp-json\/wp\/v2\/product_tag?post=27978"}],"curies":[{"name":"wp","href":"https:\/\/api.w.org\/{rel}","templated":true}]}}