{"id":27983,"date":"2026-03-16T15:10:51","date_gmt":"2026-03-16T14:10:51","guid":{"rendered":"https:\/\/xenonkungen.com\/?post_type=product&#038;p=27983"},"modified":"2026-04-24T17:48:49","modified_gmt":"2026-04-24T16:48:49","slug":"tershine-restore-polermedel","status":"publish","type":"product","link":"https:\/\/xenonkungen.com\/es\/producto\/tershine-restore-polermedel\/","title":{"rendered":"Tershine Restore \u2013 Esmalte"},"content":{"rendered":"<p>Pulidor muy eficaz y vers\u00e1til, completamente libre de rellenos. Funciona mejor con rodillos de microfibra, pero tambi\u00e9n con rodillos de espuma convencionales.<\/p>\n<p><strong>Elimina ara\u00f1azos de grano 1000 y acabados de hasta grano 4000.<br \/>\nPerfecto para todo tipo de pinturas.<br \/>\nDa un brillo inmenso<br \/>\nNo contiene rellenos<br \/>\nF\u00e1cil de limpiar<br \/>\nCa\u00f1\u00f3n para pulir faros<br \/>\nFunciona en superficies cromadas.<br \/>\nEl producto no est\u00e1 clasificado como sujeto a etiquetado obligatorio seg\u00fan el Reglamento CLP (CE) n.\u00ba 1272\/2008.<br \/>\n<\/strong><\/p>\n<p><strong>C\u00f3mo usar Restore \u2013 Polish<\/strong><\/p>\n<p><strong>1.\u00a0<\/strong>Aplica una peque\u00f1a cantidad en tu almohadilla.<strong><br \/>\n2.\u00a0<\/strong>Pulir a baja velocidad (1000-2000 rpm) y dejar que la m\u00e1quina, el producto y la almohadilla hagan el trabajo. Sin embargo, conviene hacer pruebas, ya que depende totalmente de la m\u00e1quina, etc. Generalmente, este paso funciona mejor con rodillos de microfibra o lana.\u00a0<strong><br \/>\n3.\u00a0<\/strong>Cambie a una almohadilla de acabado y termine a mayor velocidad (sin agregar m\u00e1s agente).<strong><br \/>\n4.\u00a0<\/strong>Saluda al todopoderoso brillo<\/p>\n<p>Restore \u2013 Spray Polish es un pulimento muy f\u00e1cil de usar que te dar\u00e1 un resultado excelente, independientemente de tu experiencia previa. Este producto elimina ara\u00f1azos profundos de hasta grano 1000 y tambi\u00e9n puede usarse como acabado.<\/p>\n<p>&nbsp;<\/p>\n<p>&nbsp;<\/p>\n<p>P.D.: Con este producto, la almohadilla es lo que determina el resultado, as\u00ed que puedes usar dos diferentes. Una para ara\u00f1azos m\u00e1s profundos y luego terminar con una m\u00e1s fina, sin a\u00f1adir m\u00e1s producto. Por supuesto, tambi\u00e9n puedes usar un solo paso, seg\u00fan el estado de la pintura.<\/p>\n<div class=\"text_exposed_show\">\n<div class=\"text_exposed_show\">\n<p><strong>Fragancia:\u00a0<\/strong>Sorbo<strong>\u00a0<\/strong>con un poco de bosque<\/p>\n<p>Ten en cuenta que esto implica un buen esfuerzo (una lija de grano 1000 equivale a un corte profundo).<\/p>\n<h6>Mantener fuera del alcance de los ni\u00f1os. Tenga a mano el envase o la etiqueta si necesita consejo m\u00e9dico.<\/h6>\n<\/div>\n<\/div>","protected":false},"excerpt":{"rendered":"<p>Ett polermedel som \u00e4r superenkelt att anv\u00e4nda och kommer att ge ett kanonresultat, oavsett tidigare poleringskunskaper.<\/p>","protected":false},"featured_media":27984,"comment_status":"open","ping_status":"closed","template":"","meta":{"_acf_changed":false,"_smort_price_nok":"","_smort_price_dkk":"","_smort_price_eur":"","_smort_sale_price_nok":"","_smort_sale_price_dkk":"","_smort_sale_price_eur":"","smort_restorder":"","shipmondo_restorder":"","_kad_blocks_custom_css":"","_kad_blocks_head_custom_js":"","_kad_blocks_body_custom_js":"","_kad_blocks_footer_custom_js":"","smort_custom_pricelist_1":"","smort_custom_pricelist_2":"","smort_custom_pricelist_3":"","smort_custom_pricelist_4":"","smort_custom_pricelist_5":""},"anvandningsomrade":[],"bilmarken":[],"product_brand":[2893],"product_cat":[2617,2892,378],"product_tag":[],"class_list":{"0":"post-27983","1":"product","2":"type-product","3":"status-publish","4":"has-post-thumbnail","6":"product_brand-tershine","7":"product_cat-polering","8":"product_cat-retail-produkter","9":"product_cat-bilvard","11":"first","12":"onbackorder","13":"taxable","14":"shipping-taxable","15":"purchasable","16":"product-type-variable"},"bundled_by":[],"bundle_stock_status":"onbackorder","bundle_stock_quantity":null,"bundle_virtual":false,"bundle_layout":"","bundle_add_to_cart_form_location":"","bundle_editable_in_cart":false,"bundle_sold_individually_context":"","bundle_item_grouping":"","bundle_min_size":"","bundle_max_size":"","bundle_price":[],"bundled_items":[],"bundle_sell_ids":[],"acf":[],"yoast_head":"<!-- This site is optimized with the Yoast SEO plugin v27.0 - https:\/\/yoast.com\/product\/yoast-seo-wordpress\/ -->\n<title>Tershine Restore - Polermedel - Xenonkungen<\/title>\n<meta name=\"robots\" content=\"index, follow, max-snippet:-1, max-image-preview:large, max-video-preview:-1\" \/>\n<link rel=\"canonical\" href=\"https:\/\/xenonkungen.com\/es\/producto\/tershine-restore-polermedel\/\" \/>\n<meta property=\"og:locale\" content=\"es_ES\" \/>\n<meta property=\"og:type\" content=\"article\" \/>\n<meta property=\"og:title\" content=\"Tershine Restore - Polermedel - Xenonkungen\" \/>\n<meta property=\"og:description\" content=\"Ett polermedel som \u00e4r superenkelt att anv\u00e4nda och kommer att ge ett kanonresultat, oavsett tidigare poleringskunskaper.\" \/>\n<meta property=\"og:url\" content=\"https:\/\/xenonkungen.com\/es\/producto\/tershine-restore-polermedel\/\" \/>\n<meta property=\"og:site_name\" content=\"Xenonkungen\" \/>\n<meta property=\"article:modified_time\" content=\"2026-04-24T16:48:49+00:00\" \/>\n<meta property=\"og:image\" content=\"https:\/\/xenonkungen.com\/wp-content\/uploads\/2026\/03\/UWG7Mj94RyaitSuP7136RHUwEyFW550XLR9H7nSL.webp\" \/>\n\t<meta property=\"og:image:width\" content=\"1024\" \/>\n\t<meta property=\"og:image:height\" content=\"1024\" \/>\n\t<meta property=\"og:image:type\" content=\"image\/webp\" \/>\n<meta name=\"twitter:card\" content=\"summary_large_image\" \/>\n<meta name=\"twitter:label1\" content=\"Tiempo de lectura\" \/>\n\t<meta name=\"twitter:data1\" content=\"2 minutos\" \/>\n<script type=\"application\/ld+json\" class=\"yoast-schema-graph\">{\"@context\":\"https:\/\/schema.org\",\"@graph\":[{\"@type\":\"WebPage\",\"@id\":\"https:\/\/xenonkungen.com\/produkt\/tershine-restore-polermedel\/\",\"url\":\"https:\/\/xenonkungen.com\/produkt\/tershine-restore-polermedel\/\",\"name\":\"Tershine Restore - Polermedel - Xenonkungen\",\"isPartOf\":{\"@id\":\"https:\/\/xenonkungen.com\/#website\"},\"primaryImageOfPage\":{\"@id\":\"https:\/\/xenonkungen.com\/produkt\/tershine-restore-polermedel\/#primaryimage\"},\"image\":{\"@id\":\"https:\/\/xenonkungen.com\/produkt\/tershine-restore-polermedel\/#primaryimage\"},\"thumbnailUrl\":\"https:\/\/xenonkungen.com\/wp-content\/uploads\/2026\/03\/UWG7Mj94RyaitSuP7136RHUwEyFW550XLR9H7nSL.webp\",\"datePublished\":\"2026-03-16T14:10:51+00:00\",\"dateModified\":\"2026-04-24T16:48:49+00:00\",\"breadcrumb\":{\"@id\":\"https:\/\/xenonkungen.com\/produkt\/tershine-restore-polermedel\/#breadcrumb\"},\"inLanguage\":\"es\",\"potentialAction\":[{\"@type\":\"ReadAction\",\"target\":[\"https:\/\/xenonkungen.com\/produkt\/tershine-restore-polermedel\/\"]}]},{\"@type\":\"ImageObject\",\"inLanguage\":\"es\",\"@id\":\"https:\/\/xenonkungen.com\/produkt\/tershine-restore-polermedel\/#primaryimage\",\"url\":\"https:\/\/xenonkungen.com\/wp-content\/uploads\/2026\/03\/UWG7Mj94RyaitSuP7136RHUwEyFW550XLR9H7nSL.webp\",\"contentUrl\":\"https:\/\/xenonkungen.com\/wp-content\/uploads\/2026\/03\/UWG7Mj94RyaitSuP7136RHUwEyFW550XLR9H7nSL.webp\",\"width\":1024,\"height\":1024},{\"@type\":\"BreadcrumbList\",\"@id\":\"https:\/\/xenonkungen.com\/produkt\/tershine-restore-polermedel\/#breadcrumb\",\"itemListElement\":[{\"@type\":\"ListItem\",\"position\":1,\"name\":\"Hem\",\"item\":\"https:\/\/xenonkungen.com\/\"},{\"@type\":\"ListItem\",\"position\":2,\"name\":\"Shop\",\"item\":\"https:\/\/xenonkungen.com\/shop\/\"},{\"@type\":\"ListItem\",\"position\":3,\"name\":\"Tershine Restore &#8211; Polermedel\"}]},{\"@type\":\"WebSite\",\"@id\":\"https:\/\/xenonkungen.com\/#website\",\"url\":\"https:\/\/xenonkungen.com\/\",\"name\":\"Xenonkungen\",\"description\":\"\",\"potentialAction\":[{\"@type\":\"SearchAction\",\"target\":{\"@type\":\"EntryPoint\",\"urlTemplate\":\"https:\/\/xenonkungen.com\/?s={search_term_string}\"},\"query-input\":{\"@type\":\"PropertyValueSpecification\",\"valueRequired\":true,\"valueName\":\"search_term_string\"}}],\"inLanguage\":\"es\"}]}<\/script>\n<!-- \/ Yoast SEO plugin. -->","yoast_head_json":{"title":"Tershine Restore - Polermedel - Xenonkungen","robots":{"index":"index","follow":"follow","max-snippet":"max-snippet:-1","max-image-preview":"max-image-preview:large","max-video-preview":"max-video-preview:-1"},"canonical":"https:\/\/xenonkungen.com\/es\/producto\/tershine-restore-polermedel\/","og_locale":"es_ES","og_type":"article","og_title":"Tershine Restore - Polermedel - Xenonkungen","og_description":"Ett polermedel som \u00e4r superenkelt att anv\u00e4nda och kommer att ge ett kanonresultat, oavsett tidigare poleringskunskaper.","og_url":"https:\/\/xenonkungen.com\/es\/producto\/tershine-restore-polermedel\/","og_site_name":"Xenonkungen","article_modified_time":"2026-04-24T16:48:49+00:00","og_image":[{"width":1024,"height":1024,"url":"https:\/\/xenonkungen.com\/wp-content\/uploads\/2026\/03\/UWG7Mj94RyaitSuP7136RHUwEyFW550XLR9H7nSL.webp","type":"image\/webp"}],"twitter_card":"summary_large_image","twitter_misc":{"Tiempo de lectura":"2 minutos"},"schema":{"@context":"https:\/\/schema.org","@graph":[{"@type":"WebPage","@id":"https:\/\/xenonkungen.com\/produkt\/tershine-restore-polermedel\/","url":"https:\/\/xenonkungen.com\/produkt\/tershine-restore-polermedel\/","name":"Tershine Restore - Polermedel - Xenonkungen","isPartOf":{"@id":"https:\/\/xenonkungen.com\/#website"},"primaryImageOfPage":{"@id":"https:\/\/xenonkungen.com\/produkt\/tershine-restore-polermedel\/#primaryimage"},"image":{"@id":"https:\/\/xenonkungen.com\/produkt\/tershine-restore-polermedel\/#primaryimage"},"thumbnailUrl":"https:\/\/xenonkungen.com\/wp-content\/uploads\/2026\/03\/UWG7Mj94RyaitSuP7136RHUwEyFW550XLR9H7nSL.webp","datePublished":"2026-03-16T14:10:51+00:00","dateModified":"2026-04-24T16:48:49+00:00","breadcrumb":{"@id":"https:\/\/xenonkungen.com\/produkt\/tershine-restore-polermedel\/#breadcrumb"},"inLanguage":"es","potentialAction":[{"@type":"ReadAction","target":["https:\/\/xenonkungen.com\/produkt\/tershine-restore-polermedel\/"]}]},{"@type":"ImageObject","inLanguage":"es","@id":"https:\/\/xenonkungen.com\/produkt\/tershine-restore-polermedel\/#primaryimage","url":"https:\/\/xenonkungen.com\/wp-content\/uploads\/2026\/03\/UWG7Mj94RyaitSuP7136RHUwEyFW550XLR9H7nSL.webp","contentUrl":"https:\/\/xenonkungen.com\/wp-content\/uploads\/2026\/03\/UWG7Mj94RyaitSuP7136RHUwEyFW550XLR9H7nSL.webp","width":1024,"height":1024},{"@type":"BreadcrumbList","@id":"https:\/\/xenonkungen.com\/produkt\/tershine-restore-polermedel\/#breadcrumb","itemListElement":[{"@type":"ListItem","position":1,"name":"Hem","item":"https:\/\/xenonkungen.com\/"},{"@type":"ListItem","position":2,"name":"Shop","item":"https:\/\/xenonkungen.com\/shop\/"},{"@type":"ListItem","position":3,"name":"Tershine Restore &#8211; Polermedel"}]},{"@type":"WebSite","@id":"https:\/\/xenonkungen.com\/#website","url":"https:\/\/xenonkungen.com\/","name":"Xenonkungen","description":"","potentialAction":[{"@type":"SearchAction","target":{"@type":"EntryPoint","urlTemplate":"https:\/\/xenonkungen.com\/?s={search_term_string}"},"query-input":{"@type":"PropertyValueSpecification","valueRequired":true,"valueName":"search_term_string"}}],"inLanguage":"es"}]}},"taxonomy_info":{"product_brand":[{"value":2893,"label":"Tershine"}],"product_cat":[{"value":2617,"label":"3 | Polering"},{"value":2892,"label":"\u00c5terf\u00f6rs\u00e4ljarprodukter"},{"value":378,"label":"Bilv\u00e5rd"}]},"featured_image_src_large":["https:\/\/xenonkungen.com\/wp-content\/uploads\/2026\/03\/UWG7Mj94RyaitSuP7136RHUwEyFW550XLR9H7nSL.webp",1024,1024,false],"author_info":[],"comment_info":0,"_links":{"self":[{"href":"https:\/\/xenonkungen.com\/es\/wp-json\/wp\/v2\/product\/27983","targetHints":{"allow":["GET"]}}],"collection":[{"href":"https:\/\/xenonkungen.com\/es\/wp-json\/wp\/v2\/product"}],"about":[{"href":"https:\/\/xenonkungen.com\/es\/wp-json\/wp\/v2\/types\/product"}],"replies":[{"embeddable":true,"href":"https:\/\/xenonkungen.com\/es\/wp-json\/wp\/v2\/comments?post=27983"}],"wp:featuredmedia":[{"embeddable":true,"href":"https:\/\/xenonkungen.com\/es\/wp-json\/wp\/v2\/media\/27984"}],"wp:attachment":[{"href":"https:\/\/xenonkungen.com\/es\/wp-json\/wp\/v2\/media?parent=27983"}],"wp:term":[{"taxonomy":"anvandningsomrade","embeddable":true,"href":"https:\/\/xenonkungen.com\/es\/wp-json\/wp\/v2\/anvandningsomrade?post=27983"},{"taxonomy":"bilmarken","embeddable":true,"href":"https:\/\/xenonkungen.com\/es\/wp-json\/wp\/v2\/bilmarken?post=27983"},{"taxonomy":"product_brand","embeddable":true,"href":"https:\/\/xenonkungen.com\/es\/wp-json\/wp\/v2\/product_brand?post=27983"},{"taxonomy":"product_cat","embeddable":true,"href":"https:\/\/xenonkungen.com\/es\/wp-json\/wp\/v2\/product_cat?post=27983"},{"taxonomy":"product_tag","embeddable":true,"href":"https:\/\/xenonkungen.com\/es\/wp-json\/wp\/v2\/product_tag?post=27983"}],"curies":[{"name":"wp","href":"https:\/\/api.w.org\/{rel}","templated":true}]}}