{"id":28006,"date":"2026-03-16T16:09:08","date_gmt":"2026-03-16T15:09:08","guid":{"rendered":"https:\/\/xenonkungen.com\/?post_type=product&#038;p=28006"},"modified":"2026-05-12T14:48:31","modified_gmt":"2026-05-12T13:48:31","slug":"tershine-suede-cloth-5-pack","status":"publish","type":"product","link":"https:\/\/xenonkungen.com\/es\/producto\/tershine-suede-cloth-5-pack\/","title":{"rendered":"Paquete de 5 pa\u00f1os de gamuza Tershine"},"content":{"rendered":"<p>Pa\u00f1os de gamuza para aplicar protecci\u00f3n cer\u00e1mica a la pintura. El mismo modelo que se incluye con la compra de Magnify \u2013 Coating, pero tambi\u00e9n se pueden adquirir por separado. Se suministran en un paquete de cinco unidades. Deben utilizarse con nuestro aplicador o uno similar. Tambi\u00e9n son ideales para limpiar gafas.<\/p>","protected":false},"excerpt":{"rendered":"<p>Pa\u00f1os de gamuza para aplicar protecci\u00f3n cer\u00e1mica a la pintura. El mismo modelo que se incluye con la compra de Magnify \u2013 Coating, pero tambi\u00e9n se pueden adquirir por separado. Se suministran en un paquete de cinco unidades. Deben utilizarse con nuestro aplicador o uno similar. Tambi\u00e9n son ideales para limpiar gafas.<\/p>","protected":false},"featured_media":28007,"comment_status":"open","ping_status":"closed","template":"","meta":{"_acf_changed":false,"_smort_price_nok":"","_smort_price_dkk":"","_smort_price_eur":"","_smort_sale_price_nok":"","_smort_sale_price_dkk":"","_smort_sale_price_eur":"","smort_restorder":"","shipmondo_restorder":"","_kad_blocks_custom_css":"","_kad_blocks_head_custom_js":"","_kad_blocks_body_custom_js":"","_kad_blocks_footer_custom_js":"","smort_custom_pricelist_1":"18.56","smort_custom_pricelist_2":"18.56","smort_custom_pricelist_3":"18.56","smort_custom_pricelist_4":"23.2","smort_custom_pricelist_5":"18.56"},"anvandningsomrade":[],"bilmarken":[],"product_brand":[2893],"product_cat":[2614,2450,2892,378],"product_tag":[],"class_list":{"0":"post-28006","1":"product","2":"type-product","3":"status-publish","4":"has-post-thumbnail","6":"product_brand-tershine","7":"product_cat-lackskydd","8":"product_cat-tillbehor-bilvard","9":"product_cat-retail-produkter","10":"product_cat-bilvard","12":"first","13":"onbackorder","14":"taxable","15":"shipping-taxable","16":"purchasable","17":"product-type-simple"},"bundled_by":[],"bundle_stock_status":"onbackorder","bundle_stock_quantity":0,"bundle_virtual":false,"bundle_layout":"","bundle_add_to_cart_form_location":"","bundle_editable_in_cart":false,"bundle_sold_individually_context":"","bundle_item_grouping":"","bundle_min_size":"","bundle_max_size":"","bundle_price":[],"bundled_items":[],"bundle_sell_ids":[],"acf":[],"yoast_head":"<!-- This site is optimized with the Yoast SEO plugin v27.0 - https:\/\/yoast.com\/product\/yoast-seo-wordpress\/ -->\n<title>Tershine Suede Cloth 5-pack - Xenonkungen<\/title>\n<meta name=\"robots\" content=\"index, follow, max-snippet:-1, max-image-preview:large, max-video-preview:-1\" \/>\n<link rel=\"canonical\" href=\"https:\/\/xenonkungen.com\/es\/producto\/tershine-suede-cloth-5-pack\/\" \/>\n<meta property=\"og:locale\" content=\"es_ES\" \/>\n<meta property=\"og:type\" content=\"article\" \/>\n<meta property=\"og:title\" content=\"Tershine Suede Cloth 5-pack - Xenonkungen\" \/>\n<meta property=\"og:description\" content=\"Mocka-dukar f\u00f6r att kunna applicera keramiska lackskydd. Samma modell som ing\u00e5r vid k\u00f6p av Magnify &#8211; Coating men perfekt att kunna k\u00f6pa separat ocks\u00e5. Levereras i fem-pack. B\u00f6r anv\u00e4ndas tillsammans med v\u00e5r applikator eller motsvarande. Passar \u00e4ven perfekt att reng\u00f6ra dina glas\u00f6gon med.\" \/>\n<meta property=\"og:url\" content=\"https:\/\/xenonkungen.com\/es\/producto\/tershine-suede-cloth-5-pack\/\" \/>\n<meta property=\"og:site_name\" content=\"Xenonkungen\" \/>\n<meta property=\"article:modified_time\" content=\"2026-05-12T13:48:31+00:00\" \/>\n<meta property=\"og:image\" content=\"https:\/\/xenonkungen.com\/wp-content\/uploads\/2026\/03\/VsKisNr6amkTVR1PfAX9DptPaTkCTugfYYr7Lz1e.webp\" \/>\n\t<meta property=\"og:image:width\" content=\"1024\" \/>\n\t<meta property=\"og:image:height\" content=\"1024\" \/>\n\t<meta property=\"og:image:type\" content=\"image\/webp\" \/>\n<meta name=\"twitter:card\" content=\"summary_large_image\" \/>\n<meta name=\"twitter:label1\" content=\"Tiempo de lectura\" \/>\n\t<meta name=\"twitter:data1\" content=\"1 minuto\" \/>\n<script type=\"application\/ld+json\" class=\"yoast-schema-graph\">{\"@context\":\"https:\/\/schema.org\",\"@graph\":[{\"@type\":\"WebPage\",\"@id\":\"https:\/\/xenonkungen.com\/produkt\/tershine-suede-cloth-5-pack\/\",\"url\":\"https:\/\/xenonkungen.com\/produkt\/tershine-suede-cloth-5-pack\/\",\"name\":\"Tershine Suede Cloth 5-pack - Xenonkungen\",\"isPartOf\":{\"@id\":\"https:\/\/xenonkungen.com\/#website\"},\"primaryImageOfPage\":{\"@id\":\"https:\/\/xenonkungen.com\/produkt\/tershine-suede-cloth-5-pack\/#primaryimage\"},\"image\":{\"@id\":\"https:\/\/xenonkungen.com\/produkt\/tershine-suede-cloth-5-pack\/#primaryimage\"},\"thumbnailUrl\":\"https:\/\/xenonkungen.com\/wp-content\/uploads\/2026\/03\/VsKisNr6amkTVR1PfAX9DptPaTkCTugfYYr7Lz1e.webp\",\"datePublished\":\"2026-03-16T15:09:08+00:00\",\"dateModified\":\"2026-05-12T13:48:31+00:00\",\"breadcrumb\":{\"@id\":\"https:\/\/xenonkungen.com\/produkt\/tershine-suede-cloth-5-pack\/#breadcrumb\"},\"inLanguage\":\"es\",\"potentialAction\":[{\"@type\":\"ReadAction\",\"target\":[\"https:\/\/xenonkungen.com\/produkt\/tershine-suede-cloth-5-pack\/\"]}]},{\"@type\":\"ImageObject\",\"inLanguage\":\"es\",\"@id\":\"https:\/\/xenonkungen.com\/produkt\/tershine-suede-cloth-5-pack\/#primaryimage\",\"url\":\"https:\/\/xenonkungen.com\/wp-content\/uploads\/2026\/03\/VsKisNr6amkTVR1PfAX9DptPaTkCTugfYYr7Lz1e.webp\",\"contentUrl\":\"https:\/\/xenonkungen.com\/wp-content\/uploads\/2026\/03\/VsKisNr6amkTVR1PfAX9DptPaTkCTugfYYr7Lz1e.webp\",\"width\":1024,\"height\":1024},{\"@type\":\"BreadcrumbList\",\"@id\":\"https:\/\/xenonkungen.com\/produkt\/tershine-suede-cloth-5-pack\/#breadcrumb\",\"itemListElement\":[{\"@type\":\"ListItem\",\"position\":1,\"name\":\"Hem\",\"item\":\"https:\/\/xenonkungen.com\/\"},{\"@type\":\"ListItem\",\"position\":2,\"name\":\"Shop\",\"item\":\"https:\/\/xenonkungen.com\/shop\/\"},{\"@type\":\"ListItem\",\"position\":3,\"name\":\"Tershine Suede Cloth 5-pack\"}]},{\"@type\":\"WebSite\",\"@id\":\"https:\/\/xenonkungen.com\/#website\",\"url\":\"https:\/\/xenonkungen.com\/\",\"name\":\"Xenonkungen\",\"description\":\"\",\"potentialAction\":[{\"@type\":\"SearchAction\",\"target\":{\"@type\":\"EntryPoint\",\"urlTemplate\":\"https:\/\/xenonkungen.com\/?s={search_term_string}\"},\"query-input\":{\"@type\":\"PropertyValueSpecification\",\"valueRequired\":true,\"valueName\":\"search_term_string\"}}],\"inLanguage\":\"es\"}]}<\/script>\n<!-- \/ Yoast SEO plugin. -->","yoast_head_json":{"title":"Tershine Suede Cloth 5-pack - Xenonkungen","robots":{"index":"index","follow":"follow","max-snippet":"max-snippet:-1","max-image-preview":"max-image-preview:large","max-video-preview":"max-video-preview:-1"},"canonical":"https:\/\/xenonkungen.com\/es\/producto\/tershine-suede-cloth-5-pack\/","og_locale":"es_ES","og_type":"article","og_title":"Tershine Suede Cloth 5-pack - Xenonkungen","og_description":"Mocka-dukar f\u00f6r att kunna applicera keramiska lackskydd. Samma modell som ing\u00e5r vid k\u00f6p av Magnify &#8211; Coating men perfekt att kunna k\u00f6pa separat ocks\u00e5. Levereras i fem-pack. B\u00f6r anv\u00e4ndas tillsammans med v\u00e5r applikator eller motsvarande. Passar \u00e4ven perfekt att reng\u00f6ra dina glas\u00f6gon med.","og_url":"https:\/\/xenonkungen.com\/es\/producto\/tershine-suede-cloth-5-pack\/","og_site_name":"Xenonkungen","article_modified_time":"2026-05-12T13:48:31+00:00","og_image":[{"width":1024,"height":1024,"url":"https:\/\/xenonkungen.com\/wp-content\/uploads\/2026\/03\/VsKisNr6amkTVR1PfAX9DptPaTkCTugfYYr7Lz1e.webp","type":"image\/webp"}],"twitter_card":"summary_large_image","twitter_misc":{"Tiempo de lectura":"1 minuto"},"schema":{"@context":"https:\/\/schema.org","@graph":[{"@type":"WebPage","@id":"https:\/\/xenonkungen.com\/produkt\/tershine-suede-cloth-5-pack\/","url":"https:\/\/xenonkungen.com\/produkt\/tershine-suede-cloth-5-pack\/","name":"Tershine Suede Cloth 5-pack - Xenonkungen","isPartOf":{"@id":"https:\/\/xenonkungen.com\/#website"},"primaryImageOfPage":{"@id":"https:\/\/xenonkungen.com\/produkt\/tershine-suede-cloth-5-pack\/#primaryimage"},"image":{"@id":"https:\/\/xenonkungen.com\/produkt\/tershine-suede-cloth-5-pack\/#primaryimage"},"thumbnailUrl":"https:\/\/xenonkungen.com\/wp-content\/uploads\/2026\/03\/VsKisNr6amkTVR1PfAX9DptPaTkCTugfYYr7Lz1e.webp","datePublished":"2026-03-16T15:09:08+00:00","dateModified":"2026-05-12T13:48:31+00:00","breadcrumb":{"@id":"https:\/\/xenonkungen.com\/produkt\/tershine-suede-cloth-5-pack\/#breadcrumb"},"inLanguage":"es","potentialAction":[{"@type":"ReadAction","target":["https:\/\/xenonkungen.com\/produkt\/tershine-suede-cloth-5-pack\/"]}]},{"@type":"ImageObject","inLanguage":"es","@id":"https:\/\/xenonkungen.com\/produkt\/tershine-suede-cloth-5-pack\/#primaryimage","url":"https:\/\/xenonkungen.com\/wp-content\/uploads\/2026\/03\/VsKisNr6amkTVR1PfAX9DptPaTkCTugfYYr7Lz1e.webp","contentUrl":"https:\/\/xenonkungen.com\/wp-content\/uploads\/2026\/03\/VsKisNr6amkTVR1PfAX9DptPaTkCTugfYYr7Lz1e.webp","width":1024,"height":1024},{"@type":"BreadcrumbList","@id":"https:\/\/xenonkungen.com\/produkt\/tershine-suede-cloth-5-pack\/#breadcrumb","itemListElement":[{"@type":"ListItem","position":1,"name":"Hem","item":"https:\/\/xenonkungen.com\/"},{"@type":"ListItem","position":2,"name":"Shop","item":"https:\/\/xenonkungen.com\/shop\/"},{"@type":"ListItem","position":3,"name":"Tershine Suede Cloth 5-pack"}]},{"@type":"WebSite","@id":"https:\/\/xenonkungen.com\/#website","url":"https:\/\/xenonkungen.com\/","name":"Xenonkungen","description":"","potentialAction":[{"@type":"SearchAction","target":{"@type":"EntryPoint","urlTemplate":"https:\/\/xenonkungen.com\/?s={search_term_string}"},"query-input":{"@type":"PropertyValueSpecification","valueRequired":true,"valueName":"search_term_string"}}],"inLanguage":"es"}]}},"taxonomy_info":{"product_brand":[{"value":2893,"label":"Tershine"}],"product_cat":[{"value":2614,"label":"4 | Bilvax &amp; Lackskydd"},{"value":2450,"label":"6 | Tillbeh\u00f6r"},{"value":2892,"label":"\u00c5terf\u00f6rs\u00e4ljarprodukter"},{"value":378,"label":"Bilv\u00e5rd"}]},"featured_image_src_large":["https:\/\/xenonkungen.com\/wp-content\/uploads\/2026\/03\/VsKisNr6amkTVR1PfAX9DptPaTkCTugfYYr7Lz1e.webp",1024,1024,false],"author_info":[],"comment_info":0,"_links":{"self":[{"href":"https:\/\/xenonkungen.com\/es\/wp-json\/wp\/v2\/product\/28006","targetHints":{"allow":["GET"]}}],"collection":[{"href":"https:\/\/xenonkungen.com\/es\/wp-json\/wp\/v2\/product"}],"about":[{"href":"https:\/\/xenonkungen.com\/es\/wp-json\/wp\/v2\/types\/product"}],"replies":[{"embeddable":true,"href":"https:\/\/xenonkungen.com\/es\/wp-json\/wp\/v2\/comments?post=28006"}],"wp:featuredmedia":[{"embeddable":true,"href":"https:\/\/xenonkungen.com\/es\/wp-json\/wp\/v2\/media\/28007"}],"wp:attachment":[{"href":"https:\/\/xenonkungen.com\/es\/wp-json\/wp\/v2\/media?parent=28006"}],"wp:term":[{"taxonomy":"anvandningsomrade","embeddable":true,"href":"https:\/\/xenonkungen.com\/es\/wp-json\/wp\/v2\/anvandningsomrade?post=28006"},{"taxonomy":"bilmarken","embeddable":true,"href":"https:\/\/xenonkungen.com\/es\/wp-json\/wp\/v2\/bilmarken?post=28006"},{"taxonomy":"product_brand","embeddable":true,"href":"https:\/\/xenonkungen.com\/es\/wp-json\/wp\/v2\/product_brand?post=28006"},{"taxonomy":"product_cat","embeddable":true,"href":"https:\/\/xenonkungen.com\/es\/wp-json\/wp\/v2\/product_cat?post=28006"},{"taxonomy":"product_tag","embeddable":true,"href":"https:\/\/xenonkungen.com\/es\/wp-json\/wp\/v2\/product_tag?post=28006"}],"curies":[{"name":"wp","href":"https:\/\/api.w.org\/{rel}","templated":true}]}}