{"id":28072,"date":"2026-03-18T08:30:00","date_gmt":"2026-03-18T07:30:00","guid":{"rendered":"https:\/\/xenonkungen.com\/?post_type=product&#038;p=28072"},"modified":"2026-04-24T17:49:08","modified_gmt":"2026-04-24T16:49:08","slug":"tershine-torkduk-maxi-75x90-cm","status":"publish","type":"product","link":"https:\/\/xenonkungen.com\/es\/producto\/tershine-torkduk-maxi-75x90-cm\/","title":{"rendered":"Toalla Tershine - Maxi 75\u00d790 cm"},"content":{"rendered":"<p>Stor och krallig torkduk i mikrofiber\u00a0av mycket h\u00f6g kvalitet med enorm uppsugningsf\u00f6rm\u00e5ga.<\/p>\n<p><strong>Muy eficaz<br \/>\nEnorm uppsugningsf\u00f6rm\u00e5ga<br \/>\nSuave en la superficie<br \/>\nSe puede lavar una y otra vez.<br \/>\nPerfecto para coche, barco, autocaravana, caravana, cami\u00f3n, motocicleta<br \/>\nFunciona igual de bien para animales y otras aplicaciones.<\/strong><\/p>\n<p>Samma modell som v\u00e5ra vanliga torkdukar men sjukt mycket tjockare samt med dubbla sidor ist\u00e4llet, det h\u00e4r \u00e4r en stor duk men riktigt grym. Enorm uppsugningsf\u00f6rm\u00e5ga och \u00e4r mycket skonsam mot alla typer av ytor. Perfekt f\u00f6r er med st\u00f6rre fordon s\u00e5 som lastbil, husbil\/vagn osv. Riktigt trevlig \u00e4r den i alla fall!<\/p>\n<p><strong>GSM:<\/strong>\u00a01400<br \/>\n<strong>Tama\u00f1o:<\/strong>\u00a075&#215;90<br \/>\n<strong>Material:<\/strong>\u00a080% Poli\u00e9ster, 20% Poliamida<\/p>\n<p><strong>Instrucciones de cuidado:<\/strong>\u00a0Tv\u00e4ttas i 40 grader utan mjukmedel.\u00a0Skippa vanligt tv\u00e4ttmedel d\u00e5 det oftast har en f\u00f6rm\u00e5ga att &#8221;st\u00e4nga&#8221; fibrerna och g\u00f6r att dukarna fungerar s\u00e4mre. K\u00f6r med Refresh &#8211; Fiber Wash\u00a0(mikrofibertv\u00e4ttmedel) eller APC\/Alkaliskt (n\u00e5gon kork i maskinen) s\u00e5 brukar det fungera fin fint<\/p>","protected":false},"excerpt":{"rendered":"<p>Torkduk i mikrofiber\u00a0av mycket h\u00f6g kvalitet med enorm uppsugningsf\u00f6rm\u00e5ga.<\/p>","protected":false},"featured_media":28074,"comment_status":"open","ping_status":"closed","template":"","meta":{"_acf_changed":false,"_smort_price_nok":"","_smort_price_dkk":"","_smort_price_eur":"","_smort_sale_price_nok":"","_smort_sale_price_dkk":"","_smort_sale_price_eur":"","smort_restorder":"","shipmondo_restorder":"","_kad_blocks_custom_css":"","_kad_blocks_head_custom_js":"","_kad_blocks_body_custom_js":"","_kad_blocks_footer_custom_js":"","smort_custom_pricelist_1":"223.36","smort_custom_pricelist_2":"223.36","smort_custom_pricelist_3":"223.36","smort_custom_pricelist_4":"279.2","smort_custom_pricelist_5":"223.36"},"anvandningsomrade":[],"bilmarken":[],"product_brand":[2893],"product_cat":[2989,2450,378],"product_tag":[],"class_list":{"0":"post-28072","1":"product","2":"type-product","3":"status-publish","4":"has-post-thumbnail","6":"product_brand-tershine","7":"product_cat-avfettning","8":"product_cat-tillbehor-bilvard","9":"product_cat-bilvard","11":"first","12":"instock","13":"taxable","14":"shipping-taxable","15":"purchasable","16":"product-type-simple"},"bundled_by":[],"bundle_stock_status":"instock","bundle_stock_quantity":3,"bundle_virtual":false,"bundle_layout":"","bundle_add_to_cart_form_location":"","bundle_editable_in_cart":false,"bundle_sold_individually_context":"","bundle_item_grouping":"","bundle_min_size":"","bundle_max_size":"","bundle_price":[],"bundled_items":[],"bundle_sell_ids":[],"acf":[],"yoast_head":"<!-- This site is optimized with the Yoast SEO plugin v27.0 - https:\/\/yoast.com\/product\/yoast-seo-wordpress\/ -->\n<title>Tershine Torkduk - Maxi 75x90 cm - Xenonkungen<\/title>\n<meta name=\"robots\" content=\"index, follow, max-snippet:-1, max-image-preview:large, max-video-preview:-1\" \/>\n<link rel=\"canonical\" href=\"https:\/\/xenonkungen.com\/es\/producto\/tershine-torkduk-maxi-75x90-cm\/\" \/>\n<meta property=\"og:locale\" content=\"es_ES\" \/>\n<meta property=\"og:type\" content=\"article\" \/>\n<meta property=\"og:title\" content=\"Tershine Torkduk - Maxi 75x90 cm - Xenonkungen\" \/>\n<meta property=\"og:description\" content=\"Torkduk i mikrofiber\u00a0av mycket h\u00f6g kvalitet med enorm uppsugningsf\u00f6rm\u00e5ga.\" \/>\n<meta property=\"og:url\" content=\"https:\/\/xenonkungen.com\/es\/producto\/tershine-torkduk-maxi-75x90-cm\/\" \/>\n<meta property=\"og:site_name\" content=\"Xenonkungen\" \/>\n<meta property=\"article:modified_time\" content=\"2026-04-24T16:49:08+00:00\" \/>\n<meta property=\"og:image\" content=\"https:\/\/xenonkungen.com\/wp-content\/uploads\/2026\/03\/wcKljtRLKZ0Qob7yvuWhnOa28YDkul5C04M4V7Jd.webp\" \/>\n\t<meta property=\"og:image:width\" content=\"1024\" \/>\n\t<meta property=\"og:image:height\" content=\"1024\" \/>\n\t<meta property=\"og:image:type\" content=\"image\/webp\" \/>\n<meta name=\"twitter:card\" content=\"summary_large_image\" \/>\n<meta name=\"twitter:label1\" content=\"Tiempo de lectura\" \/>\n\t<meta name=\"twitter:data1\" content=\"1 minuto\" \/>\n<script type=\"application\/ld+json\" class=\"yoast-schema-graph\">{\"@context\":\"https:\/\/schema.org\",\"@graph\":[{\"@type\":\"WebPage\",\"@id\":\"https:\/\/xenonkungen.com\/produkt\/tershine-torkduk-maxi-75x90-cm\/\",\"url\":\"https:\/\/xenonkungen.com\/produkt\/tershine-torkduk-maxi-75x90-cm\/\",\"name\":\"Tershine Torkduk - Maxi 75x90 cm - Xenonkungen\",\"isPartOf\":{\"@id\":\"https:\/\/xenonkungen.com\/#website\"},\"primaryImageOfPage\":{\"@id\":\"https:\/\/xenonkungen.com\/produkt\/tershine-torkduk-maxi-75x90-cm\/#primaryimage\"},\"image\":{\"@id\":\"https:\/\/xenonkungen.com\/produkt\/tershine-torkduk-maxi-75x90-cm\/#primaryimage\"},\"thumbnailUrl\":\"https:\/\/xenonkungen.com\/wp-content\/uploads\/2026\/03\/wcKljtRLKZ0Qob7yvuWhnOa28YDkul5C04M4V7Jd.webp\",\"datePublished\":\"2026-03-18T07:30:00+00:00\",\"dateModified\":\"2026-04-24T16:49:08+00:00\",\"breadcrumb\":{\"@id\":\"https:\/\/xenonkungen.com\/produkt\/tershine-torkduk-maxi-75x90-cm\/#breadcrumb\"},\"inLanguage\":\"es\",\"potentialAction\":[{\"@type\":\"ReadAction\",\"target\":[\"https:\/\/xenonkungen.com\/produkt\/tershine-torkduk-maxi-75x90-cm\/\"]}]},{\"@type\":\"ImageObject\",\"inLanguage\":\"es\",\"@id\":\"https:\/\/xenonkungen.com\/produkt\/tershine-torkduk-maxi-75x90-cm\/#primaryimage\",\"url\":\"https:\/\/xenonkungen.com\/wp-content\/uploads\/2026\/03\/wcKljtRLKZ0Qob7yvuWhnOa28YDkul5C04M4V7Jd.webp\",\"contentUrl\":\"https:\/\/xenonkungen.com\/wp-content\/uploads\/2026\/03\/wcKljtRLKZ0Qob7yvuWhnOa28YDkul5C04M4V7Jd.webp\",\"width\":1024,\"height\":1024},{\"@type\":\"BreadcrumbList\",\"@id\":\"https:\/\/xenonkungen.com\/produkt\/tershine-torkduk-maxi-75x90-cm\/#breadcrumb\",\"itemListElement\":[{\"@type\":\"ListItem\",\"position\":1,\"name\":\"Hem\",\"item\":\"https:\/\/xenonkungen.com\/\"},{\"@type\":\"ListItem\",\"position\":2,\"name\":\"Shop\",\"item\":\"https:\/\/xenonkungen.com\/shop\/\"},{\"@type\":\"ListItem\",\"position\":3,\"name\":\"Tershine Torkduk &#8211; Maxi 75&#215;90 cm\"}]},{\"@type\":\"WebSite\",\"@id\":\"https:\/\/xenonkungen.com\/#website\",\"url\":\"https:\/\/xenonkungen.com\/\",\"name\":\"Xenonkungen\",\"description\":\"\",\"potentialAction\":[{\"@type\":\"SearchAction\",\"target\":{\"@type\":\"EntryPoint\",\"urlTemplate\":\"https:\/\/xenonkungen.com\/?s={search_term_string}\"},\"query-input\":{\"@type\":\"PropertyValueSpecification\",\"valueRequired\":true,\"valueName\":\"search_term_string\"}}],\"inLanguage\":\"es\"}]}<\/script>\n<!-- \/ Yoast SEO plugin. -->","yoast_head_json":{"title":"Tershine Torkduk - Maxi 75x90 cm - Xenonkungen","robots":{"index":"index","follow":"follow","max-snippet":"max-snippet:-1","max-image-preview":"max-image-preview:large","max-video-preview":"max-video-preview:-1"},"canonical":"https:\/\/xenonkungen.com\/es\/producto\/tershine-torkduk-maxi-75x90-cm\/","og_locale":"es_ES","og_type":"article","og_title":"Tershine Torkduk - Maxi 75x90 cm - Xenonkungen","og_description":"Torkduk i mikrofiber\u00a0av mycket h\u00f6g kvalitet med enorm uppsugningsf\u00f6rm\u00e5ga.","og_url":"https:\/\/xenonkungen.com\/es\/producto\/tershine-torkduk-maxi-75x90-cm\/","og_site_name":"Xenonkungen","article_modified_time":"2026-04-24T16:49:08+00:00","og_image":[{"width":1024,"height":1024,"url":"https:\/\/xenonkungen.com\/wp-content\/uploads\/2026\/03\/wcKljtRLKZ0Qob7yvuWhnOa28YDkul5C04M4V7Jd.webp","type":"image\/webp"}],"twitter_card":"summary_large_image","twitter_misc":{"Tiempo de lectura":"1 minuto"},"schema":{"@context":"https:\/\/schema.org","@graph":[{"@type":"WebPage","@id":"https:\/\/xenonkungen.com\/produkt\/tershine-torkduk-maxi-75x90-cm\/","url":"https:\/\/xenonkungen.com\/produkt\/tershine-torkduk-maxi-75x90-cm\/","name":"Tershine Torkduk - Maxi 75x90 cm - Xenonkungen","isPartOf":{"@id":"https:\/\/xenonkungen.com\/#website"},"primaryImageOfPage":{"@id":"https:\/\/xenonkungen.com\/produkt\/tershine-torkduk-maxi-75x90-cm\/#primaryimage"},"image":{"@id":"https:\/\/xenonkungen.com\/produkt\/tershine-torkduk-maxi-75x90-cm\/#primaryimage"},"thumbnailUrl":"https:\/\/xenonkungen.com\/wp-content\/uploads\/2026\/03\/wcKljtRLKZ0Qob7yvuWhnOa28YDkul5C04M4V7Jd.webp","datePublished":"2026-03-18T07:30:00+00:00","dateModified":"2026-04-24T16:49:08+00:00","breadcrumb":{"@id":"https:\/\/xenonkungen.com\/produkt\/tershine-torkduk-maxi-75x90-cm\/#breadcrumb"},"inLanguage":"es","potentialAction":[{"@type":"ReadAction","target":["https:\/\/xenonkungen.com\/produkt\/tershine-torkduk-maxi-75x90-cm\/"]}]},{"@type":"ImageObject","inLanguage":"es","@id":"https:\/\/xenonkungen.com\/produkt\/tershine-torkduk-maxi-75x90-cm\/#primaryimage","url":"https:\/\/xenonkungen.com\/wp-content\/uploads\/2026\/03\/wcKljtRLKZ0Qob7yvuWhnOa28YDkul5C04M4V7Jd.webp","contentUrl":"https:\/\/xenonkungen.com\/wp-content\/uploads\/2026\/03\/wcKljtRLKZ0Qob7yvuWhnOa28YDkul5C04M4V7Jd.webp","width":1024,"height":1024},{"@type":"BreadcrumbList","@id":"https:\/\/xenonkungen.com\/produkt\/tershine-torkduk-maxi-75x90-cm\/#breadcrumb","itemListElement":[{"@type":"ListItem","position":1,"name":"Hem","item":"https:\/\/xenonkungen.com\/"},{"@type":"ListItem","position":2,"name":"Shop","item":"https:\/\/xenonkungen.com\/shop\/"},{"@type":"ListItem","position":3,"name":"Tershine Torkduk &#8211; Maxi 75&#215;90 cm"}]},{"@type":"WebSite","@id":"https:\/\/xenonkungen.com\/#website","url":"https:\/\/xenonkungen.com\/","name":"Xenonkungen","description":"","potentialAction":[{"@type":"SearchAction","target":{"@type":"EntryPoint","urlTemplate":"https:\/\/xenonkungen.com\/?s={search_term_string}"},"query-input":{"@type":"PropertyValueSpecification","valueRequired":true,"valueName":"search_term_string"}}],"inLanguage":"es"}]}},"taxonomy_info":{"product_brand":[{"value":2893,"label":"Tershine"}],"product_cat":[{"value":2989,"label":"2 | Avfettning"},{"value":2450,"label":"6 | Tillbeh\u00f6r"},{"value":378,"label":"Bilv\u00e5rd"}]},"featured_image_src_large":["https:\/\/xenonkungen.com\/wp-content\/uploads\/2026\/03\/wcKljtRLKZ0Qob7yvuWhnOa28YDkul5C04M4V7Jd.webp",1024,1024,false],"author_info":[],"comment_info":0,"_links":{"self":[{"href":"https:\/\/xenonkungen.com\/es\/wp-json\/wp\/v2\/product\/28072","targetHints":{"allow":["GET"]}}],"collection":[{"href":"https:\/\/xenonkungen.com\/es\/wp-json\/wp\/v2\/product"}],"about":[{"href":"https:\/\/xenonkungen.com\/es\/wp-json\/wp\/v2\/types\/product"}],"replies":[{"embeddable":true,"href":"https:\/\/xenonkungen.com\/es\/wp-json\/wp\/v2\/comments?post=28072"}],"wp:featuredmedia":[{"embeddable":true,"href":"https:\/\/xenonkungen.com\/es\/wp-json\/wp\/v2\/media\/28074"}],"wp:attachment":[{"href":"https:\/\/xenonkungen.com\/es\/wp-json\/wp\/v2\/media?parent=28072"}],"wp:term":[{"taxonomy":"anvandningsomrade","embeddable":true,"href":"https:\/\/xenonkungen.com\/es\/wp-json\/wp\/v2\/anvandningsomrade?post=28072"},{"taxonomy":"bilmarken","embeddable":true,"href":"https:\/\/xenonkungen.com\/es\/wp-json\/wp\/v2\/bilmarken?post=28072"},{"taxonomy":"product_brand","embeddable":true,"href":"https:\/\/xenonkungen.com\/es\/wp-json\/wp\/v2\/product_brand?post=28072"},{"taxonomy":"product_cat","embeddable":true,"href":"https:\/\/xenonkungen.com\/es\/wp-json\/wp\/v2\/product_cat?post=28072"},{"taxonomy":"product_tag","embeddable":true,"href":"https:\/\/xenonkungen.com\/es\/wp-json\/wp\/v2\/product_tag?post=28072"}],"curies":[{"name":"wp","href":"https:\/\/api.w.org\/{rel}","templated":true}]}}