{"id":28116,"date":"2026-03-18T09:29:14","date_gmt":"2026-03-18T08:29:14","guid":{"rendered":"https:\/\/xenonkungen.com\/?post_type=product&#038;p=28116"},"modified":"2026-05-12T14:35:45","modified_gmt":"2026-05-12T13:35:45","slug":"cepillos-tershine-para-destornilladores-duros","status":"publish","type":"product","link":"https:\/\/xenonkungen.com\/es\/producto\/cepillos-tershine-para-destornilladores-duros\/","title":{"rendered":"Cepillos Tershine para destornilladores \u2013 Duros"},"content":{"rendered":"<p>Cepillos de nailon para tu destornillador para una limpieza r\u00e1pida y sencilla, perfectos para:<\/p>\n<p><strong>El coche, la autocaravana, la caravana<br \/>\nEl ba\u00f1o<br \/>\nEl barco<br \/>\nLa cubierta<br \/>\nLa cocina<br \/>\nEl garaje<\/strong><\/p>\n<p>Paquete de 6 cepillos de nailon que se montan directamente en el taladro o destornillador. Perfectos para limpiar asientos y alfombras, o \u00bfpor qu\u00e9 no su barco o patio? Incluye una extensi\u00f3n de broca de 15 cm que permite acceder a espacios de dif\u00edcil acceso.<\/p>\n<p>Estos cepillos son un poco m\u00e1s resistentes y est\u00e1n dise\u00f1ados para usarse como \u00faltimo recurso cuando los cepillos multiusos no son suficientes. Por lo tanto, no se recomiendan para tapicer\u00edas m\u00e1s delicadas como el cuero, etc.<\/p>\n<p>Excelente combinaci\u00f3n con nuestro APC para el interior del coche y en casa, o con Extract (desengrasante alcalino) para la suciedad incrustada en el patio\/fachada\/barco, etc.<\/p>\n<p>El paquete incluye:<\/p>\n<ul>\n<li>1 pincel grande &quot;plano&quot;, de 12 cm de di\u00e1metro.<\/li>\n<li>1 pincel plano mediano, de 10 cm de di\u00e1metro.<\/li>\n<li>1 cepillo peque\u00f1o &quot;plano&quot; con cerdas m\u00e1s largas, de 5 cm de di\u00e1metro.<\/li>\n<li>1 cepillo peque\u00f1o &quot;plano&quot; con cerdas m\u00e1s cortas, de 5 cm de di\u00e1metro.<\/li>\n<li>1 pincel grande &quot;redondo&quot;, de 8,5 cm de di\u00e1metro.<\/li>\n<li>1 pincel peque\u00f1o &quot;redondo&quot;, de 6,5 cm de di\u00e1metro.<\/li>\n<li>Extensor de 1 broca, 15 cm de largo<\/li>\n<\/ul>\n<p>Se entrega en una elegante caja de cart\u00f3n.<\/p>\n<h3>\u00bfCu\u00e1ndo y d\u00f3nde se utilizan los pinceles?<\/h3>\n<p>Los cepillos destornillador se pueden usar en diversas situaciones y sobre diversas superficies. Son perfectos para limpiar y fregar:<\/p>\n<ul>\n<li>Azulejos y suelos de ba\u00f1o<\/li>\n<li>Asientos y alfombras para autom\u00f3viles<\/li>\n<li>Alfombras de tela y textiles<\/li>\n<li>Pisos y escaleras<\/li>\n<li>Llantas y otras superficies met\u00e1licas<\/li>\n<\/ul>\n<p>Estos cepillos son especialmente \u00fatiles para limpiar y fregar superficies de dif\u00edcil acceso con m\u00e9todos tradicionales, como juntas y espacios reducidos. Con un destornillador y el cepillo adecuado, podr\u00e1 eliminar f\u00e1cilmente la suciedad y las manchas incrustadas, logrando una limpieza m\u00e1s r\u00e1pida y eficaz.<\/p>","protected":false},"excerpt":{"rendered":"<p>Cepillos de nailon que se montan en destornilladores\/taladros para una limpieza r\u00e1pida y sencilla.<\/p>","protected":false},"featured_media":28117,"comment_status":"open","ping_status":"closed","template":"","meta":{"_acf_changed":false,"_smort_price_nok":"","_smort_price_dkk":"","_smort_price_eur":"","_smort_sale_price_nok":"","_smort_sale_price_dkk":"","_smort_sale_price_eur":"","smort_restorder":"","shipmondo_restorder":"","_kad_blocks_custom_css":"","_kad_blocks_head_custom_js":"","_kad_blocks_body_custom_js":"","_kad_blocks_footer_custom_js":"","smort_custom_pricelist_1":"191.36","smort_custom_pricelist_2":"191.36","smort_custom_pricelist_3":"191.36","smort_custom_pricelist_4":"239.2","smort_custom_pricelist_5":"191.36"},"anvandningsomrade":[],"bilmarken":[],"product_brand":[2893],"product_cat":[2450,378],"product_tag":[],"class_list":{"0":"post-28116","1":"product","2":"type-product","3":"status-publish","4":"has-post-thumbnail","6":"product_brand-tershine","7":"product_cat-tillbehor-bilvard","8":"product_cat-bilvard","10":"first","11":"onbackorder","12":"taxable","13":"shipping-taxable","14":"purchasable","15":"product-type-simple"},"bundled_by":[],"bundle_stock_status":"onbackorder","bundle_stock_quantity":0,"bundle_virtual":false,"bundle_layout":"","bundle_add_to_cart_form_location":"","bundle_editable_in_cart":false,"bundle_sold_individually_context":"","bundle_item_grouping":"","bundle_min_size":"","bundle_max_size":"","bundle_price":[],"bundled_items":[],"bundle_sell_ids":[],"acf":[],"yoast_head":"<!-- This site is optimized with the Yoast SEO plugin v27.0 - https:\/\/yoast.com\/product\/yoast-seo-wordpress\/ -->\n<title>Tershine Borstar till skruvdragare - H\u00e5rd - Xenonkungen<\/title>\n<meta name=\"robots\" content=\"index, follow, max-snippet:-1, max-image-preview:large, max-video-preview:-1\" \/>\n<link rel=\"canonical\" href=\"https:\/\/xenonkungen.com\/es\/producto\/cepillos-tershine-para-destornilladores-duros\/\" \/>\n<meta property=\"og:locale\" content=\"es_ES\" \/>\n<meta property=\"og:type\" content=\"article\" \/>\n<meta property=\"og:title\" content=\"Tershine Borstar till skruvdragare - H\u00e5rd - Xenonkungen\" \/>\n<meta property=\"og:description\" content=\"Nylonborstar som monteras p\u00e5 skruvdragare\/borrmaskin f\u00f6r snabb och enkelt reng\u00f6ring.\" \/>\n<meta property=\"og:url\" content=\"https:\/\/xenonkungen.com\/es\/producto\/cepillos-tershine-para-destornilladores-duros\/\" \/>\n<meta property=\"og:site_name\" content=\"Xenonkungen\" \/>\n<meta property=\"article:modified_time\" content=\"2026-05-12T13:35:45+00:00\" \/>\n<meta property=\"og:image\" content=\"https:\/\/xenonkungen.com\/wp-content\/uploads\/2026\/03\/CXHnHLScgDE04bZsMLkvzVe7qo3JuSOR0yUlGnhn.webp\" \/>\n\t<meta property=\"og:image:width\" content=\"1024\" \/>\n\t<meta property=\"og:image:height\" content=\"1024\" \/>\n\t<meta property=\"og:image:type\" content=\"image\/webp\" \/>\n<meta name=\"twitter:card\" content=\"summary_large_image\" \/>\n<meta name=\"twitter:label1\" content=\"Tiempo de lectura\" \/>\n\t<meta name=\"twitter:data1\" content=\"2 minutos\" \/>\n<script type=\"application\/ld+json\" class=\"yoast-schema-graph\">{\"@context\":\"https:\/\/schema.org\",\"@graph\":[{\"@type\":\"WebPage\",\"@id\":\"https:\/\/xenonkungen.com\/produkt\/tershine-borstar-till-skruvdragare-hard\/\",\"url\":\"https:\/\/xenonkungen.com\/produkt\/tershine-borstar-till-skruvdragare-hard\/\",\"name\":\"Tershine Borstar till skruvdragare - H\u00e5rd - Xenonkungen\",\"isPartOf\":{\"@id\":\"https:\/\/xenonkungen.com\/#website\"},\"primaryImageOfPage\":{\"@id\":\"https:\/\/xenonkungen.com\/produkt\/tershine-borstar-till-skruvdragare-hard\/#primaryimage\"},\"image\":{\"@id\":\"https:\/\/xenonkungen.com\/produkt\/tershine-borstar-till-skruvdragare-hard\/#primaryimage\"},\"thumbnailUrl\":\"https:\/\/xenonkungen.com\/wp-content\/uploads\/2026\/03\/CXHnHLScgDE04bZsMLkvzVe7qo3JuSOR0yUlGnhn.webp\",\"datePublished\":\"2026-03-18T08:29:14+00:00\",\"dateModified\":\"2026-05-12T13:35:45+00:00\",\"breadcrumb\":{\"@id\":\"https:\/\/xenonkungen.com\/produkt\/tershine-borstar-till-skruvdragare-hard\/#breadcrumb\"},\"inLanguage\":\"es\",\"potentialAction\":[{\"@type\":\"ReadAction\",\"target\":[\"https:\/\/xenonkungen.com\/produkt\/tershine-borstar-till-skruvdragare-hard\/\"]}]},{\"@type\":\"ImageObject\",\"inLanguage\":\"es\",\"@id\":\"https:\/\/xenonkungen.com\/produkt\/tershine-borstar-till-skruvdragare-hard\/#primaryimage\",\"url\":\"https:\/\/xenonkungen.com\/wp-content\/uploads\/2026\/03\/CXHnHLScgDE04bZsMLkvzVe7qo3JuSOR0yUlGnhn.webp\",\"contentUrl\":\"https:\/\/xenonkungen.com\/wp-content\/uploads\/2026\/03\/CXHnHLScgDE04bZsMLkvzVe7qo3JuSOR0yUlGnhn.webp\",\"width\":1024,\"height\":1024},{\"@type\":\"BreadcrumbList\",\"@id\":\"https:\/\/xenonkungen.com\/produkt\/tershine-borstar-till-skruvdragare-hard\/#breadcrumb\",\"itemListElement\":[{\"@type\":\"ListItem\",\"position\":1,\"name\":\"Hem\",\"item\":\"https:\/\/xenonkungen.com\/\"},{\"@type\":\"ListItem\",\"position\":2,\"name\":\"Shop\",\"item\":\"https:\/\/xenonkungen.com\/shop\/\"},{\"@type\":\"ListItem\",\"position\":3,\"name\":\"Tershine Borstar till skruvdragare &#8211; H\u00e5rd\"}]},{\"@type\":\"WebSite\",\"@id\":\"https:\/\/xenonkungen.com\/#website\",\"url\":\"https:\/\/xenonkungen.com\/\",\"name\":\"Xenonkungen\",\"description\":\"\",\"potentialAction\":[{\"@type\":\"SearchAction\",\"target\":{\"@type\":\"EntryPoint\",\"urlTemplate\":\"https:\/\/xenonkungen.com\/?s={search_term_string}\"},\"query-input\":{\"@type\":\"PropertyValueSpecification\",\"valueRequired\":true,\"valueName\":\"search_term_string\"}}],\"inLanguage\":\"es\"}]}<\/script>\n<!-- \/ Yoast SEO plugin. -->","yoast_head_json":{"title":"Cepillos Tershine para destornilladores - Duros - Xenonkungen","robots":{"index":"index","follow":"follow","max-snippet":"max-snippet:-1","max-image-preview":"max-image-preview:large","max-video-preview":"max-video-preview:-1"},"canonical":"https:\/\/xenonkungen.com\/es\/producto\/cepillos-tershine-para-destornilladores-duros\/","og_locale":"es_ES","og_type":"article","og_title":"Tershine Borstar till skruvdragare - H\u00e5rd - Xenonkungen","og_description":"Nylonborstar som monteras p\u00e5 skruvdragare\/borrmaskin f\u00f6r snabb och enkelt reng\u00f6ring.","og_url":"https:\/\/xenonkungen.com\/es\/producto\/cepillos-tershine-para-destornilladores-duros\/","og_site_name":"Xenonkungen","article_modified_time":"2026-05-12T13:35:45+00:00","og_image":[{"width":1024,"height":1024,"url":"https:\/\/xenonkungen.com\/wp-content\/uploads\/2026\/03\/CXHnHLScgDE04bZsMLkvzVe7qo3JuSOR0yUlGnhn.webp","type":"image\/webp"}],"twitter_card":"summary_large_image","twitter_misc":{"Tiempo de lectura":"2 minutos"},"schema":{"@context":"https:\/\/schema.org","@graph":[{"@type":"WebPage","@id":"https:\/\/xenonkungen.com\/produkt\/tershine-borstar-till-skruvdragare-hard\/","url":"https:\/\/xenonkungen.com\/produkt\/tershine-borstar-till-skruvdragare-hard\/","name":"Cepillos Tershine para destornilladores - Duros - Xenonkungen","isPartOf":{"@id":"https:\/\/xenonkungen.com\/#website"},"primaryImageOfPage":{"@id":"https:\/\/xenonkungen.com\/produkt\/tershine-borstar-till-skruvdragare-hard\/#primaryimage"},"image":{"@id":"https:\/\/xenonkungen.com\/produkt\/tershine-borstar-till-skruvdragare-hard\/#primaryimage"},"thumbnailUrl":"https:\/\/xenonkungen.com\/wp-content\/uploads\/2026\/03\/CXHnHLScgDE04bZsMLkvzVe7qo3JuSOR0yUlGnhn.webp","datePublished":"2026-03-18T08:29:14+00:00","dateModified":"2026-05-12T13:35:45+00:00","breadcrumb":{"@id":"https:\/\/xenonkungen.com\/produkt\/tershine-borstar-till-skruvdragare-hard\/#breadcrumb"},"inLanguage":"es","potentialAction":[{"@type":"ReadAction","target":["https:\/\/xenonkungen.com\/produkt\/tershine-borstar-till-skruvdragare-hard\/"]}]},{"@type":"ImageObject","inLanguage":"es","@id":"https:\/\/xenonkungen.com\/produkt\/tershine-borstar-till-skruvdragare-hard\/#primaryimage","url":"https:\/\/xenonkungen.com\/wp-content\/uploads\/2026\/03\/CXHnHLScgDE04bZsMLkvzVe7qo3JuSOR0yUlGnhn.webp","contentUrl":"https:\/\/xenonkungen.com\/wp-content\/uploads\/2026\/03\/CXHnHLScgDE04bZsMLkvzVe7qo3JuSOR0yUlGnhn.webp","width":1024,"height":1024},{"@type":"BreadcrumbList","@id":"https:\/\/xenonkungen.com\/produkt\/tershine-borstar-till-skruvdragare-hard\/#breadcrumb","itemListElement":[{"@type":"ListItem","position":1,"name":"Hem","item":"https:\/\/xenonkungen.com\/"},{"@type":"ListItem","position":2,"name":"Shop","item":"https:\/\/xenonkungen.com\/shop\/"},{"@type":"ListItem","position":3,"name":"Tershine Borstar till skruvdragare &#8211; H\u00e5rd"}]},{"@type":"WebSite","@id":"https:\/\/xenonkungen.com\/#website","url":"https:\/\/xenonkungen.com\/","name":"Xenonkungen","description":"","potentialAction":[{"@type":"SearchAction","target":{"@type":"EntryPoint","urlTemplate":"https:\/\/xenonkungen.com\/?s={search_term_string}"},"query-input":{"@type":"PropertyValueSpecification","valueRequired":true,"valueName":"search_term_string"}}],"inLanguage":"es"}]}},"taxonomy_info":{"product_brand":[{"value":2893,"label":"Tershine"}],"product_cat":[{"value":2450,"label":"6 | Tillbeh\u00f6r"},{"value":378,"label":"Bilv\u00e5rd"}]},"featured_image_src_large":["https:\/\/xenonkungen.com\/wp-content\/uploads\/2026\/03\/CXHnHLScgDE04bZsMLkvzVe7qo3JuSOR0yUlGnhn.webp",1024,1024,false],"author_info":[],"comment_info":0,"_links":{"self":[{"href":"https:\/\/xenonkungen.com\/es\/wp-json\/wp\/v2\/product\/28116","targetHints":{"allow":["GET"]}}],"collection":[{"href":"https:\/\/xenonkungen.com\/es\/wp-json\/wp\/v2\/product"}],"about":[{"href":"https:\/\/xenonkungen.com\/es\/wp-json\/wp\/v2\/types\/product"}],"replies":[{"embeddable":true,"href":"https:\/\/xenonkungen.com\/es\/wp-json\/wp\/v2\/comments?post=28116"}],"wp:featuredmedia":[{"embeddable":true,"href":"https:\/\/xenonkungen.com\/es\/wp-json\/wp\/v2\/media\/28117"}],"wp:attachment":[{"href":"https:\/\/xenonkungen.com\/es\/wp-json\/wp\/v2\/media?parent=28116"}],"wp:term":[{"taxonomy":"anvandningsomrade","embeddable":true,"href":"https:\/\/xenonkungen.com\/es\/wp-json\/wp\/v2\/anvandningsomrade?post=28116"},{"taxonomy":"bilmarken","embeddable":true,"href":"https:\/\/xenonkungen.com\/es\/wp-json\/wp\/v2\/bilmarken?post=28116"},{"taxonomy":"product_brand","embeddable":true,"href":"https:\/\/xenonkungen.com\/es\/wp-json\/wp\/v2\/product_brand?post=28116"},{"taxonomy":"product_cat","embeddable":true,"href":"https:\/\/xenonkungen.com\/es\/wp-json\/wp\/v2\/product_cat?post=28116"},{"taxonomy":"product_tag","embeddable":true,"href":"https:\/\/xenonkungen.com\/es\/wp-json\/wp\/v2\/product_tag?post=28116"}],"curies":[{"name":"wp","href":"https:\/\/api.w.org\/{rel}","templated":true}]}}