{"id":28180,"date":"2026-03-18T10:51:57","date_gmt":"2026-03-18T09:51:57","guid":{"rendered":"https:\/\/xenonkungen.com\/?post_type=product&#038;p=28180"},"modified":"2026-05-12T14:34:50","modified_gmt":"2026-05-12T13:34:50","slug":"tershine-tryckspruta-alkalisk","status":"publish","type":"product","link":"https:\/\/xenonkungen.com\/es\/producto\/tershine-tryckspruta-alkalisk\/","title":{"rendered":"Pulverizador a presi\u00f3n Tershine \u2013 Alcalino"},"content":{"rendered":"<p>Riktigt\u00a0trevlig och h\u00f6gkvalitativ tryckspruta som underl\u00e4ttar tv\u00e4tten enormt. 1,5 l -beh\u00e5llare f\u00f6r alkalisk avfettning (Extract) samt en avlastningsventil f\u00f6r att enkelt kunna sl\u00e4ppa p\u00e5 trycket n\u00e4r man \u00e4r f\u00e4rdig. tershine -loggan, det st\u00e5r \u00e4ven stort p\u00e5 flaskan vad dom \u00e4r t\u00e4nkta till f\u00f6r typ av kem. Tv\u00e5 modeller, s\u00e5 se till att v\u00e4lja den modellen som passar er (eller ta b\u00e5da):<\/p>\n<p>Alkalisk f\u00f6r pH-v\u00e4rden mellan 7-14, dvs v\u00e5r Extract &#8211; Alkalisk avfettning.<\/p>\n<p><em>No olvides lubricar peri\u00f3dicamente las juntas t\u00f3ricas del pulverizador con el aceite suministrado. Es importante no olvidar la que se encuentra en la parte superior del tubo dentro del pulverizador. Simplemente desenrosca el tubo y lubr\u00edcala. Esto solucionar\u00e1 el 99,991% de los casos en los que tu pulverizador haya perdido presi\u00f3n o no funcione correctamente.\u00a0<\/em><\/p>","protected":false},"excerpt":{"rendered":"<p>Tryckspruta som underl\u00e4ttar tv\u00e4tten enormt. 1,5 l -beh\u00e5llare f\u00f6r alkalisk avfettning samt en avlastningsventil f\u00f6r att enkelt kunna sl\u00e4ppa p\u00e5 trycket n\u00e4r man \u00e4r f\u00e4rdig.<\/p>","protected":false},"featured_media":28183,"comment_status":"open","ping_status":"closed","template":"","meta":{"_acf_changed":false,"_smort_price_nok":"","_smort_price_dkk":"","_smort_price_eur":"","_smort_sale_price_nok":"","_smort_sale_price_dkk":"","_smort_sale_price_eur":"","smort_restorder":"","shipmondo_restorder":"","_kad_blocks_custom_css":"","_kad_blocks_head_custom_js":"","_kad_blocks_body_custom_js":"","_kad_blocks_footer_custom_js":"","smort_custom_pricelist_1":"191.36","smort_custom_pricelist_2":"191.36","smort_custom_pricelist_3":"191.36","smort_custom_pricelist_4":"239.2","smort_custom_pricelist_5":"191.36"},"anvandningsomrade":[],"bilmarken":[],"product_brand":[2893],"product_cat":[2989,378],"product_tag":[],"class_list":{"0":"post-28180","1":"product","2":"type-product","3":"status-publish","4":"has-post-thumbnail","6":"product_brand-tershine","7":"product_cat-avfettning","8":"product_cat-bilvard","10":"first","11":"onbackorder","12":"taxable","13":"shipping-taxable","14":"purchasable","15":"product-type-simple"},"bundled_by":[],"bundle_stock_status":"onbackorder","bundle_stock_quantity":0,"bundle_virtual":false,"bundle_layout":"","bundle_add_to_cart_form_location":"","bundle_editable_in_cart":false,"bundle_sold_individually_context":"","bundle_item_grouping":"","bundle_min_size":"","bundle_max_size":"","bundle_price":[],"bundled_items":[],"bundle_sell_ids":[],"acf":[],"yoast_head":"<!-- This site is optimized with the Yoast SEO plugin v27.0 - https:\/\/yoast.com\/product\/yoast-seo-wordpress\/ -->\n<title>Tershine Tryckspruta - Alkalisk - Xenonkungen<\/title>\n<meta name=\"robots\" content=\"index, follow, max-snippet:-1, max-image-preview:large, max-video-preview:-1\" \/>\n<link rel=\"canonical\" href=\"https:\/\/xenonkungen.com\/es\/producto\/tershine-tryckspruta-alkalisk\/\" \/>\n<meta property=\"og:locale\" content=\"es_ES\" \/>\n<meta property=\"og:type\" content=\"article\" \/>\n<meta property=\"og:title\" content=\"Tershine Tryckspruta - Alkalisk - Xenonkungen\" \/>\n<meta property=\"og:description\" content=\"Tryckspruta som underl\u00e4ttar tv\u00e4tten enormt. 1,5 l -beh\u00e5llare f\u00f6r alkalisk avfettning samt en avlastningsventil f\u00f6r att enkelt kunna sl\u00e4ppa p\u00e5 trycket n\u00e4r man \u00e4r f\u00e4rdig.\" \/>\n<meta property=\"og:url\" content=\"https:\/\/xenonkungen.com\/es\/producto\/tershine-tryckspruta-alkalisk\/\" \/>\n<meta property=\"og:site_name\" content=\"Xenonkungen\" \/>\n<meta property=\"article:modified_time\" content=\"2026-05-12T13:34:50+00:00\" \/>\n<meta property=\"og:image\" content=\"https:\/\/xenonkungen.com\/wp-content\/uploads\/2026\/03\/NxmGzraRBaGVIjCzPGpFCRYo2YJTVWRIiZuyWHWY.webp\" \/>\n\t<meta property=\"og:image:width\" content=\"1024\" \/>\n\t<meta property=\"og:image:height\" content=\"1024\" \/>\n\t<meta property=\"og:image:type\" content=\"image\/webp\" \/>\n<meta name=\"twitter:card\" content=\"summary_large_image\" \/>\n<meta name=\"twitter:label1\" content=\"Tiempo de lectura\" \/>\n\t<meta name=\"twitter:data1\" content=\"1 minuto\" \/>\n<script type=\"application\/ld+json\" class=\"yoast-schema-graph\">{\"@context\":\"https:\/\/schema.org\",\"@graph\":[{\"@type\":\"WebPage\",\"@id\":\"https:\/\/xenonkungen.com\/produkt\/tershine-tryckspruta-alkalisk\/\",\"url\":\"https:\/\/xenonkungen.com\/produkt\/tershine-tryckspruta-alkalisk\/\",\"name\":\"Tershine Tryckspruta - Alkalisk - Xenonkungen\",\"isPartOf\":{\"@id\":\"https:\/\/xenonkungen.com\/#website\"},\"primaryImageOfPage\":{\"@id\":\"https:\/\/xenonkungen.com\/produkt\/tershine-tryckspruta-alkalisk\/#primaryimage\"},\"image\":{\"@id\":\"https:\/\/xenonkungen.com\/produkt\/tershine-tryckspruta-alkalisk\/#primaryimage\"},\"thumbnailUrl\":\"https:\/\/xenonkungen.com\/wp-content\/uploads\/2026\/03\/NxmGzraRBaGVIjCzPGpFCRYo2YJTVWRIiZuyWHWY.webp\",\"datePublished\":\"2026-03-18T09:51:57+00:00\",\"dateModified\":\"2026-05-12T13:34:50+00:00\",\"breadcrumb\":{\"@id\":\"https:\/\/xenonkungen.com\/produkt\/tershine-tryckspruta-alkalisk\/#breadcrumb\"},\"inLanguage\":\"es\",\"potentialAction\":[{\"@type\":\"ReadAction\",\"target\":[\"https:\/\/xenonkungen.com\/produkt\/tershine-tryckspruta-alkalisk\/\"]}]},{\"@type\":\"ImageObject\",\"inLanguage\":\"es\",\"@id\":\"https:\/\/xenonkungen.com\/produkt\/tershine-tryckspruta-alkalisk\/#primaryimage\",\"url\":\"https:\/\/xenonkungen.com\/wp-content\/uploads\/2026\/03\/NxmGzraRBaGVIjCzPGpFCRYo2YJTVWRIiZuyWHWY.webp\",\"contentUrl\":\"https:\/\/xenonkungen.com\/wp-content\/uploads\/2026\/03\/NxmGzraRBaGVIjCzPGpFCRYo2YJTVWRIiZuyWHWY.webp\",\"width\":1024,\"height\":1024},{\"@type\":\"BreadcrumbList\",\"@id\":\"https:\/\/xenonkungen.com\/produkt\/tershine-tryckspruta-alkalisk\/#breadcrumb\",\"itemListElement\":[{\"@type\":\"ListItem\",\"position\":1,\"name\":\"Hem\",\"item\":\"https:\/\/xenonkungen.com\/\"},{\"@type\":\"ListItem\",\"position\":2,\"name\":\"Shop\",\"item\":\"https:\/\/xenonkungen.com\/shop\/\"},{\"@type\":\"ListItem\",\"position\":3,\"name\":\"Tershine Tryckspruta &#8211; Alkalisk\"}]},{\"@type\":\"WebSite\",\"@id\":\"https:\/\/xenonkungen.com\/#website\",\"url\":\"https:\/\/xenonkungen.com\/\",\"name\":\"Xenonkungen\",\"description\":\"\",\"potentialAction\":[{\"@type\":\"SearchAction\",\"target\":{\"@type\":\"EntryPoint\",\"urlTemplate\":\"https:\/\/xenonkungen.com\/?s={search_term_string}\"},\"query-input\":{\"@type\":\"PropertyValueSpecification\",\"valueRequired\":true,\"valueName\":\"search_term_string\"}}],\"inLanguage\":\"es\"}]}<\/script>\n<!-- \/ Yoast SEO plugin. -->","yoast_head_json":{"title":"Tershine Tryckspruta - Alkalisk - Xenonkungen","robots":{"index":"index","follow":"follow","max-snippet":"max-snippet:-1","max-image-preview":"max-image-preview:large","max-video-preview":"max-video-preview:-1"},"canonical":"https:\/\/xenonkungen.com\/es\/producto\/tershine-tryckspruta-alkalisk\/","og_locale":"es_ES","og_type":"article","og_title":"Tershine Tryckspruta - Alkalisk - Xenonkungen","og_description":"Tryckspruta som underl\u00e4ttar tv\u00e4tten enormt. 1,5 l -beh\u00e5llare f\u00f6r alkalisk avfettning samt en avlastningsventil f\u00f6r att enkelt kunna sl\u00e4ppa p\u00e5 trycket n\u00e4r man \u00e4r f\u00e4rdig.","og_url":"https:\/\/xenonkungen.com\/es\/producto\/tershine-tryckspruta-alkalisk\/","og_site_name":"Xenonkungen","article_modified_time":"2026-05-12T13:34:50+00:00","og_image":[{"width":1024,"height":1024,"url":"https:\/\/xenonkungen.com\/wp-content\/uploads\/2026\/03\/NxmGzraRBaGVIjCzPGpFCRYo2YJTVWRIiZuyWHWY.webp","type":"image\/webp"}],"twitter_card":"summary_large_image","twitter_misc":{"Tiempo de lectura":"1 minuto"},"schema":{"@context":"https:\/\/schema.org","@graph":[{"@type":"WebPage","@id":"https:\/\/xenonkungen.com\/produkt\/tershine-tryckspruta-alkalisk\/","url":"https:\/\/xenonkungen.com\/produkt\/tershine-tryckspruta-alkalisk\/","name":"Tershine Tryckspruta - Alkalisk - Xenonkungen","isPartOf":{"@id":"https:\/\/xenonkungen.com\/#website"},"primaryImageOfPage":{"@id":"https:\/\/xenonkungen.com\/produkt\/tershine-tryckspruta-alkalisk\/#primaryimage"},"image":{"@id":"https:\/\/xenonkungen.com\/produkt\/tershine-tryckspruta-alkalisk\/#primaryimage"},"thumbnailUrl":"https:\/\/xenonkungen.com\/wp-content\/uploads\/2026\/03\/NxmGzraRBaGVIjCzPGpFCRYo2YJTVWRIiZuyWHWY.webp","datePublished":"2026-03-18T09:51:57+00:00","dateModified":"2026-05-12T13:34:50+00:00","breadcrumb":{"@id":"https:\/\/xenonkungen.com\/produkt\/tershine-tryckspruta-alkalisk\/#breadcrumb"},"inLanguage":"es","potentialAction":[{"@type":"ReadAction","target":["https:\/\/xenonkungen.com\/produkt\/tershine-tryckspruta-alkalisk\/"]}]},{"@type":"ImageObject","inLanguage":"es","@id":"https:\/\/xenonkungen.com\/produkt\/tershine-tryckspruta-alkalisk\/#primaryimage","url":"https:\/\/xenonkungen.com\/wp-content\/uploads\/2026\/03\/NxmGzraRBaGVIjCzPGpFCRYo2YJTVWRIiZuyWHWY.webp","contentUrl":"https:\/\/xenonkungen.com\/wp-content\/uploads\/2026\/03\/NxmGzraRBaGVIjCzPGpFCRYo2YJTVWRIiZuyWHWY.webp","width":1024,"height":1024},{"@type":"BreadcrumbList","@id":"https:\/\/xenonkungen.com\/produkt\/tershine-tryckspruta-alkalisk\/#breadcrumb","itemListElement":[{"@type":"ListItem","position":1,"name":"Hem","item":"https:\/\/xenonkungen.com\/"},{"@type":"ListItem","position":2,"name":"Shop","item":"https:\/\/xenonkungen.com\/shop\/"},{"@type":"ListItem","position":3,"name":"Tershine Tryckspruta &#8211; Alkalisk"}]},{"@type":"WebSite","@id":"https:\/\/xenonkungen.com\/#website","url":"https:\/\/xenonkungen.com\/","name":"Xenonkungen","description":"","potentialAction":[{"@type":"SearchAction","target":{"@type":"EntryPoint","urlTemplate":"https:\/\/xenonkungen.com\/?s={search_term_string}"},"query-input":{"@type":"PropertyValueSpecification","valueRequired":true,"valueName":"search_term_string"}}],"inLanguage":"es"}]}},"taxonomy_info":{"product_brand":[{"value":2893,"label":"Tershine"}],"product_cat":[{"value":2989,"label":"2 | Avfettning"},{"value":378,"label":"Bilv\u00e5rd"}]},"featured_image_src_large":["https:\/\/xenonkungen.com\/wp-content\/uploads\/2026\/03\/NxmGzraRBaGVIjCzPGpFCRYo2YJTVWRIiZuyWHWY.webp",1024,1024,false],"author_info":[],"comment_info":0,"_links":{"self":[{"href":"https:\/\/xenonkungen.com\/es\/wp-json\/wp\/v2\/product\/28180","targetHints":{"allow":["GET"]}}],"collection":[{"href":"https:\/\/xenonkungen.com\/es\/wp-json\/wp\/v2\/product"}],"about":[{"href":"https:\/\/xenonkungen.com\/es\/wp-json\/wp\/v2\/types\/product"}],"replies":[{"embeddable":true,"href":"https:\/\/xenonkungen.com\/es\/wp-json\/wp\/v2\/comments?post=28180"}],"wp:featuredmedia":[{"embeddable":true,"href":"https:\/\/xenonkungen.com\/es\/wp-json\/wp\/v2\/media\/28183"}],"wp:attachment":[{"href":"https:\/\/xenonkungen.com\/es\/wp-json\/wp\/v2\/media?parent=28180"}],"wp:term":[{"taxonomy":"anvandningsomrade","embeddable":true,"href":"https:\/\/xenonkungen.com\/es\/wp-json\/wp\/v2\/anvandningsomrade?post=28180"},{"taxonomy":"bilmarken","embeddable":true,"href":"https:\/\/xenonkungen.com\/es\/wp-json\/wp\/v2\/bilmarken?post=28180"},{"taxonomy":"product_brand","embeddable":true,"href":"https:\/\/xenonkungen.com\/es\/wp-json\/wp\/v2\/product_brand?post=28180"},{"taxonomy":"product_cat","embeddable":true,"href":"https:\/\/xenonkungen.com\/es\/wp-json\/wp\/v2\/product_cat?post=28180"},{"taxonomy":"product_tag","embeddable":true,"href":"https:\/\/xenonkungen.com\/es\/wp-json\/wp\/v2\/product_tag?post=28180"}],"curies":[{"name":"wp","href":"https:\/\/api.w.org\/{rel}","templated":true}]}}