{"id":28289,"date":"2026-03-19T12:14:52","date_gmt":"2026-03-19T11:14:52","guid":{"rendered":"https:\/\/xenonkungen.com\/produkt\/glosser-fly-off-keramisk-glasforsegling-500ml\/"},"modified":"2026-05-08T13:21:26","modified_gmt":"2026-05-08T12:21:26","slug":"sello-de-vidrio-ceramico-para-brillo-de-500-ml","status":"publish","type":"product","link":"https:\/\/xenonkungen.com\/es\/producto\/sello-de-vidrio-ceramico-para-brillo-de-500-ml\/","title":{"rendered":"Glosser Fly Off \u2013 Sellador de vidrio cer\u00e1mico, 500 ml"},"content":{"rendered":"<h3>Sello de vidrio cer\u00e1mico<\/h3>\n<p>Fly Off proporciona un excelente drenaje de agua en las ventanillas del coche y mejora significativamente la visibilidad bajo la lluvia. Dura varios meses.<\/p>\n<ul>\n<li>Sello de vidrio cer\u00e1mico<\/li>\n<li>escorrent\u00eda de agua extrema<\/li>\n<li>Mejora la visibilidad en caso de lluvia.<\/li>\n<li>Dura varios meses<\/li>\n<li>Libre de PFAS<\/li>\n<\/ul>\n<h4>Usar<\/h4>\n<ol>\n<li>Limpia el cristal con una goma de borrar.<\/li>\n<li>Roc\u00ede una capa fina sobre un pa\u00f1o de microfibra.<\/li>\n<li>Limpie el cristal transversalmente con movimientos uniformes.<\/li>\n<li>Pulir con un pa\u00f1o de microfibra seco.<\/li>\n<li>Dejar endurecer durante unas horas.<\/li>\n<\/ol>","protected":false},"excerpt":{"rendered":"<p>Junta de cristal cer\u00e1mico con drenaje de agua extremo. Mejora la visibilidad bajo la lluvia. 500 ml.<\/p>","protected":false},"featured_media":28288,"comment_status":"open","ping_status":"closed","template":"","meta":{"_acf_changed":false,"_smort_price_nok":"","_smort_price_dkk":"","_smort_price_eur":"","_smort_sale_price_nok":"","_smort_sale_price_dkk":"","_smort_sale_price_eur":"","smort_restorder":"","shipmondo_restorder":"","_kad_blocks_custom_css":"","_kad_blocks_head_custom_js":"","_kad_blocks_body_custom_js":"","_kad_blocks_footer_custom_js":"","smort_custom_pricelist_1":"191.36","smort_custom_pricelist_2":"167.44","smort_custom_pricelist_3":"167.44","smort_custom_pricelist_4":"239.2","smort_custom_pricelist_5":"167.44"},"anvandningsomrade":[],"bilmarken":[],"product_brand":[3070],"product_cat":[2614,2940],"product_tag":[2941,2914,2942,2943],"class_list":{"0":"post-28289","1":"product","2":"type-product","3":"status-publish","4":"has-post-thumbnail","6":"product_brand-glosser","7":"product_cat-lackskydd","8":"product_cat-glasvard","9":"product_tag-glasforsegling","10":"product_tag-glosser","11":"product_tag-keramisk","12":"product_tag-vattenavrinning","14":"first","15":"instock","16":"sale","17":"taxable","18":"shipping-taxable","19":"purchasable","20":"product-type-simple"},"bundled_by":[],"bundle_stock_status":"instock","bundle_stock_quantity":5,"bundle_virtual":false,"bundle_layout":"","bundle_add_to_cart_form_location":"","bundle_editable_in_cart":false,"bundle_sold_individually_context":"","bundle_item_grouping":"","bundle_min_size":"","bundle_max_size":"","bundle_price":[],"bundled_items":[],"bundle_sell_ids":[],"acf":[],"yoast_head":"<!-- This site is optimized with the Yoast SEO plugin v27.0 - https:\/\/yoast.com\/product\/yoast-seo-wordpress\/ -->\n<title>Glosser Fly Off - Keramisk glasf\u00f6rsegling, 500ml - Xenonkungen<\/title>\n<meta name=\"robots\" content=\"index, follow, max-snippet:-1, max-image-preview:large, max-video-preview:-1\" \/>\n<link rel=\"canonical\" href=\"https:\/\/xenonkungen.com\/es\/producto\/sello-de-vidrio-ceramico-para-brillo-de-500-ml\/\" \/>\n<meta property=\"og:locale\" content=\"es_ES\" \/>\n<meta property=\"og:type\" content=\"article\" \/>\n<meta property=\"og:title\" content=\"Glosser Fly Off - Keramisk glasf\u00f6rsegling, 500ml - Xenonkungen\" \/>\n<meta property=\"og:description\" content=\"Keramisk glasf\u00f6rsegling med extrem vattenavrinning. F\u00f6rb\u00e4ttrar sikten vid regn. 500ml.\" \/>\n<meta property=\"og:url\" content=\"https:\/\/xenonkungen.com\/es\/producto\/sello-de-vidrio-ceramico-para-brillo-de-500-ml\/\" \/>\n<meta property=\"og:site_name\" content=\"Xenonkungen\" \/>\n<meta property=\"article:modified_time\" content=\"2026-05-08T12:21:26+00:00\" \/>\n<meta property=\"og:image\" content=\"https:\/\/xenonkungen.com\/wp-content\/uploads\/2026\/03\/127200-Glosser-Fly-Off-500ml-FS1000px.jpg\" \/>\n\t<meta property=\"og:image:width\" content=\"1000\" \/>\n\t<meta property=\"og:image:height\" content=\"1000\" \/>\n\t<meta property=\"og:image:type\" content=\"image\/jpeg\" \/>\n<meta name=\"twitter:card\" content=\"summary_large_image\" \/>\n<meta name=\"twitter:label1\" content=\"Tiempo de lectura\" \/>\n\t<meta name=\"twitter:data1\" content=\"1 minuto\" \/>\n<script type=\"application\/ld+json\" class=\"yoast-schema-graph\">{\"@context\":\"https:\/\/schema.org\",\"@graph\":[{\"@type\":\"WebPage\",\"@id\":\"https:\/\/xenonkungen.com\/produkt\/glosser-fly-off-keramisk-glasforsegling-500ml\/\",\"url\":\"https:\/\/xenonkungen.com\/produkt\/glosser-fly-off-keramisk-glasforsegling-500ml\/\",\"name\":\"Glosser Fly Off - Keramisk glasf\u00f6rsegling, 500ml - Xenonkungen\",\"isPartOf\":{\"@id\":\"https:\/\/xenonkungen.com\/#website\"},\"primaryImageOfPage\":{\"@id\":\"https:\/\/xenonkungen.com\/produkt\/glosser-fly-off-keramisk-glasforsegling-500ml\/#primaryimage\"},\"image\":{\"@id\":\"https:\/\/xenonkungen.com\/produkt\/glosser-fly-off-keramisk-glasforsegling-500ml\/#primaryimage\"},\"thumbnailUrl\":\"https:\/\/xenonkungen.com\/wp-content\/uploads\/2026\/03\/127200-Glosser-Fly-Off-500ml-FS1000px.jpg\",\"datePublished\":\"2026-03-19T11:14:52+00:00\",\"dateModified\":\"2026-05-08T12:21:26+00:00\",\"breadcrumb\":{\"@id\":\"https:\/\/xenonkungen.com\/produkt\/glosser-fly-off-keramisk-glasforsegling-500ml\/#breadcrumb\"},\"inLanguage\":\"es\",\"potentialAction\":[{\"@type\":\"ReadAction\",\"target\":[\"https:\/\/xenonkungen.com\/produkt\/glosser-fly-off-keramisk-glasforsegling-500ml\/\"]}]},{\"@type\":\"ImageObject\",\"inLanguage\":\"es\",\"@id\":\"https:\/\/xenonkungen.com\/produkt\/glosser-fly-off-keramisk-glasforsegling-500ml\/#primaryimage\",\"url\":\"https:\/\/xenonkungen.com\/wp-content\/uploads\/2026\/03\/127200-Glosser-Fly-Off-500ml-FS1000px.jpg\",\"contentUrl\":\"https:\/\/xenonkungen.com\/wp-content\/uploads\/2026\/03\/127200-Glosser-Fly-Off-500ml-FS1000px.jpg\",\"width\":1000,\"height\":1000},{\"@type\":\"BreadcrumbList\",\"@id\":\"https:\/\/xenonkungen.com\/produkt\/glosser-fly-off-keramisk-glasforsegling-500ml\/#breadcrumb\",\"itemListElement\":[{\"@type\":\"ListItem\",\"position\":1,\"name\":\"Hem\",\"item\":\"https:\/\/xenonkungen.com\/\"},{\"@type\":\"ListItem\",\"position\":2,\"name\":\"Shop\",\"item\":\"https:\/\/xenonkungen.com\/shop\/\"},{\"@type\":\"ListItem\",\"position\":3,\"name\":\"Glosser Fly Off &#8211; Keramisk glasf\u00f6rsegling, 500ml\"}]},{\"@type\":\"WebSite\",\"@id\":\"https:\/\/xenonkungen.com\/#website\",\"url\":\"https:\/\/xenonkungen.com\/\",\"name\":\"Xenonkungen\",\"description\":\"\",\"potentialAction\":[{\"@type\":\"SearchAction\",\"target\":{\"@type\":\"EntryPoint\",\"urlTemplate\":\"https:\/\/xenonkungen.com\/?s={search_term_string}\"},\"query-input\":{\"@type\":\"PropertyValueSpecification\",\"valueRequired\":true,\"valueName\":\"search_term_string\"}}],\"inLanguage\":\"es\"}]}<\/script>\n<!-- \/ Yoast SEO plugin. -->","yoast_head_json":{"title":"Glosser Fly Off - Sellador de vidrio cer\u00e1mico, 500 ml - Xenonkungen","robots":{"index":"index","follow":"follow","max-snippet":"max-snippet:-1","max-image-preview":"max-image-preview:large","max-video-preview":"max-video-preview:-1"},"canonical":"https:\/\/xenonkungen.com\/es\/producto\/sello-de-vidrio-ceramico-para-brillo-de-500-ml\/","og_locale":"es_ES","og_type":"article","og_title":"Glosser Fly Off - Keramisk glasf\u00f6rsegling, 500ml - Xenonkungen","og_description":"Keramisk glasf\u00f6rsegling med extrem vattenavrinning. F\u00f6rb\u00e4ttrar sikten vid regn. 500ml.","og_url":"https:\/\/xenonkungen.com\/es\/producto\/sello-de-vidrio-ceramico-para-brillo-de-500-ml\/","og_site_name":"Xenonkungen","article_modified_time":"2026-05-08T12:21:26+00:00","og_image":[{"width":1000,"height":1000,"url":"https:\/\/xenonkungen.com\/wp-content\/uploads\/2026\/03\/127200-Glosser-Fly-Off-500ml-FS1000px.jpg","type":"image\/jpeg"}],"twitter_card":"summary_large_image","twitter_misc":{"Tiempo de lectura":"1 minuto"},"schema":{"@context":"https:\/\/schema.org","@graph":[{"@type":"WebPage","@id":"https:\/\/xenonkungen.com\/produkt\/glosser-fly-off-keramisk-glasforsegling-500ml\/","url":"https:\/\/xenonkungen.com\/produkt\/glosser-fly-off-keramisk-glasforsegling-500ml\/","name":"Glosser Fly Off - Sellador de vidrio cer\u00e1mico, 500 ml - Xenonkungen","isPartOf":{"@id":"https:\/\/xenonkungen.com\/#website"},"primaryImageOfPage":{"@id":"https:\/\/xenonkungen.com\/produkt\/glosser-fly-off-keramisk-glasforsegling-500ml\/#primaryimage"},"image":{"@id":"https:\/\/xenonkungen.com\/produkt\/glosser-fly-off-keramisk-glasforsegling-500ml\/#primaryimage"},"thumbnailUrl":"https:\/\/xenonkungen.com\/wp-content\/uploads\/2026\/03\/127200-Glosser-Fly-Off-500ml-FS1000px.jpg","datePublished":"2026-03-19T11:14:52+00:00","dateModified":"2026-05-08T12:21:26+00:00","breadcrumb":{"@id":"https:\/\/xenonkungen.com\/produkt\/glosser-fly-off-keramisk-glasforsegling-500ml\/#breadcrumb"},"inLanguage":"es","potentialAction":[{"@type":"ReadAction","target":["https:\/\/xenonkungen.com\/produkt\/glosser-fly-off-keramisk-glasforsegling-500ml\/"]}]},{"@type":"ImageObject","inLanguage":"es","@id":"https:\/\/xenonkungen.com\/produkt\/glosser-fly-off-keramisk-glasforsegling-500ml\/#primaryimage","url":"https:\/\/xenonkungen.com\/wp-content\/uploads\/2026\/03\/127200-Glosser-Fly-Off-500ml-FS1000px.jpg","contentUrl":"https:\/\/xenonkungen.com\/wp-content\/uploads\/2026\/03\/127200-Glosser-Fly-Off-500ml-FS1000px.jpg","width":1000,"height":1000},{"@type":"BreadcrumbList","@id":"https:\/\/xenonkungen.com\/produkt\/glosser-fly-off-keramisk-glasforsegling-500ml\/#breadcrumb","itemListElement":[{"@type":"ListItem","position":1,"name":"Hem","item":"https:\/\/xenonkungen.com\/"},{"@type":"ListItem","position":2,"name":"Shop","item":"https:\/\/xenonkungen.com\/shop\/"},{"@type":"ListItem","position":3,"name":"Glosser Fly Off &#8211; Keramisk glasf\u00f6rsegling, 500ml"}]},{"@type":"WebSite","@id":"https:\/\/xenonkungen.com\/#website","url":"https:\/\/xenonkungen.com\/","name":"Xenonkungen","description":"","potentialAction":[{"@type":"SearchAction","target":{"@type":"EntryPoint","urlTemplate":"https:\/\/xenonkungen.com\/?s={search_term_string}"},"query-input":{"@type":"PropertyValueSpecification","valueRequired":true,"valueName":"search_term_string"}}],"inLanguage":"es"}]}},"taxonomy_info":{"product_brand":[{"value":3070,"label":"Glosser"}],"product_cat":[{"value":2614,"label":"4 | Bilvax &amp; Lackskydd"},{"value":2940,"label":"Glasv\u00e5rd"}],"product_tag":[{"value":2941,"label":"glasf\u00f6rsegling"},{"value":2914,"label":"glosser"},{"value":2942,"label":"keramisk"},{"value":2943,"label":"vattenavrinning"}]},"featured_image_src_large":["https:\/\/xenonkungen.com\/wp-content\/uploads\/2026\/03\/127200-Glosser-Fly-Off-500ml-FS1000px.jpg",1000,1000,false],"author_info":[],"comment_info":0,"_links":{"self":[{"href":"https:\/\/xenonkungen.com\/es\/wp-json\/wp\/v2\/product\/28289","targetHints":{"allow":["GET"]}}],"collection":[{"href":"https:\/\/xenonkungen.com\/es\/wp-json\/wp\/v2\/product"}],"about":[{"href":"https:\/\/xenonkungen.com\/es\/wp-json\/wp\/v2\/types\/product"}],"replies":[{"embeddable":true,"href":"https:\/\/xenonkungen.com\/es\/wp-json\/wp\/v2\/comments?post=28289"}],"wp:featuredmedia":[{"embeddable":true,"href":"https:\/\/xenonkungen.com\/es\/wp-json\/wp\/v2\/media\/28288"}],"wp:attachment":[{"href":"https:\/\/xenonkungen.com\/es\/wp-json\/wp\/v2\/media?parent=28289"}],"wp:term":[{"taxonomy":"anvandningsomrade","embeddable":true,"href":"https:\/\/xenonkungen.com\/es\/wp-json\/wp\/v2\/anvandningsomrade?post=28289"},{"taxonomy":"bilmarken","embeddable":true,"href":"https:\/\/xenonkungen.com\/es\/wp-json\/wp\/v2\/bilmarken?post=28289"},{"taxonomy":"product_brand","embeddable":true,"href":"https:\/\/xenonkungen.com\/es\/wp-json\/wp\/v2\/product_brand?post=28289"},{"taxonomy":"product_cat","embeddable":true,"href":"https:\/\/xenonkungen.com\/es\/wp-json\/wp\/v2\/product_cat?post=28289"},{"taxonomy":"product_tag","embeddable":true,"href":"https:\/\/xenonkungen.com\/es\/wp-json\/wp\/v2\/product_tag?post=28289"}],"curies":[{"name":"wp","href":"https:\/\/api.w.org\/{rel}","templated":true}]}}