{"id":2834,"date":"2025-04-15T08:44:15","date_gmt":"2025-04-15T08:44:15","guid":{"rendered":"https:\/\/xenonkungen.com\/product\/briodlights-arbetslampa-mini-1000-lm\/"},"modified":"2026-04-24T16:48:33","modified_gmt":"2026-04-24T15:48:33","slug":"lampara-de-trabajo-briodlights-mini-1000-lm","status":"publish","type":"product","link":"https:\/\/xenonkungen.com\/es\/producto\/lampara-de-trabajo-briodlights-mini-1000-lm\/","title":{"rendered":"BriodLights L\u00e1mpara de trabajo Mini 1000 lm"},"content":{"rendered":"<h1>Peque\u00f1a y flexible luz de trabajo LED de BridgeLights<\/h1>\n<p>Esta peque\u00f1a y flexible luz de trabajo LED de BriodLights est\u00e1 dise\u00f1ada para proporcionar una iluminaci\u00f3n potente y eficiente en el \u00e1rea inmediata, perfecta para cualquier entorno laboral. Con sus dimensiones m\u00ednimas de 53 x 49 x 84 mm, se instala f\u00e1cilmente en la mayor\u00eda de los veh\u00edculos.<\/p>\n<h2>Iluminaci\u00f3n flexible y eficiente<\/h2>\n<p>La luz de trabajo LED BriodLight est\u00e1 dise\u00f1ada para proporcionar una iluminaci\u00f3n flexible y eficiente, lo que la hace ideal para iluminar el \u00e1rea inmediata en diversos entornos laborales. Su tama\u00f1o compacto facilita su colocaci\u00f3n y, por lo tanto, resulta ideal como luz de trabajo en la mayor\u00eda de los veh\u00edculos.<\/p>\n<h2>Dimensiones m\u00ednimas<\/h2>\n<p>Con sus reducidas dimensiones de 53x49x84 mm, esta peque\u00f1a l\u00e1mpara de trabajo se adapta a casi cualquier espacio. A pesar de su tama\u00f1o compacto, proporciona una luz potente que ilumina eficazmente la zona de trabajo.<\/p>\n<h2>Cable con conector DT incluido<\/h2>\n<p>Para facilitar la instalaci\u00f3n y el uso, se incluye un cable con conector DT. Esto permite conectar f\u00e1cilmente la luz de trabajo a la fuente de alimentaci\u00f3n y ofrece la flexibilidad de moverla seg\u00fan sea necesario.<\/p>\n<h2>Garant\u00eda de 3 a\u00f1os<\/h2>\n<p>Para mayor tranquilidad, esta luz de trabajo LED de BriodLights viene con una garant\u00eda de 3 a\u00f1os.<\/p>\n<p>ATENCI\u00d3N El producto no tiene derecho de devoluci\u00f3n.<\/p>","protected":false},"excerpt":{"rendered":"<p>Liten och Flexibel LED Arbetslampa fr\u00e5n BriodLights Denna lilla och flexibla LED arbetslampa fr\u00e5n BriodLights \u00e4r utformad f\u00f6r att ge kraftfull och effektiv belysning i n\u00e4romr\u00e5det, perfekt f\u00f6r alla arbetsmilj\u00f6er. Med sina minimala m\u00e5tt p\u00e5 53x49x84 mm \u00e4r den l\u00e4tt att placera p\u00e5 de flesta fordon. Flexibel och Effektiv Belysning BriodLights LED arbetslampa \u00e4r utformad [&hellip;]<\/p>","protected":false},"featured_media":2835,"comment_status":"closed","ping_status":"open","template":"","meta":{"_acf_changed":false,"_smort_price_nok":"422","_smort_price_dkk":"268","_smort_price_eur":"35.91","_smort_sale_price_nok":"","_smort_sale_price_dkk":"","_smort_sale_price_eur":"","smort_restorder":"","shipmondo_restorder":"","_kad_blocks_custom_css":"","_kad_blocks_head_custom_js":"","_kad_blocks_body_custom_js":"","_kad_blocks_footer_custom_js":"","smort_custom_pricelist_1":"371.2","smort_custom_pricelist_2":"371.2","smort_custom_pricelist_3":"371.2","smort_custom_pricelist_4":"464","smort_custom_pricelist_5":"371.2"},"anvandningsomrade":[],"bilmarken":[],"product_brand":[92],"product_cat":[508],"product_tag":[2788],"class_list":{"0":"post-2834","1":"product","2":"type-product","3":"status-publish","4":"has-post-thumbnail","6":"product_brand-briodlights","7":"product_cat-arbetsbelysning","8":"product_tag-black-week-exclude","9":"pa_faktisk-effekts-forbrukning-537","10":"pa_fargtemperatur-6000k","11":"pa_fuktskydd-varde-ipxx-ip68k","12":"pa_ljusbild-flood","13":"pa_storlek-mm-53x49x84","14":"pa_stromforbrukning-04a24v","15":"pa_stromforbrukning-08a12v","16":"pa_volt-v-multivolt-9-12-16-18-24-28-30-32","18":"first","19":"onbackorder","20":"taxable","21":"shipping-taxable","22":"purchasable","23":"product-type-simple"},"bundled_by":[],"bundle_stock_status":"onbackorder","bundle_stock_quantity":0,"bundle_virtual":false,"bundle_layout":"","bundle_add_to_cart_form_location":"","bundle_editable_in_cart":false,"bundle_sold_individually_context":"","bundle_item_grouping":"","bundle_min_size":"","bundle_max_size":"","bundle_price":[],"bundled_items":[],"bundle_sell_ids":[],"acf":[],"yoast_head":"<!-- This site is optimized with the Yoast SEO plugin v27.0 - https:\/\/yoast.com\/product\/yoast-seo-wordpress\/ -->\n<title>BriodLights Arbetslampa Mini 1000 lm - Xenonkungen<\/title>\n<meta name=\"robots\" content=\"index, follow, max-snippet:-1, max-image-preview:large, max-video-preview:-1\" \/>\n<link rel=\"canonical\" href=\"https:\/\/xenonkungen.com\/es\/producto\/lampara-de-trabajo-briodlights-mini-1000-lm\/\" \/>\n<meta property=\"og:locale\" content=\"es_ES\" \/>\n<meta property=\"og:type\" content=\"article\" \/>\n<meta property=\"og:title\" content=\"BriodLights Arbetslampa Mini 1000 lm - Xenonkungen\" \/>\n<meta property=\"og:description\" content=\"Liten och Flexibel LED Arbetslampa fr\u00e5n BriodLights Denna lilla och flexibla LED arbetslampa fr\u00e5n BriodLights \u00e4r utformad f\u00f6r att ge kraftfull och effektiv belysning i n\u00e4romr\u00e5det, perfekt f\u00f6r alla arbetsmilj\u00f6er. Med sina minimala m\u00e5tt p\u00e5 53x49x84 mm \u00e4r den l\u00e4tt att placera p\u00e5 de flesta fordon. Flexibel och Effektiv Belysning BriodLights LED arbetslampa \u00e4r utformad [&hellip;]\" \/>\n<meta property=\"og:url\" content=\"https:\/\/xenonkungen.com\/es\/producto\/lampara-de-trabajo-briodlights-mini-1000-lm\/\" \/>\n<meta property=\"og:site_name\" content=\"Xenonkungen\" \/>\n<meta property=\"article:modified_time\" content=\"2026-04-24T15:48:33+00:00\" \/>\n<meta property=\"og:image\" content=\"https:\/\/xenonkungen.com\/wp-content\/uploads\/2025\/04\/11810_itemimage_mainfront.jpg\" \/>\n\t<meta property=\"og:image:width\" content=\"2048\" \/>\n\t<meta property=\"og:image:height\" content=\"1536\" \/>\n\t<meta property=\"og:image:type\" content=\"image\/jpeg\" \/>\n<meta name=\"twitter:card\" content=\"summary_large_image\" \/>\n<meta name=\"twitter:label1\" content=\"Tiempo de lectura\" \/>\n\t<meta name=\"twitter:data1\" content=\"1 minuto\" \/>\n<script type=\"application\/ld+json\" class=\"yoast-schema-graph\">{\"@context\":\"https:\/\/schema.org\",\"@graph\":[{\"@type\":\"WebPage\",\"@id\":\"https:\/\/xenonkungen.com\/produkt\/briodlights-arbetslampa-mini-1000-lm\/\",\"url\":\"https:\/\/xenonkungen.com\/produkt\/briodlights-arbetslampa-mini-1000-lm\/\",\"name\":\"BriodLights Arbetslampa Mini 1000 lm - Xenonkungen\",\"isPartOf\":{\"@id\":\"https:\/\/xenonkungen.com\/#website\"},\"primaryImageOfPage\":{\"@id\":\"https:\/\/xenonkungen.com\/produkt\/briodlights-arbetslampa-mini-1000-lm\/#primaryimage\"},\"image\":{\"@id\":\"https:\/\/xenonkungen.com\/produkt\/briodlights-arbetslampa-mini-1000-lm\/#primaryimage\"},\"thumbnailUrl\":\"https:\/\/xenonkungen.com\/wp-content\/uploads\/2025\/04\/11810_itemimage_mainfront.jpg\",\"datePublished\":\"2025-04-15T08:44:15+00:00\",\"dateModified\":\"2026-04-24T15:48:33+00:00\",\"breadcrumb\":{\"@id\":\"https:\/\/xenonkungen.com\/produkt\/briodlights-arbetslampa-mini-1000-lm\/#breadcrumb\"},\"inLanguage\":\"es\",\"potentialAction\":[{\"@type\":\"ReadAction\",\"target\":[\"https:\/\/xenonkungen.com\/produkt\/briodlights-arbetslampa-mini-1000-lm\/\"]}]},{\"@type\":\"ImageObject\",\"inLanguage\":\"es\",\"@id\":\"https:\/\/xenonkungen.com\/produkt\/briodlights-arbetslampa-mini-1000-lm\/#primaryimage\",\"url\":\"https:\/\/xenonkungen.com\/wp-content\/uploads\/2025\/04\/11810_itemimage_mainfront.jpg\",\"contentUrl\":\"https:\/\/xenonkungen.com\/wp-content\/uploads\/2025\/04\/11810_itemimage_mainfront.jpg\",\"width\":2048,\"height\":1536},{\"@type\":\"BreadcrumbList\",\"@id\":\"https:\/\/xenonkungen.com\/produkt\/briodlights-arbetslampa-mini-1000-lm\/#breadcrumb\",\"itemListElement\":[{\"@type\":\"ListItem\",\"position\":1,\"name\":\"Hem\",\"item\":\"https:\/\/xenonkungen.com\/\"},{\"@type\":\"ListItem\",\"position\":2,\"name\":\"Shop\",\"item\":\"https:\/\/xenonkungen.com\/shop\/\"},{\"@type\":\"ListItem\",\"position\":3,\"name\":\"BriodLights Arbetslampa Mini 1000 lm\"}]},{\"@type\":\"WebSite\",\"@id\":\"https:\/\/xenonkungen.com\/#website\",\"url\":\"https:\/\/xenonkungen.com\/\",\"name\":\"Xenonkungen\",\"description\":\"\",\"potentialAction\":[{\"@type\":\"SearchAction\",\"target\":{\"@type\":\"EntryPoint\",\"urlTemplate\":\"https:\/\/xenonkungen.com\/?s={search_term_string}\"},\"query-input\":{\"@type\":\"PropertyValueSpecification\",\"valueRequired\":true,\"valueName\":\"search_term_string\"}}],\"inLanguage\":\"es\"}]}<\/script>\n<!-- \/ Yoast SEO plugin. -->","yoast_head_json":{"title":"L\u00e1mpara de trabajo BriodLights Mini 1000 lm - Xen\u00f3n","robots":{"index":"index","follow":"follow","max-snippet":"max-snippet:-1","max-image-preview":"max-image-preview:large","max-video-preview":"max-video-preview:-1"},"canonical":"https:\/\/xenonkungen.com\/es\/producto\/lampara-de-trabajo-briodlights-mini-1000-lm\/","og_locale":"es_ES","og_type":"article","og_title":"BriodLights Arbetslampa Mini 1000 lm - Xenonkungen","og_description":"Liten och Flexibel LED Arbetslampa fr\u00e5n BriodLights Denna lilla och flexibla LED arbetslampa fr\u00e5n BriodLights \u00e4r utformad f\u00f6r att ge kraftfull och effektiv belysning i n\u00e4romr\u00e5det, perfekt f\u00f6r alla arbetsmilj\u00f6er. Med sina minimala m\u00e5tt p\u00e5 53x49x84 mm \u00e4r den l\u00e4tt att placera p\u00e5 de flesta fordon. Flexibel och Effektiv Belysning BriodLights LED arbetslampa \u00e4r utformad [&hellip;]","og_url":"https:\/\/xenonkungen.com\/es\/producto\/lampara-de-trabajo-briodlights-mini-1000-lm\/","og_site_name":"Xenonkungen","article_modified_time":"2026-04-24T15:48:33+00:00","og_image":[{"width":2048,"height":1536,"url":"https:\/\/xenonkungen.com\/wp-content\/uploads\/2025\/04\/11810_itemimage_mainfront.jpg","type":"image\/jpeg"}],"twitter_card":"summary_large_image","twitter_misc":{"Tiempo de lectura":"1 minuto"},"schema":{"@context":"https:\/\/schema.org","@graph":[{"@type":"WebPage","@id":"https:\/\/xenonkungen.com\/produkt\/briodlights-arbetslampa-mini-1000-lm\/","url":"https:\/\/xenonkungen.com\/produkt\/briodlights-arbetslampa-mini-1000-lm\/","name":"L\u00e1mpara de trabajo BriodLights Mini 1000 lm - Xen\u00f3n","isPartOf":{"@id":"https:\/\/xenonkungen.com\/#website"},"primaryImageOfPage":{"@id":"https:\/\/xenonkungen.com\/produkt\/briodlights-arbetslampa-mini-1000-lm\/#primaryimage"},"image":{"@id":"https:\/\/xenonkungen.com\/produkt\/briodlights-arbetslampa-mini-1000-lm\/#primaryimage"},"thumbnailUrl":"https:\/\/xenonkungen.com\/wp-content\/uploads\/2025\/04\/11810_itemimage_mainfront.jpg","datePublished":"2025-04-15T08:44:15+00:00","dateModified":"2026-04-24T15:48:33+00:00","breadcrumb":{"@id":"https:\/\/xenonkungen.com\/produkt\/briodlights-arbetslampa-mini-1000-lm\/#breadcrumb"},"inLanguage":"es","potentialAction":[{"@type":"ReadAction","target":["https:\/\/xenonkungen.com\/produkt\/briodlights-arbetslampa-mini-1000-lm\/"]}]},{"@type":"ImageObject","inLanguage":"es","@id":"https:\/\/xenonkungen.com\/produkt\/briodlights-arbetslampa-mini-1000-lm\/#primaryimage","url":"https:\/\/xenonkungen.com\/wp-content\/uploads\/2025\/04\/11810_itemimage_mainfront.jpg","contentUrl":"https:\/\/xenonkungen.com\/wp-content\/uploads\/2025\/04\/11810_itemimage_mainfront.jpg","width":2048,"height":1536},{"@type":"BreadcrumbList","@id":"https:\/\/xenonkungen.com\/produkt\/briodlights-arbetslampa-mini-1000-lm\/#breadcrumb","itemListElement":[{"@type":"ListItem","position":1,"name":"Hem","item":"https:\/\/xenonkungen.com\/"},{"@type":"ListItem","position":2,"name":"Shop","item":"https:\/\/xenonkungen.com\/shop\/"},{"@type":"ListItem","position":3,"name":"BriodLights Arbetslampa Mini 1000 lm"}]},{"@type":"WebSite","@id":"https:\/\/xenonkungen.com\/#website","url":"https:\/\/xenonkungen.com\/","name":"Xenonkungen","description":"","potentialAction":[{"@type":"SearchAction","target":{"@type":"EntryPoint","urlTemplate":"https:\/\/xenonkungen.com\/?s={search_term_string}"},"query-input":{"@type":"PropertyValueSpecification","valueRequired":true,"valueName":"search_term_string"}}],"inLanguage":"es"}]}},"taxonomy_info":{"product_brand":[{"value":92,"label":"Briodlights"}],"product_cat":[{"value":508,"label":"Arbetsbelysning"}],"product_tag":[{"value":2788,"label":"black-week-exclude"}],"pa_faktisk-effekts-forbrukning":[{"value":537,"label":"15"}],"pa_fargtemperatur":[{"value":188,"label":"6000K"}],"pa_fuktskydd-varde-ipxx":[{"value":682,"label":"IP68K"}],"pa_ljusbild":[{"value":503,"label":"FLOOD"}],"pa_storlek-mm":[{"value":926,"label":"53x49x84"}],"pa_stromforbrukning":[{"value":928,"label":"0,4A@24V"},{"value":927,"label":"0,8A@12V"}],"pa_volt-v":[{"value":521,"label":"Multivolt, 9, 12, 16, 18, 24, 28, 30, 32"}]},"featured_image_src_large":["https:\/\/xenonkungen.com\/wp-content\/uploads\/2025\/04\/11810_itemimage_mainfront-1024x768.jpg",1024,768,true],"author_info":[],"comment_info":0,"_links":{"self":[{"href":"https:\/\/xenonkungen.com\/es\/wp-json\/wp\/v2\/product\/2834","targetHints":{"allow":["GET"]}}],"collection":[{"href":"https:\/\/xenonkungen.com\/es\/wp-json\/wp\/v2\/product"}],"about":[{"href":"https:\/\/xenonkungen.com\/es\/wp-json\/wp\/v2\/types\/product"}],"replies":[{"embeddable":true,"href":"https:\/\/xenonkungen.com\/es\/wp-json\/wp\/v2\/comments?post=2834"}],"wp:featuredmedia":[{"embeddable":true,"href":"https:\/\/xenonkungen.com\/es\/wp-json\/wp\/v2\/media\/2835"}],"wp:attachment":[{"href":"https:\/\/xenonkungen.com\/es\/wp-json\/wp\/v2\/media?parent=2834"}],"wp:term":[{"taxonomy":"anvandningsomrade","embeddable":true,"href":"https:\/\/xenonkungen.com\/es\/wp-json\/wp\/v2\/anvandningsomrade?post=2834"},{"taxonomy":"bilmarken","embeddable":true,"href":"https:\/\/xenonkungen.com\/es\/wp-json\/wp\/v2\/bilmarken?post=2834"},{"taxonomy":"product_brand","embeddable":true,"href":"https:\/\/xenonkungen.com\/es\/wp-json\/wp\/v2\/product_brand?post=2834"},{"taxonomy":"product_cat","embeddable":true,"href":"https:\/\/xenonkungen.com\/es\/wp-json\/wp\/v2\/product_cat?post=2834"},{"taxonomy":"product_tag","embeddable":true,"href":"https:\/\/xenonkungen.com\/es\/wp-json\/wp\/v2\/product_tag?post=2834"}],"curies":[{"name":"wp","href":"https:\/\/api.w.org\/{rel}","templated":true}]}}