{"id":28606,"date":"2026-03-27T10:40:31","date_gmt":"2026-03-27T09:40:31","guid":{"rendered":"https:\/\/xenonkungen.com\/?post_type=product&#038;p=28606"},"modified":"2026-04-24T17:16:16","modified_gmt":"2026-04-24T16:16:16","slug":"luz-roja-de-puerto-12-24v-luz-de-navegacion-de-puerto","status":"publish","type":"product","link":"https:\/\/xenonkungen.com\/es\/producto\/luz-roja-de-puerto-12-24v-luz-de-navegacion-de-puerto\/","title":{"rendered":"Interruptor autom\u00e1tico rojo de estribor | 12\/24 V"},"content":{"rendered":"<p data-start=\"393\" data-end=\"642\">La luz roja de babor es una luz de navegaci\u00f3n robusta y fiable, dise\u00f1ada para proporcionar una visibilidad y seguridad \u00f3ptimas en el mar. Gracias a su dise\u00f1o compacto y su resistente construcci\u00f3n cromada, es apta tanto para embarcaciones de recreo como para buques comerciales.<\/p>\n<p data-start=\"644\" data-end=\"896\">La luz es totalmente sumergible y est\u00e1 dise\u00f1ada para soportar entornos marinos exigentes, cumpliendo con las normas y regulaciones mar\u00edtimas internacionales. Funciona con sistemas de 12 V y 24 V, lo que facilita su instalaci\u00f3n independientemente del sistema el\u00e9ctrico de la embarcaci\u00f3n.<\/p>\n<p data-start=\"898\" data-end=\"1013\">Gracias a su bajo consumo energ\u00e9tico y su alta fiabilidad operativa, se trata de una opci\u00f3n segura para una iluminaci\u00f3n de navegaci\u00f3n correcta y legal.<\/p>\n<hr data-start=\"1015\" data-end=\"1018\" \/>\n<h2 data-section-id=\"yi995\" data-start=\"1020\" data-end=\"1033\">Ventajas del programa<\/h2>\n<ul data-start=\"1034\" data-end=\"1198\">\n<li data-section-id=\"xebmkw\" data-start=\"1034\" data-end=\"1078\">Cumple con las regulaciones de env\u00edo internacionales.<\/li>\n<li data-section-id=\"10crvsu\" data-start=\"1079\" data-end=\"1112\">Dise\u00f1o totalmente sumergible<\/li>\n<li data-section-id=\"9gtpgh\" data-start=\"1113\" data-end=\"1138\">Carcasa cromada duradera<\/li>\n<li data-section-id=\"13cm9l6\" data-start=\"1139\" data-end=\"1163\">Bajo consumo de energ\u00eda<\/li>\n<li data-section-id=\"qs96so\" data-start=\"1164\" data-end=\"1198\">Compatible con sistemas de 12 V y 24 V<\/li>\n<\/ul>\n<h2 data-section-id=\"1ugufuo\" data-start=\"1500\" data-end=\"1532\">Otra informaci\u00f3n \/ Informaci\u00f3n importante<\/h2>\n<ul data-start=\"1533\" data-end=\"1589\">\n<li data-section-id=\"akkv33\" data-start=\"1533\" data-end=\"1550\">5 a\u00f1os de garant\u00eda<\/li>\n<li data-section-id=\"1jk9uvu\" data-start=\"1551\" data-end=\"1589\">Destinado al lado de babor (luz roja)<\/li>\n<\/ul>","protected":false},"excerpt":{"rendered":"<p>Luz de navegaci\u00f3n de puerto robusta con luz roja. Totalmente sumergible, carcasa cromada y compatible con sistemas de 12V y 24V.<\/p>","protected":false},"featured_media":28608,"comment_status":"open","ping_status":"closed","template":"","meta":{"_acf_changed":false,"_smort_price_nok":"","_smort_price_dkk":"","_smort_price_eur":"","_smort_sale_price_nok":"","_smort_sale_price_dkk":"","_smort_sale_price_eur":"","smort_restorder":"","shipmondo_restorder":"","_kad_blocks_custom_css":"","_kad_blocks_head_custom_js":"","_kad_blocks_body_custom_js":"","_kad_blocks_footer_custom_js":"","smort_custom_pricelist_1":"357.76","smort_custom_pricelist_2":"313.04","smort_custom_pricelist_3":"290.68","smort_custom_pricelist_4":"447.2","smort_custom_pricelist_5":"313.04"},"anvandningsomrade":[1388],"bilmarken":[],"product_brand":[],"product_cat":[2996],"product_tag":[],"class_list":{"0":"post-28606","1":"product","2":"type-product","3":"status-publish","4":"has-post-thumbnail","6":"anvandningsomrade-bat","7":"product_cat-bat","8":"pa_storlek-mm-76x52x24","9":"pa_stromforbrukning-008a-138v","10":"pa_stromforbrukning-018a-28v","11":"pa_volt-v-159","12":"pa_volt-v-160","14":"first","15":"instock","16":"taxable","17":"shipping-taxable","18":"purchasable","19":"product-type-simple"},"bundled_by":[],"bundle_stock_status":"instock","bundle_stock_quantity":2,"bundle_virtual":false,"bundle_layout":"","bundle_add_to_cart_form_location":"","bundle_editable_in_cart":false,"bundle_sold_individually_context":"","bundle_item_grouping":"","bundle_min_size":"","bundle_max_size":"","bundle_price":[],"bundled_items":[],"bundle_sell_ids":[],"acf":[],"yoast_head":"<!-- This site is optimized with the Yoast SEO plugin v27.0 - https:\/\/yoast.com\/product\/yoast-seo-wordpress\/ -->\n<title>Navigation Starboard Red CB | 12\/24V - Xenonkungen<\/title>\n<meta name=\"description\" content=\"Red Port Light navigationsljus f\u00f6r babord. 12\/24V, fullt neds\u00e4nkbar, kromat hus och godk\u00e4nd enligt internationella sj\u00f6fartsregler.\" \/>\n<meta name=\"robots\" content=\"index, follow, max-snippet:-1, max-image-preview:large, max-video-preview:-1\" \/>\n<link rel=\"canonical\" href=\"https:\/\/xenonkungen.com\/es\/producto\/luz-roja-de-puerto-12-24v-luz-de-navegacion-de-puerto\/\" \/>\n<meta property=\"og:locale\" content=\"es_ES\" \/>\n<meta property=\"og:type\" content=\"article\" \/>\n<meta property=\"og:title\" content=\"Navigation Starboard Red CB | 12\/24V - Xenonkungen\" \/>\n<meta property=\"og:description\" content=\"Red Port Light navigationsljus f\u00f6r babord. 12\/24V, fullt neds\u00e4nkbar, kromat hus och godk\u00e4nd enligt internationella sj\u00f6fartsregler.\" \/>\n<meta property=\"og:url\" content=\"https:\/\/xenonkungen.com\/es\/producto\/luz-roja-de-puerto-12-24v-luz-de-navegacion-de-puerto\/\" \/>\n<meta property=\"og:site_name\" content=\"Xenonkungen\" \/>\n<meta property=\"article:modified_time\" content=\"2026-04-24T16:16:16+00:00\" \/>\n<meta property=\"og:image\" content=\"https:\/\/xenonkungen.com\/wp-content\/uploads\/2026\/03\/52CR-800x800-1.jpg\" \/>\n\t<meta property=\"og:image:width\" content=\"800\" \/>\n\t<meta property=\"og:image:height\" content=\"800\" \/>\n\t<meta property=\"og:image:type\" content=\"image\/jpeg\" \/>\n<meta name=\"twitter:card\" content=\"summary_large_image\" \/>\n<meta name=\"twitter:label1\" content=\"Tiempo de lectura\" \/>\n\t<meta name=\"twitter:data1\" content=\"1 minuto\" \/>\n<script type=\"application\/ld+json\" class=\"yoast-schema-graph\">{\"@context\":\"https:\/\/schema.org\",\"@graph\":[{\"@type\":\"WebPage\",\"@id\":\"https:\/\/xenonkungen.com\/produkt\/red-port-light-12-24v-babord-navigationsljus\/\",\"url\":\"https:\/\/xenonkungen.com\/produkt\/red-port-light-12-24v-babord-navigationsljus\/\",\"name\":\"Navigation Starboard Red CB | 12\/24V - Xenonkungen\",\"isPartOf\":{\"@id\":\"https:\/\/xenonkungen.com\/#website\"},\"primaryImageOfPage\":{\"@id\":\"https:\/\/xenonkungen.com\/produkt\/red-port-light-12-24v-babord-navigationsljus\/#primaryimage\"},\"image\":{\"@id\":\"https:\/\/xenonkungen.com\/produkt\/red-port-light-12-24v-babord-navigationsljus\/#primaryimage\"},\"thumbnailUrl\":\"https:\/\/xenonkungen.com\/wp-content\/uploads\/2026\/03\/52CR-800x800-1.jpg\",\"datePublished\":\"2026-03-27T09:40:31+00:00\",\"dateModified\":\"2026-04-24T16:16:16+00:00\",\"description\":\"Red Port Light navigationsljus f\u00f6r babord. 12\/24V, fullt neds\u00e4nkbar, kromat hus och godk\u00e4nd enligt internationella sj\u00f6fartsregler.\",\"breadcrumb\":{\"@id\":\"https:\/\/xenonkungen.com\/produkt\/red-port-light-12-24v-babord-navigationsljus\/#breadcrumb\"},\"inLanguage\":\"es\",\"potentialAction\":[{\"@type\":\"ReadAction\",\"target\":[\"https:\/\/xenonkungen.com\/produkt\/red-port-light-12-24v-babord-navigationsljus\/\"]}]},{\"@type\":\"ImageObject\",\"inLanguage\":\"es\",\"@id\":\"https:\/\/xenonkungen.com\/produkt\/red-port-light-12-24v-babord-navigationsljus\/#primaryimage\",\"url\":\"https:\/\/xenonkungen.com\/wp-content\/uploads\/2026\/03\/52CR-800x800-1.jpg\",\"contentUrl\":\"https:\/\/xenonkungen.com\/wp-content\/uploads\/2026\/03\/52CR-800x800-1.jpg\",\"width\":800,\"height\":800},{\"@type\":\"BreadcrumbList\",\"@id\":\"https:\/\/xenonkungen.com\/produkt\/red-port-light-12-24v-babord-navigationsljus\/#breadcrumb\",\"itemListElement\":[{\"@type\":\"ListItem\",\"position\":1,\"name\":\"Hem\",\"item\":\"https:\/\/xenonkungen.com\/\"},{\"@type\":\"ListItem\",\"position\":2,\"name\":\"Shop\",\"item\":\"https:\/\/xenonkungen.com\/shop\/\"},{\"@type\":\"ListItem\",\"position\":3,\"name\":\"Navigation Starboard Red CB | 12\/24V\"}]},{\"@type\":\"WebSite\",\"@id\":\"https:\/\/xenonkungen.com\/#website\",\"url\":\"https:\/\/xenonkungen.com\/\",\"name\":\"Xenonkungen\",\"description\":\"\",\"potentialAction\":[{\"@type\":\"SearchAction\",\"target\":{\"@type\":\"EntryPoint\",\"urlTemplate\":\"https:\/\/xenonkungen.com\/?s={search_term_string}\"},\"query-input\":{\"@type\":\"PropertyValueSpecification\",\"valueRequired\":true,\"valueName\":\"search_term_string\"}}],\"inLanguage\":\"es\"}]}<\/script>\n<!-- \/ Yoast SEO plugin. -->","yoast_head_json":{"title":"Radio CB roja de estribor | 12\/24V - El rey del xen\u00f3n","description":"Luz de navegaci\u00f3n roja para puerto. 12\/24 V, totalmente sumergible, carcasa cromada y homologada seg\u00fan la normativa mar\u00edtima internacional.","robots":{"index":"index","follow":"follow","max-snippet":"max-snippet:-1","max-image-preview":"max-image-preview:large","max-video-preview":"max-video-preview:-1"},"canonical":"https:\/\/xenonkungen.com\/es\/producto\/luz-roja-de-puerto-12-24v-luz-de-navegacion-de-puerto\/","og_locale":"es_ES","og_type":"article","og_title":"Navigation Starboard Red CB | 12\/24V - Xenonkungen","og_description":"Red Port Light navigationsljus f\u00f6r babord. 12\/24V, fullt neds\u00e4nkbar, kromat hus och godk\u00e4nd enligt internationella sj\u00f6fartsregler.","og_url":"https:\/\/xenonkungen.com\/es\/producto\/luz-roja-de-puerto-12-24v-luz-de-navegacion-de-puerto\/","og_site_name":"Xenonkungen","article_modified_time":"2026-04-24T16:16:16+00:00","og_image":[{"width":800,"height":800,"url":"https:\/\/xenonkungen.com\/wp-content\/uploads\/2026\/03\/52CR-800x800-1.jpg","type":"image\/jpeg"}],"twitter_card":"summary_large_image","twitter_misc":{"Tiempo de lectura":"1 minuto"},"schema":{"@context":"https:\/\/schema.org","@graph":[{"@type":"WebPage","@id":"https:\/\/xenonkungen.com\/produkt\/red-port-light-12-24v-babord-navigationsljus\/","url":"https:\/\/xenonkungen.com\/produkt\/red-port-light-12-24v-babord-navigationsljus\/","name":"Radio CB roja de estribor | 12\/24V - El rey del xen\u00f3n","isPartOf":{"@id":"https:\/\/xenonkungen.com\/#website"},"primaryImageOfPage":{"@id":"https:\/\/xenonkungen.com\/produkt\/red-port-light-12-24v-babord-navigationsljus\/#primaryimage"},"image":{"@id":"https:\/\/xenonkungen.com\/produkt\/red-port-light-12-24v-babord-navigationsljus\/#primaryimage"},"thumbnailUrl":"https:\/\/xenonkungen.com\/wp-content\/uploads\/2026\/03\/52CR-800x800-1.jpg","datePublished":"2026-03-27T09:40:31+00:00","dateModified":"2026-04-24T16:16:16+00:00","description":"Luz de navegaci\u00f3n roja para puerto. 12\/24 V, totalmente sumergible, carcasa cromada y homologada seg\u00fan la normativa mar\u00edtima internacional.","breadcrumb":{"@id":"https:\/\/xenonkungen.com\/produkt\/red-port-light-12-24v-babord-navigationsljus\/#breadcrumb"},"inLanguage":"es","potentialAction":[{"@type":"ReadAction","target":["https:\/\/xenonkungen.com\/produkt\/red-port-light-12-24v-babord-navigationsljus\/"]}]},{"@type":"ImageObject","inLanguage":"es","@id":"https:\/\/xenonkungen.com\/produkt\/red-port-light-12-24v-babord-navigationsljus\/#primaryimage","url":"https:\/\/xenonkungen.com\/wp-content\/uploads\/2026\/03\/52CR-800x800-1.jpg","contentUrl":"https:\/\/xenonkungen.com\/wp-content\/uploads\/2026\/03\/52CR-800x800-1.jpg","width":800,"height":800},{"@type":"BreadcrumbList","@id":"https:\/\/xenonkungen.com\/produkt\/red-port-light-12-24v-babord-navigationsljus\/#breadcrumb","itemListElement":[{"@type":"ListItem","position":1,"name":"Hem","item":"https:\/\/xenonkungen.com\/"},{"@type":"ListItem","position":2,"name":"Shop","item":"https:\/\/xenonkungen.com\/shop\/"},{"@type":"ListItem","position":3,"name":"Navigation Starboard Red CB | 12\/24V"}]},{"@type":"WebSite","@id":"https:\/\/xenonkungen.com\/#website","url":"https:\/\/xenonkungen.com\/","name":"Xenonkungen","description":"","potentialAction":[{"@type":"SearchAction","target":{"@type":"EntryPoint","urlTemplate":"https:\/\/xenonkungen.com\/?s={search_term_string}"},"query-input":{"@type":"PropertyValueSpecification","valueRequired":true,"valueName":"search_term_string"}}],"inLanguage":"es"}]}},"taxonomy_info":{"anvandningsomrade":[{"value":1388,"label":"B\u00e5t"}],"product_cat":[{"value":2996,"label":"B\u00e5t"}],"pa_storlek-mm":[{"value":3019,"label":"76x52x24"}],"pa_stromforbrukning":[{"value":3020,"label":"0,08A @13,8V"},{"value":1851,"label":"0,18A @28V"}],"pa_volt-v":[{"value":159,"label":"12"},{"value":160,"label":"24"}]},"featured_image_src_large":["https:\/\/xenonkungen.com\/wp-content\/uploads\/2026\/03\/52CR-800x800-1.jpg",800,800,false],"author_info":[],"comment_info":0,"_links":{"self":[{"href":"https:\/\/xenonkungen.com\/es\/wp-json\/wp\/v2\/product\/28606","targetHints":{"allow":["GET"]}}],"collection":[{"href":"https:\/\/xenonkungen.com\/es\/wp-json\/wp\/v2\/product"}],"about":[{"href":"https:\/\/xenonkungen.com\/es\/wp-json\/wp\/v2\/types\/product"}],"replies":[{"embeddable":true,"href":"https:\/\/xenonkungen.com\/es\/wp-json\/wp\/v2\/comments?post=28606"}],"wp:featuredmedia":[{"embeddable":true,"href":"https:\/\/xenonkungen.com\/es\/wp-json\/wp\/v2\/media\/28608"}],"wp:attachment":[{"href":"https:\/\/xenonkungen.com\/es\/wp-json\/wp\/v2\/media?parent=28606"}],"wp:term":[{"taxonomy":"anvandningsomrade","embeddable":true,"href":"https:\/\/xenonkungen.com\/es\/wp-json\/wp\/v2\/anvandningsomrade?post=28606"},{"taxonomy":"bilmarken","embeddable":true,"href":"https:\/\/xenonkungen.com\/es\/wp-json\/wp\/v2\/bilmarken?post=28606"},{"taxonomy":"product_brand","embeddable":true,"href":"https:\/\/xenonkungen.com\/es\/wp-json\/wp\/v2\/product_brand?post=28606"},{"taxonomy":"product_cat","embeddable":true,"href":"https:\/\/xenonkungen.com\/es\/wp-json\/wp\/v2\/product_cat?post=28606"},{"taxonomy":"product_tag","embeddable":true,"href":"https:\/\/xenonkungen.com\/es\/wp-json\/wp\/v2\/product_tag?post=28606"}],"curies":[{"name":"wp","href":"https:\/\/api.w.org\/{rel}","templated":true}]}}