{"id":2875,"date":"2025-04-15T08:45:12","date_gmt":"2025-04-15T08:45:12","guid":{"rendered":"https:\/\/xenonkungen.com\/product\/briodlights-extraljusramp-10-varme-pos-ljus-5700lm\/"},"modified":"2026-04-24T16:48:57","modified_gmt":"2026-04-24T15:48:57","slug":"barra-de-luz-adicional-briodlights-10-luces-calidas-5700-lm","status":"publish","type":"product","link":"https:\/\/xenonkungen.com\/es\/producto\/barra-de-luz-adicional-briodlights-10-luces-calidas-5700-lm\/","title":{"rendered":"BriodLights rampa de luz extra 10\u2033 calor pos luz 5700lm"},"content":{"rendered":"<h1>BriodLights Rampa de luz extra 353 mm LED<\/h1>\n<p>BriodLights presenta su barra de luz auxiliar LED de 353 mm: una fuente de luz robusta y fiable para todo tipo de iluminaci\u00f3n de veh\u00edculos. Dise\u00f1ada pensando en la durabilidad y la funcionalidad, esta barra de luz auxiliar ofrece una imagen de luz intensa en cualquier condici\u00f3n.<\/p>\n<h2>Construcci\u00f3n robusta<\/h2>\n<p>La carcasa de la l\u00e1mpara est\u00e1 hecha de aluminio negro, lo que la hace resistente y duradera. Est\u00e1 dise\u00f1ada para soportar condiciones clim\u00e1ticas adversas y terrenos accidentados, lo que la convierte en una excelente opci\u00f3n para cualquier aplicaci\u00f3n de iluminaci\u00f3n de veh\u00edculos.<\/p>\n<h2>Funci\u00f3n de calefacci\u00f3n integrada<\/h2>\n<p>Una caracter\u00edstica \u00fanica de esta barra de luz auxiliar es el sistema de calefacci\u00f3n integrado en el cristal. Esta tecnolog\u00eda garantiza que el foco siga funcionando eficientemente incluso en condiciones de fr\u00edo. El sistema de calefacci\u00f3n se apaga autom\u00e1ticamente a +40 grados, lo que ayuda a prolongar la vida \u00fatil del producto y a mantener su rendimiento.<\/p>\n<h2>F\u00e1cil instalaci\u00f3n<\/h2>\n<p>La barra de luz adicional se suministra con un soporte de acero inoxidable, lo que facilita su instalaci\u00f3n. Para mayor flexibilidad, se incluyen soportes para montaje lateral e inferior.<\/p>\n<h2>Funcional y eficiente<\/h2>\n<p>Con un conector DT de 3 pines y una luz de estacionamiento integrada en la parte superior, esta barra de luces auxiliares combina una iluminaci\u00f3n eficiente con funciones pr\u00e1cticas. Tanto si conduce por autopista como por zonas oscuras, puede confiar en la barra de luces auxiliares BriodLight para obtener la iluminaci\u00f3n que necesita.<\/p>","protected":false},"excerpt":{"rendered":"<p>BriodLights Extraljusramp 353 mm LED BriodLights introducerar sin 353 mm LED extraljusramp &#8211; en robust och p\u00e5litlig ljusk\u00e4lla f\u00f6r alla typer av fordonsbelysning. Denna extraljusramp \u00e4r utformad med tanke p\u00e5 h\u00e5llbarhet och funktionalitet, och erbjuder en intensiv ljusbild i alla f\u00f6rh\u00e5llanden. Robust Konstruktion Lamphuset \u00e4r tillverkat i svart aluminium, vilket g\u00f6r rampen b\u00e5de slitstark och [&hellip;]<\/p>","protected":false},"featured_media":2876,"comment_status":"closed","ping_status":"closed","template":"","meta":{"_acf_changed":false,"_smort_price_nok":"3199","_smort_price_dkk":"2032","_smort_price_eur":"272.26","_smort_sale_price_nok":"","_smort_sale_price_dkk":"","_smort_sale_price_eur":"","smort_restorder":"","shipmondo_restorder":"","_kad_blocks_custom_css":"","_kad_blocks_head_custom_js":"","_kad_blocks_body_custom_js":"","_kad_blocks_footer_custom_js":"","smort_custom_pricelist_1":"1916.8","smort_custom_pricelist_2":"1677.2","smort_custom_pricelist_3":"1593.34","smort_custom_pricelist_4":"2396","smort_custom_pricelist_5":"1677.2"},"anvandningsomrade":[],"bilmarken":[],"product_brand":[92],"product_cat":[2966,2539,1402],"product_tag":[2788],"class_list":{"0":"post-2875","1":"product","2":"type-product","3":"status-publish","4":"has-post-thumbnail","6":"product_brand-briodlights","7":"product_cat-ledramp-rak","8":"product_cat-ledramper","9":"product_cat-outlet","10":"product_tag-black-week-exclude","11":"pa_fargtemperatur-6000k","12":"pa_fuktskydd-varde-ipxx-ip68k","13":"pa_godkannande-ce-ece-r10-r112","14":"pa_lampsockel-kontakt-dt","15":"pa_led-chips-effekt-w-694","16":"pa_storlek-mm-353x58x76","17":"pa_stromforbrukning-21a24v","18":"pa_stromforbrukning-42a12v","19":"pa_volt-v-multivolt-9-12-16-18-24-28-30-32","21":"first","22":"instock","23":"sale","24":"taxable","25":"shipping-taxable","26":"purchasable","27":"product-type-simple"},"bundled_by":[],"bundle_stock_status":"instock","bundle_stock_quantity":1,"bundle_virtual":false,"bundle_layout":"","bundle_add_to_cart_form_location":"","bundle_editable_in_cart":false,"bundle_sold_individually_context":"","bundle_item_grouping":"","bundle_min_size":"","bundle_max_size":"","bundle_price":[],"bundled_items":[],"bundle_sell_ids":[],"acf":[],"yoast_head":"<!-- This site is optimized with the Yoast SEO plugin v27.0 - https:\/\/yoast.com\/product\/yoast-seo-wordpress\/ -->\n<title>BriodLights Extraljusramp 10&quot; V\u00e4rme pos ljus 5700lm - Xenonkungen<\/title>\n<meta name=\"robots\" content=\"index, follow, max-snippet:-1, max-image-preview:large, max-video-preview:-1\" \/>\n<link rel=\"canonical\" href=\"https:\/\/xenonkungen.com\/es\/producto\/barra-de-luz-adicional-briodlights-10-luces-calidas-5700-lm\/\" \/>\n<meta property=\"og:locale\" content=\"es_ES\" \/>\n<meta property=\"og:type\" content=\"article\" \/>\n<meta property=\"og:title\" content=\"BriodLights Extraljusramp 10&quot; V\u00e4rme pos ljus 5700lm - Xenonkungen\" \/>\n<meta property=\"og:description\" content=\"BriodLights Extraljusramp 353 mm LED BriodLights introducerar sin 353 mm LED extraljusramp &#8211; en robust och p\u00e5litlig ljusk\u00e4lla f\u00f6r alla typer av fordonsbelysning. Denna extraljusramp \u00e4r utformad med tanke p\u00e5 h\u00e5llbarhet och funktionalitet, och erbjuder en intensiv ljusbild i alla f\u00f6rh\u00e5llanden. Robust Konstruktion Lamphuset \u00e4r tillverkat i svart aluminium, vilket g\u00f6r rampen b\u00e5de slitstark och [&hellip;]\" \/>\n<meta property=\"og:url\" content=\"https:\/\/xenonkungen.com\/es\/producto\/barra-de-luz-adicional-briodlights-10-luces-calidas-5700-lm\/\" \/>\n<meta property=\"og:site_name\" content=\"Xenonkungen\" \/>\n<meta property=\"article:modified_time\" content=\"2026-04-24T15:48:57+00:00\" \/>\n<meta property=\"og:image\" content=\"https:\/\/xenonkungen.com\/wp-content\/uploads\/2025\/04\/15215_itemimage_mainfront.jpg\" \/>\n\t<meta property=\"og:image:width\" content=\"2048\" \/>\n\t<meta property=\"og:image:height\" content=\"1536\" \/>\n\t<meta property=\"og:image:type\" content=\"image\/jpeg\" \/>\n<meta name=\"twitter:card\" content=\"summary_large_image\" \/>\n<meta name=\"twitter:label1\" content=\"Tiempo de lectura\" \/>\n\t<meta name=\"twitter:data1\" content=\"2 minutos\" \/>\n<script type=\"application\/ld+json\" class=\"yoast-schema-graph\">{\"@context\":\"https:\/\/schema.org\",\"@graph\":[{\"@type\":\"WebPage\",\"@id\":\"https:\/\/xenonkungen.com\/produkt\/briodlights-extraljusramp-10-varme-pos-ljus-5700lm\/\",\"url\":\"https:\/\/xenonkungen.com\/produkt\/briodlights-extraljusramp-10-varme-pos-ljus-5700lm\/\",\"name\":\"BriodLights Extraljusramp 10\\\" V\u00e4rme pos ljus 5700lm - Xenonkungen\",\"isPartOf\":{\"@id\":\"https:\/\/xenonkungen.com\/#website\"},\"primaryImageOfPage\":{\"@id\":\"https:\/\/xenonkungen.com\/produkt\/briodlights-extraljusramp-10-varme-pos-ljus-5700lm\/#primaryimage\"},\"image\":{\"@id\":\"https:\/\/xenonkungen.com\/produkt\/briodlights-extraljusramp-10-varme-pos-ljus-5700lm\/#primaryimage\"},\"thumbnailUrl\":\"https:\/\/xenonkungen.com\/wp-content\/uploads\/2025\/04\/15215_itemimage_mainfront.jpg\",\"datePublished\":\"2025-04-15T08:45:12+00:00\",\"dateModified\":\"2026-04-24T15:48:57+00:00\",\"breadcrumb\":{\"@id\":\"https:\/\/xenonkungen.com\/produkt\/briodlights-extraljusramp-10-varme-pos-ljus-5700lm\/#breadcrumb\"},\"inLanguage\":\"es\",\"potentialAction\":[{\"@type\":\"ReadAction\",\"target\":[\"https:\/\/xenonkungen.com\/produkt\/briodlights-extraljusramp-10-varme-pos-ljus-5700lm\/\"]}]},{\"@type\":\"ImageObject\",\"inLanguage\":\"es\",\"@id\":\"https:\/\/xenonkungen.com\/produkt\/briodlights-extraljusramp-10-varme-pos-ljus-5700lm\/#primaryimage\",\"url\":\"https:\/\/xenonkungen.com\/wp-content\/uploads\/2025\/04\/15215_itemimage_mainfront.jpg\",\"contentUrl\":\"https:\/\/xenonkungen.com\/wp-content\/uploads\/2025\/04\/15215_itemimage_mainfront.jpg\",\"width\":2048,\"height\":1536},{\"@type\":\"BreadcrumbList\",\"@id\":\"https:\/\/xenonkungen.com\/produkt\/briodlights-extraljusramp-10-varme-pos-ljus-5700lm\/#breadcrumb\",\"itemListElement\":[{\"@type\":\"ListItem\",\"position\":1,\"name\":\"Hem\",\"item\":\"https:\/\/xenonkungen.com\/\"},{\"@type\":\"ListItem\",\"position\":2,\"name\":\"Shop\",\"item\":\"https:\/\/xenonkungen.com\/shop\/\"},{\"@type\":\"ListItem\",\"position\":3,\"name\":\"BriodLights Extraljusramp 10&#8243; V\u00e4rme pos ljus 5700lm\"}]},{\"@type\":\"WebSite\",\"@id\":\"https:\/\/xenonkungen.com\/#website\",\"url\":\"https:\/\/xenonkungen.com\/\",\"name\":\"Xenonkungen\",\"description\":\"\",\"potentialAction\":[{\"@type\":\"SearchAction\",\"target\":{\"@type\":\"EntryPoint\",\"urlTemplate\":\"https:\/\/xenonkungen.com\/?s={search_term_string}\"},\"query-input\":{\"@type\":\"PropertyValueSpecification\",\"valueRequired\":true,\"valueName\":\"search_term_string\"}}],\"inLanguage\":\"es\"}]}<\/script>\n<!-- \/ Yoast SEO plugin. -->","yoast_head_json":{"title":"BriodLights Barra de luz adicional de 10&quot;, luz de posici\u00f3n t\u00e9rmica de 5700 lm - Xen\u00f3n","robots":{"index":"index","follow":"follow","max-snippet":"max-snippet:-1","max-image-preview":"max-image-preview:large","max-video-preview":"max-video-preview:-1"},"canonical":"https:\/\/xenonkungen.com\/es\/producto\/barra-de-luz-adicional-briodlights-10-luces-calidas-5700-lm\/","og_locale":"es_ES","og_type":"article","og_title":"BriodLights Extraljusramp 10\" V\u00e4rme pos ljus 5700lm - Xenonkungen","og_description":"BriodLights Extraljusramp 353 mm LED BriodLights introducerar sin 353 mm LED extraljusramp &#8211; en robust och p\u00e5litlig ljusk\u00e4lla f\u00f6r alla typer av fordonsbelysning. Denna extraljusramp \u00e4r utformad med tanke p\u00e5 h\u00e5llbarhet och funktionalitet, och erbjuder en intensiv ljusbild i alla f\u00f6rh\u00e5llanden. Robust Konstruktion Lamphuset \u00e4r tillverkat i svart aluminium, vilket g\u00f6r rampen b\u00e5de slitstark och [&hellip;]","og_url":"https:\/\/xenonkungen.com\/es\/producto\/barra-de-luz-adicional-briodlights-10-luces-calidas-5700-lm\/","og_site_name":"Xenonkungen","article_modified_time":"2026-04-24T15:48:57+00:00","og_image":[{"width":2048,"height":1536,"url":"https:\/\/xenonkungen.com\/wp-content\/uploads\/2025\/04\/15215_itemimage_mainfront.jpg","type":"image\/jpeg"}],"twitter_card":"summary_large_image","twitter_misc":{"Tiempo de lectura":"2 minutos"},"schema":{"@context":"https:\/\/schema.org","@graph":[{"@type":"WebPage","@id":"https:\/\/xenonkungen.com\/produkt\/briodlights-extraljusramp-10-varme-pos-ljus-5700lm\/","url":"https:\/\/xenonkungen.com\/produkt\/briodlights-extraljusramp-10-varme-pos-ljus-5700lm\/","name":"BriodLights Barra de luz adicional de 10&quot;, luz de posici\u00f3n t\u00e9rmica de 5700 lm - Xen\u00f3n","isPartOf":{"@id":"https:\/\/xenonkungen.com\/#website"},"primaryImageOfPage":{"@id":"https:\/\/xenonkungen.com\/produkt\/briodlights-extraljusramp-10-varme-pos-ljus-5700lm\/#primaryimage"},"image":{"@id":"https:\/\/xenonkungen.com\/produkt\/briodlights-extraljusramp-10-varme-pos-ljus-5700lm\/#primaryimage"},"thumbnailUrl":"https:\/\/xenonkungen.com\/wp-content\/uploads\/2025\/04\/15215_itemimage_mainfront.jpg","datePublished":"2025-04-15T08:45:12+00:00","dateModified":"2026-04-24T15:48:57+00:00","breadcrumb":{"@id":"https:\/\/xenonkungen.com\/produkt\/briodlights-extraljusramp-10-varme-pos-ljus-5700lm\/#breadcrumb"},"inLanguage":"es","potentialAction":[{"@type":"ReadAction","target":["https:\/\/xenonkungen.com\/produkt\/briodlights-extraljusramp-10-varme-pos-ljus-5700lm\/"]}]},{"@type":"ImageObject","inLanguage":"es","@id":"https:\/\/xenonkungen.com\/produkt\/briodlights-extraljusramp-10-varme-pos-ljus-5700lm\/#primaryimage","url":"https:\/\/xenonkungen.com\/wp-content\/uploads\/2025\/04\/15215_itemimage_mainfront.jpg","contentUrl":"https:\/\/xenonkungen.com\/wp-content\/uploads\/2025\/04\/15215_itemimage_mainfront.jpg","width":2048,"height":1536},{"@type":"BreadcrumbList","@id":"https:\/\/xenonkungen.com\/produkt\/briodlights-extraljusramp-10-varme-pos-ljus-5700lm\/#breadcrumb","itemListElement":[{"@type":"ListItem","position":1,"name":"Hem","item":"https:\/\/xenonkungen.com\/"},{"@type":"ListItem","position":2,"name":"Shop","item":"https:\/\/xenonkungen.com\/shop\/"},{"@type":"ListItem","position":3,"name":"BriodLights Extraljusramp 10&#8243; V\u00e4rme pos ljus 5700lm"}]},{"@type":"WebSite","@id":"https:\/\/xenonkungen.com\/#website","url":"https:\/\/xenonkungen.com\/","name":"Xenonkungen","description":"","potentialAction":[{"@type":"SearchAction","target":{"@type":"EntryPoint","urlTemplate":"https:\/\/xenonkungen.com\/?s={search_term_string}"},"query-input":{"@type":"PropertyValueSpecification","valueRequired":true,"valueName":"search_term_string"}}],"inLanguage":"es"}]}},"taxonomy_info":{"product_brand":[{"value":92,"label":"Briodlights"}],"product_cat":[{"value":2966,"label":"Ledramp Rak"},{"value":2539,"label":"LEDRAMPER"},{"value":1402,"label":"Outlet"}],"product_tag":[{"value":2788,"label":"black-week-exclude"}],"pa_fargtemperatur":[{"value":188,"label":"6000K"}],"pa_fuktskydd-varde-ipxx":[{"value":682,"label":"IP68K"}],"pa_godkannande":[{"value":970,"label":"CE, ECE, R10, R112"}],"pa_lampsockel-kontakt":[{"value":329,"label":"DT"}],"pa_led-chips-effekt-w":[{"value":694,"label":"60"}],"pa_storlek-mm":[{"value":967,"label":"353x58x76"}],"pa_stromforbrukning":[{"value":969,"label":"2,1A@24V"},{"value":968,"label":"4,2A@12V"}],"pa_volt-v":[{"value":521,"label":"Multivolt, 9, 12, 16, 18, 24, 28, 30, 32"}]},"featured_image_src_large":["https:\/\/xenonkungen.com\/wp-content\/uploads\/2025\/04\/15215_itemimage_mainfront-1024x768.jpg",1024,768,true],"author_info":[],"comment_info":0,"_links":{"self":[{"href":"https:\/\/xenonkungen.com\/es\/wp-json\/wp\/v2\/product\/2875","targetHints":{"allow":["GET"]}}],"collection":[{"href":"https:\/\/xenonkungen.com\/es\/wp-json\/wp\/v2\/product"}],"about":[{"href":"https:\/\/xenonkungen.com\/es\/wp-json\/wp\/v2\/types\/product"}],"replies":[{"embeddable":true,"href":"https:\/\/xenonkungen.com\/es\/wp-json\/wp\/v2\/comments?post=2875"}],"wp:featuredmedia":[{"embeddable":true,"href":"https:\/\/xenonkungen.com\/es\/wp-json\/wp\/v2\/media\/2876"}],"wp:attachment":[{"href":"https:\/\/xenonkungen.com\/es\/wp-json\/wp\/v2\/media?parent=2875"}],"wp:term":[{"taxonomy":"anvandningsomrade","embeddable":true,"href":"https:\/\/xenonkungen.com\/es\/wp-json\/wp\/v2\/anvandningsomrade?post=2875"},{"taxonomy":"bilmarken","embeddable":true,"href":"https:\/\/xenonkungen.com\/es\/wp-json\/wp\/v2\/bilmarken?post=2875"},{"taxonomy":"product_brand","embeddable":true,"href":"https:\/\/xenonkungen.com\/es\/wp-json\/wp\/v2\/product_brand?post=2875"},{"taxonomy":"product_cat","embeddable":true,"href":"https:\/\/xenonkungen.com\/es\/wp-json\/wp\/v2\/product_cat?post=2875"},{"taxonomy":"product_tag","embeddable":true,"href":"https:\/\/xenonkungen.com\/es\/wp-json\/wp\/v2\/product_tag?post=2875"}],"curies":[{"name":"wp","href":"https:\/\/api.w.org\/{rel}","templated":true}]}}