{"id":2897,"date":"2025-04-15T08:45:40","date_gmt":"2025-04-15T08:45:40","guid":{"rendered":"https:\/\/xenonkungen.com\/product\/luxtar-q1-led-h3\/"},"modified":"2026-04-24T16:46:57","modified_gmt":"2026-04-24T15:46:57","slug":"luxtar-q1-led-h3","status":"publish","type":"product","link":"https:\/\/xenonkungen.com\/es\/producto\/luxtar-q1-led-h3\/","title":{"rendered":"Luxtar\u00ae Q1 Led H3"},"content":{"rendered":"<p><strong>Perfecto tanto para moto como para coche. <\/strong><\/p>\n<p>Luxtar Q1 LED es una nueva gama de l\u00e1mparas LED de conversi\u00f3n que sustituye a la l\u00e1mpara hal\u00f3gena y proporciona hasta 300% m\u00e1s de luz en la carretera en comparaci\u00f3n con una l\u00e1mpara hal\u00f3gena tradicional de 55W.<\/p>\n<p>El Luxtar Q1 no requiere una resistencia separada como la mayor\u00eda de los otros modelos del mercado y hace posible la conversi\u00f3n a LED de motocicletas, scooters y ATVs que anteriormente ten\u00edan problemas de espacio para la resistencia extra. <\/p>\n<p>Luxtar Q1 LED es adecuado para la luz de carretera, as\u00ed como la luz de cruce y luz antiniebla, pero tenga en cuenta que esto no est\u00e1 aprobado o legal.<\/p>\n<p><strong>Es bueno saberlo<\/strong><br \/>Independencia de la polaridad.<br \/>Q1 LED en las bases de l\u00e1mpara H1, H3 y H7 tienen una base de l\u00e1mpara giratoria y girando la l\u00e1mpara se ajusta el patr\u00f3n de luz.<br \/>Con certificaci\u00f3n IP65, es decir, resistente al polvo y al agua hasta el punto de soportar el agua corriente.<br \/>La serie Q1 tiene una potencia de 20-25 W y no es compatible con veh\u00edculos equipados con sistemas CANbus\/monitorizaci\u00f3n de faros. La potencia debe corresponder a la de la bombilla original (55 W) para evitar una indicaci\u00f3n incorrecta. <br \/>Luxtar Q1 tambi\u00e9n se adapta a otros veh\u00edculos con toma H3, como tractores, autocaravanas y camiones.<\/p>\n<p><strong>Contenido de la entrega:<\/strong><br \/>1 bombilla LED Luxtar Q1 H3<\/p>\n<p><strong>Garant\u00eda funcional:<\/strong> 1 a\u00f1o<\/p>","protected":false},"excerpt":{"rendered":"<p>LUXTAR\u00ae Q1 es una nueva gama de l\u00e1mparas LED con instalaci\u00f3n Plug-n-Play que sustituye a la l\u00e1mpara hal\u00f3gena existente en la luz de carretera, la luz de cruce o la luz antiniebla.<br \/>\n<b>Brillo +300%<\/b><br \/>\nAumenta la luminosidad hasta 300% frente a una l\u00e1mpara hal\u00f3gena est\u00e1ndar de 55 W.<br \/>\n<b>\u00c1mbitos de utilizaci\u00f3n<\/b><br \/>\nMoto, coche, autocaravana, tractores, ATV<br \/>\n<b>Contenido de la entrega<\/b><br \/>\n1x LUXTAR\u00ae Q1 LED H3<\/p>","protected":false},"featured_media":2898,"comment_status":"closed","ping_status":"open","template":"","meta":{"_acf_changed":false,"_smort_price_nok":"347","_smort_price_dkk":"221","_smort_price_eur":"29.54","_smort_sale_price_nok":"","_smort_sale_price_dkk":"","_smort_sale_price_eur":"","smort_restorder":"","shipmondo_restorder":"","_kad_blocks_custom_css":"","_kad_blocks_head_custom_js":"","_kad_blocks_body_custom_js":"","_kad_blocks_footer_custom_js":"","smort_custom_pricelist_1":"208","smort_custom_pricelist_2":"182","smort_custom_pricelist_3":"172.9","smort_custom_pricelist_4":"260","smort_custom_pricelist_5":"182"},"anvandningsomrade":[398],"bilmarken":[],"product_brand":[103],"product_cat":[2826,733],"product_tag":[],"class_list":{"0":"post-2897","1":"product","2":"type-product","3":"status-publish","4":"has-post-thumbnail","6":"anvandningsomrade-motorcykel","7":"product_brand-luxtar","8":"product_cat-luxtar","9":"product_cat-halvljus-helljus","10":"pa_fargtemperatur-6500k","11":"pa_fuktskydd-varde-ipxx-ip65","12":"pa_lampsockel-kontakt-h3","13":"pa_volt-v-12-24","15":"first","16":"instock","17":"taxable","18":"shipping-taxable","19":"purchasable","20":"product-type-simple"},"bundled_by":[],"bundle_stock_status":"instock","bundle_stock_quantity":61,"bundle_virtual":false,"bundle_layout":"","bundle_add_to_cart_form_location":"","bundle_editable_in_cart":false,"bundle_sold_individually_context":"","bundle_item_grouping":"","bundle_min_size":"","bundle_max_size":"","bundle_price":[],"bundled_items":[],"bundle_sell_ids":[],"acf":[],"yoast_head":"<!-- This site is optimized with the Yoast SEO plugin v27.0 - https:\/\/yoast.com\/product\/yoast-seo-wordpress\/ -->\n<title>Luxtar\u00ae Q1 Led H3 - Xenonkungen<\/title>\n<meta name=\"robots\" content=\"index, follow, max-snippet:-1, max-image-preview:large, max-video-preview:-1\" \/>\n<link rel=\"canonical\" href=\"https:\/\/xenonkungen.com\/es\/producto\/luxtar-q1-led-h3\/\" \/>\n<meta property=\"og:locale\" content=\"es_ES\" \/>\n<meta property=\"og:type\" content=\"article\" \/>\n<meta property=\"og:title\" content=\"Luxtar\u00ae Q1 Led H3 - Xenonkungen\" \/>\n<meta property=\"og:description\" content=\"LUXTAR\u00ae Q1 \u00e4r ny serie LED lampor med en Plug-n-Play installation ers\u00e4tter befintlig halogen lampa i helljus, halvljus eller dimljus. Ljusstyrka +300% \u00d6kar ljusstyrkan med upp till 300% mot en standard 55W halogenlampa. Anv\u00e4ndningsomr\u00e5den MC, bil, husbil, traktorer, ATV Leveransinneh\u00e5ll 1st LUXTAR\u00ae Q1 LED H3\" \/>\n<meta property=\"og:url\" content=\"https:\/\/xenonkungen.com\/es\/producto\/luxtar-q1-led-h3\/\" \/>\n<meta property=\"og:site_name\" content=\"Xenonkungen\" \/>\n<meta property=\"article:modified_time\" content=\"2026-04-24T15:46:57+00:00\" \/>\n<meta property=\"og:image\" content=\"https:\/\/xenonkungen.com\/wp-content\/uploads\/2025\/04\/172527189-origpic-699154.png\" \/>\n\t<meta property=\"og:image:width\" content=\"1000\" \/>\n\t<meta property=\"og:image:height\" content=\"1000\" \/>\n\t<meta property=\"og:image:type\" content=\"image\/png\" \/>\n<meta name=\"twitter:card\" content=\"summary_large_image\" \/>\n<meta name=\"twitter:label1\" content=\"Tiempo de lectura\" \/>\n\t<meta name=\"twitter:data1\" content=\"1 minuto\" \/>\n<script type=\"application\/ld+json\" class=\"yoast-schema-graph\">{\"@context\":\"https:\/\/schema.org\",\"@graph\":[{\"@type\":\"WebPage\",\"@id\":\"https:\/\/xenonkungen.com\/produkt\/luxtar-q1-led-h3\/\",\"url\":\"https:\/\/xenonkungen.com\/produkt\/luxtar-q1-led-h3\/\",\"name\":\"Luxtar\u00ae Q1 Led H3 - Xenonkungen\",\"isPartOf\":{\"@id\":\"https:\/\/xenonkungen.com\/#website\"},\"primaryImageOfPage\":{\"@id\":\"https:\/\/xenonkungen.com\/produkt\/luxtar-q1-led-h3\/#primaryimage\"},\"image\":{\"@id\":\"https:\/\/xenonkungen.com\/produkt\/luxtar-q1-led-h3\/#primaryimage\"},\"thumbnailUrl\":\"https:\/\/xenonkungen.com\/wp-content\/uploads\/2025\/04\/172527189-origpic-699154.png\",\"datePublished\":\"2025-04-15T08:45:40+00:00\",\"dateModified\":\"2026-04-24T15:46:57+00:00\",\"breadcrumb\":{\"@id\":\"https:\/\/xenonkungen.com\/produkt\/luxtar-q1-led-h3\/#breadcrumb\"},\"inLanguage\":\"es\",\"potentialAction\":[{\"@type\":\"ReadAction\",\"target\":[\"https:\/\/xenonkungen.com\/produkt\/luxtar-q1-led-h3\/\"]}]},{\"@type\":\"ImageObject\",\"inLanguage\":\"es\",\"@id\":\"https:\/\/xenonkungen.com\/produkt\/luxtar-q1-led-h3\/#primaryimage\",\"url\":\"https:\/\/xenonkungen.com\/wp-content\/uploads\/2025\/04\/172527189-origpic-699154.png\",\"contentUrl\":\"https:\/\/xenonkungen.com\/wp-content\/uploads\/2025\/04\/172527189-origpic-699154.png\",\"width\":1000,\"height\":1000},{\"@type\":\"BreadcrumbList\",\"@id\":\"https:\/\/xenonkungen.com\/produkt\/luxtar-q1-led-h3\/#breadcrumb\",\"itemListElement\":[{\"@type\":\"ListItem\",\"position\":1,\"name\":\"Hem\",\"item\":\"https:\/\/xenonkungen.com\/\"},{\"@type\":\"ListItem\",\"position\":2,\"name\":\"Shop\",\"item\":\"https:\/\/xenonkungen.com\/shop\/\"},{\"@type\":\"ListItem\",\"position\":3,\"name\":\"Luxtar\u00ae Q1 Led H3\"}]},{\"@type\":\"WebSite\",\"@id\":\"https:\/\/xenonkungen.com\/#website\",\"url\":\"https:\/\/xenonkungen.com\/\",\"name\":\"Xenonkungen\",\"description\":\"\",\"potentialAction\":[{\"@type\":\"SearchAction\",\"target\":{\"@type\":\"EntryPoint\",\"urlTemplate\":\"https:\/\/xenonkungen.com\/?s={search_term_string}\"},\"query-input\":{\"@type\":\"PropertyValueSpecification\",\"valueRequired\":true,\"valueName\":\"search_term_string\"}}],\"inLanguage\":\"es\"}]}<\/script>\n<!-- \/ Yoast SEO plugin. -->","yoast_head_json":{"title":"Luxtar\u00ae Q1 Led H3 - El rey del xen\u00f3n","robots":{"index":"index","follow":"follow","max-snippet":"max-snippet:-1","max-image-preview":"max-image-preview:large","max-video-preview":"max-video-preview:-1"},"canonical":"https:\/\/xenonkungen.com\/es\/producto\/luxtar-q1-led-h3\/","og_locale":"es_ES","og_type":"article","og_title":"Luxtar\u00ae Q1 Led H3 - Xenonkungen","og_description":"LUXTAR\u00ae Q1 \u00e4r ny serie LED lampor med en Plug-n-Play installation ers\u00e4tter befintlig halogen lampa i helljus, halvljus eller dimljus. Ljusstyrka +300% \u00d6kar ljusstyrkan med upp till 300% mot en standard 55W halogenlampa. Anv\u00e4ndningsomr\u00e5den MC, bil, husbil, traktorer, ATV Leveransinneh\u00e5ll 1st LUXTAR\u00ae Q1 LED H3","og_url":"https:\/\/xenonkungen.com\/es\/producto\/luxtar-q1-led-h3\/","og_site_name":"Xenonkungen","article_modified_time":"2026-04-24T15:46:57+00:00","og_image":[{"width":1000,"height":1000,"url":"https:\/\/xenonkungen.com\/wp-content\/uploads\/2025\/04\/172527189-origpic-699154.png","type":"image\/png"}],"twitter_card":"summary_large_image","twitter_misc":{"Tiempo de lectura":"1 minuto"},"schema":{"@context":"https:\/\/schema.org","@graph":[{"@type":"WebPage","@id":"https:\/\/xenonkungen.com\/produkt\/luxtar-q1-led-h3\/","url":"https:\/\/xenonkungen.com\/produkt\/luxtar-q1-led-h3\/","name":"Luxtar\u00ae Q1 Led H3 - El rey del xen\u00f3n","isPartOf":{"@id":"https:\/\/xenonkungen.com\/#website"},"primaryImageOfPage":{"@id":"https:\/\/xenonkungen.com\/produkt\/luxtar-q1-led-h3\/#primaryimage"},"image":{"@id":"https:\/\/xenonkungen.com\/produkt\/luxtar-q1-led-h3\/#primaryimage"},"thumbnailUrl":"https:\/\/xenonkungen.com\/wp-content\/uploads\/2025\/04\/172527189-origpic-699154.png","datePublished":"2025-04-15T08:45:40+00:00","dateModified":"2026-04-24T15:46:57+00:00","breadcrumb":{"@id":"https:\/\/xenonkungen.com\/produkt\/luxtar-q1-led-h3\/#breadcrumb"},"inLanguage":"es","potentialAction":[{"@type":"ReadAction","target":["https:\/\/xenonkungen.com\/produkt\/luxtar-q1-led-h3\/"]}]},{"@type":"ImageObject","inLanguage":"es","@id":"https:\/\/xenonkungen.com\/produkt\/luxtar-q1-led-h3\/#primaryimage","url":"https:\/\/xenonkungen.com\/wp-content\/uploads\/2025\/04\/172527189-origpic-699154.png","contentUrl":"https:\/\/xenonkungen.com\/wp-content\/uploads\/2025\/04\/172527189-origpic-699154.png","width":1000,"height":1000},{"@type":"BreadcrumbList","@id":"https:\/\/xenonkungen.com\/produkt\/luxtar-q1-led-h3\/#breadcrumb","itemListElement":[{"@type":"ListItem","position":1,"name":"Hem","item":"https:\/\/xenonkungen.com\/"},{"@type":"ListItem","position":2,"name":"Shop","item":"https:\/\/xenonkungen.com\/shop\/"},{"@type":"ListItem","position":3,"name":"Luxtar\u00ae Q1 Led H3"}]},{"@type":"WebSite","@id":"https:\/\/xenonkungen.com\/#website","url":"https:\/\/xenonkungen.com\/","name":"Xenonkungen","description":"","potentialAction":[{"@type":"SearchAction","target":{"@type":"EntryPoint","urlTemplate":"https:\/\/xenonkungen.com\/?s={search_term_string}"},"query-input":{"@type":"PropertyValueSpecification","valueRequired":true,"valueName":"search_term_string"}}],"inLanguage":"es"}]}},"taxonomy_info":{"anvandningsomrade":[{"value":398,"label":"Motorcykel"}],"product_brand":[{"value":103,"label":"LUXTAR"}],"product_cat":[{"value":2826,"label":"LUXTAR"},{"value":733,"label":"Halvljus \/ Helljus"}],"pa_fargtemperatur":[{"value":353,"label":"6500K"}],"pa_fuktskydd-varde-ipxx":[{"value":520,"label":"IP65"}],"pa_lampsockel-kontakt":[{"value":339,"label":"H3"}],"pa_volt-v":[{"value":348,"label":"12, 24"}]},"featured_image_src_large":["https:\/\/xenonkungen.com\/wp-content\/uploads\/2025\/04\/172527189-origpic-699154.png",1000,1000,false],"author_info":[],"comment_info":0,"_links":{"self":[{"href":"https:\/\/xenonkungen.com\/es\/wp-json\/wp\/v2\/product\/2897","targetHints":{"allow":["GET"]}}],"collection":[{"href":"https:\/\/xenonkungen.com\/es\/wp-json\/wp\/v2\/product"}],"about":[{"href":"https:\/\/xenonkungen.com\/es\/wp-json\/wp\/v2\/types\/product"}],"replies":[{"embeddable":true,"href":"https:\/\/xenonkungen.com\/es\/wp-json\/wp\/v2\/comments?post=2897"}],"wp:featuredmedia":[{"embeddable":true,"href":"https:\/\/xenonkungen.com\/es\/wp-json\/wp\/v2\/media\/2898"}],"wp:attachment":[{"href":"https:\/\/xenonkungen.com\/es\/wp-json\/wp\/v2\/media?parent=2897"}],"wp:term":[{"taxonomy":"anvandningsomrade","embeddable":true,"href":"https:\/\/xenonkungen.com\/es\/wp-json\/wp\/v2\/anvandningsomrade?post=2897"},{"taxonomy":"bilmarken","embeddable":true,"href":"https:\/\/xenonkungen.com\/es\/wp-json\/wp\/v2\/bilmarken?post=2897"},{"taxonomy":"product_brand","embeddable":true,"href":"https:\/\/xenonkungen.com\/es\/wp-json\/wp\/v2\/product_brand?post=2897"},{"taxonomy":"product_cat","embeddable":true,"href":"https:\/\/xenonkungen.com\/es\/wp-json\/wp\/v2\/product_cat?post=2897"},{"taxonomy":"product_tag","embeddable":true,"href":"https:\/\/xenonkungen.com\/es\/wp-json\/wp\/v2\/product_tag?post=2897"}],"curies":[{"name":"wp","href":"https:\/\/api.w.org\/{rel}","templated":true}]}}