{"id":29025,"date":"2026-04-09T13:05:36","date_gmt":"2026-04-09T12:05:36","guid":{"rendered":"https:\/\/xenonkungen.com\/?post_type=product&#038;p=29025"},"modified":"2026-04-09T15:15:50","modified_gmt":"2026-04-09T14:15:50","slug":"luxtar-airjazz-relaxing-tropical-fruits","status":"publish","type":"product","link":"https:\/\/xenonkungen.com\/es\/producto\/luxtar-airjazz-relaxing-tropical-fruits\/","title":{"rendered":"Luxtar AirJazz \u2013 Frutas Tropicales Relajantes"},"content":{"rendered":"<p data-start=\"431\" data-end=\"498\"><strong data-start=\"431\" data-end=\"496\">Fr\u00e4sch och tropisk doft i hela bilen via ventilationssystemet<\/strong><\/p>\n<p data-start=\"500\" data-end=\"723\">Ge din bilinteri\u00f6r ett lyft med denna luftfr\u00e4schare fr\u00e5n Luxtar. Med en h\u00e4rlig doft av Tropical Fruit sprids en j\u00e4mn och behaglig arom i hela kup\u00e9n via bilens ventilationssystem \u2013 perfekt f\u00f6r en fr\u00e4sch och trivsam k\u00f6rmilj\u00f6.<\/p>\n<h2 data-section-id=\"1o1u08l\" data-start=\"725\" data-end=\"772\"><span role=\"text\"><strong data-start=\"728\" data-end=\"770\">Enkel montering och effektiv spridning<\/strong><\/span><\/h2>\n<p data-start=\"773\" data-end=\"990\">Luftfr\u00e4scharen f\u00e4sts smidigt direkt i ventilationsgallret, vilket g\u00f6r installationen snabb och enkel utan verktyg. N\u00e4r luften cirkulerar sprids doften effektivt i hela bilen, vilket ger en j\u00e4mn och l\u00e5ngvarig fr\u00e4sch\u00f6r.<\/p>\n<h2 data-section-id=\"1pmzg04\" data-start=\"992\" data-end=\"1033\"><span role=\"text\"><strong data-start=\"995\" data-end=\"1031\">Stilren design med premiumk\u00e4nsla<\/strong><\/span><\/h2>\n<p data-start=\"1034\" data-end=\"1235\">Den eleganta tr\u00e4designen tillsammans med Luxtar-loggan ger ett stilrent och exklusivt intryck i bilens interi\u00f6r. En perfekt kombination av funktion och design f\u00f6r dig som vill ha b\u00e5de doft och estetik.<\/p>","protected":false},"excerpt":{"rendered":"<p>Fr\u00e4scha upp bilen med en tropisk doft via ventilationssystemet. Stilren tr\u00e4design med Luxtar-logga och enkel montering i luftgallret f\u00f6r j\u00e4mn och behaglig doftspridning.<\/p>","protected":false},"featured_media":29029,"comment_status":"open","ping_status":"closed","template":"","meta":{"_acf_changed":false,"_smort_price_nok":"","_smort_price_dkk":"","_smort_price_eur":"","_smort_sale_price_nok":"","_smort_sale_price_dkk":"","_smort_sale_price_eur":"","smort_restorder":"","shipmondo_restorder":"","_kad_blocks_custom_css":"","_kad_blocks_head_custom_js":"","_kad_blocks_body_custom_js":"","_kad_blocks_footer_custom_js":"","smort_custom_pricelist_1":"109.2","smort_custom_pricelist_2":"109.2","smort_custom_pricelist_3":"101.4","smort_custom_pricelist_4":"156","smort_custom_pricelist_5":"109.2"},"anvandningsomrade":[],"bilmarken":[],"product_brand":[2235],"product_cat":[2986,2447,2991,378],"product_tag":[],"class_list":{"0":"post-29025","1":"product","2":"type-product","3":"status-publish","4":"has-post-thumbnail","6":"product_brand-meguiars-xenonkungen","7":"product_cat-bilvard-och-tillbehor","8":"product_cat-doft","9":"product_cat-luktborttagning-doft","10":"product_cat-bilvard","12":"first","13":"instock","14":"taxable","15":"shipping-taxable","16":"purchasable","17":"product-type-simple"},"bundled_by":[],"bundle_stock_status":"instock","bundle_stock_quantity":92,"bundle_virtual":false,"bundle_layout":"","bundle_add_to_cart_form_location":"","bundle_editable_in_cart":false,"bundle_sold_individually_context":"","bundle_item_grouping":"","bundle_min_size":"","bundle_max_size":"","bundle_price":[],"bundled_items":[],"bundle_sell_ids":[],"acf":[],"yoast_head":"<!-- This site is optimized with the Yoast SEO plugin v27.0 - https:\/\/yoast.com\/product\/yoast-seo-wordpress\/ -->\n<title>Luxtar AirJazz - Relaxing Tropical Fruits - Xenonkungen Luftfr\u00e4schare Ventilation Tropical Fruit Tr\u00e4design, Luxtar - Luxtar<\/title>\n<meta name=\"description\" content=\"K\u00f6p Luftfr\u00e4schare Ventilation Tropical Fruit Tr\u00e4design, Luxtar. Fr\u00e4sch tropisk doft via ventilationen. Snabb leverans. \u00d6ppet k\u00f6p 30 dagar. Handla enkelt p\u00e5 xenonkungen.com!\" \/>\n<meta name=\"robots\" content=\"index, follow, max-snippet:-1, max-image-preview:large, max-video-preview:-1\" \/>\n<link rel=\"canonical\" href=\"https:\/\/xenonkungen.com\/es\/producto\/luxtar-airjazz-relaxing-tropical-fruits\/\" \/>\n<meta property=\"og:locale\" content=\"es_ES\" \/>\n<meta property=\"og:type\" content=\"article\" \/>\n<meta property=\"og:title\" content=\"Luxtar AirJazz - Relaxing Tropical Fruits - Xenonkungen Luftfr\u00e4schare Ventilation Tropical Fruit Tr\u00e4design, Luxtar - Luxtar\" \/>\n<meta property=\"og:description\" content=\"K\u00f6p Luftfr\u00e4schare Ventilation Tropical Fruit Tr\u00e4design, Luxtar. Fr\u00e4sch tropisk doft via ventilationen. Snabb leverans. \u00d6ppet k\u00f6p 30 dagar. Handla enkelt p\u00e5 xenonkungen.com!\" \/>\n<meta property=\"og:url\" content=\"https:\/\/xenonkungen.com\/es\/producto\/luxtar-airjazz-relaxing-tropical-fruits\/\" \/>\n<meta property=\"og:site_name\" content=\"Xenonkungen\" \/>\n<meta property=\"article:modified_time\" content=\"2026-04-09T14:15:50+00:00\" \/>\n<meta property=\"og:image\" content=\"https:\/\/xenonkungen.com\/wp-content\/uploads\/2026\/04\/AIRJAZZ-LUXTAR-Relaxing-Tropical-Fruits-ArtNr8800-KZ261150-2000px-PNNG-1024x757.png\" \/>\n\t<meta property=\"og:image:width\" content=\"1024\" \/>\n\t<meta property=\"og:image:height\" content=\"757\" \/>\n\t<meta property=\"og:image:type\" content=\"image\/png\" \/>\n<meta name=\"twitter:card\" content=\"summary_large_image\" \/>\n<meta name=\"twitter:label1\" content=\"Tiempo de lectura\" \/>\n\t<meta name=\"twitter:data1\" content=\"1 minuto\" \/>\n<script type=\"application\/ld+json\" class=\"yoast-schema-graph\">{\"@context\":\"https:\/\/schema.org\",\"@graph\":[{\"@type\":\"WebPage\",\"@id\":\"https:\/\/xenonkungen.com\/produkt\/luxtar-airjazz-relaxing-tropical-fruits\/\",\"url\":\"https:\/\/xenonkungen.com\/produkt\/luxtar-airjazz-relaxing-tropical-fruits\/\",\"name\":\"Luxtar AirJazz - Relaxing Tropical Fruits - Xenonkungen Luftfr\u00e4schare Ventilation Tropical Fruit Tr\u00e4design, Luxtar - Luxtar\",\"isPartOf\":{\"@id\":\"https:\/\/xenonkungen.com\/#website\"},\"primaryImageOfPage\":{\"@id\":\"https:\/\/xenonkungen.com\/produkt\/luxtar-airjazz-relaxing-tropical-fruits\/#primaryimage\"},\"image\":{\"@id\":\"https:\/\/xenonkungen.com\/produkt\/luxtar-airjazz-relaxing-tropical-fruits\/#primaryimage\"},\"thumbnailUrl\":\"https:\/\/xenonkungen.com\/wp-content\/uploads\/2026\/04\/AIRJAZZ-LUXTAR-Relaxing-Tropical-Fruits-ArtNr8800-KZ261150-2000px-PNNG.png\",\"datePublished\":\"2026-04-09T12:05:36+00:00\",\"dateModified\":\"2026-04-09T14:15:50+00:00\",\"description\":\"K\u00f6p Luftfr\u00e4schare Ventilation Tropical Fruit Tr\u00e4design, Luxtar. Fr\u00e4sch tropisk doft via ventilationen. Snabb leverans. \u00d6ppet k\u00f6p 30 dagar. Handla enkelt p\u00e5 xenonkungen.com!\",\"breadcrumb\":{\"@id\":\"https:\/\/xenonkungen.com\/produkt\/luxtar-airjazz-relaxing-tropical-fruits\/#breadcrumb\"},\"inLanguage\":\"es\",\"potentialAction\":[{\"@type\":\"ReadAction\",\"target\":[\"https:\/\/xenonkungen.com\/produkt\/luxtar-airjazz-relaxing-tropical-fruits\/\"]}]},{\"@type\":\"ImageObject\",\"inLanguage\":\"es\",\"@id\":\"https:\/\/xenonkungen.com\/produkt\/luxtar-airjazz-relaxing-tropical-fruits\/#primaryimage\",\"url\":\"https:\/\/xenonkungen.com\/wp-content\/uploads\/2026\/04\/AIRJAZZ-LUXTAR-Relaxing-Tropical-Fruits-ArtNr8800-KZ261150-2000px-PNNG.png\",\"contentUrl\":\"https:\/\/xenonkungen.com\/wp-content\/uploads\/2026\/04\/AIRJAZZ-LUXTAR-Relaxing-Tropical-Fruits-ArtNr8800-KZ261150-2000px-PNNG.png\",\"width\":1800,\"height\":1330},{\"@type\":\"BreadcrumbList\",\"@id\":\"https:\/\/xenonkungen.com\/produkt\/luxtar-airjazz-relaxing-tropical-fruits\/#breadcrumb\",\"itemListElement\":[{\"@type\":\"ListItem\",\"position\":1,\"name\":\"Hem\",\"item\":\"https:\/\/xenonkungen.com\/\"},{\"@type\":\"ListItem\",\"position\":2,\"name\":\"Shop\",\"item\":\"https:\/\/xenonkungen.com\/shop\/\"},{\"@type\":\"ListItem\",\"position\":3,\"name\":\"Luxtar AirJazz &#8211; Relaxing Tropical Fruits\"}]},{\"@type\":\"WebSite\",\"@id\":\"https:\/\/xenonkungen.com\/#website\",\"url\":\"https:\/\/xenonkungen.com\/\",\"name\":\"Xenonkungen\",\"description\":\"\",\"potentialAction\":[{\"@type\":\"SearchAction\",\"target\":{\"@type\":\"EntryPoint\",\"urlTemplate\":\"https:\/\/xenonkungen.com\/?s={search_term_string}\"},\"query-input\":{\"@type\":\"PropertyValueSpecification\",\"valueRequired\":true,\"valueName\":\"search_term_string\"}}],\"inLanguage\":\"es\"}]}<\/script>\n<!-- \/ Yoast SEO plugin. -->","yoast_head_json":{"title":"Luxtar AirJazz - Relaxing Tropical Fruits - Xenonkungen Luftfr\u00e4schare Ventilation Tropical Fruit Tr\u00e4design, Luxtar - Luxtar","description":"K\u00f6p Luftfr\u00e4schare Ventilation Tropical Fruit Tr\u00e4design, Luxtar. Fr\u00e4sch tropisk doft via ventilationen. Snabb leverans. \u00d6ppet k\u00f6p 30 dagar. Handla enkelt p\u00e5 xenonkungen.com!","robots":{"index":"index","follow":"follow","max-snippet":"max-snippet:-1","max-image-preview":"max-image-preview:large","max-video-preview":"max-video-preview:-1"},"canonical":"https:\/\/xenonkungen.com\/es\/producto\/luxtar-airjazz-relaxing-tropical-fruits\/","og_locale":"es_ES","og_type":"article","og_title":"Luxtar AirJazz - Relaxing Tropical Fruits - Xenonkungen Luftfr\u00e4schare Ventilation Tropical Fruit Tr\u00e4design, Luxtar - Luxtar","og_description":"K\u00f6p Luftfr\u00e4schare Ventilation Tropical Fruit Tr\u00e4design, Luxtar. Fr\u00e4sch tropisk doft via ventilationen. Snabb leverans. \u00d6ppet k\u00f6p 30 dagar. Handla enkelt p\u00e5 xenonkungen.com!","og_url":"https:\/\/xenonkungen.com\/es\/producto\/luxtar-airjazz-relaxing-tropical-fruits\/","og_site_name":"Xenonkungen","article_modified_time":"2026-04-09T14:15:50+00:00","og_image":[{"width":1024,"height":757,"url":"https:\/\/xenonkungen.com\/wp-content\/uploads\/2026\/04\/AIRJAZZ-LUXTAR-Relaxing-Tropical-Fruits-ArtNr8800-KZ261150-2000px-PNNG-1024x757.png","type":"image\/png"}],"twitter_card":"summary_large_image","twitter_misc":{"Tiempo de lectura":"1 minuto"},"schema":{"@context":"https:\/\/schema.org","@graph":[{"@type":"WebPage","@id":"https:\/\/xenonkungen.com\/produkt\/luxtar-airjazz-relaxing-tropical-fruits\/","url":"https:\/\/xenonkungen.com\/produkt\/luxtar-airjazz-relaxing-tropical-fruits\/","name":"Luxtar AirJazz - Relaxing Tropical Fruits - Xenonkungen Luftfr\u00e4schare Ventilation Tropical Fruit Tr\u00e4design, Luxtar - Luxtar","isPartOf":{"@id":"https:\/\/xenonkungen.com\/#website"},"primaryImageOfPage":{"@id":"https:\/\/xenonkungen.com\/produkt\/luxtar-airjazz-relaxing-tropical-fruits\/#primaryimage"},"image":{"@id":"https:\/\/xenonkungen.com\/produkt\/luxtar-airjazz-relaxing-tropical-fruits\/#primaryimage"},"thumbnailUrl":"https:\/\/xenonkungen.com\/wp-content\/uploads\/2026\/04\/AIRJAZZ-LUXTAR-Relaxing-Tropical-Fruits-ArtNr8800-KZ261150-2000px-PNNG.png","datePublished":"2026-04-09T12:05:36+00:00","dateModified":"2026-04-09T14:15:50+00:00","description":"K\u00f6p Luftfr\u00e4schare Ventilation Tropical Fruit Tr\u00e4design, Luxtar. Fr\u00e4sch tropisk doft via ventilationen. Snabb leverans. \u00d6ppet k\u00f6p 30 dagar. Handla enkelt p\u00e5 xenonkungen.com!","breadcrumb":{"@id":"https:\/\/xenonkungen.com\/produkt\/luxtar-airjazz-relaxing-tropical-fruits\/#breadcrumb"},"inLanguage":"es","potentialAction":[{"@type":"ReadAction","target":["https:\/\/xenonkungen.com\/produkt\/luxtar-airjazz-relaxing-tropical-fruits\/"]}]},{"@type":"ImageObject","inLanguage":"es","@id":"https:\/\/xenonkungen.com\/produkt\/luxtar-airjazz-relaxing-tropical-fruits\/#primaryimage","url":"https:\/\/xenonkungen.com\/wp-content\/uploads\/2026\/04\/AIRJAZZ-LUXTAR-Relaxing-Tropical-Fruits-ArtNr8800-KZ261150-2000px-PNNG.png","contentUrl":"https:\/\/xenonkungen.com\/wp-content\/uploads\/2026\/04\/AIRJAZZ-LUXTAR-Relaxing-Tropical-Fruits-ArtNr8800-KZ261150-2000px-PNNG.png","width":1800,"height":1330},{"@type":"BreadcrumbList","@id":"https:\/\/xenonkungen.com\/produkt\/luxtar-airjazz-relaxing-tropical-fruits\/#breadcrumb","itemListElement":[{"@type":"ListItem","position":1,"name":"Hem","item":"https:\/\/xenonkungen.com\/"},{"@type":"ListItem","position":2,"name":"Shop","item":"https:\/\/xenonkungen.com\/shop\/"},{"@type":"ListItem","position":3,"name":"Luxtar AirJazz &#8211; Relaxing Tropical Fruits"}]},{"@type":"WebSite","@id":"https:\/\/xenonkungen.com\/#website","url":"https:\/\/xenonkungen.com\/","name":"Xenonkungen","description":"","potentialAction":[{"@type":"SearchAction","target":{"@type":"EntryPoint","urlTemplate":"https:\/\/xenonkungen.com\/?s={search_term_string}"},"query-input":{"@type":"PropertyValueSpecification","valueRequired":true,"valueName":"search_term_string"}}],"inLanguage":"es"}]}},"taxonomy_info":{"product_brand":[{"value":2235,"label":"Meguiar's , Xenonkungen"}],"product_cat":[{"value":2986,"label":"Bilv\u00e5rd &amp; Tillbeh\u00f6r"},{"value":2447,"label":"Doft"},{"value":2991,"label":"Luktborttagning \/ Doft"},{"value":378,"label":"Bilv\u00e5rd"}]},"featured_image_src_large":["https:\/\/xenonkungen.com\/wp-content\/uploads\/2026\/04\/AIRJAZZ-LUXTAR-Relaxing-Tropical-Fruits-ArtNr8800-KZ261150-2000px-PNNG-1024x757.png",1024,757,true],"author_info":[],"comment_info":0,"_links":{"self":[{"href":"https:\/\/xenonkungen.com\/es\/wp-json\/wp\/v2\/product\/29025","targetHints":{"allow":["GET"]}}],"collection":[{"href":"https:\/\/xenonkungen.com\/es\/wp-json\/wp\/v2\/product"}],"about":[{"href":"https:\/\/xenonkungen.com\/es\/wp-json\/wp\/v2\/types\/product"}],"replies":[{"embeddable":true,"href":"https:\/\/xenonkungen.com\/es\/wp-json\/wp\/v2\/comments?post=29025"}],"wp:featuredmedia":[{"embeddable":true,"href":"https:\/\/xenonkungen.com\/es\/wp-json\/wp\/v2\/media\/29029"}],"wp:attachment":[{"href":"https:\/\/xenonkungen.com\/es\/wp-json\/wp\/v2\/media?parent=29025"}],"wp:term":[{"taxonomy":"anvandningsomrade","embeddable":true,"href":"https:\/\/xenonkungen.com\/es\/wp-json\/wp\/v2\/anvandningsomrade?post=29025"},{"taxonomy":"bilmarken","embeddable":true,"href":"https:\/\/xenonkungen.com\/es\/wp-json\/wp\/v2\/bilmarken?post=29025"},{"taxonomy":"product_brand","embeddable":true,"href":"https:\/\/xenonkungen.com\/es\/wp-json\/wp\/v2\/product_brand?post=29025"},{"taxonomy":"product_cat","embeddable":true,"href":"https:\/\/xenonkungen.com\/es\/wp-json\/wp\/v2\/product_cat?post=29025"},{"taxonomy":"product_tag","embeddable":true,"href":"https:\/\/xenonkungen.com\/es\/wp-json\/wp\/v2\/product_tag?post=29025"}],"curies":[{"name":"wp","href":"https:\/\/api.w.org\/{rel}","templated":true}]}}